{"id":24444,"date":"2020-05-12T14:17:13","date_gmt":"2020-05-12T11:17:13","guid":{"rendered":"https:\/\/www.looduspood.ee\/?page_id=24444"},"modified":"2023-06-01T11:08:00","modified_gmt":"2023-06-01T08:08:00","slug":"makseviisid","status":"publish","type":"page","link":"https:\/\/www.looduspood.ee\/ru\/\u0441\u043f\u043e\u0441\u043e\u0431\u044b-\u043e\u043f\u043b\u0430\u0442\u044b\/","title":{"rendered":"\u0421\u043f\u043e\u0441\u043e\u0431\u044b \u043e\u043f\u043b\u0430\u0442\u044b"},"content":{"rendered":"<div data-elementor-type=\"wp-page\" data-elementor-id=\"24444\" class=\"elementor elementor-24444\" data-elementor-post-type=\"page\">\n\t\t\t\t\t\t<section class=\"elementor-section elementor-top-section elementor-element elementor-element-d69fbe7 elementor-section-stretched elementor-section-boxed elementor-section-height-default elementor-section-height-default\" data-id=\"d69fbe7\" data-element_type=\"section\" data-settings=\"{&quot;stretch_section&quot;:&quot;section-stretched&quot;,&quot;background_background&quot;:&quot;classic&quot;}\">\n\t\t\t\t\t\t<div class=\"elementor-container elementor-column-gap-default\">\n\t\t\t\t\t<div class=\"elementor-column elementor-col-100 elementor-top-column elementor-element elementor-element-083f044\" data-id=\"083f044\" data-element_type=\"column\">\n\t\t\t<div class=\"elementor-widget-wrap elementor-element-populated\">\n\t\t\t\t\t\t<div class=\"elementor-element elementor-element-6597037 elementor-widget elementor-widget-heading\" data-id=\"6597037\" data-element_type=\"widget\" data-widget_type=\"heading.default\">\n\t\t\t\t<div class=\"elementor-widget-container\">\n\t\t\t<style>\/*! elementor - v3.23.0 - 15-07-2024 *\/\n.elementor-heading-title{padding:0;margin:0;line-height:1}.elementor-widget-heading .elementor-heading-title[class*=elementor-size-]>a{color:inherit;font-size:inherit;line-height:inherit}.elementor-widget-heading .elementor-heading-title.elementor-size-small{font-size:15px}.elementor-widget-heading .elementor-heading-title.elementor-size-medium{font-size:19px}.elementor-widget-heading .elementor-heading-title.elementor-size-large{font-size:29px}.elementor-widget-heading .elementor-heading-title.elementor-size-xl{font-size:39px}.elementor-widget-heading .elementor-heading-title.elementor-size-xxl{font-size:59px}<\/style><h2 class=\"elementor-heading-title elementor-size-default\">\u0421\u043f\u043e\u0441\u043e\u0431\u044b \u043e\u043f\u043b\u0430\u0442\u044b<\/h2>\t\t<\/div>\n\t\t\t\t<\/div>\n\t\t\t\t<div class=\"elementor-element elementor-element-16670af elementor-widget elementor-widget-text-editor\" data-id=\"16670af\" data-element_type=\"widget\" data-widget_type=\"text-editor.default\">\n\t\t\t\t<div class=\"elementor-widget-container\">\n\t\t\t<style>\/*! elementor - v3.23.0 - 15-07-2024 *\/\n.elementor-widget-text-editor.elementor-drop-cap-view-stacked .elementor-drop-cap{background-color:#69727d;color:#fff}.elementor-widget-text-editor.elementor-drop-cap-view-framed .elementor-drop-cap{color:#69727d;border:3px solid;background-color:transparent}.elementor-widget-text-editor:not(.elementor-drop-cap-view-default) .elementor-drop-cap{margin-top:8px}.elementor-widget-text-editor:not(.elementor-drop-cap-view-default) .elementor-drop-cap-letter{width:1em;height:1em}.elementor-widget-text-editor .elementor-drop-cap{float:left;text-align:center;line-height:1;font-size:50px}.elementor-widget-text-editor .elementor-drop-cap-letter{display:inline-block}<\/style>\t\t\t\t\u0412\u044b \u043c\u043e\u0436\u0435\u0442\u0435 \u043e\u043f\u043b\u0430\u0442\u0438\u0442\u044c \u043f\u043e\u043a\u0443\u043f\u043a\u0438 \u0432 \u0438\u043d\u0442\u0435\u0440\u043d\u0435\u0442-\u043c\u0430\u0433\u0430\u0437\u0438\u043d\u0435 Looduspood.ee \u0447\u0435\u0440\u0435\u0437 \u0431\u0430\u043d\u043a\u043e\u0432\u0441\u043a\u0438\u0435 \u0443\u0441\u043b\u0443\u0433\u0438 Paysera (Swedbank, SEB, Nordea, Dankse, LHV \u0438 Krediidipank) \u0438\u043b\u0438 \u0441 \u043f\u043e\u043c\u043e\u0449\u044c\u044e PayPal.\n<br>\n\u041c\u0430\u0433\u0430\u0437\u0438\u043d \"\u041f\u0440\u0438\u0440\u043e\u0434\u0430\" \u0446\u0435\u043d\u0438\u0442 \u0432\u0430\u0448\u0435 \u0434\u043e\u0432\u0435\u0440\u0438\u0435. \u041f\u043e\u044d\u0442\u043e\u043c\u0443 \u0432\u044b \u043c\u043e\u0436\u0435\u0442\u0435 \u0431\u044b\u0442\u044c \u0443\u0432\u0435\u0440\u0435\u043d\u044b, \u0447\u0442\u043e \u0432\u0430\u0448\u0430 \u043b\u0438\u0447\u043d\u0430\u044f \u0438\u043d\u0444\u043e\u0440\u043c\u0430\u0446\u0438\u044f \u043d\u0430\u0445\u043e\u0434\u0438\u0442\u0441\u044f \u0432 \u0431\u0435\u0437\u043e\u043f\u0430\u0441\u043d\u043e\u0441\u0442\u0438. \u0427\u0442\u043e\u0431\u044b \u043f\u0440\u0435\u0434\u043e\u0442\u0432\u0440\u0430\u0442\u0438\u0442\u044c \u043c\u043e\u0448\u0435\u043d\u043d\u0438\u0447\u0435\u0441\u043a\u0438\u0435 \u043f\u0435\u0440\u0435\u0432\u043e\u0434\u044b, \u0432\u0441\u0435 \u043f\u043e\u043b\u044c\u0437\u043e\u0432\u0430\u0442\u0435\u043b\u0438 \u0434\u0435\u0431\u0435\u0442\u043e\u0432\u044b\u0445 \u0438 \u043a\u0440\u0435\u0434\u0438\u0442\u043d\u044b\u0445 \u043a\u0430\u0440\u0442 \u0438\u0434\u0435\u043d\u0442\u0438\u0444\u0438\u0446\u0438\u0440\u0443\u044e\u0442\u0441\u044f \u0438 \u043f\u0440\u043e\u0432\u0435\u0440\u044f\u044e\u0442\u0441\u044f \u043a\u0430\u043a \u043d\u0430\u043c\u0438, \u0442\u0430\u043a \u0438 \u044d\u043c\u0438\u0442\u0435\u043d\u0442\u0430\u043c\u0438 \u043a\u0430\u0440\u0442.\t\t\t\t\t\t<\/div>\n\t\t\t\t<\/div>\n\t\t\t\t<div class=\"elementor-element elementor-element-9c56a3f elementor-widget elementor-widget-spacer\" data-id=\"9c56a3f\" data-element_type=\"widget\" data-widget_type=\"spacer.default\">\n\t\t\t\t<div class=\"elementor-widget-container\">\n\t\t\t<style>\/*! elementor - v3.23.0 - 15-07-2024 *\/\n.elementor-column .elementor-spacer-inner{height:var(--spacer-size)}.e-con{--container-widget-width:100%}.e-con-inner>.elementor-widget-spacer,.e-con>.elementor-widget-spacer{width:var(--container-widget-width,var(--spacer-size));--align-self:var(--container-widget-align-self,initial);--flex-shrink:0}.e-con-inner>.elementor-widget-spacer>.elementor-widget-container,.e-con>.elementor-widget-spacer>.elementor-widget-container{height:100%;width:100%}.e-con-inner>.elementor-widget-spacer>.elementor-widget-container>.elementor-spacer,.e-con>.elementor-widget-spacer>.elementor-widget-container>.elementor-spacer{height:100%}.e-con-inner>.elementor-widget-spacer>.elementor-widget-container>.elementor-spacer>.elementor-spacer-inner,.e-con>.elementor-widget-spacer>.elementor-widget-container>.elementor-spacer>.elementor-spacer-inner{height:var(--container-widget-height,var(--spacer-size))}.e-con-inner>.elementor-widget-spacer.elementor-widget-empty,.e-con>.elementor-widget-spacer.elementor-widget-empty{position:relative;min-height:22px;min-width:22px}.e-con-inner>.elementor-widget-spacer.elementor-widget-empty .elementor-widget-empty-icon,.e-con>.elementor-widget-spacer.elementor-widget-empty .elementor-widget-empty-icon{position:absolute;top:0;bottom:0;left:0;right:0;margin:auto;padding:0;width:22px;height:22px}<\/style>\t\t<div class=\"elementor-spacer\">\n\t\t\t<div class=\"elementor-spacer-inner\"><\/div>\n\t\t<\/div>\n\t\t\t\t<\/div>\n\t\t\t\t<\/div>\n\t\t\t\t\t<\/div>\n\t\t<\/div>\n\t\t\t\t\t<\/div>\n\t\t<\/section>\n\t\t\t\t<\/div>","protected":false},"excerpt":{"rendered":"<p>Makseviisid Looduspood.ee veebipoes saate ostude eest tasuda l\u00e4bi Paysera pangalingi (Swedbank, SEB, Nordea, Dankse, LHV ja Krediidipank) v\u00f5i kasutades PayPal-i teenust. Looduspood hindab k\u00f5rgelt Teie usaldust. Seet\u00f5ttu v\u00f5ite kindlad olla, et Teie isiklikud andmed on meie juures turvaliselt hoitud. \u00dclekannetega seonduvate pettuste v\u00e4ltimiseks tuvastatakse ja kontrollitakse k\u00f5iki deebet-ja krediitkaartide kasutajaid nii meie kui ka kaartide [&hellip;]<\/p>","protected":false},"author":1,"featured_media":0,"parent":0,"menu_order":0,"comment_status":"closed","ping_status":"closed","template":"","meta":{"_acf_changed":false,"footnotes":""},"class_list":["post-24444","page","type-page","status-publish","hentry"],"acf":[],"yoast_head":"<!-- This site is optimized with the Yoast SEO plugin v23.0 - https:\/\/yoast.com\/wordpress\/plugins\/seo\/ -->\n<title>Makseviisid &#8226; Looduspood<\/title>\n<meta name=\"robots\" content=\"index, follow, max-snippet:-1, max-image-preview:large, max-video-preview:-1\" \/>\n<link rel=\"canonical\" href=\"https:\/\/www.looduspood.ee\/ru\/\u0441\u043f\u043e\u0441\u043e\u0431\u044b-\u043e\u043f\u043b\u0430\u0442\u044b\/\" \/>\n<meta property=\"og:locale\" content=\"ru_RU\" \/>\n<meta property=\"og:type\" content=\"article\" \/>\n<meta property=\"og:title\" content=\"Makseviisid &#8226; Looduspood\" \/>\n<meta property=\"og:description\" content=\"Makseviisid Looduspood.ee veebipoes saate ostude eest tasuda l\u00e4bi Paysera pangalingi (Swedbank, SEB, Nordea, Dankse, LHV ja Krediidipank) v\u00f5i kasutades PayPal-i teenust. Looduspood hindab k\u00f5rgelt Teie usaldust. Seet\u00f5ttu v\u00f5ite kindlad olla, et Teie isiklikud andmed on meie juures turvaliselt hoitud. \u00dclekannetega seonduvate pettuste v\u00e4ltimiseks tuvastatakse ja kontrollitakse k\u00f5iki deebet-ja krediitkaartide kasutajaid nii meie kui ka kaartide [&hellip;]\" \/>\n<meta property=\"og:url\" content=\"https:\/\/www.looduspood.ee\/ru\/\u0441\u043f\u043e\u0441\u043e\u0431\u044b-\u043e\u043f\u043b\u0430\u0442\u044b\/\" \/>\n<meta property=\"og:site_name\" content=\"Looduspood\" \/>\n<meta property=\"article:publisher\" content=\"https:\/\/www.facebook.com\/Looduspood-2064766730406653\/\" \/>\n<meta property=\"article:modified_time\" content=\"2023-06-01T08:08:00+00:00\" \/>\n<meta name=\"twitter:card\" content=\"summary_large_image\" \/>\n<script type=\"application\/ld+json\" class=\"yoast-schema-graph\">{\"@context\":\"https:\/\/schema.org\",\"@graph\":[{\"@type\":\"WebPage\",\"@id\":\"https:\/\/www.looduspood.ee\/makseviisid\/\",\"url\":\"https:\/\/www.looduspood.ee\/makseviisid\/\",\"name\":\"Makseviisid &#8226; Looduspood\",\"isPartOf\":{\"@id\":\"https:\/\/www.looduspood.ee\/#website\"},\"datePublished\":\"2020-05-12T11:17:13+00:00\",\"dateModified\":\"2023-06-01T08:08:00+00:00\",\"breadcrumb\":{\"@id\":\"https:\/\/www.looduspood.ee\/makseviisid\/#breadcrumb\"},\"inLanguage\":\"ru-RU\",\"potentialAction\":[{\"@type\":\"ReadAction\",\"target\":[\"https:\/\/www.looduspood.ee\/makseviisid\/\"]}]},{\"@type\":\"BreadcrumbList\",\"@id\":\"https:\/\/www.looduspood.ee\/makseviisid\/#breadcrumb\",\"itemListElement\":[{\"@type\":\"ListItem\",\"position\":1,\"name\":\"Home\",\"item\":\"https:\/\/www.looduspood.ee\/\"},{\"@type\":\"ListItem\",\"position\":2,\"name\":\"Makseviisid\"}]},{\"@type\":\"WebSite\",\"@id\":\"https:\/\/www.looduspood.ee\/#website\",\"url\":\"https:\/\/www.looduspood.ee\/\",\"name\":\"Looduspood\",\"description\":\"Looduspood\",\"publisher\":{\"@id\":\"https:\/\/www.looduspood.ee\/#organization\"},\"potentialAction\":[{\"@type\":\"SearchAction\",\"target\":{\"@type\":\"EntryPoint\",\"urlTemplate\":\"https:\/\/www.looduspood.ee\/?s={search_term_string}\"},\"query-input\":\"required name=search_term_string\"}],\"inLanguage\":\"ru-RU\"},{\"@type\":\"Organization\",\"@id\":\"https:\/\/www.looduspood.ee\/#organization\",\"name\":\"Looduspood\",\"url\":\"https:\/\/www.looduspood.ee\/\",\"logo\":{\"@type\":\"ImageObject\",\"inLanguage\":\"ru-RU\",\"@id\":\"https:\/\/www.looduspood.ee\/#\/schema\/logo\/image\/\",\"url\":\"https:\/\/www.looduspood.ee\/wp-content\/uploads\/2019\/07\/morkva-1.png\",\"contentUrl\":\"https:\/\/www.looduspood.ee\/wp-content\/uploads\/2019\/07\/morkva-1.png\",\"width\":258,\"height\":162,\"caption\":\"Looduspood\"},\"image\":{\"@id\":\"https:\/\/www.looduspood.ee\/#\/schema\/logo\/image\/\"},\"sameAs\":[\"https:\/\/www.facebook.com\/Looduspood-2064766730406653\/\",\"https:\/\/www.youtube.com\/channel\/UCGxI8Tgkgvwn7Q9U8Qh6UgA?view_as=subscriber\"]}]}<\/script>\n<!-- \/ Yoast SEO plugin. -->","yoast_head_json":{"title":"Makseviisid &#8226; Looduspood","robots":{"index":"index","follow":"follow","max-snippet":"max-snippet:-1","max-image-preview":"max-image-preview:large","max-video-preview":"max-video-preview:-1"},"canonical":"https:\/\/www.looduspood.ee\/ru\/\u0441\u043f\u043e\u0441\u043e\u0431\u044b-\u043e\u043f\u043b\u0430\u0442\u044b\/","og_locale":"ru_RU","og_type":"article","og_title":"Makseviisid &#8226; Looduspood","og_description":"Makseviisid Looduspood.ee veebipoes saate ostude eest tasuda l\u00e4bi Paysera pangalingi (Swedbank, SEB, Nordea, Dankse, LHV ja Krediidipank) v\u00f5i kasutades PayPal-i teenust. Looduspood hindab k\u00f5rgelt Teie usaldust. Seet\u00f5ttu v\u00f5ite kindlad olla, et Teie isiklikud andmed on meie juures turvaliselt hoitud. \u00dclekannetega seonduvate pettuste v\u00e4ltimiseks tuvastatakse ja kontrollitakse k\u00f5iki deebet-ja krediitkaartide kasutajaid nii meie kui ka kaartide [&hellip;]","og_url":"https:\/\/www.looduspood.ee\/ru\/\u0441\u043f\u043e\u0441\u043e\u0431\u044b-\u043e\u043f\u043b\u0430\u0442\u044b\/","og_site_name":"Looduspood","article_publisher":"https:\/\/www.facebook.com\/Looduspood-2064766730406653\/","article_modified_time":"2023-06-01T08:08:00+00:00","twitter_card":"summary_large_image","schema":{"@context":"https:\/\/schema.org","@graph":[{"@type":"WebPage","@id":"https:\/\/www.looduspood.ee\/makseviisid\/","url":"https:\/\/www.looduspood.ee\/makseviisid\/","name":"Makseviisid &#8226; Looduspood","isPartOf":{"@id":"https:\/\/www.looduspood.ee\/#website"},"datePublished":"2020-05-12T11:17:13+00:00","dateModified":"2023-06-01T08:08:00+00:00","breadcrumb":{"@id":"https:\/\/www.looduspood.ee\/makseviisid\/#breadcrumb"},"inLanguage":"ru-RU","potentialAction":[{"@type":"ReadAction","target":["https:\/\/www.looduspood.ee\/makseviisid\/"]}]},{"@type":"BreadcrumbList","@id":"https:\/\/www.looduspood.ee\/makseviisid\/#breadcrumb","itemListElement":[{"@type":"ListItem","position":1,"name":"Home","item":"https:\/\/www.looduspood.ee\/"},{"@type":"ListItem","position":2,"name":"Makseviisid"}]},{"@type":"WebSite","@id":"https:\/\/www.looduspood.ee\/#website","url":"https:\/\/www.looduspood.ee\/","name":"Looduspood","description":"Looduspood","publisher":{"@id":"https:\/\/www.looduspood.ee\/#organization"},"potentialAction":[{"@type":"SearchAction","target":{"@type":"EntryPoint","urlTemplate":"https:\/\/www.looduspood.ee\/?s={search_term_string}"},"query-input":"required name=search_term_string"}],"inLanguage":"ru-RU"},{"@type":"Organization","@id":"https:\/\/www.looduspood.ee\/#organization","name":"Looduspood","url":"https:\/\/www.looduspood.ee\/","logo":{"@type":"ImageObject","inLanguage":"ru-RU","@id":"https:\/\/www.looduspood.ee\/#\/schema\/logo\/image\/","url":"https:\/\/www.looduspood.ee\/wp-content\/uploads\/2019\/07\/morkva-1.png","contentUrl":"https:\/\/www.looduspood.ee\/wp-content\/uploads\/2019\/07\/morkva-1.png","width":258,"height":162,"caption":"Looduspood"},"image":{"@id":"https:\/\/www.looduspood.ee\/#\/schema\/logo\/image\/"},"sameAs":["https:\/\/www.facebook.com\/Looduspood-2064766730406653\/","https:\/\/www.youtube.com\/channel\/UCGxI8Tgkgvwn7Q9U8Qh6UgA?view_as=subscriber"]}]}},"_links":{"self":[{"href":"https:\/\/www.looduspood.ee\/ru\/wp-json\/wp\/v2\/pages\/24444"}],"collection":[{"href":"https:\/\/www.looduspood.ee\/ru\/wp-json\/wp\/v2\/pages"}],"about":[{"href":"https:\/\/www.looduspood.ee\/ru\/wp-json\/wp\/v2\/types\/page"}],"author":[{"embeddable":true,"href":"https:\/\/www.looduspood.ee\/ru\/wp-json\/wp\/v2\/users\/1"}],"replies":[{"embeddable":true,"href":"https:\/\/www.looduspood.ee\/ru\/wp-json\/wp\/v2\/comments?post=24444"}],"version-history":[{"count":0,"href":"https:\/\/www.looduspood.ee\/ru\/wp-json\/wp\/v2\/pages\/24444\/revisions"}],"wp:attachment":[{"href":"https:\/\/www.looduspood.ee\/ru\/wp-json\/wp\/v2\/media?parent=24444"}],"curies":[{"name":"wp","href":"https:\/\/api.w.org\/{rel}","templated":true}]}}