{"id":5789,"date":"2019-09-13T22:19:50","date_gmt":"2019-09-13T19:19:50","guid":{"rendered":"https:\/\/www.looduspood.ee\/?page_id=5789"},"modified":"2020-07-16T19:16:34","modified_gmt":"2020-07-16T16:16:34","slug":"tahke-sampoon","status":"publish","type":"page","link":"https:\/\/www.looduspood.ee\/ru\/\u0442\u0432\u0451\u0440\u0434\u044b\u0439-\u0448\u0430\u043c\u043f\u0443\u043d\u044c\/","title":{"rendered":"\u0422\u0432\u0435\u0440\u0434\u044b\u0435 \u0448\u0430\u043c\u043f\u0443\u043d\u0438"},"content":{"rendered":"<div data-elementor-type=\"wp-post\" data-elementor-id=\"5789\" class=\"elementor elementor-5789\" data-elementor-post-type=\"page\">\n\t\t\t\t\t\t<section class=\"elementor-section elementor-top-section elementor-element elementor-element-849b972 elementor-section-stretched elementor-section-boxed elementor-section-height-default elementor-section-height-default\" data-id=\"849b972\" data-element_type=\"section\" data-settings=\"{&quot;stretch_section&quot;:&quot;section-stretched&quot;,&quot;background_background&quot;:&quot;classic&quot;}\">\n\t\t\t\t\t\t<div class=\"elementor-container elementor-column-gap-default\">\n\t\t\t\t\t<div class=\"elementor-column elementor-col-100 elementor-top-column elementor-element elementor-element-a91ae0e\" data-id=\"a91ae0e\" data-element_type=\"column\">\n\t\t\t<div class=\"elementor-widget-wrap elementor-element-populated\">\n\t\t\t\t\t\t<div class=\"elementor-element elementor-element-23f4953 elementor-widget elementor-widget-image\" data-id=\"23f4953\" data-element_type=\"widget\" data-widget_type=\"image.default\">\n\t\t\t\t<div class=\"elementor-widget-container\">\n\t\t\t<style>\/*! elementor - v3.23.0 - 15-07-2024 *\/\n.elementor-widget-image{text-align:center}.elementor-widget-image a{display:inline-block}.elementor-widget-image a img[src$=\".svg\"]{width:48px}.elementor-widget-image img{vertical-align:middle;display:inline-block}<\/style>\t\t\t\t\t\t\t\t\t\t<img fetchpriority=\"high\" decoding=\"async\" width=\"1800\" height=\"450\" src=\"https:\/\/www.looduspood.ee\/wp-content\/uploads\/2019\/09\/123wampuni-jpg.avif\" class=\"attachment-full size-full wp-image-5919\" alt=\"\" srcset=\"https:\/\/www.looduspood.ee\/wp-content\/uploads\/2019\/09\/123wampuni-jpg.avif 1800w, https:\/\/www.looduspood.ee\/wp-content\/uploads\/2019\/09\/123wampuni-600x150.jpg 600w, https:\/\/www.looduspood.ee\/wp-content\/uploads\/2019\/09\/123wampuni-300x75.jpg 300w, https:\/\/www.looduspood.ee\/wp-content\/uploads\/2019\/09\/123wampuni-768x192.jpg 768w, https:\/\/www.looduspood.ee\/wp-content\/uploads\/2019\/09\/123wampuni-1024x256.jpg 1024w\" sizes=\"(max-width: 1800px) 100vw, 1800px\" \/>\t\t\t\t\t\t\t\t\t\t\t\t\t<\/div>\n\t\t\t\t<\/div>\n\t\t\t\t<div class=\"elementor-element elementor-element-fc5e914 elementor-widget elementor-widget-heading\" data-id=\"fc5e914\" data-element_type=\"widget\" data-widget_type=\"heading.default\">\n\t\t\t\t<div class=\"elementor-widget-container\">\n\t\t\t<style>\/*! elementor - v3.23.0 - 15-07-2024 *\/\n.elementor-heading-title{padding:0;margin:0;line-height:1}.elementor-widget-heading .elementor-heading-title[class*=elementor-size-]>a{color:inherit;font-size:inherit;line-height:inherit}.elementor-widget-heading .elementor-heading-title.elementor-size-small{font-size:15px}.elementor-widget-heading .elementor-heading-title.elementor-size-medium{font-size:19px}.elementor-widget-heading .elementor-heading-title.elementor-size-large{font-size:29px}.elementor-widget-heading .elementor-heading-title.elementor-size-xl{font-size:39px}.elementor-widget-heading .elementor-heading-title.elementor-size-xxl{font-size:59px}<\/style><h1 class=\"elementor-heading-title elementor-size-default\">\u0422\u0432\u0435\u0440\u0434\u044b\u0435 \u0448\u0430\u043c\u043f\u0443\u043d\u0438\n<\/h1>\t\t<\/div>\n\t\t\t\t<\/div>\n\t\t\t\t<div class=\"elementor-element elementor-element-8f5d354 elementor-widget elementor-widget-text-editor\" data-id=\"8f5d354\" data-element_type=\"widget\" data-widget_type=\"text-editor.default\">\n\t\t\t\t<div class=\"elementor-widget-container\">\n\t\t\t<style>\/*! elementor - v3.23.0 - 15-07-2024 *\/\n.elementor-widget-text-editor.elementor-drop-cap-view-stacked .elementor-drop-cap{background-color:#69727d;color:#fff}.elementor-widget-text-editor.elementor-drop-cap-view-framed .elementor-drop-cap{color:#69727d;border:3px solid;background-color:transparent}.elementor-widget-text-editor:not(.elementor-drop-cap-view-default) .elementor-drop-cap{margin-top:8px}.elementor-widget-text-editor:not(.elementor-drop-cap-view-default) .elementor-drop-cap-letter{width:1em;height:1em}.elementor-widget-text-editor .elementor-drop-cap{float:left;text-align:center;line-height:1;font-size:50px}.elementor-widget-text-editor .elementor-drop-cap-letter{display:inline-block}<\/style>\t\t\t\t\u0422\u0432\u0435\u0440\u0434\u044b\u0435 \u0448\u0430\u043c\u043f\u0443\u043d\u0438 \u0441\u043e\u0434\u0435\u0440\u0436\u0430\u0442 \u0440\u0430\u0441\u0442\u0438\u0442\u0435\u043b\u044c\u043d\u044b\u0435 \u044d\u043a\u0441\u0442\u0440\u0430\u043a\u0442\u044b, \u044d\u0444\u0438\u0440\u043d\u044b\u0435 \u043c\u0430\u0441\u043b\u0430, \u043b\u0435\u0447\u0435\u0431\u043d\u044b\u0435 \u0433\u0440\u044f\u0437\u0438 \u0438 \u043d\u0430\u0442\u0443\u0440\u0430\u043b\u044c\u043d\u044b\u0435 \u043a\u0438\u0441\u043b\u043e\u0442\u044b. \u0412\u0441\u043f\u0435\u043d\u0438\u0432\u0430\u044e\u0449\u0438\u0439 \u044d\u0444\u0444\u0435\u043a\u0442 \u0434\u043e\u0441\u0442\u0438\u0433\u0430\u0435\u0442\u0441\u044f \u0437\u0430 \u0441\u0447\u0435\u0442 \u0434\u043e\u0431\u0430\u0432\u043b\u0435\u043d\u0438\u044f \u043a\u043e-\u0441\u0443\u043b\u044c\u0444\u0430\u0442\u0430 \u043d\u0430\u0442\u0440\u0438\u044f - \u0430\u043d\u0438\u043e\u043d\u043d\u043e\u0433\u043e \u041f\u0410\u0412, \u043f\u043e\u043b\u0443\u0447\u0430\u0435\u043c\u043e\u0433\u043e \u043f\u0440\u0438 \u044d\u043a\u0441\u0442\u0440\u0430\u043a\u0446\u0438\u0438 \u043a\u043e\u043a\u043e\u0441\u043e\u0432\u043e\u0433\u043e \u043c\u0430\u0441\u043b\u0430. \u042d\u0442\u043e \u0432\u0435\u0449\u0435\u0441\u0442\u0432\u043e, \u0432 \u043e\u0442\u043b\u0438\u0447\u0438\u0435 \u043e\u0442 \u0441\u0432\u043e\u0435\u0433\u043e \u0434\u0430\u043b\u044c\u043d\u0435\u0433\u043e \u0440\u043e\u0434\u0441\u0442\u0432\u0435\u043d\u043d\u0438\u043a\u0430 - \u043b\u0430\u0443\u0440\u0438\u043b\u0441\u0443\u043b\u044c\u0444\u0430\u0442\u0430 \u043d\u0430\u0442\u0440\u0438\u044f, <strong>\u043c\u044f\u0433\u043a\u043e \u043e\u0447\u0438\u0449\u0430\u0435\u0442 \u0432\u043e\u043b\u043e\u0441\u044b, \u043d\u0435 \u0440\u0430\u0437\u0440\u0443\u0448\u0430\u044f \u0438\u0445 \u0441\u0442\u0440\u0443\u043a\u0442\u0443\u0440\u0443<\/strong>. \u041f\u043e\u044d\u0442\u043e\u043c\u0443 \u0442\u0432\u0435\u0440\u0434\u044b\u0435 \u0448\u0430\u043c\u043f\u0443\u043d\u0438 \u043d\u0435 \u043f\u043e\u0432\u0440\u0435\u0436\u0434\u0430\u044e\u0442 \u0432\u043e\u043b\u043e\u0441\u044b, <strong>\u043d\u043e \u0438 \u043d\u0430\u0441\u044b\u0449\u0430\u044e\u0442 \u0438\u0445 \u043f\u043e\u043b\u0435\u0437\u043d\u044b\u043c\u0438 \u043c\u0438\u043a\u0440\u043e\u044d\u043b\u0435\u043c\u0435\u043d\u0442\u0430\u043c\u0438, \u043f\u0440\u0438\u0434\u0430\u0432\u0430\u044f \u0438\u043c \u0441\u0438\u043b\u0443 \u0438 \u0437\u0434\u043e\u0440\u043e\u0432\u044b\u0439 \u0431\u043b\u0435\u0441\u043a.<\/strong>.\n\t\t\t\t\t\t<\/div>\n\t\t\t\t<\/div>\n\t\t\t\t\t<\/div>\n\t\t<\/div>\n\t\t\t\t\t<\/div>\n\t\t<\/section>\n\t\t\t\t<section class=\"elementor-section elementor-top-section elementor-element elementor-element-04a2376 elementor-section-stretched elementor-section-boxed elementor-section-height-default elementor-section-height-default\" data-id=\"04a2376\" data-element_type=\"section\" data-settings=\"{&quot;stretch_section&quot;:&quot;section-stretched&quot;,&quot;background_background&quot;:&quot;classic&quot;}\">\n\t\t\t\t\t\t<div class=\"elementor-container elementor-column-gap-default\">\n\t\t\t\t\t<div class=\"elementor-column elementor-col-100 elementor-top-column elementor-element elementor-element-5a1b29d\" data-id=\"5a1b29d\" data-element_type=\"column\">\n\t\t\t<div class=\"elementor-widget-wrap elementor-element-populated\">\n\t\t\t\t\t\t<div class=\"elementor-element elementor-element-b04c978 elementor-widget elementor-widget-heading\" data-id=\"b04c978\" data-element_type=\"widget\" data-widget_type=\"heading.default\">\n\t\t\t\t<div class=\"elementor-widget-container\">\n\t\t\t<p class=\"elementor-heading-title elementor-size-default\">\u041f\u0420\u0415\u0418\u041c\u0423\u0429\u0415\u0421\u0422\u0412\u0410 \u0422\u0412\u0415\u0420\u0414\u041e\u0413\u041e \u0428\u0410\u041c\u041f\u0423\u041d\u042f \u041f\u0415\u0420\u0415\u0414 \u041e\u0411\u042b\u0427\u041d\u042b\u041c:\n\n\n<\/p>\t\t<\/div>\n\t\t\t\t<\/div>\n\t\t\t\t<section class=\"elementor-section elementor-inner-section elementor-element elementor-element-7c0259b elementor-section-full_width elementor-section-height-default elementor-section-height-default\" data-id=\"7c0259b\" data-element_type=\"section\">\n\t\t\t\t\t\t<div class=\"elementor-container elementor-column-gap-no\">\n\t\t\t\t\t<div class=\"elementor-column elementor-col-100 elementor-inner-column elementor-element elementor-element-3c31e17\" data-id=\"3c31e17\" data-element_type=\"column\">\n\t\t\t<div class=\"elementor-widget-wrap elementor-element-populated\">\n\t\t\t\t\t\t<div class=\"elementor-element elementor-element-ad8209d elementor-icon-list--layout-traditional elementor-list-item-link-full_width elementor-widget elementor-widget-icon-list\" data-id=\"ad8209d\" data-element_type=\"widget\" data-widget_type=\"icon-list.default\">\n\t\t\t\t<div class=\"elementor-widget-container\">\n\t\t\t<link rel=\"stylesheet\" href=\"https:\/\/www.looduspood.ee\/wp-content\/plugins\/elementor\/assets\/css\/widget-icon-list.min.css\">\t\t<ul class=\"elementor-icon-list-items\">\n\t\t\t\t\t\t\t<li class=\"elementor-icon-list-item\">\n\t\t\t\t\t\t\t\t\t\t\t<span class=\"elementor-icon-list-icon\">\n\t\t\t\t\t\t\t\t\t\t\t\t\t\t\t\t<i class=\"fa fa-chevron-right\" aria-hidden=\"true\"><\/i>\n\t\t\t\t\t\t\t\t\t\t\t\t\t<\/span>\n\t\t\t\t\t\t\t\t\t\t<span class=\"elementor-icon-list-text\">\u041d\u0430\u0442\u0443\u0440\u0430\u043b\u044c\u043d\u044b\u0439 \u043f\u0440\u043e\u0434\u0443\u043a\u0442, \u043a\u043e\u0442\u043e\u0440\u044b\u0439 \u043c\u044f\u0433\u043a\u043e \u043e\u0447\u0438\u0449\u0430\u0435\u0442 \u0432\u043e\u043b\u043e\u0441\u044b, \u043d\u0435 \u0440\u0430\u0437\u0440\u0443\u0448\u0430\u044f \u0438\u0445 \u0441\u0442\u0440\u0443\u043a\u0442\u0443\u0440\u0443;<\/span>\n\t\t\t\t\t\t\t\t\t<\/li>\n\t\t\t\t\t\t\t\t<li class=\"elementor-icon-list-item\">\n\t\t\t\t\t\t\t\t\t\t\t<span class=\"elementor-icon-list-icon\">\n\t\t\t\t\t\t\t\t\t\t\t\t\t\t\t\t<i class=\"fa fa-chevron-right\" aria-hidden=\"true\"><\/i>\n\t\t\t\t\t\t\t\t\t\t\t\t\t<\/span>\n\t\t\t\t\t\t\t\t\t\t<span class=\"elementor-icon-list-text\">\u042d\u0444\u0438\u0440\u043d\u044b\u0435 \u043c\u0430\u0441\u043b\u0430 \u043f\u0440\u0438\u0434\u0430\u044e\u0442 \u0432\u043e\u043b\u043e\u0441\u0430\u043c \u0434\u043b\u0438\u0442\u0435\u043b\u044c\u043d\u044b\u0439 \u0438 \u043f\u0440\u0438\u044f\u0442\u043d\u044b\u0439 \u0430\u0440\u043e\u043c\u0430\u0442;<\/span>\n\t\t\t\t\t\t\t\t\t<\/li>\n\t\t\t\t\t\t\t\t<li class=\"elementor-icon-list-item\">\n\t\t\t\t\t\t\t\t\t\t\t<span class=\"elementor-icon-list-icon\">\n\t\t\t\t\t\t\t\t\t\t\t\t\t\t\t\t<i class=\"fa fa-chevron-right\" aria-hidden=\"true\"><\/i>\n\t\t\t\t\t\t\t\t\t\t\t\t\t<\/span>\n\t\t\t\t\t\t\t\t\t\t<span class=\"elementor-icon-list-text\">\u042d\u043a\u043e\u043d\u043e\u043c\u0438\u0447\u043d\u043e\u0441\u0442\u044c. \u0414\u043b\u044f \u043f\u043e\u043b\u0443\u0447\u0435\u043d\u0438\u044f \u043e\u0431\u0438\u043b\u044c\u043d\u043e\u0439 \u043f\u0435\u043d\u044b \u0434\u043e\u0441\u0442\u0430\u0442\u043e\u0447\u043d\u043e 2-3 \u0440\u0430\u0437\u0430 \u043f\u0440\u043e\u0432\u0435\u0441\u0442\u0438 \u0442\u0432\u0435\u0440\u0434\u044b\u043c \u0448\u0430\u043c\u043f\u0443\u043d\u0435\u043c \u043f\u043e \u0432\u043b\u0430\u0436\u043d\u044b\u043c \u0432\u043e\u043b\u043e\u0441\u0430\u043c;<\/span>\n\t\t\t\t\t\t\t\t\t<\/li>\n\t\t\t\t\t\t\t\t<li class=\"elementor-icon-list-item\">\n\t\t\t\t\t\t\t\t\t\t\t<span class=\"elementor-icon-list-icon\">\n\t\t\t\t\t\t\t\t\t\t\t\t\t\t\t\t<i class=\"fa fa-chevron-right\" aria-hidden=\"true\"><\/i>\n\t\t\t\t\t\t\t\t\t\t\t\t\t<\/span>\n\t\t\t\t\t\t\t\t\t\t<span class=\"elementor-icon-list-text\">\u0423\u0434\u043e\u0431\u043d\u043e \u0438\u0441\u043f\u043e\u043b\u044c\u0437\u043e\u0432\u0430\u0442\u044c \u0432 \u043f\u0443\u0442\u0435\u0448\u0435\u0441\u0442\u0432\u0438\u044f\u0445. \u0422\u0432\u0435\u0440\u0434\u044b\u0439 \u0448\u0430\u043c\u043f\u0443\u043d\u044c \u043d\u0435 \u0432\u044b\u0442\u0435\u043a\u0430\u0435\u0442 \u0438\u0437 \u0444\u043b\u0430\u043a\u043e\u043d\u0430, \u0435\u0433\u043e \u0443\u0434\u043e\u0431\u043d\u043e \u043f\u0435\u0440\u0435\u0432\u043e\u0437\u0438\u0442\u044c \u0432 \u0441\u0430\u043c\u043e\u043b\u0435\u0442\u0435;<\/span>\n\t\t\t\t\t\t\t\t\t<\/li>\n\t\t\t\t\t\t\t\t<li class=\"elementor-icon-list-item\">\n\t\t\t\t\t\t\t\t\t\t\t<span class=\"elementor-icon-list-icon\">\n\t\t\t\t\t\t\t\t\t\t\t\t\t\t\t\t<i class=\"fa fa-chevron-right\" aria-hidden=\"true\"><\/i>\n\t\t\t\t\t\t\t\t\t\t\t\t\t<\/span>\n\t\t\t\t\t\t\t\t\t\t<span class=\"elementor-icon-list-text\">\u0422\u0432\u0435\u0440\u0434\u044b\u0435 \u0448\u0430\u043c\u043f\u0443\u043d\u0438 \u043d\u0435 \u0441\u043e\u0434\u0435\u0440\u0436\u0430\u0442 \u0430\u0433\u0440\u0435\u0441\u0441\u0438\u0432\u043d\u044b\u0445 \u043a\u043e\u043c\u043f\u043e\u043d\u0435\u043d\u0442\u043e\u0432, \u043f\u043e\u044d\u0442\u043e\u043c\u0443 \u043f\u043e\u0441\u043b\u0435 \u0438\u0445 \u0438\u0441\u043f\u043e\u043b\u044c\u0437\u043e\u0432\u0430\u043d\u0438\u044f \u0432\u043e\u043b\u043e\u0441\u044b \u043d\u0435 \u0431\u0443\u0434\u0443\u0442 \u044d\u043b\u0435\u043a\u0442\u0440\u0438\u0437\u043e\u0432\u0430\u0442\u044c\u0441\u044f;<\/span>\n\t\t\t\t\t\t\t\t\t<\/li>\n\t\t\t\t\t\t\t\t<li class=\"elementor-icon-list-item\">\n\t\t\t\t\t\t\t\t\t\t\t<span class=\"elementor-icon-list-icon\">\n\t\t\t\t\t\t\t\t\t\t\t\t\t\t\t\t<i class=\"fa fa-chevron-right\" aria-hidden=\"true\"><\/i>\n\t\t\t\t\t\t\t\t\t\t\t\t\t<\/span>\n\t\t\t\t\t\t\t\t\t\t<span class=\"elementor-icon-list-text\">\u0422\u0432\u0435\u0440\u0434\u044b\u0435 \u0448\u0430\u043c\u043f\u0443\u043d\u0438 \u043d\u0435 \u0437\u0430\u0433\u0440\u044f\u0437\u043d\u044f\u044e\u0442 \u043e\u043a\u0440\u0443\u0436\u0430\u044e\u0449\u0443\u044e \u0441\u0440\u0435\u0434\u0443 \u043f\u043b\u0430\u0441\u0442\u0438\u043a\u043e\u0432\u044b\u043c\u0438 \u0431\u0443\u0442\u044b\u043b\u043a\u0430\u043c\u0438;<\/span>\n\t\t\t\t\t\t\t\t\t<\/li>\n\t\t\t\t\t\t<\/ul>\n\t\t\t\t<\/div>\n\t\t\t\t<\/div>\n\t\t\t\t\t<\/div>\n\t\t<\/div>\n\t\t\t\t\t<\/div>\n\t\t<\/section>\n\t\t\t\t\t<\/div>\n\t\t<\/div>\n\t\t\t\t\t<\/div>\n\t\t<\/section>\n\t\t\t\t<section class=\"elementor-section elementor-top-section elementor-element elementor-element-64b5105 elementor-section-stretched elementor-section-boxed elementor-section-height-default elementor-section-height-default\" data-id=\"64b5105\" data-element_type=\"section\" data-settings=\"{&quot;stretch_section&quot;:&quot;section-stretched&quot;}\">\n\t\t\t\t\t\t<div class=\"elementor-container elementor-column-gap-default\">\n\t\t\t\t\t<div class=\"elementor-column elementor-col-100 elementor-top-column elementor-element elementor-element-33b3abf\" data-id=\"33b3abf\" data-element_type=\"column\">\n\t\t\t<div class=\"elementor-widget-wrap elementor-element-populated\">\n\t\t\t\t\t\t\t<\/div>\n\t\t<\/div>\n\t\t\t\t\t<\/div>\n\t\t<\/section>\n\t\t\t\t<\/div>","protected":false},"excerpt":{"rendered":"<p>Tahked \u0161ampoonid Tahketes \u0161ampoonides on taimeekstraktid, eeterlikud \u00f5lid, tervendav muda ja looduslikud happed. Vahutav efekt saavutatakse t\u00e4nu naatriumkokosulfaadi lisamisele, anioonsele pindaktiivsele ainele, mis saadakse kookos\u00f5li ekstraheerimisel. See aine, erinevalt selle kaugest sugulasest, naatriumlaur\u00fc\u00fclsulfaadist, puhastab juukseid \u00f5rnalt, ilma nende struktuuri h\u00e4vitamata. Seet\u00f5ttu ei kahjusta tahked \u0161ampoonid juukseid, vaid k\u00fcllastavad neid kasulike mikroelementidega, andes neile tugevuse ja [&hellip;]<\/p>","protected":false},"author":1,"featured_media":0,"parent":0,"menu_order":0,"comment_status":"closed","ping_status":"closed","template":"","meta":{"_acf_changed":false,"footnotes":""},"class_list":["post-5789","page","type-page","status-publish","hentry"],"acf":[],"yoast_head":"<!-- This site is optimized with the Yoast SEO plugin v23.0 - https:\/\/yoast.com\/wordpress\/plugins\/seo\/ -->\n<title>Tahked \u0161ampoonid - lai tootevalik ja soodsad hinnad &#8226; Looduspood<\/title>\n<meta name=\"description\" content=\"Tahked \u0161ampoonid hea hinnaga. Tahked \u0161ampoonid - looduslikud tooted, mis puhastavad juukseid \u00f5rnalt, ilma nende struktuuri h\u00e4vitamata.\" \/>\n<meta name=\"robots\" content=\"index, follow, max-snippet:-1, max-image-preview:large, max-video-preview:-1\" \/>\n<link rel=\"canonical\" href=\"https:\/\/www.looduspood.ee\/ru\/\u0442\u0432\u0451\u0440\u0434\u044b\u0439-\u0448\u0430\u043c\u043f\u0443\u043d\u044c\/\" \/>\n<meta property=\"og:locale\" content=\"ru_RU\" \/>\n<meta property=\"og:type\" content=\"article\" \/>\n<meta property=\"og:title\" content=\"Tahke \u0161ampoon\" \/>\n<meta property=\"og:description\" content=\"Tahke \u0161ampoon - looduslik toode, mis puhastab juukseid \u00f5rnalt, ilma nende struktuuri h\u00e4vitamata. Tahke \u0161ampoon on \u00f6koloogiline ja s\u00e4\u00e4stlik.\" \/>\n<meta property=\"og:url\" content=\"https:\/\/www.looduspood.ee\/ru\/\u0442\u0432\u0451\u0440\u0434\u044b\u0439-\u0448\u0430\u043c\u043f\u0443\u043d\u044c\/\" \/>\n<meta property=\"og:site_name\" content=\"Looduspood\" \/>\n<meta property=\"article:publisher\" content=\"https:\/\/www.facebook.com\/Looduspood-2064766730406653\/\" \/>\n<meta property=\"article:modified_time\" content=\"2020-07-16T16:16:34+00:00\" \/>\n<meta property=\"og:image\" content=\"https:\/\/www.looduspood.ee\/wp-content\/uploads\/2019\/09\/wi-14.jpg\" \/>\n\t<meta property=\"og:image:width\" content=\"1400\" \/>\n\t<meta property=\"og:image:height\" content=\"1400\" \/>\n\t<meta property=\"og:image:type\" content=\"image\/jpeg\" \/>\n<meta name=\"twitter:card\" content=\"summary_large_image\" \/>\n<meta name=\"twitter:label1\" content=\"\u041f\u0440\u0438\u043c\u0435\u0440\u043d\u043e\u0435 \u0432\u0440\u0435\u043c\u044f \u0434\u043b\u044f \u0447\u0442\u0435\u043d\u0438\u044f\" \/>\n\t<meta name=\"twitter:data1\" content=\"1 \u043c\u0438\u043d\u0443\u0442\u0430\" \/>\n<script type=\"application\/ld+json\" class=\"yoast-schema-graph\">{\"@context\":\"https:\/\/schema.org\",\"@graph\":[{\"@type\":\"WebPage\",\"@id\":\"https:\/\/www.looduspood.ee\/tahke-sampoon\/\",\"url\":\"https:\/\/www.looduspood.ee\/tahke-sampoon\/\",\"name\":\"Tahked \u0161ampoonid - lai tootevalik ja soodsad hinnad &#8226; Looduspood\",\"isPartOf\":{\"@id\":\"https:\/\/www.looduspood.ee\/#website\"},\"primaryImageOfPage\":{\"@id\":\"https:\/\/www.looduspood.ee\/tahke-sampoon\/#primaryimage\"},\"image\":{\"@id\":\"https:\/\/www.looduspood.ee\/tahke-sampoon\/#primaryimage\"},\"thumbnailUrl\":\"https:\/\/www.looduspood.ee\/wp-content\/uploads\/2019\/09\/123wampuni.jpg\",\"datePublished\":\"2019-09-13T19:19:50+00:00\",\"dateModified\":\"2020-07-16T16:16:34+00:00\",\"description\":\"Tahked \u0161ampoonid hea hinnaga. Tahked \u0161ampoonid - looduslikud tooted, mis puhastavad juukseid \u00f5rnalt, ilma nende struktuuri h\u00e4vitamata.\",\"breadcrumb\":{\"@id\":\"https:\/\/www.looduspood.ee\/tahke-sampoon\/#breadcrumb\"},\"inLanguage\":\"ru-RU\",\"potentialAction\":[{\"@type\":\"ReadAction\",\"target\":[\"https:\/\/www.looduspood.ee\/tahke-sampoon\/\"]}]},{\"@type\":\"ImageObject\",\"inLanguage\":\"ru-RU\",\"@id\":\"https:\/\/www.looduspood.ee\/tahke-sampoon\/#primaryimage\",\"url\":\"https:\/\/www.looduspood.ee\/wp-content\/uploads\/2019\/09\/123wampuni.jpg\",\"contentUrl\":\"https:\/\/www.looduspood.ee\/wp-content\/uploads\/2019\/09\/123wampuni.jpg\"},{\"@type\":\"BreadcrumbList\",\"@id\":\"https:\/\/www.looduspood.ee\/tahke-sampoon\/#breadcrumb\",\"itemListElement\":[{\"@type\":\"ListItem\",\"position\":1,\"name\":\"Home\",\"item\":\"https:\/\/www.looduspood.ee\/\"},{\"@type\":\"ListItem\",\"position\":2,\"name\":\"Tahked \u0161ampoonid\"}]},{\"@type\":\"WebSite\",\"@id\":\"https:\/\/www.looduspood.ee\/#website\",\"url\":\"https:\/\/www.looduspood.ee\/\",\"name\":\"Looduspood\",\"description\":\"Looduspood\",\"publisher\":{\"@id\":\"https:\/\/www.looduspood.ee\/#organization\"},\"potentialAction\":[{\"@type\":\"SearchAction\",\"target\":{\"@type\":\"EntryPoint\",\"urlTemplate\":\"https:\/\/www.looduspood.ee\/?s={search_term_string}\"},\"query-input\":\"required name=search_term_string\"}],\"inLanguage\":\"ru-RU\"},{\"@type\":\"Organization\",\"@id\":\"https:\/\/www.looduspood.ee\/#organization\",\"name\":\"Looduspood\",\"url\":\"https:\/\/www.looduspood.ee\/\",\"logo\":{\"@type\":\"ImageObject\",\"inLanguage\":\"ru-RU\",\"@id\":\"https:\/\/www.looduspood.ee\/#\/schema\/logo\/image\/\",\"url\":\"https:\/\/www.looduspood.ee\/wp-content\/uploads\/2019\/07\/morkva-1.png\",\"contentUrl\":\"https:\/\/www.looduspood.ee\/wp-content\/uploads\/2019\/07\/morkva-1.png\",\"width\":258,\"height\":162,\"caption\":\"Looduspood\"},\"image\":{\"@id\":\"https:\/\/www.looduspood.ee\/#\/schema\/logo\/image\/\"},\"sameAs\":[\"https:\/\/www.facebook.com\/Looduspood-2064766730406653\/\",\"https:\/\/www.youtube.com\/channel\/UCGxI8Tgkgvwn7Q9U8Qh6UgA?view_as=subscriber\"]}]}<\/script>\n<!-- \/ Yoast SEO plugin. -->","yoast_head_json":{"title":"Tahked \u0161ampoonid - lai tootevalik ja soodsad hinnad &#8226; Looduspood","description":"Tahked \u0161ampoonid hea hinnaga. Tahked \u0161ampoonid - looduslikud tooted, mis puhastavad juukseid \u00f5rnalt, ilma nende struktuuri h\u00e4vitamata.","robots":{"index":"index","follow":"follow","max-snippet":"max-snippet:-1","max-image-preview":"max-image-preview:large","max-video-preview":"max-video-preview:-1"},"canonical":"https:\/\/www.looduspood.ee\/ru\/\u0442\u0432\u0451\u0440\u0434\u044b\u0439-\u0448\u0430\u043c\u043f\u0443\u043d\u044c\/","og_locale":"ru_RU","og_type":"article","og_title":"Tahke \u0161ampoon","og_description":"Tahke \u0161ampoon - looduslik toode, mis puhastab juukseid \u00f5rnalt, ilma nende struktuuri h\u00e4vitamata. Tahke \u0161ampoon on \u00f6koloogiline ja s\u00e4\u00e4stlik.","og_url":"https:\/\/www.looduspood.ee\/ru\/\u0442\u0432\u0451\u0440\u0434\u044b\u0439-\u0448\u0430\u043c\u043f\u0443\u043d\u044c\/","og_site_name":"Looduspood","article_publisher":"https:\/\/www.facebook.com\/Looduspood-2064766730406653\/","article_modified_time":"2020-07-16T16:16:34+00:00","og_image":[{"width":1400,"height":1400,"url":"https:\/\/www.looduspood.ee\/wp-content\/uploads\/2019\/09\/wi-14.jpg","type":"image\/jpeg"}],"twitter_card":"summary_large_image","twitter_misc":{"\u041f\u0440\u0438\u043c\u0435\u0440\u043d\u043e\u0435 \u0432\u0440\u0435\u043c\u044f \u0434\u043b\u044f \u0447\u0442\u0435\u043d\u0438\u044f":"1 \u043c\u0438\u043d\u0443\u0442\u0430"},"schema":{"@context":"https:\/\/schema.org","@graph":[{"@type":"WebPage","@id":"https:\/\/www.looduspood.ee\/tahke-sampoon\/","url":"https:\/\/www.looduspood.ee\/tahke-sampoon\/","name":"Tahked \u0161ampoonid - lai tootevalik ja soodsad hinnad &#8226; Looduspood","isPartOf":{"@id":"https:\/\/www.looduspood.ee\/#website"},"primaryImageOfPage":{"@id":"https:\/\/www.looduspood.ee\/tahke-sampoon\/#primaryimage"},"image":{"@id":"https:\/\/www.looduspood.ee\/tahke-sampoon\/#primaryimage"},"thumbnailUrl":"https:\/\/www.looduspood.ee\/wp-content\/uploads\/2019\/09\/123wampuni.jpg","datePublished":"2019-09-13T19:19:50+00:00","dateModified":"2020-07-16T16:16:34+00:00","description":"Tahked \u0161ampoonid hea hinnaga. Tahked \u0161ampoonid - looduslikud tooted, mis puhastavad juukseid \u00f5rnalt, ilma nende struktuuri h\u00e4vitamata.","breadcrumb":{"@id":"https:\/\/www.looduspood.ee\/tahke-sampoon\/#breadcrumb"},"inLanguage":"ru-RU","potentialAction":[{"@type":"ReadAction","target":["https:\/\/www.looduspood.ee\/tahke-sampoon\/"]}]},{"@type":"ImageObject","inLanguage":"ru-RU","@id":"https:\/\/www.looduspood.ee\/tahke-sampoon\/#primaryimage","url":"https:\/\/www.looduspood.ee\/wp-content\/uploads\/2019\/09\/123wampuni.jpg","contentUrl":"https:\/\/www.looduspood.ee\/wp-content\/uploads\/2019\/09\/123wampuni.jpg"},{"@type":"BreadcrumbList","@id":"https:\/\/www.looduspood.ee\/tahke-sampoon\/#breadcrumb","itemListElement":[{"@type":"ListItem","position":1,"name":"Home","item":"https:\/\/www.looduspood.ee\/"},{"@type":"ListItem","position":2,"name":"Tahked \u0161ampoonid"}]},{"@type":"WebSite","@id":"https:\/\/www.looduspood.ee\/#website","url":"https:\/\/www.looduspood.ee\/","name":"Looduspood","description":"Looduspood","publisher":{"@id":"https:\/\/www.looduspood.ee\/#organization"},"potentialAction":[{"@type":"SearchAction","target":{"@type":"EntryPoint","urlTemplate":"https:\/\/www.looduspood.ee\/?s={search_term_string}"},"query-input":"required name=search_term_string"}],"inLanguage":"ru-RU"},{"@type":"Organization","@id":"https:\/\/www.looduspood.ee\/#organization","name":"Looduspood","url":"https:\/\/www.looduspood.ee\/","logo":{"@type":"ImageObject","inLanguage":"ru-RU","@id":"https:\/\/www.looduspood.ee\/#\/schema\/logo\/image\/","url":"https:\/\/www.looduspood.ee\/wp-content\/uploads\/2019\/07\/morkva-1.png","contentUrl":"https:\/\/www.looduspood.ee\/wp-content\/uploads\/2019\/07\/morkva-1.png","width":258,"height":162,"caption":"Looduspood"},"image":{"@id":"https:\/\/www.looduspood.ee\/#\/schema\/logo\/image\/"},"sameAs":["https:\/\/www.facebook.com\/Looduspood-2064766730406653\/","https:\/\/www.youtube.com\/channel\/UCGxI8Tgkgvwn7Q9U8Qh6UgA?view_as=subscriber"]}]}},"_links":{"self":[{"href":"https:\/\/www.looduspood.ee\/ru\/wp-json\/wp\/v2\/pages\/5789"}],"collection":[{"href":"https:\/\/www.looduspood.ee\/ru\/wp-json\/wp\/v2\/pages"}],"about":[{"href":"https:\/\/www.looduspood.ee\/ru\/wp-json\/wp\/v2\/types\/page"}],"author":[{"embeddable":true,"href":"https:\/\/www.looduspood.ee\/ru\/wp-json\/wp\/v2\/users\/1"}],"replies":[{"embeddable":true,"href":"https:\/\/www.looduspood.ee\/ru\/wp-json\/wp\/v2\/comments?post=5789"}],"version-history":[{"count":0,"href":"https:\/\/www.looduspood.ee\/ru\/wp-json\/wp\/v2\/pages\/5789\/revisions"}],"wp:attachment":[{"href":"https:\/\/www.looduspood.ee\/ru\/wp-json\/wp\/v2\/media?parent=5789"}],"curies":[{"name":"wp","href":"https:\/\/api.w.org\/{rel}","templated":true}]}}