{"id":17506,"date":"2020-02-03T01:52:36","date_gmt":"2020-02-02T22:52:36","guid":{"rendered":"https:\/\/www.looduspood.ee\/?post_type=product&#038;p=17506"},"modified":"2023-03-11T00:16:18","modified_gmt":"2023-03-10T21:16:18","slug":"bambusest-seebikarp-croll-denecke-seepide-voi-tahkete-sampoonide-hoidmiseks","status":"publish","type":"product","link":"https:\/\/www.looduspood.ee\/ru\/product\/\u0431\u0430\u043c\u0431\u0443\u043a\u043e\u0432\u0430\u044f-\u043c\u044b\u043b\u044c\u043d\u0438\u0446\u0430-\u0434\u043b\u044f-\u043c\u044b\u043b\u0430-croll-denecke-\u0438\u043b\u0438-\u0442\u0432\/","title":{"rendered":"\u0411\u0430\u043c\u0431\u0443\u043a\u043e\u0432\u0430\u044f \u043c\u044b\u043b\u044c\u043d\u0438\u0446\u0430 Croll &amp; Denecke - \u0434\u043b\u044f \u043c\u044b\u043b\u0430 \u0438\u043b\u0438 \u0442\u0432\u0435\u0440\u0434\u044b\u0445 \u0448\u0430\u043c\u043f\u0443\u043d\u0435\u0439"},"content":{"rendered":"","protected":false},"excerpt":{"rendered":"<p>\u2714\ufe0f \u0418\u0437\u0433\u043e\u0442\u043e\u0432\u043b\u0435\u043d \u0438\u0437 \u044d\u043a\u043e\u043b\u043e\u0433\u0438\u0447\u0435\u0441\u043a\u0438 \u0447\u0438\u0441\u0442\u044b\u0445 \u043a\u043e\u043c\u043f\u043e\u043d\u0435\u043d\u0442\u043e\u0432 (\u0431\u0430\u043c\u0431\u0443\u043a);<br \/>\n\u2714\ufe0f \u0418\u0434\u0435\u0430\u043b\u044c\u043d\u043e \u043f\u043e\u0434\u0445\u043e\u0434\u0438\u0442 \u0434\u043b\u044f \u0445\u0440\u0430\u043d\u0435\u043d\u0438\u044f \u043c\u044b\u043b\u0430 \u0438\u043b\u0438 \u0442\u0432\u0435\u0440\u0434\u043e\u0433\u043e \u0448\u0430\u043c\u043f\u0443\u043d\u044f.<\/p>","protected":false},"featured_media":17507,"comment_status":"closed","ping_status":"closed","template":"","meta":{"_acf_changed":false},"product_cat":[2840,428],"product_tag":[],"class_list":{"0":"post-17506","1":"product","2":"type-product","3":"status-publish","4":"has-post-thumbnail","6":"product_cat-juuksetarvikud","7":"product_cat-tarvikud","9":"first","10":"outofstock","11":"sale","12":"shipping-taxable","13":"purchasable","14":"product-type-simple"},"acf":[],"yoast_head":"<!-- This site is optimized with the Yoast SEO plugin v23.0 - https:\/\/yoast.com\/wordpress\/plugins\/seo\/ -->\n<title>Bambusest seebikarp seepide v\u00f5i tahkete \u0161ampoonide hoidmiseks.<\/title>\n<meta name=\"description\" content=\"Bambusest seebikarp Croll &amp; Denecke sobib suurep\u00e4raselt k\u00e4sitsi valmistatud seepide v\u00f5i tahkete \u0161ampoonide hoidmiseks.\" \/>\n<meta name=\"robots\" content=\"index, follow, max-snippet:-1, max-image-preview:large, max-video-preview:-1\" \/>\n<link rel=\"canonical\" href=\"https:\/\/www.looduspood.ee\/ru\/product\/\u0431\u0430\u043c\u0431\u0443\u043a\u043e\u0432\u0430\u044f-\u043c\u044b\u043b\u044c\u043d\u0438\u0446\u0430-\u0434\u043b\u044f-\u043c\u044b\u043b\u0430-croll-denecke-\u0438\u043b\u0438-\u0442\u0432\/\" \/>\n<meta property=\"og:locale\" content=\"ru_RU\" \/>\n<meta property=\"og:type\" content=\"article\" \/>\n<meta property=\"og:title\" content=\"Bambusest seebikarp seepide v\u00f5i tahkete \u0161ampoonide hoidmiseks.\" \/>\n<meta property=\"og:description\" content=\"Bambusest seebikarp Croll &amp; Denecke sobib suurep\u00e4raselt k\u00e4sitsi valmistatud seepide v\u00f5i tahkete \u0161ampoonide hoidmiseks.\" \/>\n<meta property=\"og:url\" content=\"https:\/\/www.looduspood.ee\/ru\/product\/\u0431\u0430\u043c\u0431\u0443\u043a\u043e\u0432\u0430\u044f-\u043c\u044b\u043b\u044c\u043d\u0438\u0446\u0430-\u0434\u043b\u044f-\u043c\u044b\u043b\u0430-croll-denecke-\u0438\u043b\u0438-\u0442\u0432\/\" \/>\n<meta property=\"og:site_name\" content=\"Looduspood\" \/>\n<meta property=\"article:publisher\" content=\"https:\/\/www.facebook.com\/Looduspood-2064766730406653\/\" \/>\n<meta property=\"article:modified_time\" content=\"2023-03-10T21:16:18+00:00\" \/>\n<meta property=\"og:image\" content=\"https:\/\/www.looduspood.ee\/wp-content\/uploads\/2020\/02\/60103a.jpg\" \/>\n\t<meta property=\"og:image:width\" content=\"600\" \/>\n\t<meta property=\"og:image:height\" content=\"600\" \/>\n\t<meta property=\"og:image:type\" content=\"image\/jpeg\" \/>\n<meta name=\"twitter:card\" content=\"summary_large_image\" \/>\n<script type=\"application\/ld+json\" class=\"yoast-schema-graph\">{\"@context\":\"https:\/\/schema.org\",\"@graph\":[{\"@type\":\"WebPage\",\"@id\":\"https:\/\/www.looduspood.ee\/toode\/bambusest-seebikarp-croll-denecke-seepide-voi-tahkete-sampoonide-hoidmiseks\/\",\"url\":\"https:\/\/www.looduspood.ee\/toode\/bambusest-seebikarp-croll-denecke-seepide-voi-tahkete-sampoonide-hoidmiseks\/\",\"name\":\"Bambusest seebikarp seepide v\u00f5i tahkete \u0161ampoonide hoidmiseks.\",\"isPartOf\":{\"@id\":\"https:\/\/www.looduspood.ee\/#website\"},\"primaryImageOfPage\":{\"@id\":\"https:\/\/www.looduspood.ee\/toode\/bambusest-seebikarp-croll-denecke-seepide-voi-tahkete-sampoonide-hoidmiseks\/#primaryimage\"},\"image\":{\"@id\":\"https:\/\/www.looduspood.ee\/toode\/bambusest-seebikarp-croll-denecke-seepide-voi-tahkete-sampoonide-hoidmiseks\/#primaryimage\"},\"thumbnailUrl\":\"https:\/\/www.looduspood.ee\/wp-content\/uploads\/2020\/02\/60103a-jpg.avif\",\"datePublished\":\"2020-02-02T22:52:36+00:00\",\"dateModified\":\"2023-03-10T21:16:18+00:00\",\"description\":\"Bambusest seebikarp Croll & Denecke sobib suurep\u00e4raselt k\u00e4sitsi valmistatud seepide v\u00f5i tahkete \u0161ampoonide hoidmiseks.\",\"breadcrumb\":{\"@id\":\"https:\/\/www.looduspood.ee\/toode\/bambusest-seebikarp-croll-denecke-seepide-voi-tahkete-sampoonide-hoidmiseks\/#breadcrumb\"},\"inLanguage\":\"ru-RU\",\"potentialAction\":[{\"@type\":\"ReadAction\",\"target\":[\"https:\/\/www.looduspood.ee\/toode\/bambusest-seebikarp-croll-denecke-seepide-voi-tahkete-sampoonide-hoidmiseks\/\"]}]},{\"@type\":\"ImageObject\",\"inLanguage\":\"ru-RU\",\"@id\":\"https:\/\/www.looduspood.ee\/toode\/bambusest-seebikarp-croll-denecke-seepide-voi-tahkete-sampoonide-hoidmiseks\/#primaryimage\",\"url\":\"https:\/\/www.looduspood.ee\/wp-content\/uploads\/2020\/02\/60103a-jpg.avif\",\"contentUrl\":\"https:\/\/www.looduspood.ee\/wp-content\/uploads\/2020\/02\/60103a-jpg.avif\",\"width\":600,\"height\":600},{\"@type\":\"BreadcrumbList\",\"@id\":\"https:\/\/www.looduspood.ee\/toode\/bambusest-seebikarp-croll-denecke-seepide-voi-tahkete-sampoonide-hoidmiseks\/#breadcrumb\",\"itemListElement\":[{\"@type\":\"ListItem\",\"position\":1,\"name\":\"Home\",\"item\":\"https:\/\/www.looduspood.ee\/\"},{\"@type\":\"ListItem\",\"position\":2,\"name\":\"Pood\",\"item\":\"https:\/\/www.looduspood.ee\/looduspood\/\"},{\"@type\":\"ListItem\",\"position\":3,\"name\":\"Bambusest seebikarp Croll &#038; Denecke &#8211; Seepide v\u00f5i tahkete \u0161ampoonide hoidmiseks\"}]},{\"@type\":\"WebSite\",\"@id\":\"https:\/\/www.looduspood.ee\/#website\",\"url\":\"https:\/\/www.looduspood.ee\/\",\"name\":\"Looduspood\",\"description\":\"Looduspood\",\"publisher\":{\"@id\":\"https:\/\/www.looduspood.ee\/#organization\"},\"potentialAction\":[{\"@type\":\"SearchAction\",\"target\":{\"@type\":\"EntryPoint\",\"urlTemplate\":\"https:\/\/www.looduspood.ee\/?s={search_term_string}\"},\"query-input\":\"required name=search_term_string\"}],\"inLanguage\":\"ru-RU\"},{\"@type\":\"Organization\",\"@id\":\"https:\/\/www.looduspood.ee\/#organization\",\"name\":\"Looduspood\",\"url\":\"https:\/\/www.looduspood.ee\/\",\"logo\":{\"@type\":\"ImageObject\",\"inLanguage\":\"ru-RU\",\"@id\":\"https:\/\/www.looduspood.ee\/#\/schema\/logo\/image\/\",\"url\":\"https:\/\/www.looduspood.ee\/wp-content\/uploads\/2019\/07\/morkva-1.png\",\"contentUrl\":\"https:\/\/www.looduspood.ee\/wp-content\/uploads\/2019\/07\/morkva-1.png\",\"width\":258,\"height\":162,\"caption\":\"Looduspood\"},\"image\":{\"@id\":\"https:\/\/www.looduspood.ee\/#\/schema\/logo\/image\/\"},\"sameAs\":[\"https:\/\/www.facebook.com\/Looduspood-2064766730406653\/\",\"https:\/\/www.youtube.com\/channel\/UCGxI8Tgkgvwn7Q9U8Qh6UgA?view_as=subscriber\"]}]}<\/script>\n<!-- \/ Yoast SEO plugin. -->","yoast_head_json":{"title":"Bambusest seebikarp seepide v\u00f5i tahkete \u0161ampoonide hoidmiseks.","description":"Bambusest seebikarp Croll & Denecke sobib suurep\u00e4raselt k\u00e4sitsi valmistatud seepide v\u00f5i tahkete \u0161ampoonide hoidmiseks.","robots":{"index":"index","follow":"follow","max-snippet":"max-snippet:-1","max-image-preview":"max-image-preview:large","max-video-preview":"max-video-preview:-1"},"canonical":"https:\/\/www.looduspood.ee\/ru\/product\/\u0431\u0430\u043c\u0431\u0443\u043a\u043e\u0432\u0430\u044f-\u043c\u044b\u043b\u044c\u043d\u0438\u0446\u0430-\u0434\u043b\u044f-\u043c\u044b\u043b\u0430-croll-denecke-\u0438\u043b\u0438-\u0442\u0432\/","og_locale":"ru_RU","og_type":"article","og_title":"Bambusest seebikarp seepide v\u00f5i tahkete \u0161ampoonide hoidmiseks.","og_description":"Bambusest seebikarp Croll & Denecke sobib suurep\u00e4raselt k\u00e4sitsi valmistatud seepide v\u00f5i tahkete \u0161ampoonide hoidmiseks.","og_url":"https:\/\/www.looduspood.ee\/ru\/product\/\u0431\u0430\u043c\u0431\u0443\u043a\u043e\u0432\u0430\u044f-\u043c\u044b\u043b\u044c\u043d\u0438\u0446\u0430-\u0434\u043b\u044f-\u043c\u044b\u043b\u0430-croll-denecke-\u0438\u043b\u0438-\u0442\u0432\/","og_site_name":"Looduspood","article_publisher":"https:\/\/www.facebook.com\/Looduspood-2064766730406653\/","article_modified_time":"2023-03-10T21:16:18+00:00","og_image":[{"width":600,"height":600,"url":"https:\/\/www.looduspood.ee\/wp-content\/uploads\/2020\/02\/60103a.jpg","type":"image\/jpeg"}],"twitter_card":"summary_large_image","schema":{"@context":"https:\/\/schema.org","@graph":[{"@type":"WebPage","@id":"https:\/\/www.looduspood.ee\/toode\/bambusest-seebikarp-croll-denecke-seepide-voi-tahkete-sampoonide-hoidmiseks\/","url":"https:\/\/www.looduspood.ee\/toode\/bambusest-seebikarp-croll-denecke-seepide-voi-tahkete-sampoonide-hoidmiseks\/","name":"Bambusest seebikarp seepide v\u00f5i tahkete \u0161ampoonide hoidmiseks.","isPartOf":{"@id":"https:\/\/www.looduspood.ee\/#website"},"primaryImageOfPage":{"@id":"https:\/\/www.looduspood.ee\/toode\/bambusest-seebikarp-croll-denecke-seepide-voi-tahkete-sampoonide-hoidmiseks\/#primaryimage"},"image":{"@id":"https:\/\/www.looduspood.ee\/toode\/bambusest-seebikarp-croll-denecke-seepide-voi-tahkete-sampoonide-hoidmiseks\/#primaryimage"},"thumbnailUrl":"https:\/\/www.looduspood.ee\/wp-content\/uploads\/2020\/02\/60103a-jpg.avif","datePublished":"2020-02-02T22:52:36+00:00","dateModified":"2023-03-10T21:16:18+00:00","description":"Bambusest seebikarp Croll & Denecke sobib suurep\u00e4raselt k\u00e4sitsi valmistatud seepide v\u00f5i tahkete \u0161ampoonide hoidmiseks.","breadcrumb":{"@id":"https:\/\/www.looduspood.ee\/toode\/bambusest-seebikarp-croll-denecke-seepide-voi-tahkete-sampoonide-hoidmiseks\/#breadcrumb"},"inLanguage":"ru-RU","potentialAction":[{"@type":"ReadAction","target":["https:\/\/www.looduspood.ee\/toode\/bambusest-seebikarp-croll-denecke-seepide-voi-tahkete-sampoonide-hoidmiseks\/"]}]},{"@type":"ImageObject","inLanguage":"ru-RU","@id":"https:\/\/www.looduspood.ee\/toode\/bambusest-seebikarp-croll-denecke-seepide-voi-tahkete-sampoonide-hoidmiseks\/#primaryimage","url":"https:\/\/www.looduspood.ee\/wp-content\/uploads\/2020\/02\/60103a-jpg.avif","contentUrl":"https:\/\/www.looduspood.ee\/wp-content\/uploads\/2020\/02\/60103a-jpg.avif","width":600,"height":600},{"@type":"BreadcrumbList","@id":"https:\/\/www.looduspood.ee\/toode\/bambusest-seebikarp-croll-denecke-seepide-voi-tahkete-sampoonide-hoidmiseks\/#breadcrumb","itemListElement":[{"@type":"ListItem","position":1,"name":"Home","item":"https:\/\/www.looduspood.ee\/"},{"@type":"ListItem","position":2,"name":"Pood","item":"https:\/\/www.looduspood.ee\/looduspood\/"},{"@type":"ListItem","position":3,"name":"Bambusest seebikarp Croll &#038; Denecke &#8211; Seepide v\u00f5i tahkete \u0161ampoonide hoidmiseks"}]},{"@type":"WebSite","@id":"https:\/\/www.looduspood.ee\/#website","url":"https:\/\/www.looduspood.ee\/","name":"Looduspood","description":"Looduspood","publisher":{"@id":"https:\/\/www.looduspood.ee\/#organization"},"potentialAction":[{"@type":"SearchAction","target":{"@type":"EntryPoint","urlTemplate":"https:\/\/www.looduspood.ee\/?s={search_term_string}"},"query-input":"required name=search_term_string"}],"inLanguage":"ru-RU"},{"@type":"Organization","@id":"https:\/\/www.looduspood.ee\/#organization","name":"Looduspood","url":"https:\/\/www.looduspood.ee\/","logo":{"@type":"ImageObject","inLanguage":"ru-RU","@id":"https:\/\/www.looduspood.ee\/#\/schema\/logo\/image\/","url":"https:\/\/www.looduspood.ee\/wp-content\/uploads\/2019\/07\/morkva-1.png","contentUrl":"https:\/\/www.looduspood.ee\/wp-content\/uploads\/2019\/07\/morkva-1.png","width":258,"height":162,"caption":"Looduspood"},"image":{"@id":"https:\/\/www.looduspood.ee\/#\/schema\/logo\/image\/"},"sameAs":["https:\/\/www.facebook.com\/Looduspood-2064766730406653\/","https:\/\/www.youtube.com\/channel\/UCGxI8Tgkgvwn7Q9U8Qh6UgA?view_as=subscriber"]}]}},"tiered_pricing_type":"fixed","tiered_pricing_fixed_rules":[],"_links":{"self":[{"href":"https:\/\/www.looduspood.ee\/ru\/wp-json\/wp\/v2\/product\/17506"}],"collection":[{"href":"https:\/\/www.looduspood.ee\/ru\/wp-json\/wp\/v2\/product"}],"about":[{"href":"https:\/\/www.looduspood.ee\/ru\/wp-json\/wp\/v2\/types\/product"}],"replies":[{"embeddable":true,"href":"https:\/\/www.looduspood.ee\/ru\/wp-json\/wp\/v2\/comments?post=17506"}],"version-history":[{"count":0,"href":"https:\/\/www.looduspood.ee\/ru\/wp-json\/wp\/v2\/product\/17506\/revisions"}],"wp:featuredmedia":[{"embeddable":true,"href":"https:\/\/www.looduspood.ee\/ru\/wp-json\/wp\/v2\/media\/17507"}],"wp:attachment":[{"href":"https:\/\/www.looduspood.ee\/ru\/wp-json\/wp\/v2\/media?parent=17506"}],"wp:term":[{"taxonomy":"product_cat","embeddable":true,"href":"https:\/\/www.looduspood.ee\/ru\/wp-json\/wp\/v2\/product_cat?post=17506"},{"taxonomy":"product_tag","embeddable":true,"href":"https:\/\/www.looduspood.ee\/ru\/wp-json\/wp\/v2\/product_tag?post=17506"}],"curies":[{"name":"wp","href":"https:\/\/api.w.org\/{rel}","templated":true}]}}