{"id":25750,"date":"2020-07-07T15:53:56","date_gmt":"2020-07-07T12:53:56","guid":{"rendered":"https:\/\/www.looduspood.ee\/?post_type=product&#038;p=25750"},"modified":"2024-02-06T18:51:07","modified_gmt":"2024-02-06T15:51:07","slug":"tabletikarp-aitab-oigeaegselt-tablette-ja-vitamiine-votta-lihtne-kotti-mahutada-ja-kaasas-kanda","status":"publish","type":"product","link":"https:\/\/www.looduspood.ee\/ru\/product\/\u0442\u0430\u0431\u043b\u0435\u0442\u043d\u0438\u0446\u0430-\u043f\u043e\u043c\u043e\u0436\u0435\u0442-\u0432\u0430\u043c-\u0432\u043e\u0432\u0440\u0435\u043c\u044f-\u043f\u0440\u0438\u043d\u0438\/","title":{"rendered":"Pillbox - \u043f\u043e\u043c\u043e\u0433\u0430\u0435\u0442 \u0432\u043e\u0432\u0440\u0435\u043c\u044f \u043f\u0440\u0438\u043d\u0438\u043c\u0430\u0442\u044c \u0442\u0430\u0431\u043b\u0435\u0442\u043a\u0438 \u0438 \u0432\u0438\u0442\u0430\u043c\u0438\u043d\u044b, \u043b\u0435\u0433\u043a\u043e \u0443\u043f\u0430\u043a\u043e\u0432\u044b\u0432\u0430\u0435\u0442\u0441\u044f \u0438 \u043f\u0435\u0440\u0435\u043d\u043e\u0441\u0438\u0442\u0441\u044f \u0432 \u0441\u0443\u043c\u043a\u0435."},"content":{"rendered":"<div data-elementor-type=\"product-post\" data-elementor-id=\"25750\" class=\"elementor elementor-25750\" data-elementor-post-type=\"product\">\n\t\t\t\t\t\t<section class=\"elementor-section elementor-top-section elementor-element elementor-element-6b291fb elementor-section-stretched elementor-section-boxed elementor-section-height-default elementor-section-height-default\" data-id=\"6b291fb\" data-element_type=\"section\" data-settings=\"{&quot;stretch_section&quot;:&quot;section-stretched&quot;}\">\n\t\t\t\t\t\t<div class=\"elementor-container elementor-column-gap-default\">\n\t\t\t\t\t<div class=\"elementor-column elementor-col-100 elementor-top-column elementor-element elementor-element-f0f572f\" data-id=\"f0f572f\" data-element_type=\"column\">\n\t\t\t<div class=\"elementor-widget-wrap elementor-element-populated\">\n\t\t\t\t\t\t<div class=\"elementor-element elementor-element-612811f elementor-widget elementor-widget-text-editor\" data-id=\"612811f\" data-element_type=\"widget\" data-widget_type=\"text-editor.default\">\n\t\t\t\t<div class=\"elementor-widget-container\">\n\t\t\t<style>\/*! elementor - v3.23.0 - 15-07-2024 *\/\n.elementor-widget-text-editor.elementor-drop-cap-view-stacked .elementor-drop-cap{background-color:#69727d;color:#fff}.elementor-widget-text-editor.elementor-drop-cap-view-framed .elementor-drop-cap{color:#69727d;border:3px solid;background-color:transparent}.elementor-widget-text-editor:not(.elementor-drop-cap-view-default) .elementor-drop-cap{margin-top:8px}.elementor-widget-text-editor:not(.elementor-drop-cap-view-default) .elementor-drop-cap-letter{width:1em;height:1em}.elementor-widget-text-editor .elementor-drop-cap{float:left;text-align:center;line-height:1;font-size:50px}.elementor-widget-text-editor .elementor-drop-cap-letter{display:inline-block}<\/style>\t\t\t\t\u041a\u043e\u0440\u043e\u0431\u043a\u0430 \u0434\u043b\u044f \u0442\u0430\u0431\u043b\u0435\u0442\u043e\u043a \u043f\u0440\u0435\u0434\u043d\u0430\u0437\u043d\u0430\u0447\u0435\u043d\u0430 \u0434\u043b\u044f \u043a\u043e\u043c\u043f\u0430\u043a\u0442\u043d\u043e\u0433\u043e \u0438 \u0443\u043f\u043e\u0440\u044f\u0434\u043e\u0447\u0435\u043d\u043d\u043e\u0433\u043e \u0445\u0440\u0430\u043d\u0435\u043d\u0438\u044f \u043b\u0435\u043a\u0430\u0440\u0441\u0442\u0432 \u0438\u043b\u0438 \u0432\u0438\u0442\u0430\u043c\u0438\u043d\u043e\u0432. \u0418\u0437\u0433\u043e\u0442\u043e\u0432\u043b\u0435\u043d\u0430 \u0438\u0437 \u0431\u0435\u0437\u043e\u043f\u0430\u0441\u043d\u043e\u0433\u043e, \u043b\u0435\u0433\u043a\u043e \u043c\u043e\u044e\u0449\u0435\u0433\u043e\u0441\u044f \u043f\u043b\u0430\u0441\u0442\u0438\u043a\u0430. \u0423\u0434\u043e\u0431\u043d\u0430 \u0438 \u043f\u0440\u043e\u0441\u0442\u0430 \u0432 \u0438\u0441\u043f\u043e\u043b\u044c\u0437\u043e\u0432\u0430\u043d\u0438\u0438. \u041b\u0435\u0433\u043a\u043e \u043f\u043e\u043c\u0435\u0449\u0430\u0435\u0442\u0441\u044f \u0432 \u0441\u0443\u043c\u043a\u0443 \u0438 \u043f\u0435\u0440\u0435\u043d\u043e\u0441\u0438\u0442\u0441\u044f. \u0421\u043e\u0434\u0435\u0440\u0436\u0438\u0442 4 \u043a\u043e\u0440\u043e\u0431\u043a\u0438.\t\t\t\t\t\t<\/div>\n\t\t\t\t<\/div>\n\t\t\t\t\t<\/div>\n\t\t<\/div>\n\t\t\t\t\t<\/div>\n\t\t<\/section>\n\t\t\t\t<\/div>","protected":false},"excerpt":{"rendered":"<p>\u2714\ufe0f \u041f\u0440\u0438\u043d\u0438\u043c\u0430\u0439\u0442\u0435 \u0432\u0438\u0442\u0430\u043c\u0438\u043d\u044b \u0438 \u0434\u043e\u0431\u0430\u0432\u043a\u0438 \u0432 \u043d\u0443\u0436\u043d\u043e\u0435 \u0432\u0440\u0435\u043c\u044f!<br \/>\n\u2714\ufe0f \u041f\u043e\u043c\u043e\u0433\u0430\u0435\u0442 \u0432\u043e\u0432\u0440\u0435\u043c\u044f \u043f\u0440\u0438\u043d\u0438\u043c\u0430\u0442\u044c \u0442\u0430\u0431\u043b\u0435\u0442\u043a\u0438 \u0438 \u0432\u0438\u0442\u0430\u043c\u0438\u043d\u044b;<br \/>\n\u2714\ufe0f \u0421\u043e\u0434\u0435\u0440\u0436\u0438\u0442 4 \u043a\u043e\u0440\u043e\u0431\u043a\u0438;<br \/>\n\u2714\ufe0f \u041f\u0440\u0438\u0431\u043b\u0438\u0437\u0438\u0442\u0435\u043b\u044c\u043d\u044b\u0435 \u0440\u0430\u0437\u043c\u0435\u0440\u044b: \u00d87\u00d72,1 \u0441\u043c;<\/p>","protected":false},"featured_media":25756,"comment_status":"closed","ping_status":"closed","template":"","meta":{"_acf_changed":false},"product_cat":[293],"product_tag":[],"class_list":{"0":"post-25750","1":"product","2":"type-product","3":"status-publish","4":"has-post-thumbnail","6":"product_cat-tervise-tarvikud","8":"first","9":"outofstock","10":"shipping-taxable","11":"product-type-variable"},"acf":[],"yoast_head":"<!-- This site is optimized with the Yoast SEO plugin v23.0 - https:\/\/yoast.com\/wordpress\/plugins\/seo\/ -->\n<title>Tabletikarp - Aitab \u00f5igeaegselt tablette ja vitamiine v\u00f5tta &#8226; Looduspood<\/title>\n<meta name=\"description\" content=\"Tabletikarp aitab \u00f5igeaegselt tablette ja vitamiine v\u00f5tta. Tabletikarp sisaldab 4 kastikest. Lihtne kotti mahutada ja kaasas kanda.\" \/>\n<meta name=\"robots\" content=\"index, follow, max-snippet:-1, max-image-preview:large, max-video-preview:-1\" \/>\n<link rel=\"canonical\" href=\"https:\/\/www.looduspood.ee\/ru\/\u043f\u0440\u043e\u0434\u0443\u043a\u0442\/\u0442\u0430\u0431\u043b\u0435\u0442\u043d\u0438\u0446\u0430-\u043f\u043e\u043c\u043e\u0436\u0435\u0442-\u0432\u0430\u043c-\u0432\u043e\u0432\u0440\u0435\u043c\u044f-\u043f\u0440\u0438\u043d\u0438\/\" \/>\n<meta property=\"og:locale\" content=\"ru_RU\" \/>\n<meta property=\"og:type\" content=\"article\" \/>\n<meta property=\"og:title\" content=\"Tabletikarp - Aitab \u00f5igeaegselt tablette ja vitamiine v\u00f5tta.\" \/>\n<meta property=\"og:description\" content=\"Tabletikarp aitab \u00f5igeaegselt tablette ja vitamiine v\u00f5tta. Tabletikarp sisaldab 4 kastikest. Lihtne kotti mahutada ja kaasas kanda.\" \/>\n<meta property=\"og:url\" content=\"https:\/\/www.looduspood.ee\/ru\/\u043f\u0440\u043e\u0434\u0443\u043a\u0442\/\u0442\u0430\u0431\u043b\u0435\u0442\u043d\u0438\u0446\u0430-\u043f\u043e\u043c\u043e\u0436\u0435\u0442-\u0432\u0430\u043c-\u0432\u043e\u0432\u0440\u0435\u043c\u044f-\u043f\u0440\u0438\u043d\u0438\/\" \/>\n<meta property=\"og:site_name\" content=\"Looduspood\" \/>\n<meta property=\"article:publisher\" content=\"https:\/\/www.facebook.com\/Looduspood-2064766730406653\/\" \/>\n<meta property=\"article:modified_time\" content=\"2024-02-06T15:51:07+00:00\" \/>\n<meta property=\"og:image\" content=\"https:\/\/www.looduspood.ee\/wp-content\/uploads\/2020\/07\/tabletikarp.jpg\" \/>\n\t<meta property=\"og:image:width\" content=\"600\" \/>\n\t<meta property=\"og:image:height\" content=\"600\" \/>\n\t<meta property=\"og:image:type\" content=\"image\/jpeg\" \/>\n<meta name=\"twitter:card\" content=\"summary_large_image\" \/>\n<script type=\"application\/ld+json\" class=\"yoast-schema-graph\">{\"@context\":\"https:\/\/schema.org\",\"@graph\":[{\"@type\":\"WebPage\",\"@id\":\"https:\/\/www.looduspood.ee\/ru\/\u043f\u0440\u043e\u0434\u0443\u043a\u0442\/\u0442\u0430\u0431\u043b\u0435\u0442\u043d\u0438\u0446\u0430-\u043f\u043e\u043c\u043e\u0436\u0435\u0442-\u0432\u0430\u043c-\u0432\u043e\u0432\u0440\u0435\u043c\u044f-\u043f\u0440\u0438\u043d\u0438\/\",\"url\":\"https:\/\/www.looduspood.ee\/ru\/\u043f\u0440\u043e\u0434\u0443\u043a\u0442\/\u0442\u0430\u0431\u043b\u0435\u0442\u043d\u0438\u0446\u0430-\u043f\u043e\u043c\u043e\u0436\u0435\u0442-\u0432\u0430\u043c-\u0432\u043e\u0432\u0440\u0435\u043c\u044f-\u043f\u0440\u0438\u043d\u0438\/\",\"name\":\"Tabletikarp - Aitab \u00f5igeaegselt tablette ja vitamiine v\u00f5tta &#8226; Looduspood\",\"isPartOf\":{\"@id\":\"https:\/\/www.looduspood.ee\/#website\"},\"primaryImageOfPage\":{\"@id\":\"https:\/\/www.looduspood.ee\/ru\/\u043f\u0440\u043e\u0434\u0443\u043a\u0442\/\u0442\u0430\u0431\u043b\u0435\u0442\u043d\u0438\u0446\u0430-\u043f\u043e\u043c\u043e\u0436\u0435\u0442-\u0432\u0430\u043c-\u0432\u043e\u0432\u0440\u0435\u043c\u044f-\u043f\u0440\u0438\u043d\u0438\/#primaryimage\"},\"image\":{\"@id\":\"https:\/\/www.looduspood.ee\/ru\/\u043f\u0440\u043e\u0434\u0443\u043a\u0442\/\u0442\u0430\u0431\u043b\u0435\u0442\u043d\u0438\u0446\u0430-\u043f\u043e\u043c\u043e\u0436\u0435\u0442-\u0432\u0430\u043c-\u0432\u043e\u0432\u0440\u0435\u043c\u044f-\u043f\u0440\u0438\u043d\u0438\/#primaryimage\"},\"thumbnailUrl\":\"https:\/\/www.looduspood.ee\/wp-content\/uploads\/2020\/07\/tabletikarp-1-jpg.avif\",\"datePublished\":\"2020-07-07T12:53:56+00:00\",\"dateModified\":\"2024-02-06T15:51:07+00:00\",\"description\":\"Tabletikarp aitab \u00f5igeaegselt tablette ja vitamiine v\u00f5tta. Tabletikarp sisaldab 4 kastikest. Lihtne kotti mahutada ja kaasas kanda.\",\"breadcrumb\":{\"@id\":\"https:\/\/www.looduspood.ee\/ru\/\u043f\u0440\u043e\u0434\u0443\u043a\u0442\/\u0442\u0430\u0431\u043b\u0435\u0442\u043d\u0438\u0446\u0430-\u043f\u043e\u043c\u043e\u0436\u0435\u0442-\u0432\u0430\u043c-\u0432\u043e\u0432\u0440\u0435\u043c\u044f-\u043f\u0440\u0438\u043d\u0438\/#breadcrumb\"},\"inLanguage\":\"ru-RU\",\"potentialAction\":[{\"@type\":\"ReadAction\",\"target\":[\"https:\/\/www.looduspood.ee\/ru\/\u043f\u0440\u043e\u0434\u0443\u043a\u0442\/\u0442\u0430\u0431\u043b\u0435\u0442\u043d\u0438\u0446\u0430-\u043f\u043e\u043c\u043e\u0436\u0435\u0442-\u0432\u0430\u043c-\u0432\u043e\u0432\u0440\u0435\u043c\u044f-\u043f\u0440\u0438\u043d\u0438\/\"]}]},{\"@type\":\"ImageObject\",\"inLanguage\":\"ru-RU\",\"@id\":\"https:\/\/www.looduspood.ee\/ru\/\u043f\u0440\u043e\u0434\u0443\u043a\u0442\/\u0442\u0430\u0431\u043b\u0435\u0442\u043d\u0438\u0446\u0430-\u043f\u043e\u043c\u043e\u0436\u0435\u0442-\u0432\u0430\u043c-\u0432\u043e\u0432\u0440\u0435\u043c\u044f-\u043f\u0440\u0438\u043d\u0438\/#primaryimage\",\"url\":\"https:\/\/www.looduspood.ee\/wp-content\/uploads\/2020\/07\/tabletikarp-1-jpg.avif\",\"contentUrl\":\"https:\/\/www.looduspood.ee\/wp-content\/uploads\/2020\/07\/tabletikarp-1-jpg.avif\",\"width\":600,\"height\":600},{\"@type\":\"BreadcrumbList\",\"@id\":\"https:\/\/www.looduspood.ee\/ru\/\u043f\u0440\u043e\u0434\u0443\u043a\u0442\/\u0442\u0430\u0431\u043b\u0435\u0442\u043d\u0438\u0446\u0430-\u043f\u043e\u043c\u043e\u0436\u0435\u0442-\u0432\u0430\u043c-\u0432\u043e\u0432\u0440\u0435\u043c\u044f-\u043f\u0440\u0438\u043d\u0438\/#breadcrumb\",\"itemListElement\":[{\"@type\":\"ListItem\",\"position\":1,\"name\":\"Home\",\"item\":\"https:\/\/www.looduspood.ee\/\"},{\"@type\":\"ListItem\",\"position\":2,\"name\":\"Pood\",\"item\":\"https:\/\/www.looduspood.ee\/looduspood\/\"},{\"@type\":\"ListItem\",\"position\":3,\"name\":\"Tabletikarp &#8211; Aitab \u00f5igeaegselt tablette ja vitamiine v\u00f5tta, lihtne kotti mahutada ja kaasas kanda\"}]},{\"@type\":\"WebSite\",\"@id\":\"https:\/\/www.looduspood.ee\/#website\",\"url\":\"https:\/\/www.looduspood.ee\/\",\"name\":\"Looduspood\",\"description\":\"Looduspood\",\"publisher\":{\"@id\":\"https:\/\/www.looduspood.ee\/#organization\"},\"potentialAction\":[{\"@type\":\"SearchAction\",\"target\":{\"@type\":\"EntryPoint\",\"urlTemplate\":\"https:\/\/www.looduspood.ee\/?s={search_term_string}\"},\"query-input\":\"required name=search_term_string\"}],\"inLanguage\":\"ru-RU\"},{\"@type\":\"Organization\",\"@id\":\"https:\/\/www.looduspood.ee\/#organization\",\"name\":\"Looduspood\",\"url\":\"https:\/\/www.looduspood.ee\/\",\"logo\":{\"@type\":\"ImageObject\",\"inLanguage\":\"ru-RU\",\"@id\":\"https:\/\/www.looduspood.ee\/#\/schema\/logo\/image\/\",\"url\":\"https:\/\/www.looduspood.ee\/wp-content\/uploads\/2019\/07\/morkva-1.png\",\"contentUrl\":\"https:\/\/www.looduspood.ee\/wp-content\/uploads\/2019\/07\/morkva-1.png\",\"width\":258,\"height\":162,\"caption\":\"Looduspood\"},\"image\":{\"@id\":\"https:\/\/www.looduspood.ee\/#\/schema\/logo\/image\/\"},\"sameAs\":[\"https:\/\/www.facebook.com\/Looduspood-2064766730406653\/\",\"https:\/\/www.youtube.com\/channel\/UCGxI8Tgkgvwn7Q9U8Qh6UgA?view_as=subscriber\"]}]}<\/script>\n<!-- \/ Yoast SEO plugin. -->","yoast_head_json":{"title":"Tabletikarp - Aitab \u00f5igeaegselt tablette ja vitamiine v\u00f5tta &#8226; Looduspood","description":"Tabletikarp aitab \u00f5igeaegselt tablette ja vitamiine v\u00f5tta. Tabletikarp sisaldab 4 kastikest. Lihtne kotti mahutada ja kaasas kanda.","robots":{"index":"index","follow":"follow","max-snippet":"max-snippet:-1","max-image-preview":"max-image-preview:large","max-video-preview":"max-video-preview:-1"},"canonical":"https:\/\/www.looduspood.ee\/ru\/\u043f\u0440\u043e\u0434\u0443\u043a\u0442\/\u0442\u0430\u0431\u043b\u0435\u0442\u043d\u0438\u0446\u0430-\u043f\u043e\u043c\u043e\u0436\u0435\u0442-\u0432\u0430\u043c-\u0432\u043e\u0432\u0440\u0435\u043c\u044f-\u043f\u0440\u0438\u043d\u0438\/","og_locale":"ru_RU","og_type":"article","og_title":"Tabletikarp - Aitab \u00f5igeaegselt tablette ja vitamiine v\u00f5tta.","og_description":"Tabletikarp aitab \u00f5igeaegselt tablette ja vitamiine v\u00f5tta. Tabletikarp sisaldab 4 kastikest. Lihtne kotti mahutada ja kaasas kanda.","og_url":"https:\/\/www.looduspood.ee\/ru\/\u043f\u0440\u043e\u0434\u0443\u043a\u0442\/\u0442\u0430\u0431\u043b\u0435\u0442\u043d\u0438\u0446\u0430-\u043f\u043e\u043c\u043e\u0436\u0435\u0442-\u0432\u0430\u043c-\u0432\u043e\u0432\u0440\u0435\u043c\u044f-\u043f\u0440\u0438\u043d\u0438\/","og_site_name":"Looduspood","article_publisher":"https:\/\/www.facebook.com\/Looduspood-2064766730406653\/","article_modified_time":"2024-02-06T15:51:07+00:00","og_image":[{"width":600,"height":600,"url":"https:\/\/www.looduspood.ee\/wp-content\/uploads\/2020\/07\/tabletikarp.jpg","type":"image\/jpeg"}],"twitter_card":"summary_large_image","schema":{"@context":"https:\/\/schema.org","@graph":[{"@type":"WebPage","@id":"https:\/\/www.looduspood.ee\/ru\/\u043f\u0440\u043e\u0434\u0443\u043a\u0442\/\u0442\u0430\u0431\u043b\u0435\u0442\u043d\u0438\u0446\u0430-\u043f\u043e\u043c\u043e\u0436\u0435\u0442-\u0432\u0430\u043c-\u0432\u043e\u0432\u0440\u0435\u043c\u044f-\u043f\u0440\u0438\u043d\u0438\/","url":"https:\/\/www.looduspood.ee\/ru\/\u043f\u0440\u043e\u0434\u0443\u043a\u0442\/\u0442\u0430\u0431\u043b\u0435\u0442\u043d\u0438\u0446\u0430-\u043f\u043e\u043c\u043e\u0436\u0435\u0442-\u0432\u0430\u043c-\u0432\u043e\u0432\u0440\u0435\u043c\u044f-\u043f\u0440\u0438\u043d\u0438\/","name":"Tabletikarp - Aitab \u00f5igeaegselt tablette ja vitamiine v\u00f5tta &#8226; Looduspood","isPartOf":{"@id":"https:\/\/www.looduspood.ee\/#website"},"primaryImageOfPage":{"@id":"https:\/\/www.looduspood.ee\/ru\/\u043f\u0440\u043e\u0434\u0443\u043a\u0442\/\u0442\u0430\u0431\u043b\u0435\u0442\u043d\u0438\u0446\u0430-\u043f\u043e\u043c\u043e\u0436\u0435\u0442-\u0432\u0430\u043c-\u0432\u043e\u0432\u0440\u0435\u043c\u044f-\u043f\u0440\u0438\u043d\u0438\/#primaryimage"},"image":{"@id":"https:\/\/www.looduspood.ee\/ru\/\u043f\u0440\u043e\u0434\u0443\u043a\u0442\/\u0442\u0430\u0431\u043b\u0435\u0442\u043d\u0438\u0446\u0430-\u043f\u043e\u043c\u043e\u0436\u0435\u0442-\u0432\u0430\u043c-\u0432\u043e\u0432\u0440\u0435\u043c\u044f-\u043f\u0440\u0438\u043d\u0438\/#primaryimage"},"thumbnailUrl":"https:\/\/www.looduspood.ee\/wp-content\/uploads\/2020\/07\/tabletikarp-1-jpg.avif","datePublished":"2020-07-07T12:53:56+00:00","dateModified":"2024-02-06T15:51:07+00:00","description":"Tabletikarp aitab \u00f5igeaegselt tablette ja vitamiine v\u00f5tta. Tabletikarp sisaldab 4 kastikest. Lihtne kotti mahutada ja kaasas kanda.","breadcrumb":{"@id":"https:\/\/www.looduspood.ee\/ru\/\u043f\u0440\u043e\u0434\u0443\u043a\u0442\/\u0442\u0430\u0431\u043b\u0435\u0442\u043d\u0438\u0446\u0430-\u043f\u043e\u043c\u043e\u0436\u0435\u0442-\u0432\u0430\u043c-\u0432\u043e\u0432\u0440\u0435\u043c\u044f-\u043f\u0440\u0438\u043d\u0438\/#breadcrumb"},"inLanguage":"ru-RU","potentialAction":[{"@type":"ReadAction","target":["https:\/\/www.looduspood.ee\/ru\/\u043f\u0440\u043e\u0434\u0443\u043a\u0442\/\u0442\u0430\u0431\u043b\u0435\u0442\u043d\u0438\u0446\u0430-\u043f\u043e\u043c\u043e\u0436\u0435\u0442-\u0432\u0430\u043c-\u0432\u043e\u0432\u0440\u0435\u043c\u044f-\u043f\u0440\u0438\u043d\u0438\/"]}]},{"@type":"ImageObject","inLanguage":"ru-RU","@id":"https:\/\/www.looduspood.ee\/ru\/\u043f\u0440\u043e\u0434\u0443\u043a\u0442\/\u0442\u0430\u0431\u043b\u0435\u0442\u043d\u0438\u0446\u0430-\u043f\u043e\u043c\u043e\u0436\u0435\u0442-\u0432\u0430\u043c-\u0432\u043e\u0432\u0440\u0435\u043c\u044f-\u043f\u0440\u0438\u043d\u0438\/#primaryimage","url":"https:\/\/www.looduspood.ee\/wp-content\/uploads\/2020\/07\/tabletikarp-1-jpg.avif","contentUrl":"https:\/\/www.looduspood.ee\/wp-content\/uploads\/2020\/07\/tabletikarp-1-jpg.avif","width":600,"height":600},{"@type":"BreadcrumbList","@id":"https:\/\/www.looduspood.ee\/ru\/\u043f\u0440\u043e\u0434\u0443\u043a\u0442\/\u0442\u0430\u0431\u043b\u0435\u0442\u043d\u0438\u0446\u0430-\u043f\u043e\u043c\u043e\u0436\u0435\u0442-\u0432\u0430\u043c-\u0432\u043e\u0432\u0440\u0435\u043c\u044f-\u043f\u0440\u0438\u043d\u0438\/#breadcrumb","itemListElement":[{"@type":"ListItem","position":1,"name":"Home","item":"https:\/\/www.looduspood.ee\/"},{"@type":"ListItem","position":2,"name":"Pood","item":"https:\/\/www.looduspood.ee\/looduspood\/"},{"@type":"ListItem","position":3,"name":"Tabletikarp &#8211; Aitab \u00f5igeaegselt tablette ja vitamiine v\u00f5tta, lihtne kotti mahutada ja kaasas kanda"}]},{"@type":"WebSite","@id":"https:\/\/www.looduspood.ee\/#website","url":"https:\/\/www.looduspood.ee\/","name":"Looduspood","description":"Looduspood","publisher":{"@id":"https:\/\/www.looduspood.ee\/#organization"},"potentialAction":[{"@type":"SearchAction","target":{"@type":"EntryPoint","urlTemplate":"https:\/\/www.looduspood.ee\/?s={search_term_string}"},"query-input":"required name=search_term_string"}],"inLanguage":"ru-RU"},{"@type":"Organization","@id":"https:\/\/www.looduspood.ee\/#organization","name":"Looduspood","url":"https:\/\/www.looduspood.ee\/","logo":{"@type":"ImageObject","inLanguage":"ru-RU","@id":"https:\/\/www.looduspood.ee\/#\/schema\/logo\/image\/","url":"https:\/\/www.looduspood.ee\/wp-content\/uploads\/2019\/07\/morkva-1.png","contentUrl":"https:\/\/www.looduspood.ee\/wp-content\/uploads\/2019\/07\/morkva-1.png","width":258,"height":162,"caption":"Looduspood"},"image":{"@id":"https:\/\/www.looduspood.ee\/#\/schema\/logo\/image\/"},"sameAs":["https:\/\/www.facebook.com\/Looduspood-2064766730406653\/","https:\/\/www.youtube.com\/channel\/UCGxI8Tgkgvwn7Q9U8Qh6UgA?view_as=subscriber"]}]}},"tiered_pricing_type":"fixed","tiered_pricing_fixed_rules":[],"_links":{"self":[{"href":"https:\/\/www.looduspood.ee\/ru\/wp-json\/wp\/v2\/product\/25750"}],"collection":[{"href":"https:\/\/www.looduspood.ee\/ru\/wp-json\/wp\/v2\/product"}],"about":[{"href":"https:\/\/www.looduspood.ee\/ru\/wp-json\/wp\/v2\/types\/product"}],"replies":[{"embeddable":true,"href":"https:\/\/www.looduspood.ee\/ru\/wp-json\/wp\/v2\/comments?post=25750"}],"version-history":[{"count":0,"href":"https:\/\/www.looduspood.ee\/ru\/wp-json\/wp\/v2\/product\/25750\/revisions"}],"wp:featuredmedia":[{"embeddable":true,"href":"https:\/\/www.looduspood.ee\/ru\/wp-json\/wp\/v2\/media\/25756"}],"wp:attachment":[{"href":"https:\/\/www.looduspood.ee\/ru\/wp-json\/wp\/v2\/media?parent=25750"}],"wp:term":[{"taxonomy":"product_cat","embeddable":true,"href":"https:\/\/www.looduspood.ee\/ru\/wp-json\/wp\/v2\/product_cat?post=25750"},{"taxonomy":"product_tag","embeddable":true,"href":"https:\/\/www.looduspood.ee\/ru\/wp-json\/wp\/v2\/product_tag?post=25750"}],"curies":[{"name":"wp","href":"https:\/\/api.w.org\/{rel}","templated":true}]}}