{"id":2763,"date":"2019-08-11T12:42:25","date_gmt":"2019-08-11T09:42:25","guid":{"rendered":"https:\/\/www.looduspood.ee\/?post_type=product&#038;p=2763"},"modified":"2023-03-11T00:22:43","modified_gmt":"2023-03-10T21:22:43","slug":"kollageen-nahka-pinguldav-naokreem-100ml","status":"publish","type":"product","link":"https:\/\/www.looduspood.ee\/ru\/product\/\u043a\u043e\u043b\u043b\u0430\u0433\u0435\u043d\u043e\u0432\u0430\u044f-\u043c\u0430\u0441\u043a\u0430-\u043a\u0440\u0435\u043c-\u0434\u043b\u044f-\u043f\u043e\u0434\u0442\u044f\u0436\u043a\u0438\/","title":{"rendered":"\u041a\u0440\u0435\u043c \u0434\u043b\u044f \u043b\u0438\u0446\u0430 \u0441 \u043a\u043e\u043b\u043b\u0430\u0433\u0435\u043d\u043e\u043c \u0434\u043b\u044f \u0443\u043a\u0440\u0435\u043f\u043b\u0435\u043d\u0438\u044f \u043a\u043e\u0436\u0438 - 100 \u043c\u043b"},"content":{"rendered":"<div data-elementor-type=\"product-post\" data-elementor-id=\"2763\" class=\"elementor elementor-2763\" data-elementor-post-type=\"product\">\n\t\t\t\t\t\t<section class=\"elementor-section elementor-top-section elementor-element elementor-element-d852935 elementor-section-stretched elementor-section-boxed elementor-section-height-default elementor-section-height-default\" data-id=\"d852935\" data-element_type=\"section\" data-settings=\"{&quot;stretch_section&quot;:&quot;section-stretched&quot;,&quot;background_background&quot;:&quot;classic&quot;}\">\n\t\t\t\t\t\t<div class=\"elementor-container elementor-column-gap-default\">\n\t\t\t\t\t<div class=\"elementor-column elementor-col-100 elementor-top-column elementor-element elementor-element-41e6878\" data-id=\"41e6878\" data-element_type=\"column\">\n\t\t\t<div class=\"elementor-widget-wrap elementor-element-populated\">\n\t\t\t\t\t\t<div class=\"elementor-element elementor-element-7e6243c elementor-widget elementor-widget-heading\" data-id=\"7e6243c\" data-element_type=\"widget\" data-widget_type=\"heading.default\">\n\t\t\t\t<div class=\"elementor-widget-container\">\n\t\t\t<style>\/*! elementor - v3.23.0 - 15-07-2024 *\/\n.elementor-heading-title{padding:0;margin:0;line-height:1}.elementor-widget-heading .elementor-heading-title[class*=elementor-size-]>a{color:inherit;font-size:inherit;line-height:inherit}.elementor-widget-heading .elementor-heading-title.elementor-size-small{font-size:15px}.elementor-widget-heading .elementor-heading-title.elementor-size-medium{font-size:19px}.elementor-widget-heading .elementor-heading-title.elementor-size-large{font-size:29px}.elementor-widget-heading .elementor-heading-title.elementor-size-xl{font-size:39px}.elementor-widget-heading .elementor-heading-title.elementor-size-xxl{font-size:59px}<\/style><h2 class=\"elementor-heading-title elementor-size-default\">\u041a\u043e\u043b\u043b\u0430\u0433\u0435\u043d\u043e\u0432\u044b\u0439 \u043a\u0440\u0435\u043c \u0434\u043b\u044f \u043b\u0438\u0446\u0430 100 \u043c\u043b<\/h2>\t\t<\/div>\n\t\t\t\t<\/div>\n\t\t\t\t<div class=\"elementor-element elementor-element-7389249 elementor-widget elementor-widget-text-editor\" data-id=\"7389249\" data-element_type=\"widget\" data-widget_type=\"text-editor.default\">\n\t\t\t\t<div class=\"elementor-widget-container\">\n\t\t\t<style>\/*! elementor - v3.23.0 - 15-07-2024 *\/\n.elementor-widget-text-editor.elementor-drop-cap-view-stacked .elementor-drop-cap{background-color:#69727d;color:#fff}.elementor-widget-text-editor.elementor-drop-cap-view-framed .elementor-drop-cap{color:#69727d;border:3px solid;background-color:transparent}.elementor-widget-text-editor:not(.elementor-drop-cap-view-default) .elementor-drop-cap{margin-top:8px}.elementor-widget-text-editor:not(.elementor-drop-cap-view-default) .elementor-drop-cap-letter{width:1em;height:1em}.elementor-widget-text-editor .elementor-drop-cap{float:left;text-align:center;line-height:1;font-size:50px}.elementor-widget-text-editor .elementor-drop-cap-letter{display:inline-block}<\/style>\t\t\t\t\u041a\u043e\u043b\u043b\u0430\u0433\u0435\u043d - \u043e\u0441\u043d\u043e\u0432\u043d\u043e\u0439 \u0441\u0442\u0440\u0443\u043a\u0442\u0443\u0440\u043d\u044b\u0439 \u0431\u0435\u043b\u043e\u043a \u0441\u043e\u0435\u0434\u0438\u043d\u0438\u0442\u0435\u043b\u044c\u043d\u043e\u0439 \u0442\u043a\u0430\u043d\u0438, \u0441\u043e\u0441\u0442\u0430\u0432\u043b\u044f\u044e\u0449\u0438\u0439 25%-35% \u043e\u0442 \u043e\u0431\u0449\u0435\u0433\u043e \u043a\u043e\u043b\u0438\u0447\u0435\u0441\u0442\u0432\u0430 \u0431\u0435\u043b\u043a\u0430 \u043e\u0440\u0433\u0430\u043d\u0438\u0437\u043c\u0430. \u041a\u043e\u043b\u043b\u0430\u0433\u0435\u043d \u0441\u043e\u0434\u0435\u0440\u0436\u0438\u0442\u0441\u044f \u0432 \u043a\u043e\u0441\u0442\u044f\u0445, \u043c\u044b\u0448\u0446\u0430\u0445 \u0438 \u043a\u043e\u0436\u0435. \u041a\u043e\u043b\u043b\u0430\u0433\u0435\u043d \u043f\u0440\u0438\u0434\u0430\u0435\u0442 \u043a\u043e\u0436\u0435 \u043f\u0440\u043e\u0447\u043d\u043e\u0441\u0442\u044c, \u044d\u043b\u0430\u0441\u0442\u0438\u0447\u043d\u043e\u0441\u0442\u044c \u0438 \u043c\u043e\u043b\u043e\u0434\u043e\u0441\u0442\u044c. \u041c\u043e\u0436\u043d\u043e \u0441\u043a\u0430\u0437\u0430\u0442\u044c, \u0447\u0442\u043e \u044d\u0442\u043e \u0441\u0442\u0440\u043e\u0438\u0442\u0435\u043b\u044c\u043d\u044b\u0435 \u0431\u043b\u043e\u043a\u0438 \u043d\u0430\u0448\u0435\u0439 \u043a\u0440\u0430\u0441\u0438\u0432\u043e\u0439 \u0432\u043d\u0435\u0448\u043d\u043e\u0441\u0442\u0438.\n\t\t\t\t\t\t<\/div>\n\t\t\t\t<\/div>\n\t\t\t\t<div class=\"elementor-element elementor-element-31b6488 elementor-icon-list--layout-traditional elementor-list-item-link-full_width elementor-widget elementor-widget-icon-list\" data-id=\"31b6488\" data-element_type=\"widget\" data-widget_type=\"icon-list.default\">\n\t\t\t\t<div class=\"elementor-widget-container\">\n\t\t\t<link rel=\"stylesheet\" href=\"https:\/\/www.looduspood.ee\/wp-content\/plugins\/elementor\/assets\/css\/widget-icon-list.min.css\">\t\t<ul class=\"elementor-icon-list-items\">\n\t\t\t\t\t\t\t<li class=\"elementor-icon-list-item\">\n\t\t\t\t\t\t\t\t\t\t\t<span class=\"elementor-icon-list-icon\">\n\t\t\t\t\t\t\t\t\t\t\t\t\t\t\t\t<i class=\"fa fa-chevron-right\" aria-hidden=\"true\"><\/i>\n\t\t\t\t\t\t\t\t\t\t\t\t\t<\/span>\n\t\t\t\t\t\t\t\t\t\t<span class=\"elementor-icon-list-text\">\u041a\u043e\u043b\u043b\u0430\u0433\u0435\u043d - \u0438\u0441\u0442\u043e\u0447\u043d\u0438\u043a \u043c\u043e\u043b\u043e\u0434\u043e\u0441\u0442\u0438;<\/span>\n\t\t\t\t\t\t\t\t\t<\/li>\n\t\t\t\t\t\t\t\t<li class=\"elementor-icon-list-item\">\n\t\t\t\t\t\t\t\t\t\t\t<span class=\"elementor-icon-list-icon\">\n\t\t\t\t\t\t\t\t\t\t\t\t\t\t\t\t<i class=\"fa fa-chevron-right\" aria-hidden=\"true\"><\/i>\n\t\t\t\t\t\t\t\t\t\t\t\t\t<\/span>\n\t\t\t\t\t\t\t\t\t\t<span class=\"elementor-icon-list-text\">\u041a\u043e\u043b\u043b\u0430\u0433\u0435\u043d \u043f\u0440\u0438\u0434\u0430\u0435\u0442 \u043a\u043e\u0436\u0435 \u043f\u0440\u043e\u0447\u043d\u043e\u0441\u0442\u044c, \u044d\u043b\u0430\u0441\u0442\u0438\u0447\u043d\u043e\u0441\u0442\u044c \u0438 \u043c\u043e\u043b\u043e\u0434\u043e\u0441\u0442\u044c;<\/span>\n\t\t\t\t\t\t\t\t\t<\/li>\n\t\t\t\t\t\t\t\t<li class=\"elementor-icon-list-item\">\n\t\t\t\t\t\t\t\t\t\t\t<span class=\"elementor-icon-list-icon\">\n\t\t\t\t\t\t\t\t\t\t\t\t\t\t\t\t<i class=\"fa fa-chevron-right\" aria-hidden=\"true\"><\/i>\n\t\t\t\t\t\t\t\t\t\t\t\t\t<\/span>\n\t\t\t\t\t\t\t\t\t\t<span class=\"elementor-icon-list-text\">\u0417\u0430\u0449\u0438\u0449\u0430\u0435\u0442 \u043a\u043e\u0436\u0443 \u043e\u0442 \u0432\u0440\u0435\u0434\u043d\u043e\u0433\u043e \u0432\u043e\u0437\u0434\u0435\u0439\u0441\u0442\u0432\u0438\u044f \u0432\u043d\u0435\u0448\u043d\u0435\u0439 \u0441\u0440\u0435\u0434\u044b;<\/span>\n\t\t\t\t\t\t\t\t\t<\/li>\n\t\t\t\t\t\t\t\t<li class=\"elementor-icon-list-item\">\n\t\t\t\t\t\t\t\t\t\t\t<span class=\"elementor-icon-list-icon\">\n\t\t\t\t\t\t\t\t\t\t\t\t\t\t\t\t<i class=\"fa fa-chevron-right\" aria-hidden=\"true\"><\/i>\n\t\t\t\t\t\t\t\t\t\t\t\t\t<\/span>\n\t\t\t\t\t\t\t\t\t\t<span class=\"elementor-icon-list-text\">\u0421\u043f\u043e\u0441\u043e\u0431\u0441\u0442\u0432\u0443\u0435\u0442 \u043e\u0431\u043d\u043e\u0432\u043b\u0435\u043d\u0438\u044e \u0438 \u0440\u0435\u0433\u0435\u043d\u0435\u0440\u0430\u0446\u0438\u0438 \u043a\u043e\u0436\u0438;<\/span>\n\t\t\t\t\t\t\t\t\t<\/li>\n\t\t\t\t\t\t<\/ul>\n\t\t\t\t<\/div>\n\t\t\t\t<\/div>\n\t\t\t\t\t<\/div>\n\t\t<\/div>\n\t\t\t\t\t<\/div>\n\t\t<\/section>\n\t\t\t\t<section class=\"elementor-section elementor-top-section elementor-element elementor-element-f657094 elementor-section-stretched elementor-section-boxed elementor-section-height-default elementor-section-height-default\" data-id=\"f657094\" data-element_type=\"section\" data-settings=\"{&quot;stretch_section&quot;:&quot;section-stretched&quot;,&quot;background_background&quot;:&quot;classic&quot;}\">\n\t\t\t\t\t\t<div class=\"elementor-container elementor-column-gap-default\">\n\t\t\t\t\t<div class=\"elementor-column elementor-col-100 elementor-top-column elementor-element elementor-element-2219ca8\" data-id=\"2219ca8\" data-element_type=\"column\">\n\t\t\t<div class=\"elementor-widget-wrap elementor-element-populated\">\n\t\t\t\t\t\t<div class=\"elementor-element elementor-element-9ce4049 elementor-widget elementor-widget-heading\" data-id=\"9ce4049\" data-element_type=\"widget\" data-widget_type=\"heading.default\">\n\t\t\t\t<div class=\"elementor-widget-container\">\n\t\t\t<h2 class=\"elementor-heading-title elementor-size-default\">\u0420\u0415\u041a\u041e\u041c\u0415\u041d\u0414\u0410\u0426\u0418\u0418 \u041f\u041e \u041f\u0420\u0418\u041c\u0415\u041d\u0415\u041d\u0418\u042e \u0418 \u041f\u0420\u041e\u0422\u0418\u0412\u041e\u041f\u041e\u041a\u0410\u0417\u0410\u041d\u0418\u042f<\/h2>\t\t<\/div>\n\t\t\t\t<\/div>\n\t\t\t\t<div class=\"elementor-element elementor-element-a6ddd83 elementor-widget elementor-widget-text-editor\" data-id=\"a6ddd83\" data-element_type=\"widget\" data-widget_type=\"text-editor.default\">\n\t\t\t\t<div class=\"elementor-widget-container\">\n\t\t\t\t\t\t\t\u041d\u0430\u043d\u043e\u0441\u0438\u0442\u0435 \u043d\u0435\u0431\u043e\u043b\u044c\u0448\u043e\u0435 \u043a\u043e\u043b\u0438\u0447\u0435\u0441\u0442\u0432\u043e \u043a\u043e\u043b\u043b\u0430\u0433\u0435\u043d\u043e\u0432\u043e\u0433\u043e \u043a\u0440\u0435\u043c\u0430 \u043d\u0430 \u0436\u0435\u043b\u0430\u0435\u043c\u044b\u0435 \u0443\u0447\u0430\u0441\u0442\u043a\u0438 \u043a\u043e\u0436\u0438 \u0443\u0442\u0440\u043e\u043c \u043f\u043e\u0441\u043b\u0435 \u0443\u043c\u044b\u0432\u0430\u043d\u0438\u044f \u0438 \u0432\u0435\u0447\u0435\u0440\u043e\u043c \u043f\u0435\u0440\u0435\u0434 \u0441\u043d\u043e\u043c. \u041f\u0435\u0440\u0435\u0434 \u043f\u0435\u0440\u0432\u043e\u0439 \u043f\u0440\u043e\u0446\u0435\u0434\u0443\u0440\u043e\u0439 \u043f\u0440\u043e\u0432\u0435\u0434\u0438\u0442\u0435 \u0442\u0435\u0441\u0442 \u043d\u0430 \u0447\u0443\u0432\u0441\u0442\u0432\u0438\u0442\u0435\u043b\u044c\u043d\u043e\u0441\u0442\u044c. \u0414\u043b\u044f \u044d\u0442\u043e\u0433\u043e \u043d\u0430\u043d\u0435\u0441\u0438\u0442\u0435 \u043d\u0435\u0431\u043e\u043b\u044c\u0448\u043e\u0435 \u043a\u043e\u043b\u0438\u0447\u0435\u0441\u0442\u0432\u043e \u043a\u0440\u0435\u043c\u0430 \u043d\u0430 \u0437\u0430\u043f\u044f\u0441\u0442\u044c\u0435 \u0438 \u043e\u0441\u0442\u0430\u0432\u044c\u0442\u0435 \u043d\u0430 20-40 \u043c\u0438\u043d\u0443\u0442. \u0415\u0441\u043b\u0438 \u043d\u0435\u0442 \u043d\u0435\u043f\u0440\u0438\u044f\u0442\u043d\u043e\u0439 \u0440\u0435\u0430\u043a\u0446\u0438\u0438 (\u0437\u0443\u0434\u0430, \u043f\u043e\u043a\u0440\u0430\u0441\u043d\u0435\u043d\u0438\u044f \u0438\u043b\u0438 \u0434\u0440\u0443\u0433\u0438\u0445 \u043f\u0440\u043e\u044f\u0432\u043b\u0435\u043d\u0438\u0439), \u043a\u043e\u043b\u043b\u0430\u0433\u0435\u043d\u043e\u0432\u044b\u0439 \u043a\u0440\u0435\u043c \u043c\u043e\u0436\u043d\u043e \u0438\u0441\u043f\u043e\u043b\u044c\u0437\u043e\u0432\u0430\u0442\u044c \u043d\u0430 \u043b\u0438\u0446\u0435. \u0418\u0437\u0431\u0435\u0433\u0430\u0439\u0442\u0435 \u043f\u043e\u043f\u0430\u0434\u0430\u043d\u0438\u044f \u0432 \u0433\u043b\u0430\u0437\u0430!\n\t\t\t\t\t\t<\/div>\n\t\t\t\t<\/div>\n\t\t\t\t\t<\/div>\n\t\t<\/div>\n\t\t\t\t\t<\/div>\n\t\t<\/section>\n\t\t\t\t<\/div>","protected":false},"excerpt":{"rendered":"<p><img decoding=\"async\" class=\"emoji\" draggable=\"false\" src=\"https:\/\/s.w.org\/images\/core\/emoji\/12.0.0-1\/svg\/2714.svg\" alt=\"\u2714\ufe0f\" \/> \u041a\u043e\u043b\u043b\u0430\u0433\u0435\u043d - \u0438\u0441\u0442\u043e\u0447\u043d\u0438\u043a \u043c\u043e\u043b\u043e\u0434\u043e\u0441\u0442\u0438.<br \/>\n<img decoding=\"async\" class=\"emoji\" draggable=\"false\" src=\"https:\/\/s.w.org\/images\/core\/emoji\/12.0.0-1\/svg\/2714.svg\" alt=\"\u2714\ufe0f\" \/> \u041a\u043e\u043b\u043b\u0430\u0433\u0435\u043d \u043f\u0440\u0438\u0434\u0430\u0435\u0442 \u043a\u043e\u0436\u0435 \u043f\u0440\u043e\u0447\u043d\u043e\u0441\u0442\u044c, \u044d\u043b\u0430\u0441\u0442\u0438\u0447\u043d\u043e\u0441\u0442\u044c \u0438 \u043c\u043e\u043b\u043e\u0434\u043e\u0441\u0442\u044c.<br \/>\n<img decoding=\"async\" class=\"emoji\" draggable=\"false\" src=\"https:\/\/s.w.org\/images\/core\/emoji\/12.0.0-1\/svg\/2714.svg\" alt=\"\u2714\ufe0f\" \/> \u0417\u0430\u0449\u0438\u0449\u0430\u0435\u0442 \u043a\u043e\u0436\u0443 \u043e\u0442 \u0432\u0440\u0435\u0434\u043d\u043e\u0433\u043e \u0432\u043e\u0437\u0434\u0435\u0439\u0441\u0442\u0432\u0438\u044f \u0432\u043d\u0435\u0448\u043d\u0435\u0439 \u0441\u0440\u0435\u0434\u044b.<br \/>\n<img decoding=\"async\" class=\"emoji\" draggable=\"false\" src=\"https:\/\/s.w.org\/images\/core\/emoji\/12.0.0-1\/svg\/2714.svg\" alt=\"\u2714\ufe0f\" \/> \u0421\u043f\u043e\u0441\u043e\u0431\u0441\u0442\u0432\u0443\u0435\u0442 \u043e\u0431\u043d\u043e\u0432\u043b\u0435\u043d\u0438\u044e \u0438 \u0440\u0435\u0433\u0435\u043d\u0435\u0440\u0430\u0446\u0438\u0438 \u043a\u043e\u0436\u0438.<\/p>","protected":false},"featured_media":2764,"comment_status":"closed","ping_status":"closed","template":"","meta":{"_acf_changed":false},"product_cat":[2860,2886,406],"product_tag":[],"class_list":{"0":"post-2763","1":"product","2":"type-product","3":"status-publish","4":"has-post-thumbnail","6":"product_cat-kehakreemid","7":"product_cat-naokreemid","8":"product_cat-vananemise-vastu","10":"first","11":"outofstock","12":"shipping-taxable","13":"purchasable","14":"product-type-simple"},"acf":[],"yoast_head":"<!-- This site is optimized with the Yoast SEO plugin v23.0 - https:\/\/yoast.com\/wordpress\/plugins\/seo\/ -->\n<title>Kollageen nahka pinguldav n\u00e4okreem - 100ml &#8226; Looduspood<\/title>\n<meta name=\"description\" content=\"Kollageen \u2013 nooruslikkuse allikas\u200e. N\u00e4okreem kollageeniga toetab loomuliku kollageeni t\u00f6\u00f6d, pinguldab ja silub nahka.\" \/>\n<meta name=\"robots\" content=\"index, follow, max-snippet:-1, max-image-preview:large, max-video-preview:-1\" \/>\n<link rel=\"canonical\" href=\"https:\/\/www.looduspood.ee\/ru\/product\/\u043a\u043e\u043b\u043b\u0430\u0433\u0435\u043d\u043e\u0432\u0430\u044f-\u043c\u0430\u0441\u043a\u0430-\u043a\u0440\u0435\u043c-\u0434\u043b\u044f-\u043f\u043e\u0434\u0442\u044f\u0436\u043a\u0438\/\" \/>\n<meta property=\"og:locale\" content=\"ru_RU\" \/>\n<meta property=\"og:type\" content=\"article\" \/>\n<meta property=\"og:title\" content=\"Kollageen nahka pinguldav n\u00e4okreem - 100ml &#8226; Looduspood\" \/>\n<meta property=\"og:description\" content=\"Kollageen \u2013 nooruslikkuse allikas\u200e. N\u00e4okreem kollageeniga toetab loomuliku kollageeni t\u00f6\u00f6d, pinguldab ja silub nahka.\" \/>\n<meta property=\"og:url\" content=\"https:\/\/www.looduspood.ee\/ru\/product\/\u043a\u043e\u043b\u043b\u0430\u0433\u0435\u043d\u043e\u0432\u0430\u044f-\u043c\u0430\u0441\u043a\u0430-\u043a\u0440\u0435\u043c-\u0434\u043b\u044f-\u043f\u043e\u0434\u0442\u044f\u0436\u043a\u0438\/\" \/>\n<meta property=\"og:site_name\" content=\"Looduspood\" \/>\n<meta property=\"article:publisher\" content=\"https:\/\/www.facebook.com\/Looduspood-2064766730406653\/\" \/>\n<meta property=\"article:modified_time\" content=\"2023-03-10T21:22:43+00:00\" \/>\n<meta property=\"og:image\" content=\"https:\/\/www.looduspood.ee\/wp-content\/uploads\/2019\/08\/image1-2.jpg\" \/>\n\t<meta property=\"og:image:width\" content=\"1600\" \/>\n\t<meta property=\"og:image:height\" content=\"1600\" \/>\n\t<meta property=\"og:image:type\" content=\"image\/jpeg\" \/>\n<meta name=\"twitter:card\" content=\"summary_large_image\" \/>\n<meta name=\"twitter:label1\" content=\"\u041f\u0440\u0438\u043c\u0435\u0440\u043d\u043e\u0435 \u0432\u0440\u0435\u043c\u044f \u0434\u043b\u044f \u0447\u0442\u0435\u043d\u0438\u044f\" \/>\n\t<meta name=\"twitter:data1\" content=\"1 \u043c\u0438\u043d\u0443\u0442\u0430\" \/>\n<script type=\"application\/ld+json\" class=\"yoast-schema-graph\">{\"@context\":\"https:\/\/schema.org\",\"@graph\":[{\"@type\":\"WebPage\",\"@id\":\"https:\/\/www.looduspood.ee\/toode\/kollageen-nahka-pinguldav-naokreem-100ml\/\",\"url\":\"https:\/\/www.looduspood.ee\/toode\/kollageen-nahka-pinguldav-naokreem-100ml\/\",\"name\":\"Kollageen nahka pinguldav n\u00e4okreem - 100ml &#8226; Looduspood\",\"isPartOf\":{\"@id\":\"https:\/\/www.looduspood.ee\/#website\"},\"primaryImageOfPage\":{\"@id\":\"https:\/\/www.looduspood.ee\/toode\/kollageen-nahka-pinguldav-naokreem-100ml\/#primaryimage\"},\"image\":{\"@id\":\"https:\/\/www.looduspood.ee\/toode\/kollageen-nahka-pinguldav-naokreem-100ml\/#primaryimage\"},\"thumbnailUrl\":\"https:\/\/www.looduspood.ee\/wp-content\/uploads\/2019\/08\/image1-2.jpg\",\"datePublished\":\"2019-08-11T09:42:25+00:00\",\"dateModified\":\"2023-03-10T21:22:43+00:00\",\"description\":\"Kollageen \u2013 nooruslikkuse allikas\u200e. N\u00e4okreem kollageeniga toetab loomuliku kollageeni t\u00f6\u00f6d, pinguldab ja silub nahka.\",\"breadcrumb\":{\"@id\":\"https:\/\/www.looduspood.ee\/toode\/kollageen-nahka-pinguldav-naokreem-100ml\/#breadcrumb\"},\"inLanguage\":\"ru-RU\",\"potentialAction\":[{\"@type\":\"ReadAction\",\"target\":[\"https:\/\/www.looduspood.ee\/toode\/kollageen-nahka-pinguldav-naokreem-100ml\/\"]}]},{\"@type\":\"ImageObject\",\"inLanguage\":\"ru-RU\",\"@id\":\"https:\/\/www.looduspood.ee\/toode\/kollageen-nahka-pinguldav-naokreem-100ml\/#primaryimage\",\"url\":\"https:\/\/www.looduspood.ee\/wp-content\/uploads\/2019\/08\/image1-2.jpg\",\"contentUrl\":\"https:\/\/www.looduspood.ee\/wp-content\/uploads\/2019\/08\/image1-2.jpg\",\"width\":1600,\"height\":1600},{\"@type\":\"BreadcrumbList\",\"@id\":\"https:\/\/www.looduspood.ee\/toode\/kollageen-nahka-pinguldav-naokreem-100ml\/#breadcrumb\",\"itemListElement\":[{\"@type\":\"ListItem\",\"position\":1,\"name\":\"Home\",\"item\":\"https:\/\/www.looduspood.ee\/\"},{\"@type\":\"ListItem\",\"position\":2,\"name\":\"Pood\",\"item\":\"https:\/\/www.looduspood.ee\/looduspood\/\"},{\"@type\":\"ListItem\",\"position\":3,\"name\":\"Kollageen nahka pinguldav n\u00e4okreem &#8211; 100ml\"}]},{\"@type\":\"WebSite\",\"@id\":\"https:\/\/www.looduspood.ee\/#website\",\"url\":\"https:\/\/www.looduspood.ee\/\",\"name\":\"Looduspood\",\"description\":\"Looduspood\",\"publisher\":{\"@id\":\"https:\/\/www.looduspood.ee\/#organization\"},\"potentialAction\":[{\"@type\":\"SearchAction\",\"target\":{\"@type\":\"EntryPoint\",\"urlTemplate\":\"https:\/\/www.looduspood.ee\/?s={search_term_string}\"},\"query-input\":\"required name=search_term_string\"}],\"inLanguage\":\"ru-RU\"},{\"@type\":\"Organization\",\"@id\":\"https:\/\/www.looduspood.ee\/#organization\",\"name\":\"Looduspood\",\"url\":\"https:\/\/www.looduspood.ee\/\",\"logo\":{\"@type\":\"ImageObject\",\"inLanguage\":\"ru-RU\",\"@id\":\"https:\/\/www.looduspood.ee\/#\/schema\/logo\/image\/\",\"url\":\"https:\/\/www.looduspood.ee\/wp-content\/uploads\/2019\/07\/morkva-1.png\",\"contentUrl\":\"https:\/\/www.looduspood.ee\/wp-content\/uploads\/2019\/07\/morkva-1.png\",\"width\":258,\"height\":162,\"caption\":\"Looduspood\"},\"image\":{\"@id\":\"https:\/\/www.looduspood.ee\/#\/schema\/logo\/image\/\"},\"sameAs\":[\"https:\/\/www.facebook.com\/Looduspood-2064766730406653\/\",\"https:\/\/www.youtube.com\/channel\/UCGxI8Tgkgvwn7Q9U8Qh6UgA?view_as=subscriber\"]}]}<\/script>\n<!-- \/ Yoast SEO plugin. -->","yoast_head_json":{"title":"Kollageen nahka pinguldav n\u00e4okreem - 100ml &#8226; Looduspood","description":"Kollageen \u2013 nooruslikkuse allikas\u200e. N\u00e4okreem kollageeniga toetab loomuliku kollageeni t\u00f6\u00f6d, pinguldab ja silub nahka.","robots":{"index":"index","follow":"follow","max-snippet":"max-snippet:-1","max-image-preview":"max-image-preview:large","max-video-preview":"max-video-preview:-1"},"canonical":"https:\/\/www.looduspood.ee\/ru\/product\/\u043a\u043e\u043b\u043b\u0430\u0433\u0435\u043d\u043e\u0432\u0430\u044f-\u043c\u0430\u0441\u043a\u0430-\u043a\u0440\u0435\u043c-\u0434\u043b\u044f-\u043f\u043e\u0434\u0442\u044f\u0436\u043a\u0438\/","og_locale":"ru_RU","og_type":"article","og_title":"Kollageen nahka pinguldav n\u00e4okreem - 100ml &#8226; Looduspood","og_description":"Kollageen \u2013 nooruslikkuse allikas\u200e. N\u00e4okreem kollageeniga toetab loomuliku kollageeni t\u00f6\u00f6d, pinguldab ja silub nahka.","og_url":"https:\/\/www.looduspood.ee\/ru\/product\/\u043a\u043e\u043b\u043b\u0430\u0433\u0435\u043d\u043e\u0432\u0430\u044f-\u043c\u0430\u0441\u043a\u0430-\u043a\u0440\u0435\u043c-\u0434\u043b\u044f-\u043f\u043e\u0434\u0442\u044f\u0436\u043a\u0438\/","og_site_name":"Looduspood","article_publisher":"https:\/\/www.facebook.com\/Looduspood-2064766730406653\/","article_modified_time":"2023-03-10T21:22:43+00:00","og_image":[{"width":1600,"height":1600,"url":"https:\/\/www.looduspood.ee\/wp-content\/uploads\/2019\/08\/image1-2.jpg","type":"image\/jpeg"}],"twitter_card":"summary_large_image","twitter_misc":{"\u041f\u0440\u0438\u043c\u0435\u0440\u043d\u043e\u0435 \u0432\u0440\u0435\u043c\u044f \u0434\u043b\u044f \u0447\u0442\u0435\u043d\u0438\u044f":"1 \u043c\u0438\u043d\u0443\u0442\u0430"},"schema":{"@context":"https:\/\/schema.org","@graph":[{"@type":"WebPage","@id":"https:\/\/www.looduspood.ee\/toode\/kollageen-nahka-pinguldav-naokreem-100ml\/","url":"https:\/\/www.looduspood.ee\/toode\/kollageen-nahka-pinguldav-naokreem-100ml\/","name":"Kollageen nahka pinguldav n\u00e4okreem - 100ml &#8226; Looduspood","isPartOf":{"@id":"https:\/\/www.looduspood.ee\/#website"},"primaryImageOfPage":{"@id":"https:\/\/www.looduspood.ee\/toode\/kollageen-nahka-pinguldav-naokreem-100ml\/#primaryimage"},"image":{"@id":"https:\/\/www.looduspood.ee\/toode\/kollageen-nahka-pinguldav-naokreem-100ml\/#primaryimage"},"thumbnailUrl":"https:\/\/www.looduspood.ee\/wp-content\/uploads\/2019\/08\/image1-2.jpg","datePublished":"2019-08-11T09:42:25+00:00","dateModified":"2023-03-10T21:22:43+00:00","description":"Kollageen \u2013 nooruslikkuse allikas\u200e. N\u00e4okreem kollageeniga toetab loomuliku kollageeni t\u00f6\u00f6d, pinguldab ja silub nahka.","breadcrumb":{"@id":"https:\/\/www.looduspood.ee\/toode\/kollageen-nahka-pinguldav-naokreem-100ml\/#breadcrumb"},"inLanguage":"ru-RU","potentialAction":[{"@type":"ReadAction","target":["https:\/\/www.looduspood.ee\/toode\/kollageen-nahka-pinguldav-naokreem-100ml\/"]}]},{"@type":"ImageObject","inLanguage":"ru-RU","@id":"https:\/\/www.looduspood.ee\/toode\/kollageen-nahka-pinguldav-naokreem-100ml\/#primaryimage","url":"https:\/\/www.looduspood.ee\/wp-content\/uploads\/2019\/08\/image1-2.jpg","contentUrl":"https:\/\/www.looduspood.ee\/wp-content\/uploads\/2019\/08\/image1-2.jpg","width":1600,"height":1600},{"@type":"BreadcrumbList","@id":"https:\/\/www.looduspood.ee\/toode\/kollageen-nahka-pinguldav-naokreem-100ml\/#breadcrumb","itemListElement":[{"@type":"ListItem","position":1,"name":"Home","item":"https:\/\/www.looduspood.ee\/"},{"@type":"ListItem","position":2,"name":"Pood","item":"https:\/\/www.looduspood.ee\/looduspood\/"},{"@type":"ListItem","position":3,"name":"Kollageen nahka pinguldav n\u00e4okreem &#8211; 100ml"}]},{"@type":"WebSite","@id":"https:\/\/www.looduspood.ee\/#website","url":"https:\/\/www.looduspood.ee\/","name":"Looduspood","description":"Looduspood","publisher":{"@id":"https:\/\/www.looduspood.ee\/#organization"},"potentialAction":[{"@type":"SearchAction","target":{"@type":"EntryPoint","urlTemplate":"https:\/\/www.looduspood.ee\/?s={search_term_string}"},"query-input":"required name=search_term_string"}],"inLanguage":"ru-RU"},{"@type":"Organization","@id":"https:\/\/www.looduspood.ee\/#organization","name":"Looduspood","url":"https:\/\/www.looduspood.ee\/","logo":{"@type":"ImageObject","inLanguage":"ru-RU","@id":"https:\/\/www.looduspood.ee\/#\/schema\/logo\/image\/","url":"https:\/\/www.looduspood.ee\/wp-content\/uploads\/2019\/07\/morkva-1.png","contentUrl":"https:\/\/www.looduspood.ee\/wp-content\/uploads\/2019\/07\/morkva-1.png","width":258,"height":162,"caption":"Looduspood"},"image":{"@id":"https:\/\/www.looduspood.ee\/#\/schema\/logo\/image\/"},"sameAs":["https:\/\/www.facebook.com\/Looduspood-2064766730406653\/","https:\/\/www.youtube.com\/channel\/UCGxI8Tgkgvwn7Q9U8Qh6UgA?view_as=subscriber"]}]}},"tiered_pricing_type":"fixed","tiered_pricing_fixed_rules":{"2":"6.90"},"_links":{"self":[{"href":"https:\/\/www.looduspood.ee\/ru\/wp-json\/wp\/v2\/product\/2763"}],"collection":[{"href":"https:\/\/www.looduspood.ee\/ru\/wp-json\/wp\/v2\/product"}],"about":[{"href":"https:\/\/www.looduspood.ee\/ru\/wp-json\/wp\/v2\/types\/product"}],"replies":[{"embeddable":true,"href":"https:\/\/www.looduspood.ee\/ru\/wp-json\/wp\/v2\/comments?post=2763"}],"version-history":[{"count":0,"href":"https:\/\/www.looduspood.ee\/ru\/wp-json\/wp\/v2\/product\/2763\/revisions"}],"wp:featuredmedia":[{"embeddable":true,"href":"https:\/\/www.looduspood.ee\/ru\/wp-json\/wp\/v2\/media\/2764"}],"wp:attachment":[{"href":"https:\/\/www.looduspood.ee\/ru\/wp-json\/wp\/v2\/media?parent=2763"}],"wp:term":[{"taxonomy":"product_cat","embeddable":true,"href":"https:\/\/www.looduspood.ee\/ru\/wp-json\/wp\/v2\/product_cat?post=2763"},{"taxonomy":"product_tag","embeddable":true,"href":"https:\/\/www.looduspood.ee\/ru\/wp-json\/wp\/v2\/product_tag?post=2763"}],"curies":[{"name":"wp","href":"https:\/\/api.w.org\/{rel}","templated":true}]}}