{"id":29369,"date":"2021-01-24T20:33:08","date_gmt":"2021-01-24T17:33:08","guid":{"rendered":"https:\/\/www.looduspood.ee\/?post_type=product&#038;p=29369"},"modified":"2024-12-30T00:18:00","modified_gmt":"2024-12-29T21:18:00","slug":"kollageen-liigestele-140g","status":"publish","type":"product","link":"https:\/\/www.looduspood.ee\/ru\/product\/\u043a\u043e\u043b\u043b\u0430\u0433\u0435\u043d-\u0434\u043b\u044f-\u0441\u0443\u0441\u0442\u0430\u0432\u043e\u0432-140-\u0433\/","title":{"rendered":"\u041a\u043e\u043b\u043b\u0430\u0433\u0435\u043d \u0434\u043b\u044f \u0441\u0443\u0441\u0442\u0430\u0432\u043e\u0432 140 \u0433 - \u0443\u043c\u0435\u043d\u044c\u0448\u0430\u0435\u0442 \u0442\u0440\u0435\u043d\u0438\u0435 \u0441\u0443\u0445\u043e\u0436\u0438\u043b\u0438\u0439 \u0438 \u0441\u0432\u044f\u0437\u043e\u043a"},"content":{"rendered":"<div data-elementor-type=\"product-post\" data-elementor-id=\"29369\" class=\"elementor elementor-29369\" data-elementor-post-type=\"product\">\n\t\t\t\t\t\t<section class=\"elementor-section elementor-top-section elementor-element elementor-element-65c61d3 elementor-section-boxed elementor-section-height-default elementor-section-height-default\" data-id=\"65c61d3\" data-element_type=\"section\">\n\t\t\t\t\t\t<div class=\"elementor-container elementor-column-gap-default\">\n\t\t\t\t\t<div class=\"elementor-column elementor-col-50 elementor-top-column elementor-element elementor-element-262198a\" data-id=\"262198a\" data-element_type=\"column\">\n\t\t\t<div class=\"elementor-widget-wrap elementor-element-populated\">\n\t\t\t\t\t\t<div class=\"elementor-element elementor-element-900c537 elementor-widget elementor-widget-video\" data-id=\"900c537\" data-element_type=\"widget\" data-settings=\"{&quot;youtube_url&quot;:&quot;https:\\\/\\\/youtu.be\\\/9sVGwmM-9sI&quot;,&quot;video_type&quot;:&quot;youtube&quot;,&quot;controls&quot;:&quot;yes&quot;}\" data-widget_type=\"video.default\">\n\t\t\t\t<div class=\"elementor-widget-container\">\n\t\t\t<style>\/*! elementor - v3.23.0 - 15-07-2024 *\/\n.elementor-widget-video .elementor-widget-container{overflow:hidden;transform:translateZ(0)}.elementor-widget-video .elementor-wrapper{aspect-ratio:var(--video-aspect-ratio)}.elementor-widget-video .elementor-wrapper iframe,.elementor-widget-video .elementor-wrapper video{height:100%;width:100%;display:flex;border:none;background-color:#000}@supports not (aspect-ratio:1\/1){.elementor-widget-video .elementor-wrapper{position:relative;overflow:hidden;height:0;padding-bottom:calc(100% \/ var(--video-aspect-ratio))}.elementor-widget-video .elementor-wrapper iframe,.elementor-widget-video .elementor-wrapper video{position:absolute;top:0;right:0;bottom:0;left:0}}.elementor-widget-video .elementor-open-inline .elementor-custom-embed-image-overlay{position:absolute;top:0;right:0;bottom:0;left:0;background-size:cover;background-position:50%}.elementor-widget-video .elementor-custom-embed-image-overlay{cursor:pointer;text-align:center}.elementor-widget-video .elementor-custom-embed-image-overlay:hover .elementor-custom-embed-play i{opacity:1}.elementor-widget-video .elementor-custom-embed-image-overlay img{display:block;width:100%;aspect-ratio:var(--video-aspect-ratio);-o-object-fit:cover;object-fit:cover;-o-object-position:center center;object-position:center center}@supports not (aspect-ratio:1\/1){.elementor-widget-video .elementor-custom-embed-image-overlay{position:relative;overflow:hidden;height:0;padding-bottom:calc(100% \/ var(--video-aspect-ratio))}.elementor-widget-video .elementor-custom-embed-image-overlay img{position:absolute;top:0;right:0;bottom:0;left:0}}.elementor-widget-video .e-hosted-video .elementor-video{-o-object-fit:cover;object-fit:cover}.e-con-inner>.elementor-widget-video,.e-con>.elementor-widget-video{width:var(--container-widget-width);--flex-grow:var(--container-widget-flex-grow)}<\/style>\t\t<div class=\"elementor-wrapper elementor-open-inline\">\n\t\t\t<div class=\"elementor-video\"><\/div>\t\t<\/div>\n\t\t\t\t<\/div>\n\t\t\t\t<\/div>\n\t\t\t\t\t<\/div>\n\t\t<\/div>\n\t\t\t\t<div class=\"elementor-column elementor-col-50 elementor-top-column elementor-element elementor-element-fa15ea0\" data-id=\"fa15ea0\" data-element_type=\"column\">\n\t\t\t<div class=\"elementor-widget-wrap\">\n\t\t\t\t\t\t\t<\/div>\n\t\t<\/div>\n\t\t\t\t\t<\/div>\n\t\t<\/section>\n\t\t\t\t<section class=\"elementor-section elementor-top-section elementor-element elementor-element-9443e21 elementor-section-stretched elementor-section-boxed elementor-section-height-default elementor-section-height-default\" data-id=\"9443e21\" data-element_type=\"section\" data-settings=\"{&quot;stretch_section&quot;:&quot;section-stretched&quot;,&quot;background_background&quot;:&quot;classic&quot;}\">\n\t\t\t\t\t\t<div class=\"elementor-container elementor-column-gap-default\">\n\t\t\t\t\t<div class=\"elementor-column elementor-col-100 elementor-top-column elementor-element elementor-element-f39c850\" data-id=\"f39c850\" data-element_type=\"column\">\n\t\t\t<div class=\"elementor-widget-wrap elementor-element-populated\">\n\t\t\t\t\t\t<div class=\"elementor-element elementor-element-bb1427b elementor-widget elementor-widget-heading\" data-id=\"bb1427b\" data-element_type=\"widget\" data-widget_type=\"heading.default\">\n\t\t\t\t<div class=\"elementor-widget-container\">\n\t\t\t<style>\/*! elementor - v3.23.0 - 15-07-2024 *\/\n.elementor-heading-title{padding:0;margin:0;line-height:1}.elementor-widget-heading .elementor-heading-title[class*=elementor-size-]>a{color:inherit;font-size:inherit;line-height:inherit}.elementor-widget-heading .elementor-heading-title.elementor-size-small{font-size:15px}.elementor-widget-heading .elementor-heading-title.elementor-size-medium{font-size:19px}.elementor-widget-heading .elementor-heading-title.elementor-size-large{font-size:29px}.elementor-widget-heading .elementor-heading-title.elementor-size-xl{font-size:39px}.elementor-widget-heading .elementor-heading-title.elementor-size-xxl{font-size:59px}<\/style><div class=\"elementor-heading-title elementor-size-default\">\u0415\u0413\u042d:<\/div>\t\t<\/div>\n\t\t\t\t<\/div>\n\t\t\t\t<div class=\"elementor-element elementor-element-a408cfd elementor-widget elementor-widget-text-editor\" data-id=\"a408cfd\" data-element_type=\"widget\" data-widget_type=\"text-editor.default\">\n\t\t\t\t<div class=\"elementor-widget-container\">\n\t\t\t<style>\/*! elementor - v3.23.0 - 15-07-2024 *\/\n.elementor-widget-text-editor.elementor-drop-cap-view-stacked .elementor-drop-cap{background-color:#69727d;color:#fff}.elementor-widget-text-editor.elementor-drop-cap-view-framed .elementor-drop-cap{color:#69727d;border:3px solid;background-color:transparent}.elementor-widget-text-editor:not(.elementor-drop-cap-view-default) .elementor-drop-cap{margin-top:8px}.elementor-widget-text-editor:not(.elementor-drop-cap-view-default) .elementor-drop-cap-letter{width:1em;height:1em}.elementor-widget-text-editor .elementor-drop-cap{float:left;text-align:center;line-height:1;font-size:50px}.elementor-widget-text-editor .elementor-drop-cap-letter{display:inline-block}<\/style>\t\t\t\t\u0420\u0435\u043a\u043e\u043c\u0435\u043d\u0434\u0443\u0435\u0442\u0441\u044f \u043f\u0440\u0438\u043c\u0435\u043d\u044f\u0442\u044c \u043a\u043e\u043b\u043b\u0430\u0433\u0435\u043d \u0434\u043b\u044f \u0441\u0443\u0441\u0442\u0430\u0432\u043e\u0432 \u043d\u0430\u0442\u043e\u0449\u0430\u043a \u0437\u0430 30-60 \u043c\u0438\u043d\u0443\u0442 \u0434\u043e \u043f\u0440\u0438\u0435\u043c\u0430 \u043f\u0438\u0449\u0438. \u0421\u043c\u0435\u0448\u0430\u0439\u0442\u0435 10 \u0433 \u043f\u043e\u0440\u043e\u0448\u043a\u0430 \u043a\u043e\u043b\u043b\u0430\u0433\u0435\u043d\u0430 \u0441 \u0432\u043e\u0434\u043e\u0439 \u0438 \u043e\u0441\u0442\u0430\u0432\u044c\u0442\u0435 \u043d\u0430 2 \u043c\u0438\u043d\u0443\u0442\u044b \u0434\u043b\u044f \u0440\u0430\u0441\u0442\u0432\u043e\u0440\u0435\u043d\u0438\u044f. \u0425\u0440\u0430\u043d\u0438\u0442\u044c \u0432 \u0441\u0443\u0445\u043e\u043c \u0438 \u043f\u0440\u043e\u0445\u043b\u0430\u0434\u043d\u043e\u043c \u043c\u0435\u0441\u0442\u0435. \u041d\u0435 \u043f\u0440\u0435\u0432\u044b\u0448\u0430\u0439\u0442\u0435 \u0440\u0435\u043a\u043e\u043c\u0435\u043d\u0434\u0443\u0435\u043c\u0443\u044e \u0441\u0443\u0442\u043e\u0447\u043d\u0443\u044e \u043d\u043e\u0440\u043c\u0443. \u041d\u0435 \u0438\u0441\u043f\u043e\u043b\u044c\u0437\u043e\u0432\u0430\u0442\u044c \u0432 \u043a\u0430\u0447\u0435\u0441\u0442\u0432\u0435 \u0437\u0430\u043c\u0435\u043d\u0438\u0442\u0435\u043b\u044f \u0440\u0430\u0437\u043d\u043e\u043e\u0431\u0440\u0430\u0437\u043d\u043e\u0433\u043e \u043f\u0438\u0442\u0430\u043d\u0438\u044f. \u0425\u0440\u0430\u043d\u0438\u0442\u044c \u0432 \u043d\u0435\u0434\u043e\u0441\u0442\u0443\u043f\u043d\u043e\u043c \u0434\u043b\u044f \u0434\u0435\u0442\u0435\u0439 \u043c\u0435\u0441\u0442\u0435!\n\t\t\t\t\t\t<\/div>\n\t\t\t\t<\/div>\n\t\t\t\t\t<\/div>\n\t\t<\/div>\n\t\t\t\t\t<\/div>\n\t\t<\/section>\n\t\t\t\t<section class=\"elementor-section elementor-top-section elementor-element elementor-element-657e9fe elementor-section-stretched elementor-section-boxed elementor-section-height-default elementor-section-height-default\" data-id=\"657e9fe\" data-element_type=\"section\" data-settings=\"{&quot;stretch_section&quot;:&quot;section-stretched&quot;,&quot;background_background&quot;:&quot;classic&quot;}\">\n\t\t\t\t\t\t<div class=\"elementor-container elementor-column-gap-default\">\n\t\t\t\t\t<div class=\"elementor-column elementor-col-100 elementor-top-column elementor-element elementor-element-d8cb12e\" data-id=\"d8cb12e\" data-element_type=\"column\">\n\t\t\t<div class=\"elementor-widget-wrap elementor-element-populated\">\n\t\t\t\t\t\t<div class=\"elementor-element elementor-element-cd0660e elementor-widget elementor-widget-heading\" data-id=\"cd0660e\" data-element_type=\"widget\" data-widget_type=\"heading.default\">\n\t\t\t\t<div class=\"elementor-widget-container\">\n\t\t\t<div class=\"elementor-heading-title elementor-size-default\">\u0421\u043e\u0441\u0442\u0430\u0432:<\/div>\t\t<\/div>\n\t\t\t\t<\/div>\n\t\t\t\t<section class=\"elementor-section elementor-inner-section elementor-element elementor-element-8f7bb73 elementor-section-full_width elementor-section-height-default elementor-section-height-default\" data-id=\"8f7bb73\" data-element_type=\"section\">\n\t\t\t\t\t\t<div class=\"elementor-container elementor-column-gap-no\">\n\t\t\t\t\t<div class=\"elementor-column elementor-col-100 elementor-inner-column elementor-element elementor-element-0102ce8\" data-id=\"0102ce8\" data-element_type=\"column\">\n\t\t\t<div class=\"elementor-widget-wrap elementor-element-populated\">\n\t\t\t\t\t\t<div class=\"elementor-element elementor-element-1898b32 elementor-widget elementor-widget-text-editor\" data-id=\"1898b32\" data-element_type=\"widget\" data-widget_type=\"text-editor.default\">\n\t\t\t\t<div class=\"elementor-widget-container\">\n\t\t\t\t\t\t\t\u0421\u043e\u0441\u0442\u0430\u0432:\u041f\u0435\u043f\u0442\u0438\u0434\u044b \u043a\u043e\u043b\u043b\u0430\u0433\u0435\u043d\u0430 Fortigel B (50%), \u043f\u043e\u0440\u043e\u0448\u043e\u043a MSM (\u043c\u0435\u0442\u0438\u043b\u0441\u0443\u043b\u044c\u0444\u0430\u043d\u0438\u043b\u043c\u0435\u0442\u0430\u043d) (30%), \u043f\u043e\u0440\u043e\u0448\u043e\u043a \u044f\u0433\u043e\u0434 \u0448\u0438\u043f\u043e\u0432\u043d\u0438\u043a\u0430 (Rosa canina) (10%), \u043d\u0430\u0442\u0443\u0440\u0430\u043b\u044c\u043d\u044b\u0439 \u0430\u043f\u0435\u043b\u044c\u0441\u0438\u043d\u043e\u0432\u044b\u0439 \u0430\u0440\u043e\u043c\u0430\u0442\u0438\u0437\u0430\u0442\u043e\u0440, \u043f\u043e\u0440\u043e\u0448\u043e\u043a Camu camu (Myrciaria dubia), \u0433\u043b\u0438\u043a\u043e\u0437\u0438\u0434\u044b \u0441\u0442\u0435\u0432\u0438\u0438 (0,5%).<br>\n\u041f\u0438\u0449\u0435\u0432\u0430\u044f \u0438\u043d\u0444\u043e\u0440\u043c\u0430\u0446\u0438\u044f \u043d\u0430 100 \u0433: \u044d\u043d\u0435\u0440\u0433\u0438\u044f 170,8 \u043a\u043a\u0430\u043b\/717,4 \u043a\u0414\u0436, \u0436\u0438\u0440\u044b. <1g (millest k\u00fcllastunud rasvhappeid 0g), s\u00fcsivesikuid 14,2g suhkruid <1g), kuidaineid 2,5g, valku 50g, soola <0,1g, c vitamiini 582,5mg(728% nrv).<br>\n\u041c\u0430\u0441\u0441\u0430 \u043d\u0435\u0442\u0442\u043e 140 \u0433. \u041f\u0440\u043e\u0438\u0437\u0432\u043e\u0434\u0438\u0442\u0435\u043b\u044c: Nature's finest, \u0421\u043b\u043e\u0432\u0435\u043d\u0438\u044f.\t\t\t\t\t\t<\/div>\n\t\t\t\t<\/div>\n\t\t\t\t\t<\/div>\n\t\t<\/div>\n\t\t\t\t\t<\/div>\n\t\t<\/section>\n\t\t\t\t\t<\/div>\n\t\t<\/div>\n\t\t\t\t\t<\/div>\n\t\t<\/section>\n\t\t\t\t<\/div>","protected":false},"excerpt":{"rendered":"<p>\u2714\ufe0f \u0423\u0441\u043a\u043e\u0440\u044f\u0435\u0442 \u0432\u043e\u0441\u0441\u0442\u0430\u043d\u043e\u0432\u043b\u0435\u043d\u0438\u0435 \u0445\u0440\u044f\u0449\u0435\u0432\u043e\u0439 \u0442\u043a\u0430\u043d\u0438;<br \/>\n\u2714\ufe0f \u041f\u0440\u0435\u0434\u043e\u0442\u0432\u0440\u0430\u0449\u0430\u0435\u0442 \u0432\u043e\u0441\u043f\u0430\u043b\u0435\u043d\u0438\u0435 \u0441\u0432\u044f\u0437\u043e\u043a \u0441\u0443\u0441\u0442\u0430\u0432\u043e\u0432 \u043f\u0440\u0438 \u0447\u0440\u0435\u0437\u043c\u0435\u0440\u043d\u043e\u0439 \u043d\u0430\u0433\u0440\u0443\u0437\u043a\u0435;<br \/>\n\u2714\ufe0f \u0421\u043d\u0438\u0436\u0430\u0435\u0442 \u0440\u0438\u0441\u043a \u0432\u044b\u0432\u0438\u0445\u043e\u0432 \u0438 \u0440\u0430\u0441\u0442\u044f\u0436\u0435\u043d\u0438\u0439;<br \/>\n\u2714\ufe0f \u041f\u043e\u043c\u043e\u0433\u0430\u0435\u0442 \u043f\u0440\u0438 \u0430\u0440\u0442\u0440\u0438\u0442\u0430\u0445, \u043e\u0441\u0442\u0435\u043e\u0445\u043e\u043d\u0434\u0440\u043e\u0437\u0430\u0445, \u0430\u0440\u0442\u0440\u043e\u0437\u0430\u0445, \u0430 \u0442\u0430\u043a\u0436\u0435 \u043f\u043e\u0441\u043b\u0435 \u043f\u0435\u0440\u0435\u043b\u043e\u043c\u043e\u0432, \u0432\u044b\u0432\u0438\u0445\u043e\u0432 \u0438 \u0440\u0430\u0441\u0442\u044f\u0436\u0435\u043d\u0438\u0439.<\/p>","protected":false},"featured_media":29370,"comment_status":"closed","ping_status":"closed","template":"","meta":{"_acf_changed":false},"product_cat":[2681,311,327],"product_tag":[],"class_list":{"0":"post-29369","1":"product","2":"type-product","3":"status-publish","4":"has-post-thumbnail","6":"product_cat-toidulisandid-liigestele","7":"product_cat-mineraalid","8":"product_cat-vitamiinid","10":"first","11":"outofstock","12":"sale","13":"shipping-taxable","14":"purchasable","15":"product-type-simple"},"acf":[],"yoast_head":"<!-- This site is optimized with the Yoast SEO plugin v23.0 - https:\/\/yoast.com\/wordpress\/plugins\/seo\/ -->\n<title>Kollageen liigestele - v\u00e4hendab vigastuste riski &#8226; Looduspood<\/title>\n<meta name=\"description\" content=\"Kollageen liigestele 140g \u2714\ufe0f Kohe saadaval \u2714\ufe0f Kiire kohaletoimetamine \ud83e\udd55 Looduspood \u21161 veebis \u27a4 Klikkige ja k\u00fclastage!\" \/>\n<meta name=\"robots\" content=\"index, follow, max-snippet:-1, max-image-preview:large, max-video-preview:-1\" \/>\n<link rel=\"canonical\" href=\"https:\/\/www.looduspood.ee\/ru\/product\/\u043a\u043e\u043b\u043b\u0430\u0433\u0435\u043d-\u0434\u043b\u044f-\u0441\u0443\u0441\u0442\u0430\u0432\u043e\u0432-140-\u0433\/\" \/>\n<meta property=\"og:locale\" content=\"ru_RU\" \/>\n<meta property=\"og:type\" content=\"article\" \/>\n<meta property=\"og:title\" content=\"Kollageen liigestele 140g\" \/>\n<meta property=\"og:description\" content=\"Soovitame kasutada kollageeni liigestele t\u00fchja k\u00f5huga 30 - 60 minutit enne s\u00f6\u00f6ki. Segage 10 g kollageenipulbrit veega ja j\u00e4tke 2 minutiks lahustuma.\" \/>\n<meta property=\"og:url\" content=\"https:\/\/www.looduspood.ee\/ru\/product\/\u043a\u043e\u043b\u043b\u0430\u0433\u0435\u043d-\u0434\u043b\u044f-\u0441\u0443\u0441\u0442\u0430\u0432\u043e\u0432-140-\u0433\/\" \/>\n<meta property=\"og:site_name\" content=\"Looduspood\" \/>\n<meta property=\"article:publisher\" content=\"https:\/\/www.facebook.com\/Looduspood-2064766730406653\/\" \/>\n<meta property=\"article:modified_time\" content=\"2024-12-29T21:18:00+00:00\" \/>\n<meta property=\"og:image\" content=\"https:\/\/www.looduspood.ee\/wp-content\/uploads\/2021\/01\/Kollageen-liigestele-jpg.avif\" \/>\n\t<meta property=\"og:image:width\" content=\"600\" \/>\n\t<meta property=\"og:image:height\" content=\"600\" \/>\n\t<meta property=\"og:image:type\" content=\"image\/jpeg\" \/>\n<meta name=\"twitter:card\" content=\"summary_large_image\" \/>\n<script type=\"application\/ld+json\" class=\"yoast-schema-graph\">{\"@context\":\"https:\/\/schema.org\",\"@graph\":[{\"@type\":\"WebPage\",\"@id\":\"https:\/\/www.looduspood.ee\/toode\/kollageen-liigestele-140g\/\",\"url\":\"https:\/\/www.looduspood.ee\/toode\/kollageen-liigestele-140g\/\",\"name\":\"Kollageen liigestele - v\u00e4hendab vigastuste riski &#8226; Looduspood\",\"isPartOf\":{\"@id\":\"https:\/\/www.looduspood.ee\/#website\"},\"primaryImageOfPage\":{\"@id\":\"https:\/\/www.looduspood.ee\/toode\/kollageen-liigestele-140g\/#primaryimage\"},\"image\":{\"@id\":\"https:\/\/www.looduspood.ee\/toode\/kollageen-liigestele-140g\/#primaryimage\"},\"thumbnailUrl\":\"https:\/\/www.looduspood.ee\/wp-content\/uploads\/2021\/01\/Kollageen-liigestele-jpg.avif\",\"datePublished\":\"2021-01-24T17:33:08+00:00\",\"dateModified\":\"2024-12-29T21:18:00+00:00\",\"description\":\"Kollageen liigestele 140g \u2714\ufe0f Kohe saadaval \u2714\ufe0f Kiire kohaletoimetamine \ud83e\udd55 Looduspood \u21161 veebis \u27a4 Klikkige ja k\u00fclastage!\",\"breadcrumb\":{\"@id\":\"https:\/\/www.looduspood.ee\/toode\/kollageen-liigestele-140g\/#breadcrumb\"},\"inLanguage\":\"ru-RU\",\"potentialAction\":[{\"@type\":\"ReadAction\",\"target\":[\"https:\/\/www.looduspood.ee\/toode\/kollageen-liigestele-140g\/\"]}]},{\"@type\":\"ImageObject\",\"inLanguage\":\"ru-RU\",\"@id\":\"https:\/\/www.looduspood.ee\/toode\/kollageen-liigestele-140g\/#primaryimage\",\"url\":\"https:\/\/www.looduspood.ee\/wp-content\/uploads\/2021\/01\/Kollageen-liigestele-jpg.avif\",\"contentUrl\":\"https:\/\/www.looduspood.ee\/wp-content\/uploads\/2021\/01\/Kollageen-liigestele-jpg.avif\",\"width\":600,\"height\":600},{\"@type\":\"BreadcrumbList\",\"@id\":\"https:\/\/www.looduspood.ee\/toode\/kollageen-liigestele-140g\/#breadcrumb\",\"itemListElement\":[{\"@type\":\"ListItem\",\"position\":1,\"name\":\"Home\",\"item\":\"https:\/\/www.looduspood.ee\/\"},{\"@type\":\"ListItem\",\"position\":2,\"name\":\"Pood\",\"item\":\"https:\/\/www.looduspood.ee\/looduspood\/\"},{\"@type\":\"ListItem\",\"position\":3,\"name\":\"Kollageen liigestele 140g \u2013 V\u00e4hendab k\u00f5\u00f5luste ja sidemete h\u00f5\u00f5rdumist\"}]},{\"@type\":\"WebSite\",\"@id\":\"https:\/\/www.looduspood.ee\/#website\",\"url\":\"https:\/\/www.looduspood.ee\/\",\"name\":\"Looduspood\",\"description\":\"Looduspood\",\"publisher\":{\"@id\":\"https:\/\/www.looduspood.ee\/#organization\"},\"potentialAction\":[{\"@type\":\"SearchAction\",\"target\":{\"@type\":\"EntryPoint\",\"urlTemplate\":\"https:\/\/www.looduspood.ee\/?s={search_term_string}\"},\"query-input\":\"required name=search_term_string\"}],\"inLanguage\":\"ru-RU\"},{\"@type\":\"Organization\",\"@id\":\"https:\/\/www.looduspood.ee\/#organization\",\"name\":\"Looduspood\",\"url\":\"https:\/\/www.looduspood.ee\/\",\"logo\":{\"@type\":\"ImageObject\",\"inLanguage\":\"ru-RU\",\"@id\":\"https:\/\/www.looduspood.ee\/#\/schema\/logo\/image\/\",\"url\":\"https:\/\/www.looduspood.ee\/wp-content\/uploads\/2019\/07\/morkva-1.png\",\"contentUrl\":\"https:\/\/www.looduspood.ee\/wp-content\/uploads\/2019\/07\/morkva-1.png\",\"width\":258,\"height\":162,\"caption\":\"Looduspood\"},\"image\":{\"@id\":\"https:\/\/www.looduspood.ee\/#\/schema\/logo\/image\/\"},\"sameAs\":[\"https:\/\/www.facebook.com\/Looduspood-2064766730406653\/\",\"https:\/\/www.youtube.com\/channel\/UCGxI8Tgkgvwn7Q9U8Qh6UgA?view_as=subscriber\"]}]}<\/script>\n<!-- \/ Yoast SEO plugin. -->","yoast_head_json":{"title":"Kollageen liigestele - v\u00e4hendab vigastuste riski &#8226; Looduspood","description":"Kollageen liigestele 140g \u2714\ufe0f Kohe saadaval \u2714\ufe0f Kiire kohaletoimetamine \ud83e\udd55 Looduspood \u21161 veebis \u27a4 Klikkige ja k\u00fclastage!","robots":{"index":"index","follow":"follow","max-snippet":"max-snippet:-1","max-image-preview":"max-image-preview:large","max-video-preview":"max-video-preview:-1"},"canonical":"https:\/\/www.looduspood.ee\/ru\/product\/\u043a\u043e\u043b\u043b\u0430\u0433\u0435\u043d-\u0434\u043b\u044f-\u0441\u0443\u0441\u0442\u0430\u0432\u043e\u0432-140-\u0433\/","og_locale":"ru_RU","og_type":"article","og_title":"Kollageen liigestele 140g","og_description":"Soovitame kasutada kollageeni liigestele t\u00fchja k\u00f5huga 30 - 60 minutit enne s\u00f6\u00f6ki. Segage 10 g kollageenipulbrit veega ja j\u00e4tke 2 minutiks lahustuma.","og_url":"https:\/\/www.looduspood.ee\/ru\/product\/\u043a\u043e\u043b\u043b\u0430\u0433\u0435\u043d-\u0434\u043b\u044f-\u0441\u0443\u0441\u0442\u0430\u0432\u043e\u0432-140-\u0433\/","og_site_name":"Looduspood","article_publisher":"https:\/\/www.facebook.com\/Looduspood-2064766730406653\/","article_modified_time":"2024-12-29T21:18:00+00:00","og_image":[{"width":600,"height":600,"url":"https:\/\/www.looduspood.ee\/wp-content\/uploads\/2021\/01\/Kollageen-liigestele-jpg.avif","type":"image\/jpeg"}],"twitter_card":"summary_large_image","schema":{"@context":"https:\/\/schema.org","@graph":[{"@type":"WebPage","@id":"https:\/\/www.looduspood.ee\/toode\/kollageen-liigestele-140g\/","url":"https:\/\/www.looduspood.ee\/toode\/kollageen-liigestele-140g\/","name":"Kollageen liigestele - v\u00e4hendab vigastuste riski &#8226; Looduspood","isPartOf":{"@id":"https:\/\/www.looduspood.ee\/#website"},"primaryImageOfPage":{"@id":"https:\/\/www.looduspood.ee\/toode\/kollageen-liigestele-140g\/#primaryimage"},"image":{"@id":"https:\/\/www.looduspood.ee\/toode\/kollageen-liigestele-140g\/#primaryimage"},"thumbnailUrl":"https:\/\/www.looduspood.ee\/wp-content\/uploads\/2021\/01\/Kollageen-liigestele-jpg.avif","datePublished":"2021-01-24T17:33:08+00:00","dateModified":"2024-12-29T21:18:00+00:00","description":"Kollageen liigestele 140g \u2714\ufe0f Kohe saadaval \u2714\ufe0f Kiire kohaletoimetamine \ud83e\udd55 Looduspood \u21161 veebis \u27a4 Klikkige ja k\u00fclastage!","breadcrumb":{"@id":"https:\/\/www.looduspood.ee\/toode\/kollageen-liigestele-140g\/#breadcrumb"},"inLanguage":"ru-RU","potentialAction":[{"@type":"ReadAction","target":["https:\/\/www.looduspood.ee\/toode\/kollageen-liigestele-140g\/"]}]},{"@type":"ImageObject","inLanguage":"ru-RU","@id":"https:\/\/www.looduspood.ee\/toode\/kollageen-liigestele-140g\/#primaryimage","url":"https:\/\/www.looduspood.ee\/wp-content\/uploads\/2021\/01\/Kollageen-liigestele-jpg.avif","contentUrl":"https:\/\/www.looduspood.ee\/wp-content\/uploads\/2021\/01\/Kollageen-liigestele-jpg.avif","width":600,"height":600},{"@type":"BreadcrumbList","@id":"https:\/\/www.looduspood.ee\/toode\/kollageen-liigestele-140g\/#breadcrumb","itemListElement":[{"@type":"ListItem","position":1,"name":"Home","item":"https:\/\/www.looduspood.ee\/"},{"@type":"ListItem","position":2,"name":"Pood","item":"https:\/\/www.looduspood.ee\/looduspood\/"},{"@type":"ListItem","position":3,"name":"Kollageen liigestele 140g \u2013 V\u00e4hendab k\u00f5\u00f5luste ja sidemete h\u00f5\u00f5rdumist"}]},{"@type":"WebSite","@id":"https:\/\/www.looduspood.ee\/#website","url":"https:\/\/www.looduspood.ee\/","name":"Looduspood","description":"Looduspood","publisher":{"@id":"https:\/\/www.looduspood.ee\/#organization"},"potentialAction":[{"@type":"SearchAction","target":{"@type":"EntryPoint","urlTemplate":"https:\/\/www.looduspood.ee\/?s={search_term_string}"},"query-input":"required name=search_term_string"}],"inLanguage":"ru-RU"},{"@type":"Organization","@id":"https:\/\/www.looduspood.ee\/#organization","name":"Looduspood","url":"https:\/\/www.looduspood.ee\/","logo":{"@type":"ImageObject","inLanguage":"ru-RU","@id":"https:\/\/www.looduspood.ee\/#\/schema\/logo\/image\/","url":"https:\/\/www.looduspood.ee\/wp-content\/uploads\/2019\/07\/morkva-1.png","contentUrl":"https:\/\/www.looduspood.ee\/wp-content\/uploads\/2019\/07\/morkva-1.png","width":258,"height":162,"caption":"Looduspood"},"image":{"@id":"https:\/\/www.looduspood.ee\/#\/schema\/logo\/image\/"},"sameAs":["https:\/\/www.facebook.com\/Looduspood-2064766730406653\/","https:\/\/www.youtube.com\/channel\/UCGxI8Tgkgvwn7Q9U8Qh6UgA?view_as=subscriber"]}]}},"tiered_pricing_type":"fixed","tiered_pricing_fixed_rules":[],"_links":{"self":[{"href":"https:\/\/www.looduspood.ee\/ru\/wp-json\/wp\/v2\/product\/29369"}],"collection":[{"href":"https:\/\/www.looduspood.ee\/ru\/wp-json\/wp\/v2\/product"}],"about":[{"href":"https:\/\/www.looduspood.ee\/ru\/wp-json\/wp\/v2\/types\/product"}],"replies":[{"embeddable":true,"href":"https:\/\/www.looduspood.ee\/ru\/wp-json\/wp\/v2\/comments?post=29369"}],"version-history":[{"count":0,"href":"https:\/\/www.looduspood.ee\/ru\/wp-json\/wp\/v2\/product\/29369\/revisions"}],"wp:featuredmedia":[{"embeddable":true,"href":"https:\/\/www.looduspood.ee\/ru\/wp-json\/wp\/v2\/media\/29370"}],"wp:attachment":[{"href":"https:\/\/www.looduspood.ee\/ru\/wp-json\/wp\/v2\/media?parent=29369"}],"wp:term":[{"taxonomy":"product_cat","embeddable":true,"href":"https:\/\/www.looduspood.ee\/ru\/wp-json\/wp\/v2\/product_cat?post=29369"},{"taxonomy":"product_tag","embeddable":true,"href":"https:\/\/www.looduspood.ee\/ru\/wp-json\/wp\/v2\/product_tag?post=29369"}],"curies":[{"name":"wp","href":"https:\/\/api.w.org\/{rel}","templated":true}]}}