{"id":32662,"date":"2021-04-05T23:34:50","date_gmt":"2021-04-05T20:34:50","guid":{"rendered":"https:\/\/www.looduspood.ee\/?post_type=product&#038;p=32662"},"modified":"2023-03-10T23:54:12","modified_gmt":"2023-03-10T20:54:12","slug":"chicmic-metallist-lounasoogikarp-bioloco-sky-coral","status":"publish","type":"product","link":"https:\/\/www.looduspood.ee\/ru\/product\/\u043c\u0435\u0442\u0430\u043b\u043b\u0438\u0447\u0435\u0441\u043a\u0438\u0439-\u043b\u0430\u043d\u0447\u0431\u043e\u043a\u0441-chicmic-bioloco-sky-coral\/","title":{"rendered":"\u041c\u0435\u0442\u0430\u043b\u043b\u0438\u0447\u0435\u0441\u043a\u0438\u0439 \u043b\u0430\u043d\u0447-\u0431\u043e\u043a\u0441 ChicMic Bioloco Sky Coral"},"content":{"rendered":"<div data-elementor-type=\"product-post\" data-elementor-id=\"32662\" class=\"elementor elementor-32662\" data-elementor-post-type=\"product\">\n\t\t\t\t\t\t<section class=\"elementor-section elementor-top-section elementor-element elementor-element-d19c72f elementor-section-boxed elementor-section-height-default elementor-section-height-default\" data-id=\"d19c72f\" data-element_type=\"section\">\n\t\t\t\t\t\t<div class=\"elementor-container elementor-column-gap-default\">\n\t\t\t\t\t<div class=\"elementor-column elementor-col-100 elementor-top-column elementor-element elementor-element-3ad4fe9\" data-id=\"3ad4fe9\" data-element_type=\"column\">\n\t\t\t<div class=\"elementor-widget-wrap elementor-element-populated\">\n\t\t\t\t\t\t<div class=\"elementor-element elementor-element-9b49ace elementor-widget elementor-widget-text-editor\" data-id=\"9b49ace\" data-element_type=\"widget\" data-widget_type=\"text-editor.default\">\n\t\t\t\t<div class=\"elementor-widget-container\">\n\t\t\t<style>\/*! elementor - v3.23.0 - 15-07-2024 *\/\n.elementor-widget-text-editor.elementor-drop-cap-view-stacked .elementor-drop-cap{background-color:#69727d;color:#fff}.elementor-widget-text-editor.elementor-drop-cap-view-framed .elementor-drop-cap{color:#69727d;border:3px solid;background-color:transparent}.elementor-widget-text-editor:not(.elementor-drop-cap-view-default) .elementor-drop-cap{margin-top:8px}.elementor-widget-text-editor:not(.elementor-drop-cap-view-default) .elementor-drop-cap-letter{width:1em;height:1em}.elementor-widget-text-editor .elementor-drop-cap{float:left;text-align:center;line-height:1;font-size:50px}.elementor-widget-text-editor .elementor-drop-cap-letter{display:inline-block}<\/style>\t\t\t\t\u041f\u0438\u0449\u0435\u0432\u044b\u0435 \u043a\u043e\u043d\u0442\u0435\u0439\u043d\u0435\u0440\u044b ChicMic Bioloco \u0441\u0435\u0440\u0438\u0438 Sky \u0438\u0437\u0433\u043e\u0442\u043e\u0432\u043b\u0435\u043d\u044b \u0438\u0437 \u0432\u044b\u0441\u043e\u043a\u043e\u043a\u0430\u0447\u0435\u0441\u0442\u0432\u0435\u043d\u043d\u043e\u0439 \u043d\u0435\u0440\u0436\u0430\u0432\u0435\u044e\u0449\u0435\u0439 \u0441\u0442\u0430\u043b\u0438. \u042d\u0442\u0438 \u0431\u043e\u043a\u0441\u044b \u0438\u0434\u0435\u0430\u043b\u044c\u043d\u043e \u043f\u043e\u0434\u0445\u043e\u0434\u044f\u0442 \u0434\u043b\u044f \u043f\u0443\u0442\u0435\u0448\u0435\u0441\u0442\u0432\u0438\u0439.\n\u0412 \u0431\u043e\u043a\u0441\u0435 \u043d\u0435 \u043e\u0441\u0442\u0430\u0435\u0442\u0441\u044f \u0432\u043a\u0443\u0441\u043e\u0432 \u0438 \u0437\u0430\u043f\u0430\u0445\u043e\u0432 \u0434\u0440\u0443\u0433\u0438\u0445 \u0431\u043b\u044e\u0434.<br>\n\u0412\u043d\u0443\u0442\u0440\u0438 \u0431\u043e\u043a\u0441\u0430 \u043d\u0430\u0445\u043e\u0434\u0438\u0442\u0441\u044f \u0441\u0432\u043e\u0431\u043e\u0434\u043d\u043e \u043f\u0435\u0440\u0435\u043c\u0435\u0449\u0430\u0435\u043c\u044b\u0439 \u0434\u043e\u0437\u0430\u0442\u043e\u0440 \u043f\u0440\u043e\u0434\u0443\u043a\u0442\u043e\u0432.\n\u041a\u0440\u044b\u0448\u043a\u0430 \u0431\u043e\u043a\u0441\u0430 \u043e\u0441\u043d\u0430\u0449\u0435\u043d\u0430 \u0441\u0438\u0441\u0442\u0435\u043c\u043e\u0439 \u043a\u043b\u0430\u043f\u0430\u043d\u043e\u0432-\u0433\u0430\u0437\u043e\u0432 \u0434\u043b\u044f \u0433\u0435\u0440\u043c\u0435\u0442\u0438\u0447\u043d\u043e\u0433\u043e \u0437\u0430\u043a\u0440\u044b\u0442\u0438\u044f \u043a\u0440\u044b\u0448\u043a\u0438.\n\u041e\u0431\u044a\u0435\u043c \u0431\u043e\u043a\u0441\u0430 \u0434\u043b\u044f \u043f\u0440\u043e\u0434\u0443\u043a\u0442\u043e\u0432 \u0441\u043e\u0441\u0442\u0430\u0432\u043b\u044f\u0435\u0442 \u043f\u0440\u0438\u043c\u0435\u0440\u043d\u043e 1,9 \u043b, \u0440\u0430\u0437\u043c\u0435\u0440\u044b - 20 x 14 x 7 \u0441\u043c (\u0434\u043b\u0438\u043d\u0430 x \u0448\u0438\u0440\u0438\u043d\u0430 x \u0432\u044b\u0441\u043e\u0442\u0430).<br>\n\u0420\u0435\u043a\u043e\u043c\u0435\u043d\u0434\u0443\u0435\u0442\u0441\u044f \u043c\u044b\u0442\u044c \u0442\u043e\u043b\u044c\u043a\u043e \u0432\u0440\u0443\u0447\u043d\u0443\u044e.\n\u041d\u0435 \u0438\u0441\u043f\u043e\u043b\u044c\u0437\u0443\u0439\u0442\u0435 \u043a\u043e\u043d\u0442\u0435\u0439\u043d\u0435\u0440 \u0434\u043b\u044f \u0435\u0434\u044b \u0432 \u043c\u0438\u043a\u0440\u043e\u0432\u043e\u043b\u043d\u043e\u0432\u043e\u0439 \u043f\u0435\u0447\u0438.<br>\n\u042d\u0442\u043e \u043a\u043b\u0438\u043c\u0430\u0442\u0438\u0447\u0435\u0441\u043a\u0438 \u043d\u0435\u0439\u0442\u0440\u0430\u043b\u044c\u043d\u044b\u0439 \u043f\u0440\u043e\u0434\u0443\u043a\u0442. \u042d\u0442\u043e \u043e\u0437\u043d\u0430\u0447\u0430\u0435\u0442, \u0447\u0442\u043e \u0432 \u043f\u0440\u043e\u0446\u0435\u0441\u0441\u0435 \u043f\u0440\u043e\u0438\u0437\u0432\u043e\u0434\u0441\u0442\u0432\u0430 \u0438\u0441\u043f\u043e\u043b\u044c\u0437\u043e\u0432\u0430\u043d\u043e \u043c\u0438\u043d\u0438\u043c\u0430\u043b\u044c\u043d\u043e\u0435 \u043a\u043e\u043b\u0438\u0447\u0435\u0441\u0442\u0432\u043e \u0443\u0433\u043b\u0435\u043a\u0438\u0441\u043b\u043e\u0433\u043e \u0433\u0430\u0437\u0430, \u0447\u0442\u043e \u0441\u043d\u0438\u0436\u0430\u0435\u0442 \u043f\u0430\u0440\u043d\u0438\u043a\u043e\u0432\u044b\u0439 \u044d\u0444\u0444\u0435\u043a\u0442 \u043d\u0430 \u0417\u0435\u043c\u043b\u0435.\t\t\t\t\t\t<\/div>\n\t\t\t\t<\/div>\n\t\t\t\t\t<\/div>\n\t\t<\/div>\n\t\t\t\t\t<\/div>\n\t\t<\/section>\n\t\t\t\t<\/div>","protected":false},"excerpt":{"rendered":"<p>\u2714\ufe0f \u0418\u0437\u0433\u043e\u0442\u043e\u0432\u043b\u0435\u043d \u0438\u0437 \u0432\u044b\u0441\u043e\u043a\u043e\u043a\u0430\u0447\u0435\u0441\u0442\u0432\u0435\u043d\u043d\u043e\u0439 \u043d\u0435\u0440\u0436\u0430\u0432\u0435\u044e\u0449\u0435\u0439 \u0441\u0442\u0430\u043b\u0438;<br \/>\n\u2714\ufe0f \u041e\u0431\u043e\u043b\u043e\u0447\u043a\u0430 \u043d\u0435 \u043e\u0441\u0442\u0430\u0432\u043b\u044f\u0435\u0442 \u043f\u043e\u0441\u043b\u0435 \u0441\u0435\u0431\u044f \u0432\u043a\u0443\u0441\u043e\u0432 \u0438 \u0430\u0440\u043e\u043c\u0430\u0442\u043e\u0432 \u0434\u0440\u0443\u0433\u0438\u0445 \u0431\u043b\u044e\u0434;<br \/>\n\u2714\ufe0f \u0412\u043d\u0443\u0442\u0440\u0438 \u043a\u043e\u0440\u043e\u0431\u043a\u0438 \u043d\u0430\u0445\u043e\u0434\u0438\u0442\u0441\u044f \u0441\u0432\u043e\u0431\u043e\u0434\u043d\u043e \u043f\u0435\u0440\u0435\u043c\u0435\u0449\u0430\u044e\u0449\u0438\u0439\u0441\u044f \u0434\u043e\u0437\u0430\u0442\u043e\u0440 \u043f\u0438\u0449\u0438;<br \/>\n\u2714\ufe0f \u041a\u0440\u044b\u0448\u043a\u0430 \u044f\u0449\u0438\u043a\u0430 \u0441\u043d\u0430\u0431\u0436\u0435\u043d\u0430 \u0441\u0438\u0441\u0442\u0435\u043c\u043e\u0439 \u043a\u043b\u0430\u043f\u0430\u043d\u043e\u0432 \u0434\u043b\u044f \u0433\u0435\u0440\u043c\u0435\u0442\u0438\u0447\u043d\u043e\u0433\u043e \u0437\u0430\u043a\u0440\u044b\u0442\u0438\u044f \u043a\u0440\u044b\u0448\u043a\u0438.<\/p>","protected":false},"featured_media":32663,"comment_status":"closed","ping_status":"closed","template":"","meta":{"_acf_changed":false},"product_cat":[3068],"product_tag":[],"class_list":{"0":"post-32662","1":"product","2":"type-product","3":"status-publish","4":"has-post-thumbnail","6":"product_cat-toidukarbid","8":"first","9":"outofstock","10":"shipping-taxable","11":"purchasable","12":"product-type-simple"},"acf":[],"yoast_head":"<!-- This site is optimized with the Yoast SEO plugin v23.0 - https:\/\/yoast.com\/wordpress\/plugins\/seo\/ -->\n<title>ChicMic metallist l\u00f5unas\u00f6\u00f6gikarp Bioloco Sky Coral &#8226; Looduspood<\/title>\n<meta name=\"description\" content=\"ChicMic metallist l\u00f5unas\u00f6\u00f6gikarp Bioloco Sky \u2714\ufe0f Kohe saadaval \u2714\ufe0f Kiire kohaletoimetamine \ud83e\udd55 Looduspood \u21161 veebis \u27a4 Klikkige ja k\u00fclastage!\" \/>\n<meta name=\"robots\" content=\"index, follow, max-snippet:-1, max-image-preview:large, max-video-preview:-1\" \/>\n<link rel=\"canonical\" href=\"https:\/\/www.looduspood.ee\/ru\/product\/\u043c\u0435\u0442\u0430\u043b\u043b\u0438\u0447\u0435\u0441\u043a\u0438\u0439-\u043b\u0430\u043d\u0447\u0431\u043e\u043a\u0441-chicmic-bioloco-sky-coral\/\" \/>\n<meta property=\"og:locale\" content=\"ru_RU\" \/>\n<meta property=\"og:type\" content=\"article\" \/>\n<meta property=\"og:title\" content=\"ChicMic metallist l\u00f5unas\u00f6\u00f6gikarp Bioloco Sky Coral\" \/>\n<meta property=\"og:description\" content=\"ChicMic Bioloco Sky sarja toidukarbid on valmistatud kvaliteetsest roostevabast terasest. Need karbid sobivad ideaalselt reisimiseks.Karp ei j\u00e4ta k\u00fclge teiste s\u00f6\u00f6kide maitseid ja l\u00f5hnu.Karbis sees on kaasas vabalt liigutatav toidujaotur.Karbi kaanel on kaasagne ventiili s\u00fcsteem kaane \u00f5hukindlaks sulgemiseks.\" \/>\n<meta property=\"og:url\" content=\"https:\/\/www.looduspood.ee\/ru\/product\/\u043c\u0435\u0442\u0430\u043b\u043b\u0438\u0447\u0435\u0441\u043a\u0438\u0439-\u043b\u0430\u043d\u0447\u0431\u043e\u043a\u0441-chicmic-bioloco-sky-coral\/\" \/>\n<meta property=\"og:site_name\" content=\"Looduspood\" \/>\n<meta property=\"article:publisher\" content=\"https:\/\/www.facebook.com\/Looduspood-2064766730406653\/\" \/>\n<meta property=\"article:modified_time\" content=\"2023-03-10T20:54:12+00:00\" \/>\n<meta property=\"og:image\" content=\"https:\/\/www.looduspood.ee\/wp-content\/uploads\/2021\/04\/ChicMic-metallist-l\u00f5unas\u00f6\u00f6gikarp-Bioloco-Sky-Coral-jpg.avif\" \/>\n\t<meta property=\"og:image:width\" content=\"600\" \/>\n\t<meta property=\"og:image:height\" content=\"600\" \/>\n\t<meta property=\"og:image:type\" content=\"image\/jpeg\" \/>\n<meta name=\"twitter:card\" content=\"summary_large_image\" \/>\n<script type=\"application\/ld+json\" class=\"yoast-schema-graph\">{\"@context\":\"https:\/\/schema.org\",\"@graph\":[{\"@type\":\"WebPage\",\"@id\":\"https:\/\/www.looduspood.ee\/toode\/chicmic-metallist-lounasoogikarp-bioloco-sky-coral\/\",\"url\":\"https:\/\/www.looduspood.ee\/toode\/chicmic-metallist-lounasoogikarp-bioloco-sky-coral\/\",\"name\":\"ChicMic metallist l\u00f5unas\u00f6\u00f6gikarp Bioloco Sky Coral &#8226; Looduspood\",\"isPartOf\":{\"@id\":\"https:\/\/www.looduspood.ee\/#website\"},\"primaryImageOfPage\":{\"@id\":\"https:\/\/www.looduspood.ee\/toode\/chicmic-metallist-lounasoogikarp-bioloco-sky-coral\/#primaryimage\"},\"image\":{\"@id\":\"https:\/\/www.looduspood.ee\/toode\/chicmic-metallist-lounasoogikarp-bioloco-sky-coral\/#primaryimage\"},\"thumbnailUrl\":\"https:\/\/www.looduspood.ee\/wp-content\/uploads\/2021\/04\/ChicMic-metallist-l\u00f5unas\u00f6\u00f6gikarp-Bioloco-Sky-Coral-jpg.avif\",\"datePublished\":\"2021-04-05T20:34:50+00:00\",\"dateModified\":\"2023-03-10T20:54:12+00:00\",\"description\":\"ChicMic metallist l\u00f5unas\u00f6\u00f6gikarp Bioloco Sky \u2714\ufe0f Kohe saadaval \u2714\ufe0f Kiire kohaletoimetamine \ud83e\udd55 Looduspood \u21161 veebis \u27a4 Klikkige ja k\u00fclastage!\",\"breadcrumb\":{\"@id\":\"https:\/\/www.looduspood.ee\/toode\/chicmic-metallist-lounasoogikarp-bioloco-sky-coral\/#breadcrumb\"},\"inLanguage\":\"ru-RU\",\"potentialAction\":[{\"@type\":\"ReadAction\",\"target\":[\"https:\/\/www.looduspood.ee\/toode\/chicmic-metallist-lounasoogikarp-bioloco-sky-coral\/\"]}]},{\"@type\":\"ImageObject\",\"inLanguage\":\"ru-RU\",\"@id\":\"https:\/\/www.looduspood.ee\/toode\/chicmic-metallist-lounasoogikarp-bioloco-sky-coral\/#primaryimage\",\"url\":\"https:\/\/www.looduspood.ee\/wp-content\/uploads\/2021\/04\/ChicMic-metallist-l\u00f5unas\u00f6\u00f6gikarp-Bioloco-Sky-Coral-jpg.avif\",\"contentUrl\":\"https:\/\/www.looduspood.ee\/wp-content\/uploads\/2021\/04\/ChicMic-metallist-l\u00f5unas\u00f6\u00f6gikarp-Bioloco-Sky-Coral-jpg.avif\",\"width\":600,\"height\":600},{\"@type\":\"BreadcrumbList\",\"@id\":\"https:\/\/www.looduspood.ee\/toode\/chicmic-metallist-lounasoogikarp-bioloco-sky-coral\/#breadcrumb\",\"itemListElement\":[{\"@type\":\"ListItem\",\"position\":1,\"name\":\"Home\",\"item\":\"https:\/\/www.looduspood.ee\/\"},{\"@type\":\"ListItem\",\"position\":2,\"name\":\"Pood\",\"item\":\"https:\/\/www.looduspood.ee\/looduspood\/\"},{\"@type\":\"ListItem\",\"position\":3,\"name\":\"ChicMic metallist l\u00f5unas\u00f6\u00f6gikarp Bioloco Sky Coral\"}]},{\"@type\":\"WebSite\",\"@id\":\"https:\/\/www.looduspood.ee\/#website\",\"url\":\"https:\/\/www.looduspood.ee\/\",\"name\":\"Looduspood\",\"description\":\"Looduspood\",\"publisher\":{\"@id\":\"https:\/\/www.looduspood.ee\/#organization\"},\"potentialAction\":[{\"@type\":\"SearchAction\",\"target\":{\"@type\":\"EntryPoint\",\"urlTemplate\":\"https:\/\/www.looduspood.ee\/?s={search_term_string}\"},\"query-input\":\"required name=search_term_string\"}],\"inLanguage\":\"ru-RU\"},{\"@type\":\"Organization\",\"@id\":\"https:\/\/www.looduspood.ee\/#organization\",\"name\":\"Looduspood\",\"url\":\"https:\/\/www.looduspood.ee\/\",\"logo\":{\"@type\":\"ImageObject\",\"inLanguage\":\"ru-RU\",\"@id\":\"https:\/\/www.looduspood.ee\/#\/schema\/logo\/image\/\",\"url\":\"https:\/\/www.looduspood.ee\/wp-content\/uploads\/2019\/07\/morkva-1.png\",\"contentUrl\":\"https:\/\/www.looduspood.ee\/wp-content\/uploads\/2019\/07\/morkva-1.png\",\"width\":258,\"height\":162,\"caption\":\"Looduspood\"},\"image\":{\"@id\":\"https:\/\/www.looduspood.ee\/#\/schema\/logo\/image\/\"},\"sameAs\":[\"https:\/\/www.facebook.com\/Looduspood-2064766730406653\/\",\"https:\/\/www.youtube.com\/channel\/UCGxI8Tgkgvwn7Q9U8Qh6UgA?view_as=subscriber\"]}]}<\/script>\n<!-- \/ Yoast SEO plugin. -->","yoast_head_json":{"title":"ChicMic metallist l\u00f5unas\u00f6\u00f6gikarp Bioloco Sky Coral &#8226; Looduspood","description":"ChicMic metallist l\u00f5unas\u00f6\u00f6gikarp Bioloco Sky \u2714\ufe0f Kohe saadaval \u2714\ufe0f Kiire kohaletoimetamine \ud83e\udd55 Looduspood \u21161 veebis \u27a4 Klikkige ja k\u00fclastage!","robots":{"index":"index","follow":"follow","max-snippet":"max-snippet:-1","max-image-preview":"max-image-preview:large","max-video-preview":"max-video-preview:-1"},"canonical":"https:\/\/www.looduspood.ee\/ru\/product\/\u043c\u0435\u0442\u0430\u043b\u043b\u0438\u0447\u0435\u0441\u043a\u0438\u0439-\u043b\u0430\u043d\u0447\u0431\u043e\u043a\u0441-chicmic-bioloco-sky-coral\/","og_locale":"ru_RU","og_type":"article","og_title":"ChicMic metallist l\u00f5unas\u00f6\u00f6gikarp Bioloco Sky Coral","og_description":"ChicMic Bioloco Sky sarja toidukarbid on valmistatud kvaliteetsest roostevabast terasest. Need karbid sobivad ideaalselt reisimiseks.Karp ei j\u00e4ta k\u00fclge teiste s\u00f6\u00f6kide maitseid ja l\u00f5hnu.Karbis sees on kaasas vabalt liigutatav toidujaotur.Karbi kaanel on kaasagne ventiili s\u00fcsteem kaane \u00f5hukindlaks sulgemiseks.","og_url":"https:\/\/www.looduspood.ee\/ru\/product\/\u043c\u0435\u0442\u0430\u043b\u043b\u0438\u0447\u0435\u0441\u043a\u0438\u0439-\u043b\u0430\u043d\u0447\u0431\u043e\u043a\u0441-chicmic-bioloco-sky-coral\/","og_site_name":"Looduspood","article_publisher":"https:\/\/www.facebook.com\/Looduspood-2064766730406653\/","article_modified_time":"2023-03-10T20:54:12+00:00","og_image":[{"width":600,"height":600,"url":"https:\/\/www.looduspood.ee\/wp-content\/uploads\/2021\/04\/ChicMic-metallist-l\u00f5unas\u00f6\u00f6gikarp-Bioloco-Sky-Coral-jpg.avif","type":"image\/jpeg"}],"twitter_card":"summary_large_image","schema":{"@context":"https:\/\/schema.org","@graph":[{"@type":"WebPage","@id":"https:\/\/www.looduspood.ee\/toode\/chicmic-metallist-lounasoogikarp-bioloco-sky-coral\/","url":"https:\/\/www.looduspood.ee\/toode\/chicmic-metallist-lounasoogikarp-bioloco-sky-coral\/","name":"ChicMic metallist l\u00f5unas\u00f6\u00f6gikarp Bioloco Sky Coral &#8226; Looduspood","isPartOf":{"@id":"https:\/\/www.looduspood.ee\/#website"},"primaryImageOfPage":{"@id":"https:\/\/www.looduspood.ee\/toode\/chicmic-metallist-lounasoogikarp-bioloco-sky-coral\/#primaryimage"},"image":{"@id":"https:\/\/www.looduspood.ee\/toode\/chicmic-metallist-lounasoogikarp-bioloco-sky-coral\/#primaryimage"},"thumbnailUrl":"https:\/\/www.looduspood.ee\/wp-content\/uploads\/2021\/04\/ChicMic-metallist-l\u00f5unas\u00f6\u00f6gikarp-Bioloco-Sky-Coral-jpg.avif","datePublished":"2021-04-05T20:34:50+00:00","dateModified":"2023-03-10T20:54:12+00:00","description":"ChicMic metallist l\u00f5unas\u00f6\u00f6gikarp Bioloco Sky \u2714\ufe0f Kohe saadaval \u2714\ufe0f Kiire kohaletoimetamine \ud83e\udd55 Looduspood \u21161 veebis \u27a4 Klikkige ja k\u00fclastage!","breadcrumb":{"@id":"https:\/\/www.looduspood.ee\/toode\/chicmic-metallist-lounasoogikarp-bioloco-sky-coral\/#breadcrumb"},"inLanguage":"ru-RU","potentialAction":[{"@type":"ReadAction","target":["https:\/\/www.looduspood.ee\/toode\/chicmic-metallist-lounasoogikarp-bioloco-sky-coral\/"]}]},{"@type":"ImageObject","inLanguage":"ru-RU","@id":"https:\/\/www.looduspood.ee\/toode\/chicmic-metallist-lounasoogikarp-bioloco-sky-coral\/#primaryimage","url":"https:\/\/www.looduspood.ee\/wp-content\/uploads\/2021\/04\/ChicMic-metallist-l\u00f5unas\u00f6\u00f6gikarp-Bioloco-Sky-Coral-jpg.avif","contentUrl":"https:\/\/www.looduspood.ee\/wp-content\/uploads\/2021\/04\/ChicMic-metallist-l\u00f5unas\u00f6\u00f6gikarp-Bioloco-Sky-Coral-jpg.avif","width":600,"height":600},{"@type":"BreadcrumbList","@id":"https:\/\/www.looduspood.ee\/toode\/chicmic-metallist-lounasoogikarp-bioloco-sky-coral\/#breadcrumb","itemListElement":[{"@type":"ListItem","position":1,"name":"Home","item":"https:\/\/www.looduspood.ee\/"},{"@type":"ListItem","position":2,"name":"Pood","item":"https:\/\/www.looduspood.ee\/looduspood\/"},{"@type":"ListItem","position":3,"name":"ChicMic metallist l\u00f5unas\u00f6\u00f6gikarp Bioloco Sky Coral"}]},{"@type":"WebSite","@id":"https:\/\/www.looduspood.ee\/#website","url":"https:\/\/www.looduspood.ee\/","name":"Looduspood","description":"Looduspood","publisher":{"@id":"https:\/\/www.looduspood.ee\/#organization"},"potentialAction":[{"@type":"SearchAction","target":{"@type":"EntryPoint","urlTemplate":"https:\/\/www.looduspood.ee\/?s={search_term_string}"},"query-input":"required name=search_term_string"}],"inLanguage":"ru-RU"},{"@type":"Organization","@id":"https:\/\/www.looduspood.ee\/#organization","name":"Looduspood","url":"https:\/\/www.looduspood.ee\/","logo":{"@type":"ImageObject","inLanguage":"ru-RU","@id":"https:\/\/www.looduspood.ee\/#\/schema\/logo\/image\/","url":"https:\/\/www.looduspood.ee\/wp-content\/uploads\/2019\/07\/morkva-1.png","contentUrl":"https:\/\/www.looduspood.ee\/wp-content\/uploads\/2019\/07\/morkva-1.png","width":258,"height":162,"caption":"Looduspood"},"image":{"@id":"https:\/\/www.looduspood.ee\/#\/schema\/logo\/image\/"},"sameAs":["https:\/\/www.facebook.com\/Looduspood-2064766730406653\/","https:\/\/www.youtube.com\/channel\/UCGxI8Tgkgvwn7Q9U8Qh6UgA?view_as=subscriber"]}]}},"tiered_pricing_type":"fixed","tiered_pricing_fixed_rules":[],"_links":{"self":[{"href":"https:\/\/www.looduspood.ee\/ru\/wp-json\/wp\/v2\/product\/32662"}],"collection":[{"href":"https:\/\/www.looduspood.ee\/ru\/wp-json\/wp\/v2\/product"}],"about":[{"href":"https:\/\/www.looduspood.ee\/ru\/wp-json\/wp\/v2\/types\/product"}],"replies":[{"embeddable":true,"href":"https:\/\/www.looduspood.ee\/ru\/wp-json\/wp\/v2\/comments?post=32662"}],"version-history":[{"count":0,"href":"https:\/\/www.looduspood.ee\/ru\/wp-json\/wp\/v2\/product\/32662\/revisions"}],"wp:featuredmedia":[{"embeddable":true,"href":"https:\/\/www.looduspood.ee\/ru\/wp-json\/wp\/v2\/media\/32663"}],"wp:attachment":[{"href":"https:\/\/www.looduspood.ee\/ru\/wp-json\/wp\/v2\/media?parent=32662"}],"wp:term":[{"taxonomy":"product_cat","embeddable":true,"href":"https:\/\/www.looduspood.ee\/ru\/wp-json\/wp\/v2\/product_cat?post=32662"},{"taxonomy":"product_tag","embeddable":true,"href":"https:\/\/www.looduspood.ee\/ru\/wp-json\/wp\/v2\/product_tag?post=32662"}],"curies":[{"name":"wp","href":"https:\/\/api.w.org\/{rel}","templated":true}]}}