{"id":33798,"date":"2021-05-08T12:13:40","date_gmt":"2021-05-08T09:13:40","guid":{"rendered":"https:\/\/www.looduspood.ee\/?post_type=product&#038;p=33798"},"modified":"2023-03-10T23:53:24","modified_gmt":"2023-03-10T20:53:24","slug":"varskendav-naovesi-weleda","status":"publish","type":"product","link":"https:\/\/www.looduspood.ee\/ru\/product\/varskendav-naovesi-weleda\/","title":{"rendered":"Weleda \u041e\u0441\u0432\u0435\u0436\u0430\u044e\u0449\u0438\u0439 \u0442\u043e\u043d\u0435\u0440 \u0434\u043b\u044f \u043b\u0438\u0446\u0430 100 \u043c\u043b - \u041e\u0441\u0432\u0435\u0436\u0430\u044e\u0449\u0438\u0439 \u0442\u043e\u043d\u0435\u0440 \u0434\u043b\u044f \u043b\u0438\u0446\u0430 \u0441 \u043d\u0430\u0442\u0443\u0440\u0430\u043b\u044c\u043d\u044b\u043c \u0430\u0440\u043e\u043c\u0430\u0442\u043e\u043c"},"content":{"rendered":"<div data-elementor-type=\"product-post\" data-elementor-id=\"33798\" class=\"elementor elementor-33798\" data-elementor-post-type=\"product\">\n\t\t\t\t\t\t<section class=\"elementor-section elementor-top-section elementor-element elementor-element-cd3434f elementor-section-stretched elementor-section-boxed elementor-section-height-default elementor-section-height-default\" data-id=\"cd3434f\" data-element_type=\"section\" data-settings=\"{&quot;stretch_section&quot;:&quot;section-stretched&quot;,&quot;background_background&quot;:&quot;classic&quot;}\">\n\t\t\t\t\t\t<div class=\"elementor-container elementor-column-gap-default\">\n\t\t\t\t\t<div class=\"elementor-column elementor-col-100 elementor-top-column elementor-element elementor-element-f926ed2\" data-id=\"f926ed2\" data-element_type=\"column\">\n\t\t\t<div class=\"elementor-widget-wrap elementor-element-populated\">\n\t\t\t\t\t\t<div class=\"elementor-element elementor-element-46d53ce elementor-widget elementor-widget-text-editor\" data-id=\"46d53ce\" data-element_type=\"widget\" data-widget_type=\"text-editor.default\">\n\t\t\t\t<div class=\"elementor-widget-container\">\n\t\t\t<style>\/*! elementor - v3.23.0 - 15-07-2024 *\/\n.elementor-widget-text-editor.elementor-drop-cap-view-stacked .elementor-drop-cap{background-color:#69727d;color:#fff}.elementor-widget-text-editor.elementor-drop-cap-view-framed .elementor-drop-cap{color:#69727d;border:3px solid;background-color:transparent}.elementor-widget-text-editor:not(.elementor-drop-cap-view-default) .elementor-drop-cap{margin-top:8px}.elementor-widget-text-editor:not(.elementor-drop-cap-view-default) .elementor-drop-cap-letter{width:1em;height:1em}.elementor-widget-text-editor .elementor-drop-cap{float:left;text-align:center;line-height:1;font-size:50px}.elementor-widget-text-editor .elementor-drop-cap-letter{display:inline-block}<\/style>\t\t\t\t\u041e\u0441\u0432\u0435\u0436\u0430\u044e\u0449\u0438\u0439 \u0442\u043e\u043d\u0438\u043a \u0434\u043b\u044f \u043b\u0438\u0446\u0430, \u0441\u043e\u0447\u0435\u0442\u0430\u044e\u0449\u0438\u0439 \u0432 \u0441\u0435\u0431\u0435 \u043e\u0447\u0438\u0449\u0435\u043d\u0438\u0435 \u043f\u043e\u0440 \u0438 \u0442\u043e\u043d\u0438\u0437\u0438\u0440\u043e\u0432\u0430\u043d\u0438\u0435 \u043a\u043e\u0436\u0438. \u042d\u043a\u0441\u0442\u0440\u0430\u043a\u0442\u044b \u0433\u0430\u043c\u0430\u043c\u0435\u043b\u0438\u0441\u0430 \u0438 \u0446\u0432\u0435\u0442\u043a\u043e\u0432 \u0448\u0438\u043f\u043e\u0432\u043d\u0438\u043a\u0430 \u0443\u0441\u043f\u043e\u043a\u0430\u0438\u0432\u0430\u044e\u0442 \u043a\u043e\u0436\u0443 \u0438 \u043f\u0440\u0438\u0434\u0430\u044e\u0442 \u0435\u0439 \u0441\u0432\u0435\u0436\u0438\u0439 \u0430\u0440\u043e\u043c\u0430\u0442. \u0418\u0441\u043f\u043e\u043b\u044c\u0437\u0443\u0439\u0442\u0435 \u043f\u043e\u0441\u043b\u0435 \u043e\u0447\u0438\u0449\u0435\u043d\u0438\u044f \u043b\u0438\u0446\u0430 \u0438 \u043f\u0435\u0440\u0435\u0434 \u043d\u0430\u043d\u0435\u0441\u0435\u043d\u0438\u0435\u043c \u0443\u0432\u043b\u0430\u0436\u043d\u044f\u044e\u0449\u0435\u0433\u043e \u043a\u0440\u0435\u043c\u0430. \u0412 \u043a\u0430\u0447\u0435\u0441\u0442\u0432\u0435 \u043a\u0440\u0435\u043c\u0430 \u0434\u043b\u044f \u043b\u0438\u0446\u0430 \u0432\u044b\u0431\u0435\u0440\u0438\u0442\u0435 \u043a\u0440\u0435\u043c \u0434\u043b\u044f \u043b\u0438\u0446\u0430 Weleda \"\u0418\u0440\u0438\u0441\", \"\u0420\u043e\u0437\u0430\", \"\u0413\u0440\u0430\u043d\u0430\u0442\" \u0438\u043b\u0438 \"\u041c\u0438\u043d\u0434\u0430\u043b\u044c\". \u0421\u043e\u0432\u0435\u0440\u0448\u0435\u043d\u043d\u043e \u0441\u0432\u0435\u0436\u0430\u044f \u043a\u043e\u043c\u0431\u0438\u043d\u0430\u0446\u0438\u044f \u0442\u0449\u0430\u0442\u0435\u043b\u044c\u043d\u043e \u043f\u043e\u0434\u043e\u0431\u0440\u0430\u043d\u043d\u044b\u0445 \u0440\u0430\u0441\u0442\u0438\u0442\u0435\u043b\u044c\u043d\u044b\u0445 \u044d\u043a\u0441\u0442\u0440\u0430\u043a\u0442\u043e\u0432 \u0441\u0434\u0435\u043b\u0430\u0435\u0442 \u0446\u0432\u0435\u0442 \u043b\u0438\u0446\u0430 \u0447\u0438\u0441\u0442\u044b\u043c \u0438 \u044f\u0440\u043a\u0438\u043c.\n\t\t\t\t\t\t<\/div>\n\t\t\t\t<\/div>\n\t\t\t\t\t<\/div>\n\t\t<\/div>\n\t\t\t\t\t<\/div>\n\t\t<\/section>\n\t\t\t\t<section class=\"elementor-section elementor-top-section elementor-element elementor-element-ce7a2ba elementor-section-stretched elementor-section-boxed elementor-section-height-default elementor-section-height-default\" data-id=\"ce7a2ba\" data-element_type=\"section\" data-settings=\"{&quot;stretch_section&quot;:&quot;section-stretched&quot;,&quot;background_background&quot;:&quot;classic&quot;}\">\n\t\t\t\t\t\t<div class=\"elementor-container elementor-column-gap-default\">\n\t\t\t\t\t<div class=\"elementor-column elementor-col-100 elementor-top-column elementor-element elementor-element-fd1da56\" data-id=\"fd1da56\" data-element_type=\"column\">\n\t\t\t<div class=\"elementor-widget-wrap elementor-element-populated\">\n\t\t\t\t\t\t<div class=\"elementor-element elementor-element-0584ea6 elementor-widget elementor-widget-heading\" data-id=\"0584ea6\" data-element_type=\"widget\" data-widget_type=\"heading.default\">\n\t\t\t\t<div class=\"elementor-widget-container\">\n\t\t\t<style>\/*! elementor - v3.23.0 - 15-07-2024 *\/\n.elementor-heading-title{padding:0;margin:0;line-height:1}.elementor-widget-heading .elementor-heading-title[class*=elementor-size-]>a{color:inherit;font-size:inherit;line-height:inherit}.elementor-widget-heading .elementor-heading-title.elementor-size-small{font-size:15px}.elementor-widget-heading .elementor-heading-title.elementor-size-medium{font-size:19px}.elementor-widget-heading .elementor-heading-title.elementor-size-large{font-size:29px}.elementor-widget-heading .elementor-heading-title.elementor-size-xl{font-size:39px}.elementor-widget-heading .elementor-heading-title.elementor-size-xxl{font-size:59px}<\/style><h2 class=\"elementor-heading-title elementor-size-default\">\u0420\u0415\u041a\u041e\u041c\u0415\u041d\u0414\u0410\u0426\u0418\u0418 \u041f\u041e \u041f\u0420\u0418\u041c\u0415\u041d\u0415\u041d\u0418\u042e:<\/h2>\t\t<\/div>\n\t\t\t\t<\/div>\n\t\t\t\t<section class=\"elementor-section elementor-inner-section elementor-element elementor-element-a13af8b elementor-section-full_width elementor-section-height-default elementor-section-height-default\" data-id=\"a13af8b\" data-element_type=\"section\">\n\t\t\t\t\t\t<div class=\"elementor-container elementor-column-gap-no\">\n\t\t\t\t\t<div class=\"elementor-column elementor-col-100 elementor-inner-column elementor-element elementor-element-2bf5c31\" data-id=\"2bf5c31\" data-element_type=\"column\">\n\t\t\t<div class=\"elementor-widget-wrap elementor-element-populated\">\n\t\t\t\t\t\t<div class=\"elementor-element elementor-element-e8fe3ec elementor-widget elementor-widget-text-editor\" data-id=\"e8fe3ec\" data-element_type=\"widget\" data-widget_type=\"text-editor.default\">\n\t\t\t\t<div class=\"elementor-widget-container\">\n\t\t\t\t\t\t\t\u041f\u0440\u0438\u043c\u0435\u043d\u044f\u0442\u044c \u0443\u0442\u0440\u043e\u043c \u0438 \u0432\u0435\u0447\u0435\u0440\u043e\u043c \u043f\u043e\u0441\u043b\u0435 \u0438\u0441\u043f\u043e\u043b\u044c\u0437\u043e\u0432\u0430\u043d\u0438\u044f \u043e\u0447\u0438\u0449\u0430\u044e\u0449\u0435\u0433\u043e \u043c\u043e\u043b\u043e\u0447\u043a\u0430 Weleda Oil Cleansing Milk. \u041d\u0430\u043b\u0435\u0439\u0442\u0435 \u043d\u0430 \u0432\u0430\u0442\u043d\u044b\u0439 \u0434\u0438\u0441\u043a \u0438 \u043f\u043e\u0433\u043b\u0430\u0436\u0438\u0432\u0430\u044e\u0449\u0438\u043c\u0438 \u0434\u0432\u0438\u0436\u0435\u043d\u0438\u044f\u043c\u0438 \u043d\u0430\u043d\u0435\u0441\u0438\u0442\u0435 \u043d\u0430 \u043b\u0438\u0446\u043e, \u0448\u0435\u044e \u0438 \u0434\u0435\u043a\u043e\u043b\u044c\u0442\u0435. \u0418\u0437\u0431\u0435\u0433\u0430\u0439\u0442\u0435 \u043f\u043e\u043f\u0430\u0434\u0430\u043d\u0438\u044f \u0432 \u0433\u043b\u0430\u0437\u0430. \u041d\u0435 \u0441\u043c\u044b\u0432\u0430\u0442\u044c.\n\t\t\t\t\t\t<\/div>\n\t\t\t\t<\/div>\n\t\t\t\t\t<\/div>\n\t\t<\/div>\n\t\t\t\t\t<\/div>\n\t\t<\/section>\n\t\t\t\t\t<\/div>\n\t\t<\/div>\n\t\t\t\t\t<\/div>\n\t\t<\/section>\n\t\t\t\t<section class=\"elementor-section elementor-top-section elementor-element elementor-element-476e769 elementor-section-stretched elementor-section-boxed elementor-section-height-default elementor-section-height-default\" data-id=\"476e769\" data-element_type=\"section\" data-settings=\"{&quot;stretch_section&quot;:&quot;section-stretched&quot;,&quot;background_background&quot;:&quot;classic&quot;}\">\n\t\t\t\t\t\t<div class=\"elementor-container elementor-column-gap-default\">\n\t\t\t\t\t<div class=\"elementor-column elementor-col-100 elementor-top-column elementor-element elementor-element-d221a93\" data-id=\"d221a93\" data-element_type=\"column\">\n\t\t\t<div class=\"elementor-widget-wrap elementor-element-populated\">\n\t\t\t\t\t\t<div class=\"elementor-element elementor-element-453737a elementor-widget elementor-widget-heading\" data-id=\"453737a\" data-element_type=\"widget\" data-widget_type=\"heading.default\">\n\t\t\t\t<div class=\"elementor-widget-container\">\n\t\t\t<h2 class=\"elementor-heading-title elementor-size-default\">\u0421\u043e\u0441\u0442\u0430\u0432:<\/h2>\t\t<\/div>\n\t\t\t\t<\/div>\n\t\t\t\t<section class=\"elementor-section elementor-inner-section elementor-element elementor-element-e9471cf elementor-section-full_width elementor-section-height-default elementor-section-height-default\" data-id=\"e9471cf\" data-element_type=\"section\">\n\t\t\t\t\t\t<div class=\"elementor-container elementor-column-gap-no\">\n\t\t\t\t\t<div class=\"elementor-column elementor-col-100 elementor-inner-column elementor-element elementor-element-ba2ea22\" data-id=\"ba2ea22\" data-element_type=\"column\">\n\t\t\t<div class=\"elementor-widget-wrap elementor-element-populated\">\n\t\t\t\t\t\t<div class=\"elementor-element elementor-element-d833071 elementor-widget elementor-widget-text-editor\" data-id=\"d833071\" data-element_type=\"widget\" data-widget_type=\"text-editor.default\">\n\t\t\t\t<div class=\"elementor-widget-container\">\n\t\t\t\t\t\t\t\u0412\u043e\u0434\u0430, \u0441\u043f\u0438\u0440\u0442, \u044d\u043a\u0441\u0442\u0440\u0430\u043a\u0442 \u043b\u0438\u0441\u0442\u044c\u0435\u0432 Rosa Moschata, \u0432\u043e\u0434\u0430 Hamamelis Virginiana (witch hazel), \u0441\u043e\u043a Citrus Limon (Lemon), \u043e\u0442\u0434\u0443\u0448\u043a\u0430, Limonene, Linalool, Geraniol, Citral.\n\t\t\t\t\t\t<\/div>\n\t\t\t\t<\/div>\n\t\t\t\t\t<\/div>\n\t\t<\/div>\n\t\t\t\t\t<\/div>\n\t\t<\/section>\n\t\t\t\t\t<\/div>\n\t\t<\/div>\n\t\t\t\t\t<\/div>\n\t\t<\/section>\n\t\t\t\t<\/div>","protected":false},"excerpt":{"rendered":"<p>\u2714\ufe0f \u041e\u0441\u0432\u0435\u0436\u0430\u0435\u0442, \u0442\u043e\u043d\u0438\u0437\u0438\u0440\u0443\u0435\u0442 \u0438 \u043e\u0447\u0438\u0449\u0430\u0435\u0442 \u043f\u043e\u0440\u044b;<br \/>\n\u2714\ufe0f \u041f\u043e\u0434\u0445\u043e\u0434\u0438\u0442 \u0434\u043b\u044f \u0432\u0441\u0435\u0445 \u0442\u0438\u043f\u043e\u0432 \u043a\u043e\u0436\u0438, \u0434\u0435\u0440\u043c\u0430\u0442\u043e\u043b\u043e\u0433\u0438\u0447\u0435\u0441\u043a\u0438 \u043f\u0440\u043e\u0442\u0435\u0441\u0442\u0438\u0440\u043e\u0432\u0430\u043d;<br \/>\n\u2714\ufe0f \u0421\u043e\u0432\u0435\u0440\u0448\u0435\u043d\u043d\u043e \u0441\u0432\u0435\u0436\u0430\u044f \u043a\u043e\u043c\u0431\u0438\u043d\u0430\u0446\u0438\u044f \u0442\u0449\u0430\u0442\u0435\u043b\u044c\u043d\u043e \u043e\u0442\u043e\u0431\u0440\u0430\u043d\u043d\u044b\u0445 \u0440\u0430\u0441\u0442\u0438\u0442\u0435\u043b\u044c\u043d\u044b\u0445 \u044d\u043a\u0441\u0442\u0440\u0430\u043a\u0442\u043e\u0432;<br \/>\n\u2714\ufe0f \u041e\u0447\u0438\u0449\u0430\u0435\u0442 \u0438 \u0443\u0431\u0438\u0440\u0430\u0435\u0442 \u043b\u0438\u0446\u043e.<\/p>","protected":false},"featured_media":33799,"comment_status":"closed","ping_status":"closed","template":"","meta":{"_acf_changed":false},"product_cat":[2894],"product_tag":[],"class_list":{"0":"post-33798","1":"product","2":"type-product","3":"status-publish","4":"has-post-thumbnail","6":"product_cat-naopuhastajad","8":"first","9":"outofstock","10":"shipping-taxable","11":"purchasable","12":"product-type-simple"},"acf":[],"yoast_head":"<!-- This site is optimized with the Yoast SEO plugin v23.0 - https:\/\/yoast.com\/wordpress\/plugins\/seo\/ -->\n<title>V\u00e4rskendav n\u00e4ovesi Weleda - toniseeriv n\u00e4otoonik &#8226; Looduspood<\/title>\n<meta name=\"description\" content=\"V\u00e4rskendav n\u00e4ovesi Weleda \u2714\ufe0f Kohe saadaval \u2714\ufe0f Kiire kohaletoimetamine \ud83e\udd55 Looduspood \u21161 veebis \u27a4 Klikkige ja k\u00fclastage!\" \/>\n<meta name=\"robots\" content=\"index, follow, max-snippet:-1, max-image-preview:large, max-video-preview:-1\" \/>\n<link rel=\"canonical\" href=\"https:\/\/www.looduspood.ee\/ru\/product\/varskendav-naovesi-weleda\/\" \/>\n<meta property=\"og:locale\" content=\"ru_RU\" \/>\n<meta property=\"og:type\" content=\"article\" \/>\n<meta property=\"og:title\" content=\"V\u00e4rskendav n\u00e4ovesi Weleda 100ml\" \/>\n<meta property=\"og:description\" content=\"V\u00e4rskendav n\u00e4otoonik loodusliku l\u00f5hnaga.\" \/>\n<meta property=\"og:url\" content=\"https:\/\/www.looduspood.ee\/ru\/product\/varskendav-naovesi-weleda\/\" \/>\n<meta property=\"og:site_name\" content=\"Looduspood\" \/>\n<meta property=\"article:publisher\" content=\"https:\/\/www.facebook.com\/Looduspood-2064766730406653\/\" \/>\n<meta property=\"article:modified_time\" content=\"2023-03-10T20:53:24+00:00\" \/>\n<meta property=\"og:image\" content=\"https:\/\/www.looduspood.ee\/wp-content\/uploads\/2021\/05\/1.6-V\u00e4rskendav-n\u00e4ovesi-weleda-jpg.avif\" \/>\n\t<meta property=\"og:image:width\" content=\"600\" \/>\n\t<meta property=\"og:image:height\" content=\"600\" \/>\n\t<meta property=\"og:image:type\" content=\"image\/jpeg\" \/>\n<meta name=\"twitter:card\" content=\"summary_large_image\" \/>\n<meta name=\"twitter:label1\" content=\"\u041f\u0440\u0438\u043c\u0435\u0440\u043d\u043e\u0435 \u0432\u0440\u0435\u043c\u044f \u0434\u043b\u044f \u0447\u0442\u0435\u043d\u0438\u044f\" \/>\n\t<meta name=\"twitter:data1\" content=\"1 \u043c\u0438\u043d\u0443\u0442\u0430\" \/>\n<script type=\"application\/ld+json\" class=\"yoast-schema-graph\">{\"@context\":\"https:\/\/schema.org\",\"@graph\":[{\"@type\":\"WebPage\",\"@id\":\"https:\/\/www.looduspood.ee\/toode\/varskendav-naovesi-weleda\/\",\"url\":\"https:\/\/www.looduspood.ee\/toode\/varskendav-naovesi-weleda\/\",\"name\":\"V\u00e4rskendav n\u00e4ovesi Weleda - toniseeriv n\u00e4otoonik &#8226; Looduspood\",\"isPartOf\":{\"@id\":\"https:\/\/www.looduspood.ee\/#website\"},\"primaryImageOfPage\":{\"@id\":\"https:\/\/www.looduspood.ee\/toode\/varskendav-naovesi-weleda\/#primaryimage\"},\"image\":{\"@id\":\"https:\/\/www.looduspood.ee\/toode\/varskendav-naovesi-weleda\/#primaryimage\"},\"thumbnailUrl\":\"https:\/\/www.looduspood.ee\/wp-content\/uploads\/2021\/05\/1.6-V\u00e4rskendav-n\u00e4ovesi-weleda-jpg.avif\",\"datePublished\":\"2021-05-08T09:13:40+00:00\",\"dateModified\":\"2023-03-10T20:53:24+00:00\",\"description\":\"V\u00e4rskendav n\u00e4ovesi Weleda \u2714\ufe0f Kohe saadaval \u2714\ufe0f Kiire kohaletoimetamine \ud83e\udd55 Looduspood \u21161 veebis \u27a4 Klikkige ja k\u00fclastage!\",\"breadcrumb\":{\"@id\":\"https:\/\/www.looduspood.ee\/toode\/varskendav-naovesi-weleda\/#breadcrumb\"},\"inLanguage\":\"ru-RU\",\"potentialAction\":[{\"@type\":\"ReadAction\",\"target\":[\"https:\/\/www.looduspood.ee\/toode\/varskendav-naovesi-weleda\/\"]}]},{\"@type\":\"ImageObject\",\"inLanguage\":\"ru-RU\",\"@id\":\"https:\/\/www.looduspood.ee\/toode\/varskendav-naovesi-weleda\/#primaryimage\",\"url\":\"https:\/\/www.looduspood.ee\/wp-content\/uploads\/2021\/05\/1.6-V\u00e4rskendav-n\u00e4ovesi-weleda-jpg.avif\",\"contentUrl\":\"https:\/\/www.looduspood.ee\/wp-content\/uploads\/2021\/05\/1.6-V\u00e4rskendav-n\u00e4ovesi-weleda-jpg.avif\",\"width\":600,\"height\":600},{\"@type\":\"BreadcrumbList\",\"@id\":\"https:\/\/www.looduspood.ee\/toode\/varskendav-naovesi-weleda\/#breadcrumb\",\"itemListElement\":[{\"@type\":\"ListItem\",\"position\":1,\"name\":\"Home\",\"item\":\"https:\/\/www.looduspood.ee\/\"},{\"@type\":\"ListItem\",\"position\":2,\"name\":\"Pood\",\"item\":\"https:\/\/www.looduspood.ee\/looduspood\/\"},{\"@type\":\"ListItem\",\"position\":3,\"name\":\"V\u00e4rskendav n\u00e4ovesi Weleda 100ml &#8211; V\u00e4rskendav n\u00e4otoonik loodusliku l\u00f5hnaga\"}]},{\"@type\":\"WebSite\",\"@id\":\"https:\/\/www.looduspood.ee\/#website\",\"url\":\"https:\/\/www.looduspood.ee\/\",\"name\":\"Looduspood\",\"description\":\"Looduspood\",\"publisher\":{\"@id\":\"https:\/\/www.looduspood.ee\/#organization\"},\"potentialAction\":[{\"@type\":\"SearchAction\",\"target\":{\"@type\":\"EntryPoint\",\"urlTemplate\":\"https:\/\/www.looduspood.ee\/?s={search_term_string}\"},\"query-input\":\"required name=search_term_string\"}],\"inLanguage\":\"ru-RU\"},{\"@type\":\"Organization\",\"@id\":\"https:\/\/www.looduspood.ee\/#organization\",\"name\":\"Looduspood\",\"url\":\"https:\/\/www.looduspood.ee\/\",\"logo\":{\"@type\":\"ImageObject\",\"inLanguage\":\"ru-RU\",\"@id\":\"https:\/\/www.looduspood.ee\/#\/schema\/logo\/image\/\",\"url\":\"https:\/\/www.looduspood.ee\/wp-content\/uploads\/2019\/07\/morkva-1.png\",\"contentUrl\":\"https:\/\/www.looduspood.ee\/wp-content\/uploads\/2019\/07\/morkva-1.png\",\"width\":258,\"height\":162,\"caption\":\"Looduspood\"},\"image\":{\"@id\":\"https:\/\/www.looduspood.ee\/#\/schema\/logo\/image\/\"},\"sameAs\":[\"https:\/\/www.facebook.com\/Looduspood-2064766730406653\/\",\"https:\/\/www.youtube.com\/channel\/UCGxI8Tgkgvwn7Q9U8Qh6UgA?view_as=subscriber\"]}]}<\/script>\n<!-- \/ Yoast SEO plugin. -->","yoast_head_json":{"title":"V\u00e4rskendav n\u00e4ovesi Weleda - toniseeriv n\u00e4otoonik &#8226; Looduspood","description":"V\u00e4rskendav n\u00e4ovesi Weleda \u2714\ufe0f Kohe saadaval \u2714\ufe0f Kiire kohaletoimetamine \ud83e\udd55 Looduspood \u21161 veebis \u27a4 Klikkige ja k\u00fclastage!","robots":{"index":"index","follow":"follow","max-snippet":"max-snippet:-1","max-image-preview":"max-image-preview:large","max-video-preview":"max-video-preview:-1"},"canonical":"https:\/\/www.looduspood.ee\/ru\/product\/varskendav-naovesi-weleda\/","og_locale":"ru_RU","og_type":"article","og_title":"V\u00e4rskendav n\u00e4ovesi Weleda 100ml","og_description":"V\u00e4rskendav n\u00e4otoonik loodusliku l\u00f5hnaga.","og_url":"https:\/\/www.looduspood.ee\/ru\/product\/varskendav-naovesi-weleda\/","og_site_name":"Looduspood","article_publisher":"https:\/\/www.facebook.com\/Looduspood-2064766730406653\/","article_modified_time":"2023-03-10T20:53:24+00:00","og_image":[{"width":600,"height":600,"url":"https:\/\/www.looduspood.ee\/wp-content\/uploads\/2021\/05\/1.6-V\u00e4rskendav-n\u00e4ovesi-weleda-jpg.avif","type":"image\/jpeg"}],"twitter_card":"summary_large_image","twitter_misc":{"\u041f\u0440\u0438\u043c\u0435\u0440\u043d\u043e\u0435 \u0432\u0440\u0435\u043c\u044f \u0434\u043b\u044f \u0447\u0442\u0435\u043d\u0438\u044f":"1 \u043c\u0438\u043d\u0443\u0442\u0430"},"schema":{"@context":"https:\/\/schema.org","@graph":[{"@type":"WebPage","@id":"https:\/\/www.looduspood.ee\/toode\/varskendav-naovesi-weleda\/","url":"https:\/\/www.looduspood.ee\/toode\/varskendav-naovesi-weleda\/","name":"V\u00e4rskendav n\u00e4ovesi Weleda - toniseeriv n\u00e4otoonik &#8226; Looduspood","isPartOf":{"@id":"https:\/\/www.looduspood.ee\/#website"},"primaryImageOfPage":{"@id":"https:\/\/www.looduspood.ee\/toode\/varskendav-naovesi-weleda\/#primaryimage"},"image":{"@id":"https:\/\/www.looduspood.ee\/toode\/varskendav-naovesi-weleda\/#primaryimage"},"thumbnailUrl":"https:\/\/www.looduspood.ee\/wp-content\/uploads\/2021\/05\/1.6-V\u00e4rskendav-n\u00e4ovesi-weleda-jpg.avif","datePublished":"2021-05-08T09:13:40+00:00","dateModified":"2023-03-10T20:53:24+00:00","description":"V\u00e4rskendav n\u00e4ovesi Weleda \u2714\ufe0f Kohe saadaval \u2714\ufe0f Kiire kohaletoimetamine \ud83e\udd55 Looduspood \u21161 veebis \u27a4 Klikkige ja k\u00fclastage!","breadcrumb":{"@id":"https:\/\/www.looduspood.ee\/toode\/varskendav-naovesi-weleda\/#breadcrumb"},"inLanguage":"ru-RU","potentialAction":[{"@type":"ReadAction","target":["https:\/\/www.looduspood.ee\/toode\/varskendav-naovesi-weleda\/"]}]},{"@type":"ImageObject","inLanguage":"ru-RU","@id":"https:\/\/www.looduspood.ee\/toode\/varskendav-naovesi-weleda\/#primaryimage","url":"https:\/\/www.looduspood.ee\/wp-content\/uploads\/2021\/05\/1.6-V\u00e4rskendav-n\u00e4ovesi-weleda-jpg.avif","contentUrl":"https:\/\/www.looduspood.ee\/wp-content\/uploads\/2021\/05\/1.6-V\u00e4rskendav-n\u00e4ovesi-weleda-jpg.avif","width":600,"height":600},{"@type":"BreadcrumbList","@id":"https:\/\/www.looduspood.ee\/toode\/varskendav-naovesi-weleda\/#breadcrumb","itemListElement":[{"@type":"ListItem","position":1,"name":"Home","item":"https:\/\/www.looduspood.ee\/"},{"@type":"ListItem","position":2,"name":"Pood","item":"https:\/\/www.looduspood.ee\/looduspood\/"},{"@type":"ListItem","position":3,"name":"V\u00e4rskendav n\u00e4ovesi Weleda 100ml &#8211; V\u00e4rskendav n\u00e4otoonik loodusliku l\u00f5hnaga"}]},{"@type":"WebSite","@id":"https:\/\/www.looduspood.ee\/#website","url":"https:\/\/www.looduspood.ee\/","name":"Looduspood","description":"Looduspood","publisher":{"@id":"https:\/\/www.looduspood.ee\/#organization"},"potentialAction":[{"@type":"SearchAction","target":{"@type":"EntryPoint","urlTemplate":"https:\/\/www.looduspood.ee\/?s={search_term_string}"},"query-input":"required name=search_term_string"}],"inLanguage":"ru-RU"},{"@type":"Organization","@id":"https:\/\/www.looduspood.ee\/#organization","name":"Looduspood","url":"https:\/\/www.looduspood.ee\/","logo":{"@type":"ImageObject","inLanguage":"ru-RU","@id":"https:\/\/www.looduspood.ee\/#\/schema\/logo\/image\/","url":"https:\/\/www.looduspood.ee\/wp-content\/uploads\/2019\/07\/morkva-1.png","contentUrl":"https:\/\/www.looduspood.ee\/wp-content\/uploads\/2019\/07\/morkva-1.png","width":258,"height":162,"caption":"Looduspood"},"image":{"@id":"https:\/\/www.looduspood.ee\/#\/schema\/logo\/image\/"},"sameAs":["https:\/\/www.facebook.com\/Looduspood-2064766730406653\/","https:\/\/www.youtube.com\/channel\/UCGxI8Tgkgvwn7Q9U8Qh6UgA?view_as=subscriber"]}]}},"tiered_pricing_type":"fixed","tiered_pricing_fixed_rules":[],"_links":{"self":[{"href":"https:\/\/www.looduspood.ee\/ru\/wp-json\/wp\/v2\/product\/33798"}],"collection":[{"href":"https:\/\/www.looduspood.ee\/ru\/wp-json\/wp\/v2\/product"}],"about":[{"href":"https:\/\/www.looduspood.ee\/ru\/wp-json\/wp\/v2\/types\/product"}],"replies":[{"embeddable":true,"href":"https:\/\/www.looduspood.ee\/ru\/wp-json\/wp\/v2\/comments?post=33798"}],"version-history":[{"count":0,"href":"https:\/\/www.looduspood.ee\/ru\/wp-json\/wp\/v2\/product\/33798\/revisions"}],"wp:featuredmedia":[{"embeddable":true,"href":"https:\/\/www.looduspood.ee\/ru\/wp-json\/wp\/v2\/media\/33799"}],"wp:attachment":[{"href":"https:\/\/www.looduspood.ee\/ru\/wp-json\/wp\/v2\/media?parent=33798"}],"wp:term":[{"taxonomy":"product_cat","embeddable":true,"href":"https:\/\/www.looduspood.ee\/ru\/wp-json\/wp\/v2\/product_cat?post=33798"},{"taxonomy":"product_tag","embeddable":true,"href":"https:\/\/www.looduspood.ee\/ru\/wp-json\/wp\/v2\/product_tag?post=33798"}],"curies":[{"name":"wp","href":"https:\/\/api.w.org\/{rel}","templated":true}]}}