{"id":33806,"date":"2021-05-08T14:56:27","date_gmt":"2021-05-08T11:56:27","guid":{"rendered":"https:\/\/www.looduspood.ee\/?post_type=product&#038;p=33806"},"modified":"2023-03-10T23:53:04","modified_gmt":"2023-03-10T20:53:04","slug":"skin-food-huulevoie-weleda","status":"publish","type":"product","link":"https:\/\/www.looduspood.ee\/ru\/product\/\u0431\u0430\u043b\u044c\u0437\u0430\u043c-\u0434\u043b\u044f-\u0433\u0443\u0431-weleda\/","title":{"rendered":"Skin Food Lip Butter Weleda 8ml - \u041c\u0430\u0441\u043b\u043e \u0434\u043b\u044f \u0441\u0443\u0445\u0438\u0445 \u0438 \u043f\u043e\u0442\u0440\u0435\u0441\u043a\u0430\u0432\u0448\u0438\u0445\u0441\u044f \u0433\u0443\u0431"},"content":{"rendered":"<div data-elementor-type=\"product-post\" data-elementor-id=\"33806\" class=\"elementor elementor-33806\" data-elementor-post-type=\"product\">\n\t\t\t\t\t\t<section class=\"elementor-section elementor-top-section elementor-element elementor-element-b211434 elementor-section-stretched elementor-section-boxed elementor-section-height-default elementor-section-height-default\" data-id=\"b211434\" data-element_type=\"section\" data-settings=\"{&quot;stretch_section&quot;:&quot;section-stretched&quot;,&quot;background_background&quot;:&quot;classic&quot;}\">\n\t\t\t\t\t\t<div class=\"elementor-container elementor-column-gap-default\">\n\t\t\t\t\t<div class=\"elementor-column elementor-col-100 elementor-top-column elementor-element elementor-element-17fb138\" data-id=\"17fb138\" data-element_type=\"column\">\n\t\t\t<div class=\"elementor-widget-wrap elementor-element-populated\">\n\t\t\t\t\t\t<div class=\"elementor-element elementor-element-8becea5 elementor-widget elementor-widget-text-editor\" data-id=\"8becea5\" data-element_type=\"widget\" data-widget_type=\"text-editor.default\">\n\t\t\t\t<div class=\"elementor-widget-container\">\n\t\t\t<style>\/*! elementor - v3.23.0 - 15-07-2024 *\/\n.elementor-widget-text-editor.elementor-drop-cap-view-stacked .elementor-drop-cap{background-color:#69727d;color:#fff}.elementor-widget-text-editor.elementor-drop-cap-view-framed .elementor-drop-cap{color:#69727d;border:3px solid;background-color:transparent}.elementor-widget-text-editor:not(.elementor-drop-cap-view-default) .elementor-drop-cap{margin-top:8px}.elementor-widget-text-editor:not(.elementor-drop-cap-view-default) .elementor-drop-cap-letter{width:1em;height:1em}.elementor-widget-text-editor .elementor-drop-cap{float:left;text-align:center;line-height:1;font-size:50px}.elementor-widget-text-editor .elementor-drop-cap-letter{display:inline-block}<\/style>\t\t\t\t\u041c\u0430\u0441\u043b\u043e \u0434\u043b\u044f \u0433\u0443\u0431 Skin Food Lip Butter - \u0438\u0434\u0435\u0430\u043b\u044c\u043d\u0430\u044f \u0437\u0430\u0449\u0438\u0442\u0430 \u0434\u043b\u044f \u0441\u0443\u0445\u0438\u0445 \u0438 \u043f\u043e\u0442\u0440\u0435\u0441\u043a\u0430\u0432\u0448\u0438\u0445\u0441\u044f \u0433\u0443\u0431. \u0412 \u0435\u0433\u043e \u0441\u043e\u0441\u0442\u0430\u0432 \u0432\u0445\u043e\u0434\u044f\u0442 \u0442\u043e\u043b\u044c\u043a\u043e \u043d\u0430\u0442\u0443\u0440\u0430\u043b\u044c\u043d\u044b\u0435 \u0440\u0430\u0441\u0442\u0438\u0442\u0435\u043b\u044c\u043d\u044b\u0435 \u043c\u0430\u0441\u043b\u0430, \u0440\u0430\u0441\u0442\u0438\u0442\u0435\u043b\u044c\u043d\u044b\u0435 \u044d\u043a\u0441\u0442\u0440\u0430\u043a\u0442\u044b \u0438 \u0437\u0430\u0449\u0438\u0442\u043d\u044b\u0439 \u0432\u043e\u0441\u043a. \u041e\u043d\u043e \u0441\u043c\u044f\u0433\u0447\u0430\u0435\u0442 \u0438 \u043f\u0438\u0442\u0430\u0435\u0442 \u0433\u0443\u0431\u044b, \u0430 \u043d\u0435\u0436\u043d\u044b\u0439 \u0437\u0430\u0449\u0438\u0442\u043d\u044b\u0439 \u0441\u043b\u043e\u0439 \u043f\u0440\u0435\u0434\u043e\u0442\u0432\u0440\u0430\u0449\u0430\u0435\u0442 \u0438\u0445 \u043f\u0435\u0440\u0435\u0441\u044b\u0445\u0430\u043d\u0438\u0435.\n\t\t\t\t\t\t<\/div>\n\t\t\t\t<\/div>\n\t\t\t\t\t<\/div>\n\t\t<\/div>\n\t\t\t\t\t<\/div>\n\t\t<\/section>\n\t\t\t\t<section class=\"elementor-section elementor-top-section elementor-element elementor-element-9953232 elementor-section-stretched elementor-section-boxed elementor-section-height-default elementor-section-height-default\" data-id=\"9953232\" data-element_type=\"section\" data-settings=\"{&quot;stretch_section&quot;:&quot;section-stretched&quot;,&quot;background_background&quot;:&quot;classic&quot;}\">\n\t\t\t\t\t\t<div class=\"elementor-container elementor-column-gap-default\">\n\t\t\t\t\t<div class=\"elementor-column elementor-col-100 elementor-top-column elementor-element elementor-element-9cf5c4d\" data-id=\"9cf5c4d\" data-element_type=\"column\">\n\t\t\t<div class=\"elementor-widget-wrap elementor-element-populated\">\n\t\t\t\t\t\t<div class=\"elementor-element elementor-element-e5bc13c elementor-widget elementor-widget-heading\" data-id=\"e5bc13c\" data-element_type=\"widget\" data-widget_type=\"heading.default\">\n\t\t\t\t<div class=\"elementor-widget-container\">\n\t\t\t<style>\/*! elementor - v3.23.0 - 15-07-2024 *\/\n.elementor-heading-title{padding:0;margin:0;line-height:1}.elementor-widget-heading .elementor-heading-title[class*=elementor-size-]>a{color:inherit;font-size:inherit;line-height:inherit}.elementor-widget-heading .elementor-heading-title.elementor-size-small{font-size:15px}.elementor-widget-heading .elementor-heading-title.elementor-size-medium{font-size:19px}.elementor-widget-heading .elementor-heading-title.elementor-size-large{font-size:29px}.elementor-widget-heading .elementor-heading-title.elementor-size-xl{font-size:39px}.elementor-widget-heading .elementor-heading-title.elementor-size-xxl{font-size:59px}<\/style><h2 class=\"elementor-heading-title elementor-size-default\">\u0420\u0415\u041a\u041e\u041c\u0415\u041d\u0414\u0410\u0426\u0418\u0418 \u041f\u041e \u041f\u0420\u0418\u041c\u0415\u041d\u0415\u041d\u0418\u042e:<\/h2>\t\t<\/div>\n\t\t\t\t<\/div>\n\t\t\t\t<section class=\"elementor-section elementor-inner-section elementor-element elementor-element-d93aad4 elementor-section-full_width elementor-section-height-default elementor-section-height-default\" data-id=\"d93aad4\" data-element_type=\"section\">\n\t\t\t\t\t\t<div class=\"elementor-container elementor-column-gap-no\">\n\t\t\t\t\t<div class=\"elementor-column elementor-col-100 elementor-inner-column elementor-element elementor-element-2bcb782\" data-id=\"2bcb782\" data-element_type=\"column\">\n\t\t\t<div class=\"elementor-widget-wrap elementor-element-populated\">\n\t\t\t\t\t\t<div class=\"elementor-element elementor-element-f8221a1 elementor-widget elementor-widget-text-editor\" data-id=\"f8221a1\" data-element_type=\"widget\" data-widget_type=\"text-editor.default\">\n\t\t\t\t<div class=\"elementor-widget-container\">\n\t\t\t\t\t\t\t\u0412\u044b\u0434\u0430\u0432\u0438\u0442\u0435 \u043f\u0440\u044f\u043c\u043e \u0438\u0437 \u0442\u044e\u0431\u0438\u043a\u0430 \u043d\u0430 \u0433\u0443\u0431\u044b.\n\t\t\t\t\t\t<\/div>\n\t\t\t\t<\/div>\n\t\t\t\t\t<\/div>\n\t\t<\/div>\n\t\t\t\t\t<\/div>\n\t\t<\/section>\n\t\t\t\t\t<\/div>\n\t\t<\/div>\n\t\t\t\t\t<\/div>\n\t\t<\/section>\n\t\t\t\t<section class=\"elementor-section elementor-top-section elementor-element elementor-element-b2c808e elementor-section-stretched elementor-section-boxed elementor-section-height-default elementor-section-height-default\" data-id=\"b2c808e\" data-element_type=\"section\" data-settings=\"{&quot;stretch_section&quot;:&quot;section-stretched&quot;,&quot;background_background&quot;:&quot;classic&quot;}\">\n\t\t\t\t\t\t<div class=\"elementor-container elementor-column-gap-default\">\n\t\t\t\t\t<div class=\"elementor-column elementor-col-100 elementor-top-column elementor-element elementor-element-f1822b5\" data-id=\"f1822b5\" data-element_type=\"column\">\n\t\t\t<div class=\"elementor-widget-wrap elementor-element-populated\">\n\t\t\t\t\t\t<div class=\"elementor-element elementor-element-259198c elementor-widget elementor-widget-heading\" data-id=\"259198c\" data-element_type=\"widget\" data-widget_type=\"heading.default\">\n\t\t\t\t<div class=\"elementor-widget-container\">\n\t\t\t<h2 class=\"elementor-heading-title elementor-size-default\">\u0421\u043e\u0441\u0442\u0430\u0432:<\/h2>\t\t<\/div>\n\t\t\t\t<\/div>\n\t\t\t\t<section class=\"elementor-section elementor-inner-section elementor-element elementor-element-8dd006b elementor-section-full_width elementor-section-height-default elementor-section-height-default\" data-id=\"8dd006b\" data-element_type=\"section\">\n\t\t\t\t\t\t<div class=\"elementor-container elementor-column-gap-no\">\n\t\t\t\t\t<div class=\"elementor-column elementor-col-100 elementor-inner-column elementor-element elementor-element-ab75900\" data-id=\"ab75900\" data-element_type=\"column\">\n\t\t\t<div class=\"elementor-widget-wrap elementor-element-populated\">\n\t\t\t\t\t\t<div class=\"elementor-element elementor-element-d3eb01e elementor-widget elementor-widget-text-editor\" data-id=\"d3eb01e\" data-element_type=\"widget\" data-widget_type=\"text-editor.default\">\n\t\t\t\t<div class=\"elementor-widget-container\">\n\t\t\t\t\t\t\tHelianthus Annuus Seed Oil, Lanolin Alcohol, Beeswax (Cera Alba), Glycerin, Viola Tricolor Extract, Rosmarinus Officinalis Leaf Extract, Chamomilla Recutita (Matricaria) Flower Extract, Calendula Officinalis Flower Extract, Alcohol, Water, Fragrance, Limonene, Linalool, Geraniol.\n\t\t\t\t\t\t<\/div>\n\t\t\t\t<\/div>\n\t\t\t\t\t<\/div>\n\t\t<\/div>\n\t\t\t\t\t<\/div>\n\t\t<\/section>\n\t\t\t\t\t<\/div>\n\t\t<\/div>\n\t\t\t\t\t<\/div>\n\t\t<\/section>\n\t\t\t\t<\/div>","protected":false},"excerpt":{"rendered":"<p>\u2714\ufe0f \u0418\u043d\u0442\u0435\u043d\u0441\u0438\u0432\u043d\u043e\u0435 \u0443\u0432\u043b\u0430\u0436\u043d\u0435\u043d\u0438\u0435 \u0438 \u0437\u0430\u0449\u0438\u0442\u0430 \u0434\u043b\u044f \u043e\u0447\u0435\u043d\u044c \u0441\u0443\u0445\u0438\u0445 \u0438 \u043f\u043e\u0442\u0440\u0435\u0441\u043a\u0430\u0432\u0448\u0438\u0445\u0441\u044f \u0433\u0443\u0431;<br \/>\n\u2714\ufe0f \u041e\u0431\u0440\u0430\u0437\u0443\u0435\u0442 \u0437\u0430\u0449\u0438\u0442\u043d\u044b\u0439 \u0431\u0430\u0440\u044c\u0435\u0440 \u043e\u0442 \u0432\u043d\u0435\u0448\u043d\u0438\u0445 \u0432\u043e\u0437\u0434\u0435\u0439\u0441\u0442\u0432\u0438\u0439, \u0442\u0430\u043a\u0438\u0445 \u043a\u0430\u043a \u0445\u043e\u043b\u043e\u0434\u043d\u0430\u044f \u043f\u043e\u0433\u043e\u0434\u0430 \u0438 \u0441\u0443\u0445\u0438\u0435 \u0443\u0441\u043b\u043e\u0432\u0438\u044f \u0432 \u043f\u043e\u043c\u0435\u0449\u0435\u043d\u0438\u0438;<br \/>\n\u2714\ufe0f \u041f\u0440\u0435\u0434\u043e\u0442\u0432\u0440\u0430\u0449\u0430\u0435\u0442 \u0441\u0443\u0445\u043e\u0441\u0442\u044c \u0433\u0443\u0431;<br \/>\n\u2714\ufe0f \u041f\u043e\u0434\u0445\u043e\u0434\u0438\u0442 \u0434\u043b\u044f \u043b\u044e\u0434\u0435\u0439 \u0441 \u043d\u0435\u043f\u0435\u0440\u0435\u043d\u043e\u0441\u0438\u043c\u043e\u0441\u0442\u044c\u044e \u0433\u043b\u044e\u0442\u0435\u043d\u0430.<\/p>","protected":false},"featured_media":33807,"comment_status":"closed","ping_status":"closed","template":"","meta":{"_acf_changed":false},"product_cat":[1859],"product_tag":[],"class_list":{"0":"post-33806","1":"product","2":"type-product","3":"status-publish","4":"has-post-thumbnail","6":"product_cat-huulepalsamid","8":"first","9":"outofstock","10":"shipping-taxable","11":"purchasable","12":"product-type-simple"},"acf":[],"yoast_head":"<!-- This site is optimized with the Yoast SEO plugin v23.0 - https:\/\/yoast.com\/wordpress\/plugins\/seo\/ -->\n<title>Skin Food Huulev\u00f5ie Weleda - \u00f5rn, niisutav huulev\u00f5i &#8226; Looduspood<\/title>\n<meta name=\"description\" content=\"Skin Food Huulev\u00f5ie Weleda \u2714\ufe0f Kohe saadaval \u2714\ufe0f Kiire kohaletoimetamine \ud83e\udd55 Looduspood \u21161 veebis \u27a4 Klikkige ja k\u00fclastage!\" \/>\n<meta name=\"robots\" content=\"index, follow, max-snippet:-1, max-image-preview:large, max-video-preview:-1\" \/>\n<link rel=\"canonical\" href=\"https:\/\/www.looduspood.ee\/ru\/\u043f\u0440\u043e\u0434\u0443\u043a\u0442\/\u0431\u0430\u043b\u044c\u0437\u0430\u043c-\u0434\u043b\u044f-\u0433\u0443\u0431-weleda\/\" \/>\n<meta property=\"og:locale\" content=\"ru_RU\" \/>\n<meta property=\"og:type\" content=\"article\" \/>\n<meta property=\"og:title\" content=\"Skin Food Huulev\u00f5ie Weleda 8ml\" \/>\n<meta property=\"og:description\" content=\"Kuivade ja l\u00f5henenud huulte jaoks huulev\u00f5i.\" \/>\n<meta property=\"og:url\" content=\"https:\/\/www.looduspood.ee\/ru\/\u043f\u0440\u043e\u0434\u0443\u043a\u0442\/\u0431\u0430\u043b\u044c\u0437\u0430\u043c-\u0434\u043b\u044f-\u0433\u0443\u0431-weleda\/\" \/>\n<meta property=\"og:site_name\" content=\"Looduspood\" \/>\n<meta property=\"article:publisher\" content=\"https:\/\/www.facebook.com\/Looduspood-2064766730406653\/\" \/>\n<meta property=\"article:modified_time\" content=\"2023-03-10T20:53:04+00:00\" \/>\n<meta property=\"og:image\" content=\"https:\/\/www.looduspood.ee\/wp-content\/uploads\/2021\/05\/1.8-Weleda-Skin-Food-Huulev\u00f5ie-8-ml-jpg.avif\" \/>\n\t<meta property=\"og:image:width\" content=\"600\" \/>\n\t<meta property=\"og:image:height\" content=\"600\" \/>\n\t<meta property=\"og:image:type\" content=\"image\/jpeg\" \/>\n<meta name=\"twitter:card\" content=\"summary_large_image\" \/>\n<script type=\"application\/ld+json\" class=\"yoast-schema-graph\">{\"@context\":\"https:\/\/schema.org\",\"@graph\":[{\"@type\":\"WebPage\",\"@id\":\"https:\/\/www.looduspood.ee\/ru\/\u043f\u0440\u043e\u0434\u0443\u043a\u0442\/\u0431\u0430\u043b\u044c\u0437\u0430\u043c-\u0434\u043b\u044f-\u0433\u0443\u0431-weleda\/\",\"url\":\"https:\/\/www.looduspood.ee\/ru\/\u043f\u0440\u043e\u0434\u0443\u043a\u0442\/\u0431\u0430\u043b\u044c\u0437\u0430\u043c-\u0434\u043b\u044f-\u0433\u0443\u0431-weleda\/\",\"name\":\"Skin Food Huulev\u00f5ie Weleda - \u00f5rn, niisutav huulev\u00f5i &#8226; Looduspood\",\"isPartOf\":{\"@id\":\"https:\/\/www.looduspood.ee\/#website\"},\"primaryImageOfPage\":{\"@id\":\"https:\/\/www.looduspood.ee\/ru\/\u043f\u0440\u043e\u0434\u0443\u043a\u0442\/\u0431\u0430\u043b\u044c\u0437\u0430\u043c-\u0434\u043b\u044f-\u0433\u0443\u0431-weleda\/#primaryimage\"},\"image\":{\"@id\":\"https:\/\/www.looduspood.ee\/ru\/\u043f\u0440\u043e\u0434\u0443\u043a\u0442\/\u0431\u0430\u043b\u044c\u0437\u0430\u043c-\u0434\u043b\u044f-\u0433\u0443\u0431-weleda\/#primaryimage\"},\"thumbnailUrl\":\"https:\/\/www.looduspood.ee\/wp-content\/uploads\/2021\/05\/1.8-Weleda-Skin-Food-Huulev\u00f5ie-8-ml-jpg.avif\",\"datePublished\":\"2021-05-08T11:56:27+00:00\",\"dateModified\":\"2023-03-10T20:53:04+00:00\",\"description\":\"Skin Food Huulev\u00f5ie Weleda \u2714\ufe0f Kohe saadaval \u2714\ufe0f Kiire kohaletoimetamine \ud83e\udd55 Looduspood \u21161 veebis \u27a4 Klikkige ja k\u00fclastage!\",\"breadcrumb\":{\"@id\":\"https:\/\/www.looduspood.ee\/ru\/\u043f\u0440\u043e\u0434\u0443\u043a\u0442\/\u0431\u0430\u043b\u044c\u0437\u0430\u043c-\u0434\u043b\u044f-\u0433\u0443\u0431-weleda\/#breadcrumb\"},\"inLanguage\":\"ru-RU\",\"potentialAction\":[{\"@type\":\"ReadAction\",\"target\":[\"https:\/\/www.looduspood.ee\/ru\/\u043f\u0440\u043e\u0434\u0443\u043a\u0442\/\u0431\u0430\u043b\u044c\u0437\u0430\u043c-\u0434\u043b\u044f-\u0433\u0443\u0431-weleda\/\"]}]},{\"@type\":\"ImageObject\",\"inLanguage\":\"ru-RU\",\"@id\":\"https:\/\/www.looduspood.ee\/ru\/\u043f\u0440\u043e\u0434\u0443\u043a\u0442\/\u0431\u0430\u043b\u044c\u0437\u0430\u043c-\u0434\u043b\u044f-\u0433\u0443\u0431-weleda\/#primaryimage\",\"url\":\"https:\/\/www.looduspood.ee\/wp-content\/uploads\/2021\/05\/1.8-Weleda-Skin-Food-Huulev\u00f5ie-8-ml-jpg.avif\",\"contentUrl\":\"https:\/\/www.looduspood.ee\/wp-content\/uploads\/2021\/05\/1.8-Weleda-Skin-Food-Huulev\u00f5ie-8-ml-jpg.avif\",\"width\":600,\"height\":600},{\"@type\":\"BreadcrumbList\",\"@id\":\"https:\/\/www.looduspood.ee\/ru\/\u043f\u0440\u043e\u0434\u0443\u043a\u0442\/\u0431\u0430\u043b\u044c\u0437\u0430\u043c-\u0434\u043b\u044f-\u0433\u0443\u0431-weleda\/#breadcrumb\",\"itemListElement\":[{\"@type\":\"ListItem\",\"position\":1,\"name\":\"Home\",\"item\":\"https:\/\/www.looduspood.ee\/\"},{\"@type\":\"ListItem\",\"position\":2,\"name\":\"Pood\",\"item\":\"https:\/\/www.looduspood.ee\/looduspood\/\"},{\"@type\":\"ListItem\",\"position\":3,\"name\":\"Skin Food Huulev\u00f5ie Weleda 8ml &#8211; Kuivade ja l\u00f5henenud huulte jaoks huulev\u00f5i\"}]},{\"@type\":\"WebSite\",\"@id\":\"https:\/\/www.looduspood.ee\/#website\",\"url\":\"https:\/\/www.looduspood.ee\/\",\"name\":\"Looduspood\",\"description\":\"Looduspood\",\"publisher\":{\"@id\":\"https:\/\/www.looduspood.ee\/#organization\"},\"potentialAction\":[{\"@type\":\"SearchAction\",\"target\":{\"@type\":\"EntryPoint\",\"urlTemplate\":\"https:\/\/www.looduspood.ee\/?s={search_term_string}\"},\"query-input\":\"required name=search_term_string\"}],\"inLanguage\":\"ru-RU\"},{\"@type\":\"Organization\",\"@id\":\"https:\/\/www.looduspood.ee\/#organization\",\"name\":\"Looduspood\",\"url\":\"https:\/\/www.looduspood.ee\/\",\"logo\":{\"@type\":\"ImageObject\",\"inLanguage\":\"ru-RU\",\"@id\":\"https:\/\/www.looduspood.ee\/#\/schema\/logo\/image\/\",\"url\":\"https:\/\/www.looduspood.ee\/wp-content\/uploads\/2019\/07\/morkva-1.png\",\"contentUrl\":\"https:\/\/www.looduspood.ee\/wp-content\/uploads\/2019\/07\/morkva-1.png\",\"width\":258,\"height\":162,\"caption\":\"Looduspood\"},\"image\":{\"@id\":\"https:\/\/www.looduspood.ee\/#\/schema\/logo\/image\/\"},\"sameAs\":[\"https:\/\/www.facebook.com\/Looduspood-2064766730406653\/\",\"https:\/\/www.youtube.com\/channel\/UCGxI8Tgkgvwn7Q9U8Qh6UgA?view_as=subscriber\"]}]}<\/script>\n<!-- \/ Yoast SEO plugin. -->","yoast_head_json":{"title":"Skin Food Huulev\u00f5ie Weleda - \u00f5rn, niisutav huulev\u00f5i &#8226; Looduspood","description":"Skin Food Huulev\u00f5ie Weleda \u2714\ufe0f Kohe saadaval \u2714\ufe0f Kiire kohaletoimetamine \ud83e\udd55 Looduspood \u21161 veebis \u27a4 Klikkige ja k\u00fclastage!","robots":{"index":"index","follow":"follow","max-snippet":"max-snippet:-1","max-image-preview":"max-image-preview:large","max-video-preview":"max-video-preview:-1"},"canonical":"https:\/\/www.looduspood.ee\/ru\/\u043f\u0440\u043e\u0434\u0443\u043a\u0442\/\u0431\u0430\u043b\u044c\u0437\u0430\u043c-\u0434\u043b\u044f-\u0433\u0443\u0431-weleda\/","og_locale":"ru_RU","og_type":"article","og_title":"Skin Food Huulev\u00f5ie Weleda 8ml","og_description":"Kuivade ja l\u00f5henenud huulte jaoks huulev\u00f5i.","og_url":"https:\/\/www.looduspood.ee\/ru\/\u043f\u0440\u043e\u0434\u0443\u043a\u0442\/\u0431\u0430\u043b\u044c\u0437\u0430\u043c-\u0434\u043b\u044f-\u0433\u0443\u0431-weleda\/","og_site_name":"Looduspood","article_publisher":"https:\/\/www.facebook.com\/Looduspood-2064766730406653\/","article_modified_time":"2023-03-10T20:53:04+00:00","og_image":[{"width":600,"height":600,"url":"https:\/\/www.looduspood.ee\/wp-content\/uploads\/2021\/05\/1.8-Weleda-Skin-Food-Huulev\u00f5ie-8-ml-jpg.avif","type":"image\/jpeg"}],"twitter_card":"summary_large_image","schema":{"@context":"https:\/\/schema.org","@graph":[{"@type":"WebPage","@id":"https:\/\/www.looduspood.ee\/ru\/\u043f\u0440\u043e\u0434\u0443\u043a\u0442\/\u0431\u0430\u043b\u044c\u0437\u0430\u043c-\u0434\u043b\u044f-\u0433\u0443\u0431-weleda\/","url":"https:\/\/www.looduspood.ee\/ru\/\u043f\u0440\u043e\u0434\u0443\u043a\u0442\/\u0431\u0430\u043b\u044c\u0437\u0430\u043c-\u0434\u043b\u044f-\u0433\u0443\u0431-weleda\/","name":"Skin Food Huulev\u00f5ie Weleda - \u00f5rn, niisutav huulev\u00f5i &#8226; Looduspood","isPartOf":{"@id":"https:\/\/www.looduspood.ee\/#website"},"primaryImageOfPage":{"@id":"https:\/\/www.looduspood.ee\/ru\/\u043f\u0440\u043e\u0434\u0443\u043a\u0442\/\u0431\u0430\u043b\u044c\u0437\u0430\u043c-\u0434\u043b\u044f-\u0433\u0443\u0431-weleda\/#primaryimage"},"image":{"@id":"https:\/\/www.looduspood.ee\/ru\/\u043f\u0440\u043e\u0434\u0443\u043a\u0442\/\u0431\u0430\u043b\u044c\u0437\u0430\u043c-\u0434\u043b\u044f-\u0433\u0443\u0431-weleda\/#primaryimage"},"thumbnailUrl":"https:\/\/www.looduspood.ee\/wp-content\/uploads\/2021\/05\/1.8-Weleda-Skin-Food-Huulev\u00f5ie-8-ml-jpg.avif","datePublished":"2021-05-08T11:56:27+00:00","dateModified":"2023-03-10T20:53:04+00:00","description":"Skin Food Huulev\u00f5ie Weleda \u2714\ufe0f Kohe saadaval \u2714\ufe0f Kiire kohaletoimetamine \ud83e\udd55 Looduspood \u21161 veebis \u27a4 Klikkige ja k\u00fclastage!","breadcrumb":{"@id":"https:\/\/www.looduspood.ee\/ru\/\u043f\u0440\u043e\u0434\u0443\u043a\u0442\/\u0431\u0430\u043b\u044c\u0437\u0430\u043c-\u0434\u043b\u044f-\u0433\u0443\u0431-weleda\/#breadcrumb"},"inLanguage":"ru-RU","potentialAction":[{"@type":"ReadAction","target":["https:\/\/www.looduspood.ee\/ru\/\u043f\u0440\u043e\u0434\u0443\u043a\u0442\/\u0431\u0430\u043b\u044c\u0437\u0430\u043c-\u0434\u043b\u044f-\u0433\u0443\u0431-weleda\/"]}]},{"@type":"ImageObject","inLanguage":"ru-RU","@id":"https:\/\/www.looduspood.ee\/ru\/\u043f\u0440\u043e\u0434\u0443\u043a\u0442\/\u0431\u0430\u043b\u044c\u0437\u0430\u043c-\u0434\u043b\u044f-\u0433\u0443\u0431-weleda\/#primaryimage","url":"https:\/\/www.looduspood.ee\/wp-content\/uploads\/2021\/05\/1.8-Weleda-Skin-Food-Huulev\u00f5ie-8-ml-jpg.avif","contentUrl":"https:\/\/www.looduspood.ee\/wp-content\/uploads\/2021\/05\/1.8-Weleda-Skin-Food-Huulev\u00f5ie-8-ml-jpg.avif","width":600,"height":600},{"@type":"BreadcrumbList","@id":"https:\/\/www.looduspood.ee\/ru\/\u043f\u0440\u043e\u0434\u0443\u043a\u0442\/\u0431\u0430\u043b\u044c\u0437\u0430\u043c-\u0434\u043b\u044f-\u0433\u0443\u0431-weleda\/#breadcrumb","itemListElement":[{"@type":"ListItem","position":1,"name":"Home","item":"https:\/\/www.looduspood.ee\/"},{"@type":"ListItem","position":2,"name":"Pood","item":"https:\/\/www.looduspood.ee\/looduspood\/"},{"@type":"ListItem","position":3,"name":"Skin Food Huulev\u00f5ie Weleda 8ml &#8211; Kuivade ja l\u00f5henenud huulte jaoks huulev\u00f5i"}]},{"@type":"WebSite","@id":"https:\/\/www.looduspood.ee\/#website","url":"https:\/\/www.looduspood.ee\/","name":"Looduspood","description":"Looduspood","publisher":{"@id":"https:\/\/www.looduspood.ee\/#organization"},"potentialAction":[{"@type":"SearchAction","target":{"@type":"EntryPoint","urlTemplate":"https:\/\/www.looduspood.ee\/?s={search_term_string}"},"query-input":"required name=search_term_string"}],"inLanguage":"ru-RU"},{"@type":"Organization","@id":"https:\/\/www.looduspood.ee\/#organization","name":"Looduspood","url":"https:\/\/www.looduspood.ee\/","logo":{"@type":"ImageObject","inLanguage":"ru-RU","@id":"https:\/\/www.looduspood.ee\/#\/schema\/logo\/image\/","url":"https:\/\/www.looduspood.ee\/wp-content\/uploads\/2019\/07\/morkva-1.png","contentUrl":"https:\/\/www.looduspood.ee\/wp-content\/uploads\/2019\/07\/morkva-1.png","width":258,"height":162,"caption":"Looduspood"},"image":{"@id":"https:\/\/www.looduspood.ee\/#\/schema\/logo\/image\/"},"sameAs":["https:\/\/www.facebook.com\/Looduspood-2064766730406653\/","https:\/\/www.youtube.com\/channel\/UCGxI8Tgkgvwn7Q9U8Qh6UgA?view_as=subscriber"]}]}},"tiered_pricing_type":"fixed","tiered_pricing_fixed_rules":[],"_links":{"self":[{"href":"https:\/\/www.looduspood.ee\/ru\/wp-json\/wp\/v2\/product\/33806"}],"collection":[{"href":"https:\/\/www.looduspood.ee\/ru\/wp-json\/wp\/v2\/product"}],"about":[{"href":"https:\/\/www.looduspood.ee\/ru\/wp-json\/wp\/v2\/types\/product"}],"replies":[{"embeddable":true,"href":"https:\/\/www.looduspood.ee\/ru\/wp-json\/wp\/v2\/comments?post=33806"}],"version-history":[{"count":0,"href":"https:\/\/www.looduspood.ee\/ru\/wp-json\/wp\/v2\/product\/33806\/revisions"}],"wp:featuredmedia":[{"embeddable":true,"href":"https:\/\/www.looduspood.ee\/ru\/wp-json\/wp\/v2\/media\/33807"}],"wp:attachment":[{"href":"https:\/\/www.looduspood.ee\/ru\/wp-json\/wp\/v2\/media?parent=33806"}],"wp:term":[{"taxonomy":"product_cat","embeddable":true,"href":"https:\/\/www.looduspood.ee\/ru\/wp-json\/wp\/v2\/product_cat?post=33806"},{"taxonomy":"product_tag","embeddable":true,"href":"https:\/\/www.looduspood.ee\/ru\/wp-json\/wp\/v2\/product_tag?post=33806"}],"curies":[{"name":"wp","href":"https:\/\/api.w.org\/{rel}","templated":true}]}}