{"id":33864,"date":"2021-05-08T18:28:30","date_gmt":"2021-05-08T15:28:30","guid":{"rendered":"https:\/\/www.looduspood.ee\/?post_type=product&#038;p=33864"},"modified":"2023-03-10T23:53:02","modified_gmt":"2023-03-10T20:53:02","slug":"saialillest-tuule-ja-kulmakaitsekreem-weleda","status":"publish","type":"product","link":"https:\/\/www.looduspood.ee\/ru\/product\/\u043a\u0440\u0435\u043c-\u0434\u043b\u044f-\u0431\u0440\u043e\u0432\u0435\u0439-\u0438-\u0432\u0435\u0442\u0432\u0435\u0439-\u0441-\u0441\u0430\u0444\u043b\u043e\u0440\u043e\u043c-weleda\/","title":{"rendered":"Weleda \u0417\u0430\u0449\u0438\u0442\u043d\u044b\u0439 \u043a\u0440\u0435\u043c \u043e\u0442 \u0432\u0435\u0442\u0440\u0430 \u0438 \u0445\u043e\u043b\u043e\u0434\u0430 30 \u043c\u043b - \u0437\u0430\u0449\u0438\u0449\u0430\u0435\u0442 \u043d\u0435\u0436\u043d\u0443\u044e \u043a\u043e\u0436\u0443 \u043e\u0442 \u0445\u043e\u043b\u043e\u0434\u0430"},"content":{"rendered":"<div data-elementor-type=\"product-post\" data-elementor-id=\"33864\" class=\"elementor elementor-33864\" data-elementor-post-type=\"product\">\n\t\t\t\t\t\t<section class=\"elementor-section elementor-top-section elementor-element elementor-element-ac1fd7e elementor-section-stretched elementor-section-boxed elementor-section-height-default elementor-section-height-default\" data-id=\"ac1fd7e\" data-element_type=\"section\" data-settings=\"{&quot;stretch_section&quot;:&quot;section-stretched&quot;,&quot;background_background&quot;:&quot;classic&quot;}\">\n\t\t\t\t\t\t<div class=\"elementor-container elementor-column-gap-default\">\n\t\t\t\t\t<div class=\"elementor-column elementor-col-100 elementor-top-column elementor-element elementor-element-550cfbb\" data-id=\"550cfbb\" data-element_type=\"column\">\n\t\t\t<div class=\"elementor-widget-wrap elementor-element-populated\">\n\t\t\t\t\t\t<div class=\"elementor-element elementor-element-2239cfb elementor-widget elementor-widget-text-editor\" data-id=\"2239cfb\" data-element_type=\"widget\" data-widget_type=\"text-editor.default\">\n\t\t\t\t<div class=\"elementor-widget-container\">\n\t\t\t<style>\/*! elementor - v3.23.0 - 15-07-2024 *\/\n.elementor-widget-text-editor.elementor-drop-cap-view-stacked .elementor-drop-cap{background-color:#69727d;color:#fff}.elementor-widget-text-editor.elementor-drop-cap-view-framed .elementor-drop-cap{color:#69727d;border:3px solid;background-color:transparent}.elementor-widget-text-editor:not(.elementor-drop-cap-view-default) .elementor-drop-cap{margin-top:8px}.elementor-widget-text-editor:not(.elementor-drop-cap-view-default) .elementor-drop-cap-letter{width:1em;height:1em}.elementor-widget-text-editor .elementor-drop-cap{float:left;text-align:center;line-height:1;font-size:50px}.elementor-widget-text-editor .elementor-drop-cap-letter{display:inline-block}<\/style>\t\t\t\t\u0417\u0430\u0449\u0438\u0449\u0430\u0435\u0442 \u0447\u0443\u0432\u0441\u0442\u0432\u0438\u0442\u0435\u043b\u044c\u043d\u0443\u044e \u043a\u043e\u0436\u0443 \u043b\u0438\u0446\u0430 \u043e\u0442 \u0445\u043e\u043b\u043e\u0434\u0430, \u0432\u0435\u0442\u0440\u0430 \u0438 \u0441\u0443\u0440\u043e\u0432\u044b\u0445 \u043f\u043e\u0433\u043e\u0434\u043d\u044b\u0445 \u0443\u0441\u043b\u043e\u0432\u0438\u0439. \u0418\u0434\u0435\u0430\u043b\u044c\u043d\u043e\u0435 \u0441\u0440\u0435\u0434\u0441\u0442\u0432\u043e \u0434\u043b\u044f \u0430\u043a\u0442\u0438\u0432\u043d\u043e\u0439 \u0441\u0435\u043c\u044c\u0438, \u0447\u0430\u0441\u0442\u043e \u0431\u044b\u0432\u0430\u044e\u0449\u0435\u0439 \u043d\u0430 \u0441\u0432\u0435\u0436\u0435\u043c \u0432\u043e\u0437\u0434\u0443\u0445\u0435. \u0427\u0438\u0441\u0442\u044b\u0439 \u043f\u0447\u0435\u043b\u0438\u043d\u044b\u0439 \u0432\u043e\u0441\u043a \u0438 \u0431\u0435\u0437\u043e\u043f\u0430\u0441\u043d\u044b\u0439 \u0434\u043b\u044f \u043a\u043e\u0436\u0438 \u043b\u0430\u043d\u043e\u043b\u0438\u043d \u043e\u0431\u0440\u0430\u0437\u0443\u044e\u0442 \u0435\u0441\u0442\u0435\u0441\u0442\u0432\u0435\u043d\u043d\u044b\u0439 \u0437\u0430\u0449\u0438\u0442\u043d\u044b\u0439 \u0441\u043b\u043e\u0439, \u043f\u043e\u0437\u0432\u043e\u043b\u044f\u044f \u043a\u043e\u0436\u0435 \u0434\u044b\u0448\u0430\u0442\u044c. \u0414\u0440\u0430\u0433\u043e\u0446\u0435\u043d\u043d\u043e\u0435 \u043c\u0438\u043d\u0434\u0430\u043b\u044c\u043d\u043e\u0435 \u043c\u0430\u0441\u043b\u043e \u0441\u043c\u044f\u0433\u0447\u0430\u0435\u0442 \u0438 \u0437\u0430\u043c\u0435\u0442\u043d\u043e \u0440\u0430\u0437\u0433\u043b\u0430\u0436\u0438\u0432\u0430\u0435\u0442 \u0441\u0443\u0445\u0443\u044e \u0438 \u043f\u043e\u0432\u0440\u0435\u0436\u0434\u0435\u043d\u043d\u0443\u044e \u043a\u043e\u0436\u0443. \u041f\u0440\u0438\u043a\u043e\u0441\u043d\u043e\u0432\u0435\u043d\u0438\u0435 \u043a\u0430\u043b\u0435\u043d\u0434\u0443\u043b\u044b \u0443\u0441\u043f\u043e\u043a\u0430\u0438\u0432\u0430\u0435\u0442 \u043a\u043e\u0436\u0443. \u041a\u0440\u0435\u043c \u043d\u0435 \u0441\u043e\u0434\u0435\u0440\u0436\u0438\u0442 \u0432\u043e\u0434\u044b \u0438 \u043e\u0447\u0435\u043d\u044c \u043d\u0430\u0441\u044b\u0449\u0435\u043d. \u0421\u0440\u0435\u0434\u0441\u0442\u0432\u043e \u0434\u043b\u044f \u0437\u0430\u0449\u0438\u0442\u044b \u043e\u0442 \u0441\u0443\u0440\u043e\u0432\u044b\u0445 \u043f\u043e\u0433\u043e\u0434\u043d\u044b\u0445 \u0443\u0441\u043b\u043e\u0432\u0438\u0439 \u0434\u043b\u044f \u0432\u0441\u0435\u0445, \u043d\u0435\u0437\u0430\u0432\u0438\u0441\u0438\u043c\u043e \u043e\u0442 \u0432\u043e\u0437\u0440\u0430\u0441\u0442\u0430.\n\t\t\t\t\t\t<\/div>\n\t\t\t\t<\/div>\n\t\t\t\t\t<\/div>\n\t\t<\/div>\n\t\t\t\t\t<\/div>\n\t\t<\/section>\n\t\t\t\t<section class=\"elementor-section elementor-top-section elementor-element elementor-element-a8637c8 elementor-section-stretched elementor-section-boxed elementor-section-height-default elementor-section-height-default\" data-id=\"a8637c8\" data-element_type=\"section\" data-settings=\"{&quot;stretch_section&quot;:&quot;section-stretched&quot;,&quot;background_background&quot;:&quot;classic&quot;}\">\n\t\t\t\t\t\t<div class=\"elementor-container elementor-column-gap-default\">\n\t\t\t\t\t<div class=\"elementor-column elementor-col-100 elementor-top-column elementor-element elementor-element-2d03df6\" data-id=\"2d03df6\" data-element_type=\"column\">\n\t\t\t<div class=\"elementor-widget-wrap elementor-element-populated\">\n\t\t\t\t\t\t<div class=\"elementor-element elementor-element-5a1c13b elementor-widget elementor-widget-heading\" data-id=\"5a1c13b\" data-element_type=\"widget\" data-widget_type=\"heading.default\">\n\t\t\t\t<div class=\"elementor-widget-container\">\n\t\t\t<style>\/*! elementor - v3.23.0 - 15-07-2024 *\/\n.elementor-heading-title{padding:0;margin:0;line-height:1}.elementor-widget-heading .elementor-heading-title[class*=elementor-size-]>a{color:inherit;font-size:inherit;line-height:inherit}.elementor-widget-heading .elementor-heading-title.elementor-size-small{font-size:15px}.elementor-widget-heading .elementor-heading-title.elementor-size-medium{font-size:19px}.elementor-widget-heading .elementor-heading-title.elementor-size-large{font-size:29px}.elementor-widget-heading .elementor-heading-title.elementor-size-xl{font-size:39px}.elementor-widget-heading .elementor-heading-title.elementor-size-xxl{font-size:59px}<\/style><h2 class=\"elementor-heading-title elementor-size-default\">\u0420\u0415\u041a\u041e\u041c\u0415\u041d\u0414\u0410\u0426\u0418\u0418 \u041f\u041e \u041f\u0420\u0418\u041c\u0415\u041d\u0415\u041d\u0418\u042e:<\/h2>\t\t<\/div>\n\t\t\t\t<\/div>\n\t\t\t\t<section class=\"elementor-section elementor-inner-section elementor-element elementor-element-c175076 elementor-section-full_width elementor-section-height-default elementor-section-height-default\" data-id=\"c175076\" data-element_type=\"section\">\n\t\t\t\t\t\t<div class=\"elementor-container elementor-column-gap-no\">\n\t\t\t\t\t<div class=\"elementor-column elementor-col-100 elementor-inner-column elementor-element elementor-element-fdf5eec\" data-id=\"fdf5eec\" data-element_type=\"column\">\n\t\t\t<div class=\"elementor-widget-wrap elementor-element-populated\">\n\t\t\t\t\t\t<div class=\"elementor-element elementor-element-3d763a0 elementor-widget elementor-widget-text-editor\" data-id=\"3d763a0\" data-element_type=\"widget\" data-widget_type=\"text-editor.default\">\n\t\t\t\t<div class=\"elementor-widget-container\">\n\t\t\t\t\t\t\t\u041d\u0430\u043d\u0435\u0441\u0438\u0442\u0435 \u043d\u0435\u043e\u0431\u0445\u043e\u0434\u0438\u043c\u043e\u0435 \u043a\u043e\u043b\u0438\u0447\u0435\u0441\u0442\u0432\u043e \u0441\u0440\u0435\u0434\u0441\u0442\u0432\u0430 \u043d\u0430 \u043b\u0438\u0446\u043e \u0440\u0435\u0431\u0435\u043d\u043a\u0430. \u041f\u043e\u0434\u0445\u043e\u0434\u0438\u0442 \u0442\u0430\u043a\u0436\u0435 \u0434\u043b\u044f \u0432\u0437\u0440\u043e\u0441\u043b\u044b\u0445.\n\t\t\t\t\t\t<\/div>\n\t\t\t\t<\/div>\n\t\t\t\t\t<\/div>\n\t\t<\/div>\n\t\t\t\t\t<\/div>\n\t\t<\/section>\n\t\t\t\t\t<\/div>\n\t\t<\/div>\n\t\t\t\t\t<\/div>\n\t\t<\/section>\n\t\t\t\t<section class=\"elementor-section elementor-top-section elementor-element elementor-element-15a4e1b elementor-section-stretched elementor-section-boxed elementor-section-height-default elementor-section-height-default\" data-id=\"15a4e1b\" data-element_type=\"section\" data-settings=\"{&quot;stretch_section&quot;:&quot;section-stretched&quot;,&quot;background_background&quot;:&quot;classic&quot;}\">\n\t\t\t\t\t\t<div class=\"elementor-container elementor-column-gap-default\">\n\t\t\t\t\t<div class=\"elementor-column elementor-col-100 elementor-top-column elementor-element elementor-element-546e75a\" data-id=\"546e75a\" data-element_type=\"column\">\n\t\t\t<div class=\"elementor-widget-wrap elementor-element-populated\">\n\t\t\t\t\t\t<div class=\"elementor-element elementor-element-075d208 elementor-widget elementor-widget-heading\" data-id=\"075d208\" data-element_type=\"widget\" data-widget_type=\"heading.default\">\n\t\t\t\t<div class=\"elementor-widget-container\">\n\t\t\t<h2 class=\"elementor-heading-title elementor-size-default\">\u0421\u043e\u0441\u0442\u0430\u0432:<\/h2>\t\t<\/div>\n\t\t\t\t<\/div>\n\t\t\t\t<section class=\"elementor-section elementor-inner-section elementor-element elementor-element-c77e172 elementor-section-full_width elementor-section-height-default elementor-section-height-default\" data-id=\"c77e172\" data-element_type=\"section\">\n\t\t\t\t\t\t<div class=\"elementor-container elementor-column-gap-no\">\n\t\t\t\t\t<div class=\"elementor-column elementor-col-100 elementor-inner-column elementor-element elementor-element-31c8cbe\" data-id=\"31c8cbe\" data-element_type=\"column\">\n\t\t\t<div class=\"elementor-widget-wrap elementor-element-populated\">\n\t\t\t\t\t\t<div class=\"elementor-element elementor-element-f1cfee0 elementor-widget elementor-widget-text-editor\" data-id=\"f1cfee0\" data-element_type=\"widget\" data-widget_type=\"text-editor.default\">\n\t\t\t\t<div class=\"elementor-widget-container\">\n\t\t\t\t\t\t\t\u041c\u0430\u0441\u043b\u043e \u0441\u0435\u043c\u044f\u043d \u043a\u0443\u043d\u0436\u0443\u0442\u0430, \u043c\u0430\u0441\u043b\u043e \u0441\u043b\u0430\u0434\u043a\u043e\u0433\u043e \u043c\u0438\u043d\u0434\u0430\u043b\u044f, \u0448\u0435\u0440\u0441\u0442\u044f\u043d\u043e\u0439 \u0432\u043e\u0441\u043a, \u043f\u0447\u0435\u043b\u0438\u043d\u044b\u0439 \u0432\u043e\u0441\u043a, \u044d\u043a\u0441\u0442\u0440\u0430\u043a\u0442 \u0446\u0432\u0435\u0442\u043a\u043e\u0432 \u0441\u0430\u0438\u0430\u043b\u0430, \u043f\u0430\u0440\u0444\u044e\u043c, \u043b\u0438\u043c\u043e\u043d\u0435\u043d, \u043b\u0438\u043d\u0430\u043b\u043e\u043e\u043b, \u0433\u0435\u0440\u0430\u043d\u0438\u043e\u043b, \u0446\u0438\u0442\u0440\u0430\u043b\u044c.\n\t\t\t\t\t\t<\/div>\n\t\t\t\t<\/div>\n\t\t\t\t\t<\/div>\n\t\t<\/div>\n\t\t\t\t\t<\/div>\n\t\t<\/section>\n\t\t\t\t\t<\/div>\n\t\t<\/div>\n\t\t\t\t\t<\/div>\n\t\t<\/section>\n\t\t\t\t<\/div>","protected":false},"excerpt":{"rendered":"<p>\u2714\ufe0f \u0411\u0435\u0437\u0432\u043e\u0434\u043d\u044b\u0439 \u0433\u0435\u043b\u044c, \u0441\u043e\u0441\u0442\u043e\u044f\u0449\u0438\u0439 \u0438\u0437 \u0440\u0430\u0441\u0442\u0438\u0442\u0435\u043b\u044c\u043d\u044b\u0445 \u043c\u0430\u0441\u0435\u043b \u0438 \u043d\u0430\u0442\u0443\u0440\u0430\u043b\u044c\u043d\u044b\u0445 \u0432\u043e\u0441\u043a\u043e\u0432;<br \/>\n\u2714\ufe0f \u042d\u0444\u0444\u0435\u043a\u0442\u0438\u0432\u043d\u043e \u0437\u0430\u0449\u0438\u0449\u0430\u0435\u0442 \u043e\u0442 \u0445\u043e\u043b\u043e\u0434\u0430, \u0432\u0435\u0442\u0440\u0430 \u0438 \u0432\u043b\u0430\u0433\u0438;<br \/>\n\u2714\ufe0f \u0414\u0435\u0440\u043c\u0430\u0442\u043e\u043b\u043e\u0433\u0438\u0447\u0435\u0441\u043a\u0438 \u043f\u0440\u043e\u0442\u0435\u0441\u0442\u0438\u0440\u043e\u0432\u0430\u043d\u043e;<br \/>\n\u2714\ufe0f \u0422\u0430\u043a\u0436\u0435 \u043f\u043e\u0434\u0445\u043e\u0434\u0438\u0442 \u0434\u043b\u044f \u0447\u0443\u0432\u0441\u0442\u0432\u0438\u0442\u0435\u043b\u044c\u043d\u043e\u0439 \u043a\u043e\u0436\u0438.<\/p>","protected":false},"featured_media":33865,"comment_status":"closed","ping_status":"closed","template":"","meta":{"_acf_changed":false},"product_cat":[3000,2860,2886],"product_tag":[],"class_list":{"0":"post-33864","1":"product","2":"type-product","3":"status-publish","4":"has-post-thumbnail","6":"product_cat-katehooldus","7":"product_cat-kehakreemid","8":"product_cat-naokreemid","10":"first","11":"outofstock","12":"shipping-taxable","13":"purchasable","14":"product-type-simple"},"acf":[],"yoast_head":"<!-- This site is optimized with the Yoast SEO plugin v23.0 - https:\/\/yoast.com\/wordpress\/plugins\/seo\/ -->\n<title>K\u00fclmakaitsekreem Weleda - kaitseb ja rahustab nahka &#8226; Looduspood<\/title>\n<meta name=\"description\" content=\"K\u00fclmakaitsekreem Weleda \u2714\ufe0f Kohe saadaval \u2714\ufe0f Kiire kohaletoimetamine \ud83e\udd55 Looduspood \u21161 veebis \u27a4 Klikkige ja k\u00fclastage!\" \/>\n<meta name=\"robots\" content=\"index, follow, max-snippet:-1, max-image-preview:large, max-video-preview:-1\" \/>\n<link rel=\"canonical\" href=\"https:\/\/www.looduspood.ee\/ru\/product\/\u043a\u0440\u0435\u043c-\u0434\u043b\u044f-\u0431\u0440\u043e\u0432\u0435\u0439-\u0438-\u0432\u0435\u0442\u0432\u0435\u0439-\u0441-\u0441\u0430\u0444\u043b\u043e\u0440\u043e\u043c-weleda\/\" \/>\n<meta property=\"og:locale\" content=\"ru_RU\" \/>\n<meta property=\"og:type\" content=\"article\" \/>\n<meta property=\"og:title\" content=\"Saialillest tuule- ja k\u00fclmakaitsekreem Weleda 30ml\" \/>\n<meta property=\"og:description\" content=\"Kaitseb \u00f5rna nahka k\u00fclma eest.\" \/>\n<meta property=\"og:url\" content=\"https:\/\/www.looduspood.ee\/ru\/product\/\u043a\u0440\u0435\u043c-\u0434\u043b\u044f-\u0431\u0440\u043e\u0432\u0435\u0439-\u0438-\u0432\u0435\u0442\u0432\u0435\u0439-\u0441-\u0441\u0430\u0444\u043b\u043e\u0440\u043e\u043c-weleda\/\" \/>\n<meta property=\"og:site_name\" content=\"Looduspood\" \/>\n<meta property=\"article:publisher\" content=\"https:\/\/www.facebook.com\/Looduspood-2064766730406653\/\" \/>\n<meta property=\"article:modified_time\" content=\"2023-03-10T20:53:02+00:00\" \/>\n<meta property=\"og:image\" content=\"https:\/\/www.looduspood.ee\/wp-content\/uploads\/2021\/05\/1.21-Saialillest-tuule-ja-k\u00fclmakaitsekreem-30ml-Weleda.jpg\" \/>\n\t<meta property=\"og:image:width\" content=\"600\" \/>\n\t<meta property=\"og:image:height\" content=\"600\" \/>\n\t<meta property=\"og:image:type\" content=\"image\/jpeg\" \/>\n<meta name=\"twitter:card\" content=\"summary_large_image\" \/>\n<script type=\"application\/ld+json\" class=\"yoast-schema-graph\">{\"@context\":\"https:\/\/schema.org\",\"@graph\":[{\"@type\":\"WebPage\",\"@id\":\"https:\/\/www.looduspood.ee\/toode\/saialillest-tuule-ja-kulmakaitsekreem-weleda\/\",\"url\":\"https:\/\/www.looduspood.ee\/toode\/saialillest-tuule-ja-kulmakaitsekreem-weleda\/\",\"name\":\"K\u00fclmakaitsekreem Weleda - kaitseb ja rahustab nahka &#8226; Looduspood\",\"isPartOf\":{\"@id\":\"https:\/\/www.looduspood.ee\/#website\"},\"primaryImageOfPage\":{\"@id\":\"https:\/\/www.looduspood.ee\/toode\/saialillest-tuule-ja-kulmakaitsekreem-weleda\/#primaryimage\"},\"image\":{\"@id\":\"https:\/\/www.looduspood.ee\/toode\/saialillest-tuule-ja-kulmakaitsekreem-weleda\/#primaryimage\"},\"thumbnailUrl\":\"https:\/\/www.looduspood.ee\/wp-content\/uploads\/2021\/05\/1.21-Saialillest-tuule-ja-k\u00fclmakaitsekreem-30ml-Weleda-jpg.avif\",\"datePublished\":\"2021-05-08T15:28:30+00:00\",\"dateModified\":\"2023-03-10T20:53:02+00:00\",\"description\":\"K\u00fclmakaitsekreem Weleda \u2714\ufe0f Kohe saadaval \u2714\ufe0f Kiire kohaletoimetamine \ud83e\udd55 Looduspood \u21161 veebis \u27a4 Klikkige ja k\u00fclastage!\",\"breadcrumb\":{\"@id\":\"https:\/\/www.looduspood.ee\/toode\/saialillest-tuule-ja-kulmakaitsekreem-weleda\/#breadcrumb\"},\"inLanguage\":\"ru-RU\",\"potentialAction\":[{\"@type\":\"ReadAction\",\"target\":[\"https:\/\/www.looduspood.ee\/toode\/saialillest-tuule-ja-kulmakaitsekreem-weleda\/\"]}]},{\"@type\":\"ImageObject\",\"inLanguage\":\"ru-RU\",\"@id\":\"https:\/\/www.looduspood.ee\/toode\/saialillest-tuule-ja-kulmakaitsekreem-weleda\/#primaryimage\",\"url\":\"https:\/\/www.looduspood.ee\/wp-content\/uploads\/2021\/05\/1.21-Saialillest-tuule-ja-k\u00fclmakaitsekreem-30ml-Weleda-jpg.avif\",\"contentUrl\":\"https:\/\/www.looduspood.ee\/wp-content\/uploads\/2021\/05\/1.21-Saialillest-tuule-ja-k\u00fclmakaitsekreem-30ml-Weleda-jpg.avif\",\"width\":600,\"height\":600},{\"@type\":\"BreadcrumbList\",\"@id\":\"https:\/\/www.looduspood.ee\/toode\/saialillest-tuule-ja-kulmakaitsekreem-weleda\/#breadcrumb\",\"itemListElement\":[{\"@type\":\"ListItem\",\"position\":1,\"name\":\"Home\",\"item\":\"https:\/\/www.looduspood.ee\/\"},{\"@type\":\"ListItem\",\"position\":2,\"name\":\"Pood\",\"item\":\"https:\/\/www.looduspood.ee\/looduspood\/\"},{\"@type\":\"ListItem\",\"position\":3,\"name\":\"Saialillest tuule- ja k\u00fclmakaitsekreem Weleda 30ml &#8211; Kaitseb \u00f5rna nahka k\u00fclma eest\"}]},{\"@type\":\"WebSite\",\"@id\":\"https:\/\/www.looduspood.ee\/#website\",\"url\":\"https:\/\/www.looduspood.ee\/\",\"name\":\"Looduspood\",\"description\":\"Looduspood\",\"publisher\":{\"@id\":\"https:\/\/www.looduspood.ee\/#organization\"},\"potentialAction\":[{\"@type\":\"SearchAction\",\"target\":{\"@type\":\"EntryPoint\",\"urlTemplate\":\"https:\/\/www.looduspood.ee\/?s={search_term_string}\"},\"query-input\":\"required name=search_term_string\"}],\"inLanguage\":\"ru-RU\"},{\"@type\":\"Organization\",\"@id\":\"https:\/\/www.looduspood.ee\/#organization\",\"name\":\"Looduspood\",\"url\":\"https:\/\/www.looduspood.ee\/\",\"logo\":{\"@type\":\"ImageObject\",\"inLanguage\":\"ru-RU\",\"@id\":\"https:\/\/www.looduspood.ee\/#\/schema\/logo\/image\/\",\"url\":\"https:\/\/www.looduspood.ee\/wp-content\/uploads\/2019\/07\/morkva-1.png\",\"contentUrl\":\"https:\/\/www.looduspood.ee\/wp-content\/uploads\/2019\/07\/morkva-1.png\",\"width\":258,\"height\":162,\"caption\":\"Looduspood\"},\"image\":{\"@id\":\"https:\/\/www.looduspood.ee\/#\/schema\/logo\/image\/\"},\"sameAs\":[\"https:\/\/www.facebook.com\/Looduspood-2064766730406653\/\",\"https:\/\/www.youtube.com\/channel\/UCGxI8Tgkgvwn7Q9U8Qh6UgA?view_as=subscriber\"]}]}<\/script>\n<!-- \/ Yoast SEO plugin. -->","yoast_head_json":{"title":"K\u00fclmakaitsekreem Weleda - kaitseb ja rahustab nahka &#8226; Looduspood","description":"K\u00fclmakaitsekreem Weleda \u2714\ufe0f Kohe saadaval \u2714\ufe0f Kiire kohaletoimetamine \ud83e\udd55 Looduspood \u21161 veebis \u27a4 Klikkige ja k\u00fclastage!","robots":{"index":"index","follow":"follow","max-snippet":"max-snippet:-1","max-image-preview":"max-image-preview:large","max-video-preview":"max-video-preview:-1"},"canonical":"https:\/\/www.looduspood.ee\/ru\/product\/\u043a\u0440\u0435\u043c-\u0434\u043b\u044f-\u0431\u0440\u043e\u0432\u0435\u0439-\u0438-\u0432\u0435\u0442\u0432\u0435\u0439-\u0441-\u0441\u0430\u0444\u043b\u043e\u0440\u043e\u043c-weleda\/","og_locale":"ru_RU","og_type":"article","og_title":"Saialillest tuule- ja k\u00fclmakaitsekreem Weleda 30ml","og_description":"Kaitseb \u00f5rna nahka k\u00fclma eest.","og_url":"https:\/\/www.looduspood.ee\/ru\/product\/\u043a\u0440\u0435\u043c-\u0434\u043b\u044f-\u0431\u0440\u043e\u0432\u0435\u0439-\u0438-\u0432\u0435\u0442\u0432\u0435\u0439-\u0441-\u0441\u0430\u0444\u043b\u043e\u0440\u043e\u043c-weleda\/","og_site_name":"Looduspood","article_publisher":"https:\/\/www.facebook.com\/Looduspood-2064766730406653\/","article_modified_time":"2023-03-10T20:53:02+00:00","og_image":[{"width":600,"height":600,"url":"https:\/\/www.looduspood.ee\/wp-content\/uploads\/2021\/05\/1.21-Saialillest-tuule-ja-k\u00fclmakaitsekreem-30ml-Weleda.jpg","type":"image\/jpeg"}],"twitter_card":"summary_large_image","schema":{"@context":"https:\/\/schema.org","@graph":[{"@type":"WebPage","@id":"https:\/\/www.looduspood.ee\/toode\/saialillest-tuule-ja-kulmakaitsekreem-weleda\/","url":"https:\/\/www.looduspood.ee\/toode\/saialillest-tuule-ja-kulmakaitsekreem-weleda\/","name":"K\u00fclmakaitsekreem Weleda - kaitseb ja rahustab nahka &#8226; Looduspood","isPartOf":{"@id":"https:\/\/www.looduspood.ee\/#website"},"primaryImageOfPage":{"@id":"https:\/\/www.looduspood.ee\/toode\/saialillest-tuule-ja-kulmakaitsekreem-weleda\/#primaryimage"},"image":{"@id":"https:\/\/www.looduspood.ee\/toode\/saialillest-tuule-ja-kulmakaitsekreem-weleda\/#primaryimage"},"thumbnailUrl":"https:\/\/www.looduspood.ee\/wp-content\/uploads\/2021\/05\/1.21-Saialillest-tuule-ja-k\u00fclmakaitsekreem-30ml-Weleda-jpg.avif","datePublished":"2021-05-08T15:28:30+00:00","dateModified":"2023-03-10T20:53:02+00:00","description":"K\u00fclmakaitsekreem Weleda \u2714\ufe0f Kohe saadaval \u2714\ufe0f Kiire kohaletoimetamine \ud83e\udd55 Looduspood \u21161 veebis \u27a4 Klikkige ja k\u00fclastage!","breadcrumb":{"@id":"https:\/\/www.looduspood.ee\/toode\/saialillest-tuule-ja-kulmakaitsekreem-weleda\/#breadcrumb"},"inLanguage":"ru-RU","potentialAction":[{"@type":"ReadAction","target":["https:\/\/www.looduspood.ee\/toode\/saialillest-tuule-ja-kulmakaitsekreem-weleda\/"]}]},{"@type":"ImageObject","inLanguage":"ru-RU","@id":"https:\/\/www.looduspood.ee\/toode\/saialillest-tuule-ja-kulmakaitsekreem-weleda\/#primaryimage","url":"https:\/\/www.looduspood.ee\/wp-content\/uploads\/2021\/05\/1.21-Saialillest-tuule-ja-k\u00fclmakaitsekreem-30ml-Weleda-jpg.avif","contentUrl":"https:\/\/www.looduspood.ee\/wp-content\/uploads\/2021\/05\/1.21-Saialillest-tuule-ja-k\u00fclmakaitsekreem-30ml-Weleda-jpg.avif","width":600,"height":600},{"@type":"BreadcrumbList","@id":"https:\/\/www.looduspood.ee\/toode\/saialillest-tuule-ja-kulmakaitsekreem-weleda\/#breadcrumb","itemListElement":[{"@type":"ListItem","position":1,"name":"Home","item":"https:\/\/www.looduspood.ee\/"},{"@type":"ListItem","position":2,"name":"Pood","item":"https:\/\/www.looduspood.ee\/looduspood\/"},{"@type":"ListItem","position":3,"name":"Saialillest tuule- ja k\u00fclmakaitsekreem Weleda 30ml &#8211; Kaitseb \u00f5rna nahka k\u00fclma eest"}]},{"@type":"WebSite","@id":"https:\/\/www.looduspood.ee\/#website","url":"https:\/\/www.looduspood.ee\/","name":"Looduspood","description":"Looduspood","publisher":{"@id":"https:\/\/www.looduspood.ee\/#organization"},"potentialAction":[{"@type":"SearchAction","target":{"@type":"EntryPoint","urlTemplate":"https:\/\/www.looduspood.ee\/?s={search_term_string}"},"query-input":"required name=search_term_string"}],"inLanguage":"ru-RU"},{"@type":"Organization","@id":"https:\/\/www.looduspood.ee\/#organization","name":"Looduspood","url":"https:\/\/www.looduspood.ee\/","logo":{"@type":"ImageObject","inLanguage":"ru-RU","@id":"https:\/\/www.looduspood.ee\/#\/schema\/logo\/image\/","url":"https:\/\/www.looduspood.ee\/wp-content\/uploads\/2019\/07\/morkva-1.png","contentUrl":"https:\/\/www.looduspood.ee\/wp-content\/uploads\/2019\/07\/morkva-1.png","width":258,"height":162,"caption":"Looduspood"},"image":{"@id":"https:\/\/www.looduspood.ee\/#\/schema\/logo\/image\/"},"sameAs":["https:\/\/www.facebook.com\/Looduspood-2064766730406653\/","https:\/\/www.youtube.com\/channel\/UCGxI8Tgkgvwn7Q9U8Qh6UgA?view_as=subscriber"]}]}},"tiered_pricing_type":"fixed","tiered_pricing_fixed_rules":[],"_links":{"self":[{"href":"https:\/\/www.looduspood.ee\/ru\/wp-json\/wp\/v2\/product\/33864"}],"collection":[{"href":"https:\/\/www.looduspood.ee\/ru\/wp-json\/wp\/v2\/product"}],"about":[{"href":"https:\/\/www.looduspood.ee\/ru\/wp-json\/wp\/v2\/types\/product"}],"replies":[{"embeddable":true,"href":"https:\/\/www.looduspood.ee\/ru\/wp-json\/wp\/v2\/comments?post=33864"}],"version-history":[{"count":0,"href":"https:\/\/www.looduspood.ee\/ru\/wp-json\/wp\/v2\/product\/33864\/revisions"}],"wp:featuredmedia":[{"embeddable":true,"href":"https:\/\/www.looduspood.ee\/ru\/wp-json\/wp\/v2\/media\/33865"}],"wp:attachment":[{"href":"https:\/\/www.looduspood.ee\/ru\/wp-json\/wp\/v2\/media?parent=33864"}],"wp:term":[{"taxonomy":"product_cat","embeddable":true,"href":"https:\/\/www.looduspood.ee\/ru\/wp-json\/wp\/v2\/product_cat?post=33864"},{"taxonomy":"product_tag","embeddable":true,"href":"https:\/\/www.looduspood.ee\/ru\/wp-json\/wp\/v2\/product_tag?post=33864"}],"curies":[{"name":"wp","href":"https:\/\/api.w.org\/{rel}","templated":true}]}}