{"id":39414,"date":"2021-09-23T22:06:29","date_gmt":"2021-09-23T19:06:29","guid":{"rendered":"https:\/\/www.looduspood.ee\/?post_type=product&#038;p=39414"},"modified":"2023-03-10T23:30:25","modified_gmt":"2023-03-10T20:30:25","slug":"naokreem-probleemsele-nahale-turbliss-50ml","status":"publish","type":"product","link":"https:\/\/www.looduspood.ee\/ru\/product\/naokreem-\u0434\u043b\u044f-\u043f\u0440\u043e\u0431\u043b\u0435\u043c\u043d\u043e\u0439-\u043a\u043e\u0436\u0438-turbliss-50-\u043c\u043b\/","title":{"rendered":"\u041a\u0440\u0435\u043c \u0434\u043b\u044f \u043b\u0438\u0446\u0430 \u0434\u043b\u044f \u043f\u0440\u043e\u0431\u043b\u0435\u043c\u043d\u043e\u0439 \u043a\u043e\u0436\u0438 Turbliss 50 \u043c\u043b - \u0415\u0436\u0435\u0434\u043d\u0435\u0432\u043d\u043e\u0435 \u044d\u0444\u0444\u0435\u043a\u0442\u0438\u0432\u043d\u043e\u0435 \u0443\u0432\u043b\u0430\u0436\u043d\u044f\u044e\u0449\u0435\u0435 \u0441\u0440\u0435\u0434\u0441\u0442\u0432\u043e \u0434\u043b\u044f \u043f\u0440\u043e\u0431\u043b\u0435\u043c\u043d\u043e\u0439 \u043a\u043e\u0436\u0438"},"content":{"rendered":"<div data-elementor-type=\"product-post\" data-elementor-id=\"39414\" class=\"elementor elementor-39414\" data-elementor-post-type=\"product\">\n\t\t\t\t\t\t<section class=\"elementor-section elementor-top-section elementor-element elementor-element-12ad2ff elementor-section-stretched elementor-section-boxed elementor-section-height-default elementor-section-height-default\" data-id=\"12ad2ff\" data-element_type=\"section\" data-settings=\"{&quot;stretch_section&quot;:&quot;section-stretched&quot;}\">\n\t\t\t\t\t\t<div class=\"elementor-container elementor-column-gap-default\">\n\t\t\t\t\t<div class=\"elementor-column elementor-col-100 elementor-top-column elementor-element elementor-element-e1ccdd2\" data-id=\"e1ccdd2\" data-element_type=\"column\">\n\t\t\t<div class=\"elementor-widget-wrap elementor-element-populated\">\n\t\t\t\t\t\t<div class=\"elementor-element elementor-element-44cae16 elementor-widget elementor-widget-text-editor\" data-id=\"44cae16\" data-element_type=\"widget\" data-widget_type=\"text-editor.default\">\n\t\t\t\t<div class=\"elementor-widget-container\">\n\t\t\t<style>\/*! elementor - v3.23.0 - 15-07-2024 *\/\n.elementor-widget-text-editor.elementor-drop-cap-view-stacked .elementor-drop-cap{background-color:#69727d;color:#fff}.elementor-widget-text-editor.elementor-drop-cap-view-framed .elementor-drop-cap{color:#69727d;border:3px solid;background-color:transparent}.elementor-widget-text-editor:not(.elementor-drop-cap-view-default) .elementor-drop-cap{margin-top:8px}.elementor-widget-text-editor:not(.elementor-drop-cap-view-default) .elementor-drop-cap-letter{width:1em;height:1em}.elementor-widget-text-editor .elementor-drop-cap{float:left;text-align:center;line-height:1;font-size:50px}.elementor-widget-text-editor .elementor-drop-cap-letter{display:inline-block}<\/style>\t\t\t\t\u042d\u0444\u0444\u0435\u043a\u0442\u0438\u0432\u043d\u043e\u0435 \u0435\u0436\u0435\u0434\u043d\u0435\u0432\u043d\u043e\u0435 \u0443\u0432\u043b\u0430\u0436\u043d\u044f\u044e\u0449\u0435\u0435 \u0441\u0440\u0435\u0434\u0441\u0442\u0432\u043e \u0434\u043b\u044f \u043f\u0440\u043e\u0431\u043b\u0435\u043c\u043d\u043e\u0439 \u043a\u043e\u0436\u0438 \u0441 \u044d\u043a\u0441\u0442\u0440\u0430\u043a\u0442\u043e\u043c \u043e\u0434\u0443\u0432\u0430\u043d\u0447\u0438\u043a\u0430 \u0438 \u043c\u0430\u0441\u043b\u043e\u043c \u0447\u0430\u0439\u043d\u043e\u0433\u043e \u0434\u0435\u0440\u0435\u0432\u0430. \u041f\u043e\u0434\u0445\u043e\u0434\u0438\u0442 \u0442\u0430\u043a\u0436\u0435 \u0434\u043b\u044f \u0441\u0443\u0445\u043e\u0439 \u043f\u0440\u043e\u0431\u043b\u0435\u043c\u043d\u043e\u0439 \u043a\u043e\u0436\u0438, \u043e\u0431\u0435\u0441\u043f\u0435\u0447\u0438\u0432\u0430\u044f \u0434\u043b\u0438\u0442\u0435\u043b\u044c\u043d\u043e\u0435 \u0443\u0432\u043b\u0430\u0436\u043d\u0435\u043d\u0438\u0435.\t\t\t\t\t\t<\/div>\n\t\t\t\t<\/div>\n\t\t\t\t\t<\/div>\n\t\t<\/div>\n\t\t\t\t\t<\/div>\n\t\t<\/section>\n\t\t\t\t<section class=\"elementor-section elementor-top-section elementor-element elementor-element-b6fc31d elementor-section-stretched elementor-section-boxed elementor-section-height-default elementor-section-height-default\" data-id=\"b6fc31d\" data-element_type=\"section\" data-settings=\"{&quot;stretch_section&quot;:&quot;section-stretched&quot;}\">\n\t\t\t\t\t\t<div class=\"elementor-container elementor-column-gap-default\">\n\t\t\t\t\t<div class=\"elementor-column elementor-col-100 elementor-top-column elementor-element elementor-element-91dbffe\" data-id=\"91dbffe\" data-element_type=\"column\">\n\t\t\t<div class=\"elementor-widget-wrap elementor-element-populated\">\n\t\t\t\t\t\t<div class=\"elementor-element elementor-element-f62367a elementor-widget elementor-widget-heading\" data-id=\"f62367a\" data-element_type=\"widget\" data-widget_type=\"heading.default\">\n\t\t\t\t<div class=\"elementor-widget-container\">\n\t\t\t<style>\/*! elementor - v3.23.0 - 15-07-2024 *\/\n.elementor-heading-title{padding:0;margin:0;line-height:1}.elementor-widget-heading .elementor-heading-title[class*=elementor-size-]>a{color:inherit;font-size:inherit;line-height:inherit}.elementor-widget-heading .elementor-heading-title.elementor-size-small{font-size:15px}.elementor-widget-heading .elementor-heading-title.elementor-size-medium{font-size:19px}.elementor-widget-heading .elementor-heading-title.elementor-size-large{font-size:29px}.elementor-widget-heading .elementor-heading-title.elementor-size-xl{font-size:39px}.elementor-widget-heading .elementor-heading-title.elementor-size-xxl{font-size:59px}<\/style><h2 class=\"elementor-heading-title elementor-size-default\">\u0421\u043e\u0441\u0442\u0430\u0432:<\/h2>\t\t<\/div>\n\t\t\t\t<\/div>\n\t\t\t\t<div class=\"elementor-element elementor-element-7646e82 elementor-widget elementor-widget-text-editor\" data-id=\"7646e82\" data-element_type=\"widget\" data-widget_type=\"text-editor.default\">\n\t\t\t\t<div class=\"elementor-widget-container\">\n\t\t\t\t\t\t\tAqua, Helianthus Annuus Seed (Sunflower Seed) Oil, Cetearyl Alcohol, Glyceryl Stearate, Glycerin, Vitis Vinifera Seed (Grape Seed) Oil, Coco-Glucoside, Caprylic\/Capric Triglyceride, Benzyl Alcohol, Sucrose Stearate, Sodium Stearoyl Glutamate, Sodium Benzoate, Xanthan Gum, Simmondsia Chinesis Seed (Jojoba Seed) Oil, Glycerin (and) Taraxacum officinale (and) Dehydroacetic acid (and) Benzyl Alcohol Coconut Alcohol, Melaleuca Alternifolia Leaf Oil, Tocopherol, Dehydroacetic Acid, Aloe Barbadensis (Aloe Vera) Leaf Juice Powder, Citric Acid.\t\t\t\t\t\t<\/div>\n\t\t\t\t<\/div>\n\t\t\t\t\t<\/div>\n\t\t<\/div>\n\t\t\t\t\t<\/div>\n\t\t<\/section>\n\t\t\t\t<section class=\"elementor-section elementor-top-section elementor-element elementor-element-95f672b elementor-section-stretched elementor-section-boxed elementor-section-height-default elementor-section-height-default\" data-id=\"95f672b\" data-element_type=\"section\" data-settings=\"{&quot;stretch_section&quot;:&quot;section-stretched&quot;}\">\n\t\t\t\t\t\t<div class=\"elementor-container elementor-column-gap-default\">\n\t\t\t\t\t<div class=\"elementor-column elementor-col-100 elementor-top-column elementor-element elementor-element-5066c5f\" data-id=\"5066c5f\" data-element_type=\"column\">\n\t\t\t<div class=\"elementor-widget-wrap elementor-element-populated\">\n\t\t\t\t\t\t<div class=\"elementor-element elementor-element-0145378 elementor-widget elementor-widget-heading\" data-id=\"0145378\" data-element_type=\"widget\" data-widget_type=\"heading.default\">\n\t\t\t\t<div class=\"elementor-widget-container\">\n\t\t\t<h2 class=\"elementor-heading-title elementor-size-default\">\u0418\u0441\u043f\u043e\u043b\u044c\u0437\u043e\u0432\u0430\u043d\u0438\u0435:<\/h2>\t\t<\/div>\n\t\t\t\t<\/div>\n\t\t\t\t<div class=\"elementor-element elementor-element-e625516 elementor-widget elementor-widget-text-editor\" data-id=\"e625516\" data-element_type=\"widget\" data-widget_type=\"text-editor.default\">\n\t\t\t\t<div class=\"elementor-widget-container\">\n\t\t\t\t\t\t\t\u041d\u0430\u043d\u043e\u0441\u0438\u0442\u044c \u043d\u0430 \u0447\u0438\u0441\u0442\u0443\u044e \u043a\u043e\u0436\u0443 \u0443\u0442\u0440\u043e\u043c \u0438 \u0432\u0435\u0447\u0435\u0440\u043e\u043c.\n\n\t\t\t\t\t\t<\/div>\n\t\t\t\t<\/div>\n\t\t\t\t\t<\/div>\n\t\t<\/div>\n\t\t\t\t\t<\/div>\n\t\t<\/section>\n\t\t\t\t<\/div>","protected":false},"excerpt":{"rendered":"<p>\u2714\ufe0f \u042d\u0444\u0444\u0435\u043a\u0442\u0438\u0432\u043d\u043e\u0435 \u0435\u0436\u0435\u0434\u043d\u0435\u0432\u043d\u043e\u0435 \u0443\u0432\u043b\u0430\u0436\u043d\u044f\u044e\u0449\u0435\u0435 \u0441\u0440\u0435\u0434\u0441\u0442\u0432\u043e \u0434\u043b\u044f \u043f\u0440\u043e\u0431\u043b\u0435\u043c\u043d\u043e\u0439 \u043a\u043e\u0436\u0438 \u0441 \u044d\u043a\u0441\u0442\u0440\u0430\u043a\u0442\u043e\u043c \u043e\u0434\u0443\u0432\u0430\u043d\u0447\u0438\u043a\u0430 \u0438 \u043c\u0430\u0441\u043b\u043e\u043c \u0447\u0430\u0439\u043d\u043e\u0433\u043e \u0434\u0435\u0440\u0435\u0432\u0430;<br \/>\n\u2714\ufe0f \u0422\u0430\u043a\u0436\u0435 \u043f\u043e\u0434\u0445\u043e\u0434\u0438\u0442 \u0434\u043b\u044f \u0441\u0443\u0445\u043e\u0439 \u043f\u0440\u043e\u0431\u043b\u0435\u043c\u043d\u043e\u0439 \u043a\u043e\u0436\u0438, \u043e\u0431\u0435\u0441\u043f\u0435\u0447\u0438\u0432\u0430\u044f \u0434\u043b\u0438\u0442\u0435\u043b\u044c\u043d\u043e\u0435 \u0443\u0432\u043b\u0430\u0436\u043d\u0435\u043d\u0438\u0435;<br \/>\n\u2714\ufe0f \u0423\u0432\u043b\u0430\u0436\u043d\u044f\u0435\u0442, \u043f\u0438\u0442\u0430\u0435\u0442 \u0438 \u0443\u0441\u043f\u043e\u043a\u0430\u0438\u0432\u0430\u0435\u0442.<\/p>","protected":false},"featured_media":39415,"comment_status":"closed","ping_status":"closed","template":"","meta":{"_acf_changed":false},"product_cat":[2886],"product_tag":[],"class_list":{"0":"post-39414","1":"product","2":"type-product","3":"status-publish","4":"has-post-thumbnail","6":"product_cat-naokreemid","8":"first","9":"outofstock","10":"shipping-taxable","11":"purchasable","12":"product-type-simple"},"acf":[],"yoast_head":"<!-- This site is optimized with the Yoast SEO plugin v23.0 - https:\/\/yoast.com\/wordpress\/plugins\/seo\/ -->\n<title>N\u00e4okreem probleemsele nahale Turbliss 50ml &#8226; Looduspood<\/title>\n<meta name=\"description\" content=\"N\u00e4okreem probleemsele nahale Turbliss 50ml \u2714\ufe0f Kohe saadaval \u2714\ufe0f Kiire kohaletoimetamine \ud83e\udd55 Looduspood \u21161 veebis \u27a4 Klikkige ja k\u00fclastage!\" \/>\n<meta name=\"robots\" content=\"index, follow, max-snippet:-1, max-image-preview:large, max-video-preview:-1\" \/>\n<link rel=\"canonical\" href=\"https:\/\/www.looduspood.ee\/ru\/\u043f\u0440\u043e\u0434\u0443\u043a\u0442\/naokreem-\u0434\u043b\u044f-\u043f\u0440\u043e\u0431\u043b\u0435\u043c\u043d\u043e\u0439-\u043a\u043e\u0436\u0438-turbliss-50-\u043c\u043b\/\" \/>\n<meta property=\"og:locale\" content=\"ru_RU\" \/>\n<meta property=\"og:type\" content=\"article\" \/>\n<meta property=\"og:title\" content=\"N\u00e4okreem probleemsele nahale Turbliss 50ml - Igap\u00e4evane t\u00f5hus niisutaja probleemsele nahale.\" \/>\n<meta property=\"og:description\" content=\"N\u00e4okreem probleemsele nahale Turbliss 50ml \u2714\ufe0f Kohe saadaval \u2714\ufe0f Kiire kohaletoimetamine \ud83e\udd55 Looduspood \u21161 veebis \u27a4 Klikkige ja k\u00fclastage!\" \/>\n<meta property=\"og:url\" content=\"https:\/\/www.looduspood.ee\/ru\/\u043f\u0440\u043e\u0434\u0443\u043a\u0442\/naokreem-\u0434\u043b\u044f-\u043f\u0440\u043e\u0431\u043b\u0435\u043c\u043d\u043e\u0439-\u043a\u043e\u0436\u0438-turbliss-50-\u043c\u043b\/\" \/>\n<meta property=\"og:site_name\" content=\"Looduspood\" \/>\n<meta property=\"article:publisher\" content=\"https:\/\/www.facebook.com\/Looduspood-2064766730406653\/\" \/>\n<meta property=\"article:modified_time\" content=\"2023-03-10T20:30:25+00:00\" \/>\n<meta property=\"og:image\" content=\"https:\/\/www.looduspood.ee\/wp-content\/uploads\/2021\/09\/N\u00e4okreem-probleemsele-nahale-jpg.avif\" \/>\n\t<meta property=\"og:image:width\" content=\"600\" \/>\n\t<meta property=\"og:image:height\" content=\"600\" \/>\n\t<meta property=\"og:image:type\" content=\"image\/jpeg\" \/>\n<meta name=\"twitter:card\" content=\"summary_large_image\" \/>\n<script type=\"application\/ld+json\" class=\"yoast-schema-graph\">{\"@context\":\"https:\/\/schema.org\",\"@graph\":[{\"@type\":\"WebPage\",\"@id\":\"https:\/\/www.looduspood.ee\/ru\/\u043f\u0440\u043e\u0434\u0443\u043a\u0442\/naokreem-\u0434\u043b\u044f-\u043f\u0440\u043e\u0431\u043b\u0435\u043c\u043d\u043e\u0439-\u043a\u043e\u0436\u0438-turbliss-50-\u043c\u043b\/\",\"url\":\"https:\/\/www.looduspood.ee\/ru\/\u043f\u0440\u043e\u0434\u0443\u043a\u0442\/naokreem-\u0434\u043b\u044f-\u043f\u0440\u043e\u0431\u043b\u0435\u043c\u043d\u043e\u0439-\u043a\u043e\u0436\u0438-turbliss-50-\u043c\u043b\/\",\"name\":\"N\u00e4okreem probleemsele nahale Turbliss 50ml &#8226; Looduspood\",\"isPartOf\":{\"@id\":\"https:\/\/www.looduspood.ee\/#website\"},\"primaryImageOfPage\":{\"@id\":\"https:\/\/www.looduspood.ee\/ru\/\u043f\u0440\u043e\u0434\u0443\u043a\u0442\/naokreem-\u0434\u043b\u044f-\u043f\u0440\u043e\u0431\u043b\u0435\u043c\u043d\u043e\u0439-\u043a\u043e\u0436\u0438-turbliss-50-\u043c\u043b\/#primaryimage\"},\"image\":{\"@id\":\"https:\/\/www.looduspood.ee\/ru\/\u043f\u0440\u043e\u0434\u0443\u043a\u0442\/naokreem-\u0434\u043b\u044f-\u043f\u0440\u043e\u0431\u043b\u0435\u043c\u043d\u043e\u0439-\u043a\u043e\u0436\u0438-turbliss-50-\u043c\u043b\/#primaryimage\"},\"thumbnailUrl\":\"https:\/\/www.looduspood.ee\/wp-content\/uploads\/2021\/09\/N\u00e4okreem-probleemsele-nahale-jpg.avif\",\"datePublished\":\"2021-09-23T19:06:29+00:00\",\"dateModified\":\"2023-03-10T20:30:25+00:00\",\"description\":\"N\u00e4okreem probleemsele nahale Turbliss 50ml \u2714\ufe0f Kohe saadaval \u2714\ufe0f Kiire kohaletoimetamine \ud83e\udd55 Looduspood \u21161 veebis \u27a4 Klikkige ja k\u00fclastage!\",\"breadcrumb\":{\"@id\":\"https:\/\/www.looduspood.ee\/ru\/\u043f\u0440\u043e\u0434\u0443\u043a\u0442\/naokreem-\u0434\u043b\u044f-\u043f\u0440\u043e\u0431\u043b\u0435\u043c\u043d\u043e\u0439-\u043a\u043e\u0436\u0438-turbliss-50-\u043c\u043b\/#breadcrumb\"},\"inLanguage\":\"ru-RU\",\"potentialAction\":[{\"@type\":\"ReadAction\",\"target\":[\"https:\/\/www.looduspood.ee\/ru\/\u043f\u0440\u043e\u0434\u0443\u043a\u0442\/naokreem-\u0434\u043b\u044f-\u043f\u0440\u043e\u0431\u043b\u0435\u043c\u043d\u043e\u0439-\u043a\u043e\u0436\u0438-turbliss-50-\u043c\u043b\/\"]}]},{\"@type\":\"ImageObject\",\"inLanguage\":\"ru-RU\",\"@id\":\"https:\/\/www.looduspood.ee\/ru\/\u043f\u0440\u043e\u0434\u0443\u043a\u0442\/naokreem-\u0434\u043b\u044f-\u043f\u0440\u043e\u0431\u043b\u0435\u043c\u043d\u043e\u0439-\u043a\u043e\u0436\u0438-turbliss-50-\u043c\u043b\/#primaryimage\",\"url\":\"https:\/\/www.looduspood.ee\/wp-content\/uploads\/2021\/09\/N\u00e4okreem-probleemsele-nahale-jpg.avif\",\"contentUrl\":\"https:\/\/www.looduspood.ee\/wp-content\/uploads\/2021\/09\/N\u00e4okreem-probleemsele-nahale-jpg.avif\",\"width\":600,\"height\":600},{\"@type\":\"BreadcrumbList\",\"@id\":\"https:\/\/www.looduspood.ee\/ru\/\u043f\u0440\u043e\u0434\u0443\u043a\u0442\/naokreem-\u0434\u043b\u044f-\u043f\u0440\u043e\u0431\u043b\u0435\u043c\u043d\u043e\u0439-\u043a\u043e\u0436\u0438-turbliss-50-\u043c\u043b\/#breadcrumb\",\"itemListElement\":[{\"@type\":\"ListItem\",\"position\":1,\"name\":\"Home\",\"item\":\"https:\/\/www.looduspood.ee\/\"},{\"@type\":\"ListItem\",\"position\":2,\"name\":\"Pood\",\"item\":\"https:\/\/www.looduspood.ee\/looduspood\/\"},{\"@type\":\"ListItem\",\"position\":3,\"name\":\"N\u00e4okreem probleemsele nahale Turbliss 50ml &#8211; Igap\u00e4evane t\u00f5hus niisutaja probleemsele nahale\"}]},{\"@type\":\"WebSite\",\"@id\":\"https:\/\/www.looduspood.ee\/#website\",\"url\":\"https:\/\/www.looduspood.ee\/\",\"name\":\"Looduspood\",\"description\":\"Looduspood\",\"publisher\":{\"@id\":\"https:\/\/www.looduspood.ee\/#organization\"},\"potentialAction\":[{\"@type\":\"SearchAction\",\"target\":{\"@type\":\"EntryPoint\",\"urlTemplate\":\"https:\/\/www.looduspood.ee\/?s={search_term_string}\"},\"query-input\":\"required name=search_term_string\"}],\"inLanguage\":\"ru-RU\"},{\"@type\":\"Organization\",\"@id\":\"https:\/\/www.looduspood.ee\/#organization\",\"name\":\"Looduspood\",\"url\":\"https:\/\/www.looduspood.ee\/\",\"logo\":{\"@type\":\"ImageObject\",\"inLanguage\":\"ru-RU\",\"@id\":\"https:\/\/www.looduspood.ee\/#\/schema\/logo\/image\/\",\"url\":\"https:\/\/www.looduspood.ee\/wp-content\/uploads\/2019\/07\/morkva-1.png\",\"contentUrl\":\"https:\/\/www.looduspood.ee\/wp-content\/uploads\/2019\/07\/morkva-1.png\",\"width\":258,\"height\":162,\"caption\":\"Looduspood\"},\"image\":{\"@id\":\"https:\/\/www.looduspood.ee\/#\/schema\/logo\/image\/\"},\"sameAs\":[\"https:\/\/www.facebook.com\/Looduspood-2064766730406653\/\",\"https:\/\/www.youtube.com\/channel\/UCGxI8Tgkgvwn7Q9U8Qh6UgA?view_as=subscriber\"]}]}<\/script>\n<!-- \/ Yoast SEO plugin. -->","yoast_head_json":{"title":"N\u00e4okreem probleemsele nahale Turbliss 50ml &#8226; Looduspood","description":"N\u00e4okreem probleemsele nahale Turbliss 50ml \u2714\ufe0f Kohe saadaval \u2714\ufe0f Kiire kohaletoimetamine \ud83e\udd55 Looduspood \u21161 veebis \u27a4 Klikkige ja k\u00fclastage!","robots":{"index":"index","follow":"follow","max-snippet":"max-snippet:-1","max-image-preview":"max-image-preview:large","max-video-preview":"max-video-preview:-1"},"canonical":"https:\/\/www.looduspood.ee\/ru\/\u043f\u0440\u043e\u0434\u0443\u043a\u0442\/naokreem-\u0434\u043b\u044f-\u043f\u0440\u043e\u0431\u043b\u0435\u043c\u043d\u043e\u0439-\u043a\u043e\u0436\u0438-turbliss-50-\u043c\u043b\/","og_locale":"ru_RU","og_type":"article","og_title":"N\u00e4okreem probleemsele nahale Turbliss 50ml - Igap\u00e4evane t\u00f5hus niisutaja probleemsele nahale.","og_description":"N\u00e4okreem probleemsele nahale Turbliss 50ml \u2714\ufe0f Kohe saadaval \u2714\ufe0f Kiire kohaletoimetamine \ud83e\udd55 Looduspood \u21161 veebis \u27a4 Klikkige ja k\u00fclastage!","og_url":"https:\/\/www.looduspood.ee\/ru\/\u043f\u0440\u043e\u0434\u0443\u043a\u0442\/naokreem-\u0434\u043b\u044f-\u043f\u0440\u043e\u0431\u043b\u0435\u043c\u043d\u043e\u0439-\u043a\u043e\u0436\u0438-turbliss-50-\u043c\u043b\/","og_site_name":"Looduspood","article_publisher":"https:\/\/www.facebook.com\/Looduspood-2064766730406653\/","article_modified_time":"2023-03-10T20:30:25+00:00","og_image":[{"width":600,"height":600,"url":"https:\/\/www.looduspood.ee\/wp-content\/uploads\/2021\/09\/N\u00e4okreem-probleemsele-nahale-jpg.avif","type":"image\/jpeg"}],"twitter_card":"summary_large_image","schema":{"@context":"https:\/\/schema.org","@graph":[{"@type":"WebPage","@id":"https:\/\/www.looduspood.ee\/ru\/\u043f\u0440\u043e\u0434\u0443\u043a\u0442\/naokreem-\u0434\u043b\u044f-\u043f\u0440\u043e\u0431\u043b\u0435\u043c\u043d\u043e\u0439-\u043a\u043e\u0436\u0438-turbliss-50-\u043c\u043b\/","url":"https:\/\/www.looduspood.ee\/ru\/\u043f\u0440\u043e\u0434\u0443\u043a\u0442\/naokreem-\u0434\u043b\u044f-\u043f\u0440\u043e\u0431\u043b\u0435\u043c\u043d\u043e\u0439-\u043a\u043e\u0436\u0438-turbliss-50-\u043c\u043b\/","name":"N\u00e4okreem probleemsele nahale Turbliss 50ml &#8226; Looduspood","isPartOf":{"@id":"https:\/\/www.looduspood.ee\/#website"},"primaryImageOfPage":{"@id":"https:\/\/www.looduspood.ee\/ru\/\u043f\u0440\u043e\u0434\u0443\u043a\u0442\/naokreem-\u0434\u043b\u044f-\u043f\u0440\u043e\u0431\u043b\u0435\u043c\u043d\u043e\u0439-\u043a\u043e\u0436\u0438-turbliss-50-\u043c\u043b\/#primaryimage"},"image":{"@id":"https:\/\/www.looduspood.ee\/ru\/\u043f\u0440\u043e\u0434\u0443\u043a\u0442\/naokreem-\u0434\u043b\u044f-\u043f\u0440\u043e\u0431\u043b\u0435\u043c\u043d\u043e\u0439-\u043a\u043e\u0436\u0438-turbliss-50-\u043c\u043b\/#primaryimage"},"thumbnailUrl":"https:\/\/www.looduspood.ee\/wp-content\/uploads\/2021\/09\/N\u00e4okreem-probleemsele-nahale-jpg.avif","datePublished":"2021-09-23T19:06:29+00:00","dateModified":"2023-03-10T20:30:25+00:00","description":"N\u00e4okreem probleemsele nahale Turbliss 50ml \u2714\ufe0f Kohe saadaval \u2714\ufe0f Kiire kohaletoimetamine \ud83e\udd55 Looduspood \u21161 veebis \u27a4 Klikkige ja k\u00fclastage!","breadcrumb":{"@id":"https:\/\/www.looduspood.ee\/ru\/\u043f\u0440\u043e\u0434\u0443\u043a\u0442\/naokreem-\u0434\u043b\u044f-\u043f\u0440\u043e\u0431\u043b\u0435\u043c\u043d\u043e\u0439-\u043a\u043e\u0436\u0438-turbliss-50-\u043c\u043b\/#breadcrumb"},"inLanguage":"ru-RU","potentialAction":[{"@type":"ReadAction","target":["https:\/\/www.looduspood.ee\/ru\/\u043f\u0440\u043e\u0434\u0443\u043a\u0442\/naokreem-\u0434\u043b\u044f-\u043f\u0440\u043e\u0431\u043b\u0435\u043c\u043d\u043e\u0439-\u043a\u043e\u0436\u0438-turbliss-50-\u043c\u043b\/"]}]},{"@type":"ImageObject","inLanguage":"ru-RU","@id":"https:\/\/www.looduspood.ee\/ru\/\u043f\u0440\u043e\u0434\u0443\u043a\u0442\/naokreem-\u0434\u043b\u044f-\u043f\u0440\u043e\u0431\u043b\u0435\u043c\u043d\u043e\u0439-\u043a\u043e\u0436\u0438-turbliss-50-\u043c\u043b\/#primaryimage","url":"https:\/\/www.looduspood.ee\/wp-content\/uploads\/2021\/09\/N\u00e4okreem-probleemsele-nahale-jpg.avif","contentUrl":"https:\/\/www.looduspood.ee\/wp-content\/uploads\/2021\/09\/N\u00e4okreem-probleemsele-nahale-jpg.avif","width":600,"height":600},{"@type":"BreadcrumbList","@id":"https:\/\/www.looduspood.ee\/ru\/\u043f\u0440\u043e\u0434\u0443\u043a\u0442\/naokreem-\u0434\u043b\u044f-\u043f\u0440\u043e\u0431\u043b\u0435\u043c\u043d\u043e\u0439-\u043a\u043e\u0436\u0438-turbliss-50-\u043c\u043b\/#breadcrumb","itemListElement":[{"@type":"ListItem","position":1,"name":"Home","item":"https:\/\/www.looduspood.ee\/"},{"@type":"ListItem","position":2,"name":"Pood","item":"https:\/\/www.looduspood.ee\/looduspood\/"},{"@type":"ListItem","position":3,"name":"N\u00e4okreem probleemsele nahale Turbliss 50ml &#8211; Igap\u00e4evane t\u00f5hus niisutaja probleemsele nahale"}]},{"@type":"WebSite","@id":"https:\/\/www.looduspood.ee\/#website","url":"https:\/\/www.looduspood.ee\/","name":"Looduspood","description":"Looduspood","publisher":{"@id":"https:\/\/www.looduspood.ee\/#organization"},"potentialAction":[{"@type":"SearchAction","target":{"@type":"EntryPoint","urlTemplate":"https:\/\/www.looduspood.ee\/?s={search_term_string}"},"query-input":"required name=search_term_string"}],"inLanguage":"ru-RU"},{"@type":"Organization","@id":"https:\/\/www.looduspood.ee\/#organization","name":"Looduspood","url":"https:\/\/www.looduspood.ee\/","logo":{"@type":"ImageObject","inLanguage":"ru-RU","@id":"https:\/\/www.looduspood.ee\/#\/schema\/logo\/image\/","url":"https:\/\/www.looduspood.ee\/wp-content\/uploads\/2019\/07\/morkva-1.png","contentUrl":"https:\/\/www.looduspood.ee\/wp-content\/uploads\/2019\/07\/morkva-1.png","width":258,"height":162,"caption":"Looduspood"},"image":{"@id":"https:\/\/www.looduspood.ee\/#\/schema\/logo\/image\/"},"sameAs":["https:\/\/www.facebook.com\/Looduspood-2064766730406653\/","https:\/\/www.youtube.com\/channel\/UCGxI8Tgkgvwn7Q9U8Qh6UgA?view_as=subscriber"]}]}},"tiered_pricing_type":"fixed","tiered_pricing_fixed_rules":[],"_links":{"self":[{"href":"https:\/\/www.looduspood.ee\/ru\/wp-json\/wp\/v2\/product\/39414"}],"collection":[{"href":"https:\/\/www.looduspood.ee\/ru\/wp-json\/wp\/v2\/product"}],"about":[{"href":"https:\/\/www.looduspood.ee\/ru\/wp-json\/wp\/v2\/types\/product"}],"replies":[{"embeddable":true,"href":"https:\/\/www.looduspood.ee\/ru\/wp-json\/wp\/v2\/comments?post=39414"}],"version-history":[{"count":0,"href":"https:\/\/www.looduspood.ee\/ru\/wp-json\/wp\/v2\/product\/39414\/revisions"}],"wp:featuredmedia":[{"embeddable":true,"href":"https:\/\/www.looduspood.ee\/ru\/wp-json\/wp\/v2\/media\/39415"}],"wp:attachment":[{"href":"https:\/\/www.looduspood.ee\/ru\/wp-json\/wp\/v2\/media?parent=39414"}],"wp:term":[{"taxonomy":"product_cat","embeddable":true,"href":"https:\/\/www.looduspood.ee\/ru\/wp-json\/wp\/v2\/product_cat?post=39414"},{"taxonomy":"product_tag","embeddable":true,"href":"https:\/\/www.looduspood.ee\/ru\/wp-json\/wp\/v2\/product_tag?post=39414"}],"curies":[{"name":"wp","href":"https:\/\/api.w.org\/{rel}","templated":true}]}}