{"id":39485,"date":"2021-09-24T16:05:37","date_gmt":"2021-09-24T13:05:37","guid":{"rendered":"https:\/\/www.looduspood.ee\/?post_type=product&#038;p=39485"},"modified":"2024-03-14T23:26:17","modified_gmt":"2024-03-14T20:26:17","slug":"silmaumbruse-geelpadjad-turbliss-10tk-pakis","status":"publish","type":"product","link":"https:\/\/www.looduspood.ee\/ru\/product\/\u0433\u0435\u043b\u0435\u0432\u044b\u0435-\u043f\u043e\u0434\u0443\u0448\u0435\u0447\u043a\u0438-\u0434\u043b\u044f-\u043a\u043e\u043d\u0442\u0443\u0440\u0430-\u0433\u043b\u0430\u0437-turbliss-10\/","title":{"rendered":"\u0413\u0435\u043b\u0435\u0432\u044b\u0435 \u043f\u043e\u0434\u0443\u0448\u0435\u0447\u043a\u0438 \u0434\u043b\u044f \u0433\u043b\u0430\u0437 Turbliss \u0432 \u0443\u043f\u0430\u043a\u043e\u0432\u043a\u0435 10 \u0448\u0442\u0443\u043a - \u0443\u043c\u0435\u043d\u044c\u0448\u0430\u044e\u0442 \u043e\u0442\u0435\u0447\u043d\u043e\u0441\u0442\u044c \u0438 \u0442\u0435\u043c\u043d\u043e\u0442\u0443, \u0440\u0430\u0437\u0433\u043b\u0430\u0436\u0438\u0432\u0430\u044e\u0442 \u0438 \u0443\u0432\u043b\u0430\u0436\u043d\u044f\u044e\u0442 \u043a\u043e\u0436\u0443 \u0432\u043e\u043a\u0440\u0443\u0433 \u0433\u043b\u0430\u0437."},"content":{"rendered":"<div data-elementor-type=\"product-post\" data-elementor-id=\"39485\" class=\"elementor elementor-39485\" data-elementor-post-type=\"product\">\n\t\t\t\t\t\t<section class=\"elementor-section elementor-top-section elementor-element elementor-element-9dbe1b9 elementor-section-boxed elementor-section-height-default elementor-section-height-default\" data-id=\"9dbe1b9\" data-element_type=\"section\">\n\t\t\t\t\t\t<div class=\"elementor-container elementor-column-gap-default\">\n\t\t\t\t\t<div class=\"elementor-column elementor-col-100 elementor-top-column elementor-element elementor-element-ee1e1ed\" data-id=\"ee1e1ed\" data-element_type=\"column\">\n\t\t\t<div class=\"elementor-widget-wrap elementor-element-populated\">\n\t\t\t\t\t\t<div class=\"elementor-element elementor-element-214bab4 elementor-widget elementor-widget-text-editor\" data-id=\"214bab4\" data-element_type=\"widget\" data-widget_type=\"text-editor.default\">\n\t\t\t\t<div class=\"elementor-widget-container\">\n\t\t\t<style>\/*! elementor - v3.23.0 - 15-07-2024 *\/\n.elementor-widget-text-editor.elementor-drop-cap-view-stacked .elementor-drop-cap{background-color:#69727d;color:#fff}.elementor-widget-text-editor.elementor-drop-cap-view-framed .elementor-drop-cap{color:#69727d;border:3px solid;background-color:transparent}.elementor-widget-text-editor:not(.elementor-drop-cap-view-default) .elementor-drop-cap{margin-top:8px}.elementor-widget-text-editor:not(.elementor-drop-cap-view-default) .elementor-drop-cap-letter{width:1em;height:1em}.elementor-widget-text-editor .elementor-drop-cap{float:left;text-align:center;line-height:1;font-size:50px}.elementor-widget-text-editor .elementor-drop-cap-letter{display:inline-block}<\/style>\t\t\t\t\u041d\u0435\u0436\u043d\u044b\u0435 \u0433\u0435\u043b\u0435\u0432\u044b\u0435 \u043f\u043e\u0434\u0443\u0448\u0435\u0447\u043a\u0438 \u0441 \u0431\u043e\u043b\u043e\u0442\u043d\u043e\u0439 \u0432\u043e\u0434\u043e\u0439, \u0440\u0430\u0441\u0442\u0438\u0442\u0435\u043b\u044c\u043d\u044b\u043c \u043a\u043e\u043b\u043b\u0430\u0433\u0435\u043d\u043e\u043c, \u044d\u043a\u0441\u0442\u0440\u0430\u043a\u0442\u043e\u043c \u043a\u0430\u043a\u0442\u0443\u0441\u0430 \u0438\nd-\u043f\u0430\u043d\u0442\u0435\u043d\u043e\u043b \u0434\u043b\u044f \u0443\u043c\u0435\u043d\u044c\u0448\u0435\u043d\u0438\u044f \u043e\u0442\u0435\u0447\u043d\u043e\u0441\u0442\u0438 \u0438 \u0442\u0435\u043c\u043d\u043e\u0442\u044b \u0432\u043e\u043a\u0440\u0443\u0433 \u0433\u043b\u0430\u0437, \u0440\u0430\u0437\u0433\u043b\u0430\u0436\u0438\u0432\u0430\u043d\u0438\u044f \u0438 \u0443\u0432\u043b\u0430\u0436\u043d\u0435\u043d\u0438\u044f. \u041c\u0433\u043d\u043e\u0432\u0435\u043d\u043d\u044b\u0439 \u044d\u0444\u0444\u0435\u043a\u0442. \u0412 \u0443\u043f\u0430\u043a\u043e\u0432\u043a\u0435 5 \u043f\u0430\u0440. \t\t\t\t\t\t<\/div>\n\t\t\t\t<\/div>\n\t\t\t\t\t<\/div>\n\t\t<\/div>\n\t\t\t\t\t<\/div>\n\t\t<\/section>\n\t\t\t\t<section class=\"elementor-section elementor-top-section elementor-element elementor-element-bb5fe95 elementor-section-stretched elementor-section-boxed elementor-section-height-default elementor-section-height-default\" data-id=\"bb5fe95\" data-element_type=\"section\" data-settings=\"{&quot;stretch_section&quot;:&quot;section-stretched&quot;}\">\n\t\t\t\t\t\t<div class=\"elementor-container elementor-column-gap-default\">\n\t\t\t\t\t<div class=\"elementor-column elementor-col-100 elementor-top-column elementor-element elementor-element-e098401\" data-id=\"e098401\" data-element_type=\"column\">\n\t\t\t<div class=\"elementor-widget-wrap elementor-element-populated\">\n\t\t\t\t\t\t<div class=\"elementor-element elementor-element-26d95cf elementor-widget elementor-widget-heading\" data-id=\"26d95cf\" data-element_type=\"widget\" data-widget_type=\"heading.default\">\n\t\t\t\t<div class=\"elementor-widget-container\">\n\t\t\t<style>\/*! elementor - v3.23.0 - 15-07-2024 *\/\n.elementor-heading-title{padding:0;margin:0;line-height:1}.elementor-widget-heading .elementor-heading-title[class*=elementor-size-]>a{color:inherit;font-size:inherit;line-height:inherit}.elementor-widget-heading .elementor-heading-title.elementor-size-small{font-size:15px}.elementor-widget-heading .elementor-heading-title.elementor-size-medium{font-size:19px}.elementor-widget-heading .elementor-heading-title.elementor-size-large{font-size:29px}.elementor-widget-heading .elementor-heading-title.elementor-size-xl{font-size:39px}.elementor-widget-heading .elementor-heading-title.elementor-size-xxl{font-size:59px}<\/style><h2 class=\"elementor-heading-title elementor-size-default\">\u0421\u043e\u0441\u0442\u0430\u0432:<\/h2>\t\t<\/div>\n\t\t\t\t<\/div>\n\t\t\t\t<div class=\"elementor-element elementor-element-c756e40 elementor-widget elementor-widget-text-editor\" data-id=\"c756e40\" data-element_type=\"widget\" data-widget_type=\"text-editor.default\">\n\t\t\t\t<div class=\"elementor-widget-container\">\n\t\t\t\t\t\t\tINCI: \u0442\u043e\u0440\u0444\u044f\u043d\u0430\u044f \u0432\u043e\u0434\u0430, \u0433\u043b\u0438\u0446\u0435\u0440\u0438\u043d (\u0438) \u0430\u043a\u0432\u0430 (\u0438) opuntia ficus-indica\n\u044d\u043a\u0441\u0442\u0440\u0430\u043a\u0442 \u0446\u0432\u0435\u0442\u043e\u0432, \u0430\u0433\u0430\u0440, \u0430\u043a\u0432\u0430 (\u0438) \u0440\u0430\u0441\u0442\u0438\u0442\u0435\u043b\u044c\u043d\u044b\u0439 \u043a\u043e\u043b\u043b\u0430\u0433\u0435\u043d (\u0438) \u0444\u0438\u043b\u044c\u0442\u0440\u0430\u0442 \u0444\u0435\u0440\u043c\u0435\u043d\u0442\u0430 \u043b\u0435\u0439\u043a\u043e\u043d\u043e\u0441\u0442\u043e\u043a\u0430\/\u043a\u043e\u0440\u043d\u044f \u0440\u0435\u0434\u044c\u043a\u0438, \u0430\u0441\u043a\u043e\u0440\u0431\u0438\u043d\u043e\u0432\u0430\u044f \u043a\u0438\u0441\u043b\u043e\u0442\u0430, \u043f\u0430\u043d\u0442\u0435\u043d\u043e\u043b (\u0438) \u0430\u043a\u0432\u0430, \u0444\u0435\u043d\u043e\u043a\u0441\u0438\u044d\u0442\u0430\u043d\u043e\u043b (\u0438) \u044d\u0442\u0438\u043b\u0433\u0435\u043a\u0441\u0438\u043b\u0433\u043b\u0438\u0446\u0435\u0440\u0438\u043d.\t\t\t\t\t\t<\/div>\n\t\t\t\t<\/div>\n\t\t\t\t\t<\/div>\n\t\t<\/div>\n\t\t\t\t\t<\/div>\n\t\t<\/section>\n\t\t\t\t<section class=\"elementor-section elementor-top-section elementor-element elementor-element-fc9ba20 elementor-section-stretched elementor-section-boxed elementor-section-height-default elementor-section-height-default\" data-id=\"fc9ba20\" data-element_type=\"section\" data-settings=\"{&quot;stretch_section&quot;:&quot;section-stretched&quot;}\">\n\t\t\t\t\t\t<div class=\"elementor-container elementor-column-gap-default\">\n\t\t\t\t\t<div class=\"elementor-column elementor-col-100 elementor-top-column elementor-element elementor-element-9621c49\" data-id=\"9621c49\" data-element_type=\"column\">\n\t\t\t<div class=\"elementor-widget-wrap elementor-element-populated\">\n\t\t\t\t\t\t<div class=\"elementor-element elementor-element-92f96bf elementor-widget elementor-widget-heading\" data-id=\"92f96bf\" data-element_type=\"widget\" data-widget_type=\"heading.default\">\n\t\t\t\t<div class=\"elementor-widget-container\">\n\t\t\t<h2 class=\"elementor-heading-title elementor-size-default\">\u0418\u0441\u043f\u043e\u043b\u044c\u0437\u043e\u0432\u0430\u043d\u0438\u0435:<\/h2>\t\t<\/div>\n\t\t\t\t<\/div>\n\t\t\t\t<div class=\"elementor-element elementor-element-bb0e657 elementor-widget elementor-widget-text-editor\" data-id=\"bb0e657\" data-element_type=\"widget\" data-widget_type=\"text-editor.default\">\n\t\t\t\t<div class=\"elementor-widget-container\">\n\t\t\t\t\t\t\t\u041f\u043e\u043b\u043e\u0436\u0438\u0442\u0435 \u043f\u043e\u0434\u0443\u0448\u0435\u0447\u043a\u0438 \u043d\u0430 \u0432\u0435\u043a\u0438 \u043d\u0430 5-10 \u043c\u0438\u043d\u0443\u0442. \u0414\u043b\u044f \u0443\u0441\u0438\u043b\u0435\u043d\u0438\u044f \u044d\u0444\u0444\u0435\u043a\u0442\u0430 \u043f\u0435\u0440\u0435\u0434 \u0438\u0441\u043f\u043e\u043b\u044c\u0437\u043e\u0432\u0430\u043d\u0438\u0435\u043c \u043f\u043e\u043c\u0435\u0441\u0442\u0438\u0442\u0435 \u0438\u0445 \u0432 \u0445\u043e\u043b\u043e\u0434\u0438\u043b\u044c\u043d\u0438\u043a. \u041e\u0431\u0440\u0430\u0449\u0430\u0442\u044c\u0441\u044f \u0430\u043a\u043a\u0443\u0440\u0430\u0442\u043d\u043e.\n\t\t\t\t\t\t<\/div>\n\t\t\t\t<\/div>\n\t\t\t\t\t<\/div>\n\t\t<\/div>\n\t\t\t\t\t<\/div>\n\t\t<\/section>\n\t\t\t\t<\/div>","protected":false},"excerpt":{"rendered":"<p>\u2714\ufe0f \u041d\u0435\u0436\u043d\u044b\u0435 \u0433\u0435\u043b\u0435\u0432\u044b\u0435 \u043f\u043e\u0434\u0443\u0448\u0435\u0447\u043a\u0438 \u043d\u0430 \u0431\u043e\u043b\u043e\u0442\u043d\u043e\u0439 \u0432\u043e\u0434\u0435 \u0441 \u0440\u0430\u0441\u0442\u0438\u0442\u0435\u043b\u044c\u043d\u044b\u043c \u043a\u043e\u043b\u043b\u0430\u0433\u0435\u043d\u043e\u043c, \u044d\u043a\u0441\u0442\u0440\u0430\u043a\u0442\u043e\u043c \u043a\u0430\u043a\u0442\u0443\u0441\u0430 \u0438 \u0434-\u043f\u0430\u043d\u0442\u0435\u043d\u043e\u043b\u043e\u043c;<br \/>\n\u2714\ufe0f \u0423\u043c\u0435\u043d\u044c\u0448\u0430\u0435\u0442 \u043e\u0442\u0435\u0447\u043d\u043e\u0441\u0442\u044c \u0438 \u0442\u0435\u043c\u043d\u043e\u0442\u0443 \u0432\u043e\u043a\u0440\u0443\u0433 \u0433\u043b\u0430\u0437;<br \/>\n\u2714\ufe0f \u0420\u0430\u0437\u0433\u043b\u0430\u0436\u0438\u0432\u0430\u043d\u0438\u0435 \u0438 \u0443\u0432\u043b\u0430\u0436\u043d\u0435\u043d\u0438\u0435. \u041c\u0433\u043d\u043e\u0432\u0435\u043d\u043d\u044b\u0439 \u044d\u0444\u0444\u0435\u043a\u0442;<br \/>\n\u2714\ufe0f \u0412 \u0443\u043f\u0430\u043a\u043e\u0432\u043a\u0435 5 \u043f\u0430\u0440. 100% \u043d\u0430\u0442\u0443\u0440\u0430\u043b\u044c\u043d\u044b\u0439 \u0441\u043e\u0441\u0442\u0430\u0432. \u041f\u043e\u0434\u0445\u043e\u0434\u0438\u0442 \u0434\u043b\u044f \u0432\u0435\u0433\u0430\u043d\u043e\u0432.<\/p>","protected":false},"featured_media":39486,"comment_status":"closed","ping_status":"closed","template":"","meta":{"_acf_changed":false},"product_cat":[2890,406],"product_tag":[],"class_list":{"0":"post-39485","1":"product","2":"type-product","3":"status-publish","4":"has-post-thumbnail","6":"product_cat-naoniisutus","7":"product_cat-vananemise-vastu","9":"first","10":"outofstock","11":"shipping-taxable","12":"purchasable","13":"product-type-simple"},"acf":[],"yoast_head":"<!-- This site is optimized with the Yoast SEO plugin v23.0 - https:\/\/yoast.com\/wordpress\/plugins\/seo\/ -->\n<title>Silma\u00fcmbruse geelpadjad Turbliss 10tk pakis &#8226; Looduspood<\/title>\n<meta name=\"description\" content=\"Silma\u00fcmbruse geelpadjad Turbliss 10tk pakis \u2714\ufe0f Kohe saadaval \u2714\ufe0f Kiire kohaletoimetamine \ud83e\udd55 Looduspood \u21161 veebis \u27a4 Klikkige ja k\u00fclastage!\" \/>\n<meta name=\"robots\" content=\"index, follow, max-snippet:-1, max-image-preview:large, max-video-preview:-1\" \/>\n<link rel=\"canonical\" href=\"https:\/\/www.looduspood.ee\/ru\/product\/\u0433\u0435\u043b\u0435\u0432\u044b\u0435-\u043f\u043e\u0434\u0443\u0448\u0435\u0447\u043a\u0438-\u0434\u043b\u044f-\u043a\u043e\u043d\u0442\u0443\u0440\u0430-\u0433\u043b\u0430\u0437-turbliss-10\/\" \/>\n<meta property=\"og:locale\" content=\"ru_RU\" \/>\n<meta property=\"og:type\" content=\"article\" \/>\n<meta property=\"og:title\" content=\"Silma\u00fcmbruse geelpadjad Turbliss 10tk pakis - V\u00e4hendavad silma\u00fcmbruse paistetust ja tumedust, siluvad ning niisutavad.\" \/>\n<meta property=\"og:description\" content=\"Silma\u00fcmbruse geelpadjad Turbliss 10tk pakis \u2714\ufe0f Kohe saadaval \u2714\ufe0f Kiire kohaletoimetamine \ud83e\udd55 Looduspood \u21161 veebis \u27a4 Klikkige ja k\u00fclastage!\" \/>\n<meta property=\"og:url\" content=\"https:\/\/www.looduspood.ee\/ru\/product\/\u0433\u0435\u043b\u0435\u0432\u044b\u0435-\u043f\u043e\u0434\u0443\u0448\u0435\u0447\u043a\u0438-\u0434\u043b\u044f-\u043a\u043e\u043d\u0442\u0443\u0440\u0430-\u0433\u043b\u0430\u0437-turbliss-10\/\" \/>\n<meta property=\"og:site_name\" content=\"Looduspood\" \/>\n<meta property=\"article:publisher\" content=\"https:\/\/www.facebook.com\/Looduspood-2064766730406653\/\" \/>\n<meta property=\"article:modified_time\" content=\"2024-03-14T20:26:17+00:00\" \/>\n<meta property=\"og:image\" content=\"https:\/\/www.looduspood.ee\/wp-content\/uploads\/2021\/09\/Silma\u00fcmbruse-geelpadjad-jpg.avif\" \/>\n\t<meta property=\"og:image:width\" content=\"600\" \/>\n\t<meta property=\"og:image:height\" content=\"600\" \/>\n\t<meta property=\"og:image:type\" content=\"image\/jpeg\" \/>\n<meta name=\"twitter:card\" content=\"summary_large_image\" \/>\n<script type=\"application\/ld+json\" class=\"yoast-schema-graph\">{\"@context\":\"https:\/\/schema.org\",\"@graph\":[{\"@type\":\"WebPage\",\"@id\":\"https:\/\/www.looduspood.ee\/toode\/silmaumbruse-geelpadjad-turbliss-10tk-pakis\/\",\"url\":\"https:\/\/www.looduspood.ee\/toode\/silmaumbruse-geelpadjad-turbliss-10tk-pakis\/\",\"name\":\"Silma\u00fcmbruse geelpadjad Turbliss 10tk pakis &#8226; Looduspood\",\"isPartOf\":{\"@id\":\"https:\/\/www.looduspood.ee\/#website\"},\"primaryImageOfPage\":{\"@id\":\"https:\/\/www.looduspood.ee\/toode\/silmaumbruse-geelpadjad-turbliss-10tk-pakis\/#primaryimage\"},\"image\":{\"@id\":\"https:\/\/www.looduspood.ee\/toode\/silmaumbruse-geelpadjad-turbliss-10tk-pakis\/#primaryimage\"},\"thumbnailUrl\":\"https:\/\/www.looduspood.ee\/wp-content\/uploads\/2021\/09\/Silma\u00fcmbruse-geelpadjad-jpg.avif\",\"datePublished\":\"2021-09-24T13:05:37+00:00\",\"dateModified\":\"2024-03-14T20:26:17+00:00\",\"description\":\"Silma\u00fcmbruse geelpadjad Turbliss 10tk pakis \u2714\ufe0f Kohe saadaval \u2714\ufe0f Kiire kohaletoimetamine \ud83e\udd55 Looduspood \u21161 veebis \u27a4 Klikkige ja k\u00fclastage!\",\"breadcrumb\":{\"@id\":\"https:\/\/www.looduspood.ee\/toode\/silmaumbruse-geelpadjad-turbliss-10tk-pakis\/#breadcrumb\"},\"inLanguage\":\"ru-RU\",\"potentialAction\":[{\"@type\":\"ReadAction\",\"target\":[\"https:\/\/www.looduspood.ee\/toode\/silmaumbruse-geelpadjad-turbliss-10tk-pakis\/\"]}]},{\"@type\":\"ImageObject\",\"inLanguage\":\"ru-RU\",\"@id\":\"https:\/\/www.looduspood.ee\/toode\/silmaumbruse-geelpadjad-turbliss-10tk-pakis\/#primaryimage\",\"url\":\"https:\/\/www.looduspood.ee\/wp-content\/uploads\/2021\/09\/Silma\u00fcmbruse-geelpadjad-jpg.avif\",\"contentUrl\":\"https:\/\/www.looduspood.ee\/wp-content\/uploads\/2021\/09\/Silma\u00fcmbruse-geelpadjad-jpg.avif\",\"width\":600,\"height\":600},{\"@type\":\"BreadcrumbList\",\"@id\":\"https:\/\/www.looduspood.ee\/toode\/silmaumbruse-geelpadjad-turbliss-10tk-pakis\/#breadcrumb\",\"itemListElement\":[{\"@type\":\"ListItem\",\"position\":1,\"name\":\"Home\",\"item\":\"https:\/\/www.looduspood.ee\/\"},{\"@type\":\"ListItem\",\"position\":2,\"name\":\"Pood\",\"item\":\"https:\/\/www.looduspood.ee\/looduspood\/\"},{\"@type\":\"ListItem\",\"position\":3,\"name\":\"Silma\u00fcmbruse geelpadjad Turbliss 10tk pakis &#8211; V\u00e4hendavad silma\u00fcmbruse paistetust ja tumedust, siluvad ning niisutavad\"}]},{\"@type\":\"WebSite\",\"@id\":\"https:\/\/www.looduspood.ee\/#website\",\"url\":\"https:\/\/www.looduspood.ee\/\",\"name\":\"Looduspood\",\"description\":\"Looduspood\",\"publisher\":{\"@id\":\"https:\/\/www.looduspood.ee\/#organization\"},\"potentialAction\":[{\"@type\":\"SearchAction\",\"target\":{\"@type\":\"EntryPoint\",\"urlTemplate\":\"https:\/\/www.looduspood.ee\/?s={search_term_string}\"},\"query-input\":\"required name=search_term_string\"}],\"inLanguage\":\"ru-RU\"},{\"@type\":\"Organization\",\"@id\":\"https:\/\/www.looduspood.ee\/#organization\",\"name\":\"Looduspood\",\"url\":\"https:\/\/www.looduspood.ee\/\",\"logo\":{\"@type\":\"ImageObject\",\"inLanguage\":\"ru-RU\",\"@id\":\"https:\/\/www.looduspood.ee\/#\/schema\/logo\/image\/\",\"url\":\"https:\/\/www.looduspood.ee\/wp-content\/uploads\/2019\/07\/morkva-1.png\",\"contentUrl\":\"https:\/\/www.looduspood.ee\/wp-content\/uploads\/2019\/07\/morkva-1.png\",\"width\":258,\"height\":162,\"caption\":\"Looduspood\"},\"image\":{\"@id\":\"https:\/\/www.looduspood.ee\/#\/schema\/logo\/image\/\"},\"sameAs\":[\"https:\/\/www.facebook.com\/Looduspood-2064766730406653\/\",\"https:\/\/www.youtube.com\/channel\/UCGxI8Tgkgvwn7Q9U8Qh6UgA?view_as=subscriber\"]}]}<\/script>\n<!-- \/ Yoast SEO plugin. -->","yoast_head_json":{"title":"Silma\u00fcmbruse geelpadjad Turbliss 10tk pakis &#8226; Looduspood","description":"Silma\u00fcmbruse geelpadjad Turbliss 10tk pakis \u2714\ufe0f Kohe saadaval \u2714\ufe0f Kiire kohaletoimetamine \ud83e\udd55 Looduspood \u21161 veebis \u27a4 Klikkige ja k\u00fclastage!","robots":{"index":"index","follow":"follow","max-snippet":"max-snippet:-1","max-image-preview":"max-image-preview:large","max-video-preview":"max-video-preview:-1"},"canonical":"https:\/\/www.looduspood.ee\/ru\/product\/\u0433\u0435\u043b\u0435\u0432\u044b\u0435-\u043f\u043e\u0434\u0443\u0448\u0435\u0447\u043a\u0438-\u0434\u043b\u044f-\u043a\u043e\u043d\u0442\u0443\u0440\u0430-\u0433\u043b\u0430\u0437-turbliss-10\/","og_locale":"ru_RU","og_type":"article","og_title":"Silma\u00fcmbruse geelpadjad Turbliss 10tk pakis - V\u00e4hendavad silma\u00fcmbruse paistetust ja tumedust, siluvad ning niisutavad.","og_description":"Silma\u00fcmbruse geelpadjad Turbliss 10tk pakis \u2714\ufe0f Kohe saadaval \u2714\ufe0f Kiire kohaletoimetamine \ud83e\udd55 Looduspood \u21161 veebis \u27a4 Klikkige ja k\u00fclastage!","og_url":"https:\/\/www.looduspood.ee\/ru\/product\/\u0433\u0435\u043b\u0435\u0432\u044b\u0435-\u043f\u043e\u0434\u0443\u0448\u0435\u0447\u043a\u0438-\u0434\u043b\u044f-\u043a\u043e\u043d\u0442\u0443\u0440\u0430-\u0433\u043b\u0430\u0437-turbliss-10\/","og_site_name":"Looduspood","article_publisher":"https:\/\/www.facebook.com\/Looduspood-2064766730406653\/","article_modified_time":"2024-03-14T20:26:17+00:00","og_image":[{"width":600,"height":600,"url":"https:\/\/www.looduspood.ee\/wp-content\/uploads\/2021\/09\/Silma\u00fcmbruse-geelpadjad-jpg.avif","type":"image\/jpeg"}],"twitter_card":"summary_large_image","schema":{"@context":"https:\/\/schema.org","@graph":[{"@type":"WebPage","@id":"https:\/\/www.looduspood.ee\/toode\/silmaumbruse-geelpadjad-turbliss-10tk-pakis\/","url":"https:\/\/www.looduspood.ee\/toode\/silmaumbruse-geelpadjad-turbliss-10tk-pakis\/","name":"Silma\u00fcmbruse geelpadjad Turbliss 10tk pakis &#8226; Looduspood","isPartOf":{"@id":"https:\/\/www.looduspood.ee\/#website"},"primaryImageOfPage":{"@id":"https:\/\/www.looduspood.ee\/toode\/silmaumbruse-geelpadjad-turbliss-10tk-pakis\/#primaryimage"},"image":{"@id":"https:\/\/www.looduspood.ee\/toode\/silmaumbruse-geelpadjad-turbliss-10tk-pakis\/#primaryimage"},"thumbnailUrl":"https:\/\/www.looduspood.ee\/wp-content\/uploads\/2021\/09\/Silma\u00fcmbruse-geelpadjad-jpg.avif","datePublished":"2021-09-24T13:05:37+00:00","dateModified":"2024-03-14T20:26:17+00:00","description":"Silma\u00fcmbruse geelpadjad Turbliss 10tk pakis \u2714\ufe0f Kohe saadaval \u2714\ufe0f Kiire kohaletoimetamine \ud83e\udd55 Looduspood \u21161 veebis \u27a4 Klikkige ja k\u00fclastage!","breadcrumb":{"@id":"https:\/\/www.looduspood.ee\/toode\/silmaumbruse-geelpadjad-turbliss-10tk-pakis\/#breadcrumb"},"inLanguage":"ru-RU","potentialAction":[{"@type":"ReadAction","target":["https:\/\/www.looduspood.ee\/toode\/silmaumbruse-geelpadjad-turbliss-10tk-pakis\/"]}]},{"@type":"ImageObject","inLanguage":"ru-RU","@id":"https:\/\/www.looduspood.ee\/toode\/silmaumbruse-geelpadjad-turbliss-10tk-pakis\/#primaryimage","url":"https:\/\/www.looduspood.ee\/wp-content\/uploads\/2021\/09\/Silma\u00fcmbruse-geelpadjad-jpg.avif","contentUrl":"https:\/\/www.looduspood.ee\/wp-content\/uploads\/2021\/09\/Silma\u00fcmbruse-geelpadjad-jpg.avif","width":600,"height":600},{"@type":"BreadcrumbList","@id":"https:\/\/www.looduspood.ee\/toode\/silmaumbruse-geelpadjad-turbliss-10tk-pakis\/#breadcrumb","itemListElement":[{"@type":"ListItem","position":1,"name":"Home","item":"https:\/\/www.looduspood.ee\/"},{"@type":"ListItem","position":2,"name":"Pood","item":"https:\/\/www.looduspood.ee\/looduspood\/"},{"@type":"ListItem","position":3,"name":"Silma\u00fcmbruse geelpadjad Turbliss 10tk pakis &#8211; V\u00e4hendavad silma\u00fcmbruse paistetust ja tumedust, siluvad ning niisutavad"}]},{"@type":"WebSite","@id":"https:\/\/www.looduspood.ee\/#website","url":"https:\/\/www.looduspood.ee\/","name":"Looduspood","description":"Looduspood","publisher":{"@id":"https:\/\/www.looduspood.ee\/#organization"},"potentialAction":[{"@type":"SearchAction","target":{"@type":"EntryPoint","urlTemplate":"https:\/\/www.looduspood.ee\/?s={search_term_string}"},"query-input":"required name=search_term_string"}],"inLanguage":"ru-RU"},{"@type":"Organization","@id":"https:\/\/www.looduspood.ee\/#organization","name":"Looduspood","url":"https:\/\/www.looduspood.ee\/","logo":{"@type":"ImageObject","inLanguage":"ru-RU","@id":"https:\/\/www.looduspood.ee\/#\/schema\/logo\/image\/","url":"https:\/\/www.looduspood.ee\/wp-content\/uploads\/2019\/07\/morkva-1.png","contentUrl":"https:\/\/www.looduspood.ee\/wp-content\/uploads\/2019\/07\/morkva-1.png","width":258,"height":162,"caption":"Looduspood"},"image":{"@id":"https:\/\/www.looduspood.ee\/#\/schema\/logo\/image\/"},"sameAs":["https:\/\/www.facebook.com\/Looduspood-2064766730406653\/","https:\/\/www.youtube.com\/channel\/UCGxI8Tgkgvwn7Q9U8Qh6UgA?view_as=subscriber"]}]}},"tiered_pricing_type":"fixed","tiered_pricing_fixed_rules":[],"_links":{"self":[{"href":"https:\/\/www.looduspood.ee\/ru\/wp-json\/wp\/v2\/product\/39485"}],"collection":[{"href":"https:\/\/www.looduspood.ee\/ru\/wp-json\/wp\/v2\/product"}],"about":[{"href":"https:\/\/www.looduspood.ee\/ru\/wp-json\/wp\/v2\/types\/product"}],"replies":[{"embeddable":true,"href":"https:\/\/www.looduspood.ee\/ru\/wp-json\/wp\/v2\/comments?post=39485"}],"version-history":[{"count":0,"href":"https:\/\/www.looduspood.ee\/ru\/wp-json\/wp\/v2\/product\/39485\/revisions"}],"wp:featuredmedia":[{"embeddable":true,"href":"https:\/\/www.looduspood.ee\/ru\/wp-json\/wp\/v2\/media\/39486"}],"wp:attachment":[{"href":"https:\/\/www.looduspood.ee\/ru\/wp-json\/wp\/v2\/media?parent=39485"}],"wp:term":[{"taxonomy":"product_cat","embeddable":true,"href":"https:\/\/www.looduspood.ee\/ru\/wp-json\/wp\/v2\/product_cat?post=39485"},{"taxonomy":"product_tag","embeddable":true,"href":"https:\/\/www.looduspood.ee\/ru\/wp-json\/wp\/v2\/product_tag?post=39485"}],"curies":[{"name":"wp","href":"https:\/\/api.w.org\/{rel}","templated":true}]}}