{"id":41565,"date":"2022-01-17T19:52:01","date_gmt":"2022-01-17T16:52:01","guid":{"rendered":"https:\/\/www.looduspood.ee\/?post_type=product&#038;p=41565"},"modified":"2024-05-02T09:44:36","modified_gmt":"2024-05-02T06:44:36","slug":"massaazirull-qmed-therapy-roller","status":"publish","type":"product","link":"https:\/\/www.looduspood.ee\/ru\/product\/\u043c\u0430\u0441\u0441\u0430\u0436\u043d\u044b\u0439-\u0440\u043e\u043b\u0438\u043a-qmed-therapy-roller\/","title":{"rendered":"\u041c\u0430\u0441\u0441\u0430\u0436\u043d\u044b\u0439 \u0440\u043e\u043b\u0438\u043a Qmed Therapy Roller - \u043f\u0440\u0435\u0434\u043d\u0430\u0437\u043d\u0430\u0447\u0435\u043d \u0434\u043b\u044f \u0438\u043d\u0442\u0435\u043d\u0441\u0438\u0432\u043d\u043e\u0433\u043e \u043c\u0430\u0441\u0441\u0430\u0436\u0430 \u0442\u0435\u043b\u0430"},"content":{"rendered":"<div data-elementor-type=\"product-post\" data-elementor-id=\"41565\" class=\"elementor elementor-41565\" data-elementor-post-type=\"product\">\n\t\t\t\t\t\t<section class=\"elementor-section elementor-top-section elementor-element elementor-element-cb9acc0 elementor-section-stretched elementor-section-boxed elementor-section-height-default elementor-section-height-default\" data-id=\"cb9acc0\" data-element_type=\"section\" data-settings=\"{&quot;stretch_section&quot;:&quot;section-stretched&quot;,&quot;background_background&quot;:&quot;classic&quot;}\">\n\t\t\t\t\t\t<div class=\"elementor-container elementor-column-gap-default\">\n\t\t\t\t\t<div class=\"elementor-column elementor-col-100 elementor-top-column elementor-element elementor-element-c1fbac4\" data-id=\"c1fbac4\" data-element_type=\"column\">\n\t\t\t<div class=\"elementor-widget-wrap elementor-element-populated\">\n\t\t\t\t\t\t<div class=\"elementor-element elementor-element-01b09a1 elementor-widget elementor-widget-text-editor\" data-id=\"01b09a1\" data-element_type=\"widget\" data-widget_type=\"text-editor.default\">\n\t\t\t\t<div class=\"elementor-widget-container\">\n\t\t\t<style>\/*! elementor - v3.23.0 - 15-07-2024 *\/\n.elementor-widget-text-editor.elementor-drop-cap-view-stacked .elementor-drop-cap{background-color:#69727d;color:#fff}.elementor-widget-text-editor.elementor-drop-cap-view-framed .elementor-drop-cap{color:#69727d;border:3px solid;background-color:transparent}.elementor-widget-text-editor:not(.elementor-drop-cap-view-default) .elementor-drop-cap{margin-top:8px}.elementor-widget-text-editor:not(.elementor-drop-cap-view-default) .elementor-drop-cap-letter{width:1em;height:1em}.elementor-widget-text-editor .elementor-drop-cap{float:left;text-align:center;line-height:1;font-size:50px}.elementor-widget-text-editor .elementor-drop-cap-letter{display:inline-block}<\/style>\t\t\t\t\u0420\u043e\u043b\u0438\u043a Qmed Therapy Roller \u043f\u0440\u0435\u0434\u043d\u0430\u0437\u043d\u0430\u0447\u0435\u043d \u0434\u043b\u044f \u0438\u043d\u0442\u0435\u043d\u0441\u0438\u0432\u043d\u043e\u0433\u043e \u043c\u0430\u0441\u0441\u0430\u0436\u0430 \u0442\u0435\u043b\u0430 \u0438 \u0440\u0430\u0441\u0441\u043b\u0430\u0431\u043b\u0435\u043d\u0438\u044f \u043c\u044b\u0448\u0446. \u0418\u0441\u043f\u043e\u043b\u044c\u0437\u043e\u0432\u0430\u043d\u0438\u0435 \u0440\u043e\u043b\u0438\u043a\u0430 \u0434\u043e \u0438 \u043f\u043e\u0441\u043b\u0435 \u0442\u0440\u0435\u043d\u0438\u0440\u043e\u0432\u043a\u0438 \u0443\u0441\u043a\u043e\u0440\u044f\u0435\u0442 \u043c\u0435\u0442\u0430\u0431\u043e\u043b\u0438\u0437\u043c, \u0443\u043b\u0443\u0447\u0448\u0430\u0435\u0442 \u0440\u0430\u0431\u043e\u0442\u0443 \u043c\u044b\u0448\u0446 \u0438 \u0438\u0445 \u0432\u043e\u0441\u0441\u0442\u0430\u043d\u043e\u0432\u043b\u0435\u043d\u0438\u0435. \u0420\u043e\u043b\u0438\u043a \u043f\u043e\u0437\u0432\u043e\u043b\u044f\u0435\u0442 \u0441\u043d\u044f\u0442\u044c \u043d\u0430\u043f\u0440\u044f\u0436\u0435\u043d\u0438\u0435 \u0438 \u0443\u043a\u0440\u0435\u043f\u0438\u0442\u044c \u043c\u044b\u0448\u0446\u044b. \u041e\u043d \u043d\u0435 \u0442\u0435\u0440\u044f\u0435\u0442 \u0441\u0432\u043e\u0435\u0439 \u0442\u0432\u0435\u0440\u0434\u043e\u0441\u0442\u0438, \u043d\u0435 \u043c\u0435\u043d\u044f\u0435\u0442 \u0444\u043e\u0440\u043c\u0443 \u0438 \u043d\u0435 \u0438\u0437\u043d\u0430\u0448\u0438\u0432\u0430\u0435\u0442\u0441\u044f \u0434\u0430\u0436\u0435 \u043f\u0440\u0438 \u043f\u043e\u0441\u0442\u043e\u044f\u043d\u043d\u043e\u043c \u0438\u043d\u0442\u0435\u043d\u0441\u0438\u0432\u043d\u043e\u043c \u0438\u0441\u043f\u043e\u043b\u044c\u0437\u043e\u0432\u0430\u043d\u0438\u0438. \t\t\t\t\t\t<\/div>\n\t\t\t\t<\/div>\n\t\t\t\t\t<\/div>\n\t\t<\/div>\n\t\t\t\t\t<\/div>\n\t\t<\/section>\n\t\t\t\t<section class=\"elementor-section elementor-top-section elementor-element elementor-element-fe6264f elementor-section-stretched elementor-section-boxed elementor-section-height-default elementor-section-height-default\" data-id=\"fe6264f\" data-element_type=\"section\" data-settings=\"{&quot;stretch_section&quot;:&quot;section-stretched&quot;,&quot;background_background&quot;:&quot;classic&quot;}\">\n\t\t\t\t\t\t<div class=\"elementor-container elementor-column-gap-default\">\n\t\t\t\t\t<div class=\"elementor-column elementor-col-100 elementor-top-column elementor-element elementor-element-5b5ed9a\" data-id=\"5b5ed9a\" data-element_type=\"column\">\n\t\t\t<div class=\"elementor-widget-wrap elementor-element-populated\">\n\t\t\t\t\t\t<div class=\"elementor-element elementor-element-16a1976 elementor-widget elementor-widget-heading\" data-id=\"16a1976\" data-element_type=\"widget\" data-widget_type=\"heading.default\">\n\t\t\t\t<div class=\"elementor-widget-container\">\n\t\t\t<style>\/*! elementor - v3.23.0 - 15-07-2024 *\/\n.elementor-heading-title{padding:0;margin:0;line-height:1}.elementor-widget-heading .elementor-heading-title[class*=elementor-size-]>a{color:inherit;font-size:inherit;line-height:inherit}.elementor-widget-heading .elementor-heading-title.elementor-size-small{font-size:15px}.elementor-widget-heading .elementor-heading-title.elementor-size-medium{font-size:19px}.elementor-widget-heading .elementor-heading-title.elementor-size-large{font-size:29px}.elementor-widget-heading .elementor-heading-title.elementor-size-xl{font-size:39px}.elementor-widget-heading .elementor-heading-title.elementor-size-xxl{font-size:59px}<\/style><h2 class=\"elementor-heading-title elementor-size-default\">\u0414\u0440\u0443\u0433\u0430\u044f \u0438\u043d\u0444\u043e\u0440\u043c\u0430\u0446\u0438\u044f:<\/h2>\t\t<\/div>\n\t\t\t\t<\/div>\n\t\t\t\t<section class=\"elementor-section elementor-inner-section elementor-element elementor-element-92e0fbb elementor-section-full_width elementor-section-height-default elementor-section-height-default\" data-id=\"92e0fbb\" data-element_type=\"section\">\n\t\t\t\t\t\t<div class=\"elementor-container elementor-column-gap-no\">\n\t\t\t\t\t<div class=\"elementor-column elementor-col-100 elementor-inner-column elementor-element elementor-element-6db1edd\" data-id=\"6db1edd\" data-element_type=\"column\">\n\t\t\t<div class=\"elementor-widget-wrap elementor-element-populated\">\n\t\t\t\t\t\t<div class=\"elementor-element elementor-element-4d3f336 elementor-widget elementor-widget-text-editor\" data-id=\"4d3f336\" data-element_type=\"widget\" data-widget_type=\"text-editor.default\">\n\t\t\t\t<div class=\"elementor-widget-container\">\n\t\t\t\t\t\t\t\u0420\u0430\u0437\u043c\u0435\u0440\u044b: \u0434\u043b\u0438\u043d\u0430 33 \u0441\u043c, \u0434\u0438\u0430\u043c\u0435\u0442\u0440 14 \u0441\u043c. \u041c\u0430\u0442\u0435\u0440\u0438\u0430\u043b: EVA. \u0412\u044b\u0434\u0435\u0440\u0436\u0438\u0432\u0430\u0435\u0442 \u043d\u0430\u0433\u0440\u0443\u0437\u043a\u0443 \u0434\u043e 180 \u043a\u0433. \u041f\u0440\u043e\u0438\u0437\u0432\u043e\u0434\u0438\u0442\u0435\u043b\u044c.\t\t\t\t\t\t<\/div>\n\t\t\t\t<\/div>\n\t\t\t\t\t<\/div>\n\t\t<\/div>\n\t\t\t\t\t<\/div>\n\t\t<\/section>\n\t\t\t\t\t<\/div>\n\t\t<\/div>\n\t\t\t\t\t<\/div>\n\t\t<\/section>\n\t\t\t\t<\/div>","protected":false},"excerpt":{"rendered":"<p>\u2714\ufe0f \u0420\u0430\u0441\u0441\u043b\u0430\u0431\u043b\u044f\u0435\u0442 \u043c\u044b\u0448\u0446\u044b, \u0441\u043d\u0438\u043c\u0430\u0435\u0442 \u043d\u0430\u043f\u0440\u044f\u0436\u0435\u043d\u0438\u0435;<br \/>\n\u2714\ufe0f \u041f\u043e\u0437\u0432\u043e\u043b\u044f\u0435\u0442 \u0447\u0443\u0432\u0441\u0442\u0432\u043e\u0432\u0430\u0442\u044c \u0441\u0435\u0431\u044f \u043b\u0443\u0447\u0448\u0435, \u0432\u0430\u043b\u0438\u043a \u0443\u0434\u043e\u0431\u0435\u043d, \u043f\u0440\u0430\u043a\u0442\u0438\u0447\u0435\u043d \u0438 \u0432\u0438\u0437\u0443\u0430\u043b\u044c\u043d\u043e \u043f\u0440\u0438\u0432\u043b\u0435\u043a\u0430\u0442\u0435\u043b\u0435\u043d;<br \/>\n\u2714\ufe0f \u0410\u043b\u044c\u0442\u0435\u0440\u043d\u0430\u0442\u0438\u0432\u0430 \u0441\u043f\u043e\u0440\u0442\u0438\u0432\u043d\u043e\u043c\u0443 \u043c\u0430\u0441\u0441\u0430\u0436\u0443;<br \/>\n\u2714\ufe0f \u0412\u044b\u0441\u043e\u043a\u0430\u044f \u0433\u0440\u0443\u0437\u043e\u043f\u043e\u0434\u044a\u0435\u043c\u043d\u043e\u0441\u0442\u044c.<\/p>","protected":false},"featured_media":41566,"comment_status":"closed","ping_status":"closed","template":"","meta":{"_acf_changed":false},"product_cat":[2589],"product_tag":[],"class_list":{"0":"post-41565","1":"product","2":"type-product","3":"status-publish","4":"has-post-thumbnail","6":"product_cat-massaaz","8":"first","9":"outofstock","10":"sale","11":"shipping-taxable","12":"purchasable","13":"product-type-simple"},"acf":[],"yoast_head":"<!-- This site is optimized with the Yoast SEO plugin v23.0 - https:\/\/yoast.com\/wordpress\/plugins\/seo\/ -->\n<title>Massaa\u017eirull Qmed - Keha intensiivseks massaa\u017eiks&#8226; Looduspood<\/title>\n<meta name=\"description\" content=\"Massaa\u017eirull Qmed \u2714\ufe0f Kohe saadaval \u2714\ufe0f Kiire kohaletoimetamine \ud83e\udd55 Looduspood \u21161 veebis \u27a4 Klikkige ja k\u00fclastage!\" \/>\n<meta name=\"robots\" content=\"index, follow, max-snippet:-1, max-image-preview:large, max-video-preview:-1\" \/>\n<link rel=\"canonical\" href=\"https:\/\/www.looduspood.ee\/ru\/\u043f\u0440\u043e\u0434\u0443\u043a\u0442\/\u043c\u0430\u0441\u0441\u0430\u0436\u043d\u044b\u0439-\u0440\u043e\u043b\u0438\u043a-qmed-therapy-roller\/\" \/>\n<meta property=\"og:locale\" content=\"ru_RU\" \/>\n<meta property=\"og:type\" content=\"article\" \/>\n<meta property=\"og:title\" content=\"Massaa\u017eirull Qmed Therapy Roller \u2014 M\u00f5eldud keha intensiivseks massaa\u017eiks.\" \/>\n<meta property=\"og:description\" content=\"Massaa\u017eirull Qmed \u2714\ufe0f Kohe saadaval \u2714\ufe0f Kiire kohaletoimetamine \ud83e\udd55 Looduspood \u21161 veebis \u27a4 Klikkige ja k\u00fclastage!\" \/>\n<meta property=\"og:url\" content=\"https:\/\/www.looduspood.ee\/ru\/\u043f\u0440\u043e\u0434\u0443\u043a\u0442\/\u043c\u0430\u0441\u0441\u0430\u0436\u043d\u044b\u0439-\u0440\u043e\u043b\u0438\u043a-qmed-therapy-roller\/\" \/>\n<meta property=\"og:site_name\" content=\"Looduspood\" \/>\n<meta property=\"article:publisher\" content=\"https:\/\/www.facebook.com\/Looduspood-2064766730406653\/\" \/>\n<meta property=\"article:modified_time\" content=\"2024-05-02T06:44:36+00:00\" \/>\n<meta property=\"og:image\" content=\"https:\/\/www.looduspood.ee\/wp-content\/uploads\/2021\/07\/\u0420\u043e\u043b\u0438\u043a-\u043c\u0430\u0441\u0441\u0430\u0436\u043d\u044b\u0439-Qmed-1.jpg\" \/>\n\t<meta property=\"og:image:width\" content=\"600\" \/>\n\t<meta property=\"og:image:height\" content=\"600\" \/>\n\t<meta property=\"og:image:type\" content=\"image\/jpeg\" \/>\n<meta name=\"twitter:card\" content=\"summary_large_image\" \/>\n<script type=\"application\/ld+json\" class=\"yoast-schema-graph\">{\"@context\":\"https:\/\/schema.org\",\"@graph\":[{\"@type\":\"WebPage\",\"@id\":\"https:\/\/www.looduspood.ee\/ru\/\u043f\u0440\u043e\u0434\u0443\u043a\u0442\/\u043c\u0430\u0441\u0441\u0430\u0436\u043d\u044b\u0439-\u0440\u043e\u043b\u0438\u043a-qmed-therapy-roller\/\",\"url\":\"https:\/\/www.looduspood.ee\/ru\/\u043f\u0440\u043e\u0434\u0443\u043a\u0442\/\u043c\u0430\u0441\u0441\u0430\u0436\u043d\u044b\u0439-\u0440\u043e\u043b\u0438\u043a-qmed-therapy-roller\/\",\"name\":\"Massaa\u017eirull Qmed - Keha intensiivseks massaa\u017eiks&#8226; Looduspood\",\"isPartOf\":{\"@id\":\"https:\/\/www.looduspood.ee\/#website\"},\"primaryImageOfPage\":{\"@id\":\"https:\/\/www.looduspood.ee\/ru\/\u043f\u0440\u043e\u0434\u0443\u043a\u0442\/\u043c\u0430\u0441\u0441\u0430\u0436\u043d\u044b\u0439-\u0440\u043e\u043b\u0438\u043a-qmed-therapy-roller\/#primaryimage\"},\"image\":{\"@id\":\"https:\/\/www.looduspood.ee\/ru\/\u043f\u0440\u043e\u0434\u0443\u043a\u0442\/\u043c\u0430\u0441\u0441\u0430\u0436\u043d\u044b\u0439-\u0440\u043e\u043b\u0438\u043a-qmed-therapy-roller\/#primaryimage\"},\"thumbnailUrl\":\"https:\/\/www.looduspood.ee\/wp-content\/uploads\/2021\/07\/\u0420\u043e\u043b\u0438\u043a-\u043c\u0430\u0441\u0441\u0430\u0436\u043d\u044b\u0439-Qmed-1.jpg\",\"datePublished\":\"2022-01-17T16:52:01+00:00\",\"dateModified\":\"2024-05-02T06:44:36+00:00\",\"description\":\"Massaa\u017eirull Qmed \u2714\ufe0f Kohe saadaval \u2714\ufe0f Kiire kohaletoimetamine \ud83e\udd55 Looduspood \u21161 veebis \u27a4 Klikkige ja k\u00fclastage!\",\"breadcrumb\":{\"@id\":\"https:\/\/www.looduspood.ee\/ru\/\u043f\u0440\u043e\u0434\u0443\u043a\u0442\/\u043c\u0430\u0441\u0441\u0430\u0436\u043d\u044b\u0439-\u0440\u043e\u043b\u0438\u043a-qmed-therapy-roller\/#breadcrumb\"},\"inLanguage\":\"ru-RU\",\"potentialAction\":[{\"@type\":\"ReadAction\",\"target\":[\"https:\/\/www.looduspood.ee\/ru\/\u043f\u0440\u043e\u0434\u0443\u043a\u0442\/\u043c\u0430\u0441\u0441\u0430\u0436\u043d\u044b\u0439-\u0440\u043e\u043b\u0438\u043a-qmed-therapy-roller\/\"]}]},{\"@type\":\"ImageObject\",\"inLanguage\":\"ru-RU\",\"@id\":\"https:\/\/www.looduspood.ee\/ru\/\u043f\u0440\u043e\u0434\u0443\u043a\u0442\/\u043c\u0430\u0441\u0441\u0430\u0436\u043d\u044b\u0439-\u0440\u043e\u043b\u0438\u043a-qmed-therapy-roller\/#primaryimage\",\"url\":\"https:\/\/www.looduspood.ee\/wp-content\/uploads\/2021\/07\/\u0420\u043e\u043b\u0438\u043a-\u043c\u0430\u0441\u0441\u0430\u0436\u043d\u044b\u0439-Qmed-1.jpg\",\"contentUrl\":\"https:\/\/www.looduspood.ee\/wp-content\/uploads\/2021\/07\/\u0420\u043e\u043b\u0438\u043a-\u043c\u0430\u0441\u0441\u0430\u0436\u043d\u044b\u0439-Qmed-1.jpg\",\"width\":600,\"height\":600},{\"@type\":\"BreadcrumbList\",\"@id\":\"https:\/\/www.looduspood.ee\/ru\/\u043f\u0440\u043e\u0434\u0443\u043a\u0442\/\u043c\u0430\u0441\u0441\u0430\u0436\u043d\u044b\u0439-\u0440\u043e\u043b\u0438\u043a-qmed-therapy-roller\/#breadcrumb\",\"itemListElement\":[{\"@type\":\"ListItem\",\"position\":1,\"name\":\"Home\",\"item\":\"https:\/\/www.looduspood.ee\/\"},{\"@type\":\"ListItem\",\"position\":2,\"name\":\"Pood\",\"item\":\"https:\/\/www.looduspood.ee\/looduspood\/\"},{\"@type\":\"ListItem\",\"position\":3,\"name\":\"Massaa\u017eirull Qmed Therapy Roller \u2014 M\u00f5eldud keha intensiivseks massaa\u017eiks\"}]},{\"@type\":\"WebSite\",\"@id\":\"https:\/\/www.looduspood.ee\/#website\",\"url\":\"https:\/\/www.looduspood.ee\/\",\"name\":\"Looduspood\",\"description\":\"Looduspood\",\"publisher\":{\"@id\":\"https:\/\/www.looduspood.ee\/#organization\"},\"potentialAction\":[{\"@type\":\"SearchAction\",\"target\":{\"@type\":\"EntryPoint\",\"urlTemplate\":\"https:\/\/www.looduspood.ee\/?s={search_term_string}\"},\"query-input\":\"required name=search_term_string\"}],\"inLanguage\":\"ru-RU\"},{\"@type\":\"Organization\",\"@id\":\"https:\/\/www.looduspood.ee\/#organization\",\"name\":\"Looduspood\",\"url\":\"https:\/\/www.looduspood.ee\/\",\"logo\":{\"@type\":\"ImageObject\",\"inLanguage\":\"ru-RU\",\"@id\":\"https:\/\/www.looduspood.ee\/#\/schema\/logo\/image\/\",\"url\":\"https:\/\/www.looduspood.ee\/wp-content\/uploads\/2019\/07\/morkva-1.png\",\"contentUrl\":\"https:\/\/www.looduspood.ee\/wp-content\/uploads\/2019\/07\/morkva-1.png\",\"width\":258,\"height\":162,\"caption\":\"Looduspood\"},\"image\":{\"@id\":\"https:\/\/www.looduspood.ee\/#\/schema\/logo\/image\/\"},\"sameAs\":[\"https:\/\/www.facebook.com\/Looduspood-2064766730406653\/\",\"https:\/\/www.youtube.com\/channel\/UCGxI8Tgkgvwn7Q9U8Qh6UgA?view_as=subscriber\"]}]}<\/script>\n<!-- \/ Yoast SEO plugin. -->","yoast_head_json":{"title":"Massaa\u017eirull Qmed - Keha intensiivseks massaa\u017eiks&#8226; Looduspood","description":"Massaa\u017eirull Qmed \u2714\ufe0f Kohe saadaval \u2714\ufe0f Kiire kohaletoimetamine \ud83e\udd55 Looduspood \u21161 veebis \u27a4 Klikkige ja k\u00fclastage!","robots":{"index":"index","follow":"follow","max-snippet":"max-snippet:-1","max-image-preview":"max-image-preview:large","max-video-preview":"max-video-preview:-1"},"canonical":"https:\/\/www.looduspood.ee\/ru\/\u043f\u0440\u043e\u0434\u0443\u043a\u0442\/\u043c\u0430\u0441\u0441\u0430\u0436\u043d\u044b\u0439-\u0440\u043e\u043b\u0438\u043a-qmed-therapy-roller\/","og_locale":"ru_RU","og_type":"article","og_title":"Massaa\u017eirull Qmed Therapy Roller \u2014 M\u00f5eldud keha intensiivseks massaa\u017eiks.","og_description":"Massaa\u017eirull Qmed \u2714\ufe0f Kohe saadaval \u2714\ufe0f Kiire kohaletoimetamine \ud83e\udd55 Looduspood \u21161 veebis \u27a4 Klikkige ja k\u00fclastage!","og_url":"https:\/\/www.looduspood.ee\/ru\/\u043f\u0440\u043e\u0434\u0443\u043a\u0442\/\u043c\u0430\u0441\u0441\u0430\u0436\u043d\u044b\u0439-\u0440\u043e\u043b\u0438\u043a-qmed-therapy-roller\/","og_site_name":"Looduspood","article_publisher":"https:\/\/www.facebook.com\/Looduspood-2064766730406653\/","article_modified_time":"2024-05-02T06:44:36+00:00","og_image":[{"width":600,"height":600,"url":"https:\/\/www.looduspood.ee\/wp-content\/uploads\/2021\/07\/\u0420\u043e\u043b\u0438\u043a-\u043c\u0430\u0441\u0441\u0430\u0436\u043d\u044b\u0439-Qmed-1.jpg","type":"image\/jpeg"}],"twitter_card":"summary_large_image","schema":{"@context":"https:\/\/schema.org","@graph":[{"@type":"WebPage","@id":"https:\/\/www.looduspood.ee\/ru\/\u043f\u0440\u043e\u0434\u0443\u043a\u0442\/\u043c\u0430\u0441\u0441\u0430\u0436\u043d\u044b\u0439-\u0440\u043e\u043b\u0438\u043a-qmed-therapy-roller\/","url":"https:\/\/www.looduspood.ee\/ru\/\u043f\u0440\u043e\u0434\u0443\u043a\u0442\/\u043c\u0430\u0441\u0441\u0430\u0436\u043d\u044b\u0439-\u0440\u043e\u043b\u0438\u043a-qmed-therapy-roller\/","name":"Massaa\u017eirull Qmed - Keha intensiivseks massaa\u017eiks&#8226; Looduspood","isPartOf":{"@id":"https:\/\/www.looduspood.ee\/#website"},"primaryImageOfPage":{"@id":"https:\/\/www.looduspood.ee\/ru\/\u043f\u0440\u043e\u0434\u0443\u043a\u0442\/\u043c\u0430\u0441\u0441\u0430\u0436\u043d\u044b\u0439-\u0440\u043e\u043b\u0438\u043a-qmed-therapy-roller\/#primaryimage"},"image":{"@id":"https:\/\/www.looduspood.ee\/ru\/\u043f\u0440\u043e\u0434\u0443\u043a\u0442\/\u043c\u0430\u0441\u0441\u0430\u0436\u043d\u044b\u0439-\u0440\u043e\u043b\u0438\u043a-qmed-therapy-roller\/#primaryimage"},"thumbnailUrl":"https:\/\/www.looduspood.ee\/wp-content\/uploads\/2021\/07\/\u0420\u043e\u043b\u0438\u043a-\u043c\u0430\u0441\u0441\u0430\u0436\u043d\u044b\u0439-Qmed-1.jpg","datePublished":"2022-01-17T16:52:01+00:00","dateModified":"2024-05-02T06:44:36+00:00","description":"Massaa\u017eirull Qmed \u2714\ufe0f Kohe saadaval \u2714\ufe0f Kiire kohaletoimetamine \ud83e\udd55 Looduspood \u21161 veebis \u27a4 Klikkige ja k\u00fclastage!","breadcrumb":{"@id":"https:\/\/www.looduspood.ee\/ru\/\u043f\u0440\u043e\u0434\u0443\u043a\u0442\/\u043c\u0430\u0441\u0441\u0430\u0436\u043d\u044b\u0439-\u0440\u043e\u043b\u0438\u043a-qmed-therapy-roller\/#breadcrumb"},"inLanguage":"ru-RU","potentialAction":[{"@type":"ReadAction","target":["https:\/\/www.looduspood.ee\/ru\/\u043f\u0440\u043e\u0434\u0443\u043a\u0442\/\u043c\u0430\u0441\u0441\u0430\u0436\u043d\u044b\u0439-\u0440\u043e\u043b\u0438\u043a-qmed-therapy-roller\/"]}]},{"@type":"ImageObject","inLanguage":"ru-RU","@id":"https:\/\/www.looduspood.ee\/ru\/\u043f\u0440\u043e\u0434\u0443\u043a\u0442\/\u043c\u0430\u0441\u0441\u0430\u0436\u043d\u044b\u0439-\u0440\u043e\u043b\u0438\u043a-qmed-therapy-roller\/#primaryimage","url":"https:\/\/www.looduspood.ee\/wp-content\/uploads\/2021\/07\/\u0420\u043e\u043b\u0438\u043a-\u043c\u0430\u0441\u0441\u0430\u0436\u043d\u044b\u0439-Qmed-1.jpg","contentUrl":"https:\/\/www.looduspood.ee\/wp-content\/uploads\/2021\/07\/\u0420\u043e\u043b\u0438\u043a-\u043c\u0430\u0441\u0441\u0430\u0436\u043d\u044b\u0439-Qmed-1.jpg","width":600,"height":600},{"@type":"BreadcrumbList","@id":"https:\/\/www.looduspood.ee\/ru\/\u043f\u0440\u043e\u0434\u0443\u043a\u0442\/\u043c\u0430\u0441\u0441\u0430\u0436\u043d\u044b\u0439-\u0440\u043e\u043b\u0438\u043a-qmed-therapy-roller\/#breadcrumb","itemListElement":[{"@type":"ListItem","position":1,"name":"Home","item":"https:\/\/www.looduspood.ee\/"},{"@type":"ListItem","position":2,"name":"Pood","item":"https:\/\/www.looduspood.ee\/looduspood\/"},{"@type":"ListItem","position":3,"name":"Massaa\u017eirull Qmed Therapy Roller \u2014 M\u00f5eldud keha intensiivseks massaa\u017eiks"}]},{"@type":"WebSite","@id":"https:\/\/www.looduspood.ee\/#website","url":"https:\/\/www.looduspood.ee\/","name":"Looduspood","description":"Looduspood","publisher":{"@id":"https:\/\/www.looduspood.ee\/#organization"},"potentialAction":[{"@type":"SearchAction","target":{"@type":"EntryPoint","urlTemplate":"https:\/\/www.looduspood.ee\/?s={search_term_string}"},"query-input":"required name=search_term_string"}],"inLanguage":"ru-RU"},{"@type":"Organization","@id":"https:\/\/www.looduspood.ee\/#organization","name":"Looduspood","url":"https:\/\/www.looduspood.ee\/","logo":{"@type":"ImageObject","inLanguage":"ru-RU","@id":"https:\/\/www.looduspood.ee\/#\/schema\/logo\/image\/","url":"https:\/\/www.looduspood.ee\/wp-content\/uploads\/2019\/07\/morkva-1.png","contentUrl":"https:\/\/www.looduspood.ee\/wp-content\/uploads\/2019\/07\/morkva-1.png","width":258,"height":162,"caption":"Looduspood"},"image":{"@id":"https:\/\/www.looduspood.ee\/#\/schema\/logo\/image\/"},"sameAs":["https:\/\/www.facebook.com\/Looduspood-2064766730406653\/","https:\/\/www.youtube.com\/channel\/UCGxI8Tgkgvwn7Q9U8Qh6UgA?view_as=subscriber"]}]}},"tiered_pricing_type":"fixed","tiered_pricing_fixed_rules":[],"_links":{"self":[{"href":"https:\/\/www.looduspood.ee\/ru\/wp-json\/wp\/v2\/product\/41565"}],"collection":[{"href":"https:\/\/www.looduspood.ee\/ru\/wp-json\/wp\/v2\/product"}],"about":[{"href":"https:\/\/www.looduspood.ee\/ru\/wp-json\/wp\/v2\/types\/product"}],"replies":[{"embeddable":true,"href":"https:\/\/www.looduspood.ee\/ru\/wp-json\/wp\/v2\/comments?post=41565"}],"version-history":[{"count":0,"href":"https:\/\/www.looduspood.ee\/ru\/wp-json\/wp\/v2\/product\/41565\/revisions"}],"wp:featuredmedia":[{"embeddable":true,"href":"https:\/\/www.looduspood.ee\/ru\/wp-json\/wp\/v2\/media\/41566"}],"wp:attachment":[{"href":"https:\/\/www.looduspood.ee\/ru\/wp-json\/wp\/v2\/media?parent=41565"}],"wp:term":[{"taxonomy":"product_cat","embeddable":true,"href":"https:\/\/www.looduspood.ee\/ru\/wp-json\/wp\/v2\/product_cat?post=41565"},{"taxonomy":"product_tag","embeddable":true,"href":"https:\/\/www.looduspood.ee\/ru\/wp-json\/wp\/v2\/product_tag?post=41565"}],"curies":[{"name":"wp","href":"https:\/\/api.w.org\/{rel}","templated":true}]}}