{"id":44995,"date":"2022-03-18T08:17:42","date_gmt":"2022-03-18T05:17:42","guid":{"rendered":"https:\/\/www.looduspood.ee\/?post_type=product&#038;p=44995"},"modified":"2024-02-16T19:00:22","modified_gmt":"2024-02-16T16:00:22","slug":"saunaoli-mand-ja-iavendel-inglipai-30ml","status":"publish","type":"product","link":"https:\/\/www.looduspood.ee\/ru\/product\/\u043c\u0430\u0441\u043b\u043e-\u0434\u043b\u044f-\u0441\u0430\u0443\u043d\u044b-\u043c\u0438\u043d\u0434\u0430\u043b\u044c\u043d\u043e-\u043b\u0430\u0432\u0430\u043d\u0434\u043e\u0432\u043e\u0435\/","title":{"rendered":"\u041c\u0430\u0441\u043b\u043e \u0434\u043b\u044f \u0441\u0430\u0443\u043d\u044b \u0421\u043e\u0441\u043d\u0430 \u0438 \u041b\u0430\u0432\u0430\u043d\u0434\u0430 Inglipai 30 \u043c\u043b - \u0421\u043e\u0434\u0435\u0440\u0436\u0438\u0442 \u0430\u043d\u0442\u0438\u0441\u0435\u043f\u0442\u0438\u0447\u0435\u0441\u043a\u0438\u0435 \u044d\u0444\u0438\u0440\u043d\u044b\u0435 \u043c\u0430\u0441\u043b\u0430, \u043a\u043e\u0442\u043e\u0440\u044b\u0435 \u043e\u0447\u0438\u0449\u0430\u044e\u0442 \u0434\u044b\u0445\u0430\u0442\u0435\u043b\u044c\u043d\u044b\u0435 \u043f\u0443\u0442\u0438, \u043e\u0436\u0438\u0432\u043b\u044f\u044e\u0442 \u0447\u0443\u0432\u0441\u0442\u0432\u0430 \u0438 \u0437\u0430\u0440\u044f\u0436\u0430\u044e\u0442 \u0442\u0435\u043b\u043e \u044d\u043d\u0435\u0440\u0433\u0438\u0435\u0439."},"content":{"rendered":"<div data-elementor-type=\"product-post\" data-elementor-id=\"44995\" class=\"elementor elementor-44995\" data-elementor-post-type=\"product\">\n\t\t\t\t\t\t<section class=\"elementor-section elementor-top-section elementor-element elementor-element-06c6da1 elementor-section-stretched elementor-section-boxed elementor-section-height-default elementor-section-height-default\" data-id=\"06c6da1\" data-element_type=\"section\" data-settings=\"{&quot;stretch_section&quot;:&quot;section-stretched&quot;}\">\n\t\t\t\t\t\t<div class=\"elementor-container elementor-column-gap-default\">\n\t\t\t\t\t<div class=\"elementor-column elementor-col-100 elementor-top-column elementor-element elementor-element-6d7f7c9\" data-id=\"6d7f7c9\" data-element_type=\"column\">\n\t\t\t<div class=\"elementor-widget-wrap elementor-element-populated\">\n\t\t\t\t\t\t<div class=\"elementor-element elementor-element-f7de2b3 elementor-widget elementor-widget-text-editor\" data-id=\"f7de2b3\" data-element_type=\"widget\" data-widget_type=\"text-editor.default\">\n\t\t\t\t<div class=\"elementor-widget-container\">\n\t\t\t<style>\/*! elementor - v3.23.0 - 15-07-2024 *\/\n.elementor-widget-text-editor.elementor-drop-cap-view-stacked .elementor-drop-cap{background-color:#69727d;color:#fff}.elementor-widget-text-editor.elementor-drop-cap-view-framed .elementor-drop-cap{color:#69727d;border:3px solid;background-color:transparent}.elementor-widget-text-editor:not(.elementor-drop-cap-view-default) .elementor-drop-cap{margin-top:8px}.elementor-widget-text-editor:not(.elementor-drop-cap-view-default) .elementor-drop-cap-letter{width:1em;height:1em}.elementor-widget-text-editor .elementor-drop-cap{float:left;text-align:center;line-height:1;font-size:50px}.elementor-widget-text-editor .elementor-drop-cap-letter{display:inline-block}<\/style>\t\t\t\t\u041c\u0430\u0441\u043b\u043e \u0434\u043b\u044f \u0441\u0430\u0443\u043d\u044b \"\u0421\u043e\u0441\u043d\u0430 \u0438 \u043b\u0430\u0432\u0430\u043d\u0434\u0430\" \u0438\u0437\u0433\u043e\u0442\u043e\u0432\u043b\u0435\u043d\u043e \u0438\u0437 100% \u043d\u0430\u0442\u0443\u0440\u0430\u043b\u044c\u043d\u044b\u0445 \u0438\u043d\u0433\u0440\u0435\u0434\u0438\u0435\u043d\u0442\u043e\u0432 \u0438 \u043f\u0440\u0435\u0434\u043d\u0430\u0437\u043d\u0430\u0447\u0435\u043d\u043e \u0434\u043b\u044f \u0441\u043e\u0437\u0434\u0430\u043d\u0438\u044f \u043f\u0440\u0438\u044f\u0442\u043d\u044b\u0445 \u043e\u0449\u0443\u0449\u0435\u043d\u0438\u0439 \u0432 \u0441\u0430\u0443\u043d\u0435. \u0418\u0441\u043f\u043e\u043b\u044c\u0437\u043e\u0432\u0430\u043d\u0438\u0435 \u044d\u0444\u0438\u0440\u043d\u044b\u0445 \u043c\u0430\u0441\u0435\u043b \u0432 \u043a\u0430\u0447\u0435\u0441\u0442\u0432\u0435 \u0430\u0440\u043e\u043c\u0430\u0442\u0438\u0437\u0430\u0442\u043e\u0440\u043e\u0432 \u0434\u043b\u044f \u0441\u0430\u0443\u043d\u044b \u043f\u043e\u043f\u0443\u043b\u044f\u0440\u043d\u043e \u043a\u0430\u043a \u0432 \u042d\u0441\u0442\u043e\u043d\u0438\u0438, \u0442\u0430\u043a \u0438 \u0432 \u0441\u043e\u0441\u0435\u0434\u043d\u0435\u0439 \u0424\u0438\u043d\u043b\u044f\u043d\u0434\u0438\u0438. \u041f\u0440\u0438 \u0441\u043e\u0437\u0434\u0430\u043d\u0438\u0438 \u043c\u0430\u0441\u0435\u043b \u0434\u043b\u044f \u0441\u0430\u0443\u043d\u044b Inglipai \u0438\u0441\u043f\u043e\u043b\u044c\u0437\u0443\u044e\u0442\u0441\u044f \u0432\u0441\u0435 \u043f\u0440\u0435\u043c\u0443\u0434\u0440\u043e\u0441\u0442\u0438 \u0430\u0440\u043e\u043c\u0430\u0442\u0435\u0440\u0430\u043f\u0438\u0438, \u0430 \u0440\u0430\u0437\u043b\u0438\u0447\u043d\u044b\u0435 \u044d\u0444\u0438\u0440\u043d\u044b\u0435 \u043c\u0430\u0441\u043b\u0430 \u0441\u043e\u0447\u0435\u0442\u0430\u044e\u0442\u0441\u044f \u0442\u0430\u043a\u0438\u043c \u043e\u0431\u0440\u0430\u0437\u043e\u043c, \u0447\u0442\u043e \u043e\u043d\u0438 \u043d\u0435 \u0442\u043e\u043b\u044c\u043a\u043e \u0430\u0440\u043e\u043c\u0430\u0442\u043d\u043e \u043f\u0430\u0445\u043d\u0443\u0442, \u043d\u043e \u0438 \u043f\u043e\u043c\u043e\u0433\u0430\u044e\u0442 \u0441\u043e\u0437\u0434\u0430\u0442\u044c \u043d\u0443\u0436\u043d\u0443\u044e \u0430\u0442\u043c\u043e\u0441\u0444\u0435\u0440\u0443 \u0432 \u0441\u0430\u0443\u043d\u0435. <br>\n\u041c\u0430\u0441\u043b\u043e \u0434\u043b\u044f \u0441\u0430\u0443\u043d\u044b \"\u0421\u043e\u0441\u043d\u0430 \u0438 \u043b\u0430\u0432\u0430\u043d\u0434\u0430\" \u0438\u0437\u0433\u043e\u0442\u043e\u0432\u043b\u0435\u043d\u043e \u043d\u0430 \u043e\u0441\u043d\u043e\u0432\u0435 \u044d\u0444\u0438\u0440\u043d\u044b\u0445 \u043c\u0430\u0441\u0435\u043b \u0441\u043e\u0441\u043d\u044b \u0438 \u043b\u0430\u0432\u0430\u043d\u0434\u044b \u0438 \u043e\u0431\u043b\u0430\u0434\u0430\u0435\u0442 \u043e\u0441\u043e\u0431\u043e\u0439 \u0441\u043f\u043e\u0441\u043e\u0431\u043d\u043e\u0441\u0442\u044c\u044e \u043e\u0447\u0438\u0449\u0430\u0442\u044c \u0434\u044b\u0445\u0430\u0442\u0435\u043b\u044c\u043d\u044b\u0435 \u043f\u0443\u0442\u0438, \u0431\u043e\u0434\u0440\u0438\u0442\u044c \u0438 \u043f\u0440\u0438\u0434\u0430\u0432\u0430\u0442\u044c \u044d\u043d\u0435\u0440\u0433\u0438\u044e.\t\t\t\t\t\t<\/div>\n\t\t\t\t<\/div>\n\t\t\t\t\t<\/div>\n\t\t<\/div>\n\t\t\t\t\t<\/div>\n\t\t<\/section>\n\t\t\t\t<section class=\"elementor-section elementor-top-section elementor-element elementor-element-5a2f592 elementor-section-stretched elementor-section-boxed elementor-section-height-default elementor-section-height-default\" data-id=\"5a2f592\" data-element_type=\"section\" data-settings=\"{&quot;stretch_section&quot;:&quot;section-stretched&quot;,&quot;background_background&quot;:&quot;classic&quot;}\">\n\t\t\t\t\t\t<div class=\"elementor-container elementor-column-gap-default\">\n\t\t\t\t\t<div class=\"elementor-column elementor-col-100 elementor-top-column elementor-element elementor-element-ed9866b\" data-id=\"ed9866b\" data-element_type=\"column\">\n\t\t\t<div class=\"elementor-widget-wrap elementor-element-populated\">\n\t\t\t\t\t\t<div class=\"elementor-element elementor-element-17546f4 elementor-widget elementor-widget-text-editor\" data-id=\"17546f4\" data-element_type=\"widget\" data-widget_type=\"text-editor.default\">\n\t\t\t\t<div class=\"elementor-widget-container\">\n\t\t\t\t\t\t\t\u0418\u0441\u043f\u043e\u043b\u044c\u0437\u043e\u0432\u0430\u043d\u0438\u0435:\t\t\t\t\t\t<\/div>\n\t\t\t\t<\/div>\n\t\t\t\t<div class=\"elementor-element elementor-element-6c1c112 elementor-widget elementor-widget-text-editor\" data-id=\"6c1c112\" data-element_type=\"widget\" data-widget_type=\"text-editor.default\">\n\t\t\t\t<div class=\"elementor-widget-container\">\n\t\t\t\t\t\t\t\u041c\u0430\u0441\u043b\u043e \u0434\u043b\u044f \u0441\u0430\u0443\u043d\u044b \"\u0421\u043e\u0441\u043d\u0430 \u0438 \u043b\u0430\u0432\u0430\u043d\u0434\u0430\" \u0438\u0434\u0435\u0430\u043b\u044c\u043d\u043e \u043f\u043e\u0434\u0445\u043e\u0434\u0438\u0442 \u0434\u043b\u044f \u0441\u043e\u0437\u0434\u0430\u043d\u0438\u044f \u043f\u0440\u0438\u044f\u0442\u043d\u043e\u0439 \u0430\u0442\u043c\u043e\u0441\u0444\u0435\u0440\u044b \u0432 \u0441\u0430\u0443\u043d\u0435. \u0414\u043b\u044f \u0438\u0441\u043f\u043e\u043b\u044c\u0437\u043e\u0432\u0430\u043d\u0438\u044f \u0441\u043c\u0435\u0448\u0430\u0439\u0442\u0435 1-2 \u043b\u043e\u0436\u043a\u0438 \u043c\u0430\u0441\u043b\u0430 \u0441 1 \u043b \u0442\u0435\u043f\u043b\u043e\u0439 \u0432\u043e\u0434\u044b \u0438 \u043d\u0430\u0441\u043b\u0430\u0436\u0434\u0430\u0439\u0442\u0435\u0441\u044c \u0441\u0430\u0443\u043d\u043e\u0439 \u0441 \u043f\u0440\u0438\u044f\u0442\u043d\u044b\u043c \u0430\u0440\u043e\u043c\u0430\u0442\u043e\u043c. \u041d\u0435 \u0437\u0430\u0431\u0443\u0434\u044c\u0442\u0435 \u0432\u0441\u0442\u0440\u044f\u0445\u043d\u0443\u0442\u044c \u0444\u043b\u0430\u043a\u043e\u043d \u043f\u0435\u0440\u0435\u0434 \u0438\u0441\u043f\u043e\u043b\u044c\u0437\u043e\u0432\u0430\u043d\u0438\u0435\u043c.\n\t\t\t\t\t\t<\/div>\n\t\t\t\t<\/div>\n\t\t\t\t\t<\/div>\n\t\t<\/div>\n\t\t\t\t\t<\/div>\n\t\t<\/section>\n\t\t\t\t<section class=\"elementor-section elementor-top-section elementor-element elementor-element-5ba3004 elementor-section-stretched elementor-section-boxed elementor-section-height-default elementor-section-height-default\" data-id=\"5ba3004\" data-element_type=\"section\" data-settings=\"{&quot;stretch_section&quot;:&quot;section-stretched&quot;,&quot;background_background&quot;:&quot;classic&quot;}\">\n\t\t\t\t\t\t<div class=\"elementor-container elementor-column-gap-default\">\n\t\t\t\t\t<div class=\"elementor-column elementor-col-100 elementor-top-column elementor-element elementor-element-d4f77b5\" data-id=\"d4f77b5\" data-element_type=\"column\">\n\t\t\t<div class=\"elementor-widget-wrap elementor-element-populated\">\n\t\t\t\t\t\t<div class=\"elementor-element elementor-element-7549bdf elementor-widget elementor-widget-text-editor\" data-id=\"7549bdf\" data-element_type=\"widget\" data-widget_type=\"text-editor.default\">\n\t\t\t\t<div class=\"elementor-widget-container\">\n\t\t\t\t\t\t\t\u0414\u0440\u0443\u0433\u0430\u044f \u0438\u043d\u0444\u043e\u0440\u043c\u0430\u0446\u0438\u044f:\t\t\t\t\t\t<\/div>\n\t\t\t\t<\/div>\n\t\t\t\t<div class=\"elementor-element elementor-element-5d643df elementor-widget elementor-widget-text-editor\" data-id=\"5d643df\" data-element_type=\"widget\" data-widget_type=\"text-editor.default\">\n\t\t\t\t<div class=\"elementor-widget-container\">\n\t\t\t\t\t\t\t\u0423\u043f\u0430\u043a\u043e\u0432\u043a\u0430: 30 \u043c\u043b. \u0421\u043e\u0441\u0442\u0430\u0432: \u044d\u0444\u0438\u0440\u043d\u044b\u0435 \u043c\u0430\u0441\u043b\u0430 \u0441\u043e\u0441\u043d\u044b \u0438 \u043b\u0430\u0432\u0430\u043d\u0434\u044b. 30 \u043c\u043b. \u041f\u0440\u043e\u0438\u0437\u0432\u0435\u0434\u0435\u043d\u043e \u0432.\n\t\t\t\t\t\t<\/div>\n\t\t\t\t<\/div>\n\t\t\t\t\t<\/div>\n\t\t<\/div>\n\t\t\t\t\t<\/div>\n\t\t<\/section>\n\t\t\t\t<\/div>","protected":false},"excerpt":{"rendered":"<p>\u2714\ufe0f \u041f\u043e\u0434\u0445\u043e\u0434\u0438\u0442 \u0434\u043b\u044f \u0441\u043e\u0437\u0434\u0430\u043d\u0438\u044f \u0443\u044e\u0442\u043d\u043e\u0439 \u0430\u0442\u043c\u043e\u0441\u0444\u0435\u0440\u044b \u0432 \u0441\u0430\u0443\u043d\u0435;<br \/>\n\u2714\ufe0f \u041c\u0430\u0441\u043b\u043e \u0434\u043b\u044f \u0441\u0430\u0443\u043d\u044b \u043e\u0447\u0438\u0449\u0430\u0435\u0442 \u0434\u044b\u0445\u0430\u0442\u0435\u043b\u044c\u043d\u044b\u0435 \u043f\u0443\u0442\u0438, \u043e\u0441\u0432\u0435\u0436\u0430\u0435\u0442 \u0447\u0443\u0432\u0441\u0442\u0432\u0430 \u0438 \u043f\u0440\u0438\u0434\u0430\u0435\u0442 \u044d\u043d\u0435\u0440\u0433\u0438\u044e;<br \/>\n\u2714\ufe0f \u0418\u0437\u0433\u043e\u0442\u043e\u0432\u043b\u0435\u043d \u043d\u0430 \u043e\u0441\u043d\u043e\u0432\u0435 \u044d\u0444\u0438\u0440\u043d\u044b\u0445 \u043c\u0430\u0441\u0435\u043b \u0441\u043e\u0441\u043d\u044b \u0438 \u043b\u0430\u0432\u0430\u043d\u0434\u044b;<br \/>\n\u2714\ufe0f 100% \u043d\u0430\u0442\u0443\u0440\u0430\u043b\u044c\u043d\u044b\u0439 \u044d\u0441\u0442\u043e\u043d\u0441\u043a\u0438\u0439 \u043f\u0440\u043e\u0434\u0443\u043a\u0442.<\/p>","protected":false},"featured_media":44996,"comment_status":"closed","ping_status":"closed","template":"","meta":{"_acf_changed":false},"product_cat":[410],"product_tag":[],"class_list":{"0":"post-44995","1":"product","2":"type-product","3":"status-publish","4":"has-post-thumbnail","6":"product_cat-vann-ja-saun","8":"first","9":"outofstock","10":"shipping-taxable","11":"purchasable","12":"product-type-simple"},"acf":[],"yoast_head":"<!-- This site is optimized with the Yoast SEO plugin v23.0 - https:\/\/yoast.com\/wordpress\/plugins\/seo\/ -->\n<title>Sauna\u00f5li m\u00e4nd ja Iavendel Inglipai 30ml &#8226; Looduspood<\/title>\n<meta name=\"description\" content=\"Sauna\u00f5li m\u00e4nd \u2714\ufe0f Kohe saadaval \u2714\ufe0f Kiire kohaletoimetamine \ud83e\udd55 Looduspood \u21161 veebis \u27a4 Klikkige ja k\u00fclastage!\" \/>\n<meta name=\"robots\" content=\"index, follow, max-snippet:-1, max-image-preview:large, max-video-preview:-1\" \/>\n<link rel=\"canonical\" href=\"https:\/\/www.looduspood.ee\/ru\/product\/\u043c\u0430\u0441\u043b\u043e-\u0434\u043b\u044f-\u0441\u0430\u0443\u043d\u044b-\u043c\u0438\u043d\u0434\u0430\u043b\u044c\u043d\u043e-\u043b\u0430\u0432\u0430\u043d\u0434\u043e\u0432\u043e\u0435\/\" \/>\n<meta property=\"og:locale\" content=\"ru_RU\" \/>\n<meta property=\"og:type\" content=\"article\" \/>\n<meta property=\"og:title\" content=\"Sauna\u00f5li m\u00e4nd ja Iavendel Inglipai 30ml - Sisaldab hingamisteid puhastavaid, meeli kosutavaid ja energiat andvaid antiseptilisi eeterlikke \u00f5lisid\" \/>\n<meta property=\"og:description\" content=\"Sauna\u00f5li m\u00e4nd \u2714\ufe0f Kohe saadaval \u2714\ufe0f Kiire kohaletoimetamine \ud83e\udd55 Looduspood \u21161 veebis \u27a4 Klikkige ja k\u00fclastage!\" \/>\n<meta property=\"og:url\" content=\"https:\/\/www.looduspood.ee\/ru\/product\/\u043c\u0430\u0441\u043b\u043e-\u0434\u043b\u044f-\u0441\u0430\u0443\u043d\u044b-\u043c\u0438\u043d\u0434\u0430\u043b\u044c\u043d\u043e-\u043b\u0430\u0432\u0430\u043d\u0434\u043e\u0432\u043e\u0435\/\" \/>\n<meta property=\"og:site_name\" content=\"Looduspood\" \/>\n<meta property=\"article:publisher\" content=\"https:\/\/www.facebook.com\/Looduspood-2064766730406653\/\" \/>\n<meta property=\"article:modified_time\" content=\"2024-02-16T16:00:22+00:00\" \/>\n<meta property=\"og:image\" content=\"https:\/\/www.looduspood.ee\/wp-content\/uploads\/2022\/03\/Sauna\u00f5li-m\u00e4nd-Pilt-1.jpg\" \/>\n\t<meta property=\"og:image:width\" content=\"160\" \/>\n\t<meta property=\"og:image:height\" content=\"112\" \/>\n\t<meta property=\"og:image:type\" content=\"image\/jpeg\" \/>\n<meta name=\"twitter:card\" content=\"summary_large_image\" \/>\n<meta name=\"twitter:label1\" content=\"\u041f\u0440\u0438\u043c\u0435\u0440\u043d\u043e\u0435 \u0432\u0440\u0435\u043c\u044f \u0434\u043b\u044f \u0447\u0442\u0435\u043d\u0438\u044f\" \/>\n\t<meta name=\"twitter:data1\" content=\"1 \u043c\u0438\u043d\u0443\u0442\u0430\" \/>\n<script type=\"application\/ld+json\" class=\"yoast-schema-graph\">{\"@context\":\"https:\/\/schema.org\",\"@graph\":[{\"@type\":\"WebPage\",\"@id\":\"https:\/\/www.looduspood.ee\/toode\/saunaoli-mand-ja-iavendel-inglipai-30ml\/\",\"url\":\"https:\/\/www.looduspood.ee\/toode\/saunaoli-mand-ja-iavendel-inglipai-30ml\/\",\"name\":\"Sauna\u00f5li m\u00e4nd ja Iavendel Inglipai 30ml &#8226; Looduspood\",\"isPartOf\":{\"@id\":\"https:\/\/www.looduspood.ee\/#website\"},\"primaryImageOfPage\":{\"@id\":\"https:\/\/www.looduspood.ee\/toode\/saunaoli-mand-ja-iavendel-inglipai-30ml\/#primaryimage\"},\"image\":{\"@id\":\"https:\/\/www.looduspood.ee\/toode\/saunaoli-mand-ja-iavendel-inglipai-30ml\/#primaryimage\"},\"thumbnailUrl\":\"https:\/\/www.looduspood.ee\/wp-content\/uploads\/2022\/03\/Sauna\u00f5li-m\u00e4nd-Pilt-1.jpg\",\"datePublished\":\"2022-03-18T05:17:42+00:00\",\"dateModified\":\"2024-02-16T16:00:22+00:00\",\"description\":\"Sauna\u00f5li m\u00e4nd \u2714\ufe0f Kohe saadaval \u2714\ufe0f Kiire kohaletoimetamine \ud83e\udd55 Looduspood \u21161 veebis \u27a4 Klikkige ja k\u00fclastage!\",\"breadcrumb\":{\"@id\":\"https:\/\/www.looduspood.ee\/toode\/saunaoli-mand-ja-iavendel-inglipai-30ml\/#breadcrumb\"},\"inLanguage\":\"ru-RU\",\"potentialAction\":[{\"@type\":\"ReadAction\",\"target\":[\"https:\/\/www.looduspood.ee\/toode\/saunaoli-mand-ja-iavendel-inglipai-30ml\/\"]}]},{\"@type\":\"ImageObject\",\"inLanguage\":\"ru-RU\",\"@id\":\"https:\/\/www.looduspood.ee\/toode\/saunaoli-mand-ja-iavendel-inglipai-30ml\/#primaryimage\",\"url\":\"https:\/\/www.looduspood.ee\/wp-content\/uploads\/2022\/03\/Sauna\u00f5li-m\u00e4nd-Pilt-1.jpg\",\"contentUrl\":\"https:\/\/www.looduspood.ee\/wp-content\/uploads\/2022\/03\/Sauna\u00f5li-m\u00e4nd-Pilt-1.jpg\",\"width\":160,\"height\":112},{\"@type\":\"BreadcrumbList\",\"@id\":\"https:\/\/www.looduspood.ee\/toode\/saunaoli-mand-ja-iavendel-inglipai-30ml\/#breadcrumb\",\"itemListElement\":[{\"@type\":\"ListItem\",\"position\":1,\"name\":\"Home\",\"item\":\"https:\/\/www.looduspood.ee\/\"},{\"@type\":\"ListItem\",\"position\":2,\"name\":\"Pood\",\"item\":\"https:\/\/www.looduspood.ee\/looduspood\/\"},{\"@type\":\"ListItem\",\"position\":3,\"name\":\"Sauna\u00f5li m\u00e4nd ja Iavendel Inglipai 30ml &#8211; Sisaldab hingamisteid puhastavaid, meeli kosutavaid ja energiat andvaid antiseptilisi eeterlikke \u00f5lisid\"}]},{\"@type\":\"WebSite\",\"@id\":\"https:\/\/www.looduspood.ee\/#website\",\"url\":\"https:\/\/www.looduspood.ee\/\",\"name\":\"Looduspood\",\"description\":\"Looduspood\",\"publisher\":{\"@id\":\"https:\/\/www.looduspood.ee\/#organization\"},\"potentialAction\":[{\"@type\":\"SearchAction\",\"target\":{\"@type\":\"EntryPoint\",\"urlTemplate\":\"https:\/\/www.looduspood.ee\/?s={search_term_string}\"},\"query-input\":\"required name=search_term_string\"}],\"inLanguage\":\"ru-RU\"},{\"@type\":\"Organization\",\"@id\":\"https:\/\/www.looduspood.ee\/#organization\",\"name\":\"Looduspood\",\"url\":\"https:\/\/www.looduspood.ee\/\",\"logo\":{\"@type\":\"ImageObject\",\"inLanguage\":\"ru-RU\",\"@id\":\"https:\/\/www.looduspood.ee\/#\/schema\/logo\/image\/\",\"url\":\"https:\/\/www.looduspood.ee\/wp-content\/uploads\/2019\/07\/morkva-1.png\",\"contentUrl\":\"https:\/\/www.looduspood.ee\/wp-content\/uploads\/2019\/07\/morkva-1.png\",\"width\":258,\"height\":162,\"caption\":\"Looduspood\"},\"image\":{\"@id\":\"https:\/\/www.looduspood.ee\/#\/schema\/logo\/image\/\"},\"sameAs\":[\"https:\/\/www.facebook.com\/Looduspood-2064766730406653\/\",\"https:\/\/www.youtube.com\/channel\/UCGxI8Tgkgvwn7Q9U8Qh6UgA?view_as=subscriber\"]}]}<\/script>\n<!-- \/ Yoast SEO plugin. -->","yoast_head_json":{"title":"Sauna\u00f5li m\u00e4nd ja Iavendel Inglipai 30ml &#8226; Looduspood","description":"Sauna\u00f5li m\u00e4nd \u2714\ufe0f Kohe saadaval \u2714\ufe0f Kiire kohaletoimetamine \ud83e\udd55 Looduspood \u21161 veebis \u27a4 Klikkige ja k\u00fclastage!","robots":{"index":"index","follow":"follow","max-snippet":"max-snippet:-1","max-image-preview":"max-image-preview:large","max-video-preview":"max-video-preview:-1"},"canonical":"https:\/\/www.looduspood.ee\/ru\/product\/\u043c\u0430\u0441\u043b\u043e-\u0434\u043b\u044f-\u0441\u0430\u0443\u043d\u044b-\u043c\u0438\u043d\u0434\u0430\u043b\u044c\u043d\u043e-\u043b\u0430\u0432\u0430\u043d\u0434\u043e\u0432\u043e\u0435\/","og_locale":"ru_RU","og_type":"article","og_title":"Sauna\u00f5li m\u00e4nd ja Iavendel Inglipai 30ml - Sisaldab hingamisteid puhastavaid, meeli kosutavaid ja energiat andvaid antiseptilisi eeterlikke \u00f5lisid","og_description":"Sauna\u00f5li m\u00e4nd \u2714\ufe0f Kohe saadaval \u2714\ufe0f Kiire kohaletoimetamine \ud83e\udd55 Looduspood \u21161 veebis \u27a4 Klikkige ja k\u00fclastage!","og_url":"https:\/\/www.looduspood.ee\/ru\/product\/\u043c\u0430\u0441\u043b\u043e-\u0434\u043b\u044f-\u0441\u0430\u0443\u043d\u044b-\u043c\u0438\u043d\u0434\u0430\u043b\u044c\u043d\u043e-\u043b\u0430\u0432\u0430\u043d\u0434\u043e\u0432\u043e\u0435\/","og_site_name":"Looduspood","article_publisher":"https:\/\/www.facebook.com\/Looduspood-2064766730406653\/","article_modified_time":"2024-02-16T16:00:22+00:00","og_image":[{"width":160,"height":112,"url":"https:\/\/www.looduspood.ee\/wp-content\/uploads\/2022\/03\/Sauna\u00f5li-m\u00e4nd-Pilt-1.jpg","type":"image\/jpeg"}],"twitter_card":"summary_large_image","twitter_misc":{"\u041f\u0440\u0438\u043c\u0435\u0440\u043d\u043e\u0435 \u0432\u0440\u0435\u043c\u044f \u0434\u043b\u044f \u0447\u0442\u0435\u043d\u0438\u044f":"1 \u043c\u0438\u043d\u0443\u0442\u0430"},"schema":{"@context":"https:\/\/schema.org","@graph":[{"@type":"WebPage","@id":"https:\/\/www.looduspood.ee\/toode\/saunaoli-mand-ja-iavendel-inglipai-30ml\/","url":"https:\/\/www.looduspood.ee\/toode\/saunaoli-mand-ja-iavendel-inglipai-30ml\/","name":"Sauna\u00f5li m\u00e4nd ja Iavendel Inglipai 30ml &#8226; Looduspood","isPartOf":{"@id":"https:\/\/www.looduspood.ee\/#website"},"primaryImageOfPage":{"@id":"https:\/\/www.looduspood.ee\/toode\/saunaoli-mand-ja-iavendel-inglipai-30ml\/#primaryimage"},"image":{"@id":"https:\/\/www.looduspood.ee\/toode\/saunaoli-mand-ja-iavendel-inglipai-30ml\/#primaryimage"},"thumbnailUrl":"https:\/\/www.looduspood.ee\/wp-content\/uploads\/2022\/03\/Sauna\u00f5li-m\u00e4nd-Pilt-1.jpg","datePublished":"2022-03-18T05:17:42+00:00","dateModified":"2024-02-16T16:00:22+00:00","description":"Sauna\u00f5li m\u00e4nd \u2714\ufe0f Kohe saadaval \u2714\ufe0f Kiire kohaletoimetamine \ud83e\udd55 Looduspood \u21161 veebis \u27a4 Klikkige ja k\u00fclastage!","breadcrumb":{"@id":"https:\/\/www.looduspood.ee\/toode\/saunaoli-mand-ja-iavendel-inglipai-30ml\/#breadcrumb"},"inLanguage":"ru-RU","potentialAction":[{"@type":"ReadAction","target":["https:\/\/www.looduspood.ee\/toode\/saunaoli-mand-ja-iavendel-inglipai-30ml\/"]}]},{"@type":"ImageObject","inLanguage":"ru-RU","@id":"https:\/\/www.looduspood.ee\/toode\/saunaoli-mand-ja-iavendel-inglipai-30ml\/#primaryimage","url":"https:\/\/www.looduspood.ee\/wp-content\/uploads\/2022\/03\/Sauna\u00f5li-m\u00e4nd-Pilt-1.jpg","contentUrl":"https:\/\/www.looduspood.ee\/wp-content\/uploads\/2022\/03\/Sauna\u00f5li-m\u00e4nd-Pilt-1.jpg","width":160,"height":112},{"@type":"BreadcrumbList","@id":"https:\/\/www.looduspood.ee\/toode\/saunaoli-mand-ja-iavendel-inglipai-30ml\/#breadcrumb","itemListElement":[{"@type":"ListItem","position":1,"name":"Home","item":"https:\/\/www.looduspood.ee\/"},{"@type":"ListItem","position":2,"name":"Pood","item":"https:\/\/www.looduspood.ee\/looduspood\/"},{"@type":"ListItem","position":3,"name":"Sauna\u00f5li m\u00e4nd ja Iavendel Inglipai 30ml &#8211; Sisaldab hingamisteid puhastavaid, meeli kosutavaid ja energiat andvaid antiseptilisi eeterlikke \u00f5lisid"}]},{"@type":"WebSite","@id":"https:\/\/www.looduspood.ee\/#website","url":"https:\/\/www.looduspood.ee\/","name":"Looduspood","description":"Looduspood","publisher":{"@id":"https:\/\/www.looduspood.ee\/#organization"},"potentialAction":[{"@type":"SearchAction","target":{"@type":"EntryPoint","urlTemplate":"https:\/\/www.looduspood.ee\/?s={search_term_string}"},"query-input":"required name=search_term_string"}],"inLanguage":"ru-RU"},{"@type":"Organization","@id":"https:\/\/www.looduspood.ee\/#organization","name":"Looduspood","url":"https:\/\/www.looduspood.ee\/","logo":{"@type":"ImageObject","inLanguage":"ru-RU","@id":"https:\/\/www.looduspood.ee\/#\/schema\/logo\/image\/","url":"https:\/\/www.looduspood.ee\/wp-content\/uploads\/2019\/07\/morkva-1.png","contentUrl":"https:\/\/www.looduspood.ee\/wp-content\/uploads\/2019\/07\/morkva-1.png","width":258,"height":162,"caption":"Looduspood"},"image":{"@id":"https:\/\/www.looduspood.ee\/#\/schema\/logo\/image\/"},"sameAs":["https:\/\/www.facebook.com\/Looduspood-2064766730406653\/","https:\/\/www.youtube.com\/channel\/UCGxI8Tgkgvwn7Q9U8Qh6UgA?view_as=subscriber"]}]}},"tiered_pricing_type":"fixed","tiered_pricing_fixed_rules":[],"_links":{"self":[{"href":"https:\/\/www.looduspood.ee\/ru\/wp-json\/wp\/v2\/product\/44995"}],"collection":[{"href":"https:\/\/www.looduspood.ee\/ru\/wp-json\/wp\/v2\/product"}],"about":[{"href":"https:\/\/www.looduspood.ee\/ru\/wp-json\/wp\/v2\/types\/product"}],"replies":[{"embeddable":true,"href":"https:\/\/www.looduspood.ee\/ru\/wp-json\/wp\/v2\/comments?post=44995"}],"version-history":[{"count":0,"href":"https:\/\/www.looduspood.ee\/ru\/wp-json\/wp\/v2\/product\/44995\/revisions"}],"wp:featuredmedia":[{"embeddable":true,"href":"https:\/\/www.looduspood.ee\/ru\/wp-json\/wp\/v2\/media\/44996"}],"wp:attachment":[{"href":"https:\/\/www.looduspood.ee\/ru\/wp-json\/wp\/v2\/media?parent=44995"}],"wp:term":[{"taxonomy":"product_cat","embeddable":true,"href":"https:\/\/www.looduspood.ee\/ru\/wp-json\/wp\/v2\/product_cat?post=44995"},{"taxonomy":"product_tag","embeddable":true,"href":"https:\/\/www.looduspood.ee\/ru\/wp-json\/wp\/v2\/product_tag?post=44995"}],"curies":[{"name":"wp","href":"https:\/\/api.w.org\/{rel}","templated":true}]}}