{"id":45468,"date":"2022-03-26T13:39:49","date_gmt":"2022-03-26T10:39:49","guid":{"rendered":"https:\/\/www.looduspood.ee\/?post_type=product&#038;p=45468"},"modified":"2023-09-26T12:53:43","modified_gmt":"2023-09-26T09:53:43","slug":"okoloogiline-ekstra-neitsioliivoli-bioorto-1l","status":"publish","type":"product","link":"https:\/\/www.looduspood.ee\/ru\/product\/\u043e\u043b\u0438\u0432\u043a\u043e\u0432\u043e\u0435-\u043c\u0430\u0441\u043b\u043e-extra-virgin-\u043e\u043b\u0438\u0432\u043a\u043e\u0432\u043e\u0435-\u043c\u0430\u0441\u043b\u043e-extra-virgin-bi\/","title":{"rendered":"\u041e\u0440\u0433\u0430\u043d\u0438\u0447\u0435\u0441\u043a\u043e\u0435 \u043e\u043b\u0438\u0432\u043a\u043e\u0432\u043e\u0435 \u043c\u0430\u0441\u043b\u043e Extra Virgin Monocultivar Coratina BioOrto 1 \u043b"},"content":{"rendered":"<div data-elementor-type=\"product-post\" data-elementor-id=\"45468\" class=\"elementor elementor-45468\" data-elementor-post-type=\"product\">\n\t\t\t\t\t\t<section class=\"elementor-section elementor-top-section elementor-element elementor-element-41a44bd elementor-section-stretched elementor-section-boxed elementor-section-height-default elementor-section-height-default\" data-id=\"41a44bd\" data-element_type=\"section\" data-settings=\"{&quot;stretch_section&quot;:&quot;section-stretched&quot;}\">\n\t\t\t\t\t\t<div class=\"elementor-container elementor-column-gap-default\">\n\t\t\t\t\t<div class=\"elementor-column elementor-col-100 elementor-top-column elementor-element elementor-element-fc2019e\" data-id=\"fc2019e\" data-element_type=\"column\">\n\t\t\t<div class=\"elementor-widget-wrap elementor-element-populated\">\n\t\t\t\t\t\t<div class=\"elementor-element elementor-element-ba9c1a0 elementor-widget elementor-widget-text-editor\" data-id=\"ba9c1a0\" data-element_type=\"widget\" data-widget_type=\"text-editor.default\">\n\t\t\t\t<div class=\"elementor-widget-container\">\n\t\t\t<style>\/*! elementor - v3.23.0 - 15-07-2024 *\/\n.elementor-widget-text-editor.elementor-drop-cap-view-stacked .elementor-drop-cap{background-color:#69727d;color:#fff}.elementor-widget-text-editor.elementor-drop-cap-view-framed .elementor-drop-cap{color:#69727d;border:3px solid;background-color:transparent}.elementor-widget-text-editor:not(.elementor-drop-cap-view-default) .elementor-drop-cap{margin-top:8px}.elementor-widget-text-editor:not(.elementor-drop-cap-view-default) .elementor-drop-cap-letter{width:1em;height:1em}.elementor-widget-text-editor .elementor-drop-cap{float:left;text-align:center;line-height:1;font-size:50px}.elementor-widget-text-editor .elementor-drop-cap-letter{display:inline-block}<\/style>\t\t\t\t\u041e\u0440\u0433\u0430\u043d\u0438\u0447\u0435\u0441\u043a\u043e\u0435 \u043e\u043b\u0438\u0432\u043a\u043e\u0432\u043e\u0435 \u043c\u0430\u0441\u043b\u043e Extra Virgin \u043f\u0440\u043e\u0438\u0437\u0432\u043e\u0434\u0438\u0442\u0441\u044f \u043f\u0443\u0442\u0435\u043c \u043c\u0435\u0445\u0430\u043d\u0438\u0447\u0435\u0441\u043a\u043e\u0433\u043e \u0445\u043e\u043b\u043e\u0434\u043d\u043e\u0433\u043e \u043f\u0440\u0435\u0441\u0441\u043e\u0432\u0430\u043d\u0438\u044f \u043e\u043b\u0438\u0432\u043e\u043a, \u0442\u0430\u043a \u043a\u0430\u043a \u044d\u0442\u043e \u043b\u0443\u0447\u0448\u0438\u0439 \u0441\u043f\u043e\u0441\u043e\u0431 \u0441\u043e\u0445\u0440\u0430\u043d\u0438\u0442\u044c \u0438\u0445 \u0430\u0440\u043e\u043c\u0430\u0442 \u0438 \u0432\u043a\u0443\u0441. \u0412 \u044d\u0442\u043e\u043c \u043e\u043b\u0438\u0432\u043a\u043e\u0432\u043e\u043c \u043c\u0430\u0441\u043b\u0435 \u044d\u043a\u0441\u0442\u0440\u0430 \u0432\u0438\u0440\u0434\u0436\u0438\u043d \u043c\u043d\u043e\u0433\u043e \u043f\u043e\u043b\u0438\u0444\u0435\u043d\u043e\u043b\u043e\u0432, \u043f\u043e\u044d\u0442\u043e\u043c\u0443 \u0432\u043a\u0443\u0441 \u0435\u0433\u043e \u043f\u0440\u044f\u043d\u044b\u0439 \u0438 \u0441\u043b\u0435\u0433\u043a\u0430 \u0433\u043e\u0440\u044c\u043a\u043e\u0432\u0430\u0442\u044b\u0439, \u043d\u043e \u0432 \u0442\u043e \u0436\u0435 \u0432\u0440\u0435\u043c\u044f \u043f\u0440\u0438\u044f\u0442\u043d\u043e \u0444\u0440\u0443\u043a\u0442\u043e\u0432\u044b\u0439. \u042d\u0442\u043e \u043e\u0441\u043e\u0431\u0435\u043d\u043d\u043e \u0442\u043e\u043d\u043a\u043e \u0430\u0440\u043e\u043c\u0430\u0442\u0438\u0437\u0438\u0440\u043e\u0432\u0430\u043d\u043d\u043e\u0435 \u043e\u043b\u0438\u0432\u043a\u043e\u0432\u043e\u0435 \u043c\u0430\u0441\u043b\u043e \u0441 \u043f\u0440\u0438\u044f\u0442\u043d\u044b\u043c \u0442\u0440\u0430\u0432\u044f\u043d\u044b\u043c \u0430\u0440\u043e\u043c\u0430\u0442\u043e\u043c. \u0418\u0434\u0435\u0430\u043b\u044c\u043d\u043e \u043f\u043e\u0434\u0445\u043e\u0434\u0438\u0442 \u0434\u043b\u044f \u0438\u0441\u043f\u043e\u043b\u044c\u0437\u043e\u0432\u0430\u043d\u0438\u044f \u0432 \u043e\u0432\u043e\u0449\u043d\u044b\u0445 \u0441\u0443\u043f\u0430\u0445, \u0441\u0432\u0435\u0436\u0438\u0445 \u0441\u0430\u043b\u0430\u0442\u0430\u0445 \u0438 \u0431\u0440\u0443\u0441\u043a\u0435\u0442\u0442\u0430\u0445.<br>\n\u041e\u043b\u0438\u0432\u043a\u043e\u0432\u043e\u0435 \u043c\u0430\u0441\u043b\u043e \u043f\u043e\u0441\u0442\u0430\u0432\u043b\u044f\u0435\u0442\u0441\u044f \u0438\u0437 \u0418\u0442\u0430\u043b\u0438\u0438 \u0438 \u044f\u0432\u043b\u044f\u0435\u0442\u0441\u044f \u043e\u0440\u0433\u0430\u043d\u0438\u0447\u0435\u0441\u043a\u0438\u043c \u043f\u0440\u043e\u0434\u0443\u043a\u0442\u043e\u043c 100%.\t\t\t\t\t\t<\/div>\n\t\t\t\t<\/div>\n\t\t\t\t\t<\/div>\n\t\t<\/div>\n\t\t\t\t\t<\/div>\n\t\t<\/section>\n\t\t\t\t<section class=\"elementor-section elementor-top-section elementor-element elementor-element-ed1dcaf elementor-section-stretched elementor-section-boxed elementor-section-height-default elementor-section-height-default\" data-id=\"ed1dcaf\" data-element_type=\"section\" data-settings=\"{&quot;stretch_section&quot;:&quot;section-stretched&quot;,&quot;background_background&quot;:&quot;classic&quot;}\">\n\t\t\t\t\t\t<div class=\"elementor-container elementor-column-gap-default\">\n\t\t\t\t\t<div class=\"elementor-column elementor-col-100 elementor-top-column elementor-element elementor-element-1dfd2e6\" data-id=\"1dfd2e6\" data-element_type=\"column\">\n\t\t\t<div class=\"elementor-widget-wrap elementor-element-populated\">\n\t\t\t\t\t\t<div class=\"elementor-element elementor-element-184a3bd elementor-widget elementor-widget-text-editor\" data-id=\"184a3bd\" data-element_type=\"widget\" data-widget_type=\"text-editor.default\">\n\t\t\t\t<div class=\"elementor-widget-container\">\n\t\t\t\t\t\t\t\u0420\u0415\u041a\u041e\u041c\u0415\u041d\u0414\u0410\u0426\u0418\u0418 \u041f\u041e \u041f\u0420\u0418\u041c\u0415\u041d\u0415\u041d\u0418\u042e:\n\t\t\t\t\t\t<\/div>\n\t\t\t\t<\/div>\n\t\t\t\t<div class=\"elementor-element elementor-element-caa0f39 elementor-widget elementor-widget-text-editor\" data-id=\"caa0f39\" data-element_type=\"widget\" data-widget_type=\"text-editor.default\">\n\t\t\t\t<div class=\"elementor-widget-container\">\n\t\t\t\t\t\t\t\u041e\u0440\u0433\u0430\u043d\u0438\u0447\u0435\u0441\u043a\u043e\u0435 \u043e\u043b\u0438\u0432\u043a\u043e\u0432\u043e\u0435 \u043c\u0430\u0441\u043b\u043e Extra Virgin \u043f\u043e\u0434\u0445\u043e\u0434\u0438\u0442 \u0434\u043b\u044f \u0438\u0441\u043f\u043e\u043b\u044c\u0437\u043e\u0432\u0430\u043d\u0438\u044f \u0432 \u043e\u0432\u043e\u0449\u043d\u044b\u0445 \u0441\u0443\u043f\u0430\u0445, \u0441\u0432\u0435\u0436\u0438\u0445 \u0441\u0430\u043b\u0430\u0442\u0430\u0445 \u0438 \u0431\u0440\u0443\u0441\u043a\u0435\u0442\u0442\u0430\u0445.<br>\n\u0425\u0440\u0430\u043d\u0438\u0442\u044c \u0432 \u0442\u0435\u043c\u043d\u043e\u043c \u0438 \u043f\u0440\u043e\u0445\u043b\u0430\u0434\u043d\u043e\u043c \u043c\u0435\u0441\u0442\u0435.\t\t\t\t\t\t<\/div>\n\t\t\t\t<\/div>\n\t\t\t\t\t<\/div>\n\t\t<\/div>\n\t\t\t\t\t<\/div>\n\t\t<\/section>\n\t\t\t\t<section class=\"elementor-section elementor-top-section elementor-element elementor-element-d945f0e elementor-section-stretched elementor-section-boxed elementor-section-height-default elementor-section-height-default\" data-id=\"d945f0e\" data-element_type=\"section\" data-settings=\"{&quot;stretch_section&quot;:&quot;section-stretched&quot;,&quot;background_background&quot;:&quot;classic&quot;}\">\n\t\t\t\t\t\t<div class=\"elementor-container elementor-column-gap-default\">\n\t\t\t\t\t<div class=\"elementor-column elementor-col-100 elementor-top-column elementor-element elementor-element-4092c77\" data-id=\"4092c77\" data-element_type=\"column\">\n\t\t\t<div class=\"elementor-widget-wrap elementor-element-populated\">\n\t\t\t\t\t\t<div class=\"elementor-element elementor-element-2256e37 elementor-widget elementor-widget-text-editor\" data-id=\"2256e37\" data-element_type=\"widget\" data-widget_type=\"text-editor.default\">\n\t\t\t\t<div class=\"elementor-widget-container\">\n\t\t\t\t\t\t\t\u0414\u0440\u0443\u0433\u0430\u044f \u0438\u043d\u0444\u043e\u0440\u043c\u0430\u0446\u0438\u044f:\t\t\t\t\t\t<\/div>\n\t\t\t\t<\/div>\n\t\t\t\t<div class=\"elementor-element elementor-element-9f367bf elementor-widget elementor-widget-text-editor\" data-id=\"9f367bf\" data-element_type=\"widget\" data-widget_type=\"text-editor.default\">\n\t\t\t\t<div class=\"elementor-widget-container\">\n\t\t\t\t\t\t\t200 \u043c\u043b. \u0418\u043d\u0433\u0440\u0435\u0434\u0438\u0435\u043d\u0442\u044b. \u041f\u0438\u0449\u0435\u0432\u0430\u044f \u0438\u043d\u0444\u043e\u0440\u043c\u0430\u0446\u0438\u044f \u043d\u0430 100 \u043c\u043b: \u044d\u043d\u0435\u0440\u0433\u0438\u044f 3768,3\u043a\u0414\u0436\/900\u043a\u043a\u0430\u043b, \u0436\u0438\u0440\u044b 99,93\u0433 (\u0438\u0437 \u043d\u0438\u0445 \u043d\u0430\u0441\u044b\u0449\u0435\u043d\u043d\u044b\u0435 \u0436\u0438\u0440\u043d\u044b\u0435 \u043a\u0438\u0441\u043b\u043e\u0442\u044b 14\u0433). \u041f\u0440\u043e\u0438\u0437\u0432\u043e\u0434\u0438\u0442\u0435\u043b\u044c: \u0418\u0442\u0430\u043b\u0438\u044f.\n\t\t\t\t\t\t<\/div>\n\t\t\t\t<\/div>\n\t\t\t\t\t<\/div>\n\t\t<\/div>\n\t\t\t\t\t<\/div>\n\t\t<\/section>\n\t\t\t\t<\/div>","protected":false},"excerpt":{"rendered":"<p>\u2714\ufe0f \u041f\u0440\u043e\u0438\u0437\u0432\u043e\u0434\u0438\u0442\u0441\u044f \u043f\u0443\u0442\u0435\u043c \u043c\u0435\u0445\u0430\u043d\u0438\u0447\u0435\u0441\u043a\u043e\u0433\u043e \u0445\u043e\u043b\u043e\u0434\u043d\u043e\u0433\u043e \u043f\u0440\u0435\u0441\u0441\u043e\u0432\u0430\u043d\u0438\u044f \u043e\u043b\u0438\u0432\u043e\u043a;<br \/>\n\u2714\ufe0f \u041f\u0440\u0438\u044f\u0442\u043d\u043e\u0435 \u0444\u0440\u0443\u043a\u0442\u043e\u0432\u043e\u0435 \u043d\u0430 \u0432\u043a\u0443\u0441, \u043e\u0434\u043d\u043e\u0432\u0440\u0435\u043c\u0435\u043d\u043d\u043e \u043f\u0440\u044f\u043d\u043e\u0435 \u0438 \u0441\u043b\u0435\u0433\u043a\u0430 \u0433\u043e\u0440\u044c\u043a\u043e\u0432\u0430\u0442\u043e\u0435;<br \/>\n\u2714\ufe0f \u041f\u0440\u0438\u044f\u0442\u043d\u044b\u0439 \u0442\u0440\u0430\u0432\u044f\u043d\u043e\u0439 \u0430\u0440\u043e\u043c\u0430\u0442;<br \/>\n\u2714\ufe0f \u041f\u043e\u0434\u0445\u043e\u0434\u0438\u0442 \u0434\u043b\u044f \u0438\u0441\u043f\u043e\u043b\u044c\u0437\u043e\u0432\u0430\u043d\u0438\u044f \u0432 \u0441\u0443\u043f\u0430\u0445, \u0441\u0430\u043b\u0430\u0442\u0430\u0445 \u0438 \u0431\u0440\u0443\u0441\u043a\u0435\u0442\u0442\u0430\u0445.<\/p>","protected":false},"featured_media":45469,"comment_status":"closed","ping_status":"closed","template":"","meta":{"_acf_changed":false},"product_cat":[3308],"product_tag":[],"class_list":{"0":"post-45468","1":"product","2":"type-product","3":"status-publish","4":"has-post-thumbnail","6":"product_cat-olid-ja-aadikad","8":"first","9":"outofstock","10":"shipping-taxable","11":"purchasable","12":"product-type-simple"},"acf":[],"yoast_head":"<!-- This site is optimized with the Yoast SEO plugin v23.0 - https:\/\/yoast.com\/wordpress\/plugins\/seo\/ -->\n<title>\u00d6koloogiline Ekstra Neitsioliiv\u00f5li BioOrto 1L &#8226; Looduspood<\/title>\n<meta name=\"description\" content=\"\u00d6koloogiline Ekstra Neitsioliiv\u00f5li \u2714\ufe0f Kohe saadaval \u2714\ufe0f Kiire kohaletoimetamine \ud83e\udd55 Looduspood \u21161 veebis \u27a4 Klikkige ja k\u00fclastage!\" \/>\n<meta name=\"robots\" content=\"index, follow, max-snippet:-1, max-image-preview:large, max-video-preview:-1\" \/>\n<link rel=\"canonical\" href=\"https:\/\/www.looduspood.ee\/ru\/product\/\u043e\u043b\u0438\u0432\u043a\u043e\u0432\u043e\u0435-\u043c\u0430\u0441\u043b\u043e-extra-virgin-\u043e\u043b\u0438\u0432\u043a\u043e\u0432\u043e\u0435-\u043c\u0430\u0441\u043b\u043e-extra-virgin-bi\/\" \/>\n<meta property=\"og:locale\" content=\"ru_RU\" \/>\n<meta property=\"og:type\" content=\"article\" \/>\n<meta property=\"og:title\" content=\"\u00d6koloogiline Ekstra Neitsioliiv\u00f5li BioOrto 1L &#8226; Looduspood\" \/>\n<meta property=\"og:description\" content=\"\u00d6koloogiline Ekstra Neitsioliiv\u00f5li \u2714\ufe0f Kohe saadaval \u2714\ufe0f Kiire kohaletoimetamine \ud83e\udd55 Looduspood \u21161 veebis \u27a4 Klikkige ja k\u00fclastage!\" \/>\n<meta property=\"og:url\" content=\"https:\/\/www.looduspood.ee\/ru\/product\/\u043e\u043b\u0438\u0432\u043a\u043e\u0432\u043e\u0435-\u043c\u0430\u0441\u043b\u043e-extra-virgin-\u043e\u043b\u0438\u0432\u043a\u043e\u0432\u043e\u0435-\u043c\u0430\u0441\u043b\u043e-extra-virgin-bi\/\" \/>\n<meta property=\"og:site_name\" content=\"Looduspood\" \/>\n<meta property=\"article:publisher\" content=\"https:\/\/www.facebook.com\/Looduspood-2064766730406653\/\" \/>\n<meta property=\"article:modified_time\" content=\"2023-09-26T09:53:43+00:00\" \/>\n<meta property=\"og:image\" content=\"https:\/\/www.looduspood.ee\/wp-content\/uploads\/2022\/03\/\u00d6koloogiline-Ekstra-Neitsioliiv\u00f5li-Pilt-1.jpg\" \/>\n\t<meta property=\"og:image:width\" content=\"600\" \/>\n\t<meta property=\"og:image:height\" content=\"600\" \/>\n\t<meta property=\"og:image:type\" content=\"image\/jpeg\" \/>\n<meta name=\"twitter:card\" content=\"summary_large_image\" \/>\n<meta name=\"twitter:label1\" content=\"\u041f\u0440\u0438\u043c\u0435\u0440\u043d\u043e\u0435 \u0432\u0440\u0435\u043c\u044f \u0434\u043b\u044f \u0447\u0442\u0435\u043d\u0438\u044f\" \/>\n\t<meta name=\"twitter:data1\" content=\"1 \u043c\u0438\u043d\u0443\u0442\u0430\" \/>\n<script type=\"application\/ld+json\" class=\"yoast-schema-graph\">{\"@context\":\"https:\/\/schema.org\",\"@graph\":[{\"@type\":\"WebPage\",\"@id\":\"https:\/\/www.looduspood.ee\/toode\/okoloogiline-ekstra-neitsioliivoli-bioorto-1l\/\",\"url\":\"https:\/\/www.looduspood.ee\/toode\/okoloogiline-ekstra-neitsioliivoli-bioorto-1l\/\",\"name\":\"\u00d6koloogiline Ekstra Neitsioliiv\u00f5li BioOrto 1L &#8226; Looduspood\",\"isPartOf\":{\"@id\":\"https:\/\/www.looduspood.ee\/#website\"},\"primaryImageOfPage\":{\"@id\":\"https:\/\/www.looduspood.ee\/toode\/okoloogiline-ekstra-neitsioliivoli-bioorto-1l\/#primaryimage\"},\"image\":{\"@id\":\"https:\/\/www.looduspood.ee\/toode\/okoloogiline-ekstra-neitsioliivoli-bioorto-1l\/#primaryimage\"},\"thumbnailUrl\":\"https:\/\/www.looduspood.ee\/wp-content\/uploads\/2022\/03\/\u00d6koloogiline-Ekstra-Neitsioliiv\u00f5li-Pilt-1.jpg\",\"datePublished\":\"2022-03-26T10:39:49+00:00\",\"dateModified\":\"2023-09-26T09:53:43+00:00\",\"description\":\"\u00d6koloogiline Ekstra Neitsioliiv\u00f5li \u2714\ufe0f Kohe saadaval \u2714\ufe0f Kiire kohaletoimetamine \ud83e\udd55 Looduspood \u21161 veebis \u27a4 Klikkige ja k\u00fclastage!\",\"breadcrumb\":{\"@id\":\"https:\/\/www.looduspood.ee\/toode\/okoloogiline-ekstra-neitsioliivoli-bioorto-1l\/#breadcrumb\"},\"inLanguage\":\"ru-RU\",\"potentialAction\":[{\"@type\":\"ReadAction\",\"target\":[\"https:\/\/www.looduspood.ee\/toode\/okoloogiline-ekstra-neitsioliivoli-bioorto-1l\/\"]}]},{\"@type\":\"ImageObject\",\"inLanguage\":\"ru-RU\",\"@id\":\"https:\/\/www.looduspood.ee\/toode\/okoloogiline-ekstra-neitsioliivoli-bioorto-1l\/#primaryimage\",\"url\":\"https:\/\/www.looduspood.ee\/wp-content\/uploads\/2022\/03\/\u00d6koloogiline-Ekstra-Neitsioliiv\u00f5li-Pilt-1.jpg\",\"contentUrl\":\"https:\/\/www.looduspood.ee\/wp-content\/uploads\/2022\/03\/\u00d6koloogiline-Ekstra-Neitsioliiv\u00f5li-Pilt-1.jpg\",\"width\":600,\"height\":600},{\"@type\":\"BreadcrumbList\",\"@id\":\"https:\/\/www.looduspood.ee\/toode\/okoloogiline-ekstra-neitsioliivoli-bioorto-1l\/#breadcrumb\",\"itemListElement\":[{\"@type\":\"ListItem\",\"position\":1,\"name\":\"Home\",\"item\":\"https:\/\/www.looduspood.ee\/\"},{\"@type\":\"ListItem\",\"position\":2,\"name\":\"Pood\",\"item\":\"https:\/\/www.looduspood.ee\/looduspood\/\"},{\"@type\":\"ListItem\",\"position\":3,\"name\":\"\u00d6koloogiline Ekstra Neitsioliiv\u00f5li Monocultivar Coratina BioOrto 1L\"}]},{\"@type\":\"WebSite\",\"@id\":\"https:\/\/www.looduspood.ee\/#website\",\"url\":\"https:\/\/www.looduspood.ee\/\",\"name\":\"Looduspood\",\"description\":\"Looduspood\",\"publisher\":{\"@id\":\"https:\/\/www.looduspood.ee\/#organization\"},\"potentialAction\":[{\"@type\":\"SearchAction\",\"target\":{\"@type\":\"EntryPoint\",\"urlTemplate\":\"https:\/\/www.looduspood.ee\/?s={search_term_string}\"},\"query-input\":\"required name=search_term_string\"}],\"inLanguage\":\"ru-RU\"},{\"@type\":\"Organization\",\"@id\":\"https:\/\/www.looduspood.ee\/#organization\",\"name\":\"Looduspood\",\"url\":\"https:\/\/www.looduspood.ee\/\",\"logo\":{\"@type\":\"ImageObject\",\"inLanguage\":\"ru-RU\",\"@id\":\"https:\/\/www.looduspood.ee\/#\/schema\/logo\/image\/\",\"url\":\"https:\/\/www.looduspood.ee\/wp-content\/uploads\/2019\/07\/morkva-1.png\",\"contentUrl\":\"https:\/\/www.looduspood.ee\/wp-content\/uploads\/2019\/07\/morkva-1.png\",\"width\":258,\"height\":162,\"caption\":\"Looduspood\"},\"image\":{\"@id\":\"https:\/\/www.looduspood.ee\/#\/schema\/logo\/image\/\"},\"sameAs\":[\"https:\/\/www.facebook.com\/Looduspood-2064766730406653\/\",\"https:\/\/www.youtube.com\/channel\/UCGxI8Tgkgvwn7Q9U8Qh6UgA?view_as=subscriber\"]}]}<\/script>\n<!-- \/ Yoast SEO plugin. -->","yoast_head_json":{"title":"\u00d6koloogiline Ekstra Neitsioliiv\u00f5li BioOrto 1L &#8226; Looduspood","description":"\u00d6koloogiline Ekstra Neitsioliiv\u00f5li \u2714\ufe0f Kohe saadaval \u2714\ufe0f Kiire kohaletoimetamine \ud83e\udd55 Looduspood \u21161 veebis \u27a4 Klikkige ja k\u00fclastage!","robots":{"index":"index","follow":"follow","max-snippet":"max-snippet:-1","max-image-preview":"max-image-preview:large","max-video-preview":"max-video-preview:-1"},"canonical":"https:\/\/www.looduspood.ee\/ru\/product\/\u043e\u043b\u0438\u0432\u043a\u043e\u0432\u043e\u0435-\u043c\u0430\u0441\u043b\u043e-extra-virgin-\u043e\u043b\u0438\u0432\u043a\u043e\u0432\u043e\u0435-\u043c\u0430\u0441\u043b\u043e-extra-virgin-bi\/","og_locale":"ru_RU","og_type":"article","og_title":"\u00d6koloogiline Ekstra Neitsioliiv\u00f5li BioOrto 1L &#8226; Looduspood","og_description":"\u00d6koloogiline Ekstra Neitsioliiv\u00f5li \u2714\ufe0f Kohe saadaval \u2714\ufe0f Kiire kohaletoimetamine \ud83e\udd55 Looduspood \u21161 veebis \u27a4 Klikkige ja k\u00fclastage!","og_url":"https:\/\/www.looduspood.ee\/ru\/product\/\u043e\u043b\u0438\u0432\u043a\u043e\u0432\u043e\u0435-\u043c\u0430\u0441\u043b\u043e-extra-virgin-\u043e\u043b\u0438\u0432\u043a\u043e\u0432\u043e\u0435-\u043c\u0430\u0441\u043b\u043e-extra-virgin-bi\/","og_site_name":"Looduspood","article_publisher":"https:\/\/www.facebook.com\/Looduspood-2064766730406653\/","article_modified_time":"2023-09-26T09:53:43+00:00","og_image":[{"width":600,"height":600,"url":"https:\/\/www.looduspood.ee\/wp-content\/uploads\/2022\/03\/\u00d6koloogiline-Ekstra-Neitsioliiv\u00f5li-Pilt-1.jpg","type":"image\/jpeg"}],"twitter_card":"summary_large_image","twitter_misc":{"\u041f\u0440\u0438\u043c\u0435\u0440\u043d\u043e\u0435 \u0432\u0440\u0435\u043c\u044f \u0434\u043b\u044f \u0447\u0442\u0435\u043d\u0438\u044f":"1 \u043c\u0438\u043d\u0443\u0442\u0430"},"schema":{"@context":"https:\/\/schema.org","@graph":[{"@type":"WebPage","@id":"https:\/\/www.looduspood.ee\/toode\/okoloogiline-ekstra-neitsioliivoli-bioorto-1l\/","url":"https:\/\/www.looduspood.ee\/toode\/okoloogiline-ekstra-neitsioliivoli-bioorto-1l\/","name":"\u00d6koloogiline Ekstra Neitsioliiv\u00f5li BioOrto 1L &#8226; Looduspood","isPartOf":{"@id":"https:\/\/www.looduspood.ee\/#website"},"primaryImageOfPage":{"@id":"https:\/\/www.looduspood.ee\/toode\/okoloogiline-ekstra-neitsioliivoli-bioorto-1l\/#primaryimage"},"image":{"@id":"https:\/\/www.looduspood.ee\/toode\/okoloogiline-ekstra-neitsioliivoli-bioorto-1l\/#primaryimage"},"thumbnailUrl":"https:\/\/www.looduspood.ee\/wp-content\/uploads\/2022\/03\/\u00d6koloogiline-Ekstra-Neitsioliiv\u00f5li-Pilt-1.jpg","datePublished":"2022-03-26T10:39:49+00:00","dateModified":"2023-09-26T09:53:43+00:00","description":"\u00d6koloogiline Ekstra Neitsioliiv\u00f5li \u2714\ufe0f Kohe saadaval \u2714\ufe0f Kiire kohaletoimetamine \ud83e\udd55 Looduspood \u21161 veebis \u27a4 Klikkige ja k\u00fclastage!","breadcrumb":{"@id":"https:\/\/www.looduspood.ee\/toode\/okoloogiline-ekstra-neitsioliivoli-bioorto-1l\/#breadcrumb"},"inLanguage":"ru-RU","potentialAction":[{"@type":"ReadAction","target":["https:\/\/www.looduspood.ee\/toode\/okoloogiline-ekstra-neitsioliivoli-bioorto-1l\/"]}]},{"@type":"ImageObject","inLanguage":"ru-RU","@id":"https:\/\/www.looduspood.ee\/toode\/okoloogiline-ekstra-neitsioliivoli-bioorto-1l\/#primaryimage","url":"https:\/\/www.looduspood.ee\/wp-content\/uploads\/2022\/03\/\u00d6koloogiline-Ekstra-Neitsioliiv\u00f5li-Pilt-1.jpg","contentUrl":"https:\/\/www.looduspood.ee\/wp-content\/uploads\/2022\/03\/\u00d6koloogiline-Ekstra-Neitsioliiv\u00f5li-Pilt-1.jpg","width":600,"height":600},{"@type":"BreadcrumbList","@id":"https:\/\/www.looduspood.ee\/toode\/okoloogiline-ekstra-neitsioliivoli-bioorto-1l\/#breadcrumb","itemListElement":[{"@type":"ListItem","position":1,"name":"Home","item":"https:\/\/www.looduspood.ee\/"},{"@type":"ListItem","position":2,"name":"Pood","item":"https:\/\/www.looduspood.ee\/looduspood\/"},{"@type":"ListItem","position":3,"name":"\u00d6koloogiline Ekstra Neitsioliiv\u00f5li Monocultivar Coratina BioOrto 1L"}]},{"@type":"WebSite","@id":"https:\/\/www.looduspood.ee\/#website","url":"https:\/\/www.looduspood.ee\/","name":"Looduspood","description":"Looduspood","publisher":{"@id":"https:\/\/www.looduspood.ee\/#organization"},"potentialAction":[{"@type":"SearchAction","target":{"@type":"EntryPoint","urlTemplate":"https:\/\/www.looduspood.ee\/?s={search_term_string}"},"query-input":"required name=search_term_string"}],"inLanguage":"ru-RU"},{"@type":"Organization","@id":"https:\/\/www.looduspood.ee\/#organization","name":"Looduspood","url":"https:\/\/www.looduspood.ee\/","logo":{"@type":"ImageObject","inLanguage":"ru-RU","@id":"https:\/\/www.looduspood.ee\/#\/schema\/logo\/image\/","url":"https:\/\/www.looduspood.ee\/wp-content\/uploads\/2019\/07\/morkva-1.png","contentUrl":"https:\/\/www.looduspood.ee\/wp-content\/uploads\/2019\/07\/morkva-1.png","width":258,"height":162,"caption":"Looduspood"},"image":{"@id":"https:\/\/www.looduspood.ee\/#\/schema\/logo\/image\/"},"sameAs":["https:\/\/www.facebook.com\/Looduspood-2064766730406653\/","https:\/\/www.youtube.com\/channel\/UCGxI8Tgkgvwn7Q9U8Qh6UgA?view_as=subscriber"]}]}},"tiered_pricing_type":"fixed","tiered_pricing_fixed_rules":[],"_links":{"self":[{"href":"https:\/\/www.looduspood.ee\/ru\/wp-json\/wp\/v2\/product\/45468"}],"collection":[{"href":"https:\/\/www.looduspood.ee\/ru\/wp-json\/wp\/v2\/product"}],"about":[{"href":"https:\/\/www.looduspood.ee\/ru\/wp-json\/wp\/v2\/types\/product"}],"replies":[{"embeddable":true,"href":"https:\/\/www.looduspood.ee\/ru\/wp-json\/wp\/v2\/comments?post=45468"}],"version-history":[{"count":0,"href":"https:\/\/www.looduspood.ee\/ru\/wp-json\/wp\/v2\/product\/45468\/revisions"}],"wp:featuredmedia":[{"embeddable":true,"href":"https:\/\/www.looduspood.ee\/ru\/wp-json\/wp\/v2\/media\/45469"}],"wp:attachment":[{"href":"https:\/\/www.looduspood.ee\/ru\/wp-json\/wp\/v2\/media?parent=45468"}],"wp:term":[{"taxonomy":"product_cat","embeddable":true,"href":"https:\/\/www.looduspood.ee\/ru\/wp-json\/wp\/v2\/product_cat?post=45468"},{"taxonomy":"product_tag","embeddable":true,"href":"https:\/\/www.looduspood.ee\/ru\/wp-json\/wp\/v2\/product_tag?post=45468"}],"curies":[{"name":"wp","href":"https:\/\/api.w.org\/{rel}","templated":true}]}}