{"id":46052,"date":"2022-04-04T12:15:32","date_gmt":"2022-04-04T09:15:32","guid":{"rendered":"https:\/\/www.looduspood.ee\/?post_type=product&#038;p=46052"},"modified":"2022-08-17T15:13:19","modified_gmt":"2022-08-17T12:13:19","slug":"pleed-taaskasutatud-puuvillast-125x150cm-14","status":"publish","type":"product","link":"https:\/\/www.looduspood.ee\/ru\/product\/\u043f\u043b\u0435\u0434\u044b-\u0438\u0437-\u043f\u0435\u0440\u0435\u0440\u0430\u0431\u043e\u0442\u0430\u043d\u043d\u043e\u0433\u043e-\u0445\u043b\u043e\u043f\u043a\u0430-125x150-\u0441\u043c-14\/","title":{"rendered":"\u0421\u0442\u0438\u043b\u044c\u043d\u044b\u0439 \u043f\u043b\u0435\u0434 \u0438\u0437 \u043f\u0435\u0440\u0435\u0440\u0430\u0431\u043e\u0442\u0430\u043d\u043d\u043e\u0433\u043e \u044d\u043a\u043e\u0445\u043b\u043e\u043f\u043a\u0430 125x150 \u0441\u043c - \u0434\u043e\u0431\u0430\u0432\u044c\u0442\u0435 \u0446\u0432\u0435\u0442\u0430, \u0442\u0435\u043a\u0441\u0442\u0443\u0440\u044b \u0438 \u0442\u0435\u043f\u043b\u0430 \u0432 \u0432\u0430\u0448 \u0438\u043d\u0442\u0435\u0440\u044c\u0435\u0440"},"content":{"rendered":"<div data-elementor-type=\"product-post\" data-elementor-id=\"46052\" class=\"elementor elementor-46052\" data-elementor-post-type=\"product\">\n\t\t\t\t\t\t<section class=\"elementor-section elementor-top-section elementor-element elementor-element-19b63b7 elementor-section-stretched elementor-section-boxed elementor-section-height-default elementor-section-height-default\" data-id=\"19b63b7\" data-element_type=\"section\" data-settings=\"{&quot;stretch_section&quot;:&quot;section-stretched&quot;}\">\n\t\t\t\t\t\t<div class=\"elementor-container elementor-column-gap-default\">\n\t\t\t\t\t<div class=\"elementor-column elementor-col-100 elementor-top-column elementor-element elementor-element-471c0f7\" data-id=\"471c0f7\" data-element_type=\"column\">\n\t\t\t<div class=\"elementor-widget-wrap elementor-element-populated\">\n\t\t\t\t\t\t<div class=\"elementor-element elementor-element-b714fbd elementor-widget elementor-widget-text-editor\" data-id=\"b714fbd\" data-element_type=\"widget\" data-widget_type=\"text-editor.default\">\n\t\t\t\t<div class=\"elementor-widget-container\">\n\t\t\t<style>\/*! elementor - v3.23.0 - 15-07-2024 *\/\n.elementor-widget-text-editor.elementor-drop-cap-view-stacked .elementor-drop-cap{background-color:#69727d;color:#fff}.elementor-widget-text-editor.elementor-drop-cap-view-framed .elementor-drop-cap{color:#69727d;border:3px solid;background-color:transparent}.elementor-widget-text-editor:not(.elementor-drop-cap-view-default) .elementor-drop-cap{margin-top:8px}.elementor-widget-text-editor:not(.elementor-drop-cap-view-default) .elementor-drop-cap-letter{width:1em;height:1em}.elementor-widget-text-editor .elementor-drop-cap{float:left;text-align:center;line-height:1;font-size:50px}.elementor-widget-text-editor .elementor-drop-cap-letter{display:inline-block}<\/style>\t\t\t\t\u0425\u043b\u043e\u043f\u043a\u043e\u0432\u044b\u0439 \u043f\u043b\u0435\u0434 \u043f\u0440\u043e\u0438\u0437\u0432\u0435\u0434\u0435\u043d \u0432 \u0418\u043d\u0434\u0438\u0438 \u0438\u0437 \u044d\u043a\u043e\u043b\u043e\u0433\u0438\u0447\u0435\u0441\u043a\u0438 \u0447\u0438\u0441\u0442\u043e\u0433\u043e \u0445\u043b\u043e\u043f\u043a\u0430 100%, \u043f\u0440\u043e\u0448\u0435\u0434\u0448\u0435\u0433\u043e \u0432\u0442\u043e\u0440\u0438\u0447\u043d\u0443\u044e \u043f\u0435\u0440\u0435\u0440\u0430\u0431\u043e\u0442\u043a\u0443. \u042d\u0442\u043e\u0442 \u0441\u0442\u0438\u043b\u044c\u043d\u044b\u0439 \u0445\u043b\u043e\u043f\u043a\u043e\u0432\u044b\u0439 \u043f\u043b\u0435\u0434 \u043a\u0440\u0430\u0441\u0438\u0432\u043e\u0433\u043e \u043f\u0435\u0440\u0441\u0438\u043a\u043e\u0432\u043e-\u0431\u0435\u0436\u0435\u0432\u043e\u0433\u043e \u0446\u0432\u0435\u0442\u0430 \u0438\u043c\u0435\u0435\u0442 \u043e\u043f\u0442\u0438\u043c\u0430\u043b\u044c\u043d\u044b\u0439 \u0440\u0430\u0437\u043c\u0435\u0440 (125x150 \u0441\u043c) \u0438 \u0443\u0434\u0438\u0432\u0438\u0442\u0435\u043b\u044c\u043d\u043e \u043c\u044f\u0433\u043e\u043a \u043d\u0430 \u043e\u0449\u0443\u043f\u044c. \u0411\u043b\u0430\u0433\u043e\u0434\u0430\u0440\u044f \u043c\u043e\u0434\u043d\u043e\u043c\u0443 \u0434\u0438\u0437\u0430\u0439\u043d\u0443 \u0438 \u043a\u0438\u0441\u0442\u043e\u0447\u043a\u0430\u043c \u044d\u0442\u043e\u0442 \u0445\u043b\u043e\u043f\u043a\u043e\u0432\u044b\u0439 \u043f\u043b\u0435\u0434 \u043f\u0440\u0435\u043a\u0440\u0430\u0441\u043d\u043e \u043f\u043e\u0434\u043e\u0439\u0434\u0435\u0442 \u0434\u043b\u044f \u043b\u044e\u0431\u043e\u0433\u043e \u0438\u043d\u0442\u0435\u0440\u044c\u0435\u0440\u0430 \u0438 \u0434\u043e\u0431\u0430\u0432\u0438\u0442 \u0435\u043c\u0443 \u0442\u0435\u043f\u043b\u0430, \u0444\u0430\u043a\u0442\u0443\u0440\u044b \u0438 \u0446\u0432\u0435\u0442\u0430. \u041f\u043e\u043b\u043e\u0436\u0438\u0442\u0435 \u0445\u043b\u043e\u043f\u043a\u043e\u0432\u044b\u0439 \u043f\u043b\u0435\u0434 \u043d\u0430 \u043a\u0440\u0435\u0441\u043b\u043e, \u0434\u0438\u0432\u0430\u043d \u0438\u043b\u0438 \u043a\u0440\u043e\u0432\u0430\u0442\u044c, \u0438 \u043e\u043d \u043c\u0433\u043d\u043e\u0432\u0435\u043d\u043d\u043e \u0441\u043e\u0437\u0434\u0430\u0441\u0442 \u0440\u0430\u0441\u0441\u043b\u0430\u0431\u043b\u044f\u044e\u0449\u0443\u044e \u0438 \u0443\u044e\u0442\u043d\u0443\u044e \u0430\u0442\u043c\u043e\u0441\u0444\u0435\u0440\u0443. \u0425\u043b\u043e\u043f\u043a\u043e\u0432\u044b\u0435 \u043f\u043b\u0435\u0434\u044b \u0440\u0443\u0447\u043d\u043e\u0439 \u0440\u0430\u0431\u043e\u0442\u044b, 100% \u043e\u0440\u0433\u0430\u043d\u0438\u0447\u0435\u0441\u043a\u0438\u0435 \u0438 \u0440\u0430\u0437\u0440\u0430\u0431\u043e\u0442\u0430\u043d\u044b \u0432 \u041d\u0438\u0434\u0435\u0440\u043b\u0430\u043d\u0434\u0430\u0445.\n\t\t\t\t\t\t<\/div>\n\t\t\t\t<\/div>\n\t\t\t\t\t<\/div>\n\t\t<\/div>\n\t\t\t\t\t<\/div>\n\t\t<\/section>\n\t\t\t\t<section class=\"elementor-section elementor-top-section elementor-element elementor-element-030b7d5 elementor-section-stretched elementor-section-boxed elementor-section-height-default elementor-section-height-default\" data-id=\"030b7d5\" data-element_type=\"section\" data-settings=\"{&quot;stretch_section&quot;:&quot;section-stretched&quot;,&quot;background_background&quot;:&quot;classic&quot;}\">\n\t\t\t\t\t\t<div class=\"elementor-container elementor-column-gap-default\">\n\t\t\t\t\t<div class=\"elementor-column elementor-col-100 elementor-top-column elementor-element elementor-element-8326cb3\" data-id=\"8326cb3\" data-element_type=\"column\">\n\t\t\t<div class=\"elementor-widget-wrap elementor-element-populated\">\n\t\t\t\t\t\t<div class=\"elementor-element elementor-element-a565124 elementor-widget elementor-widget-text-editor\" data-id=\"a565124\" data-element_type=\"widget\" data-widget_type=\"text-editor.default\">\n\t\t\t\t<div class=\"elementor-widget-container\">\n\t\t\t\t\t\t\t\u0418\u0441\u043f\u043e\u043b\u044c\u0437\u043e\u0432\u0430\u043d\u0438\u0435:\t\t\t\t\t\t<\/div>\n\t\t\t\t<\/div>\n\t\t\t\t<div class=\"elementor-element elementor-element-61ed748 elementor-widget elementor-widget-text-editor\" data-id=\"61ed748\" data-element_type=\"widget\" data-widget_type=\"text-editor.default\">\n\t\t\t\t<div class=\"elementor-widget-container\">\n\t\t\t\t\t\t\t\u0425\u043b\u043e\u043f\u043a\u043e\u0432\u044b\u0435 \u043f\u043b\u0435\u0434\u044b \u0438\u0434\u0435\u0430\u043b\u044c\u043d\u043e\u0433\u043e \u0440\u0430\u0437\u043c\u0435\u0440\u0430 \u0434\u043e\u043f\u043e\u043b\u043d\u044f\u0442 \u043b\u044e\u0431\u043e\u0439 \u0438\u043d\u0442\u0435\u0440\u044c\u0435\u0440. \u041f\u043e\u0434\u0445\u043e\u0434\u044f\u0449\u0438\u0435 \u0434\u043b\u044f \u043a\u0440\u0435\u0441\u043b\u0430, \u0434\u0438\u0432\u0430\u043d\u0430 \u0438\u043b\u0438 \u043a\u0440\u043e\u0432\u0430\u0442\u0438, \u043e\u043d\u0438 \u043c\u0433\u043d\u043e\u0432\u0435\u043d\u043d\u043e \u0441\u043e\u0437\u0434\u0430\u044e\u0442 \u0443\u044e\u0442.\n\t\t\t\t\t\t<\/div>\n\t\t\t\t<\/div>\n\t\t\t\t\t<\/div>\n\t\t<\/div>\n\t\t\t\t\t<\/div>\n\t\t<\/section>\n\t\t\t\t<section class=\"elementor-section elementor-top-section elementor-element elementor-element-53e6796 elementor-section-stretched elementor-section-boxed elementor-section-height-default elementor-section-height-default\" data-id=\"53e6796\" data-element_type=\"section\" data-settings=\"{&quot;stretch_section&quot;:&quot;section-stretched&quot;,&quot;background_background&quot;:&quot;classic&quot;}\">\n\t\t\t\t\t\t<div class=\"elementor-container elementor-column-gap-default\">\n\t\t\t\t\t<div class=\"elementor-column elementor-col-100 elementor-top-column elementor-element elementor-element-314d3bc\" data-id=\"314d3bc\" data-element_type=\"column\">\n\t\t\t<div class=\"elementor-widget-wrap elementor-element-populated\">\n\t\t\t\t\t\t<div class=\"elementor-element elementor-element-0e1b7cd elementor-widget elementor-widget-text-editor\" data-id=\"0e1b7cd\" data-element_type=\"widget\" data-widget_type=\"text-editor.default\">\n\t\t\t\t<div class=\"elementor-widget-container\">\n\t\t\t\t\t\t\t\u0420\u0423\u041a\u041e\u0412\u041e\u0414\u0421\u0422\u0412\u041e \u041f\u041e \u0422\u0415\u0425\u041d\u0418\u0427\u0415\u0421\u041a\u041e\u041c\u0423 \u041e\u0411\u0421\u041b\u0423\u0416\u0418\u0412\u0410\u041d\u0418\u042e:\n\t\t\t\t\t\t<\/div>\n\t\t\t\t<\/div>\n\t\t\t\t<div class=\"elementor-element elementor-element-4c22a8e elementor-widget elementor-widget-text-editor\" data-id=\"4c22a8e\" data-element_type=\"widget\" data-widget_type=\"text-editor.default\">\n\t\t\t\t<div class=\"elementor-widget-container\">\n\t\t\t\t\t\t\t\u041f\u043b\u0438\u0441\u0441\u0438\u0440\u043e\u0432\u0430\u043d\u043d\u044b\u0439 \u0445\u043b\u043e\u043f\u043e\u043a \u0438\u0437\u0433\u043e\u0442\u043e\u0432\u043b\u0435\u043d \u0438\u0437 \u043f\u0435\u0440\u0435\u0440\u0430\u0431\u043e\u0442\u0430\u043d\u043d\u043e\u0433\u043e \u0445\u043b\u043e\u043f\u043a\u0430 100% Eco \u0438 \u043c\u043e\u0436\u0435\u0442 \u043f\u043e\u0434\u0432\u0435\u0440\u0433\u0430\u0442\u044c\u0441\u044f \u043c\u0430\u0448\u0438\u043d\u043d\u043e\u0439 \u0441\u0442\u0438\u0440\u043a\u0435 \u043f\u0440\u0438 \u0442\u0435\u043c\u043f\u0435\u0440\u0430\u0442\u0443\u0440\u0435 \u0434\u043e 40\u00b0C.\n\t\t\t\t\t\t<\/div>\n\t\t\t\t<\/div>\n\t\t\t\t\t<\/div>\n\t\t<\/div>\n\t\t\t\t\t<\/div>\n\t\t<\/section>\n\t\t\t\t<section class=\"elementor-section elementor-top-section elementor-element elementor-element-31d2233 elementor-section-stretched elementor-section-boxed elementor-section-height-default elementor-section-height-default\" data-id=\"31d2233\" data-element_type=\"section\" data-settings=\"{&quot;stretch_section&quot;:&quot;section-stretched&quot;,&quot;background_background&quot;:&quot;classic&quot;}\">\n\t\t\t\t\t\t<div class=\"elementor-container elementor-column-gap-default\">\n\t\t\t\t\t<div class=\"elementor-column elementor-col-100 elementor-top-column elementor-element elementor-element-df0f58c\" data-id=\"df0f58c\" data-element_type=\"column\">\n\t\t\t<div class=\"elementor-widget-wrap elementor-element-populated\">\n\t\t\t\t\t\t<div class=\"elementor-element elementor-element-78efa74 elementor-widget elementor-widget-text-editor\" data-id=\"78efa74\" data-element_type=\"widget\" data-widget_type=\"text-editor.default\">\n\t\t\t\t<div class=\"elementor-widget-container\">\n\t\t\t\t\t\t\t\u0414\u0440\u0443\u0433\u0430\u044f \u0438\u043d\u0444\u043e\u0440\u043c\u0430\u0446\u0438\u044f:\t\t\t\t\t\t<\/div>\n\t\t\t\t<\/div>\n\t\t\t\t<div class=\"elementor-element elementor-element-7e8dbbb elementor-widget elementor-widget-text-editor\" data-id=\"7e8dbbb\" data-element_type=\"widget\" data-widget_type=\"text-editor.default\">\n\t\t\t\t<div class=\"elementor-widget-container\">\n\t\t\t\t\t\t\t\u041e\u0440\u0433\u0430\u043d\u0438\u0447\u0435\u0441\u043a\u0438\u0439. \u0426\u0432\u0435\u0442: \u043f\u0435\u0440\u0441\u0438\u043a\u043e\u0432\u044b\u0439\/\u0431\u0435\u0436\u0435\u0432\u044b\u0439. \u0420\u0430\u0437\u043c\u0435\u0440: 125x150 \u0441\u043c (\u0442\u043e\u043b\u0449\u0438\u043d\u0430 1 \u0441\u043c). \u0412\u0435\u0441: 800 \u0433. \u041c\u0430\u0442\u0435\u0440\u0438\u0430\u043b: 100% \u042d\u043a\u043e \u043f\u0435\u0440\u0435\u0440\u0430\u0431\u043e\u0442\u0430\u043d\u043d\u044b\u0439 \u0445\u043b\u043e\u043f\u043e\u043a. \u0421\u0434\u0435\u043b\u0430\u043d\u043e \u0432 \u0418\u043d\u0434\u0438\u0438.\n\t\t\t\t\t\t<\/div>\n\t\t\t\t<\/div>\n\t\t\t\t\t<\/div>\n\t\t<\/div>\n\t\t\t\t\t<\/div>\n\t\t<\/section>\n\t\t\t\t<\/div>","protected":false},"excerpt":{"rendered":"<p>\u2714\ufe0f \u0418\u0437\u0433\u043e\u0442\u043e\u0432\u043b\u0435\u043d\u043e \u0438\u0437 \u044d\u043a\u043e\u043b\u043e\u0433\u0438\u0447\u0435\u0441\u043a\u0438 \u0447\u0438\u0441\u0442\u043e\u0433\u043e \u043f\u0435\u0440\u0435\u0440\u0430\u0431\u043e\u0442\u0430\u043d\u043d\u043e\u0433\u043e \u0445\u043b\u043e\u043f\u043a\u0430 100%;<br \/>\n\u2714\ufe0f \u041a\u0440\u0430\u0441\u0438\u0432\u044b\u0439 \u043f\u0435\u0440\u0441\u0438\u043a\u043e\u0432\u043e-\u0431\u0435\u0436\u0435\u0432\u044b\u0439 \u0446\u0432\u0435\u0442 \u0438 \u043c\u044f\u0433\u043a\u043e\u0441\u0442\u044c \u043d\u0430 \u043e\u0449\u0443\u043f\u044c;<br \/>\n\u2714\ufe0f \u041a\u0430\u043a \u0440\u0430\u0437 \u043f\u043e\u0434\u0445\u043e\u0434\u044f\u0449\u0438\u0439 \u0440\u0430\u0437\u043c\u0435\u0440 - 125x150 \u0441\u043c;<br \/>\n\u2714\ufe0f \u0420\u0430\u0437\u0440\u0430\u0431\u043e\u0442\u0430\u043d\u043e \u0432 \u041d\u0438\u0434\u0435\u0440\u043b\u0430\u043d\u0434\u0430\u0445, \u043f\u0440\u043e\u0438\u0437\u0432\u0435\u0434\u0435\u043d\u043e \u0432 \u0418\u043d\u0434\u0438\u0438.<\/p>","protected":false},"featured_media":46053,"comment_status":"closed","ping_status":"closed","template":"","meta":{"_acf_changed":false},"product_cat":[4889],"product_tag":[],"class_list":{"0":"post-46052","1":"product","2":"type-product","3":"status-publish","4":"has-post-thumbnail","6":"product_cat-pleedid","8":"first","9":"outofstock","10":"shipping-taxable","11":"purchasable","12":"product-type-simple"},"acf":[],"yoast_head":"<!-- This site is optimized with the Yoast SEO plugin v23.0 - https:\/\/yoast.com\/wordpress\/plugins\/seo\/ -->\n<title>Pleed taaskasutatud puuvillast 125x150cm &#8226; Looduspood<\/title>\n<meta name=\"description\" content=\"Pleed puuvillast \u2714\ufe0f Kohe saadaval \u2714\ufe0f Kiire kohaletoimetamine \ud83e\udd55 Looduspood \u21161 veebis \u27a4 Klikkige ja k\u00fclastage!\" \/>\n<meta name=\"robots\" content=\"index, follow, max-snippet:-1, max-image-preview:large, max-video-preview:-1\" \/>\n<link rel=\"canonical\" href=\"https:\/\/www.looduspood.ee\/ru\/product\/\u043f\u043b\u0435\u0434\u044b-\u0438\u0437-\u043f\u0435\u0440\u0435\u0440\u0430\u0431\u043e\u0442\u0430\u043d\u043d\u043e\u0433\u043e-\u0445\u043b\u043e\u043f\u043a\u0430-125x150-\u0441\u043c-14\/\" \/>\n<meta property=\"og:locale\" content=\"ru_RU\" \/>\n<meta property=\"og:type\" content=\"article\" \/>\n<meta property=\"og:title\" content=\"Stiilne pleed taaskasutatud \u00f6ko-puuvillast 125x150cm - Lisage oma interj\u00f6\u00f6rile v\u00e4rve, tekstuure ja soojust\" \/>\n<meta property=\"og:description\" content=\"Pleed puuvillast \u2714\ufe0f Kohe saadaval \u2714\ufe0f Kiire kohaletoimetamine \ud83e\udd55 Looduspood \u21161 veebis \u27a4 Klikkige ja k\u00fclastage!\" \/>\n<meta property=\"og:url\" content=\"https:\/\/www.looduspood.ee\/ru\/product\/\u043f\u043b\u0435\u0434\u044b-\u0438\u0437-\u043f\u0435\u0440\u0435\u0440\u0430\u0431\u043e\u0442\u0430\u043d\u043d\u043e\u0433\u043e-\u0445\u043b\u043e\u043f\u043a\u0430-125x150-\u0441\u043c-14\/\" \/>\n<meta property=\"og:site_name\" content=\"Looduspood\" \/>\n<meta property=\"article:publisher\" content=\"https:\/\/www.facebook.com\/Looduspood-2064766730406653\/\" \/>\n<meta property=\"article:modified_time\" content=\"2022-08-17T12:13:19+00:00\" \/>\n<meta property=\"og:image\" content=\"https:\/\/www.looduspood.ee\/wp-content\/uploads\/2022\/04\/Pleed-puuvillast-Pilt-1-6.jpg\" \/>\n\t<meta property=\"og:image:width\" content=\"600\" \/>\n\t<meta property=\"og:image:height\" content=\"600\" \/>\n\t<meta property=\"og:image:type\" content=\"image\/jpeg\" \/>\n<meta name=\"twitter:card\" content=\"summary_large_image\" \/>\n<meta name=\"twitter:label1\" content=\"\u041f\u0440\u0438\u043c\u0435\u0440\u043d\u043e\u0435 \u0432\u0440\u0435\u043c\u044f \u0434\u043b\u044f \u0447\u0442\u0435\u043d\u0438\u044f\" \/>\n\t<meta name=\"twitter:data1\" content=\"1 \u043c\u0438\u043d\u0443\u0442\u0430\" \/>\n<script type=\"application\/ld+json\" class=\"yoast-schema-graph\">{\"@context\":\"https:\/\/schema.org\",\"@graph\":[{\"@type\":\"WebPage\",\"@id\":\"https:\/\/www.looduspood.ee\/toode\/pleed-taaskasutatud-puuvillast-125x150cm-14\/\",\"url\":\"https:\/\/www.looduspood.ee\/toode\/pleed-taaskasutatud-puuvillast-125x150cm-14\/\",\"name\":\"Pleed taaskasutatud puuvillast 125x150cm &#8226; Looduspood\",\"isPartOf\":{\"@id\":\"https:\/\/www.looduspood.ee\/#website\"},\"primaryImageOfPage\":{\"@id\":\"https:\/\/www.looduspood.ee\/toode\/pleed-taaskasutatud-puuvillast-125x150cm-14\/#primaryimage\"},\"image\":{\"@id\":\"https:\/\/www.looduspood.ee\/toode\/pleed-taaskasutatud-puuvillast-125x150cm-14\/#primaryimage\"},\"thumbnailUrl\":\"https:\/\/www.looduspood.ee\/wp-content\/uploads\/2022\/04\/Pleed-puuvillast-Pilt-1-6.jpg\",\"datePublished\":\"2022-04-04T09:15:32+00:00\",\"dateModified\":\"2022-08-17T12:13:19+00:00\",\"description\":\"Pleed puuvillast \u2714\ufe0f Kohe saadaval \u2714\ufe0f Kiire kohaletoimetamine \ud83e\udd55 Looduspood \u21161 veebis \u27a4 Klikkige ja k\u00fclastage!\",\"breadcrumb\":{\"@id\":\"https:\/\/www.looduspood.ee\/toode\/pleed-taaskasutatud-puuvillast-125x150cm-14\/#breadcrumb\"},\"inLanguage\":\"ru-RU\",\"potentialAction\":[{\"@type\":\"ReadAction\",\"target\":[\"https:\/\/www.looduspood.ee\/toode\/pleed-taaskasutatud-puuvillast-125x150cm-14\/\"]}]},{\"@type\":\"ImageObject\",\"inLanguage\":\"ru-RU\",\"@id\":\"https:\/\/www.looduspood.ee\/toode\/pleed-taaskasutatud-puuvillast-125x150cm-14\/#primaryimage\",\"url\":\"https:\/\/www.looduspood.ee\/wp-content\/uploads\/2022\/04\/Pleed-puuvillast-Pilt-1-6.jpg\",\"contentUrl\":\"https:\/\/www.looduspood.ee\/wp-content\/uploads\/2022\/04\/Pleed-puuvillast-Pilt-1-6.jpg\",\"width\":600,\"height\":600},{\"@type\":\"BreadcrumbList\",\"@id\":\"https:\/\/www.looduspood.ee\/toode\/pleed-taaskasutatud-puuvillast-125x150cm-14\/#breadcrumb\",\"itemListElement\":[{\"@type\":\"ListItem\",\"position\":1,\"name\":\"Home\",\"item\":\"https:\/\/www.looduspood.ee\/\"},{\"@type\":\"ListItem\",\"position\":2,\"name\":\"Pood\",\"item\":\"https:\/\/www.looduspood.ee\/looduspood\/\"},{\"@type\":\"ListItem\",\"position\":3,\"name\":\"Stiilne pleed taaskasutatud \u00f6ko-puuvillast 125x150cm &#8211; Lisage oma interj\u00f6\u00f6rile v\u00e4rve, tekstuure ja soojust\"}]},{\"@type\":\"WebSite\",\"@id\":\"https:\/\/www.looduspood.ee\/#website\",\"url\":\"https:\/\/www.looduspood.ee\/\",\"name\":\"Looduspood\",\"description\":\"Looduspood\",\"publisher\":{\"@id\":\"https:\/\/www.looduspood.ee\/#organization\"},\"potentialAction\":[{\"@type\":\"SearchAction\",\"target\":{\"@type\":\"EntryPoint\",\"urlTemplate\":\"https:\/\/www.looduspood.ee\/?s={search_term_string}\"},\"query-input\":\"required name=search_term_string\"}],\"inLanguage\":\"ru-RU\"},{\"@type\":\"Organization\",\"@id\":\"https:\/\/www.looduspood.ee\/#organization\",\"name\":\"Looduspood\",\"url\":\"https:\/\/www.looduspood.ee\/\",\"logo\":{\"@type\":\"ImageObject\",\"inLanguage\":\"ru-RU\",\"@id\":\"https:\/\/www.looduspood.ee\/#\/schema\/logo\/image\/\",\"url\":\"https:\/\/www.looduspood.ee\/wp-content\/uploads\/2019\/07\/morkva-1.png\",\"contentUrl\":\"https:\/\/www.looduspood.ee\/wp-content\/uploads\/2019\/07\/morkva-1.png\",\"width\":258,\"height\":162,\"caption\":\"Looduspood\"},\"image\":{\"@id\":\"https:\/\/www.looduspood.ee\/#\/schema\/logo\/image\/\"},\"sameAs\":[\"https:\/\/www.facebook.com\/Looduspood-2064766730406653\/\",\"https:\/\/www.youtube.com\/channel\/UCGxI8Tgkgvwn7Q9U8Qh6UgA?view_as=subscriber\"]}]}<\/script>\n<!-- \/ Yoast SEO plugin. -->","yoast_head_json":{"title":"Pleed taaskasutatud puuvillast 125x150cm &#8226; Looduspood","description":"Pleed puuvillast \u2714\ufe0f Kohe saadaval \u2714\ufe0f Kiire kohaletoimetamine \ud83e\udd55 Looduspood \u21161 veebis \u27a4 Klikkige ja k\u00fclastage!","robots":{"index":"index","follow":"follow","max-snippet":"max-snippet:-1","max-image-preview":"max-image-preview:large","max-video-preview":"max-video-preview:-1"},"canonical":"https:\/\/www.looduspood.ee\/ru\/product\/\u043f\u043b\u0435\u0434\u044b-\u0438\u0437-\u043f\u0435\u0440\u0435\u0440\u0430\u0431\u043e\u0442\u0430\u043d\u043d\u043e\u0433\u043e-\u0445\u043b\u043e\u043f\u043a\u0430-125x150-\u0441\u043c-14\/","og_locale":"ru_RU","og_type":"article","og_title":"Stiilne pleed taaskasutatud \u00f6ko-puuvillast 125x150cm - Lisage oma interj\u00f6\u00f6rile v\u00e4rve, tekstuure ja soojust","og_description":"Pleed puuvillast \u2714\ufe0f Kohe saadaval \u2714\ufe0f Kiire kohaletoimetamine \ud83e\udd55 Looduspood \u21161 veebis \u27a4 Klikkige ja k\u00fclastage!","og_url":"https:\/\/www.looduspood.ee\/ru\/product\/\u043f\u043b\u0435\u0434\u044b-\u0438\u0437-\u043f\u0435\u0440\u0435\u0440\u0430\u0431\u043e\u0442\u0430\u043d\u043d\u043e\u0433\u043e-\u0445\u043b\u043e\u043f\u043a\u0430-125x150-\u0441\u043c-14\/","og_site_name":"Looduspood","article_publisher":"https:\/\/www.facebook.com\/Looduspood-2064766730406653\/","article_modified_time":"2022-08-17T12:13:19+00:00","og_image":[{"width":600,"height":600,"url":"https:\/\/www.looduspood.ee\/wp-content\/uploads\/2022\/04\/Pleed-puuvillast-Pilt-1-6.jpg","type":"image\/jpeg"}],"twitter_card":"summary_large_image","twitter_misc":{"\u041f\u0440\u0438\u043c\u0435\u0440\u043d\u043e\u0435 \u0432\u0440\u0435\u043c\u044f \u0434\u043b\u044f \u0447\u0442\u0435\u043d\u0438\u044f":"1 \u043c\u0438\u043d\u0443\u0442\u0430"},"schema":{"@context":"https:\/\/schema.org","@graph":[{"@type":"WebPage","@id":"https:\/\/www.looduspood.ee\/toode\/pleed-taaskasutatud-puuvillast-125x150cm-14\/","url":"https:\/\/www.looduspood.ee\/toode\/pleed-taaskasutatud-puuvillast-125x150cm-14\/","name":"Pleed taaskasutatud puuvillast 125x150cm &#8226; Looduspood","isPartOf":{"@id":"https:\/\/www.looduspood.ee\/#website"},"primaryImageOfPage":{"@id":"https:\/\/www.looduspood.ee\/toode\/pleed-taaskasutatud-puuvillast-125x150cm-14\/#primaryimage"},"image":{"@id":"https:\/\/www.looduspood.ee\/toode\/pleed-taaskasutatud-puuvillast-125x150cm-14\/#primaryimage"},"thumbnailUrl":"https:\/\/www.looduspood.ee\/wp-content\/uploads\/2022\/04\/Pleed-puuvillast-Pilt-1-6.jpg","datePublished":"2022-04-04T09:15:32+00:00","dateModified":"2022-08-17T12:13:19+00:00","description":"Pleed puuvillast \u2714\ufe0f Kohe saadaval \u2714\ufe0f Kiire kohaletoimetamine \ud83e\udd55 Looduspood \u21161 veebis \u27a4 Klikkige ja k\u00fclastage!","breadcrumb":{"@id":"https:\/\/www.looduspood.ee\/toode\/pleed-taaskasutatud-puuvillast-125x150cm-14\/#breadcrumb"},"inLanguage":"ru-RU","potentialAction":[{"@type":"ReadAction","target":["https:\/\/www.looduspood.ee\/toode\/pleed-taaskasutatud-puuvillast-125x150cm-14\/"]}]},{"@type":"ImageObject","inLanguage":"ru-RU","@id":"https:\/\/www.looduspood.ee\/toode\/pleed-taaskasutatud-puuvillast-125x150cm-14\/#primaryimage","url":"https:\/\/www.looduspood.ee\/wp-content\/uploads\/2022\/04\/Pleed-puuvillast-Pilt-1-6.jpg","contentUrl":"https:\/\/www.looduspood.ee\/wp-content\/uploads\/2022\/04\/Pleed-puuvillast-Pilt-1-6.jpg","width":600,"height":600},{"@type":"BreadcrumbList","@id":"https:\/\/www.looduspood.ee\/toode\/pleed-taaskasutatud-puuvillast-125x150cm-14\/#breadcrumb","itemListElement":[{"@type":"ListItem","position":1,"name":"Home","item":"https:\/\/www.looduspood.ee\/"},{"@type":"ListItem","position":2,"name":"Pood","item":"https:\/\/www.looduspood.ee\/looduspood\/"},{"@type":"ListItem","position":3,"name":"Stiilne pleed taaskasutatud \u00f6ko-puuvillast 125x150cm &#8211; Lisage oma interj\u00f6\u00f6rile v\u00e4rve, tekstuure ja soojust"}]},{"@type":"WebSite","@id":"https:\/\/www.looduspood.ee\/#website","url":"https:\/\/www.looduspood.ee\/","name":"Looduspood","description":"Looduspood","publisher":{"@id":"https:\/\/www.looduspood.ee\/#organization"},"potentialAction":[{"@type":"SearchAction","target":{"@type":"EntryPoint","urlTemplate":"https:\/\/www.looduspood.ee\/?s={search_term_string}"},"query-input":"required name=search_term_string"}],"inLanguage":"ru-RU"},{"@type":"Organization","@id":"https:\/\/www.looduspood.ee\/#organization","name":"Looduspood","url":"https:\/\/www.looduspood.ee\/","logo":{"@type":"ImageObject","inLanguage":"ru-RU","@id":"https:\/\/www.looduspood.ee\/#\/schema\/logo\/image\/","url":"https:\/\/www.looduspood.ee\/wp-content\/uploads\/2019\/07\/morkva-1.png","contentUrl":"https:\/\/www.looduspood.ee\/wp-content\/uploads\/2019\/07\/morkva-1.png","width":258,"height":162,"caption":"Looduspood"},"image":{"@id":"https:\/\/www.looduspood.ee\/#\/schema\/logo\/image\/"},"sameAs":["https:\/\/www.facebook.com\/Looduspood-2064766730406653\/","https:\/\/www.youtube.com\/channel\/UCGxI8Tgkgvwn7Q9U8Qh6UgA?view_as=subscriber"]}]}},"tiered_pricing_type":"fixed","tiered_pricing_fixed_rules":[],"_links":{"self":[{"href":"https:\/\/www.looduspood.ee\/ru\/wp-json\/wp\/v2\/product\/46052"}],"collection":[{"href":"https:\/\/www.looduspood.ee\/ru\/wp-json\/wp\/v2\/product"}],"about":[{"href":"https:\/\/www.looduspood.ee\/ru\/wp-json\/wp\/v2\/types\/product"}],"replies":[{"embeddable":true,"href":"https:\/\/www.looduspood.ee\/ru\/wp-json\/wp\/v2\/comments?post=46052"}],"version-history":[{"count":0,"href":"https:\/\/www.looduspood.ee\/ru\/wp-json\/wp\/v2\/product\/46052\/revisions"}],"wp:featuredmedia":[{"embeddable":true,"href":"https:\/\/www.looduspood.ee\/ru\/wp-json\/wp\/v2\/media\/46053"}],"wp:attachment":[{"href":"https:\/\/www.looduspood.ee\/ru\/wp-json\/wp\/v2\/media?parent=46052"}],"wp:term":[{"taxonomy":"product_cat","embeddable":true,"href":"https:\/\/www.looduspood.ee\/ru\/wp-json\/wp\/v2\/product_cat?post=46052"},{"taxonomy":"product_tag","embeddable":true,"href":"https:\/\/www.looduspood.ee\/ru\/wp-json\/wp\/v2\/product_tag?post=46052"}],"curies":[{"name":"wp","href":"https:\/\/api.w.org\/{rel}","templated":true}]}}