{"id":47228,"date":"2022-04-15T06:20:08","date_gmt":"2022-04-15T03:20:08","guid":{"rendered":"https:\/\/www.looduspood.ee\/?post_type=product&#038;p=47228"},"modified":"2025-01-21T18:28:01","modified_gmt":"2025-01-21T15:28:01","slug":"merekollageen-ostrovit-200g-pulber","status":"publish","type":"product","link":"https:\/\/www.looduspood.ee\/ru\/product\/\u043c\u043e\u0440\u0441\u043a\u043e\u0439-\u043a\u043e\u043b\u043b\u0430\u0433\u0435\u043d-\u043e\u0441\u0442\u0440\u043e\u0432\u0438\u0442-200-\u0433-\u043f\u043e\u0440\u043e\u0448\u043e\u043a\/","title":{"rendered":"\u041c\u043e\u0440\u0441\u043a\u043e\u0439 \u043a\u043e\u043b\u043b\u0430\u0433\u0435\u043d \u041e\u0441\u0442\u0440\u043e\u0432\u0438\u0442 200 \u0433 - \u041f\u0438\u0449\u0435\u0432\u0430\u044f \u0434\u043e\u0431\u0430\u0432\u043a\u0430"},"content":{"rendered":"<div data-elementor-type=\"product-post\" data-elementor-id=\"47228\" class=\"elementor elementor-47228\" data-elementor-post-type=\"product\">\n\t\t\t\t\t\t<section class=\"elementor-section elementor-top-section elementor-element elementor-element-2760016 elementor-section-stretched elementor-section-boxed elementor-section-height-default elementor-section-height-default\" data-id=\"2760016\" data-element_type=\"section\" data-settings=\"{&quot;stretch_section&quot;:&quot;section-stretched&quot;,&quot;background_background&quot;:&quot;classic&quot;}\">\n\t\t\t\t\t\t<div class=\"elementor-container elementor-column-gap-default\">\n\t\t\t\t\t<div class=\"elementor-column elementor-col-100 elementor-top-column elementor-element elementor-element-eac3f8d\" data-id=\"eac3f8d\" data-element_type=\"column\">\n\t\t\t<div class=\"elementor-widget-wrap elementor-element-populated\">\n\t\t\t\t\t\t<div class=\"elementor-element elementor-element-73eab97 elementor-widget elementor-widget-heading\" data-id=\"73eab97\" data-element_type=\"widget\" data-widget_type=\"heading.default\">\n\t\t\t\t<div class=\"elementor-widget-container\">\n\t\t\t<style>\/*! elementor - v3.23.0 - 15-07-2024 *\/\n.elementor-heading-title{padding:0;margin:0;line-height:1}.elementor-widget-heading .elementor-heading-title[class*=elementor-size-]>a{color:inherit;font-size:inherit;line-height:inherit}.elementor-widget-heading .elementor-heading-title.elementor-size-small{font-size:15px}.elementor-widget-heading .elementor-heading-title.elementor-size-medium{font-size:19px}.elementor-widget-heading .elementor-heading-title.elementor-size-large{font-size:29px}.elementor-widget-heading .elementor-heading-title.elementor-size-xl{font-size:39px}.elementor-widget-heading .elementor-heading-title.elementor-size-xxl{font-size:59px}<\/style><h2 class=\"elementor-heading-title elementor-size-default\">\u0421\u0423\u0422\u041e\u0427\u041d\u0410\u042f \u0414\u041e\u0417\u0410 \u0421\u041e\u0414\u0415\u0420\u0416\u0418\u0422:<\/h2>\t\t<\/div>\n\t\t\t\t<\/div>\n\t\t\t\t<div class=\"elementor-element elementor-element-3e429d4 elementor-widget elementor-widget-text-editor\" data-id=\"3e429d4\" data-element_type=\"widget\" data-widget_type=\"text-editor.default\">\n\t\t\t\t<div class=\"elementor-widget-container\">\n\t\t\t<style>\/*! elementor - v3.23.0 - 15-07-2024 *\/\n.elementor-widget-text-editor.elementor-drop-cap-view-stacked .elementor-drop-cap{background-color:#69727d;color:#fff}.elementor-widget-text-editor.elementor-drop-cap-view-framed .elementor-drop-cap{color:#69727d;border:3px solid;background-color:transparent}.elementor-widget-text-editor:not(.elementor-drop-cap-view-default) .elementor-drop-cap{margin-top:8px}.elementor-widget-text-editor:not(.elementor-drop-cap-view-default) .elementor-drop-cap-letter{width:1em;height:1em}.elementor-widget-text-editor .elementor-drop-cap{float:left;text-align:center;line-height:1;font-size:50px}.elementor-widget-text-editor .elementor-drop-cap-letter{display:inline-block}<\/style>\t\t\t\t<table style=\"width: 100%; border-collapse: collapse;\" border=\"1\">\n<tbody>\n<tr>\n<th>\u0421\u044b\u0440\u044c\u0435 \u0438 \u043c\u0430\u0442\u0435\u0440\u0438\u0430\u043b\u044b<\/th>\n<th>1 \u043f\u043e\u0440\u0446\u0438\u044f<\/th>\n<th>\u043d\u0430 100 \u0433<\/th>\n<\/tr>\n<tr>\n<td>\u0413\u0438\u0434\u0440\u043e\u043b\u0438\u0437\u043e\u0432\u0430\u043d\u043d\u044b\u0435 \u043f\u0435\u043f\u0442\u0438\u0434\u044b \u0440\u044b\u0431\u044c\u0435\u0433\u043e \u043a\u043e\u043b\u043b\u0430\u0433\u0435\u043d\u0430<\/td>\n<td>2200 \u043c\u0433<\/td>\n<td>81.48 g<\/td>\n<\/tr>\n<\/tbody>\n<\/table>\n\t\t\t\t\t\t<\/div>\n\t\t\t\t<\/div>\n\t\t\t\t\t<\/div>\n\t\t<\/div>\n\t\t\t\t\t<\/div>\n\t\t<\/section>\n\t\t\t\t<section class=\"elementor-section elementor-top-section elementor-element elementor-element-cb34d89 elementor-section-stretched elementor-section-boxed elementor-section-height-default elementor-section-height-default\" data-id=\"cb34d89\" data-element_type=\"section\" data-settings=\"{&quot;stretch_section&quot;:&quot;section-stretched&quot;}\">\n\t\t\t\t\t\t<div class=\"elementor-container elementor-column-gap-default\">\n\t\t\t\t\t<div class=\"elementor-column elementor-col-100 elementor-top-column elementor-element elementor-element-0808652\" data-id=\"0808652\" data-element_type=\"column\">\n\t\t\t<div class=\"elementor-widget-wrap elementor-element-populated\">\n\t\t\t\t\t\t<div class=\"elementor-element elementor-element-c4067c0 elementor-widget elementor-widget-heading\" data-id=\"c4067c0\" data-element_type=\"widget\" data-widget_type=\"heading.default\">\n\t\t\t\t<div class=\"elementor-widget-container\">\n\t\t\t<h2 class=\"elementor-heading-title elementor-size-default\">\u0418\u043d\u0433\u0440\u0435\u0434\u0438\u0435\u043d\u0442\u044b:<\/h2>\t\t<\/div>\n\t\t\t\t<\/div>\n\t\t\t\t<div class=\"elementor-element elementor-element-7d82f96 elementor-widget elementor-widget-text-editor\" data-id=\"7d82f96\" data-element_type=\"widget\" data-widget_type=\"text-editor.default\">\n\t\t\t\t<div class=\"elementor-widget-container\">\n\t\t\t\t\t\t\t\u041f\u0435\u043f\u0442\u0438\u0434\u044b \u0440\u044b\u0431\u043d\u043e\u0433\u043e \u043a\u043e\u043b\u043b\u0430\u0433\u0435\u043d\u0430 (\u0433\u0438\u0434\u0440\u043e\u043b\u0438\u0437\u043e\u0432\u0430\u043d\u043d\u044b\u0435), \u0440\u0435\u0433\u0443\u043b\u044f\u0442\u043e\u0440 \u043a\u0438\u0441\u043b\u043e\u0442\u043d\u043e\u0441\u0442\u0438: \u043b\u0438\u043c\u043e\u043d\u043d\u0430\u044f \u043a\u0438\u0441\u043b\u043e\u0442\u0430; \u043a\u043e\u043d\u0446\u0435\u043d\u0442\u0440\u0430\u0442 \u0447\u0435\u0440\u043d\u043e\u0439 \u043c\u043e\u0440\u043a\u043e\u0432\u0438 \u0432 \u0432\u0438\u0434\u0435 \u043f\u043e\u0440\u043e\u0448\u043a\u0430; \u0430\u0440\u043e\u043c\u0430\u0442\u0438\u0437\u0430\u0442\u043e\u0440, \u043f\u043e\u0434\u0441\u043b\u0430\u0441\u0442\u0438\u0442\u0435\u043b\u0438: \u0441\u0443\u043a\u0440\u0430\u043b\u043e\u0437\u0430, \u0430\u0446\u0435\u0441\u0443\u043b\u044c\u0444\u0430\u043c \u041a.\n\n\u041f\u0440\u043e\u0434\u0443\u043a\u0442 \u043c\u043e\u0436\u0435\u0442 \u0441\u043e\u0434\u0435\u0440\u0436\u0430\u0442\u044c \u043c\u043e\u043b\u043e\u043a\u043e (\u0432\u043a\u043b\u044e\u0447\u0430\u044f \u043b\u0430\u043a\u0442\u043e\u0437\u0443), \u0441\u043e\u0435\u0432\u044b\u0435 \u0431\u043e\u0431\u044b, \u0430\u0440\u0430\u0445\u0438\u0441, \u0434\u0440\u0443\u0433\u0438\u0435 \u043e\u0440\u0435\u0445\u0438, \u0441\u0435\u043c\u0435\u043d\u0430 \u043a\u0443\u043d\u0436\u0443\u0442\u0430, \u0437\u043b\u0430\u043a\u0438, \u0441\u043e\u0434\u0435\u0440\u0436\u0430\u0449\u0438\u0435 \u0433\u043b\u044e\u0442\u0435\u043d, \u044f\u0439\u0446\u0430, \u0440\u0430\u043a\u043e\u043e\u0431\u0440\u0430\u0437\u043d\u044b\u0435.\t\t\t\t\t\t<\/div>\n\t\t\t\t<\/div>\n\t\t\t\t\t<\/div>\n\t\t<\/div>\n\t\t\t\t\t<\/div>\n\t\t<\/section>\n\t\t\t\t<section class=\"elementor-section elementor-top-section elementor-element elementor-element-7e6d0aa elementor-section-stretched elementor-section-boxed elementor-section-height-default elementor-section-height-default\" data-id=\"7e6d0aa\" data-element_type=\"section\" data-settings=\"{&quot;stretch_section&quot;:&quot;section-stretched&quot;}\">\n\t\t\t\t\t\t<div class=\"elementor-container elementor-column-gap-default\">\n\t\t\t\t\t<div class=\"elementor-column elementor-col-100 elementor-top-column elementor-element elementor-element-4ca9cb6\" data-id=\"4ca9cb6\" data-element_type=\"column\">\n\t\t\t<div class=\"elementor-widget-wrap elementor-element-populated\">\n\t\t\t\t\t\t<div class=\"elementor-element elementor-element-63b356a elementor-widget elementor-widget-heading\" data-id=\"63b356a\" data-element_type=\"widget\" data-widget_type=\"heading.default\">\n\t\t\t\t<div class=\"elementor-widget-container\">\n\t\t\t<h2 class=\"elementor-heading-title elementor-size-default\">\u0410\u0434\u043c\u0438\u043d\u0438\u0441\u0442\u0440\u0430\u0446\u0438\u044f:<\/h2>\t\t<\/div>\n\t\t\t\t<\/div>\n\t\t\t\t<div class=\"elementor-element elementor-element-975aa97 elementor-widget elementor-widget-text-editor\" data-id=\"975aa97\" data-element_type=\"widget\" data-widget_type=\"text-editor.default\">\n\t\t\t\t<div class=\"elementor-widget-container\">\n\t\t\t\t\t\t\t\n\u0420\u0430\u0441\u0442\u0432\u043e\u0440\u0438\u0442\u0435 \u043e\u0434\u043d\u0443 \u043f\u043e\u0440\u0446\u0438\u044e 2700 \u043c\u0433 (5 \u043f\u043e\u043b\u043d\u044b\u0445 \u0441\u043e\u0432\u043e\u0447\u043a\u043e\u0432) \u0432 100-150 \u043c\u043b \u0432\u043e\u0434\u044b. \u0418\u0441\u043f\u043e\u043b\u044c\u0437\u0443\u0439\u0442\u0435 \u043c\u0435\u0440\u043d\u044b\u0439 \u043a\u043e\u043b\u043f\u0430\u0447\u043e\u043a (1 \u043c\u043b), \u0432\u0445\u043e\u0434\u044f\u0449\u0438\u0439 \u0432 \u043a\u043e\u043c\u043f\u043b\u0435\u043a\u0442. \u041f\u0440\u0438\u043d\u0438\u043c\u0430\u0439\u0442\u0435 \u043e\u0434\u043d\u0443 \u043f\u043e\u0440\u0446\u0438\u044e \u0432 \u0434\u0435\u043d\u044c.\t\t\t\t\t\t<\/div>\n\t\t\t\t<\/div>\n\t\t\t\t\t<\/div>\n\t\t<\/div>\n\t\t\t\t\t<\/div>\n\t\t<\/section>\n\t\t\t\t<section class=\"elementor-section elementor-top-section elementor-element elementor-element-90f132e elementor-section-stretched elementor-section-boxed elementor-section-height-default elementor-section-height-default\" data-id=\"90f132e\" data-element_type=\"section\" data-settings=\"{&quot;stretch_section&quot;:&quot;section-stretched&quot;}\">\n\t\t\t\t\t\t<div class=\"elementor-container elementor-column-gap-default\">\n\t\t\t\t\t<div class=\"elementor-column elementor-col-100 elementor-top-column elementor-element elementor-element-f68eb9d\" data-id=\"f68eb9d\" data-element_type=\"column\">\n\t\t\t<div class=\"elementor-widget-wrap elementor-element-populated\">\n\t\t\t\t\t\t<div class=\"elementor-element elementor-element-7fc64e3 elementor-widget elementor-widget-heading\" data-id=\"7fc64e3\" data-element_type=\"widget\" data-widget_type=\"heading.default\">\n\t\t\t\t<div class=\"elementor-widget-container\">\n\t\t\t<h2 class=\"elementor-heading-title elementor-size-default\">\u0412\u043d\u0438\u043c\u0430\u043d\u0438\u0435:<\/h2>\t\t<\/div>\n\t\t\t\t<\/div>\n\t\t\t\t<div class=\"elementor-element elementor-element-7194cdf elementor-widget elementor-widget-text-editor\" data-id=\"7194cdf\" data-element_type=\"widget\" data-widget_type=\"text-editor.default\">\n\t\t\t\t<div class=\"elementor-widget-container\">\n\t\t\t\t\t\t\t\u041d\u0435 \u043f\u0440\u0435\u0432\u044b\u0448\u0430\u0439\u0442\u0435 \u0440\u0435\u043a\u043e\u043c\u0435\u043d\u0434\u0443\u0435\u043c\u0443\u044e \u0441\u0443\u0442\u043e\u0447\u043d\u0443\u044e \u043d\u043e\u0440\u043c\u0443. \u041d\u0435 \u044f\u0432\u043b\u044f\u0435\u0442\u0441\u044f \u0437\u0430\u043c\u0435\u043d\u043e\u0439 \u0437\u0434\u043e\u0440\u043e\u0432\u043e\u0433\u043e \u043f\u0438\u0442\u0430\u043d\u0438\u044f. \u041d\u0435 \u0441\u043b\u0435\u0434\u0443\u0435\u0442 \u0438\u0441\u043f\u043e\u043b\u044c\u0437\u043e\u0432\u0430\u0442\u044c \u0435\u0433\u043e \u0432\u043c\u0435\u0441\u0442\u043e \u0440\u0430\u0437\u043d\u043e\u043e\u0431\u0440\u0430\u0437\u043d\u043e\u0439 \u0434\u0438\u0435\u0442\u044b. \u041d\u0435 \u0438\u0441\u043f\u043e\u043b\u044c\u0437\u0443\u0439\u0442\u0435, \u0435\u0441\u043b\u0438 \u0443 \u0432\u0430\u0441 \u0435\u0441\u0442\u044c \u0430\u043b\u043b\u0435\u0440\u0433\u0438\u044f \u043d\u0430 \u043b\u044e\u0431\u043e\u0439 \u0438\u0437 \u0438\u043d\u0433\u0440\u0435\u0434\u0438\u0435\u043d\u0442\u043e\u0432. \u041d\u0435 \u0441\u043b\u0435\u0434\u0443\u0435\u0442 \u0443\u043f\u043e\u0442\u0440\u0435\u0431\u043b\u044f\u0442\u044c \u043f\u0440\u043e\u0434\u0443\u043a\u0442 \u0434\u0435\u0442\u044f\u043c, \u0431\u0435\u0440\u0435\u043c\u0435\u043d\u043d\u044b\u043c \u0438 \u043a\u043e\u0440\u043c\u044f\u0449\u0438\u043c \u0436\u0435\u043d\u0449\u0438\u043d\u0430\u043c. \u0425\u0440\u0430\u043d\u0438\u0442\u044c \u0432 \u043d\u0435\u0434\u043e\u0441\u0442\u0443\u043f\u043d\u043e\u043c \u0434\u043b\u044f \u0434\u0435\u0442\u0435\u0439 \u043c\u0435\u0441\u0442\u0435.\t\t\t\t\t\t<\/div>\n\t\t\t\t<\/div>\n\t\t\t\t\t<\/div>\n\t\t<\/div>\n\t\t\t\t\t<\/div>\n\t\t<\/section>\n\t\t\t\t<section class=\"elementor-section elementor-top-section elementor-element elementor-element-a41a93a elementor-section-stretched elementor-section-boxed elementor-section-height-default elementor-section-height-default\" data-id=\"a41a93a\" data-element_type=\"section\" data-settings=\"{&quot;stretch_section&quot;:&quot;section-stretched&quot;}\">\n\t\t\t\t\t\t<div class=\"elementor-container elementor-column-gap-default\">\n\t\t\t\t\t<div class=\"elementor-column elementor-col-100 elementor-top-column elementor-element elementor-element-09b6c55\" data-id=\"09b6c55\" data-element_type=\"column\">\n\t\t\t<div class=\"elementor-widget-wrap elementor-element-populated\">\n\t\t\t\t\t\t<div class=\"elementor-element elementor-element-4e9eb3c elementor-widget elementor-widget-heading\" data-id=\"4e9eb3c\" data-element_type=\"widget\" data-widget_type=\"heading.default\">\n\t\t\t\t<div class=\"elementor-widget-container\">\n\t\t\t<h2 class=\"elementor-heading-title elementor-size-default\">\u0414\u0440\u0443\u0433\u0430\u044f \u0438\u043d\u0444\u043e\u0440\u043c\u0430\u0446\u0438\u044f:<\/h2>\t\t<\/div>\n\t\t\t\t<\/div>\n\t\t\t\t<div class=\"elementor-element elementor-element-357a5ae elementor-widget elementor-widget-text-editor\" data-id=\"357a5ae\" data-element_type=\"widget\" data-widget_type=\"text-editor.default\">\n\t\t\t\t<div class=\"elementor-widget-container\">\n\t\t\t\t\t\t\t\u0412\u0435\u0441 \u043d\u0435\u0442\u0442\u043e: 200 \u0433. \u041f\u0440\u043e\u0438\u0437\u0432\u043e\u0434\u0438\u0442\u0435\u043b\u044c: \u041f\u043e\u043b\u044c\u0448\u0430.\t\t\t\t\t\t<\/div>\n\t\t\t\t<\/div>\n\t\t\t\t\t<\/div>\n\t\t<\/div>\n\t\t\t\t\t<\/div>\n\t\t<\/section>\n\t\t\t\t<\/div>","protected":false},"excerpt":{"rendered":"<p>P\u00c4EVANE ANNUS SISALDAB: Toimeained 1 portsioon 100 g kohta H\u00fcdrol\u00fc\u00fcsitud kalakollageeni peptiidid 2200 mg 81.48 g Koostisosad: Kala kollageeni peptiidid (h\u00fcdrol\u00fc\u00fcsitud), happesuse regulaator: sidrunhape; musta porgandi kontsentraat pulbrina; aroom, magusained: sukraloos, atsesulfaam K. Toode v\u00f5ib sisaldada piima (sh laktoosi), sojaube, maap\u00e4hkleid, teisi p\u00e4hkleid, seesamiseemneid, gluteeni sisaldavaid teravilju, mune, koorikloomi. Manustamine: Lahustage \u00fcks portsjon toodet 2700 [&hellip;]<\/p>","protected":false},"featured_media":58663,"comment_status":"closed","ping_status":"closed","template":"","meta":{"_acf_changed":false},"product_cat":[5039,2836,2681,311],"product_tag":[],"class_list":{"0":"post-47228","1":"product","2":"type-product","3":"status-publish","4":"has-post-thumbnail","6":"product_cat-spordilisandid-muud-toidukaubad","7":"product_cat-suvahooldus","8":"product_cat-toidulisandid-liigestele","9":"product_cat-mineraalid","11":"first","12":"outofstock","13":"shipping-taxable","14":"purchasable","15":"product-type-simple"},"acf":[],"yoast_head":"<!-- This site is optimized with the Yoast SEO plugin v23.0 - https:\/\/yoast.com\/wordpress\/plugins\/seo\/ -->\n<title>Merekollageen Ostrovit 200g pulber &#8226; Looduspood<\/title>\n<meta name=\"description\" content=\"Merekollageen \u2714\ufe0f Kohe saadaval \u2714\ufe0f Kiire kohaletoimetamine \ud83e\udd55 Looduspood \u21161 veebis \u27a4 Klikkige ja k\u00fclastage!\" \/>\n<meta name=\"robots\" content=\"index, follow, max-snippet:-1, max-image-preview:large, max-video-preview:-1\" \/>\n<link rel=\"canonical\" href=\"https:\/\/www.looduspood.ee\/ru\/product\/\u043c\u043e\u0440\u0441\u043a\u043e\u0439-\u043a\u043e\u043b\u043b\u0430\u0433\u0435\u043d-\u043e\u0441\u0442\u0440\u043e\u0432\u0438\u0442-200-\u0433-\u043f\u043e\u0440\u043e\u0448\u043e\u043a\/\" \/>\n<meta property=\"og:locale\" content=\"ru_RU\" \/>\n<meta property=\"og:type\" content=\"article\" \/>\n<meta property=\"og:title\" content=\"Merekollageen Ostrovit 200g - Paraneb oluliselt teie naha, juuste ja k\u00fc\u00fcnte seisund\" \/>\n<meta property=\"og:description\" content=\"Merekollageen \u2714\ufe0f Kohe saadaval \u2714\ufe0f Kiire kohaletoimetamine \ud83e\udd55 Looduspood \u21161 veebis \u27a4 Klikkige ja k\u00fclastage!\" \/>\n<meta property=\"og:url\" content=\"https:\/\/www.looduspood.ee\/ru\/product\/\u043c\u043e\u0440\u0441\u043a\u043e\u0439-\u043a\u043e\u043b\u043b\u0430\u0433\u0435\u043d-\u043e\u0441\u0442\u0440\u043e\u0432\u0438\u0442-200-\u0433-\u043f\u043e\u0440\u043e\u0448\u043e\u043a\/\" \/>\n<meta property=\"og:site_name\" content=\"Looduspood\" \/>\n<meta property=\"article:publisher\" content=\"https:\/\/www.facebook.com\/Looduspood-2064766730406653\/\" \/>\n<meta property=\"article:modified_time\" content=\"2025-01-21T15:28:01+00:00\" \/>\n<meta name=\"twitter:card\" content=\"summary_large_image\" \/>\n<meta name=\"twitter:image\" content=\"https:\/\/www.looduspood.ee\/wp-content\/uploads\/2022\/04\/Merekollageen-Ostrovit-200g.png\" \/>\n<meta name=\"twitter:label1\" content=\"\u041f\u0440\u0438\u043c\u0435\u0440\u043d\u043e\u0435 \u0432\u0440\u0435\u043c\u044f \u0434\u043b\u044f \u0447\u0442\u0435\u043d\u0438\u044f\" \/>\n\t<meta name=\"twitter:data1\" content=\"1 \u043c\u0438\u043d\u0443\u0442\u0430\" \/>\n<script type=\"application\/ld+json\" class=\"yoast-schema-graph\">{\"@context\":\"https:\/\/schema.org\",\"@graph\":[{\"@type\":\"WebPage\",\"@id\":\"https:\/\/www.looduspood.ee\/toode\/merekollageen-ostrovit-200g-pulber\/\",\"url\":\"https:\/\/www.looduspood.ee\/toode\/merekollageen-ostrovit-200g-pulber\/\",\"name\":\"Merekollageen Ostrovit 200g pulber &#8226; Looduspood\",\"isPartOf\":{\"@id\":\"https:\/\/www.looduspood.ee\/#website\"},\"primaryImageOfPage\":{\"@id\":\"https:\/\/www.looduspood.ee\/toode\/merekollageen-ostrovit-200g-pulber\/#primaryimage\"},\"image\":{\"@id\":\"https:\/\/www.looduspood.ee\/toode\/merekollageen-ostrovit-200g-pulber\/#primaryimage\"},\"thumbnailUrl\":\"https:\/\/www.looduspood.ee\/wp-content\/uploads\/2022\/04\/Merekollageen-Ostrovit-200g.png\",\"datePublished\":\"2022-04-15T03:20:08+00:00\",\"dateModified\":\"2025-01-21T15:28:01+00:00\",\"description\":\"Merekollageen \u2714\ufe0f Kohe saadaval \u2714\ufe0f Kiire kohaletoimetamine \ud83e\udd55 Looduspood \u21161 veebis \u27a4 Klikkige ja k\u00fclastage!\",\"breadcrumb\":{\"@id\":\"https:\/\/www.looduspood.ee\/toode\/merekollageen-ostrovit-200g-pulber\/#breadcrumb\"},\"inLanguage\":\"ru-RU\",\"potentialAction\":[{\"@type\":\"ReadAction\",\"target\":[\"https:\/\/www.looduspood.ee\/toode\/merekollageen-ostrovit-200g-pulber\/\"]}]},{\"@type\":\"ImageObject\",\"inLanguage\":\"ru-RU\",\"@id\":\"https:\/\/www.looduspood.ee\/toode\/merekollageen-ostrovit-200g-pulber\/#primaryimage\",\"url\":\"https:\/\/www.looduspood.ee\/wp-content\/uploads\/2022\/04\/Merekollageen-Ostrovit-200g.png\",\"contentUrl\":\"https:\/\/www.looduspood.ee\/wp-content\/uploads\/2022\/04\/Merekollageen-Ostrovit-200g.png\",\"width\":600,\"height\":600},{\"@type\":\"BreadcrumbList\",\"@id\":\"https:\/\/www.looduspood.ee\/toode\/merekollageen-ostrovit-200g-pulber\/#breadcrumb\",\"itemListElement\":[{\"@type\":\"ListItem\",\"position\":1,\"name\":\"Home\",\"item\":\"https:\/\/www.looduspood.ee\/\"},{\"@type\":\"ListItem\",\"position\":2,\"name\":\"Pood\",\"item\":\"https:\/\/www.looduspood.ee\/looduspood\/\"},{\"@type\":\"ListItem\",\"position\":3,\"name\":\"Merekollageen Ostrovit 200g &#8211; Toidulisand\"}]},{\"@type\":\"WebSite\",\"@id\":\"https:\/\/www.looduspood.ee\/#website\",\"url\":\"https:\/\/www.looduspood.ee\/\",\"name\":\"Looduspood\",\"description\":\"Looduspood\",\"publisher\":{\"@id\":\"https:\/\/www.looduspood.ee\/#organization\"},\"potentialAction\":[{\"@type\":\"SearchAction\",\"target\":{\"@type\":\"EntryPoint\",\"urlTemplate\":\"https:\/\/www.looduspood.ee\/?s={search_term_string}\"},\"query-input\":\"required name=search_term_string\"}],\"inLanguage\":\"ru-RU\"},{\"@type\":\"Organization\",\"@id\":\"https:\/\/www.looduspood.ee\/#organization\",\"name\":\"Looduspood\",\"url\":\"https:\/\/www.looduspood.ee\/\",\"logo\":{\"@type\":\"ImageObject\",\"inLanguage\":\"ru-RU\",\"@id\":\"https:\/\/www.looduspood.ee\/#\/schema\/logo\/image\/\",\"url\":\"https:\/\/www.looduspood.ee\/wp-content\/uploads\/2019\/07\/morkva-1.png\",\"contentUrl\":\"https:\/\/www.looduspood.ee\/wp-content\/uploads\/2019\/07\/morkva-1.png\",\"width\":258,\"height\":162,\"caption\":\"Looduspood\"},\"image\":{\"@id\":\"https:\/\/www.looduspood.ee\/#\/schema\/logo\/image\/\"},\"sameAs\":[\"https:\/\/www.facebook.com\/Looduspood-2064766730406653\/\",\"https:\/\/www.youtube.com\/channel\/UCGxI8Tgkgvwn7Q9U8Qh6UgA?view_as=subscriber\"]}]}<\/script>\n<!-- \/ Yoast SEO plugin. -->","yoast_head_json":{"title":"Merekollageen Ostrovit 200g pulber &#8226; Looduspood","description":"Merekollageen \u2714\ufe0f Kohe saadaval \u2714\ufe0f Kiire kohaletoimetamine \ud83e\udd55 Looduspood \u21161 veebis \u27a4 Klikkige ja k\u00fclastage!","robots":{"index":"index","follow":"follow","max-snippet":"max-snippet:-1","max-image-preview":"max-image-preview:large","max-video-preview":"max-video-preview:-1"},"canonical":"https:\/\/www.looduspood.ee\/ru\/product\/\u043c\u043e\u0440\u0441\u043a\u043e\u0439-\u043a\u043e\u043b\u043b\u0430\u0433\u0435\u043d-\u043e\u0441\u0442\u0440\u043e\u0432\u0438\u0442-200-\u0433-\u043f\u043e\u0440\u043e\u0448\u043e\u043a\/","og_locale":"ru_RU","og_type":"article","og_title":"Merekollageen Ostrovit 200g - Paraneb oluliselt teie naha, juuste ja k\u00fc\u00fcnte seisund","og_description":"Merekollageen \u2714\ufe0f Kohe saadaval \u2714\ufe0f Kiire kohaletoimetamine \ud83e\udd55 Looduspood \u21161 veebis \u27a4 Klikkige ja k\u00fclastage!","og_url":"https:\/\/www.looduspood.ee\/ru\/product\/\u043c\u043e\u0440\u0441\u043a\u043e\u0439-\u043a\u043e\u043b\u043b\u0430\u0433\u0435\u043d-\u043e\u0441\u0442\u0440\u043e\u0432\u0438\u0442-200-\u0433-\u043f\u043e\u0440\u043e\u0448\u043e\u043a\/","og_site_name":"Looduspood","article_publisher":"https:\/\/www.facebook.com\/Looduspood-2064766730406653\/","article_modified_time":"2025-01-21T15:28:01+00:00","twitter_card":"summary_large_image","twitter_image":"https:\/\/www.looduspood.ee\/wp-content\/uploads\/2022\/04\/Merekollageen-Ostrovit-200g.png","twitter_misc":{"\u041f\u0440\u0438\u043c\u0435\u0440\u043d\u043e\u0435 \u0432\u0440\u0435\u043c\u044f \u0434\u043b\u044f \u0447\u0442\u0435\u043d\u0438\u044f":"1 \u043c\u0438\u043d\u0443\u0442\u0430"},"schema":{"@context":"https:\/\/schema.org","@graph":[{"@type":"WebPage","@id":"https:\/\/www.looduspood.ee\/toode\/merekollageen-ostrovit-200g-pulber\/","url":"https:\/\/www.looduspood.ee\/toode\/merekollageen-ostrovit-200g-pulber\/","name":"Merekollageen Ostrovit 200g pulber &#8226; Looduspood","isPartOf":{"@id":"https:\/\/www.looduspood.ee\/#website"},"primaryImageOfPage":{"@id":"https:\/\/www.looduspood.ee\/toode\/merekollageen-ostrovit-200g-pulber\/#primaryimage"},"image":{"@id":"https:\/\/www.looduspood.ee\/toode\/merekollageen-ostrovit-200g-pulber\/#primaryimage"},"thumbnailUrl":"https:\/\/www.looduspood.ee\/wp-content\/uploads\/2022\/04\/Merekollageen-Ostrovit-200g.png","datePublished":"2022-04-15T03:20:08+00:00","dateModified":"2025-01-21T15:28:01+00:00","description":"Merekollageen \u2714\ufe0f Kohe saadaval \u2714\ufe0f Kiire kohaletoimetamine \ud83e\udd55 Looduspood \u21161 veebis \u27a4 Klikkige ja k\u00fclastage!","breadcrumb":{"@id":"https:\/\/www.looduspood.ee\/toode\/merekollageen-ostrovit-200g-pulber\/#breadcrumb"},"inLanguage":"ru-RU","potentialAction":[{"@type":"ReadAction","target":["https:\/\/www.looduspood.ee\/toode\/merekollageen-ostrovit-200g-pulber\/"]}]},{"@type":"ImageObject","inLanguage":"ru-RU","@id":"https:\/\/www.looduspood.ee\/toode\/merekollageen-ostrovit-200g-pulber\/#primaryimage","url":"https:\/\/www.looduspood.ee\/wp-content\/uploads\/2022\/04\/Merekollageen-Ostrovit-200g.png","contentUrl":"https:\/\/www.looduspood.ee\/wp-content\/uploads\/2022\/04\/Merekollageen-Ostrovit-200g.png","width":600,"height":600},{"@type":"BreadcrumbList","@id":"https:\/\/www.looduspood.ee\/toode\/merekollageen-ostrovit-200g-pulber\/#breadcrumb","itemListElement":[{"@type":"ListItem","position":1,"name":"Home","item":"https:\/\/www.looduspood.ee\/"},{"@type":"ListItem","position":2,"name":"Pood","item":"https:\/\/www.looduspood.ee\/looduspood\/"},{"@type":"ListItem","position":3,"name":"Merekollageen Ostrovit 200g &#8211; Toidulisand"}]},{"@type":"WebSite","@id":"https:\/\/www.looduspood.ee\/#website","url":"https:\/\/www.looduspood.ee\/","name":"Looduspood","description":"Looduspood","publisher":{"@id":"https:\/\/www.looduspood.ee\/#organization"},"potentialAction":[{"@type":"SearchAction","target":{"@type":"EntryPoint","urlTemplate":"https:\/\/www.looduspood.ee\/?s={search_term_string}"},"query-input":"required name=search_term_string"}],"inLanguage":"ru-RU"},{"@type":"Organization","@id":"https:\/\/www.looduspood.ee\/#organization","name":"Looduspood","url":"https:\/\/www.looduspood.ee\/","logo":{"@type":"ImageObject","inLanguage":"ru-RU","@id":"https:\/\/www.looduspood.ee\/#\/schema\/logo\/image\/","url":"https:\/\/www.looduspood.ee\/wp-content\/uploads\/2019\/07\/morkva-1.png","contentUrl":"https:\/\/www.looduspood.ee\/wp-content\/uploads\/2019\/07\/morkva-1.png","width":258,"height":162,"caption":"Looduspood"},"image":{"@id":"https:\/\/www.looduspood.ee\/#\/schema\/logo\/image\/"},"sameAs":["https:\/\/www.facebook.com\/Looduspood-2064766730406653\/","https:\/\/www.youtube.com\/channel\/UCGxI8Tgkgvwn7Q9U8Qh6UgA?view_as=subscriber"]}]}},"tiered_pricing_type":"fixed","tiered_pricing_fixed_rules":[],"_links":{"self":[{"href":"https:\/\/www.looduspood.ee\/ru\/wp-json\/wp\/v2\/product\/47228"}],"collection":[{"href":"https:\/\/www.looduspood.ee\/ru\/wp-json\/wp\/v2\/product"}],"about":[{"href":"https:\/\/www.looduspood.ee\/ru\/wp-json\/wp\/v2\/types\/product"}],"replies":[{"embeddable":true,"href":"https:\/\/www.looduspood.ee\/ru\/wp-json\/wp\/v2\/comments?post=47228"}],"version-history":[{"count":0,"href":"https:\/\/www.looduspood.ee\/ru\/wp-json\/wp\/v2\/product\/47228\/revisions"}],"wp:featuredmedia":[{"embeddable":true,"href":"https:\/\/www.looduspood.ee\/ru\/wp-json\/wp\/v2\/media\/58663"}],"wp:attachment":[{"href":"https:\/\/www.looduspood.ee\/ru\/wp-json\/wp\/v2\/media?parent=47228"}],"wp:term":[{"taxonomy":"product_cat","embeddable":true,"href":"https:\/\/www.looduspood.ee\/ru\/wp-json\/wp\/v2\/product_cat?post=47228"},{"taxonomy":"product_tag","embeddable":true,"href":"https:\/\/www.looduspood.ee\/ru\/wp-json\/wp\/v2\/product_tag?post=47228"}],"curies":[{"name":"wp","href":"https:\/\/api.w.org\/{rel}","templated":true}]}}