{"id":587,"date":"2019-07-04T01:06:37","date_gmt":"2019-07-03T22:06:37","guid":{"rendered":"https:\/\/www.looduspood.ee\/?post_type=product&#038;p=587"},"modified":"2026-03-24T23:27:57","modified_gmt":"2026-03-24T20:27:57","slug":"ergonoomiline-seljatugi-toolile-ei-lase-istuda-kovera-seljaga","status":"publish","type":"product","link":"https:\/\/www.looduspood.ee\/ru\/product\/\u044d\u0440\u0433\u043e\u043d\u043e\u043c\u0438\u0447\u043d\u0430\u044f-\u0441\u043f\u0438\u043d\u043a\u0430-\u043a\u0440\u0435\u0441\u043b\u0430-\u043f\u0440\u0435\u0434\u043e\u0442\u0432\u0440\/","title":{"rendered":"\u042d\u0440\u0433\u043e\u043d\u043e\u043c\u0438\u0447\u043d\u0430\u044f \u0441\u043f\u0438\u043d\u043a\u0430 \u043a\u0440\u0435\u0441\u043b\u0430 - \u041d\u0438\u043a\u0430\u043a\u043e\u0433\u043e \u0441\u0438\u0434\u0435\u043d\u0438\u044f \u0441 \u0438\u0441\u043a\u0440\u0438\u0432\u043b\u0435\u043d\u043d\u043e\u0439 \u0441\u043f\u0438\u043d\u043e\u0439!"},"content":{"rendered":"<div data-elementor-type=\"product-post\" data-elementor-id=\"587\" class=\"elementor elementor-587\" data-elementor-post-type=\"product\">\n\t\t\t\t\t\t<section class=\"elementor-section elementor-top-section elementor-element elementor-element-c8080a1 elementor-section-stretched elementor-hidden-phone elementor-section-boxed elementor-section-height-default elementor-section-height-default\" data-id=\"c8080a1\" data-element_type=\"section\" data-settings=\"{&quot;stretch_section&quot;:&quot;section-stretched&quot;}\">\n\t\t\t\t\t\t<div class=\"elementor-container elementor-column-gap-default\">\n\t\t\t\t\t<div class=\"elementor-column elementor-col-100 elementor-top-column elementor-element elementor-element-ea214dc\" data-id=\"ea214dc\" data-element_type=\"column\">\n\t\t\t<div class=\"elementor-widget-wrap elementor-element-populated\">\n\t\t\t\t\t\t<div class=\"elementor-element elementor-element-9b41a1b elementor-widget elementor-widget-image\" data-id=\"9b41a1b\" data-element_type=\"widget\" data-widget_type=\"image.default\">\n\t\t\t\t<div class=\"elementor-widget-container\">\n\t\t\t<style>\/*! elementor - v3.23.0 - 15-07-2024 *\/\n.elementor-widget-image{text-align:center}.elementor-widget-image a{display:inline-block}.elementor-widget-image a img[src$=\".svg\"]{width:48px}.elementor-widget-image img{vertical-align:middle;display:inline-block}<\/style>\t\t\t\t\t\t\t\t\t\t<img fetchpriority=\"high\" decoding=\"async\" width=\"1800\" height=\"450\" src=\"https:\/\/www.looduspood.ee\/wp-content\/uploads\/2019\/07\/seljatugi.jpg\" class=\"attachment-full size-full wp-image-592\" alt=\"\" srcset=\"https:\/\/www.looduspood.ee\/wp-content\/uploads\/2019\/07\/seljatugi.jpg 1800w, https:\/\/www.looduspood.ee\/wp-content\/uploads\/2019\/07\/seljatugi-300x75.jpg 300w, https:\/\/www.looduspood.ee\/wp-content\/uploads\/2019\/07\/seljatugi-768x192.jpg 768w, https:\/\/www.looduspood.ee\/wp-content\/uploads\/2019\/07\/seljatugi-1024x256.jpg 1024w, https:\/\/www.looduspood.ee\/wp-content\/uploads\/2019\/07\/seljatugi-600x150.jpg 600w\" sizes=\"(max-width: 1800px) 100vw, 1800px\" \/>\t\t\t\t\t\t\t\t\t\t\t\t\t<\/div>\n\t\t\t\t<\/div>\n\t\t\t\t\t<\/div>\n\t\t<\/div>\n\t\t\t\t\t<\/div>\n\t\t<\/section>\n\t\t\t\t<section class=\"elementor-section elementor-top-section elementor-element elementor-element-93c6e97 elementor-section-stretched elementor-section-boxed elementor-section-height-default elementor-section-height-default\" data-id=\"93c6e97\" data-element_type=\"section\" data-settings=\"{&quot;stretch_section&quot;:&quot;section-stretched&quot;}\">\n\t\t\t\t\t\t<div class=\"elementor-container elementor-column-gap-default\">\n\t\t\t\t\t<div class=\"elementor-column elementor-col-100 elementor-top-column elementor-element elementor-element-ac55a5c\" data-id=\"ac55a5c\" data-element_type=\"column\">\n\t\t\t<div class=\"elementor-widget-wrap elementor-element-populated\">\n\t\t\t\t\t\t<div class=\"elementor-element elementor-element-eda08ba elementor-widget elementor-widget-heading\" data-id=\"eda08ba\" data-element_type=\"widget\" data-widget_type=\"heading.default\">\n\t\t\t\t<div class=\"elementor-widget-container\">\n\t\t\t<style>\/*! elementor - v3.23.0 - 15-07-2024 *\/\n.elementor-heading-title{padding:0;margin:0;line-height:1}.elementor-widget-heading .elementor-heading-title[class*=elementor-size-]>a{color:inherit;font-size:inherit;line-height:inherit}.elementor-widget-heading .elementor-heading-title.elementor-size-small{font-size:15px}.elementor-widget-heading .elementor-heading-title.elementor-size-medium{font-size:19px}.elementor-widget-heading .elementor-heading-title.elementor-size-large{font-size:29px}.elementor-widget-heading .elementor-heading-title.elementor-size-xl{font-size:39px}.elementor-widget-heading .elementor-heading-title.elementor-size-xxl{font-size:59px}<\/style><h2 class=\"elementor-heading-title elementor-size-default\">\u041f\u0420\u0415\u0414\u0418\u0421\u041b\u041e\u0412\u0418\u0415:<\/h2>\t\t<\/div>\n\t\t\t\t<\/div>\n\t\t\t\t<section class=\"elementor-section elementor-inner-section elementor-element elementor-element-4861f01 elementor-section-full_width elementor-section-height-default elementor-section-height-default\" data-id=\"4861f01\" data-element_type=\"section\">\n\t\t\t\t\t\t<div class=\"elementor-container elementor-column-gap-no\">\n\t\t\t\t\t<div class=\"elementor-column elementor-col-100 elementor-inner-column elementor-element elementor-element-9e22207\" data-id=\"9e22207\" data-element_type=\"column\">\n\t\t\t<div class=\"elementor-widget-wrap elementor-element-populated\">\n\t\t\t\t\t\t<div class=\"elementor-element elementor-element-f532904 elementor-icon-list--layout-traditional elementor-list-item-link-full_width elementor-widget elementor-widget-icon-list\" data-id=\"f532904\" data-element_type=\"widget\" data-widget_type=\"icon-list.default\">\n\t\t\t\t<div class=\"elementor-widget-container\">\n\t\t\t<link rel=\"stylesheet\" href=\"https:\/\/www.looduspood.ee\/wp-content\/plugins\/elementor\/assets\/css\/widget-icon-list.min.css\">\t\t<ul class=\"elementor-icon-list-items\">\n\t\t\t\t\t\t\t<li class=\"elementor-icon-list-item\">\n\t\t\t\t\t\t\t\t\t\t\t<span class=\"elementor-icon-list-icon\">\n\t\t\t\t\t\t\t<svg aria-hidden=\"true\" class=\"e-font-icon-svg e-fas-chevron-right\" viewbox=\"0 0 320 512\" xmlns=\"http:\/\/www.w3.org\/2000\/svg\"><path d=\"M285.476 272.971L91.132 467.314c-9.373 9.373-24.569 9.373-33.941 0l-22.667-22.667c-9.357-9.357-9.375-24.522-.04-33.901L188.505 256 34.484 101.255c-9.335-9.379-9.317-24.544.04-33.901l22.667-22.667c9.373-9.373 24.569-9.373 33.941 0L285.475 239.03c9.373 9.372 9.373 24.568.001 33.941z\"><\/path><\/svg>\t\t\t\t\t\t<\/span>\n\t\t\t\t\t\t\t\t\t\t<span class=\"elementor-icon-list-text\">\u041a\u043e\u043d\u0441\u0442\u0440\u0443\u043a\u0446\u0438\u044f \u0441\u043f\u0438\u043d\u043a\u0438 \u043f\u043e\u0437\u0432\u043e\u043b\u044f\u0435\u0442 \u0432\u043e\u0437\u0434\u0443\u0445\u0443 \u0446\u0438\u0440\u043a\u0443\u043b\u0438\u0440\u043e\u0432\u0430\u0442\u044c \u0447\u0435\u0440\u0435\u0437 \u043d\u0435\u0435, \u0438 \u0441\u043f\u0438\u043d\u0430 \u043d\u0435 \u043f\u043e\u0442\u0435\u0435\u0442;<\/span>\n\t\t\t\t\t\t\t\t\t<\/li>\n\t\t\t\t\t\t\t\t<li class=\"elementor-icon-list-item\">\n\t\t\t\t\t\t\t\t\t\t\t<span class=\"elementor-icon-list-icon\">\n\t\t\t\t\t\t\t<svg aria-hidden=\"true\" class=\"e-font-icon-svg e-fas-chevron-right\" viewbox=\"0 0 320 512\" xmlns=\"http:\/\/www.w3.org\/2000\/svg\"><path d=\"M285.476 272.971L91.132 467.314c-9.373 9.373-24.569 9.373-33.941 0l-22.667-22.667c-9.357-9.357-9.375-24.522-.04-33.901L188.505 256 34.484 101.255c-9.335-9.379-9.317-24.544.04-33.901l22.667-22.667c9.373-9.373 24.569-9.373 33.941 0L285.475 239.03c9.373 9.372 9.373 24.568.001 33.941z\"><\/path><\/svg>\t\t\t\t\t\t<\/span>\n\t\t\t\t\t\t\t\t\t\t<span class=\"elementor-icon-list-text\">\u0421\u043f\u0438\u043d\u043a\u0430 \u0444\u0438\u043a\u0441\u0438\u0440\u0443\u0435\u0442\u0441\u044f \u0432\u043e\u043a\u0440\u0443\u0433 \u043a\u0440\u0435\u0441\u043b\u0430 \u0441 \u043f\u043e\u043c\u043e\u0449\u044c\u044e \u0440\u0435\u0437\u0438\u043d\u043a\u0438. \u041f\u043e\u0434\u0445\u043e\u0434\u0438\u0442 \u043f\u0440\u0430\u043a\u0442\u0438\u0447\u0435\u0441\u043a\u0438 \u0434\u043b\u044f \u043b\u044e\u0431\u043e\u0433\u043e \u043a\u0440\u0435\u0441\u043b\u0430, \u0430 \u0442\u0430\u043a\u0436\u0435 \u0434\u043b\u044f \u0430\u0432\u0442\u043e\u043a\u0440\u0435\u0441\u043b\u0430!<\/span>\n\t\t\t\t\t\t\t\t\t<\/li>\n\t\t\t\t\t\t\t\t<li class=\"elementor-icon-list-item\">\n\t\t\t\t\t\t\t\t\t\t\t<span class=\"elementor-icon-list-icon\">\n\t\t\t\t\t\t\t<svg aria-hidden=\"true\" class=\"e-font-icon-svg e-fas-chevron-right\" viewbox=\"0 0 320 512\" xmlns=\"http:\/\/www.w3.org\/2000\/svg\"><path d=\"M285.476 272.971L91.132 467.314c-9.373 9.373-24.569 9.373-33.941 0l-22.667-22.667c-9.357-9.357-9.375-24.522-.04-33.901L188.505 256 34.484 101.255c-9.335-9.379-9.317-24.544.04-33.901l22.667-22.667c9.373-9.373 24.569-9.373 33.941 0L285.475 239.03c9.373 9.372 9.373 24.568.001 33.941z\"><\/path><\/svg>\t\t\t\t\t\t<\/span>\n\t\t\t\t\t\t\t\t\t\t<span class=\"elementor-icon-list-text\">\u0421\u043f\u0438\u043d\u043a\u0430 \u0438\u043c\u0435\u0435\u0442 \u043e\u0440\u0442\u043e\u043f\u0435\u0434\u0438\u0447\u0435\u0441\u043a\u0443\u044e \u0444\u043e\u0440\u043c\u0443, \u043a\u043e\u0442\u043e\u0440\u0430\u044f \u0441\u043d\u0438\u043c\u0430\u0435\u0442 \u043c\u044b\u0448\u0435\u0447\u043d\u043e\u0435 \u043d\u0430\u043f\u0440\u044f\u0436\u0435\u043d\u0438\u0435!<\/span>\n\t\t\t\t\t\t\t\t\t<\/li>\n\t\t\t\t\t\t\t\t<li class=\"elementor-icon-list-item\">\n\t\t\t\t\t\t\t\t\t\t\t<span class=\"elementor-icon-list-icon\">\n\t\t\t\t\t\t\t<svg aria-hidden=\"true\" class=\"e-font-icon-svg e-fas-chevron-right\" viewbox=\"0 0 320 512\" xmlns=\"http:\/\/www.w3.org\/2000\/svg\"><path d=\"M285.476 272.971L91.132 467.314c-9.373 9.373-24.569 9.373-33.941 0l-22.667-22.667c-9.357-9.357-9.375-24.522-.04-33.901L188.505 256 34.484 101.255c-9.335-9.379-9.317-24.544.04-33.901l22.667-22.667c9.373-9.373 24.569-9.373 33.941 0L285.475 239.03c9.373 9.372 9.373 24.568.001 33.941z\"><\/path><\/svg>\t\t\t\t\t\t<\/span>\n\t\t\t\t\t\t\t\t\t\t<span class=\"elementor-icon-list-text\">\u041f\u043e\u0434\u0434\u0435\u0440\u0436\u0438\u0432\u0430\u0435\u0442 \u0441\u043f\u0438\u043d\u0443 \u0438 \u0441\u043d\u0438\u043c\u0430\u0435\u0442 \u043c\u044b\u0448\u0435\u0447\u043d\u043e\u0435 \u043d\u0430\u043f\u0440\u044f\u0436\u0435\u043d\u0438\u0435 \u0432 \u043f\u043e\u044f\u0441\u043d\u0438\u0447\u043d\u043e\u043c \u043e\u0442\u0434\u0435\u043b\u0435 \u0441\u043f\u0438\u043d\u044b;<\/span>\n\t\t\t\t\t\t\t\t\t<\/li>\n\t\t\t\t\t\t\t\t<li class=\"elementor-icon-list-item\">\n\t\t\t\t\t\t\t\t\t\t\t<span class=\"elementor-icon-list-icon\">\n\t\t\t\t\t\t\t<svg aria-hidden=\"true\" class=\"e-font-icon-svg e-fas-chevron-right\" viewbox=\"0 0 320 512\" xmlns=\"http:\/\/www.w3.org\/2000\/svg\"><path d=\"M285.476 272.971L91.132 467.314c-9.373 9.373-24.569 9.373-33.941 0l-22.667-22.667c-9.357-9.357-9.375-24.522-.04-33.901L188.505 256 34.484 101.255c-9.335-9.379-9.317-24.544.04-33.901l22.667-22.667c9.373-9.373 24.569-9.373 33.941 0L285.475 239.03c9.373 9.372 9.373 24.568.001 33.941z\"><\/path><\/svg>\t\t\t\t\t\t<\/span>\n\t\t\t\t\t\t\t\t\t\t<span class=\"elementor-icon-list-text\">\u041b\u0435\u0433\u043a\u043e \u0438 \u0431\u044b\u0441\u0442\u0440\u043e \u0443\u0441\u0442\u0430\u043d\u0430\u0432\u043b\u0438\u0432\u0430\u0435\u0442\u0441\u044f \u0438 \u0441\u043d\u0438\u043c\u0430\u0435\u0442\u0441\u044f;<\/span>\n\t\t\t\t\t\t\t\t\t<\/li>\n\t\t\t\t\t\t<\/ul>\n\t\t\t\t<\/div>\n\t\t\t\t<\/div>\n\t\t\t\t\t<\/div>\n\t\t<\/div>\n\t\t\t\t\t<\/div>\n\t\t<\/section>\n\t\t\t\t\t<\/div>\n\t\t<\/div>\n\t\t\t\t\t<\/div>\n\t\t<\/section>\n\t\t\t\t<\/div>","protected":false},"excerpt":{"rendered":"<p>\u2714\ufe0f \u0421\u043f\u0438\u043d\u043a\u0430 \u043a\u0440\u0435\u0441\u043b\u0430 \u0441\u043a\u043e\u043d\u0441\u0442\u0440\u0443\u0438\u0440\u043e\u0432\u0430\u043d\u0430 \u0442\u0430\u043a\u0438\u043c \u043e\u0431\u0440\u0430\u0437\u043e\u043c, \u0447\u0442\u043e\u0431\u044b \u0432\u043e\u0437\u0434\u0443\u0445 \u0446\u0438\u0440\u043a\u0443\u043b\u0438\u0440\u043e\u0432\u0430\u043b \u0447\u0435\u0440\u0435\u0437 \u043d\u0435\u0435 \u0438 \u0441\u043f\u0438\u043d\u0430 \u043d\u0435 \u043f\u043e\u0442\u0435\u043b\u0430;<br \/>\n\u2714\ufe0f \u0421\u043f\u0438\u043d\u043a\u0430 \u0444\u0438\u043a\u0441\u0438\u0440\u0443\u0435\u0442\u0441\u044f \u0432\u043e\u043a\u0440\u0443\u0433 \u043a\u0440\u0435\u0441\u043b\u0430 \u0441 \u043f\u043e\u043c\u043e\u0449\u044c\u044e \u0440\u0435\u0437\u0438\u043d\u043a\u0438. \u041f\u043e\u0434\u0445\u043e\u0434\u0438\u0442 \u043f\u0440\u0430\u043a\u0442\u0438\u0447\u0435\u0441\u043a\u0438 \u0434\u043b\u044f \u043b\u044e\u0431\u043e\u0433\u043e \u0441\u0442\u0443\u043b\u0430, \u0430 \u0442\u0430\u043a\u0436\u0435 \u0434\u043b\u044f \u0430\u0432\u0442\u043e\u043c\u043e\u0431\u0438\u043b\u044c\u043d\u043e\u0433\u043e \u043a\u0440\u0435\u0441\u043b\u0430!<br \/>\n\u2714\ufe0f \u0421\u043f\u0438\u043d\u043a\u0430 \u0438\u043c\u0435\u0435\u0442 \u043e\u0440\u0442\u043e\u043f\u0435\u0434\u0438\u0447\u0435\u0441\u043a\u0443\u044e \u0444\u043e\u0440\u043c\u0443, \u043a\u043e\u0442\u043e\u0440\u0430\u044f \u0441\u043d\u0438\u043c\u0430\u0435\u0442 \u043c\u044b\u0448\u0435\u0447\u043d\u043e\u0435 \u043d\u0430\u043f\u0440\u044f\u0436\u0435\u043d\u0438\u0435!<\/p>","protected":false},"featured_media":595,"comment_status":"closed","ping_status":"closed","template":"","meta":{"_acf_changed":false},"product_cat":[3114,2693],"product_tag":[],"class_list":{"0":"post-587","1":"product","2":"type-product","3":"status-publish","4":"has-post-thumbnail","6":"product_cat-efektiivseks-tooks","7":"product_cat-muud-tooted-liigestele","9":"first","10":"instock","11":"shipping-taxable","12":"purchasable","13":"product-type-simple"},"acf":[],"yoast_head":"<!-- This site is optimized with the Yoast SEO plugin v23.0 - https:\/\/yoast.com\/wordpress\/plugins\/seo\/ -->\n<title>Ergonoomiline seljatugi toolile &#8226; Ei lase istuda k\u00f5vera seljaga &#8226; Looduspood<\/title>\n<meta name=\"description\" content=\"Ergonoomiline seljatugi toolile, mille abil s\u00e4ilib kena r\u00fcht ning p\u00e4evad m\u00f6\u00f6duvad sirgelt istudes. Seljatugi toolile on ortopeedilise kujuga, mis vabastab teid lihaspingetest.\" \/>\n<meta name=\"robots\" content=\"index, follow, max-snippet:-1, max-image-preview:large, max-video-preview:-1\" \/>\n<link rel=\"canonical\" href=\"https:\/\/www.looduspood.ee\/ru\/product\/\u044d\u0440\u0433\u043e\u043d\u043e\u043c\u0438\u0447\u043d\u0430\u044f-\u0441\u043f\u0438\u043d\u043a\u0430-\u043a\u0440\u0435\u0441\u043b\u0430-\u043f\u0440\u0435\u0434\u043e\u0442\u0432\u0440\/\" \/>\n<meta property=\"og:locale\" content=\"ru_RU\" \/>\n<meta property=\"og:type\" content=\"article\" \/>\n<meta property=\"og:title\" content=\"Ergonoomiline seljatugi toolile\" \/>\n<meta property=\"og:description\" content=\"Ergonoomiline seljatugi toolile, mille abil s\u00e4ilib kena r\u00fcht ning p\u00e4evad m\u00f6\u00f6duvad sirgelt istudes. Seljatugi on ortopeedilise kujuga, mis vabastab teid lihaspingetest.\" \/>\n<meta property=\"og:url\" content=\"https:\/\/www.looduspood.ee\/ru\/product\/\u044d\u0440\u0433\u043e\u043d\u043e\u043c\u0438\u0447\u043d\u0430\u044f-\u0441\u043f\u0438\u043d\u043a\u0430-\u043a\u0440\u0435\u0441\u043b\u0430-\u043f\u0440\u0435\u0434\u043e\u0442\u0432\u0440\/\" \/>\n<meta property=\"og:site_name\" content=\"Looduspood\" \/>\n<meta property=\"article:publisher\" content=\"https:\/\/www.facebook.com\/Looduspood-2064766730406653\/\" \/>\n<meta property=\"article:modified_time\" content=\"2026-03-24T20:27:57+00:00\" \/>\n<meta property=\"og:image\" content=\"https:\/\/www.looduspood.ee\/wp-content\/uploads\/2019\/07\/seljatugi.jpg\" \/>\n\t<meta property=\"og:image:width\" content=\"1800\" \/>\n\t<meta property=\"og:image:height\" content=\"450\" \/>\n\t<meta property=\"og:image:type\" content=\"image\/jpeg\" \/>\n<meta name=\"twitter:card\" content=\"summary_large_image\" \/>\n<meta name=\"twitter:label1\" content=\"\u041f\u0440\u0438\u043c\u0435\u0440\u043d\u043e\u0435 \u0432\u0440\u0435\u043c\u044f \u0434\u043b\u044f \u0447\u0442\u0435\u043d\u0438\u044f\" \/>\n\t<meta name=\"twitter:data1\" content=\"1 \u043c\u0438\u043d\u0443\u0442\u0430\" \/>\n<script type=\"application\/ld+json\" class=\"yoast-schema-graph\">{\"@context\":\"https:\/\/schema.org\",\"@graph\":[{\"@type\":\"WebPage\",\"@id\":\"https:\/\/www.looduspood.ee\/toode\/ergonoomiline-seljatugi-toolile-ei-lase-istuda-kovera-seljaga\/\",\"url\":\"https:\/\/www.looduspood.ee\/toode\/ergonoomiline-seljatugi-toolile-ei-lase-istuda-kovera-seljaga\/\",\"name\":\"Ergonoomiline seljatugi toolile &#8226; Ei lase istuda k\u00f5vera seljaga &#8226; Looduspood\",\"isPartOf\":{\"@id\":\"https:\/\/www.looduspood.ee\/#website\"},\"primaryImageOfPage\":{\"@id\":\"https:\/\/www.looduspood.ee\/toode\/ergonoomiline-seljatugi-toolile-ei-lase-istuda-kovera-seljaga\/#primaryimage\"},\"image\":{\"@id\":\"https:\/\/www.looduspood.ee\/toode\/ergonoomiline-seljatugi-toolile-ei-lase-istuda-kovera-seljaga\/#primaryimage\"},\"thumbnailUrl\":\"https:\/\/www.looduspood.ee\/wp-content\/uploads\/2019\/07\/ava2-8.jpg\",\"datePublished\":\"2019-07-03T22:06:37+00:00\",\"dateModified\":\"2026-03-24T20:27:57+00:00\",\"description\":\"Ergonoomiline seljatugi toolile, mille abil s\u00e4ilib kena r\u00fcht ning p\u00e4evad m\u00f6\u00f6duvad sirgelt istudes. Seljatugi toolile on ortopeedilise kujuga, mis vabastab teid lihaspingetest.\",\"breadcrumb\":{\"@id\":\"https:\/\/www.looduspood.ee\/toode\/ergonoomiline-seljatugi-toolile-ei-lase-istuda-kovera-seljaga\/#breadcrumb\"},\"inLanguage\":\"ru-RU\",\"potentialAction\":[{\"@type\":\"ReadAction\",\"target\":[\"https:\/\/www.looduspood.ee\/toode\/ergonoomiline-seljatugi-toolile-ei-lase-istuda-kovera-seljaga\/\"]}]},{\"@type\":\"ImageObject\",\"inLanguage\":\"ru-RU\",\"@id\":\"https:\/\/www.looduspood.ee\/toode\/ergonoomiline-seljatugi-toolile-ei-lase-istuda-kovera-seljaga\/#primaryimage\",\"url\":\"https:\/\/www.looduspood.ee\/wp-content\/uploads\/2019\/07\/ava2-8.jpg\",\"contentUrl\":\"https:\/\/www.looduspood.ee\/wp-content\/uploads\/2019\/07\/ava2-8.jpg\",\"width\":350,\"height\":350},{\"@type\":\"BreadcrumbList\",\"@id\":\"https:\/\/www.looduspood.ee\/toode\/ergonoomiline-seljatugi-toolile-ei-lase-istuda-kovera-seljaga\/#breadcrumb\",\"itemListElement\":[{\"@type\":\"ListItem\",\"position\":1,\"name\":\"Home\",\"item\":\"https:\/\/www.looduspood.ee\/\"},{\"@type\":\"ListItem\",\"position\":2,\"name\":\"Pood\",\"item\":\"https:\/\/www.looduspood.ee\/looduspood\/\"},{\"@type\":\"ListItem\",\"position\":3,\"name\":\"Ergonoomiline seljatugi toolile &#8211; Ei lase istuda k\u00f5vera seljaga!\"}]},{\"@type\":\"WebSite\",\"@id\":\"https:\/\/www.looduspood.ee\/#website\",\"url\":\"https:\/\/www.looduspood.ee\/\",\"name\":\"Looduspood\",\"description\":\"Looduspood\",\"publisher\":{\"@id\":\"https:\/\/www.looduspood.ee\/#organization\"},\"potentialAction\":[{\"@type\":\"SearchAction\",\"target\":{\"@type\":\"EntryPoint\",\"urlTemplate\":\"https:\/\/www.looduspood.ee\/?s={search_term_string}\"},\"query-input\":\"required name=search_term_string\"}],\"inLanguage\":\"ru-RU\"},{\"@type\":\"Organization\",\"@id\":\"https:\/\/www.looduspood.ee\/#organization\",\"name\":\"Looduspood\",\"url\":\"https:\/\/www.looduspood.ee\/\",\"logo\":{\"@type\":\"ImageObject\",\"inLanguage\":\"ru-RU\",\"@id\":\"https:\/\/www.looduspood.ee\/#\/schema\/logo\/image\/\",\"url\":\"https:\/\/www.looduspood.ee\/wp-content\/uploads\/2019\/07\/morkva-1.png\",\"contentUrl\":\"https:\/\/www.looduspood.ee\/wp-content\/uploads\/2019\/07\/morkva-1.png\",\"width\":258,\"height\":162,\"caption\":\"Looduspood\"},\"image\":{\"@id\":\"https:\/\/www.looduspood.ee\/#\/schema\/logo\/image\/\"},\"sameAs\":[\"https:\/\/www.facebook.com\/Looduspood-2064766730406653\/\",\"https:\/\/www.youtube.com\/channel\/UCGxI8Tgkgvwn7Q9U8Qh6UgA?view_as=subscriber\"]}]}<\/script>\n<!-- \/ Yoast SEO plugin. -->","yoast_head_json":{"title":"Ergonoomiline seljatugi toolile &#8226; Ei lase istuda k\u00f5vera seljaga &#8226; Looduspood","description":"Ergonoomiline seljatugi toolile, mille abil s\u00e4ilib kena r\u00fcht ning p\u00e4evad m\u00f6\u00f6duvad sirgelt istudes. Seljatugi toolile on ortopeedilise kujuga, mis vabastab teid lihaspingetest.","robots":{"index":"index","follow":"follow","max-snippet":"max-snippet:-1","max-image-preview":"max-image-preview:large","max-video-preview":"max-video-preview:-1"},"canonical":"https:\/\/www.looduspood.ee\/ru\/product\/\u044d\u0440\u0433\u043e\u043d\u043e\u043c\u0438\u0447\u043d\u0430\u044f-\u0441\u043f\u0438\u043d\u043a\u0430-\u043a\u0440\u0435\u0441\u043b\u0430-\u043f\u0440\u0435\u0434\u043e\u0442\u0432\u0440\/","og_locale":"ru_RU","og_type":"article","og_title":"Ergonoomiline seljatugi toolile","og_description":"Ergonoomiline seljatugi toolile, mille abil s\u00e4ilib kena r\u00fcht ning p\u00e4evad m\u00f6\u00f6duvad sirgelt istudes. Seljatugi on ortopeedilise kujuga, mis vabastab teid lihaspingetest.","og_url":"https:\/\/www.looduspood.ee\/ru\/product\/\u044d\u0440\u0433\u043e\u043d\u043e\u043c\u0438\u0447\u043d\u0430\u044f-\u0441\u043f\u0438\u043d\u043a\u0430-\u043a\u0440\u0435\u0441\u043b\u0430-\u043f\u0440\u0435\u0434\u043e\u0442\u0432\u0440\/","og_site_name":"Looduspood","article_publisher":"https:\/\/www.facebook.com\/Looduspood-2064766730406653\/","article_modified_time":"2026-03-24T20:27:57+00:00","og_image":[{"width":1800,"height":450,"url":"https:\/\/www.looduspood.ee\/wp-content\/uploads\/2019\/07\/seljatugi.jpg","type":"image\/jpeg"}],"twitter_card":"summary_large_image","twitter_misc":{"\u041f\u0440\u0438\u043c\u0435\u0440\u043d\u043e\u0435 \u0432\u0440\u0435\u043c\u044f \u0434\u043b\u044f \u0447\u0442\u0435\u043d\u0438\u044f":"1 \u043c\u0438\u043d\u0443\u0442\u0430"},"schema":{"@context":"https:\/\/schema.org","@graph":[{"@type":"WebPage","@id":"https:\/\/www.looduspood.ee\/toode\/ergonoomiline-seljatugi-toolile-ei-lase-istuda-kovera-seljaga\/","url":"https:\/\/www.looduspood.ee\/toode\/ergonoomiline-seljatugi-toolile-ei-lase-istuda-kovera-seljaga\/","name":"Ergonoomiline seljatugi toolile &#8226; Ei lase istuda k\u00f5vera seljaga &#8226; Looduspood","isPartOf":{"@id":"https:\/\/www.looduspood.ee\/#website"},"primaryImageOfPage":{"@id":"https:\/\/www.looduspood.ee\/toode\/ergonoomiline-seljatugi-toolile-ei-lase-istuda-kovera-seljaga\/#primaryimage"},"image":{"@id":"https:\/\/www.looduspood.ee\/toode\/ergonoomiline-seljatugi-toolile-ei-lase-istuda-kovera-seljaga\/#primaryimage"},"thumbnailUrl":"https:\/\/www.looduspood.ee\/wp-content\/uploads\/2019\/07\/ava2-8.jpg","datePublished":"2019-07-03T22:06:37+00:00","dateModified":"2026-03-24T20:27:57+00:00","description":"Ergonoomiline seljatugi toolile, mille abil s\u00e4ilib kena r\u00fcht ning p\u00e4evad m\u00f6\u00f6duvad sirgelt istudes. Seljatugi toolile on ortopeedilise kujuga, mis vabastab teid lihaspingetest.","breadcrumb":{"@id":"https:\/\/www.looduspood.ee\/toode\/ergonoomiline-seljatugi-toolile-ei-lase-istuda-kovera-seljaga\/#breadcrumb"},"inLanguage":"ru-RU","potentialAction":[{"@type":"ReadAction","target":["https:\/\/www.looduspood.ee\/toode\/ergonoomiline-seljatugi-toolile-ei-lase-istuda-kovera-seljaga\/"]}]},{"@type":"ImageObject","inLanguage":"ru-RU","@id":"https:\/\/www.looduspood.ee\/toode\/ergonoomiline-seljatugi-toolile-ei-lase-istuda-kovera-seljaga\/#primaryimage","url":"https:\/\/www.looduspood.ee\/wp-content\/uploads\/2019\/07\/ava2-8.jpg","contentUrl":"https:\/\/www.looduspood.ee\/wp-content\/uploads\/2019\/07\/ava2-8.jpg","width":350,"height":350},{"@type":"BreadcrumbList","@id":"https:\/\/www.looduspood.ee\/toode\/ergonoomiline-seljatugi-toolile-ei-lase-istuda-kovera-seljaga\/#breadcrumb","itemListElement":[{"@type":"ListItem","position":1,"name":"Home","item":"https:\/\/www.looduspood.ee\/"},{"@type":"ListItem","position":2,"name":"Pood","item":"https:\/\/www.looduspood.ee\/looduspood\/"},{"@type":"ListItem","position":3,"name":"Ergonoomiline seljatugi toolile &#8211; Ei lase istuda k\u00f5vera seljaga!"}]},{"@type":"WebSite","@id":"https:\/\/www.looduspood.ee\/#website","url":"https:\/\/www.looduspood.ee\/","name":"Looduspood","description":"Looduspood","publisher":{"@id":"https:\/\/www.looduspood.ee\/#organization"},"potentialAction":[{"@type":"SearchAction","target":{"@type":"EntryPoint","urlTemplate":"https:\/\/www.looduspood.ee\/?s={search_term_string}"},"query-input":"required name=search_term_string"}],"inLanguage":"ru-RU"},{"@type":"Organization","@id":"https:\/\/www.looduspood.ee\/#organization","name":"Looduspood","url":"https:\/\/www.looduspood.ee\/","logo":{"@type":"ImageObject","inLanguage":"ru-RU","@id":"https:\/\/www.looduspood.ee\/#\/schema\/logo\/image\/","url":"https:\/\/www.looduspood.ee\/wp-content\/uploads\/2019\/07\/morkva-1.png","contentUrl":"https:\/\/www.looduspood.ee\/wp-content\/uploads\/2019\/07\/morkva-1.png","width":258,"height":162,"caption":"Looduspood"},"image":{"@id":"https:\/\/www.looduspood.ee\/#\/schema\/logo\/image\/"},"sameAs":["https:\/\/www.facebook.com\/Looduspood-2064766730406653\/","https:\/\/www.youtube.com\/channel\/UCGxI8Tgkgvwn7Q9U8Qh6UgA?view_as=subscriber"]}]}},"tiered_pricing_type":"fixed","tiered_pricing_fixed_rules":[],"_links":{"self":[{"href":"https:\/\/www.looduspood.ee\/ru\/wp-json\/wp\/v2\/product\/587"}],"collection":[{"href":"https:\/\/www.looduspood.ee\/ru\/wp-json\/wp\/v2\/product"}],"about":[{"href":"https:\/\/www.looduspood.ee\/ru\/wp-json\/wp\/v2\/types\/product"}],"replies":[{"embeddable":true,"href":"https:\/\/www.looduspood.ee\/ru\/wp-json\/wp\/v2\/comments?post=587"}],"version-history":[{"count":0,"href":"https:\/\/www.looduspood.ee\/ru\/wp-json\/wp\/v2\/product\/587\/revisions"}],"wp:featuredmedia":[{"embeddable":true,"href":"https:\/\/www.looduspood.ee\/ru\/wp-json\/wp\/v2\/media\/595"}],"wp:attachment":[{"href":"https:\/\/www.looduspood.ee\/ru\/wp-json\/wp\/v2\/media?parent=587"}],"wp:term":[{"taxonomy":"product_cat","embeddable":true,"href":"https:\/\/www.looduspood.ee\/ru\/wp-json\/wp\/v2\/product_cat?post=587"},{"taxonomy":"product_tag","embeddable":true,"href":"https:\/\/www.looduspood.ee\/ru\/wp-json\/wp\/v2\/product_tag?post=587"}],"curies":[{"name":"wp","href":"https:\/\/api.w.org\/{rel}","templated":true}]}}