{"id":59998,"date":"2024-07-26T16:53:51","date_gmt":"2024-07-26T13:53:51","guid":{"rendered":"https:\/\/www.looduspood.ee\/toode\/kaelarelaksaator-parandab-vereringet-loogastab-lihaseid\/"},"modified":"2025-01-21T18:27:57","modified_gmt":"2025-01-21T15:27:57","slug":"kaelarelaksaator-parandab-vereringet-loogastab-lihaseid","status":"publish","type":"product","link":"https:\/\/www.looduspood.ee\/ru\/product\/kaelarelaksaator-parandab-vereringet-loogastab-lihaseid\/","title":{"rendered":"Kaelarelaksaator &#8211; Parandab vereringet, l\u00f5\u00f5gastab lihaseid"},"content":{"rendered":"<p>Kas te otsite v\u00f5imalust l\u00f5dvestuda ja vabastada oma kaela ning \u00f5lgu pingetest? Siis on Kaelarelaksaator t\u00e4pselt see, mida vajate!<\/p>\n<p>Kaelarelaksaator on mitmeotstarbeline ortopeediline vahend, mis sobib suurep\u00e4raselt erinevate l\u00f5dvestus- ja venitusharjutuste tegemiseks. See aitab taastada probleemsetest pehmekehadest tingitud kaela- ja \u00f5lavalusid. <\/p>\n<p>See relaksaator aitab leevendada kaela- ja peavalu, kaelapinget, peavalu, lihaspingeid ning ka temporomandibulaarliigese valusid. Piisab vaid 10-minutilisest kasutamisest p\u00e4evas, et tunda kergendustunnet.<\/p>\n<p>Relaksaator kasutab kombinatsiooni t\u00e4ppismasaa\u017eist, kukla-lihaste stimuleerimisest ja kaela venitamisest, et pakkuda kohest valu leevendust. Regulaarse kasutamise korral kaovad kahjustused ning saavutate p\u00fcsiva valu leevenduse.<\/p>\n<p>Massaa\u017eipadjakese kumer kuju pakub nii vertikaalset kui horisontaalset tuge, v\u00f5imaldades kaela l\u00f5dvestava venituse. Vertikaalne venitus sihtib \u00f5rnale kaelapiirkonnale ja aitab l\u00f5dvestada keha. Horisontaalne venitus koos massaa\u017einukkidega l\u00f5dvestab lihased selgroo \u00fcmber &#8211; sarnaselt Shiatsu massaa\u017eiga.<\/p>\n<p>See kumer relaksaator v\u00f5imaldab kaela optimaalsel kujul venitada, v\u00e4ltides samal ajal ebamugavust. Soovitatav ei ole kasutada seda \u00f6\u00f6siti tavap\u00e4dja asemel \u00fcle 20 minuti korraga. Teie kael vajab 1-3 p\u00e4eva, et harjuda relaksaatori kumerusega ning valu leevendusega.<\/p>\n<p>Relaksaator on valmistatud veekindlast ja vastupidavast vahtkummist, mist\u00f5ttu on seda lihtne puhastada. See on kompaktne ja lihtne kaasas kanda nii kodus, kontoris kui ka reisidel.<\/p>\n<p>Esimesel kasutuskorral v\u00f5ite tunda ebamugavust, kuna lihased ja liigesed peavad kohanema uue asendiga. Kui tunnete valu, l\u00f5petage koheselt kasutamine ja konsulteerige arstiga. Kui tunnetate l\u00f5hna, peske relaksaatorit sooja veega ja seebiga ning laske sellel 24-48 tundi h\u00e4sti \u00f5hutatud ruumis kuivada.<\/p>\n<p>Kasutusjuhend: Relaksaatorit ei ole soovitatav kasutada rasedatel naistel, lastel, ajutromboosihaigete, s\u00fcdamehaigete, diabeetikutel ega s\u00fcdamestimulaatorite kandjatel.<\/p>","protected":false},"excerpt":{"rendered":"<p>\u2705 Aitab leevendada kaela- ja \u00f5lavalusid ning lihaspingeid;<br \/>\n\u2705 Pakub kohest valu leevendust t\u00e4nu massaa\u017eile ja venitusele;<br \/>\n\u2705 Sobib kasutamiseks nii kodus, kontoris kui ka reisidel;<br \/>\n\u2705 Valmistatud veekindlast ja vastupidavast vahtkummist.<\/p>","protected":false},"featured_media":59564,"comment_status":"open","ping_status":"closed","template":"","meta":{"_acf_changed":false},"product_cat":[5052,2685],"product_tag":[],"class_list":{"0":"post-59998","1":"product","2":"type-product","3":"status-publish","4":"has-post-thumbnail","6":"product_cat-kampaaniatooted","7":"product_cat-massaziseadmed","9":"first","10":"outofstock","11":"shipping-taxable","12":"purchasable","13":"product-type-simple"},"acf":[],"yoast_head":"<!-- This site is optimized with the Yoast SEO plugin v23.0 - https:\/\/yoast.com\/wordpress\/plugins\/seo\/ -->\n<title>Kaelarelaksaator: valu leevendus ja massaa\u017e &#8226; Looduspood<\/title>\n<meta name=\"description\" content=\"Kaelarelaksaator: Leevendage pinge kaelapiirkonnas \u2705 Kohe saadaval \u2705 Kiire kohaletoimetamine \ud83e\udd55 Looduspood \u27a4 Klikkige ja k\u00fclastage!\" \/>\n<meta name=\"robots\" content=\"index, follow, max-snippet:-1, max-image-preview:large, max-video-preview:-1\" \/>\n<link rel=\"canonical\" href=\"https:\/\/www.looduspood.ee\/ru\/product\/kaelarelaksaator-parandab-vereringet-loogastab-lihaseid\/\" \/>\n<meta property=\"og:locale\" content=\"ru_RU\" \/>\n<meta property=\"og:type\" content=\"article\" \/>\n<meta property=\"og:title\" content=\"Kaelarelaksaator: valu leevendus ja massaa\u017e &#8226; Looduspood\" \/>\n<meta property=\"og:description\" content=\"Kaelarelaksaator: Leevendage pinge kaelapiirkonnas \u2705 Kohe saadaval \u2705 Kiire kohaletoimetamine \ud83e\udd55 Looduspood \u27a4 Klikkige ja k\u00fclastage!\" \/>\n<meta property=\"og:url\" content=\"https:\/\/www.looduspood.ee\/ru\/product\/kaelarelaksaator-parandab-vereringet-loogastab-lihaseid\/\" \/>\n<meta property=\"og:site_name\" content=\"Looduspood\" \/>\n<meta property=\"article:publisher\" content=\"https:\/\/www.facebook.com\/Looduspood-2064766730406653\/\" \/>\n<meta property=\"article:modified_time\" content=\"2025-01-21T15:27:57+00:00\" \/>\n<meta property=\"og:image\" content=\"https:\/\/www.looduspood.ee\/wp-content\/uploads\/2024\/07\/\u0428\u0435\u0439\u043d\u044b\u0439-\u0440\u0435\u043b\u0430\u043a\u0441\u0430\u0442\u043e\u0440.webp\" \/>\n\t<meta property=\"og:image:width\" content=\"1200\" \/>\n\t<meta property=\"og:image:height\" content=\"1200\" \/>\n\t<meta property=\"og:image:type\" content=\"image\/webp\" \/>\n<meta name=\"twitter:card\" content=\"summary_large_image\" \/>\n<meta name=\"twitter:label1\" content=\"\u041f\u0440\u0438\u043c\u0435\u0440\u043d\u043e\u0435 \u0432\u0440\u0435\u043c\u044f \u0434\u043b\u044f \u0447\u0442\u0435\u043d\u0438\u044f\" \/>\n\t<meta name=\"twitter:data1\" content=\"1 \u043c\u0438\u043d\u0443\u0442\u0430\" \/>\n<script type=\"application\/ld+json\" class=\"yoast-schema-graph\">{\"@context\":\"https:\/\/schema.org\",\"@graph\":[{\"@type\":\"WebPage\",\"@id\":\"https:\/\/www.looduspood.ee\/toode\/kaelarelaksaator-parandab-vereringet-loogastab-lihaseid\/\",\"url\":\"https:\/\/www.looduspood.ee\/toode\/kaelarelaksaator-parandab-vereringet-loogastab-lihaseid\/\",\"name\":\"Kaelarelaksaator: valu leevendus ja massaa\u017e &#8226; Looduspood\",\"isPartOf\":{\"@id\":\"https:\/\/www.looduspood.ee\/#website\"},\"primaryImageOfPage\":{\"@id\":\"https:\/\/www.looduspood.ee\/toode\/kaelarelaksaator-parandab-vereringet-loogastab-lihaseid\/#primaryimage\"},\"image\":{\"@id\":\"https:\/\/www.looduspood.ee\/toode\/kaelarelaksaator-parandab-vereringet-loogastab-lihaseid\/#primaryimage\"},\"thumbnailUrl\":\"https:\/\/www.looduspood.ee\/wp-content\/uploads\/2024\/07\/\u0428\u0435\u0439\u043d\u044b\u0439-\u0440\u0435\u043b\u0430\u043a\u0441\u0430\u0442\u043e\u0440.webp\",\"datePublished\":\"2024-07-26T13:53:51+00:00\",\"dateModified\":\"2025-01-21T15:27:57+00:00\",\"description\":\"Kaelarelaksaator: Leevendage pinge kaelapiirkonnas \u2705 Kohe saadaval \u2705 Kiire kohaletoimetamine \ud83e\udd55 Looduspood \u27a4 Klikkige ja k\u00fclastage!\",\"breadcrumb\":{\"@id\":\"https:\/\/www.looduspood.ee\/toode\/kaelarelaksaator-parandab-vereringet-loogastab-lihaseid\/#breadcrumb\"},\"inLanguage\":\"ru-RU\",\"potentialAction\":[{\"@type\":\"ReadAction\",\"target\":[\"https:\/\/www.looduspood.ee\/toode\/kaelarelaksaator-parandab-vereringet-loogastab-lihaseid\/\"]}]},{\"@type\":\"ImageObject\",\"inLanguage\":\"ru-RU\",\"@id\":\"https:\/\/www.looduspood.ee\/toode\/kaelarelaksaator-parandab-vereringet-loogastab-lihaseid\/#primaryimage\",\"url\":\"https:\/\/www.looduspood.ee\/wp-content\/uploads\/2024\/07\/\u0428\u0435\u0439\u043d\u044b\u0439-\u0440\u0435\u043b\u0430\u043a\u0441\u0430\u0442\u043e\u0440.webp\",\"contentUrl\":\"https:\/\/www.looduspood.ee\/wp-content\/uploads\/2024\/07\/\u0428\u0435\u0439\u043d\u044b\u0439-\u0440\u0435\u043b\u0430\u043a\u0441\u0430\u0442\u043e\u0440.webp\",\"width\":1200,\"height\":1200},{\"@type\":\"BreadcrumbList\",\"@id\":\"https:\/\/www.looduspood.ee\/toode\/kaelarelaksaator-parandab-vereringet-loogastab-lihaseid\/#breadcrumb\",\"itemListElement\":[{\"@type\":\"ListItem\",\"position\":1,\"name\":\"Home\",\"item\":\"https:\/\/www.looduspood.ee\/\"},{\"@type\":\"ListItem\",\"position\":2,\"name\":\"Pood\",\"item\":\"https:\/\/www.looduspood.ee\/looduspood\/\"},{\"@type\":\"ListItem\",\"position\":3,\"name\":\"Kaelarelaksaator &#8211; Parandab vereringet, l\u00f5\u00f5gastab lihaseid\"}]},{\"@type\":\"WebSite\",\"@id\":\"https:\/\/www.looduspood.ee\/#website\",\"url\":\"https:\/\/www.looduspood.ee\/\",\"name\":\"Looduspood\",\"description\":\"Looduspood\",\"publisher\":{\"@id\":\"https:\/\/www.looduspood.ee\/#organization\"},\"potentialAction\":[{\"@type\":\"SearchAction\",\"target\":{\"@type\":\"EntryPoint\",\"urlTemplate\":\"https:\/\/www.looduspood.ee\/?s={search_term_string}\"},\"query-input\":\"required name=search_term_string\"}],\"inLanguage\":\"ru-RU\"},{\"@type\":\"Organization\",\"@id\":\"https:\/\/www.looduspood.ee\/#organization\",\"name\":\"Looduspood\",\"url\":\"https:\/\/www.looduspood.ee\/\",\"logo\":{\"@type\":\"ImageObject\",\"inLanguage\":\"ru-RU\",\"@id\":\"https:\/\/www.looduspood.ee\/#\/schema\/logo\/image\/\",\"url\":\"https:\/\/www.looduspood.ee\/wp-content\/uploads\/2019\/07\/morkva-1.png\",\"contentUrl\":\"https:\/\/www.looduspood.ee\/wp-content\/uploads\/2019\/07\/morkva-1.png\",\"width\":258,\"height\":162,\"caption\":\"Looduspood\"},\"image\":{\"@id\":\"https:\/\/www.looduspood.ee\/#\/schema\/logo\/image\/\"},\"sameAs\":[\"https:\/\/www.facebook.com\/Looduspood-2064766730406653\/\",\"https:\/\/www.youtube.com\/channel\/UCGxI8Tgkgvwn7Q9U8Qh6UgA?view_as=subscriber\"]}]}<\/script>\n<!-- \/ Yoast SEO plugin. -->","yoast_head_json":{"title":"Kaelarelaksaator: valu leevendus ja massaa\u017e &#8226; Looduspood","description":"Kaelarelaksaator: Leevendage pinge kaelapiirkonnas \u2705 Kohe saadaval \u2705 Kiire kohaletoimetamine \ud83e\udd55 Looduspood \u27a4 Klikkige ja k\u00fclastage!","robots":{"index":"index","follow":"follow","max-snippet":"max-snippet:-1","max-image-preview":"max-image-preview:large","max-video-preview":"max-video-preview:-1"},"canonical":"https:\/\/www.looduspood.ee\/ru\/product\/kaelarelaksaator-parandab-vereringet-loogastab-lihaseid\/","og_locale":"ru_RU","og_type":"article","og_title":"Kaelarelaksaator: valu leevendus ja massaa\u017e &#8226; Looduspood","og_description":"Kaelarelaksaator: Leevendage pinge kaelapiirkonnas \u2705 Kohe saadaval \u2705 Kiire kohaletoimetamine \ud83e\udd55 Looduspood \u27a4 Klikkige ja k\u00fclastage!","og_url":"https:\/\/www.looduspood.ee\/ru\/product\/kaelarelaksaator-parandab-vereringet-loogastab-lihaseid\/","og_site_name":"Looduspood","article_publisher":"https:\/\/www.facebook.com\/Looduspood-2064766730406653\/","article_modified_time":"2025-01-21T15:27:57+00:00","og_image":[{"width":1200,"height":1200,"url":"https:\/\/www.looduspood.ee\/wp-content\/uploads\/2024\/07\/\u0428\u0435\u0439\u043d\u044b\u0439-\u0440\u0435\u043b\u0430\u043a\u0441\u0430\u0442\u043e\u0440.webp","type":"image\/webp"}],"twitter_card":"summary_large_image","twitter_misc":{"\u041f\u0440\u0438\u043c\u0435\u0440\u043d\u043e\u0435 \u0432\u0440\u0435\u043c\u044f \u0434\u043b\u044f \u0447\u0442\u0435\u043d\u0438\u044f":"1 \u043c\u0438\u043d\u0443\u0442\u0430"},"schema":{"@context":"https:\/\/schema.org","@graph":[{"@type":"WebPage","@id":"https:\/\/www.looduspood.ee\/toode\/kaelarelaksaator-parandab-vereringet-loogastab-lihaseid\/","url":"https:\/\/www.looduspood.ee\/toode\/kaelarelaksaator-parandab-vereringet-loogastab-lihaseid\/","name":"Kaelarelaksaator: valu leevendus ja massaa\u017e &#8226; Looduspood","isPartOf":{"@id":"https:\/\/www.looduspood.ee\/#website"},"primaryImageOfPage":{"@id":"https:\/\/www.looduspood.ee\/toode\/kaelarelaksaator-parandab-vereringet-loogastab-lihaseid\/#primaryimage"},"image":{"@id":"https:\/\/www.looduspood.ee\/toode\/kaelarelaksaator-parandab-vereringet-loogastab-lihaseid\/#primaryimage"},"thumbnailUrl":"https:\/\/www.looduspood.ee\/wp-content\/uploads\/2024\/07\/\u0428\u0435\u0439\u043d\u044b\u0439-\u0440\u0435\u043b\u0430\u043a\u0441\u0430\u0442\u043e\u0440.webp","datePublished":"2024-07-26T13:53:51+00:00","dateModified":"2025-01-21T15:27:57+00:00","description":"Kaelarelaksaator: Leevendage pinge kaelapiirkonnas \u2705 Kohe saadaval \u2705 Kiire kohaletoimetamine \ud83e\udd55 Looduspood \u27a4 Klikkige ja k\u00fclastage!","breadcrumb":{"@id":"https:\/\/www.looduspood.ee\/toode\/kaelarelaksaator-parandab-vereringet-loogastab-lihaseid\/#breadcrumb"},"inLanguage":"ru-RU","potentialAction":[{"@type":"ReadAction","target":["https:\/\/www.looduspood.ee\/toode\/kaelarelaksaator-parandab-vereringet-loogastab-lihaseid\/"]}]},{"@type":"ImageObject","inLanguage":"ru-RU","@id":"https:\/\/www.looduspood.ee\/toode\/kaelarelaksaator-parandab-vereringet-loogastab-lihaseid\/#primaryimage","url":"https:\/\/www.looduspood.ee\/wp-content\/uploads\/2024\/07\/\u0428\u0435\u0439\u043d\u044b\u0439-\u0440\u0435\u043b\u0430\u043a\u0441\u0430\u0442\u043e\u0440.webp","contentUrl":"https:\/\/www.looduspood.ee\/wp-content\/uploads\/2024\/07\/\u0428\u0435\u0439\u043d\u044b\u0439-\u0440\u0435\u043b\u0430\u043a\u0441\u0430\u0442\u043e\u0440.webp","width":1200,"height":1200},{"@type":"BreadcrumbList","@id":"https:\/\/www.looduspood.ee\/toode\/kaelarelaksaator-parandab-vereringet-loogastab-lihaseid\/#breadcrumb","itemListElement":[{"@type":"ListItem","position":1,"name":"Home","item":"https:\/\/www.looduspood.ee\/"},{"@type":"ListItem","position":2,"name":"Pood","item":"https:\/\/www.looduspood.ee\/looduspood\/"},{"@type":"ListItem","position":3,"name":"Kaelarelaksaator &#8211; Parandab vereringet, l\u00f5\u00f5gastab lihaseid"}]},{"@type":"WebSite","@id":"https:\/\/www.looduspood.ee\/#website","url":"https:\/\/www.looduspood.ee\/","name":"Looduspood","description":"Looduspood","publisher":{"@id":"https:\/\/www.looduspood.ee\/#organization"},"potentialAction":[{"@type":"SearchAction","target":{"@type":"EntryPoint","urlTemplate":"https:\/\/www.looduspood.ee\/?s={search_term_string}"},"query-input":"required name=search_term_string"}],"inLanguage":"ru-RU"},{"@type":"Organization","@id":"https:\/\/www.looduspood.ee\/#organization","name":"Looduspood","url":"https:\/\/www.looduspood.ee\/","logo":{"@type":"ImageObject","inLanguage":"ru-RU","@id":"https:\/\/www.looduspood.ee\/#\/schema\/logo\/image\/","url":"https:\/\/www.looduspood.ee\/wp-content\/uploads\/2019\/07\/morkva-1.png","contentUrl":"https:\/\/www.looduspood.ee\/wp-content\/uploads\/2019\/07\/morkva-1.png","width":258,"height":162,"caption":"Looduspood"},"image":{"@id":"https:\/\/www.looduspood.ee\/#\/schema\/logo\/image\/"},"sameAs":["https:\/\/www.facebook.com\/Looduspood-2064766730406653\/","https:\/\/www.youtube.com\/channel\/UCGxI8Tgkgvwn7Q9U8Qh6UgA?view_as=subscriber"]}]}},"tiered_pricing_type":"fixed","tiered_pricing_fixed_rules":[],"_links":{"self":[{"href":"https:\/\/www.looduspood.ee\/ru\/wp-json\/wp\/v2\/product\/59998"}],"collection":[{"href":"https:\/\/www.looduspood.ee\/ru\/wp-json\/wp\/v2\/product"}],"about":[{"href":"https:\/\/www.looduspood.ee\/ru\/wp-json\/wp\/v2\/types\/product"}],"replies":[{"embeddable":true,"href":"https:\/\/www.looduspood.ee\/ru\/wp-json\/wp\/v2\/comments?post=59998"}],"version-history":[{"count":0,"href":"https:\/\/www.looduspood.ee\/ru\/wp-json\/wp\/v2\/product\/59998\/revisions"}],"wp:featuredmedia":[{"embeddable":true,"href":"https:\/\/www.looduspood.ee\/ru\/wp-json\/wp\/v2\/media\/59564"}],"wp:attachment":[{"href":"https:\/\/www.looduspood.ee\/ru\/wp-json\/wp\/v2\/media?parent=59998"}],"wp:term":[{"taxonomy":"product_cat","embeddable":true,"href":"https:\/\/www.looduspood.ee\/ru\/wp-json\/wp\/v2\/product_cat?post=59998"},{"taxonomy":"product_tag","embeddable":true,"href":"https:\/\/www.looduspood.ee\/ru\/wp-json\/wp\/v2\/product_tag?post=59998"}],"curies":[{"name":"wp","href":"https:\/\/api.w.org\/{rel}","templated":true}]}}