{"id":60001,"date":"2024-07-26T16:53:56","date_gmt":"2024-07-26T13:53:56","guid":{"rendered":"https:\/\/www.looduspood.ee\/toode\/silikoonist-kanna-kaitsmega-sokid-kaitsevad-kannakudesid\/"},"modified":"2025-01-21T18:27:57","modified_gmt":"2025-01-21T15:27:57","slug":"silikoonist-kanna-kaitsmega-sokid-kaitsevad-kannakudesid","status":"publish","type":"product","link":"https:\/\/www.looduspood.ee\/ru\/product\/silikoonist-kanna-kaitsmega-sokid-kaitsevad-kannakudesid\/","title":{"rendered":"Silikoonist kanna kaitsmega sokid kaitsevad kannakudesid"},"content":{"rendered":"<p>Sokid silikoonist kanna kaitsmega &#8211; jumestustooted, mis kaitsevad kannakudesid liigsete kuivamiste ja k\u00f5ndimisest tulenevate l\u00f6\u00f6kide eest.<\/p>\n<p>Need sokid on valmistatud pehmest ja elastsest materjalist ning neil on meditsiinilisest silikageelist ja niisutavatest mineraal\u00f5lidest koosnev sisevuoder. Silikageel t\u00e4idab sokis kanna ala, toimides pehmendava polstrina ja kaitstes kannakudesid.<\/p>\n<p>Silikoonist kanna kaitsmega sokid t\u00e4idavad kaks funktsiooni:<\/p>\n<p>Niisutavad kuivi ja l\u00f5henenud kannakudesid, aidates eemaldada k\u00f5vanahku ja vilunahasid, kaasa arvatud vananenuid.<br \/>\nKaitsevad kandu l\u00f6\u00f6kide ja h\u00f5\u00f5rdumiste eest t\u00e4nu amortiseerivale silikoonvuudrile.<\/p>\n<p>Kannasokid on t\u00f5husad t\u00e4nu silikageeli koostisele ja silikoonvuudri amortiseerivale toimele. Kui kannakudedel on valulikud praod v\u00f5i konnasilmad, aitavad need sokid valu ja ebamugavust leevendada ning v\u00f5imaldavad normaalset k\u00f5ndimist.<\/p>\n<p>Sokke saab kanda \u00fcksk\u00f5ik milliste jalan\u00f5ude v\u00f5i ilma jalan\u00f5udeta. Need on universaalm\u00f5\u00f5dus ja sobivad nii naistele kui ka meestele.<\/p>\n<p>\u041f\u043e\u043a\u0430\u0437\u0430\u043d\u0438\u044f \u043a \u043f\u0440\u0438\u043c\u0435\u043d\u0435\u043d\u0438\u044e:<br \/>\n&#8211; Kannakudede l\u00f5henemine, k\u00f5vanahalised ja vilunahalised moodustised<br \/>\n&#8211; Kuivad ja l\u00f5henenud kannakuded<br \/>\n&#8211; K\u00f5ndimisel tekkiv kannavalu ja valu kannakudes<br \/>\n&#8211; Konnasilmad ja muud mehhaanilised vigastused<br \/>\n&#8211; Kannakudede \u00f5henemine<br \/>\n&#8211; Sportlastele ja aktiivsetele inimestele, kes veedavad palju aega jalgadel<\/p>\n<p>Kasutamisel saavutate:<br \/>\n&#8211; K\u00f5vanahkade, vilunaha ja pragude pehmenemine ja kadumine<br \/>\n&#8211; Kannakudede heledus ja hooldatud v\u00e4limus<br \/>\n&#8211; Jahvatud jalgade v\u00e4simusvalu v\u00e4henemine<br \/>\n&#8211; Uute vigastuste ennetamine ja kaitsmine<\/p>\n<p>\u0421\u043e\u0441\u0442\u0430\u0432:<br \/>\nSokid on valmistatud spandeksist (80%) ja l\u00fckrast (20%).<br \/>\nSilikoonvuuder on meditsiinilisest silikageelist, immutatud looduslike mineraal\u00f5lidega, millel on antiseptiline toime.<\/p>\n<p>\u041f\u0440\u043e\u0442\u0438\u0432\u043e\u043f\u043e\u043a\u0430\u0437\u0430\u043d\u0438\u044f:<br \/>\n&#8211; Lahtised haavandid jalgadel<br \/>\n&#8211; Materjalitalumatus<\/p>\n<p>Kasutamisjuhised:<br \/>\nSokid tuleb jalga t\u00f5mmata nii, et silikoonvuuder asetsuks kannale. Neid v\u00f5ib kanda kuni 12-14 tundi j\u00e4rjest.<br \/>\nPeske k\u00e4sitsi seebiga v\u00f5i vedela pesuvahendiga. P\u00e4rast loputamist pigistage sokid \u00f5rnalt ja laske kuivada \u00f5hu k\u00e4es.<\/p>\n<p>Komplekt sisaldab 1 paari (2 tk) silikoonist kanna kaitsmega sokke universaalm\u00f5\u00f5dus.<\/p>\n<p>Need kvaliteetsed sokid aitavad teie kannakudesid hoida niisutatud ja kaitstud!<\/p>","protected":false},"excerpt":{"rendered":"<p>\u2705 Sokid on valmistatud kvaliteetsest silikoonist, mis tagab mugavuse ja kehale;<br \/>\n\u2705 Kanna kaitsmega sokid aitavad v\u00e4ltida h\u00f5\u00f5rdumist ja viluhaavandeid;<br \/>\n\u2705 Sokid on \u00f5hukesed ja hingavad, seega sobivad ideaalselt kasutamiseks ka;<br \/>\n\u2705 Neid on lihtne pesta ja hooldada, tagades pika kasutusea.<\/p>","protected":false},"featured_media":59588,"comment_status":"open","ping_status":"closed","template":"","meta":{"_acf_changed":false},"product_cat":[5052,2689,2333],"product_tag":[],"class_list":{"0":"post-60001","1":"product","2":"type-product","3":"status-publish","4":"has-post-thumbnail","6":"product_cat-kampaaniatooted","7":"product_cat-tallad-ja-toed","8":"product_cat-ortoosid","10":"first","11":"outofstock","12":"shipping-taxable","13":"purchasable","14":"product-type-simple"},"acf":[],"yoast_head":"<!-- This site is optimized with the Yoast SEO plugin v23.0 - https:\/\/yoast.com\/wordpress\/plugins\/seo\/ -->\n<title>Sokid silikoonist kanna kaitsmega - mugavus ja h\u00f5\u00f5rdet\u00f5kke &#8226;<\/title>\n<meta name=\"description\" content=\"Sokid silikoonist kanna kaitsmega \ud83e\udde6 Mugavad ja hingavad \ud83d\udca8 Kaitsevad jalgu h\u00f5\u00f5rdumiste eest \u2705 Kohe saadaval \u2705 Kiire kohaletoimetamine \ud83e\udd55 Looduspood \u27a4 Klikkige ja k\u00fclastage!\" \/>\n<meta name=\"robots\" content=\"index, follow, max-snippet:-1, max-image-preview:large, max-video-preview:-1\" \/>\n<link rel=\"canonical\" href=\"https:\/\/www.looduspood.ee\/ru\/product\/silikoonist-kanna-kaitsmega-sokid-kaitsevad-kannakudesid\/\" \/>\n<meta property=\"og:locale\" content=\"ru_RU\" \/>\n<meta property=\"og:type\" content=\"article\" \/>\n<meta property=\"og:title\" content=\"Sokid silikoonist kanna kaitsmega - mugavus ja h\u00f5\u00f5rdet\u00f5kke &#8226;\" \/>\n<meta property=\"og:description\" content=\"Sokid silikoonist kanna kaitsmega \ud83e\udde6 Mugavad ja hingavad \ud83d\udca8 Kaitsevad jalgu h\u00f5\u00f5rdumiste eest \u2705 Kohe saadaval \u2705 Kiire kohaletoimetamine \ud83e\udd55 Looduspood \u27a4 Klikkige ja k\u00fclastage!\" \/>\n<meta property=\"og:url\" content=\"https:\/\/www.looduspood.ee\/ru\/product\/silikoonist-kanna-kaitsmega-sokid-kaitsevad-kannakudesid\/\" \/>\n<meta property=\"og:site_name\" content=\"Looduspood\" \/>\n<meta property=\"article:publisher\" content=\"https:\/\/www.facebook.com\/Looduspood-2064766730406653\/\" \/>\n<meta property=\"article:modified_time\" content=\"2025-01-21T15:27:57+00:00\" \/>\n<meta property=\"og:image\" content=\"https:\/\/www.looduspood.ee\/wp-content\/uploads\/2024\/07\/Sokid-silikoonist-kannakaitsega-pragude-valtimiseks-jpg.avif\" \/>\n\t<meta property=\"og:image:width\" content=\"900\" \/>\n\t<meta property=\"og:image:height\" content=\"900\" \/>\n\t<meta property=\"og:image:type\" content=\"image\/jpeg\" \/>\n<meta name=\"twitter:card\" content=\"summary_large_image\" \/>\n<meta name=\"twitter:label1\" content=\"\u041f\u0440\u0438\u043c\u0435\u0440\u043d\u043e\u0435 \u0432\u0440\u0435\u043c\u044f \u0434\u043b\u044f \u0447\u0442\u0435\u043d\u0438\u044f\" \/>\n\t<meta name=\"twitter:data1\" content=\"2 \u043c\u0438\u043d\u0443\u0442\u044b\" \/>\n<script type=\"application\/ld+json\" class=\"yoast-schema-graph\">{\"@context\":\"https:\/\/schema.org\",\"@graph\":[{\"@type\":\"WebPage\",\"@id\":\"https:\/\/www.looduspood.ee\/toode\/silikoonist-kanna-kaitsmega-sokid-kaitsevad-kannakudesid\/\",\"url\":\"https:\/\/www.looduspood.ee\/toode\/silikoonist-kanna-kaitsmega-sokid-kaitsevad-kannakudesid\/\",\"name\":\"Sokid silikoonist kanna kaitsmega - mugavus ja h\u00f5\u00f5rdet\u00f5kke &#8226;\",\"isPartOf\":{\"@id\":\"https:\/\/www.looduspood.ee\/#website\"},\"primaryImageOfPage\":{\"@id\":\"https:\/\/www.looduspood.ee\/toode\/silikoonist-kanna-kaitsmega-sokid-kaitsevad-kannakudesid\/#primaryimage\"},\"image\":{\"@id\":\"https:\/\/www.looduspood.ee\/toode\/silikoonist-kanna-kaitsmega-sokid-kaitsevad-kannakudesid\/#primaryimage\"},\"thumbnailUrl\":\"https:\/\/www.looduspood.ee\/wp-content\/uploads\/2024\/07\/Sokid-silikoonist-kannakaitsega-pragude-valtimiseks-jpg.avif\",\"datePublished\":\"2024-07-26T13:53:56+00:00\",\"dateModified\":\"2025-01-21T15:27:57+00:00\",\"description\":\"Sokid silikoonist kanna kaitsmega \ud83e\udde6 Mugavad ja hingavad \ud83d\udca8 Kaitsevad jalgu h\u00f5\u00f5rdumiste eest \u2705 Kohe saadaval \u2705 Kiire kohaletoimetamine \ud83e\udd55 Looduspood \u27a4 Klikkige ja k\u00fclastage!\",\"breadcrumb\":{\"@id\":\"https:\/\/www.looduspood.ee\/toode\/silikoonist-kanna-kaitsmega-sokid-kaitsevad-kannakudesid\/#breadcrumb\"},\"inLanguage\":\"ru-RU\",\"potentialAction\":[{\"@type\":\"ReadAction\",\"target\":[\"https:\/\/www.looduspood.ee\/toode\/silikoonist-kanna-kaitsmega-sokid-kaitsevad-kannakudesid\/\"]}]},{\"@type\":\"ImageObject\",\"inLanguage\":\"ru-RU\",\"@id\":\"https:\/\/www.looduspood.ee\/toode\/silikoonist-kanna-kaitsmega-sokid-kaitsevad-kannakudesid\/#primaryimage\",\"url\":\"https:\/\/www.looduspood.ee\/wp-content\/uploads\/2024\/07\/Sokid-silikoonist-kannakaitsega-pragude-valtimiseks-jpg.avif\",\"contentUrl\":\"https:\/\/www.looduspood.ee\/wp-content\/uploads\/2024\/07\/Sokid-silikoonist-kannakaitsega-pragude-valtimiseks-jpg.avif\",\"width\":900,\"height\":900},{\"@type\":\"BreadcrumbList\",\"@id\":\"https:\/\/www.looduspood.ee\/toode\/silikoonist-kanna-kaitsmega-sokid-kaitsevad-kannakudesid\/#breadcrumb\",\"itemListElement\":[{\"@type\":\"ListItem\",\"position\":1,\"name\":\"Home\",\"item\":\"https:\/\/www.looduspood.ee\/\"},{\"@type\":\"ListItem\",\"position\":2,\"name\":\"Pood\",\"item\":\"https:\/\/www.looduspood.ee\/looduspood\/\"},{\"@type\":\"ListItem\",\"position\":3,\"name\":\"Silikoonist kanna kaitsmega sokid kaitsevad kannakudesid\"}]},{\"@type\":\"WebSite\",\"@id\":\"https:\/\/www.looduspood.ee\/#website\",\"url\":\"https:\/\/www.looduspood.ee\/\",\"name\":\"Looduspood\",\"description\":\"Looduspood\",\"publisher\":{\"@id\":\"https:\/\/www.looduspood.ee\/#organization\"},\"potentialAction\":[{\"@type\":\"SearchAction\",\"target\":{\"@type\":\"EntryPoint\",\"urlTemplate\":\"https:\/\/www.looduspood.ee\/?s={search_term_string}\"},\"query-input\":\"required name=search_term_string\"}],\"inLanguage\":\"ru-RU\"},{\"@type\":\"Organization\",\"@id\":\"https:\/\/www.looduspood.ee\/#organization\",\"name\":\"Looduspood\",\"url\":\"https:\/\/www.looduspood.ee\/\",\"logo\":{\"@type\":\"ImageObject\",\"inLanguage\":\"ru-RU\",\"@id\":\"https:\/\/www.looduspood.ee\/#\/schema\/logo\/image\/\",\"url\":\"https:\/\/www.looduspood.ee\/wp-content\/uploads\/2019\/07\/morkva-1.png\",\"contentUrl\":\"https:\/\/www.looduspood.ee\/wp-content\/uploads\/2019\/07\/morkva-1.png\",\"width\":258,\"height\":162,\"caption\":\"Looduspood\"},\"image\":{\"@id\":\"https:\/\/www.looduspood.ee\/#\/schema\/logo\/image\/\"},\"sameAs\":[\"https:\/\/www.facebook.com\/Looduspood-2064766730406653\/\",\"https:\/\/www.youtube.com\/channel\/UCGxI8Tgkgvwn7Q9U8Qh6UgA?view_as=subscriber\"]}]}<\/script>\n<!-- \/ Yoast SEO plugin. -->","yoast_head_json":{"title":"Sokid silikoonist kanna kaitsmega - mugavus ja h\u00f5\u00f5rdet\u00f5kke &#8226;","description":"Sokid silikoonist kanna kaitsmega \ud83e\udde6 Mugavad ja hingavad \ud83d\udca8 Kaitsevad jalgu h\u00f5\u00f5rdumiste eest \u2705 Kohe saadaval \u2705 Kiire kohaletoimetamine \ud83e\udd55 Looduspood \u27a4 Klikkige ja k\u00fclastage!","robots":{"index":"index","follow":"follow","max-snippet":"max-snippet:-1","max-image-preview":"max-image-preview:large","max-video-preview":"max-video-preview:-1"},"canonical":"https:\/\/www.looduspood.ee\/ru\/product\/silikoonist-kanna-kaitsmega-sokid-kaitsevad-kannakudesid\/","og_locale":"ru_RU","og_type":"article","og_title":"Sokid silikoonist kanna kaitsmega - mugavus ja h\u00f5\u00f5rdet\u00f5kke &#8226;","og_description":"Sokid silikoonist kanna kaitsmega \ud83e\udde6 Mugavad ja hingavad \ud83d\udca8 Kaitsevad jalgu h\u00f5\u00f5rdumiste eest \u2705 Kohe saadaval \u2705 Kiire kohaletoimetamine \ud83e\udd55 Looduspood \u27a4 Klikkige ja k\u00fclastage!","og_url":"https:\/\/www.looduspood.ee\/ru\/product\/silikoonist-kanna-kaitsmega-sokid-kaitsevad-kannakudesid\/","og_site_name":"Looduspood","article_publisher":"https:\/\/www.facebook.com\/Looduspood-2064766730406653\/","article_modified_time":"2025-01-21T15:27:57+00:00","og_image":[{"width":900,"height":900,"url":"https:\/\/www.looduspood.ee\/wp-content\/uploads\/2024\/07\/Sokid-silikoonist-kannakaitsega-pragude-valtimiseks-jpg.avif","type":"image\/jpeg"}],"twitter_card":"summary_large_image","twitter_misc":{"\u041f\u0440\u0438\u043c\u0435\u0440\u043d\u043e\u0435 \u0432\u0440\u0435\u043c\u044f \u0434\u043b\u044f \u0447\u0442\u0435\u043d\u0438\u044f":"2 \u043c\u0438\u043d\u0443\u0442\u044b"},"schema":{"@context":"https:\/\/schema.org","@graph":[{"@type":"WebPage","@id":"https:\/\/www.looduspood.ee\/toode\/silikoonist-kanna-kaitsmega-sokid-kaitsevad-kannakudesid\/","url":"https:\/\/www.looduspood.ee\/toode\/silikoonist-kanna-kaitsmega-sokid-kaitsevad-kannakudesid\/","name":"Sokid silikoonist kanna kaitsmega - mugavus ja h\u00f5\u00f5rdet\u00f5kke &#8226;","isPartOf":{"@id":"https:\/\/www.looduspood.ee\/#website"},"primaryImageOfPage":{"@id":"https:\/\/www.looduspood.ee\/toode\/silikoonist-kanna-kaitsmega-sokid-kaitsevad-kannakudesid\/#primaryimage"},"image":{"@id":"https:\/\/www.looduspood.ee\/toode\/silikoonist-kanna-kaitsmega-sokid-kaitsevad-kannakudesid\/#primaryimage"},"thumbnailUrl":"https:\/\/www.looduspood.ee\/wp-content\/uploads\/2024\/07\/Sokid-silikoonist-kannakaitsega-pragude-valtimiseks-jpg.avif","datePublished":"2024-07-26T13:53:56+00:00","dateModified":"2025-01-21T15:27:57+00:00","description":"Sokid silikoonist kanna kaitsmega \ud83e\udde6 Mugavad ja hingavad \ud83d\udca8 Kaitsevad jalgu h\u00f5\u00f5rdumiste eest \u2705 Kohe saadaval \u2705 Kiire kohaletoimetamine \ud83e\udd55 Looduspood \u27a4 Klikkige ja k\u00fclastage!","breadcrumb":{"@id":"https:\/\/www.looduspood.ee\/toode\/silikoonist-kanna-kaitsmega-sokid-kaitsevad-kannakudesid\/#breadcrumb"},"inLanguage":"ru-RU","potentialAction":[{"@type":"ReadAction","target":["https:\/\/www.looduspood.ee\/toode\/silikoonist-kanna-kaitsmega-sokid-kaitsevad-kannakudesid\/"]}]},{"@type":"ImageObject","inLanguage":"ru-RU","@id":"https:\/\/www.looduspood.ee\/toode\/silikoonist-kanna-kaitsmega-sokid-kaitsevad-kannakudesid\/#primaryimage","url":"https:\/\/www.looduspood.ee\/wp-content\/uploads\/2024\/07\/Sokid-silikoonist-kannakaitsega-pragude-valtimiseks-jpg.avif","contentUrl":"https:\/\/www.looduspood.ee\/wp-content\/uploads\/2024\/07\/Sokid-silikoonist-kannakaitsega-pragude-valtimiseks-jpg.avif","width":900,"height":900},{"@type":"BreadcrumbList","@id":"https:\/\/www.looduspood.ee\/toode\/silikoonist-kanna-kaitsmega-sokid-kaitsevad-kannakudesid\/#breadcrumb","itemListElement":[{"@type":"ListItem","position":1,"name":"Home","item":"https:\/\/www.looduspood.ee\/"},{"@type":"ListItem","position":2,"name":"Pood","item":"https:\/\/www.looduspood.ee\/looduspood\/"},{"@type":"ListItem","position":3,"name":"Silikoonist kanna kaitsmega sokid kaitsevad kannakudesid"}]},{"@type":"WebSite","@id":"https:\/\/www.looduspood.ee\/#website","url":"https:\/\/www.looduspood.ee\/","name":"Looduspood","description":"Looduspood","publisher":{"@id":"https:\/\/www.looduspood.ee\/#organization"},"potentialAction":[{"@type":"SearchAction","target":{"@type":"EntryPoint","urlTemplate":"https:\/\/www.looduspood.ee\/?s={search_term_string}"},"query-input":"required name=search_term_string"}],"inLanguage":"ru-RU"},{"@type":"Organization","@id":"https:\/\/www.looduspood.ee\/#organization","name":"Looduspood","url":"https:\/\/www.looduspood.ee\/","logo":{"@type":"ImageObject","inLanguage":"ru-RU","@id":"https:\/\/www.looduspood.ee\/#\/schema\/logo\/image\/","url":"https:\/\/www.looduspood.ee\/wp-content\/uploads\/2019\/07\/morkva-1.png","contentUrl":"https:\/\/www.looduspood.ee\/wp-content\/uploads\/2019\/07\/morkva-1.png","width":258,"height":162,"caption":"Looduspood"},"image":{"@id":"https:\/\/www.looduspood.ee\/#\/schema\/logo\/image\/"},"sameAs":["https:\/\/www.facebook.com\/Looduspood-2064766730406653\/","https:\/\/www.youtube.com\/channel\/UCGxI8Tgkgvwn7Q9U8Qh6UgA?view_as=subscriber"]}]}},"tiered_pricing_type":"fixed","tiered_pricing_fixed_rules":[],"_links":{"self":[{"href":"https:\/\/www.looduspood.ee\/ru\/wp-json\/wp\/v2\/product\/60001"}],"collection":[{"href":"https:\/\/www.looduspood.ee\/ru\/wp-json\/wp\/v2\/product"}],"about":[{"href":"https:\/\/www.looduspood.ee\/ru\/wp-json\/wp\/v2\/types\/product"}],"replies":[{"embeddable":true,"href":"https:\/\/www.looduspood.ee\/ru\/wp-json\/wp\/v2\/comments?post=60001"}],"version-history":[{"count":0,"href":"https:\/\/www.looduspood.ee\/ru\/wp-json\/wp\/v2\/product\/60001\/revisions"}],"wp:featuredmedia":[{"embeddable":true,"href":"https:\/\/www.looduspood.ee\/ru\/wp-json\/wp\/v2\/media\/59588"}],"wp:attachment":[{"href":"https:\/\/www.looduspood.ee\/ru\/wp-json\/wp\/v2\/media?parent=60001"}],"wp:term":[{"taxonomy":"product_cat","embeddable":true,"href":"https:\/\/www.looduspood.ee\/ru\/wp-json\/wp\/v2\/product_cat?post=60001"},{"taxonomy":"product_tag","embeddable":true,"href":"https:\/\/www.looduspood.ee\/ru\/wp-json\/wp\/v2\/product_tag?post=60001"}],"curies":[{"name":"wp","href":"https:\/\/api.w.org\/{rel}","templated":true}]}}