{"id":60006,"date":"2024-07-26T16:53:57","date_gmt":"2024-07-26T13:53:57","guid":{"rendered":"https:\/\/www.looduspood.ee\/toode\/professionaalne-kupumassaazi-komplekt-lihasvalude-leevendamiseks\/"},"modified":"2025-11-14T22:12:03","modified_gmt":"2025-11-14T19:12:03","slug":"professionaalne-kupumassaazi-komplekt-lihasvalude-leevendamiseks","status":"publish","type":"product","link":"https:\/\/www.looduspood.ee\/ru\/product\/professionaalne-kupumassaazi-komplekt-lihasvalude-leevendamiseks\/","title":{"rendered":"Professionaalne kupumassaa\u017ei komplekt lihasvalude leevendamiseks"},"content":{"rendered":"<p>Professionaalne kuputeraapiakomple kt &#8211; parim lahendus lihas- ja liigesevalude leevendamiseks!<\/p>\n<p>Kas olete t\u00fcdinenud piinavatest lihas- ja liigesevalu dest, mis takistavad teil nauditaeluviisist? Meie kuputeraapiakomple kt on loodud spetsiaalselt teie jaoks, pakkudes efektiivset ja loomulikku leevendust. Koosnedes 12 topeltsiinidest vakuumkupudest, v\u00f5imaldab see komplekt teie nahka \u00f5rnalt masseerida, suurendades vereringe ja leevendades pinget.<\/p>\n<p>Kuputeraapia on tuhandeaastane traditsioon, mis on tuntud oma v\u00f5ime poolest l\u00f5dvestada lihaseid, v\u00e4hendada turset ja kiirendada taastumist. Meie komplekt on valmistatud vastupidavast ja ohutust silikoonmaterjalist, mis tagab mugava ja ohutu kasutamise. Seadmega kaasas olevad juhised muudavad selle kasutamise lihtsaks ja l\u00f5busaks.<\/p>\n<p>\u00c4rge laske enam valul piirata teie elustiili.<\/p>","protected":false},"excerpt":{"rendered":"<p>\u2705 Aitab l\u00f5dvestada ja v\u00e4hendada lihasepinget;<br \/>\n\u2705 Suurendab vereringe ja leevendab turset;<br \/>\n\u2705 Kiirendab taastumist ja leevendab valu;<br \/>\n\u2705 Komplekt on valmistatud vastupidavast ja ohutust silikoonmaterjalist.<\/p>","protected":false},"featured_media":59608,"comment_status":"closed","ping_status":"closed","template":"","meta":{"_acf_changed":false},"product_cat":[5052,2685],"product_tag":[],"class_list":{"0":"post-60006","1":"product","2":"type-product","3":"status-publish","4":"has-post-thumbnail","6":"product_cat-kampaaniatooted","7":"product_cat-massaziseadmed","9":"first","10":"outofstock","11":"sale","12":"shipping-taxable","13":"purchasable","14":"product-type-simple"},"acf":[],"yoast_head":"<!-- This site is optimized with the Yoast SEO plugin v23.0 - https:\/\/yoast.com\/wordpress\/plugins\/seo\/ -->\n<title>Kupumassaa\u017ei komplekt: l\u00f5\u00f5gastav ja taastav &#8226; Looduspood<\/title>\n<meta name=\"description\" content=\"Kupumassaa\u017ei komplekt\u2705 Kohe saadaval \u2705 Kiire kohaletoimetamine \ud83e\udd55 Looduspood \u27a4 Klikkige ja k\u00fclastage!\" \/>\n<meta name=\"robots\" content=\"index, follow, max-snippet:-1, max-image-preview:large, max-video-preview:-1\" \/>\n<link rel=\"canonical\" href=\"https:\/\/www.looduspood.ee\/ru\/product\/professionaalne-kupumassaazi-komplekt-lihasvalude-leevendamiseks\/\" \/>\n<meta property=\"og:locale\" content=\"ru_RU\" \/>\n<meta property=\"og:type\" content=\"article\" \/>\n<meta property=\"og:title\" content=\"Kupumassaa\u017ei komplekt: l\u00f5\u00f5gastav ja taastav &#8226; Looduspood\" \/>\n<meta property=\"og:description\" content=\"Kupumassaa\u017ei komplekt\u2705 Kohe saadaval \u2705 Kiire kohaletoimetamine \ud83e\udd55 Looduspood \u27a4 Klikkige ja k\u00fclastage!\" \/>\n<meta property=\"og:url\" content=\"https:\/\/www.looduspood.ee\/ru\/product\/professionaalne-kupumassaazi-komplekt-lihasvalude-leevendamiseks\/\" \/>\n<meta property=\"og:site_name\" content=\"Looduspood\" \/>\n<meta property=\"article:publisher\" content=\"https:\/\/www.facebook.com\/Looduspood-2064766730406653\/\" \/>\n<meta property=\"article:modified_time\" content=\"2025-11-14T19:12:03+00:00\" \/>\n<meta property=\"og:image\" content=\"https:\/\/www.looduspood.ee\/wp-content\/uploads\/2024\/07\/Vaakummassaazi-komplekt-jpg.avif\" \/>\n\t<meta property=\"og:image:width\" content=\"900\" \/>\n\t<meta property=\"og:image:height\" content=\"900\" \/>\n\t<meta property=\"og:image:type\" content=\"image\/jpeg\" \/>\n<meta name=\"twitter:card\" content=\"summary_large_image\" \/>\n<meta name=\"twitter:label1\" content=\"\u041f\u0440\u0438\u043c\u0435\u0440\u043d\u043e\u0435 \u0432\u0440\u0435\u043c\u044f \u0434\u043b\u044f \u0447\u0442\u0435\u043d\u0438\u044f\" \/>\n\t<meta name=\"twitter:data1\" content=\"1 \u043c\u0438\u043d\u0443\u0442\u0430\" \/>\n<script type=\"application\/ld+json\" class=\"yoast-schema-graph\">{\"@context\":\"https:\/\/schema.org\",\"@graph\":[{\"@type\":\"WebPage\",\"@id\":\"https:\/\/www.looduspood.ee\/toode\/professionaalne-kupumassaazi-komplekt-lihasvalude-leevendamiseks\/\",\"url\":\"https:\/\/www.looduspood.ee\/toode\/professionaalne-kupumassaazi-komplekt-lihasvalude-leevendamiseks\/\",\"name\":\"Kupumassaa\u017ei komplekt: l\u00f5\u00f5gastav ja taastav &#8226; Looduspood\",\"isPartOf\":{\"@id\":\"https:\/\/www.looduspood.ee\/#website\"},\"primaryImageOfPage\":{\"@id\":\"https:\/\/www.looduspood.ee\/toode\/professionaalne-kupumassaazi-komplekt-lihasvalude-leevendamiseks\/#primaryimage\"},\"image\":{\"@id\":\"https:\/\/www.looduspood.ee\/toode\/professionaalne-kupumassaazi-komplekt-lihasvalude-leevendamiseks\/#primaryimage\"},\"thumbnailUrl\":\"https:\/\/www.looduspood.ee\/wp-content\/uploads\/2024\/07\/Vaakummassaazi-komplekt-jpg.avif\",\"datePublished\":\"2024-07-26T13:53:57+00:00\",\"dateModified\":\"2025-11-14T19:12:03+00:00\",\"description\":\"Kupumassaa\u017ei komplekt\u2705 Kohe saadaval \u2705 Kiire kohaletoimetamine \ud83e\udd55 Looduspood \u27a4 Klikkige ja k\u00fclastage!\",\"breadcrumb\":{\"@id\":\"https:\/\/www.looduspood.ee\/toode\/professionaalne-kupumassaazi-komplekt-lihasvalude-leevendamiseks\/#breadcrumb\"},\"inLanguage\":\"ru-RU\",\"potentialAction\":[{\"@type\":\"ReadAction\",\"target\":[\"https:\/\/www.looduspood.ee\/toode\/professionaalne-kupumassaazi-komplekt-lihasvalude-leevendamiseks\/\"]}]},{\"@type\":\"ImageObject\",\"inLanguage\":\"ru-RU\",\"@id\":\"https:\/\/www.looduspood.ee\/toode\/professionaalne-kupumassaazi-komplekt-lihasvalude-leevendamiseks\/#primaryimage\",\"url\":\"https:\/\/www.looduspood.ee\/wp-content\/uploads\/2024\/07\/Vaakummassaazi-komplekt-jpg.avif\",\"contentUrl\":\"https:\/\/www.looduspood.ee\/wp-content\/uploads\/2024\/07\/Vaakummassaazi-komplekt-jpg.avif\",\"width\":900,\"height\":900},{\"@type\":\"BreadcrumbList\",\"@id\":\"https:\/\/www.looduspood.ee\/toode\/professionaalne-kupumassaazi-komplekt-lihasvalude-leevendamiseks\/#breadcrumb\",\"itemListElement\":[{\"@type\":\"ListItem\",\"position\":1,\"name\":\"Home\",\"item\":\"https:\/\/www.looduspood.ee\/\"},{\"@type\":\"ListItem\",\"position\":2,\"name\":\"Pood\",\"item\":\"https:\/\/www.looduspood.ee\/looduspood\/\"},{\"@type\":\"ListItem\",\"position\":3,\"name\":\"Professionaalne kupumassaa\u017ei komplekt lihasvalude leevendamiseks\"}]},{\"@type\":\"WebSite\",\"@id\":\"https:\/\/www.looduspood.ee\/#website\",\"url\":\"https:\/\/www.looduspood.ee\/\",\"name\":\"Looduspood\",\"description\":\"Looduspood\",\"publisher\":{\"@id\":\"https:\/\/www.looduspood.ee\/#organization\"},\"potentialAction\":[{\"@type\":\"SearchAction\",\"target\":{\"@type\":\"EntryPoint\",\"urlTemplate\":\"https:\/\/www.looduspood.ee\/?s={search_term_string}\"},\"query-input\":\"required name=search_term_string\"}],\"inLanguage\":\"ru-RU\"},{\"@type\":\"Organization\",\"@id\":\"https:\/\/www.looduspood.ee\/#organization\",\"name\":\"Looduspood\",\"url\":\"https:\/\/www.looduspood.ee\/\",\"logo\":{\"@type\":\"ImageObject\",\"inLanguage\":\"ru-RU\",\"@id\":\"https:\/\/www.looduspood.ee\/#\/schema\/logo\/image\/\",\"url\":\"https:\/\/www.looduspood.ee\/wp-content\/uploads\/2019\/07\/morkva-1.png\",\"contentUrl\":\"https:\/\/www.looduspood.ee\/wp-content\/uploads\/2019\/07\/morkva-1.png\",\"width\":258,\"height\":162,\"caption\":\"Looduspood\"},\"image\":{\"@id\":\"https:\/\/www.looduspood.ee\/#\/schema\/logo\/image\/\"},\"sameAs\":[\"https:\/\/www.facebook.com\/Looduspood-2064766730406653\/\",\"https:\/\/www.youtube.com\/channel\/UCGxI8Tgkgvwn7Q9U8Qh6UgA?view_as=subscriber\"]}]}<\/script>\n<!-- \/ Yoast SEO plugin. -->","yoast_head_json":{"title":"Kupumassaa\u017ei komplekt: l\u00f5\u00f5gastav ja taastav &#8226; Looduspood","description":"Kupumassaa\u017ei komplekt\u2705 Kohe saadaval \u2705 Kiire kohaletoimetamine \ud83e\udd55 Looduspood \u27a4 Klikkige ja k\u00fclastage!","robots":{"index":"index","follow":"follow","max-snippet":"max-snippet:-1","max-image-preview":"max-image-preview:large","max-video-preview":"max-video-preview:-1"},"canonical":"https:\/\/www.looduspood.ee\/ru\/product\/professionaalne-kupumassaazi-komplekt-lihasvalude-leevendamiseks\/","og_locale":"ru_RU","og_type":"article","og_title":"Kupumassaa\u017ei komplekt: l\u00f5\u00f5gastav ja taastav &#8226; Looduspood","og_description":"Kupumassaa\u017ei komplekt\u2705 Kohe saadaval \u2705 Kiire kohaletoimetamine \ud83e\udd55 Looduspood \u27a4 Klikkige ja k\u00fclastage!","og_url":"https:\/\/www.looduspood.ee\/ru\/product\/professionaalne-kupumassaazi-komplekt-lihasvalude-leevendamiseks\/","og_site_name":"Looduspood","article_publisher":"https:\/\/www.facebook.com\/Looduspood-2064766730406653\/","article_modified_time":"2025-11-14T19:12:03+00:00","og_image":[{"width":900,"height":900,"url":"https:\/\/www.looduspood.ee\/wp-content\/uploads\/2024\/07\/Vaakummassaazi-komplekt-jpg.avif","type":"image\/jpeg"}],"twitter_card":"summary_large_image","twitter_misc":{"\u041f\u0440\u0438\u043c\u0435\u0440\u043d\u043e\u0435 \u0432\u0440\u0435\u043c\u044f \u0434\u043b\u044f \u0447\u0442\u0435\u043d\u0438\u044f":"1 \u043c\u0438\u043d\u0443\u0442\u0430"},"schema":{"@context":"https:\/\/schema.org","@graph":[{"@type":"WebPage","@id":"https:\/\/www.looduspood.ee\/toode\/professionaalne-kupumassaazi-komplekt-lihasvalude-leevendamiseks\/","url":"https:\/\/www.looduspood.ee\/toode\/professionaalne-kupumassaazi-komplekt-lihasvalude-leevendamiseks\/","name":"Kupumassaa\u017ei komplekt: l\u00f5\u00f5gastav ja taastav &#8226; Looduspood","isPartOf":{"@id":"https:\/\/www.looduspood.ee\/#website"},"primaryImageOfPage":{"@id":"https:\/\/www.looduspood.ee\/toode\/professionaalne-kupumassaazi-komplekt-lihasvalude-leevendamiseks\/#primaryimage"},"image":{"@id":"https:\/\/www.looduspood.ee\/toode\/professionaalne-kupumassaazi-komplekt-lihasvalude-leevendamiseks\/#primaryimage"},"thumbnailUrl":"https:\/\/www.looduspood.ee\/wp-content\/uploads\/2024\/07\/Vaakummassaazi-komplekt-jpg.avif","datePublished":"2024-07-26T13:53:57+00:00","dateModified":"2025-11-14T19:12:03+00:00","description":"Kupumassaa\u017ei komplekt\u2705 Kohe saadaval \u2705 Kiire kohaletoimetamine \ud83e\udd55 Looduspood \u27a4 Klikkige ja k\u00fclastage!","breadcrumb":{"@id":"https:\/\/www.looduspood.ee\/toode\/professionaalne-kupumassaazi-komplekt-lihasvalude-leevendamiseks\/#breadcrumb"},"inLanguage":"ru-RU","potentialAction":[{"@type":"ReadAction","target":["https:\/\/www.looduspood.ee\/toode\/professionaalne-kupumassaazi-komplekt-lihasvalude-leevendamiseks\/"]}]},{"@type":"ImageObject","inLanguage":"ru-RU","@id":"https:\/\/www.looduspood.ee\/toode\/professionaalne-kupumassaazi-komplekt-lihasvalude-leevendamiseks\/#primaryimage","url":"https:\/\/www.looduspood.ee\/wp-content\/uploads\/2024\/07\/Vaakummassaazi-komplekt-jpg.avif","contentUrl":"https:\/\/www.looduspood.ee\/wp-content\/uploads\/2024\/07\/Vaakummassaazi-komplekt-jpg.avif","width":900,"height":900},{"@type":"BreadcrumbList","@id":"https:\/\/www.looduspood.ee\/toode\/professionaalne-kupumassaazi-komplekt-lihasvalude-leevendamiseks\/#breadcrumb","itemListElement":[{"@type":"ListItem","position":1,"name":"Home","item":"https:\/\/www.looduspood.ee\/"},{"@type":"ListItem","position":2,"name":"Pood","item":"https:\/\/www.looduspood.ee\/looduspood\/"},{"@type":"ListItem","position":3,"name":"Professionaalne kupumassaa\u017ei komplekt lihasvalude leevendamiseks"}]},{"@type":"WebSite","@id":"https:\/\/www.looduspood.ee\/#website","url":"https:\/\/www.looduspood.ee\/","name":"Looduspood","description":"Looduspood","publisher":{"@id":"https:\/\/www.looduspood.ee\/#organization"},"potentialAction":[{"@type":"SearchAction","target":{"@type":"EntryPoint","urlTemplate":"https:\/\/www.looduspood.ee\/?s={search_term_string}"},"query-input":"required name=search_term_string"}],"inLanguage":"ru-RU"},{"@type":"Organization","@id":"https:\/\/www.looduspood.ee\/#organization","name":"Looduspood","url":"https:\/\/www.looduspood.ee\/","logo":{"@type":"ImageObject","inLanguage":"ru-RU","@id":"https:\/\/www.looduspood.ee\/#\/schema\/logo\/image\/","url":"https:\/\/www.looduspood.ee\/wp-content\/uploads\/2019\/07\/morkva-1.png","contentUrl":"https:\/\/www.looduspood.ee\/wp-content\/uploads\/2019\/07\/morkva-1.png","width":258,"height":162,"caption":"Looduspood"},"image":{"@id":"https:\/\/www.looduspood.ee\/#\/schema\/logo\/image\/"},"sameAs":["https:\/\/www.facebook.com\/Looduspood-2064766730406653\/","https:\/\/www.youtube.com\/channel\/UCGxI8Tgkgvwn7Q9U8Qh6UgA?view_as=subscriber"]}]}},"tiered_pricing_type":"fixed","tiered_pricing_fixed_rules":[],"_links":{"self":[{"href":"https:\/\/www.looduspood.ee\/ru\/wp-json\/wp\/v2\/product\/60006"}],"collection":[{"href":"https:\/\/www.looduspood.ee\/ru\/wp-json\/wp\/v2\/product"}],"about":[{"href":"https:\/\/www.looduspood.ee\/ru\/wp-json\/wp\/v2\/types\/product"}],"replies":[{"embeddable":true,"href":"https:\/\/www.looduspood.ee\/ru\/wp-json\/wp\/v2\/comments?post=60006"}],"version-history":[{"count":0,"href":"https:\/\/www.looduspood.ee\/ru\/wp-json\/wp\/v2\/product\/60006\/revisions"}],"wp:featuredmedia":[{"embeddable":true,"href":"https:\/\/www.looduspood.ee\/ru\/wp-json\/wp\/v2\/media\/59608"}],"wp:attachment":[{"href":"https:\/\/www.looduspood.ee\/ru\/wp-json\/wp\/v2\/media?parent=60006"}],"wp:term":[{"taxonomy":"product_cat","embeddable":true,"href":"https:\/\/www.looduspood.ee\/ru\/wp-json\/wp\/v2\/product_cat?post=60006"},{"taxonomy":"product_tag","embeddable":true,"href":"https:\/\/www.looduspood.ee\/ru\/wp-json\/wp\/v2\/product_tag?post=60006"}],"curies":[{"name":"wp","href":"https:\/\/api.w.org\/{rel}","templated":true}]}}