{"id":60009,"date":"2024-07-26T16:53:58","date_gmt":"2024-07-26T13:53:58","guid":{"rendered":"https:\/\/www.looduspood.ee\/toode\/moksapulgad-leevendavad-valu-ja-pinget-lihaste-masseerimisega\/"},"modified":"2025-01-21T18:27:57","modified_gmt":"2025-01-21T15:27:57","slug":"moksapulgad-leevendavad-valu-ja-pinget-lihaste-masseerimisega","status":"publish","type":"product","link":"https:\/\/www.looduspood.ee\/ru\/product\/moksapulgad-leevendavad-valu-ja-pinget-lihaste-masseerimisega\/","title":{"rendered":"Moksapulgad &#8211; T\u00f5husad looduslikud teraapiavahendid tervise parandamiseks"},"content":{"rendered":"<p>Moksapulgad on \u00f5hukesed puhastatud \u00fcrdipulgakesed, mida kasutatakse traditsioonilises Onnuri Su Jok teraapias. See meetod kasutab k\u00e4e ja jala v\u00e4ikeseid mudeleid kehale tervendava m\u00f5ju avaldamiseks. Moksapulgad v\u00f5imaldavad soojusravi haavatute organite ja piirkondade vastavuspunktides k\u00e4tel ja jalgadel.<\/p>\n<p>T\u00e4nu oma v\u00e4ikestele m\u00f5\u00f5tmetele eraldavad p\u00f5levad moksapulgad v\u00e4he suitsu, kuid annavad piisavalt soojusenergiat. Parema p\u00f5lemise tagamiseks niiskes \u00f5hus on soovitatav pulgakesi eelsoojendada radiaatoril.<\/p>\n<p>Moksapulgaga t\u00f6\u00f6tamise j\u00e4rjekord:<br \/>\nEttevalmistus: asetage moksapulk otse nahale vastavuspunktile. Pulga v\u00e4ikese suuruse ja kaalu t\u00f5ttu tekib naha ja pulga vahel piisav haardumine, et hoida pulka p\u00fcstises asendis kinnitamata.<\/p>\n<p>Paigaldamine: pange k\u00e4si v\u00f5i jalg horisontaalsesse asendisse, et v\u00e4ltida pulga kukkumist raskusj\u00f5u t\u00f5ttu. P\u00fc\u00fcdke samuti hoida j\u00e4set liikumatuna.<\/p>\n<p>Kasutamine: v\u00f5tke moksapulk kahe s\u00f5rme vahele ja asetage \u00fcks ots kindlalt vastavuspunktile, et see j\u00e4\u00e4ks p\u00fcstiasendisse.<\/p>\n<p>Aktiveerimine: kui pulk on tugevalt kinnitunud, s\u00fc\u00fcdake selle \u00fclemine ots tulemasinaga.<\/p>\n<p>Teraapiline toime: p\u00f5lev moksapulk annab t\u00e4ppissoojusravi punktile p\u00f5letushaava tekitamisega.<\/p>\n<p>L\u00f5petamine: p\u00e4rast ravi raputage tuhk nahalt maha.<\/p>\n<p>Nende sammude j\u00e4rgimine tagab moksapulkade t\u00f5husa kasutamise soojusteraapias, parandades teie tervist ja heaolu l\u00e4bi keha akupunktuuripunktide stimuleerimise.<\/p>","protected":false},"excerpt":{"rendered":"<p>\u2705 Suurendab kehasisest energia voogu, parandades seega organismi \u00fcldist toimimist;<br \/>\n\u2705 Aitab kaasa valuvaigistusele ja p\u00f5letikuvastasele toimele;<br \/>\n\u2705 V\u00f5ib aidata leevendada mitmesuguseid terviseh\u00e4ireid, nagu k\u00f5rge verer\u00f5hk, migreen jne;<br \/>\n\u2705 Aitab s\u00fcgavamalt l\u00f5\u00f5gastuda ja lihaseid l\u00f5dvestada.<\/p>","protected":false},"featured_media":59634,"comment_status":"closed","ping_status":"closed","template":"","meta":{"_acf_changed":false},"product_cat":[5052,2685],"product_tag":[],"class_list":{"0":"post-60009","1":"product","2":"type-product","3":"status-publish","4":"has-post-thumbnail","6":"product_cat-kampaaniatooted","7":"product_cat-massaziseadmed","9":"first","10":"instock","11":"shipping-taxable","12":"purchasable","13":"product-type-simple"},"acf":[],"yoast_head":"<!-- This site is optimized with the Yoast SEO plugin v23.0 - https:\/\/yoast.com\/wordpress\/plugins\/seo\/ -->\n<title>Moksapulgad - loomulik ja t\u00f5hus viis valu leevendada &#8226; Looduspood<\/title>\n<meta name=\"description\" content=\"Moksapulgad \u2705 Kohe saadaval \u2705 Kiire kohaletoimetamine \ud83e\udd55 Looduspood \u27a4 Klikkige ja k\u00fclastage!\" \/>\n<meta name=\"robots\" content=\"index, follow, max-snippet:-1, max-image-preview:large, max-video-preview:-1\" \/>\n<link rel=\"canonical\" href=\"https:\/\/www.looduspood.ee\/ru\/product\/moksapulgad-leevendavad-valu-ja-pinget-lihaste-masseerimisega\/\" \/>\n<meta property=\"og:locale\" content=\"ru_RU\" \/>\n<meta property=\"og:type\" content=\"article\" \/>\n<meta property=\"og:title\" content=\"Moksapulgad - loomulik ja t\u00f5hus viis valu leevendada &#8226; Looduspood\" \/>\n<meta property=\"og:description\" content=\"Moksapulgad \u2705 Kohe saadaval \u2705 Kiire kohaletoimetamine \ud83e\udd55 Looduspood \u27a4 Klikkige ja k\u00fclastage!\" \/>\n<meta property=\"og:url\" content=\"https:\/\/www.looduspood.ee\/ru\/product\/moksapulgad-leevendavad-valu-ja-pinget-lihaste-masseerimisega\/\" \/>\n<meta property=\"og:site_name\" content=\"Looduspood\" \/>\n<meta property=\"article:publisher\" content=\"https:\/\/www.facebook.com\/Looduspood-2064766730406653\/\" \/>\n<meta property=\"article:modified_time\" content=\"2025-01-21T15:27:57+00:00\" \/>\n<meta property=\"og:image\" content=\"https:\/\/www.looduspood.ee\/wp-content\/uploads\/2024\/07\/Akupunktuuripunktide-massaaziseade-jpg.avif\" \/>\n\t<meta property=\"og:image:width\" content=\"900\" \/>\n\t<meta property=\"og:image:height\" content=\"900\" \/>\n\t<meta property=\"og:image:type\" content=\"image\/jpeg\" \/>\n<meta name=\"twitter:card\" content=\"summary_large_image\" \/>\n<meta name=\"twitter:label1\" content=\"\u041f\u0440\u0438\u043c\u0435\u0440\u043d\u043e\u0435 \u0432\u0440\u0435\u043c\u044f \u0434\u043b\u044f \u0447\u0442\u0435\u043d\u0438\u044f\" \/>\n\t<meta name=\"twitter:data1\" content=\"2 \u043c\u0438\u043d\u0443\u0442\u044b\" \/>\n<script type=\"application\/ld+json\" class=\"yoast-schema-graph\">{\"@context\":\"https:\/\/schema.org\",\"@graph\":[{\"@type\":\"WebPage\",\"@id\":\"https:\/\/www.looduspood.ee\/toode\/moksapulgad-leevendavad-valu-ja-pinget-lihaste-masseerimisega\/\",\"url\":\"https:\/\/www.looduspood.ee\/toode\/moksapulgad-leevendavad-valu-ja-pinget-lihaste-masseerimisega\/\",\"name\":\"Moksapulgad - loomulik ja t\u00f5hus viis valu leevendada &#8226; Looduspood\",\"isPartOf\":{\"@id\":\"https:\/\/www.looduspood.ee\/#website\"},\"primaryImageOfPage\":{\"@id\":\"https:\/\/www.looduspood.ee\/toode\/moksapulgad-leevendavad-valu-ja-pinget-lihaste-masseerimisega\/#primaryimage\"},\"image\":{\"@id\":\"https:\/\/www.looduspood.ee\/toode\/moksapulgad-leevendavad-valu-ja-pinget-lihaste-masseerimisega\/#primaryimage\"},\"thumbnailUrl\":\"https:\/\/www.looduspood.ee\/wp-content\/uploads\/2024\/07\/Akupunktuuripunktide-massaaziseade-jpg.avif\",\"datePublished\":\"2024-07-26T13:53:58+00:00\",\"dateModified\":\"2025-01-21T15:27:57+00:00\",\"description\":\"Moksapulgad \u2705 Kohe saadaval \u2705 Kiire kohaletoimetamine \ud83e\udd55 Looduspood \u27a4 Klikkige ja k\u00fclastage!\",\"breadcrumb\":{\"@id\":\"https:\/\/www.looduspood.ee\/toode\/moksapulgad-leevendavad-valu-ja-pinget-lihaste-masseerimisega\/#breadcrumb\"},\"inLanguage\":\"ru-RU\",\"potentialAction\":[{\"@type\":\"ReadAction\",\"target\":[\"https:\/\/www.looduspood.ee\/toode\/moksapulgad-leevendavad-valu-ja-pinget-lihaste-masseerimisega\/\"]}]},{\"@type\":\"ImageObject\",\"inLanguage\":\"ru-RU\",\"@id\":\"https:\/\/www.looduspood.ee\/toode\/moksapulgad-leevendavad-valu-ja-pinget-lihaste-masseerimisega\/#primaryimage\",\"url\":\"https:\/\/www.looduspood.ee\/wp-content\/uploads\/2024\/07\/Akupunktuuripunktide-massaaziseade-jpg.avif\",\"contentUrl\":\"https:\/\/www.looduspood.ee\/wp-content\/uploads\/2024\/07\/Akupunktuuripunktide-massaaziseade-jpg.avif\",\"width\":900,\"height\":900},{\"@type\":\"BreadcrumbList\",\"@id\":\"https:\/\/www.looduspood.ee\/toode\/moksapulgad-leevendavad-valu-ja-pinget-lihaste-masseerimisega\/#breadcrumb\",\"itemListElement\":[{\"@type\":\"ListItem\",\"position\":1,\"name\":\"Home\",\"item\":\"https:\/\/www.looduspood.ee\/\"},{\"@type\":\"ListItem\",\"position\":2,\"name\":\"Pood\",\"item\":\"https:\/\/www.looduspood.ee\/looduspood\/\"},{\"@type\":\"ListItem\",\"position\":3,\"name\":\"Moksapulgad &#8211; T\u00f5husad looduslikud teraapiavahendid tervise parandamiseks\"}]},{\"@type\":\"WebSite\",\"@id\":\"https:\/\/www.looduspood.ee\/#website\",\"url\":\"https:\/\/www.looduspood.ee\/\",\"name\":\"Looduspood\",\"description\":\"Looduspood\",\"publisher\":{\"@id\":\"https:\/\/www.looduspood.ee\/#organization\"},\"potentialAction\":[{\"@type\":\"SearchAction\",\"target\":{\"@type\":\"EntryPoint\",\"urlTemplate\":\"https:\/\/www.looduspood.ee\/?s={search_term_string}\"},\"query-input\":\"required name=search_term_string\"}],\"inLanguage\":\"ru-RU\"},{\"@type\":\"Organization\",\"@id\":\"https:\/\/www.looduspood.ee\/#organization\",\"name\":\"Looduspood\",\"url\":\"https:\/\/www.looduspood.ee\/\",\"logo\":{\"@type\":\"ImageObject\",\"inLanguage\":\"ru-RU\",\"@id\":\"https:\/\/www.looduspood.ee\/#\/schema\/logo\/image\/\",\"url\":\"https:\/\/www.looduspood.ee\/wp-content\/uploads\/2019\/07\/morkva-1.png\",\"contentUrl\":\"https:\/\/www.looduspood.ee\/wp-content\/uploads\/2019\/07\/morkva-1.png\",\"width\":258,\"height\":162,\"caption\":\"Looduspood\"},\"image\":{\"@id\":\"https:\/\/www.looduspood.ee\/#\/schema\/logo\/image\/\"},\"sameAs\":[\"https:\/\/www.facebook.com\/Looduspood-2064766730406653\/\",\"https:\/\/www.youtube.com\/channel\/UCGxI8Tgkgvwn7Q9U8Qh6UgA?view_as=subscriber\"]}]}<\/script>\n<!-- \/ Yoast SEO plugin. -->","yoast_head_json":{"title":"Moksapulgad - loomulik ja t\u00f5hus viis valu leevendada &#8226; Looduspood","description":"Moksapulgad \u2705 Kohe saadaval \u2705 Kiire kohaletoimetamine \ud83e\udd55 Looduspood \u27a4 Klikkige ja k\u00fclastage!","robots":{"index":"index","follow":"follow","max-snippet":"max-snippet:-1","max-image-preview":"max-image-preview:large","max-video-preview":"max-video-preview:-1"},"canonical":"https:\/\/www.looduspood.ee\/ru\/product\/moksapulgad-leevendavad-valu-ja-pinget-lihaste-masseerimisega\/","og_locale":"ru_RU","og_type":"article","og_title":"Moksapulgad - loomulik ja t\u00f5hus viis valu leevendada &#8226; Looduspood","og_description":"Moksapulgad \u2705 Kohe saadaval \u2705 Kiire kohaletoimetamine \ud83e\udd55 Looduspood \u27a4 Klikkige ja k\u00fclastage!","og_url":"https:\/\/www.looduspood.ee\/ru\/product\/moksapulgad-leevendavad-valu-ja-pinget-lihaste-masseerimisega\/","og_site_name":"Looduspood","article_publisher":"https:\/\/www.facebook.com\/Looduspood-2064766730406653\/","article_modified_time":"2025-01-21T15:27:57+00:00","og_image":[{"width":900,"height":900,"url":"https:\/\/www.looduspood.ee\/wp-content\/uploads\/2024\/07\/Akupunktuuripunktide-massaaziseade-jpg.avif","type":"image\/jpeg"}],"twitter_card":"summary_large_image","twitter_misc":{"\u041f\u0440\u0438\u043c\u0435\u0440\u043d\u043e\u0435 \u0432\u0440\u0435\u043c\u044f \u0434\u043b\u044f \u0447\u0442\u0435\u043d\u0438\u044f":"2 \u043c\u0438\u043d\u0443\u0442\u044b"},"schema":{"@context":"https:\/\/schema.org","@graph":[{"@type":"WebPage","@id":"https:\/\/www.looduspood.ee\/toode\/moksapulgad-leevendavad-valu-ja-pinget-lihaste-masseerimisega\/","url":"https:\/\/www.looduspood.ee\/toode\/moksapulgad-leevendavad-valu-ja-pinget-lihaste-masseerimisega\/","name":"Moksapulgad - loomulik ja t\u00f5hus viis valu leevendada &#8226; Looduspood","isPartOf":{"@id":"https:\/\/www.looduspood.ee\/#website"},"primaryImageOfPage":{"@id":"https:\/\/www.looduspood.ee\/toode\/moksapulgad-leevendavad-valu-ja-pinget-lihaste-masseerimisega\/#primaryimage"},"image":{"@id":"https:\/\/www.looduspood.ee\/toode\/moksapulgad-leevendavad-valu-ja-pinget-lihaste-masseerimisega\/#primaryimage"},"thumbnailUrl":"https:\/\/www.looduspood.ee\/wp-content\/uploads\/2024\/07\/Akupunktuuripunktide-massaaziseade-jpg.avif","datePublished":"2024-07-26T13:53:58+00:00","dateModified":"2025-01-21T15:27:57+00:00","description":"Moksapulgad \u2705 Kohe saadaval \u2705 Kiire kohaletoimetamine \ud83e\udd55 Looduspood \u27a4 Klikkige ja k\u00fclastage!","breadcrumb":{"@id":"https:\/\/www.looduspood.ee\/toode\/moksapulgad-leevendavad-valu-ja-pinget-lihaste-masseerimisega\/#breadcrumb"},"inLanguage":"ru-RU","potentialAction":[{"@type":"ReadAction","target":["https:\/\/www.looduspood.ee\/toode\/moksapulgad-leevendavad-valu-ja-pinget-lihaste-masseerimisega\/"]}]},{"@type":"ImageObject","inLanguage":"ru-RU","@id":"https:\/\/www.looduspood.ee\/toode\/moksapulgad-leevendavad-valu-ja-pinget-lihaste-masseerimisega\/#primaryimage","url":"https:\/\/www.looduspood.ee\/wp-content\/uploads\/2024\/07\/Akupunktuuripunktide-massaaziseade-jpg.avif","contentUrl":"https:\/\/www.looduspood.ee\/wp-content\/uploads\/2024\/07\/Akupunktuuripunktide-massaaziseade-jpg.avif","width":900,"height":900},{"@type":"BreadcrumbList","@id":"https:\/\/www.looduspood.ee\/toode\/moksapulgad-leevendavad-valu-ja-pinget-lihaste-masseerimisega\/#breadcrumb","itemListElement":[{"@type":"ListItem","position":1,"name":"Home","item":"https:\/\/www.looduspood.ee\/"},{"@type":"ListItem","position":2,"name":"Pood","item":"https:\/\/www.looduspood.ee\/looduspood\/"},{"@type":"ListItem","position":3,"name":"Moksapulgad &#8211; T\u00f5husad looduslikud teraapiavahendid tervise parandamiseks"}]},{"@type":"WebSite","@id":"https:\/\/www.looduspood.ee\/#website","url":"https:\/\/www.looduspood.ee\/","name":"Looduspood","description":"Looduspood","publisher":{"@id":"https:\/\/www.looduspood.ee\/#organization"},"potentialAction":[{"@type":"SearchAction","target":{"@type":"EntryPoint","urlTemplate":"https:\/\/www.looduspood.ee\/?s={search_term_string}"},"query-input":"required name=search_term_string"}],"inLanguage":"ru-RU"},{"@type":"Organization","@id":"https:\/\/www.looduspood.ee\/#organization","name":"Looduspood","url":"https:\/\/www.looduspood.ee\/","logo":{"@type":"ImageObject","inLanguage":"ru-RU","@id":"https:\/\/www.looduspood.ee\/#\/schema\/logo\/image\/","url":"https:\/\/www.looduspood.ee\/wp-content\/uploads\/2019\/07\/morkva-1.png","contentUrl":"https:\/\/www.looduspood.ee\/wp-content\/uploads\/2019\/07\/morkva-1.png","width":258,"height":162,"caption":"Looduspood"},"image":{"@id":"https:\/\/www.looduspood.ee\/#\/schema\/logo\/image\/"},"sameAs":["https:\/\/www.facebook.com\/Looduspood-2064766730406653\/","https:\/\/www.youtube.com\/channel\/UCGxI8Tgkgvwn7Q9U8Qh6UgA?view_as=subscriber"]}]}},"tiered_pricing_type":"fixed","tiered_pricing_fixed_rules":[],"_links":{"self":[{"href":"https:\/\/www.looduspood.ee\/ru\/wp-json\/wp\/v2\/product\/60009"}],"collection":[{"href":"https:\/\/www.looduspood.ee\/ru\/wp-json\/wp\/v2\/product"}],"about":[{"href":"https:\/\/www.looduspood.ee\/ru\/wp-json\/wp\/v2\/types\/product"}],"replies":[{"embeddable":true,"href":"https:\/\/www.looduspood.ee\/ru\/wp-json\/wp\/v2\/comments?post=60009"}],"version-history":[{"count":0,"href":"https:\/\/www.looduspood.ee\/ru\/wp-json\/wp\/v2\/product\/60009\/revisions"}],"wp:featuredmedia":[{"embeddable":true,"href":"https:\/\/www.looduspood.ee\/ru\/wp-json\/wp\/v2\/media\/59634"}],"wp:attachment":[{"href":"https:\/\/www.looduspood.ee\/ru\/wp-json\/wp\/v2\/media?parent=60009"}],"wp:term":[{"taxonomy":"product_cat","embeddable":true,"href":"https:\/\/www.looduspood.ee\/ru\/wp-json\/wp\/v2\/product_cat?post=60009"},{"taxonomy":"product_tag","embeddable":true,"href":"https:\/\/www.looduspood.ee\/ru\/wp-json\/wp\/v2\/product_tag?post=60009"}],"curies":[{"name":"wp","href":"https:\/\/api.w.org\/{rel}","templated":true}]}}