{"id":60018,"date":"2024-07-26T16:54:02","date_gmt":"2024-07-26T13:54:02","guid":{"rendered":"https:\/\/www.looduspood.ee\/toode\/aroomiplaastrid-eeterlike-olidega-une-parandamiseksmagamishairete-loplik-lahendus-eeterlike-olide-aromaat\/"},"modified":"2025-01-21T18:27:56","modified_gmt":"2025-01-21T15:27:56","slug":"aroomiplaastrid-eeterlike-olidega-une-parandamiseksmagamishairete-loplik-lahendus-eeterlike-olide-aromaat","status":"publish","type":"product","link":"https:\/\/www.looduspood.ee\/ru\/product\/aroomiplaastrid-eeterlike-olidega-une-parandamiseksmagamishairete-loplik-lahendus-eeterlike-olide-aromaat\/","title":{"rendered":"Aroomiplaastrid eeterlike \u00f5lidega une parandamiseks\n\nMagamish\u00e4irete l\u00f5plik lahendus: eeterlike \u00f5lide aromaat"},"content":{"rendered":"<p>V\u00f5tmes\u00f5na: Aroomiplaastrid eeterlike \u00f5lidega une parandamiseks<\/p>\n<p>Kogege rahustava ja taastava une nauditavust meie aroomiplaastritega, mis sisaldavad eeterlikke \u00f5lisid. Need plaastrid on spetsiaalselt v\u00e4lja t\u00f6\u00f6tatud une kvaliteedi parandamiseks, aidates kiirendada uinumist ja v\u00e4hendada unetuse s\u00fcmptomeid. Loomulikud koostisained nagu lavendel, roos ja piparm\u00fcnt loovad meeldiva aroomi, mis aitab l\u00f5\u00f5gastuda ja rahuneda. Need plaastrid on ideaalsed k\u00f5igile, kes kannatavad uneprobleemide all, sealhulgas eakatele, bior\u00fctmih\u00e4iretega inimestele ja \u00f6\u00f6t\u00f6\u00f6tajatele.<\/p>\n<p>P\u00f5hiomadused:<\/p>\n<p>Loomulikud koostisosad: Sisaldavad k\u00f5rge kvaliteediga eeterlikke \u00f5lisid lavendlist, roosist, piparm\u00fcndist ja roosmarinist, mis on ohutud kasutamiseks ja tagavad pikaajalise toime.<br \/>\nUne parandamine: Aitavad kiiremini uinuda, parandavad une kvaliteeti ja v\u00e4hendavad \u00f6\u00f6sel \u00e4rkamise t\u00f5en\u00e4osust.<br \/>\nOhutus ja mugavus: Plaastrid on l\u00f5hnatud, sobivad tundlikule nahale.<br \/>\nLihtne kasutada: Kinnituvad lihtsalt padjale v\u00f5i riietele, tagades mugavuse ja kasutamismugavuse.<\/p>\n<p>\u041f\u0440\u0435\u0438\u043c\u0443\u0449\u0435\u0441\u0442\u0432\u0430:<\/p>\n<p>Stressi ja \u00e4revuse v\u00e4hendamine: Aitavad l\u00f5\u00f5gastuda ja v\u00e4hendada stressitaset, parandades \u00fcldist heaolutunnet.<br \/>\nLooduslik uneravim: Ohutu alternatiiv keemilistele uneravimitele, sobib p\u00fcsivaks kasutamiseks.<br \/>\nMugavus ja kantavus: Kompaktne suurus v\u00f5imaldab plaastrite kasutamist igas olukorras, olgu kodus, reisides v\u00f5i t\u00f6\u00f6l.<br \/>\nSobib k\u00f5igile vanuseastmetele: T\u00f5hus lahendus uneh\u00e4iretega t\u00e4iskasvanuile, lastele ja eakatele.<\/p>\n<p>\u0420\u0443\u043a\u043e\u0432\u043e\u0434\u0441\u0442\u0432\u043e \u043f\u043e\u043b\u044c\u0437\u043e\u0432\u0430\u0442\u0435\u043b\u044f:<br \/>\nKinnitage plaaster enne magamaminekut padjale v\u00f5i riideesemele. Plaastrid hakkavad m\u00f5ju avaldama m\u00f5ne minuti jooksul, t\u00e4ites \u00f5hu rahustava aroomiga. Parimate tulemuste saavutamiseks kasutage igap\u00e4evaselt.<\/p>\n<p>Tellige kohe, et nautida rahuldavat und ja v\u00e4rskendavat \u00e4rkamist meie aroomiplaastrite abil!<\/p>","protected":false},"excerpt":{"rendered":"<p>\u2705 Loob meeldiva, l\u00f5\u00f5gastava ja rahustava aroomi;<br \/>\n\u2705 Sisaldab looduslikke eeterlikke \u00f5lisid;<br \/>\n\u2705 Aitab l\u00f5\u00f5gastuda ja v\u00e4hendada stressi;<br \/>\n\u2705 H\u00f5lbustab uinumist ja parandab une kvaliteeti.<\/p>","protected":false},"featured_media":59672,"comment_status":"open","ping_status":"closed","template":"","meta":{"_acf_changed":false},"product_cat":[5052,343],"product_tag":[],"class_list":{"0":"post-60018","1":"product","2":"type-product","3":"status-publish","4":"has-post-thumbnail","6":"product_cat-kampaaniatooted","7":"product_cat-uni-ja-rahulik-meel","9":"first","10":"outofstock","11":"shipping-taxable","12":"purchasable","13":"product-type-simple"},"acf":[],"yoast_head":"<!-- This site is optimized with the Yoast SEO plugin v23.0 - https:\/\/yoast.com\/wordpress\/plugins\/seo\/ -->\n<title>Aroomiplaastrid eeterlike \u00f5lidega une parandamiseks &#8226; Looduspood<\/title>\n<meta name=\"description\" content=\"Aroomiplaastrid eeterlike \u00f5lidega une parandamiseks: looduslikud lahendused paremaks uneks \u2705 Kohe saadaval \u2705 Kiire kohaletoimetamine \ud83e\udd55 Looduspood \u27a4 Klikkige ja k\u00fclastage!\" \/>\n<meta name=\"robots\" content=\"index, follow, max-snippet:-1, max-image-preview:large, max-video-preview:-1\" \/>\n<link rel=\"canonical\" href=\"https:\/\/www.looduspood.ee\/ru\/product\/aroomiplaastrid-eeterlike-olidega-une-parandamiseksmagamishairete-loplik-lahendus-eeterlike-olide-aromaat\/\" \/>\n<meta property=\"og:locale\" content=\"ru_RU\" \/>\n<meta property=\"og:type\" content=\"article\" \/>\n<meta property=\"og:title\" content=\"Aroomiplaastrid eeterlike \u00f5lidega une parandamiseks &#8226; Looduspood\" \/>\n<meta property=\"og:description\" content=\"Aroomiplaastrid eeterlike \u00f5lidega une parandamiseks: looduslikud lahendused paremaks uneks \u2705 Kohe saadaval \u2705 Kiire kohaletoimetamine \ud83e\udd55 Looduspood \u27a4 Klikkige ja k\u00fclastage!\" \/>\n<meta property=\"og:url\" content=\"https:\/\/www.looduspood.ee\/ru\/product\/aroomiplaastrid-eeterlike-olidega-une-parandamiseksmagamishairete-loplik-lahendus-eeterlike-olide-aromaat\/\" \/>\n<meta property=\"og:site_name\" content=\"Looduspood\" \/>\n<meta property=\"article:publisher\" content=\"https:\/\/www.facebook.com\/Looduspood-2064766730406653\/\" \/>\n<meta property=\"article:modified_time\" content=\"2025-01-21T15:27:56+00:00\" \/>\n<meta property=\"og:image\" content=\"https:\/\/www.looduspood.ee\/wp-content\/uploads\/2024\/07\/Uneplaastrid-eeterlike-olidega-jpg.avif\" \/>\n\t<meta property=\"og:image:width\" content=\"900\" \/>\n\t<meta property=\"og:image:height\" content=\"900\" \/>\n\t<meta property=\"og:image:type\" content=\"image\/jpeg\" \/>\n<meta name=\"twitter:card\" content=\"summary_large_image\" \/>\n<meta name=\"twitter:label1\" content=\"\u041f\u0440\u0438\u043c\u0435\u0440\u043d\u043e\u0435 \u0432\u0440\u0435\u043c\u044f \u0434\u043b\u044f \u0447\u0442\u0435\u043d\u0438\u044f\" \/>\n\t<meta name=\"twitter:data1\" content=\"1 \u043c\u0438\u043d\u0443\u0442\u0430\" \/>\n<script type=\"application\/ld+json\" class=\"yoast-schema-graph\">{\"@context\":\"https:\/\/schema.org\",\"@graph\":[{\"@type\":\"WebPage\",\"@id\":\"https:\/\/www.looduspood.ee\/toode\/aroomiplaastrid-eeterlike-olidega-une-parandamiseksmagamishairete-loplik-lahendus-eeterlike-olide-aromaat\/\",\"url\":\"https:\/\/www.looduspood.ee\/toode\/aroomiplaastrid-eeterlike-olidega-une-parandamiseksmagamishairete-loplik-lahendus-eeterlike-olide-aromaat\/\",\"name\":\"Aroomiplaastrid eeterlike \u00f5lidega une parandamiseks &#8226; Looduspood\",\"isPartOf\":{\"@id\":\"https:\/\/www.looduspood.ee\/#website\"},\"primaryImageOfPage\":{\"@id\":\"https:\/\/www.looduspood.ee\/toode\/aroomiplaastrid-eeterlike-olidega-une-parandamiseksmagamishairete-loplik-lahendus-eeterlike-olide-aromaat\/#primaryimage\"},\"image\":{\"@id\":\"https:\/\/www.looduspood.ee\/toode\/aroomiplaastrid-eeterlike-olidega-une-parandamiseksmagamishairete-loplik-lahendus-eeterlike-olide-aromaat\/#primaryimage\"},\"thumbnailUrl\":\"https:\/\/www.looduspood.ee\/wp-content\/uploads\/2024\/07\/Uneplaastrid-eeterlike-olidega-jpg.avif\",\"datePublished\":\"2024-07-26T13:54:02+00:00\",\"dateModified\":\"2025-01-21T15:27:56+00:00\",\"description\":\"Aroomiplaastrid eeterlike \u00f5lidega une parandamiseks: looduslikud lahendused paremaks uneks \u2705 Kohe saadaval \u2705 Kiire kohaletoimetamine \ud83e\udd55 Looduspood \u27a4 Klikkige ja k\u00fclastage!\",\"breadcrumb\":{\"@id\":\"https:\/\/www.looduspood.ee\/toode\/aroomiplaastrid-eeterlike-olidega-une-parandamiseksmagamishairete-loplik-lahendus-eeterlike-olide-aromaat\/#breadcrumb\"},\"inLanguage\":\"ru-RU\",\"potentialAction\":[{\"@type\":\"ReadAction\",\"target\":[\"https:\/\/www.looduspood.ee\/toode\/aroomiplaastrid-eeterlike-olidega-une-parandamiseksmagamishairete-loplik-lahendus-eeterlike-olide-aromaat\/\"]}]},{\"@type\":\"ImageObject\",\"inLanguage\":\"ru-RU\",\"@id\":\"https:\/\/www.looduspood.ee\/toode\/aroomiplaastrid-eeterlike-olidega-une-parandamiseksmagamishairete-loplik-lahendus-eeterlike-olide-aromaat\/#primaryimage\",\"url\":\"https:\/\/www.looduspood.ee\/wp-content\/uploads\/2024\/07\/Uneplaastrid-eeterlike-olidega-jpg.avif\",\"contentUrl\":\"https:\/\/www.looduspood.ee\/wp-content\/uploads\/2024\/07\/Uneplaastrid-eeterlike-olidega-jpg.avif\",\"width\":900,\"height\":900},{\"@type\":\"BreadcrumbList\",\"@id\":\"https:\/\/www.looduspood.ee\/toode\/aroomiplaastrid-eeterlike-olidega-une-parandamiseksmagamishairete-loplik-lahendus-eeterlike-olide-aromaat\/#breadcrumb\",\"itemListElement\":[{\"@type\":\"ListItem\",\"position\":1,\"name\":\"Home\",\"item\":\"https:\/\/www.looduspood.ee\/\"},{\"@type\":\"ListItem\",\"position\":2,\"name\":\"Pood\",\"item\":\"https:\/\/www.looduspood.ee\/looduspood\/\"},{\"@type\":\"ListItem\",\"position\":3,\"name\":\"Aroomiplaastrid eeterlike \u00f5lidega une parandamiseks Magamish\u00e4irete l\u00f5plik lahendus: eeterlike \u00f5lide aromaat\"}]},{\"@type\":\"WebSite\",\"@id\":\"https:\/\/www.looduspood.ee\/#website\",\"url\":\"https:\/\/www.looduspood.ee\/\",\"name\":\"Looduspood\",\"description\":\"Looduspood\",\"publisher\":{\"@id\":\"https:\/\/www.looduspood.ee\/#organization\"},\"potentialAction\":[{\"@type\":\"SearchAction\",\"target\":{\"@type\":\"EntryPoint\",\"urlTemplate\":\"https:\/\/www.looduspood.ee\/?s={search_term_string}\"},\"query-input\":\"required name=search_term_string\"}],\"inLanguage\":\"ru-RU\"},{\"@type\":\"Organization\",\"@id\":\"https:\/\/www.looduspood.ee\/#organization\",\"name\":\"Looduspood\",\"url\":\"https:\/\/www.looduspood.ee\/\",\"logo\":{\"@type\":\"ImageObject\",\"inLanguage\":\"ru-RU\",\"@id\":\"https:\/\/www.looduspood.ee\/#\/schema\/logo\/image\/\",\"url\":\"https:\/\/www.looduspood.ee\/wp-content\/uploads\/2019\/07\/morkva-1.png\",\"contentUrl\":\"https:\/\/www.looduspood.ee\/wp-content\/uploads\/2019\/07\/morkva-1.png\",\"width\":258,\"height\":162,\"caption\":\"Looduspood\"},\"image\":{\"@id\":\"https:\/\/www.looduspood.ee\/#\/schema\/logo\/image\/\"},\"sameAs\":[\"https:\/\/www.facebook.com\/Looduspood-2064766730406653\/\",\"https:\/\/www.youtube.com\/channel\/UCGxI8Tgkgvwn7Q9U8Qh6UgA?view_as=subscriber\"]}]}<\/script>\n<!-- \/ Yoast SEO plugin. -->","yoast_head_json":{"title":"Aroomiplaastrid eeterlike \u00f5lidega une parandamiseks &#8226; Looduspood","description":"Aroomiplaastrid eeterlike \u00f5lidega une parandamiseks: looduslikud lahendused paremaks uneks \u2705 Kohe saadaval \u2705 Kiire kohaletoimetamine \ud83e\udd55 Looduspood \u27a4 Klikkige ja k\u00fclastage!","robots":{"index":"index","follow":"follow","max-snippet":"max-snippet:-1","max-image-preview":"max-image-preview:large","max-video-preview":"max-video-preview:-1"},"canonical":"https:\/\/www.looduspood.ee\/ru\/product\/aroomiplaastrid-eeterlike-olidega-une-parandamiseksmagamishairete-loplik-lahendus-eeterlike-olide-aromaat\/","og_locale":"ru_RU","og_type":"article","og_title":"Aroomiplaastrid eeterlike \u00f5lidega une parandamiseks &#8226; Looduspood","og_description":"Aroomiplaastrid eeterlike \u00f5lidega une parandamiseks: looduslikud lahendused paremaks uneks \u2705 Kohe saadaval \u2705 Kiire kohaletoimetamine \ud83e\udd55 Looduspood \u27a4 Klikkige ja k\u00fclastage!","og_url":"https:\/\/www.looduspood.ee\/ru\/product\/aroomiplaastrid-eeterlike-olidega-une-parandamiseksmagamishairete-loplik-lahendus-eeterlike-olide-aromaat\/","og_site_name":"Looduspood","article_publisher":"https:\/\/www.facebook.com\/Looduspood-2064766730406653\/","article_modified_time":"2025-01-21T15:27:56+00:00","og_image":[{"width":900,"height":900,"url":"https:\/\/www.looduspood.ee\/wp-content\/uploads\/2024\/07\/Uneplaastrid-eeterlike-olidega-jpg.avif","type":"image\/jpeg"}],"twitter_card":"summary_large_image","twitter_misc":{"\u041f\u0440\u0438\u043c\u0435\u0440\u043d\u043e\u0435 \u0432\u0440\u0435\u043c\u044f \u0434\u043b\u044f \u0447\u0442\u0435\u043d\u0438\u044f":"1 \u043c\u0438\u043d\u0443\u0442\u0430"},"schema":{"@context":"https:\/\/schema.org","@graph":[{"@type":"WebPage","@id":"https:\/\/www.looduspood.ee\/toode\/aroomiplaastrid-eeterlike-olidega-une-parandamiseksmagamishairete-loplik-lahendus-eeterlike-olide-aromaat\/","url":"https:\/\/www.looduspood.ee\/toode\/aroomiplaastrid-eeterlike-olidega-une-parandamiseksmagamishairete-loplik-lahendus-eeterlike-olide-aromaat\/","name":"Aroomiplaastrid eeterlike \u00f5lidega une parandamiseks &#8226; Looduspood","isPartOf":{"@id":"https:\/\/www.looduspood.ee\/#website"},"primaryImageOfPage":{"@id":"https:\/\/www.looduspood.ee\/toode\/aroomiplaastrid-eeterlike-olidega-une-parandamiseksmagamishairete-loplik-lahendus-eeterlike-olide-aromaat\/#primaryimage"},"image":{"@id":"https:\/\/www.looduspood.ee\/toode\/aroomiplaastrid-eeterlike-olidega-une-parandamiseksmagamishairete-loplik-lahendus-eeterlike-olide-aromaat\/#primaryimage"},"thumbnailUrl":"https:\/\/www.looduspood.ee\/wp-content\/uploads\/2024\/07\/Uneplaastrid-eeterlike-olidega-jpg.avif","datePublished":"2024-07-26T13:54:02+00:00","dateModified":"2025-01-21T15:27:56+00:00","description":"Aroomiplaastrid eeterlike \u00f5lidega une parandamiseks: looduslikud lahendused paremaks uneks \u2705 Kohe saadaval \u2705 Kiire kohaletoimetamine \ud83e\udd55 Looduspood \u27a4 Klikkige ja k\u00fclastage!","breadcrumb":{"@id":"https:\/\/www.looduspood.ee\/toode\/aroomiplaastrid-eeterlike-olidega-une-parandamiseksmagamishairete-loplik-lahendus-eeterlike-olide-aromaat\/#breadcrumb"},"inLanguage":"ru-RU","potentialAction":[{"@type":"ReadAction","target":["https:\/\/www.looduspood.ee\/toode\/aroomiplaastrid-eeterlike-olidega-une-parandamiseksmagamishairete-loplik-lahendus-eeterlike-olide-aromaat\/"]}]},{"@type":"ImageObject","inLanguage":"ru-RU","@id":"https:\/\/www.looduspood.ee\/toode\/aroomiplaastrid-eeterlike-olidega-une-parandamiseksmagamishairete-loplik-lahendus-eeterlike-olide-aromaat\/#primaryimage","url":"https:\/\/www.looduspood.ee\/wp-content\/uploads\/2024\/07\/Uneplaastrid-eeterlike-olidega-jpg.avif","contentUrl":"https:\/\/www.looduspood.ee\/wp-content\/uploads\/2024\/07\/Uneplaastrid-eeterlike-olidega-jpg.avif","width":900,"height":900},{"@type":"BreadcrumbList","@id":"https:\/\/www.looduspood.ee\/toode\/aroomiplaastrid-eeterlike-olidega-une-parandamiseksmagamishairete-loplik-lahendus-eeterlike-olide-aromaat\/#breadcrumb","itemListElement":[{"@type":"ListItem","position":1,"name":"Home","item":"https:\/\/www.looduspood.ee\/"},{"@type":"ListItem","position":2,"name":"Pood","item":"https:\/\/www.looduspood.ee\/looduspood\/"},{"@type":"ListItem","position":3,"name":"Aroomiplaastrid eeterlike \u00f5lidega une parandamiseks Magamish\u00e4irete l\u00f5plik lahendus: eeterlike \u00f5lide aromaat"}]},{"@type":"WebSite","@id":"https:\/\/www.looduspood.ee\/#website","url":"https:\/\/www.looduspood.ee\/","name":"Looduspood","description":"Looduspood","publisher":{"@id":"https:\/\/www.looduspood.ee\/#organization"},"potentialAction":[{"@type":"SearchAction","target":{"@type":"EntryPoint","urlTemplate":"https:\/\/www.looduspood.ee\/?s={search_term_string}"},"query-input":"required name=search_term_string"}],"inLanguage":"ru-RU"},{"@type":"Organization","@id":"https:\/\/www.looduspood.ee\/#organization","name":"Looduspood","url":"https:\/\/www.looduspood.ee\/","logo":{"@type":"ImageObject","inLanguage":"ru-RU","@id":"https:\/\/www.looduspood.ee\/#\/schema\/logo\/image\/","url":"https:\/\/www.looduspood.ee\/wp-content\/uploads\/2019\/07\/morkva-1.png","contentUrl":"https:\/\/www.looduspood.ee\/wp-content\/uploads\/2019\/07\/morkva-1.png","width":258,"height":162,"caption":"Looduspood"},"image":{"@id":"https:\/\/www.looduspood.ee\/#\/schema\/logo\/image\/"},"sameAs":["https:\/\/www.facebook.com\/Looduspood-2064766730406653\/","https:\/\/www.youtube.com\/channel\/UCGxI8Tgkgvwn7Q9U8Qh6UgA?view_as=subscriber"]}]}},"tiered_pricing_type":"fixed","tiered_pricing_fixed_rules":[],"_links":{"self":[{"href":"https:\/\/www.looduspood.ee\/ru\/wp-json\/wp\/v2\/product\/60018"}],"collection":[{"href":"https:\/\/www.looduspood.ee\/ru\/wp-json\/wp\/v2\/product"}],"about":[{"href":"https:\/\/www.looduspood.ee\/ru\/wp-json\/wp\/v2\/types\/product"}],"replies":[{"embeddable":true,"href":"https:\/\/www.looduspood.ee\/ru\/wp-json\/wp\/v2\/comments?post=60018"}],"version-history":[{"count":0,"href":"https:\/\/www.looduspood.ee\/ru\/wp-json\/wp\/v2\/product\/60018\/revisions"}],"wp:featuredmedia":[{"embeddable":true,"href":"https:\/\/www.looduspood.ee\/ru\/wp-json\/wp\/v2\/media\/59672"}],"wp:attachment":[{"href":"https:\/\/www.looduspood.ee\/ru\/wp-json\/wp\/v2\/media?parent=60018"}],"wp:term":[{"taxonomy":"product_cat","embeddable":true,"href":"https:\/\/www.looduspood.ee\/ru\/wp-json\/wp\/v2\/product_cat?post=60018"},{"taxonomy":"product_tag","embeddable":true,"href":"https:\/\/www.looduspood.ee\/ru\/wp-json\/wp\/v2\/product_tag?post=60018"}],"curies":[{"name":"wp","href":"https:\/\/api.w.org\/{rel}","templated":true}]}}