{"id":60877,"date":"2024-11-29T02:55:36","date_gmt":"2024-11-28T23:55:36","guid":{"rendered":"https:\/\/www.looduspood.ee\/?post_type=product&#038;p=60877"},"modified":"2025-11-03T16:49:30","modified_gmt":"2025-11-03T13:49:30","slug":"aroomidifuuser-ja-niisutaja-led-valgustusega","status":"publish","type":"product","link":"https:\/\/www.looduspood.ee\/ru\/product\/aroomidifuuser-ja-niisutaja-led-valgustusega\/","title":{"rendered":"Aroomidifuuser ja niisutaja LED valgustusega"},"content":{"rendered":"<p>Aroomidifuuser ja niisutaja LED-valgustusega on ideaalne valik kodu, kontori v\u00f5i spaakeskkonna jaoks. Ultraheli tehnoloogia tagab vaikse ja t\u00f5husa niisutamise, luues meeldiva \u00f5hkkonna. Seade pakub kahte t\u00f6\u00f6re\u017eiimi: katkendlik ja pidev niisutamine. LED-valgustus seitsme erineva v\u00e4rviga aitab luua l\u00f5\u00f5gastavat meeleolu. Komplekti kuuluvad kolm eeterlikku \u00f5li (lavendel, meri, roos), mis toovad aroomiteraapia eelised otse teie koju. Seadme maht on 200 ml, t\u00f6\u00f6tab vooluv\u00f5rgust ja kaugjuhtimispult v\u00f5imaldab mugavat kasutamist. M\u00f5\u00f5dud: 21 x 12.7 cm.<\/p>","protected":false},"excerpt":{"rendered":"<p>\u2714\ufe0f Ultraheli tehnoloogia vaikseks ja t\u00f5husaks t\u00f6\u00f6ks;<br \/>\n\u2714\ufe0f LED-valgustus 7 v\u00e4rviga meeleolu loomiseks;<br \/>\n\u2714\ufe0f Niisutus ja aroomiteraapia funktsioonid;<br \/>\n\u2714\ufe0f Komplektis kaugjuhtimispult lihtsaks kasutamiseks.<\/p>","protected":false},"featured_media":60929,"comment_status":"closed","ping_status":"closed","template":"","meta":{"_acf_changed":false},"product_cat":[5055],"product_tag":[],"class_list":{"0":"post-60877","1":"product","2":"type-product","3":"status-publish","4":"has-post-thumbnail","6":"product_cat-aroomteraapia-2","8":"first","9":"outofstock","10":"sale","11":"shipping-taxable","12":"purchasable","13":"product-type-simple"},"acf":[],"yoast_head":"<!-- This site is optimized with the Yoast SEO plugin v23.0 - https:\/\/yoast.com\/wordpress\/plugins\/seo\/ -->\n<title>Aroomidifuuser ja niisutaja LED valgustusega &#8226; Looduspood<\/title>\n<meta name=\"robots\" content=\"index, follow, max-snippet:-1, max-image-preview:large, max-video-preview:-1\" \/>\n<link rel=\"canonical\" href=\"https:\/\/www.looduspood.ee\/ru\/product\/aroomidifuuser-ja-niisutaja-led-valgustusega\/\" \/>\n<meta property=\"og:locale\" content=\"ru_RU\" \/>\n<meta property=\"og:type\" content=\"article\" \/>\n<meta property=\"og:title\" content=\"Aroomidifuuser ja niisutaja LED valgustusega &#8226; Looduspood\" \/>\n<meta property=\"og:description\" content=\"\u2714\ufe0f Ultraheli tehnoloogia vaikseks ja t\u00f5husaks t\u00f6\u00f6ks; \u2714\ufe0f LED-valgustus 7 v\u00e4rviga meeleolu loomiseks; \u2714\ufe0f Niisutus ja aroomiteraapia funktsioonid; \u2714\ufe0f Komplektis kaugjuhtimispult lihtsaks kasutamiseks.\" \/>\n<meta property=\"og:url\" content=\"https:\/\/www.looduspood.ee\/ru\/product\/aroomidifuuser-ja-niisutaja-led-valgustusega\/\" \/>\n<meta property=\"og:site_name\" content=\"Looduspood\" \/>\n<meta property=\"article:publisher\" content=\"https:\/\/www.facebook.com\/Looduspood-2064766730406653\/\" \/>\n<meta property=\"article:modified_time\" content=\"2025-11-03T13:49:30+00:00\" \/>\n<meta property=\"og:image\" content=\"https:\/\/www.looduspood.ee\/wp-content\/uploads\/2024\/11\/Aroomidifuuser-ja-niisutaja-LED-valgustusega-jpg.avif\" \/>\n\t<meta property=\"og:image:width\" content=\"500\" \/>\n\t<meta property=\"og:image:height\" content=\"500\" \/>\n\t<meta property=\"og:image:type\" content=\"image\/jpeg\" \/>\n<meta name=\"twitter:card\" content=\"summary_large_image\" \/>\n<meta name=\"twitter:label1\" content=\"\u041f\u0440\u0438\u043c\u0435\u0440\u043d\u043e\u0435 \u0432\u0440\u0435\u043c\u044f \u0434\u043b\u044f \u0447\u0442\u0435\u043d\u0438\u044f\" \/>\n\t<meta name=\"twitter:data1\" content=\"1 \u043c\u0438\u043d\u0443\u0442\u0430\" \/>\n<script type=\"application\/ld+json\" class=\"yoast-schema-graph\">{\"@context\":\"https:\/\/schema.org\",\"@graph\":[{\"@type\":\"WebPage\",\"@id\":\"https:\/\/www.looduspood.ee\/toode\/aroomidifuuser-ja-niisutaja-led-valgustusega\/\",\"url\":\"https:\/\/www.looduspood.ee\/toode\/aroomidifuuser-ja-niisutaja-led-valgustusega\/\",\"name\":\"Aroomidifuuser ja niisutaja LED valgustusega &#8226; Looduspood\",\"isPartOf\":{\"@id\":\"https:\/\/www.looduspood.ee\/#website\"},\"primaryImageOfPage\":{\"@id\":\"https:\/\/www.looduspood.ee\/toode\/aroomidifuuser-ja-niisutaja-led-valgustusega\/#primaryimage\"},\"image\":{\"@id\":\"https:\/\/www.looduspood.ee\/toode\/aroomidifuuser-ja-niisutaja-led-valgustusega\/#primaryimage\"},\"thumbnailUrl\":\"https:\/\/www.looduspood.ee\/wp-content\/uploads\/2024\/11\/Aroomidifuuser-ja-niisutaja-LED-valgustusega-jpg.avif\",\"datePublished\":\"2024-11-28T23:55:36+00:00\",\"dateModified\":\"2025-11-03T13:49:30+00:00\",\"breadcrumb\":{\"@id\":\"https:\/\/www.looduspood.ee\/toode\/aroomidifuuser-ja-niisutaja-led-valgustusega\/#breadcrumb\"},\"inLanguage\":\"ru-RU\",\"potentialAction\":[{\"@type\":\"ReadAction\",\"target\":[\"https:\/\/www.looduspood.ee\/toode\/aroomidifuuser-ja-niisutaja-led-valgustusega\/\"]}]},{\"@type\":\"ImageObject\",\"inLanguage\":\"ru-RU\",\"@id\":\"https:\/\/www.looduspood.ee\/toode\/aroomidifuuser-ja-niisutaja-led-valgustusega\/#primaryimage\",\"url\":\"https:\/\/www.looduspood.ee\/wp-content\/uploads\/2024\/11\/Aroomidifuuser-ja-niisutaja-LED-valgustusega-jpg.avif\",\"contentUrl\":\"https:\/\/www.looduspood.ee\/wp-content\/uploads\/2024\/11\/Aroomidifuuser-ja-niisutaja-LED-valgustusega-jpg.avif\",\"width\":500,\"height\":500},{\"@type\":\"BreadcrumbList\",\"@id\":\"https:\/\/www.looduspood.ee\/toode\/aroomidifuuser-ja-niisutaja-led-valgustusega\/#breadcrumb\",\"itemListElement\":[{\"@type\":\"ListItem\",\"position\":1,\"name\":\"Home\",\"item\":\"https:\/\/www.looduspood.ee\/\"},{\"@type\":\"ListItem\",\"position\":2,\"name\":\"Pood\",\"item\":\"https:\/\/www.looduspood.ee\/looduspood\/\"},{\"@type\":\"ListItem\",\"position\":3,\"name\":\"Aroomidifuuser ja niisutaja LED valgustusega\"}]},{\"@type\":\"WebSite\",\"@id\":\"https:\/\/www.looduspood.ee\/#website\",\"url\":\"https:\/\/www.looduspood.ee\/\",\"name\":\"Looduspood\",\"description\":\"Looduspood\",\"publisher\":{\"@id\":\"https:\/\/www.looduspood.ee\/#organization\"},\"potentialAction\":[{\"@type\":\"SearchAction\",\"target\":{\"@type\":\"EntryPoint\",\"urlTemplate\":\"https:\/\/www.looduspood.ee\/?s={search_term_string}\"},\"query-input\":\"required name=search_term_string\"}],\"inLanguage\":\"ru-RU\"},{\"@type\":\"Organization\",\"@id\":\"https:\/\/www.looduspood.ee\/#organization\",\"name\":\"Looduspood\",\"url\":\"https:\/\/www.looduspood.ee\/\",\"logo\":{\"@type\":\"ImageObject\",\"inLanguage\":\"ru-RU\",\"@id\":\"https:\/\/www.looduspood.ee\/#\/schema\/logo\/image\/\",\"url\":\"https:\/\/www.looduspood.ee\/wp-content\/uploads\/2019\/07\/morkva-1.png\",\"contentUrl\":\"https:\/\/www.looduspood.ee\/wp-content\/uploads\/2019\/07\/morkva-1.png\",\"width\":258,\"height\":162,\"caption\":\"Looduspood\"},\"image\":{\"@id\":\"https:\/\/www.looduspood.ee\/#\/schema\/logo\/image\/\"},\"sameAs\":[\"https:\/\/www.facebook.com\/Looduspood-2064766730406653\/\",\"https:\/\/www.youtube.com\/channel\/UCGxI8Tgkgvwn7Q9U8Qh6UgA?view_as=subscriber\"]}]}<\/script>\n<!-- \/ Yoast SEO plugin. -->","yoast_head_json":{"title":"Aroomidifuuser ja niisutaja LED valgustusega &#8226; Looduspood","robots":{"index":"index","follow":"follow","max-snippet":"max-snippet:-1","max-image-preview":"max-image-preview:large","max-video-preview":"max-video-preview:-1"},"canonical":"https:\/\/www.looduspood.ee\/ru\/product\/aroomidifuuser-ja-niisutaja-led-valgustusega\/","og_locale":"ru_RU","og_type":"article","og_title":"Aroomidifuuser ja niisutaja LED valgustusega &#8226; Looduspood","og_description":"\u2714\ufe0f Ultraheli tehnoloogia vaikseks ja t\u00f5husaks t\u00f6\u00f6ks; \u2714\ufe0f LED-valgustus 7 v\u00e4rviga meeleolu loomiseks; \u2714\ufe0f Niisutus ja aroomiteraapia funktsioonid; \u2714\ufe0f Komplektis kaugjuhtimispult lihtsaks kasutamiseks.","og_url":"https:\/\/www.looduspood.ee\/ru\/product\/aroomidifuuser-ja-niisutaja-led-valgustusega\/","og_site_name":"Looduspood","article_publisher":"https:\/\/www.facebook.com\/Looduspood-2064766730406653\/","article_modified_time":"2025-11-03T13:49:30+00:00","og_image":[{"width":500,"height":500,"url":"https:\/\/www.looduspood.ee\/wp-content\/uploads\/2024\/11\/Aroomidifuuser-ja-niisutaja-LED-valgustusega-jpg.avif","type":"image\/jpeg"}],"twitter_card":"summary_large_image","twitter_misc":{"\u041f\u0440\u0438\u043c\u0435\u0440\u043d\u043e\u0435 \u0432\u0440\u0435\u043c\u044f \u0434\u043b\u044f \u0447\u0442\u0435\u043d\u0438\u044f":"1 \u043c\u0438\u043d\u0443\u0442\u0430"},"schema":{"@context":"https:\/\/schema.org","@graph":[{"@type":"WebPage","@id":"https:\/\/www.looduspood.ee\/toode\/aroomidifuuser-ja-niisutaja-led-valgustusega\/","url":"https:\/\/www.looduspood.ee\/toode\/aroomidifuuser-ja-niisutaja-led-valgustusega\/","name":"Aroomidifuuser ja niisutaja LED valgustusega &#8226; Looduspood","isPartOf":{"@id":"https:\/\/www.looduspood.ee\/#website"},"primaryImageOfPage":{"@id":"https:\/\/www.looduspood.ee\/toode\/aroomidifuuser-ja-niisutaja-led-valgustusega\/#primaryimage"},"image":{"@id":"https:\/\/www.looduspood.ee\/toode\/aroomidifuuser-ja-niisutaja-led-valgustusega\/#primaryimage"},"thumbnailUrl":"https:\/\/www.looduspood.ee\/wp-content\/uploads\/2024\/11\/Aroomidifuuser-ja-niisutaja-LED-valgustusega-jpg.avif","datePublished":"2024-11-28T23:55:36+00:00","dateModified":"2025-11-03T13:49:30+00:00","breadcrumb":{"@id":"https:\/\/www.looduspood.ee\/toode\/aroomidifuuser-ja-niisutaja-led-valgustusega\/#breadcrumb"},"inLanguage":"ru-RU","potentialAction":[{"@type":"ReadAction","target":["https:\/\/www.looduspood.ee\/toode\/aroomidifuuser-ja-niisutaja-led-valgustusega\/"]}]},{"@type":"ImageObject","inLanguage":"ru-RU","@id":"https:\/\/www.looduspood.ee\/toode\/aroomidifuuser-ja-niisutaja-led-valgustusega\/#primaryimage","url":"https:\/\/www.looduspood.ee\/wp-content\/uploads\/2024\/11\/Aroomidifuuser-ja-niisutaja-LED-valgustusega-jpg.avif","contentUrl":"https:\/\/www.looduspood.ee\/wp-content\/uploads\/2024\/11\/Aroomidifuuser-ja-niisutaja-LED-valgustusega-jpg.avif","width":500,"height":500},{"@type":"BreadcrumbList","@id":"https:\/\/www.looduspood.ee\/toode\/aroomidifuuser-ja-niisutaja-led-valgustusega\/#breadcrumb","itemListElement":[{"@type":"ListItem","position":1,"name":"Home","item":"https:\/\/www.looduspood.ee\/"},{"@type":"ListItem","position":2,"name":"Pood","item":"https:\/\/www.looduspood.ee\/looduspood\/"},{"@type":"ListItem","position":3,"name":"Aroomidifuuser ja niisutaja LED valgustusega"}]},{"@type":"WebSite","@id":"https:\/\/www.looduspood.ee\/#website","url":"https:\/\/www.looduspood.ee\/","name":"Looduspood","description":"Looduspood","publisher":{"@id":"https:\/\/www.looduspood.ee\/#organization"},"potentialAction":[{"@type":"SearchAction","target":{"@type":"EntryPoint","urlTemplate":"https:\/\/www.looduspood.ee\/?s={search_term_string}"},"query-input":"required name=search_term_string"}],"inLanguage":"ru-RU"},{"@type":"Organization","@id":"https:\/\/www.looduspood.ee\/#organization","name":"Looduspood","url":"https:\/\/www.looduspood.ee\/","logo":{"@type":"ImageObject","inLanguage":"ru-RU","@id":"https:\/\/www.looduspood.ee\/#\/schema\/logo\/image\/","url":"https:\/\/www.looduspood.ee\/wp-content\/uploads\/2019\/07\/morkva-1.png","contentUrl":"https:\/\/www.looduspood.ee\/wp-content\/uploads\/2019\/07\/morkva-1.png","width":258,"height":162,"caption":"Looduspood"},"image":{"@id":"https:\/\/www.looduspood.ee\/#\/schema\/logo\/image\/"},"sameAs":["https:\/\/www.facebook.com\/Looduspood-2064766730406653\/","https:\/\/www.youtube.com\/channel\/UCGxI8Tgkgvwn7Q9U8Qh6UgA?view_as=subscriber"]}]}},"tiered_pricing_type":"fixed","tiered_pricing_fixed_rules":[],"_links":{"self":[{"href":"https:\/\/www.looduspood.ee\/ru\/wp-json\/wp\/v2\/product\/60877"}],"collection":[{"href":"https:\/\/www.looduspood.ee\/ru\/wp-json\/wp\/v2\/product"}],"about":[{"href":"https:\/\/www.looduspood.ee\/ru\/wp-json\/wp\/v2\/types\/product"}],"replies":[{"embeddable":true,"href":"https:\/\/www.looduspood.ee\/ru\/wp-json\/wp\/v2\/comments?post=60877"}],"version-history":[{"count":0,"href":"https:\/\/www.looduspood.ee\/ru\/wp-json\/wp\/v2\/product\/60877\/revisions"}],"wp:featuredmedia":[{"embeddable":true,"href":"https:\/\/www.looduspood.ee\/ru\/wp-json\/wp\/v2\/media\/60929"}],"wp:attachment":[{"href":"https:\/\/www.looduspood.ee\/ru\/wp-json\/wp\/v2\/media?parent=60877"}],"wp:term":[{"taxonomy":"product_cat","embeddable":true,"href":"https:\/\/www.looduspood.ee\/ru\/wp-json\/wp\/v2\/product_cat?post=60877"},{"taxonomy":"product_tag","embeddable":true,"href":"https:\/\/www.looduspood.ee\/ru\/wp-json\/wp\/v2\/product_tag?post=60877"}],"curies":[{"name":"wp","href":"https:\/\/api.w.org\/{rel}","templated":true}]}}