{"id":61454,"date":"2024-12-10T00:15:49","date_gmt":"2024-12-09T21:15:49","guid":{"rendered":"https:\/\/www.looduspood.ee\/?post_type=product&#038;p=61454"},"modified":"2025-01-21T18:27:53","modified_gmt":"2025-01-21T15:27:53","slug":"vannisoolad-klaastorudes-kinkekomplekt-7","status":"publish","type":"product","link":"https:\/\/www.looduspood.ee\/ru\/product\/vannisoolad-klaastorudes-kinkekomplekt-7\/","title":{"rendered":"Vannisoolad klaastorudes &#8211; kinkekomplekt 7"},"content":{"rendered":"<p>Vannisoolad klaastorudes &#8211; kinkekomplekt on ideaalne viis nautida l\u00f5\u00f5gastavat vanni, pakkudes erinevaid aroomiteraapilisi kogemusi. Komplekt sisaldab 7 klaastoru, milles on erineva toime ja l\u00f5hnaga soolad, sealhulgas Detox, Relax, Energise, Skin Revive, Sensual, Clarity ja Harmony. Iga klaastoru on t\u00e4idetud loodusliku koostisega, mis sisaldab eeterlikke \u00f5lisid ja hooldavaid lisandeid, tagades meeldiva kogemuse ja naha hoolduse.<\/p>\n<p>Komplekti omadused:<br \/>\n&#8211; Looduslik koostis: eeterlikud \u00f5lid ja taimsed ekstraktid.<br \/>\n&#8211; Klaastorud, mis s\u00e4ilitavad soola v\u00e4rskuse.<br \/>\n&#8211; Ideaalne kingituseks v\u00f5i isiklikuks kasutamiseks.<\/p>\n<p>Tehnilised andmed:<br \/>\n&#8211; Kaal: 0.495kg (pakendi kaal).<br \/>\n&#8211; M\u00f5\u00f5dud: 15.5 x 2 cm (\u00fcks toru).<br \/>\n&#8211; P\u00e4ritolu: \u00dchendkuningriik.<\/p>","protected":false},"excerpt":{"rendered":"<p>\u2714\ufe0f Sisaldab 7 erineva l\u00f5hna ja efektiga soola;<br \/>\n\u2714\ufe0f Pakendatud elegantsesse klaastorusse;<br \/>\n\u2714\ufe0f Looduslik koostis ja k\u00e4sitsi valmistatud;<br \/>\n\u2714\ufe0f Ideaalne kingituseks v\u00f5i l\u00f5\u00f5gastumiseks.<\/p>","protected":false},"featured_media":61536,"comment_status":"closed","ping_status":"closed","template":"","meta":{"_acf_changed":false},"product_cat":[5055,5070,410],"product_tag":[],"class_list":{"0":"post-61454","1":"product","2":"type-product","3":"status-publish","4":"has-post-thumbnail","6":"product_cat-aroomteraapia-2","7":"product_cat-kingiideed-2","8":"product_cat-vann-ja-saun","10":"first","11":"outofstock","12":"shipping-taxable","13":"purchasable","14":"product-type-simple"},"acf":[],"yoast_head":"<!-- This site is optimized with the Yoast SEO plugin v23.0 - https:\/\/yoast.com\/wordpress\/plugins\/seo\/ -->\n<title>Vannisoolad klaastorudes - kinkekomplekt 7 &#8226; Looduspood<\/title>\n<meta name=\"robots\" content=\"index, follow, max-snippet:-1, max-image-preview:large, max-video-preview:-1\" \/>\n<link rel=\"canonical\" href=\"https:\/\/www.looduspood.ee\/ru\/product\/vannisoolad-klaastorudes-kinkekomplekt-7\/\" \/>\n<meta property=\"og:locale\" content=\"ru_RU\" \/>\n<meta property=\"og:type\" content=\"article\" \/>\n<meta property=\"og:title\" content=\"Vannisoolad klaastorudes - kinkekomplekt 7 &#8226; Looduspood\" \/>\n<meta property=\"og:description\" content=\"\u2714\ufe0f Sisaldab 7 erineva l\u00f5hna ja efektiga soola; \u2714\ufe0f Pakendatud elegantsesse klaastorusse; \u2714\ufe0f Looduslik koostis ja k\u00e4sitsi valmistatud; \u2714\ufe0f Ideaalne kingituseks v\u00f5i l\u00f5\u00f5gastumiseks.\" \/>\n<meta property=\"og:url\" content=\"https:\/\/www.looduspood.ee\/ru\/product\/vannisoolad-klaastorudes-kinkekomplekt-7\/\" \/>\n<meta property=\"og:site_name\" content=\"Looduspood\" \/>\n<meta property=\"article:publisher\" content=\"https:\/\/www.facebook.com\/Looduspood-2064766730406653\/\" \/>\n<meta property=\"article:modified_time\" content=\"2025-01-21T15:27:53+00:00\" \/>\n<meta property=\"og:image\" content=\"https:\/\/www.looduspood.ee\/wp-content\/uploads\/2024\/12\/Vannisoolad-klaastorudes-kinkekomplekt-7-jpeg.avif\" \/>\n\t<meta property=\"og:image:width\" content=\"2000\" \/>\n\t<meta property=\"og:image:height\" content=\"2001\" \/>\n\t<meta property=\"og:image:type\" content=\"image\/jpeg\" \/>\n<meta name=\"twitter:card\" content=\"summary_large_image\" \/>\n<meta name=\"twitter:label1\" content=\"\u041f\u0440\u0438\u043c\u0435\u0440\u043d\u043e\u0435 \u0432\u0440\u0435\u043c\u044f \u0434\u043b\u044f \u0447\u0442\u0435\u043d\u0438\u044f\" \/>\n\t<meta name=\"twitter:data1\" content=\"1 \u043c\u0438\u043d\u0443\u0442\u0430\" \/>\n<script type=\"application\/ld+json\" class=\"yoast-schema-graph\">{\"@context\":\"https:\/\/schema.org\",\"@graph\":[{\"@type\":\"WebPage\",\"@id\":\"https:\/\/www.looduspood.ee\/toode\/vannisoolad-klaastorudes-kinkekomplekt-7\/\",\"url\":\"https:\/\/www.looduspood.ee\/toode\/vannisoolad-klaastorudes-kinkekomplekt-7\/\",\"name\":\"Vannisoolad klaastorudes - kinkekomplekt 7 &#8226; Looduspood\",\"isPartOf\":{\"@id\":\"https:\/\/www.looduspood.ee\/#website\"},\"primaryImageOfPage\":{\"@id\":\"https:\/\/www.looduspood.ee\/toode\/vannisoolad-klaastorudes-kinkekomplekt-7\/#primaryimage\"},\"image\":{\"@id\":\"https:\/\/www.looduspood.ee\/toode\/vannisoolad-klaastorudes-kinkekomplekt-7\/#primaryimage\"},\"thumbnailUrl\":\"https:\/\/www.looduspood.ee\/wp-content\/uploads\/2024\/12\/Vannisoolad-klaastorudes-kinkekomplekt-7-jpeg.avif\",\"datePublished\":\"2024-12-09T21:15:49+00:00\",\"dateModified\":\"2025-01-21T15:27:53+00:00\",\"breadcrumb\":{\"@id\":\"https:\/\/www.looduspood.ee\/toode\/vannisoolad-klaastorudes-kinkekomplekt-7\/#breadcrumb\"},\"inLanguage\":\"ru-RU\",\"potentialAction\":[{\"@type\":\"ReadAction\",\"target\":[\"https:\/\/www.looduspood.ee\/toode\/vannisoolad-klaastorudes-kinkekomplekt-7\/\"]}]},{\"@type\":\"ImageObject\",\"inLanguage\":\"ru-RU\",\"@id\":\"https:\/\/www.looduspood.ee\/toode\/vannisoolad-klaastorudes-kinkekomplekt-7\/#primaryimage\",\"url\":\"https:\/\/www.looduspood.ee\/wp-content\/uploads\/2024\/12\/Vannisoolad-klaastorudes-kinkekomplekt-7-jpeg.avif\",\"contentUrl\":\"https:\/\/www.looduspood.ee\/wp-content\/uploads\/2024\/12\/Vannisoolad-klaastorudes-kinkekomplekt-7-jpeg.avif\",\"width\":2000,\"height\":2001},{\"@type\":\"BreadcrumbList\",\"@id\":\"https:\/\/www.looduspood.ee\/toode\/vannisoolad-klaastorudes-kinkekomplekt-7\/#breadcrumb\",\"itemListElement\":[{\"@type\":\"ListItem\",\"position\":1,\"name\":\"Home\",\"item\":\"https:\/\/www.looduspood.ee\/\"},{\"@type\":\"ListItem\",\"position\":2,\"name\":\"Pood\",\"item\":\"https:\/\/www.looduspood.ee\/looduspood\/\"},{\"@type\":\"ListItem\",\"position\":3,\"name\":\"Vannisoolad klaastorudes &#8211; kinkekomplekt 7\"}]},{\"@type\":\"WebSite\",\"@id\":\"https:\/\/www.looduspood.ee\/#website\",\"url\":\"https:\/\/www.looduspood.ee\/\",\"name\":\"Looduspood\",\"description\":\"Looduspood\",\"publisher\":{\"@id\":\"https:\/\/www.looduspood.ee\/#organization\"},\"potentialAction\":[{\"@type\":\"SearchAction\",\"target\":{\"@type\":\"EntryPoint\",\"urlTemplate\":\"https:\/\/www.looduspood.ee\/?s={search_term_string}\"},\"query-input\":\"required name=search_term_string\"}],\"inLanguage\":\"ru-RU\"},{\"@type\":\"Organization\",\"@id\":\"https:\/\/www.looduspood.ee\/#organization\",\"name\":\"Looduspood\",\"url\":\"https:\/\/www.looduspood.ee\/\",\"logo\":{\"@type\":\"ImageObject\",\"inLanguage\":\"ru-RU\",\"@id\":\"https:\/\/www.looduspood.ee\/#\/schema\/logo\/image\/\",\"url\":\"https:\/\/www.looduspood.ee\/wp-content\/uploads\/2019\/07\/morkva-1.png\",\"contentUrl\":\"https:\/\/www.looduspood.ee\/wp-content\/uploads\/2019\/07\/morkva-1.png\",\"width\":258,\"height\":162,\"caption\":\"Looduspood\"},\"image\":{\"@id\":\"https:\/\/www.looduspood.ee\/#\/schema\/logo\/image\/\"},\"sameAs\":[\"https:\/\/www.facebook.com\/Looduspood-2064766730406653\/\",\"https:\/\/www.youtube.com\/channel\/UCGxI8Tgkgvwn7Q9U8Qh6UgA?view_as=subscriber\"]}]}<\/script>\n<!-- \/ Yoast SEO plugin. -->","yoast_head_json":{"title":"Vannisoolad klaastorudes - kinkekomplekt 7 &#8226; Looduspood","robots":{"index":"index","follow":"follow","max-snippet":"max-snippet:-1","max-image-preview":"max-image-preview:large","max-video-preview":"max-video-preview:-1"},"canonical":"https:\/\/www.looduspood.ee\/ru\/product\/vannisoolad-klaastorudes-kinkekomplekt-7\/","og_locale":"ru_RU","og_type":"article","og_title":"Vannisoolad klaastorudes - kinkekomplekt 7 &#8226; Looduspood","og_description":"\u2714\ufe0f Sisaldab 7 erineva l\u00f5hna ja efektiga soola; \u2714\ufe0f Pakendatud elegantsesse klaastorusse; \u2714\ufe0f Looduslik koostis ja k\u00e4sitsi valmistatud; \u2714\ufe0f Ideaalne kingituseks v\u00f5i l\u00f5\u00f5gastumiseks.","og_url":"https:\/\/www.looduspood.ee\/ru\/product\/vannisoolad-klaastorudes-kinkekomplekt-7\/","og_site_name":"Looduspood","article_publisher":"https:\/\/www.facebook.com\/Looduspood-2064766730406653\/","article_modified_time":"2025-01-21T15:27:53+00:00","og_image":[{"width":2000,"height":2001,"url":"https:\/\/www.looduspood.ee\/wp-content\/uploads\/2024\/12\/Vannisoolad-klaastorudes-kinkekomplekt-7-jpeg.avif","type":"image\/jpeg"}],"twitter_card":"summary_large_image","twitter_misc":{"\u041f\u0440\u0438\u043c\u0435\u0440\u043d\u043e\u0435 \u0432\u0440\u0435\u043c\u044f \u0434\u043b\u044f \u0447\u0442\u0435\u043d\u0438\u044f":"1 \u043c\u0438\u043d\u0443\u0442\u0430"},"schema":{"@context":"https:\/\/schema.org","@graph":[{"@type":"WebPage","@id":"https:\/\/www.looduspood.ee\/toode\/vannisoolad-klaastorudes-kinkekomplekt-7\/","url":"https:\/\/www.looduspood.ee\/toode\/vannisoolad-klaastorudes-kinkekomplekt-7\/","name":"Vannisoolad klaastorudes - kinkekomplekt 7 &#8226; Looduspood","isPartOf":{"@id":"https:\/\/www.looduspood.ee\/#website"},"primaryImageOfPage":{"@id":"https:\/\/www.looduspood.ee\/toode\/vannisoolad-klaastorudes-kinkekomplekt-7\/#primaryimage"},"image":{"@id":"https:\/\/www.looduspood.ee\/toode\/vannisoolad-klaastorudes-kinkekomplekt-7\/#primaryimage"},"thumbnailUrl":"https:\/\/www.looduspood.ee\/wp-content\/uploads\/2024\/12\/Vannisoolad-klaastorudes-kinkekomplekt-7-jpeg.avif","datePublished":"2024-12-09T21:15:49+00:00","dateModified":"2025-01-21T15:27:53+00:00","breadcrumb":{"@id":"https:\/\/www.looduspood.ee\/toode\/vannisoolad-klaastorudes-kinkekomplekt-7\/#breadcrumb"},"inLanguage":"ru-RU","potentialAction":[{"@type":"ReadAction","target":["https:\/\/www.looduspood.ee\/toode\/vannisoolad-klaastorudes-kinkekomplekt-7\/"]}]},{"@type":"ImageObject","inLanguage":"ru-RU","@id":"https:\/\/www.looduspood.ee\/toode\/vannisoolad-klaastorudes-kinkekomplekt-7\/#primaryimage","url":"https:\/\/www.looduspood.ee\/wp-content\/uploads\/2024\/12\/Vannisoolad-klaastorudes-kinkekomplekt-7-jpeg.avif","contentUrl":"https:\/\/www.looduspood.ee\/wp-content\/uploads\/2024\/12\/Vannisoolad-klaastorudes-kinkekomplekt-7-jpeg.avif","width":2000,"height":2001},{"@type":"BreadcrumbList","@id":"https:\/\/www.looduspood.ee\/toode\/vannisoolad-klaastorudes-kinkekomplekt-7\/#breadcrumb","itemListElement":[{"@type":"ListItem","position":1,"name":"Home","item":"https:\/\/www.looduspood.ee\/"},{"@type":"ListItem","position":2,"name":"Pood","item":"https:\/\/www.looduspood.ee\/looduspood\/"},{"@type":"ListItem","position":3,"name":"Vannisoolad klaastorudes &#8211; kinkekomplekt 7"}]},{"@type":"WebSite","@id":"https:\/\/www.looduspood.ee\/#website","url":"https:\/\/www.looduspood.ee\/","name":"Looduspood","description":"Looduspood","publisher":{"@id":"https:\/\/www.looduspood.ee\/#organization"},"potentialAction":[{"@type":"SearchAction","target":{"@type":"EntryPoint","urlTemplate":"https:\/\/www.looduspood.ee\/?s={search_term_string}"},"query-input":"required name=search_term_string"}],"inLanguage":"ru-RU"},{"@type":"Organization","@id":"https:\/\/www.looduspood.ee\/#organization","name":"Looduspood","url":"https:\/\/www.looduspood.ee\/","logo":{"@type":"ImageObject","inLanguage":"ru-RU","@id":"https:\/\/www.looduspood.ee\/#\/schema\/logo\/image\/","url":"https:\/\/www.looduspood.ee\/wp-content\/uploads\/2019\/07\/morkva-1.png","contentUrl":"https:\/\/www.looduspood.ee\/wp-content\/uploads\/2019\/07\/morkva-1.png","width":258,"height":162,"caption":"Looduspood"},"image":{"@id":"https:\/\/www.looduspood.ee\/#\/schema\/logo\/image\/"},"sameAs":["https:\/\/www.facebook.com\/Looduspood-2064766730406653\/","https:\/\/www.youtube.com\/channel\/UCGxI8Tgkgvwn7Q9U8Qh6UgA?view_as=subscriber"]}]}},"tiered_pricing_type":"fixed","tiered_pricing_fixed_rules":[],"_links":{"self":[{"href":"https:\/\/www.looduspood.ee\/ru\/wp-json\/wp\/v2\/product\/61454"}],"collection":[{"href":"https:\/\/www.looduspood.ee\/ru\/wp-json\/wp\/v2\/product"}],"about":[{"href":"https:\/\/www.looduspood.ee\/ru\/wp-json\/wp\/v2\/types\/product"}],"replies":[{"embeddable":true,"href":"https:\/\/www.looduspood.ee\/ru\/wp-json\/wp\/v2\/comments?post=61454"}],"version-history":[{"count":0,"href":"https:\/\/www.looduspood.ee\/ru\/wp-json\/wp\/v2\/product\/61454\/revisions"}],"wp:featuredmedia":[{"embeddable":true,"href":"https:\/\/www.looduspood.ee\/ru\/wp-json\/wp\/v2\/media\/61536"}],"wp:attachment":[{"href":"https:\/\/www.looduspood.ee\/ru\/wp-json\/wp\/v2\/media?parent=61454"}],"wp:term":[{"taxonomy":"product_cat","embeddable":true,"href":"https:\/\/www.looduspood.ee\/ru\/wp-json\/wp\/v2\/product_cat?post=61454"},{"taxonomy":"product_tag","embeddable":true,"href":"https:\/\/www.looduspood.ee\/ru\/wp-json\/wp\/v2\/product_tag?post=61454"}],"curies":[{"name":"wp","href":"https:\/\/api.w.org\/{rel}","templated":true}]}}