{"id":61457,"date":"2024-12-10T00:15:49","date_gmt":"2024-12-09T21:15:49","guid":{"rendered":"https:\/\/www.looduspood.ee\/?post_type=product&#038;p=61457"},"modified":"2025-01-21T18:27:53","modified_gmt":"2025-01-21T15:27:53","slug":"6x-stamford-viirukikomplekt-meeleolu","status":"publish","type":"product","link":"https:\/\/www.looduspood.ee\/ru\/product\/6x-stamford-viirukikomplekt-meeleolu\/","title":{"rendered":"Stamford viirukikomplekt 6tk &#8211; Meeleolu"},"content":{"rendered":"<p>6x Stamford viirukikomplekt &#8211; Meeleolu pakub ideaalset v\u00f5imalust tuua oma koju erinevaid l\u00f5hnavaid viirukeid, mis aitavad luua rahustavat ja meeldivat \u00f5hkkonda. Komplekt sisaldab 6 erinevat l\u00f5hna: Aloe Vera (tervendav), Viiruk (vaimsus), Jasmiin (jumalikkus), Lavendel (stressivastane), Sandlipuu (meditatsioon), Vanilje (rahustav).<\/p>\n<p>Komplekti omadused:<br \/>\n&#8211; Sobib suurep\u00e4raselt koduseks l\u00f5\u00f5gastumiseks v\u00f5i kingituseks.<br \/>\n&#8211; Kvaliteetsed viirukipulgad, mis tagavad pikaajalise ja intensiivse l\u00f5hna.<br \/>\n&#8211; Lihtne kasutada: s\u00fc\u00fcta viiruk, oota kuni leek kustub ja aseta viirukihoidjasse.<\/p>\n<p>Tehnilised andmed:<br \/>\n&#8211; Kaal: 0.8kg (pakendi kaal).<br \/>\n&#8211; M\u00f5\u00f5dud: 26.5 x 15 x 2 cm.<br \/>\n&#8211; P\u00e4ritolu: India.<\/p>\n<p>Naudi unikaalseid l\u00f5hnu ja loo endale rahulik meeleolu selle suurep\u00e4rase viirukikomplektiga!<\/p>","protected":false},"excerpt":{"rendered":"<p>\u2714\ufe0f Sisaldab 6 komplekti erinevaid viirukeid;<br \/>\n\u2714\ufe0f Kvaliteetsed l\u00f5hnad meeleolu loomiseks;<br \/>\n\u2714\ufe0f Lihtne kasutada, ideaalne kingiidee;<br \/>\n\u2714\ufe0f Kauakestev ja intensiivne l\u00f5hn.<\/p>","protected":false},"featured_media":61488,"comment_status":"closed","ping_status":"closed","template":"","meta":{"_acf_changed":false},"product_cat":[5055,5070],"product_tag":[],"class_list":{"0":"post-61457","1":"product","2":"type-product","3":"status-publish","4":"has-post-thumbnail","6":"product_cat-aroomteraapia-2","7":"product_cat-kingiideed-2","9":"first","10":"outofstock","11":"shipping-taxable","12":"purchasable","13":"product-type-simple"},"acf":[],"yoast_head":"<!-- This site is optimized with the Yoast SEO plugin v23.0 - https:\/\/yoast.com\/wordpress\/plugins\/seo\/ -->\n<title>Stamford viirukikomplekt 6tk - Meeleolu &#8226; Looduspood<\/title>\n<meta name=\"robots\" content=\"index, follow, max-snippet:-1, max-image-preview:large, max-video-preview:-1\" \/>\n<link rel=\"canonical\" href=\"https:\/\/www.looduspood.ee\/ru\/product\/6x-stamford-viirukikomplekt-meeleolu\/\" \/>\n<meta property=\"og:locale\" content=\"ru_RU\" \/>\n<meta property=\"og:type\" content=\"article\" \/>\n<meta property=\"og:title\" content=\"Stamford viirukikomplekt 6tk - Meeleolu &#8226; Looduspood\" \/>\n<meta property=\"og:description\" content=\"\u2714\ufe0f Sisaldab 6 komplekti erinevaid viirukeid; \u2714\ufe0f Kvaliteetsed l\u00f5hnad meeleolu loomiseks; \u2714\ufe0f Lihtne kasutada, ideaalne kingiidee; \u2714\ufe0f Kauakestev ja intensiivne l\u00f5hn.\" \/>\n<meta property=\"og:url\" content=\"https:\/\/www.looduspood.ee\/ru\/product\/6x-stamford-viirukikomplekt-meeleolu\/\" \/>\n<meta property=\"og:site_name\" content=\"Looduspood\" \/>\n<meta property=\"article:publisher\" content=\"https:\/\/www.facebook.com\/Looduspood-2064766730406653\/\" \/>\n<meta property=\"article:modified_time\" content=\"2025-01-21T15:27:53+00:00\" \/>\n<meta property=\"og:image\" content=\"https:\/\/www.looduspood.ee\/wp-content\/uploads\/2024\/12\/6x-Stamford-viirukikomplekt-Meeleolu-jpeg.avif\" \/>\n\t<meta property=\"og:image:width\" content=\"1600\" \/>\n\t<meta property=\"og:image:height\" content=\"1600\" \/>\n\t<meta property=\"og:image:type\" content=\"image\/jpeg\" \/>\n<meta name=\"twitter:card\" content=\"summary_large_image\" \/>\n<meta name=\"twitter:label1\" content=\"\u041f\u0440\u0438\u043c\u0435\u0440\u043d\u043e\u0435 \u0432\u0440\u0435\u043c\u044f \u0434\u043b\u044f \u0447\u0442\u0435\u043d\u0438\u044f\" \/>\n\t<meta name=\"twitter:data1\" content=\"1 \u043c\u0438\u043d\u0443\u0442\u0430\" \/>\n<script type=\"application\/ld+json\" class=\"yoast-schema-graph\">{\"@context\":\"https:\/\/schema.org\",\"@graph\":[{\"@type\":\"WebPage\",\"@id\":\"https:\/\/www.looduspood.ee\/toode\/6x-stamford-viirukikomplekt-meeleolu\/\",\"url\":\"https:\/\/www.looduspood.ee\/toode\/6x-stamford-viirukikomplekt-meeleolu\/\",\"name\":\"Stamford viirukikomplekt 6tk - Meeleolu &#8226; Looduspood\",\"isPartOf\":{\"@id\":\"https:\/\/www.looduspood.ee\/#website\"},\"primaryImageOfPage\":{\"@id\":\"https:\/\/www.looduspood.ee\/toode\/6x-stamford-viirukikomplekt-meeleolu\/#primaryimage\"},\"image\":{\"@id\":\"https:\/\/www.looduspood.ee\/toode\/6x-stamford-viirukikomplekt-meeleolu\/#primaryimage\"},\"thumbnailUrl\":\"https:\/\/www.looduspood.ee\/wp-content\/uploads\/2024\/12\/6x-Stamford-viirukikomplekt-Meeleolu-jpeg.avif\",\"datePublished\":\"2024-12-09T21:15:49+00:00\",\"dateModified\":\"2025-01-21T15:27:53+00:00\",\"breadcrumb\":{\"@id\":\"https:\/\/www.looduspood.ee\/toode\/6x-stamford-viirukikomplekt-meeleolu\/#breadcrumb\"},\"inLanguage\":\"ru-RU\",\"potentialAction\":[{\"@type\":\"ReadAction\",\"target\":[\"https:\/\/www.looduspood.ee\/toode\/6x-stamford-viirukikomplekt-meeleolu\/\"]}]},{\"@type\":\"ImageObject\",\"inLanguage\":\"ru-RU\",\"@id\":\"https:\/\/www.looduspood.ee\/toode\/6x-stamford-viirukikomplekt-meeleolu\/#primaryimage\",\"url\":\"https:\/\/www.looduspood.ee\/wp-content\/uploads\/2024\/12\/6x-Stamford-viirukikomplekt-Meeleolu-jpeg.avif\",\"contentUrl\":\"https:\/\/www.looduspood.ee\/wp-content\/uploads\/2024\/12\/6x-Stamford-viirukikomplekt-Meeleolu-jpeg.avif\",\"width\":1600,\"height\":1600},{\"@type\":\"BreadcrumbList\",\"@id\":\"https:\/\/www.looduspood.ee\/toode\/6x-stamford-viirukikomplekt-meeleolu\/#breadcrumb\",\"itemListElement\":[{\"@type\":\"ListItem\",\"position\":1,\"name\":\"Home\",\"item\":\"https:\/\/www.looduspood.ee\/\"},{\"@type\":\"ListItem\",\"position\":2,\"name\":\"Pood\",\"item\":\"https:\/\/www.looduspood.ee\/looduspood\/\"},{\"@type\":\"ListItem\",\"position\":3,\"name\":\"Stamford viirukikomplekt 6tk &#8211; Meeleolu\"}]},{\"@type\":\"WebSite\",\"@id\":\"https:\/\/www.looduspood.ee\/#website\",\"url\":\"https:\/\/www.looduspood.ee\/\",\"name\":\"Looduspood\",\"description\":\"Looduspood\",\"publisher\":{\"@id\":\"https:\/\/www.looduspood.ee\/#organization\"},\"potentialAction\":[{\"@type\":\"SearchAction\",\"target\":{\"@type\":\"EntryPoint\",\"urlTemplate\":\"https:\/\/www.looduspood.ee\/?s={search_term_string}\"},\"query-input\":\"required name=search_term_string\"}],\"inLanguage\":\"ru-RU\"},{\"@type\":\"Organization\",\"@id\":\"https:\/\/www.looduspood.ee\/#organization\",\"name\":\"Looduspood\",\"url\":\"https:\/\/www.looduspood.ee\/\",\"logo\":{\"@type\":\"ImageObject\",\"inLanguage\":\"ru-RU\",\"@id\":\"https:\/\/www.looduspood.ee\/#\/schema\/logo\/image\/\",\"url\":\"https:\/\/www.looduspood.ee\/wp-content\/uploads\/2019\/07\/morkva-1.png\",\"contentUrl\":\"https:\/\/www.looduspood.ee\/wp-content\/uploads\/2019\/07\/morkva-1.png\",\"width\":258,\"height\":162,\"caption\":\"Looduspood\"},\"image\":{\"@id\":\"https:\/\/www.looduspood.ee\/#\/schema\/logo\/image\/\"},\"sameAs\":[\"https:\/\/www.facebook.com\/Looduspood-2064766730406653\/\",\"https:\/\/www.youtube.com\/channel\/UCGxI8Tgkgvwn7Q9U8Qh6UgA?view_as=subscriber\"]}]}<\/script>\n<!-- \/ Yoast SEO plugin. -->","yoast_head_json":{"title":"Stamford viirukikomplekt 6tk - Meeleolu &#8226; Looduspood","robots":{"index":"index","follow":"follow","max-snippet":"max-snippet:-1","max-image-preview":"max-image-preview:large","max-video-preview":"max-video-preview:-1"},"canonical":"https:\/\/www.looduspood.ee\/ru\/product\/6x-stamford-viirukikomplekt-meeleolu\/","og_locale":"ru_RU","og_type":"article","og_title":"Stamford viirukikomplekt 6tk - Meeleolu &#8226; Looduspood","og_description":"\u2714\ufe0f Sisaldab 6 komplekti erinevaid viirukeid; \u2714\ufe0f Kvaliteetsed l\u00f5hnad meeleolu loomiseks; \u2714\ufe0f Lihtne kasutada, ideaalne kingiidee; \u2714\ufe0f Kauakestev ja intensiivne l\u00f5hn.","og_url":"https:\/\/www.looduspood.ee\/ru\/product\/6x-stamford-viirukikomplekt-meeleolu\/","og_site_name":"Looduspood","article_publisher":"https:\/\/www.facebook.com\/Looduspood-2064766730406653\/","article_modified_time":"2025-01-21T15:27:53+00:00","og_image":[{"width":1600,"height":1600,"url":"https:\/\/www.looduspood.ee\/wp-content\/uploads\/2024\/12\/6x-Stamford-viirukikomplekt-Meeleolu-jpeg.avif","type":"image\/jpeg"}],"twitter_card":"summary_large_image","twitter_misc":{"\u041f\u0440\u0438\u043c\u0435\u0440\u043d\u043e\u0435 \u0432\u0440\u0435\u043c\u044f \u0434\u043b\u044f \u0447\u0442\u0435\u043d\u0438\u044f":"1 \u043c\u0438\u043d\u0443\u0442\u0430"},"schema":{"@context":"https:\/\/schema.org","@graph":[{"@type":"WebPage","@id":"https:\/\/www.looduspood.ee\/toode\/6x-stamford-viirukikomplekt-meeleolu\/","url":"https:\/\/www.looduspood.ee\/toode\/6x-stamford-viirukikomplekt-meeleolu\/","name":"Stamford viirukikomplekt 6tk - Meeleolu &#8226; Looduspood","isPartOf":{"@id":"https:\/\/www.looduspood.ee\/#website"},"primaryImageOfPage":{"@id":"https:\/\/www.looduspood.ee\/toode\/6x-stamford-viirukikomplekt-meeleolu\/#primaryimage"},"image":{"@id":"https:\/\/www.looduspood.ee\/toode\/6x-stamford-viirukikomplekt-meeleolu\/#primaryimage"},"thumbnailUrl":"https:\/\/www.looduspood.ee\/wp-content\/uploads\/2024\/12\/6x-Stamford-viirukikomplekt-Meeleolu-jpeg.avif","datePublished":"2024-12-09T21:15:49+00:00","dateModified":"2025-01-21T15:27:53+00:00","breadcrumb":{"@id":"https:\/\/www.looduspood.ee\/toode\/6x-stamford-viirukikomplekt-meeleolu\/#breadcrumb"},"inLanguage":"ru-RU","potentialAction":[{"@type":"ReadAction","target":["https:\/\/www.looduspood.ee\/toode\/6x-stamford-viirukikomplekt-meeleolu\/"]}]},{"@type":"ImageObject","inLanguage":"ru-RU","@id":"https:\/\/www.looduspood.ee\/toode\/6x-stamford-viirukikomplekt-meeleolu\/#primaryimage","url":"https:\/\/www.looduspood.ee\/wp-content\/uploads\/2024\/12\/6x-Stamford-viirukikomplekt-Meeleolu-jpeg.avif","contentUrl":"https:\/\/www.looduspood.ee\/wp-content\/uploads\/2024\/12\/6x-Stamford-viirukikomplekt-Meeleolu-jpeg.avif","width":1600,"height":1600},{"@type":"BreadcrumbList","@id":"https:\/\/www.looduspood.ee\/toode\/6x-stamford-viirukikomplekt-meeleolu\/#breadcrumb","itemListElement":[{"@type":"ListItem","position":1,"name":"Home","item":"https:\/\/www.looduspood.ee\/"},{"@type":"ListItem","position":2,"name":"Pood","item":"https:\/\/www.looduspood.ee\/looduspood\/"},{"@type":"ListItem","position":3,"name":"Stamford viirukikomplekt 6tk &#8211; Meeleolu"}]},{"@type":"WebSite","@id":"https:\/\/www.looduspood.ee\/#website","url":"https:\/\/www.looduspood.ee\/","name":"Looduspood","description":"Looduspood","publisher":{"@id":"https:\/\/www.looduspood.ee\/#organization"},"potentialAction":[{"@type":"SearchAction","target":{"@type":"EntryPoint","urlTemplate":"https:\/\/www.looduspood.ee\/?s={search_term_string}"},"query-input":"required name=search_term_string"}],"inLanguage":"ru-RU"},{"@type":"Organization","@id":"https:\/\/www.looduspood.ee\/#organization","name":"Looduspood","url":"https:\/\/www.looduspood.ee\/","logo":{"@type":"ImageObject","inLanguage":"ru-RU","@id":"https:\/\/www.looduspood.ee\/#\/schema\/logo\/image\/","url":"https:\/\/www.looduspood.ee\/wp-content\/uploads\/2019\/07\/morkva-1.png","contentUrl":"https:\/\/www.looduspood.ee\/wp-content\/uploads\/2019\/07\/morkva-1.png","width":258,"height":162,"caption":"Looduspood"},"image":{"@id":"https:\/\/www.looduspood.ee\/#\/schema\/logo\/image\/"},"sameAs":["https:\/\/www.facebook.com\/Looduspood-2064766730406653\/","https:\/\/www.youtube.com\/channel\/UCGxI8Tgkgvwn7Q9U8Qh6UgA?view_as=subscriber"]}]}},"tiered_pricing_type":"fixed","tiered_pricing_fixed_rules":[],"_links":{"self":[{"href":"https:\/\/www.looduspood.ee\/ru\/wp-json\/wp\/v2\/product\/61457"}],"collection":[{"href":"https:\/\/www.looduspood.ee\/ru\/wp-json\/wp\/v2\/product"}],"about":[{"href":"https:\/\/www.looduspood.ee\/ru\/wp-json\/wp\/v2\/types\/product"}],"replies":[{"embeddable":true,"href":"https:\/\/www.looduspood.ee\/ru\/wp-json\/wp\/v2\/comments?post=61457"}],"version-history":[{"count":0,"href":"https:\/\/www.looduspood.ee\/ru\/wp-json\/wp\/v2\/product\/61457\/revisions"}],"wp:featuredmedia":[{"embeddable":true,"href":"https:\/\/www.looduspood.ee\/ru\/wp-json\/wp\/v2\/media\/61488"}],"wp:attachment":[{"href":"https:\/\/www.looduspood.ee\/ru\/wp-json\/wp\/v2\/media?parent=61457"}],"wp:term":[{"taxonomy":"product_cat","embeddable":true,"href":"https:\/\/www.looduspood.ee\/ru\/wp-json\/wp\/v2\/product_cat?post=61457"},{"taxonomy":"product_tag","embeddable":true,"href":"https:\/\/www.looduspood.ee\/ru\/wp-json\/wp\/v2\/product_tag?post=61457"}],"curies":[{"name":"wp","href":"https:\/\/api.w.org\/{rel}","templated":true}]}}