{"id":61465,"date":"2024-12-10T00:15:49","date_gmt":"2024-12-09T21:15:49","guid":{"rendered":"https:\/\/www.looduspood.ee\/?post_type=product&#038;p=61465"},"modified":"2025-01-21T18:27:54","modified_gmt":"2025-01-21T15:27:54","slug":"looduskivi-ripats-tiigrisilm","status":"publish","type":"product","link":"https:\/\/www.looduspood.ee\/ru\/product\/looduskivi-ripats-tiigrisilm\/","title":{"rendered":"Looduskivi ripats &#8211; Tiigrisilm"},"content":{"rendered":"<p>Kaunis looduskivi ripats &#8211; Tiigrisilm on ideaalne lisand igap\u00e4evasele ehterepertuaarile. Ripats on valmistatud tiigrisilma kivist ja varustatud h\u00f5betatud ketiga, mille pikkus on ligikaudu 45 cm. Iga ripats on unikaalne, kuna see on k\u00e4sitsi valmistatud. See on pakitud atraktiivsesse kaardipakendisse, mis teeb sellest ka ideaalse kingituse.<\/p>\n<p>Komplekti omadused:<br \/>\n&#8211; Looduskivi, mis s\u00fcmboliseerib kaitset ja j\u00f5udu.<br \/>\n&#8211; H\u00f5betatud kett lisab elegantsi ja vastupidavust.<br \/>\n&#8211; Sobib suurep\u00e4raselt kingituseks v\u00f5i isiklikuks kandmiseks.<\/p>\n<p>Tehnilised andmed:<br \/>\n&#8211; Kaal: 0.13kg (pakendi kaal).<br \/>\n&#8211; P\u00e4ritolu: India.<\/p>\n<p>\u00dcllata ennast v\u00f5i oma l\u00e4hedasi selle unikaalse ja t\u00e4hendusrikka ripatsiga.<\/p>","protected":false},"excerpt":{"rendered":"<p>\u2714\ufe0f Kaunis k\u00e4sitsi valmistatud tiigrisilm ripats;<br \/>\n\u2714\ufe0f H\u00f5betatud kett, pikkus umbes 45 cm;<br \/>\n\u2714\ufe0f Pakitud elegantsesse pakendisse;<br \/>\n\u2714\ufe0f Ideaalne kingitus igaks puhuks.<\/p>","protected":false},"featured_media":61514,"comment_status":"closed","ping_status":"closed","template":"","meta":{"_acf_changed":false},"product_cat":[5072,5070],"product_tag":[],"class_list":{"0":"post-61465","1":"product","2":"type-product","3":"status-publish","4":"has-post-thumbnail","6":"product_cat-aksessuaarid-2","7":"product_cat-kingiideed-2","9":"first","10":"outofstock","11":"shipping-taxable","12":"purchasable","13":"product-type-simple"},"acf":[],"yoast_head":"<!-- This site is optimized with the Yoast SEO plugin v23.0 - https:\/\/yoast.com\/wordpress\/plugins\/seo\/ -->\n<title>Looduskivi ripats - Tiigrisilm &#8226; Looduspood<\/title>\n<meta name=\"robots\" content=\"index, follow, max-snippet:-1, max-image-preview:large, max-video-preview:-1\" \/>\n<link rel=\"canonical\" href=\"https:\/\/www.looduspood.ee\/ru\/product\/looduskivi-ripats-tiigrisilm\/\" \/>\n<meta property=\"og:locale\" content=\"ru_RU\" \/>\n<meta property=\"og:type\" content=\"article\" \/>\n<meta property=\"og:title\" content=\"Looduskivi ripats - Tiigrisilm &#8226; Looduspood\" \/>\n<meta property=\"og:description\" content=\"\u2714\ufe0f Kaunis k\u00e4sitsi valmistatud tiigrisilm ripats; \u2714\ufe0f H\u00f5betatud kett, pikkus umbes 45 cm; \u2714\ufe0f Pakitud elegantsesse pakendisse; \u2714\ufe0f Ideaalne kingitus igaks puhuks.\" \/>\n<meta property=\"og:url\" content=\"https:\/\/www.looduspood.ee\/ru\/product\/looduskivi-ripats-tiigrisilm\/\" \/>\n<meta property=\"og:site_name\" content=\"Looduspood\" \/>\n<meta property=\"article:publisher\" content=\"https:\/\/www.facebook.com\/Looduspood-2064766730406653\/\" \/>\n<meta property=\"article:modified_time\" content=\"2025-01-21T15:27:54+00:00\" \/>\n<meta property=\"og:image\" content=\"https:\/\/www.looduspood.ee\/wp-content\/uploads\/2024\/12\/Looduskivi-ripats-Tiigrisilm-jpeg.avif\" \/>\n\t<meta property=\"og:image:width\" content=\"2000\" \/>\n\t<meta property=\"og:image:height\" content=\"2000\" \/>\n\t<meta property=\"og:image:type\" content=\"image\/jpeg\" \/>\n<meta name=\"twitter:card\" content=\"summary_large_image\" \/>\n<meta name=\"twitter:label1\" content=\"\u041f\u0440\u0438\u043c\u0435\u0440\u043d\u043e\u0435 \u0432\u0440\u0435\u043c\u044f \u0434\u043b\u044f \u0447\u0442\u0435\u043d\u0438\u044f\" \/>\n\t<meta name=\"twitter:data1\" content=\"1 \u043c\u0438\u043d\u0443\u0442\u0430\" \/>\n<script type=\"application\/ld+json\" class=\"yoast-schema-graph\">{\"@context\":\"https:\/\/schema.org\",\"@graph\":[{\"@type\":\"WebPage\",\"@id\":\"https:\/\/www.looduspood.ee\/toode\/looduskivi-ripats-tiigrisilm\/\",\"url\":\"https:\/\/www.looduspood.ee\/toode\/looduskivi-ripats-tiigrisilm\/\",\"name\":\"Looduskivi ripats - Tiigrisilm &#8226; Looduspood\",\"isPartOf\":{\"@id\":\"https:\/\/www.looduspood.ee\/#website\"},\"primaryImageOfPage\":{\"@id\":\"https:\/\/www.looduspood.ee\/toode\/looduskivi-ripats-tiigrisilm\/#primaryimage\"},\"image\":{\"@id\":\"https:\/\/www.looduspood.ee\/toode\/looduskivi-ripats-tiigrisilm\/#primaryimage\"},\"thumbnailUrl\":\"https:\/\/www.looduspood.ee\/wp-content\/uploads\/2024\/12\/Looduskivi-ripats-Tiigrisilm-jpeg.avif\",\"datePublished\":\"2024-12-09T21:15:49+00:00\",\"dateModified\":\"2025-01-21T15:27:54+00:00\",\"breadcrumb\":{\"@id\":\"https:\/\/www.looduspood.ee\/toode\/looduskivi-ripats-tiigrisilm\/#breadcrumb\"},\"inLanguage\":\"ru-RU\",\"potentialAction\":[{\"@type\":\"ReadAction\",\"target\":[\"https:\/\/www.looduspood.ee\/toode\/looduskivi-ripats-tiigrisilm\/\"]}]},{\"@type\":\"ImageObject\",\"inLanguage\":\"ru-RU\",\"@id\":\"https:\/\/www.looduspood.ee\/toode\/looduskivi-ripats-tiigrisilm\/#primaryimage\",\"url\":\"https:\/\/www.looduspood.ee\/wp-content\/uploads\/2024\/12\/Looduskivi-ripats-Tiigrisilm-jpeg.avif\",\"contentUrl\":\"https:\/\/www.looduspood.ee\/wp-content\/uploads\/2024\/12\/Looduskivi-ripats-Tiigrisilm-jpeg.avif\",\"width\":2000,\"height\":2000},{\"@type\":\"BreadcrumbList\",\"@id\":\"https:\/\/www.looduspood.ee\/toode\/looduskivi-ripats-tiigrisilm\/#breadcrumb\",\"itemListElement\":[{\"@type\":\"ListItem\",\"position\":1,\"name\":\"Home\",\"item\":\"https:\/\/www.looduspood.ee\/\"},{\"@type\":\"ListItem\",\"position\":2,\"name\":\"Pood\",\"item\":\"https:\/\/www.looduspood.ee\/looduspood\/\"},{\"@type\":\"ListItem\",\"position\":3,\"name\":\"Looduskivi ripats &#8211; Tiigrisilm\"}]},{\"@type\":\"WebSite\",\"@id\":\"https:\/\/www.looduspood.ee\/#website\",\"url\":\"https:\/\/www.looduspood.ee\/\",\"name\":\"Looduspood\",\"description\":\"Looduspood\",\"publisher\":{\"@id\":\"https:\/\/www.looduspood.ee\/#organization\"},\"potentialAction\":[{\"@type\":\"SearchAction\",\"target\":{\"@type\":\"EntryPoint\",\"urlTemplate\":\"https:\/\/www.looduspood.ee\/?s={search_term_string}\"},\"query-input\":\"required name=search_term_string\"}],\"inLanguage\":\"ru-RU\"},{\"@type\":\"Organization\",\"@id\":\"https:\/\/www.looduspood.ee\/#organization\",\"name\":\"Looduspood\",\"url\":\"https:\/\/www.looduspood.ee\/\",\"logo\":{\"@type\":\"ImageObject\",\"inLanguage\":\"ru-RU\",\"@id\":\"https:\/\/www.looduspood.ee\/#\/schema\/logo\/image\/\",\"url\":\"https:\/\/www.looduspood.ee\/wp-content\/uploads\/2019\/07\/morkva-1.png\",\"contentUrl\":\"https:\/\/www.looduspood.ee\/wp-content\/uploads\/2019\/07\/morkva-1.png\",\"width\":258,\"height\":162,\"caption\":\"Looduspood\"},\"image\":{\"@id\":\"https:\/\/www.looduspood.ee\/#\/schema\/logo\/image\/\"},\"sameAs\":[\"https:\/\/www.facebook.com\/Looduspood-2064766730406653\/\",\"https:\/\/www.youtube.com\/channel\/UCGxI8Tgkgvwn7Q9U8Qh6UgA?view_as=subscriber\"]}]}<\/script>\n<!-- \/ Yoast SEO plugin. -->","yoast_head_json":{"title":"Looduskivi ripats - Tiigrisilm &#8226; Looduspood","robots":{"index":"index","follow":"follow","max-snippet":"max-snippet:-1","max-image-preview":"max-image-preview:large","max-video-preview":"max-video-preview:-1"},"canonical":"https:\/\/www.looduspood.ee\/ru\/product\/looduskivi-ripats-tiigrisilm\/","og_locale":"ru_RU","og_type":"article","og_title":"Looduskivi ripats - Tiigrisilm &#8226; Looduspood","og_description":"\u2714\ufe0f Kaunis k\u00e4sitsi valmistatud tiigrisilm ripats; \u2714\ufe0f H\u00f5betatud kett, pikkus umbes 45 cm; \u2714\ufe0f Pakitud elegantsesse pakendisse; \u2714\ufe0f Ideaalne kingitus igaks puhuks.","og_url":"https:\/\/www.looduspood.ee\/ru\/product\/looduskivi-ripats-tiigrisilm\/","og_site_name":"Looduspood","article_publisher":"https:\/\/www.facebook.com\/Looduspood-2064766730406653\/","article_modified_time":"2025-01-21T15:27:54+00:00","og_image":[{"width":2000,"height":2000,"url":"https:\/\/www.looduspood.ee\/wp-content\/uploads\/2024\/12\/Looduskivi-ripats-Tiigrisilm-jpeg.avif","type":"image\/jpeg"}],"twitter_card":"summary_large_image","twitter_misc":{"\u041f\u0440\u0438\u043c\u0435\u0440\u043d\u043e\u0435 \u0432\u0440\u0435\u043c\u044f \u0434\u043b\u044f \u0447\u0442\u0435\u043d\u0438\u044f":"1 \u043c\u0438\u043d\u0443\u0442\u0430"},"schema":{"@context":"https:\/\/schema.org","@graph":[{"@type":"WebPage","@id":"https:\/\/www.looduspood.ee\/toode\/looduskivi-ripats-tiigrisilm\/","url":"https:\/\/www.looduspood.ee\/toode\/looduskivi-ripats-tiigrisilm\/","name":"Looduskivi ripats - Tiigrisilm &#8226; Looduspood","isPartOf":{"@id":"https:\/\/www.looduspood.ee\/#website"},"primaryImageOfPage":{"@id":"https:\/\/www.looduspood.ee\/toode\/looduskivi-ripats-tiigrisilm\/#primaryimage"},"image":{"@id":"https:\/\/www.looduspood.ee\/toode\/looduskivi-ripats-tiigrisilm\/#primaryimage"},"thumbnailUrl":"https:\/\/www.looduspood.ee\/wp-content\/uploads\/2024\/12\/Looduskivi-ripats-Tiigrisilm-jpeg.avif","datePublished":"2024-12-09T21:15:49+00:00","dateModified":"2025-01-21T15:27:54+00:00","breadcrumb":{"@id":"https:\/\/www.looduspood.ee\/toode\/looduskivi-ripats-tiigrisilm\/#breadcrumb"},"inLanguage":"ru-RU","potentialAction":[{"@type":"ReadAction","target":["https:\/\/www.looduspood.ee\/toode\/looduskivi-ripats-tiigrisilm\/"]}]},{"@type":"ImageObject","inLanguage":"ru-RU","@id":"https:\/\/www.looduspood.ee\/toode\/looduskivi-ripats-tiigrisilm\/#primaryimage","url":"https:\/\/www.looduspood.ee\/wp-content\/uploads\/2024\/12\/Looduskivi-ripats-Tiigrisilm-jpeg.avif","contentUrl":"https:\/\/www.looduspood.ee\/wp-content\/uploads\/2024\/12\/Looduskivi-ripats-Tiigrisilm-jpeg.avif","width":2000,"height":2000},{"@type":"BreadcrumbList","@id":"https:\/\/www.looduspood.ee\/toode\/looduskivi-ripats-tiigrisilm\/#breadcrumb","itemListElement":[{"@type":"ListItem","position":1,"name":"Home","item":"https:\/\/www.looduspood.ee\/"},{"@type":"ListItem","position":2,"name":"Pood","item":"https:\/\/www.looduspood.ee\/looduspood\/"},{"@type":"ListItem","position":3,"name":"Looduskivi ripats &#8211; Tiigrisilm"}]},{"@type":"WebSite","@id":"https:\/\/www.looduspood.ee\/#website","url":"https:\/\/www.looduspood.ee\/","name":"Looduspood","description":"Looduspood","publisher":{"@id":"https:\/\/www.looduspood.ee\/#organization"},"potentialAction":[{"@type":"SearchAction","target":{"@type":"EntryPoint","urlTemplate":"https:\/\/www.looduspood.ee\/?s={search_term_string}"},"query-input":"required name=search_term_string"}],"inLanguage":"ru-RU"},{"@type":"Organization","@id":"https:\/\/www.looduspood.ee\/#organization","name":"Looduspood","url":"https:\/\/www.looduspood.ee\/","logo":{"@type":"ImageObject","inLanguage":"ru-RU","@id":"https:\/\/www.looduspood.ee\/#\/schema\/logo\/image\/","url":"https:\/\/www.looduspood.ee\/wp-content\/uploads\/2019\/07\/morkva-1.png","contentUrl":"https:\/\/www.looduspood.ee\/wp-content\/uploads\/2019\/07\/morkva-1.png","width":258,"height":162,"caption":"Looduspood"},"image":{"@id":"https:\/\/www.looduspood.ee\/#\/schema\/logo\/image\/"},"sameAs":["https:\/\/www.facebook.com\/Looduspood-2064766730406653\/","https:\/\/www.youtube.com\/channel\/UCGxI8Tgkgvwn7Q9U8Qh6UgA?view_as=subscriber"]}]}},"tiered_pricing_type":"fixed","tiered_pricing_fixed_rules":[],"_links":{"self":[{"href":"https:\/\/www.looduspood.ee\/ru\/wp-json\/wp\/v2\/product\/61465"}],"collection":[{"href":"https:\/\/www.looduspood.ee\/ru\/wp-json\/wp\/v2\/product"}],"about":[{"href":"https:\/\/www.looduspood.ee\/ru\/wp-json\/wp\/v2\/types\/product"}],"replies":[{"embeddable":true,"href":"https:\/\/www.looduspood.ee\/ru\/wp-json\/wp\/v2\/comments?post=61465"}],"version-history":[{"count":0,"href":"https:\/\/www.looduspood.ee\/ru\/wp-json\/wp\/v2\/product\/61465\/revisions"}],"wp:featuredmedia":[{"embeddable":true,"href":"https:\/\/www.looduspood.ee\/ru\/wp-json\/wp\/v2\/media\/61514"}],"wp:attachment":[{"href":"https:\/\/www.looduspood.ee\/ru\/wp-json\/wp\/v2\/media?parent=61465"}],"wp:term":[{"taxonomy":"product_cat","embeddable":true,"href":"https:\/\/www.looduspood.ee\/ru\/wp-json\/wp\/v2\/product_cat?post=61465"},{"taxonomy":"product_tag","embeddable":true,"href":"https:\/\/www.looduspood.ee\/ru\/wp-json\/wp\/v2\/product_tag?post=61465"}],"curies":[{"name":"wp","href":"https:\/\/api.w.org\/{rel}","templated":true}]}}