{"id":616,"date":"2019-07-04T02:08:11","date_gmt":"2019-07-03T23:08:11","guid":{"rendered":"https:\/\/www.looduspood.ee\/?post_type=product&#038;p=616"},"modified":"2025-11-25T10:48:27","modified_gmt":"2025-11-25T07:48:27","slug":"norskamisvastane-ninaklamber-valdi-norskamist-vaikese-ja-tohusa-ninaklambri-abil","status":"publish","type":"product","link":"https:\/\/www.looduspood.ee\/ru\/product\/\u0437\u0430\u0436\u0438\u043c-\u0434\u043b\u044f-\u0441\u043e\u0441\u043a\u043e\u0432-\u043f\u0440\u043e\u0442\u0438\u0432-\u0445\u0440\u0430\u043f\u0430-\u043f\u0440\u0435\u043e\u0434\u043e\u043b\/","title":{"rendered":"\u041e\u0441\u0442\u0430\u043d\u043e\u0432\u0438\u0442\u0435 \u0445\u0440\u0430\u043f! \u0417\u0430\u0436\u0438\u043c \u0434\u043b\u044f \u043d\u043e\u0441\u0430 \u043f\u0440\u043e\u0442\u0438\u0432 \u0445\u0440\u0430\u043f\u0430"},"content":{"rendered":"<div data-elementor-type=\"product-post\" data-elementor-id=\"616\" class=\"elementor elementor-616\" data-elementor-post-type=\"product\">\n\t\t\t\t\t\t<section class=\"elementor-section elementor-top-section elementor-element elementor-element-7a731ca elementor-section-stretched elementor-section-boxed elementor-section-height-default elementor-section-height-default\" data-id=\"7a731ca\" data-element_type=\"section\" data-settings=\"{&quot;stretch_section&quot;:&quot;section-stretched&quot;}\">\n\t\t\t\t\t\t<div class=\"elementor-container elementor-column-gap-default\">\n\t\t\t\t\t<div class=\"elementor-column elementor-col-100 elementor-top-column elementor-element elementor-element-b0804da\" data-id=\"b0804da\" data-element_type=\"column\">\n\t\t\t<div class=\"elementor-widget-wrap elementor-element-populated\">\n\t\t\t\t\t\t<div class=\"elementor-element elementor-element-ea0aebc elementor-widget elementor-widget-image\" data-id=\"ea0aebc\" data-element_type=\"widget\" data-widget_type=\"image.default\">\n\t\t\t\t<div class=\"elementor-widget-container\">\n\t\t\t<style>\/*! elementor - v3.23.0 - 15-07-2024 *\/\n.elementor-widget-image{text-align:center}.elementor-widget-image a{display:inline-block}.elementor-widget-image a img[src$=\".svg\"]{width:48px}.elementor-widget-image img{vertical-align:middle;display:inline-block}<\/style>\t\t\t\t\t\t\t\t\t\t<img fetchpriority=\"high\" decoding=\"async\" width=\"1800\" height=\"450\" src=\"https:\/\/www.looduspood.ee\/wp-content\/uploads\/2019\/07\/snore-fix.jpg\" class=\"attachment-full size-full wp-image-620\" alt=\"\" srcset=\"https:\/\/www.looduspood.ee\/wp-content\/uploads\/2019\/07\/snore-fix.jpg 1800w, https:\/\/www.looduspood.ee\/wp-content\/uploads\/2019\/07\/snore-fix-300x75.jpg 300w, https:\/\/www.looduspood.ee\/wp-content\/uploads\/2019\/07\/snore-fix-768x192.jpg 768w, https:\/\/www.looduspood.ee\/wp-content\/uploads\/2019\/07\/snore-fix-1024x256.jpg 1024w, https:\/\/www.looduspood.ee\/wp-content\/uploads\/2019\/07\/snore-fix-600x150.jpg 600w\" sizes=\"(max-width: 1800px) 100vw, 1800px\" \/>\t\t\t\t\t\t\t\t\t\t\t\t\t<\/div>\n\t\t\t\t<\/div>\n\t\t\t\t\t<\/div>\n\t\t<\/div>\n\t\t\t\t\t<\/div>\n\t\t<\/section>\n\t\t\t\t<section class=\"elementor-section elementor-top-section elementor-element elementor-element-7790173 elementor-section-stretched elementor-section-boxed elementor-section-height-default elementor-section-height-default\" data-id=\"7790173\" data-element_type=\"section\" data-settings=\"{&quot;stretch_section&quot;:&quot;section-stretched&quot;}\">\n\t\t\t\t\t\t<div class=\"elementor-container elementor-column-gap-default\">\n\t\t\t\t\t<div class=\"elementor-column elementor-col-100 elementor-top-column elementor-element elementor-element-47cce87\" data-id=\"47cce87\" data-element_type=\"column\">\n\t\t\t<div class=\"elementor-widget-wrap elementor-element-populated\">\n\t\t\t\t\t\t<div class=\"elementor-element elementor-element-dace85d elementor-widget elementor-widget-text-editor\" data-id=\"dace85d\" data-element_type=\"widget\" data-widget_type=\"text-editor.default\">\n\t\t\t\t<div class=\"elementor-widget-container\">\n\t\t\t<style>\/*! elementor - v3.23.0 - 15-07-2024 *\/\n.elementor-widget-text-editor.elementor-drop-cap-view-stacked .elementor-drop-cap{background-color:#69727d;color:#fff}.elementor-widget-text-editor.elementor-drop-cap-view-framed .elementor-drop-cap{color:#69727d;border:3px solid;background-color:transparent}.elementor-widget-text-editor:not(.elementor-drop-cap-view-default) .elementor-drop-cap{margin-top:8px}.elementor-widget-text-editor:not(.elementor-drop-cap-view-default) .elementor-drop-cap-letter{width:1em;height:1em}.elementor-widget-text-editor .elementor-drop-cap{float:left;text-align:center;line-height:1;font-size:50px}.elementor-widget-text-editor .elementor-drop-cap-letter{display:inline-block}<\/style>\t\t\t\t\u0425\u0440\u0430\u043f \u0441\u0442\u0430\u043b \u043d\u0430\u0441\u0442\u043e\u044f\u0449\u0435\u0439 \u043f\u0440\u043e\u0431\u043b\u0435\u043c\u043e\u0439 \u0434\u043b\u044f \u043c\u043d\u043e\u0433\u0438\u0445 \u043b\u044e\u0434\u0435\u0439. \u0418\u0437\u0431\u0435\u0436\u0430\u0442\u044c \u0445\u0440\u0430\u043f\u0430 \u043c\u043e\u0436\u043d\u043e \u0441 \u043f\u043e\u043c\u043e\u0449\u044c\u044e \u043c\u0430\u043b\u0435\u043d\u044c\u043a\u043e\u0439 \u0438 \u044d\u0444\u0444\u0435\u043a\u0442\u0438\u0432\u043d\u043e\u0439 \u0437\u0430\u0442\u044b\u0447\u043a\u0438 \u0434\u043b\u044f \u043d\u043e\u0441\u0430, \u043a\u043e\u0442\u043e\u0440\u0430\u044f \u043f\u043e\u043c\u0435\u0449\u0430\u0435\u0442\u0441\u044f \u0432 \u043d\u043e\u0437\u0434\u0440\u0438. \u041c\u0430\u0433\u043d\u0438\u0442\u043d\u044b\u0435 \u043d\u0430\u043a\u043e\u043d\u0435\u0447\u043d\u0438\u043a\u0438 \u0437\u0430\u0436\u0438\u043c\u0430 \u043e\u0442\u043a\u0440\u044b\u0432\u0430\u044e\u0442 \u043d\u043e\u0437\u0434\u0440\u0438, \u0447\u0442\u043e \u043f\u043e\u043c\u043e\u0433\u0430\u0435\u0442 \u043f\u0440\u0435\u0434\u043e\u0442\u0432\u0440\u0430\u0442\u0438\u0442\u044c \u0445\u0440\u0430\u043f. \u0418\u0441\u043f\u043e\u043b\u044c\u0437\u0443\u044f \u0437\u0430\u0442\u044b\u0447\u043a\u0443 \u0434\u043b\u044f \u043d\u043e\u0441\u0430, \u0432\u044b \u0438 \u0447\u0435\u043b\u043e\u0432\u0435\u043a, \u0441\u043f\u044f\u0449\u0438\u0439 \u0440\u044f\u0434\u043e\u043c \u0441 \u0432\u0430\u043c\u0438, \u0441\u043c\u043e\u0436\u0435\u0442\u0435 \u043d\u0430\u0441\u043b\u0430\u0436\u0434\u0430\u0442\u044c\u0441\u044f \u0441\u043f\u043e\u043a\u043e\u0439\u043d\u044b\u043c \u0441\u043d\u043e\u043c.\n\t\t\t\t\t\t<\/div>\n\t\t\t\t<\/div>\n\t\t\t\t<div class=\"elementor-element elementor-element-f2f6330 elementor-widget elementor-widget-heading\" data-id=\"f2f6330\" data-element_type=\"widget\" data-widget_type=\"heading.default\">\n\t\t\t\t<div class=\"elementor-widget-container\">\n\t\t\t<style>\/*! elementor - v3.23.0 - 15-07-2024 *\/\n.elementor-heading-title{padding:0;margin:0;line-height:1}.elementor-widget-heading .elementor-heading-title[class*=elementor-size-]>a{color:inherit;font-size:inherit;line-height:inherit}.elementor-widget-heading .elementor-heading-title.elementor-size-small{font-size:15px}.elementor-widget-heading .elementor-heading-title.elementor-size-medium{font-size:19px}.elementor-widget-heading .elementor-heading-title.elementor-size-large{font-size:29px}.elementor-widget-heading .elementor-heading-title.elementor-size-xl{font-size:39px}.elementor-widget-heading .elementor-heading-title.elementor-size-xxl{font-size:59px}<\/style><h2 class=\"elementor-heading-title elementor-size-default\">\u0415\u0413\u042d:<\/h2>\t\t<\/div>\n\t\t\t\t<\/div>\n\t\t\t\t<div class=\"elementor-element elementor-element-80fcb32 elementor-icon-list--layout-traditional elementor-list-item-link-full_width elementor-widget elementor-widget-icon-list\" data-id=\"80fcb32\" data-element_type=\"widget\" data-widget_type=\"icon-list.default\">\n\t\t\t\t<div class=\"elementor-widget-container\">\n\t\t\t<link rel=\"stylesheet\" href=\"https:\/\/www.looduspood.ee\/wp-content\/plugins\/elementor\/assets\/css\/widget-icon-list.min.css\">\t\t<ul class=\"elementor-icon-list-items\">\n\t\t\t\t\t\t\t<li class=\"elementor-icon-list-item\">\n\t\t\t\t\t\t\t\t\t\t\t<span class=\"elementor-icon-list-icon\">\n\t\t\t\t\t\t\t<svg aria-hidden=\"true\" class=\"e-font-icon-svg e-fas-check-square\" viewbox=\"0 0 448 512\" xmlns=\"http:\/\/www.w3.org\/2000\/svg\"><path d=\"M400 480H48c-26.51 0-48-21.49-48-48V80c0-26.51 21.49-48 48-48h352c26.51 0 48 21.49 48 48v352c0 26.51-21.49 48-48 48zm-204.686-98.059l184-184c6.248-6.248 6.248-16.379 0-22.627l-22.627-22.627c-6.248-6.248-16.379-6.249-22.628 0L184 302.745l-70.059-70.059c-6.248-6.248-16.379-6.248-22.628 0l-22.627 22.627c-6.248 6.248-6.248 16.379 0 22.627l104 104c6.249 6.25 16.379 6.25 22.628.001z\"><\/path><\/svg>\t\t\t\t\t\t<\/span>\n\t\t\t\t\t\t\t\t\t\t<span class=\"elementor-icon-list-text\">\u041f\u043e\u043c\u0435\u0441\u0442\u0438\u0442\u0435 \u043a\u043b\u0438\u043f\u0441\u0443 \u0432 \u043d\u043e\u0437\u0434\u0440\u0438;<\/span>\n\t\t\t\t\t\t\t\t\t<\/li>\n\t\t\t\t\t\t\t\t<li class=\"elementor-icon-list-item\">\n\t\t\t\t\t\t\t\t\t\t\t<span class=\"elementor-icon-list-icon\">\n\t\t\t\t\t\t\t<svg aria-hidden=\"true\" class=\"e-font-icon-svg e-fas-check-square\" viewbox=\"0 0 448 512\" xmlns=\"http:\/\/www.w3.org\/2000\/svg\"><path d=\"M400 480H48c-26.51 0-48-21.49-48-48V80c0-26.51 21.49-48 48-48h352c26.51 0 48 21.49 48 48v352c0 26.51-21.49 48-48 48zm-204.686-98.059l184-184c6.248-6.248 6.248-16.379 0-22.627l-22.627-22.627c-6.248-6.248-16.379-6.249-22.628 0L184 302.745l-70.059-70.059c-6.248-6.248-16.379-6.248-22.628 0l-22.627 22.627c-6.248 6.248-6.248 16.379 0 22.627l104 104c6.249 6.25 16.379 6.25 22.628.001z\"><\/path><\/svg>\t\t\t\t\t\t<\/span>\n\t\t\t\t\t\t\t\t\t\t<span class=\"elementor-icon-list-text\">\u0410\u043a\u043a\u0443\u0440\u0430\u0442\u043d\u043e \u043f\u0440\u0438\u0436\u043c\u0438\u0442\u0435 \u043c\u0430\u0433\u043d\u0438\u0442\u043d\u044b\u0435 \u043a\u043e\u043d\u0447\u0438\u043a\u0438 \u043a\u043b\u0438\u043f\u0441 \u043a \u043d\u043e\u0441\u043e\u0432\u043e\u0439 \u043f\u0435\u0440\u0435\u0433\u043e\u0440\u043e\u0434\u043a\u0435;<\/span>\n\t\t\t\t\t\t\t\t\t<\/li>\n\t\t\t\t\t\t\t\t<li class=\"elementor-icon-list-item\">\n\t\t\t\t\t\t\t\t\t\t\t<span class=\"elementor-icon-list-icon\">\n\t\t\t\t\t\t\t<svg aria-hidden=\"true\" class=\"e-font-icon-svg e-fas-check-square\" viewbox=\"0 0 448 512\" xmlns=\"http:\/\/www.w3.org\/2000\/svg\"><path d=\"M400 480H48c-26.51 0-48-21.49-48-48V80c0-26.51 21.49-48 48-48h352c26.51 0 48 21.49 48 48v352c0 26.51-21.49 48-48 48zm-204.686-98.059l184-184c6.248-6.248 6.248-16.379 0-22.627l-22.627-22.627c-6.248-6.248-16.379-6.249-22.628 0L184 302.745l-70.059-70.059c-6.248-6.248-16.379-6.248-22.628 0l-22.627 22.627c-6.248 6.248-6.248 16.379 0 22.627l104 104c6.249 6.25 16.379 6.25 22.628.001z\"><\/path><\/svg>\t\t\t\t\t\t<\/span>\n\t\t\t\t\t\t\t\t\t\t<span class=\"elementor-icon-list-text\">\u0423\u0431\u0435\u0434\u0438\u0442\u0435\u0441\u044c, \u0447\u0442\u043e \u0437\u0430\u0436\u0438\u043c \u0443\u0434\u043e\u0431\u043d\u043e \u0438 \u043f\u0440\u0430\u0432\u0438\u043b\u044c\u043d\u043e \u0443\u0441\u0442\u0430\u043d\u043e\u0432\u043b\u0435\u043d.<\/span>\n\t\t\t\t\t\t\t\t\t<\/li>\n\t\t\t\t\t\t<\/ul>\n\t\t\t\t<\/div>\n\t\t\t\t<\/div>\n\t\t\t\t\t<\/div>\n\t\t<\/div>\n\t\t\t\t\t<\/div>\n\t\t<\/section>\n\t\t\t\t<\/div>","protected":false},"excerpt":{"rendered":"<p>\u2714\ufe0f \u0418\u0437\u0431\u0435\u0436\u0430\u0442\u044c \u0445\u0440\u0430\u043f\u0430 \u043c\u043e\u0436\u043d\u043e \u0441 \u043f\u043e\u043c\u043e\u0449\u044c\u044e \u043d\u0435\u0431\u043e\u043b\u044c\u0448\u043e\u0439 \u0438 \u044d\u0444\u0444\u0435\u043a\u0442\u0438\u0432\u043d\u043e\u0439 \u0437\u0430\u0442\u044b\u0447\u043a\u0438 \u0434\u043b\u044f \u043d\u043e\u0441\u0430, \u043a\u043e\u0442\u043e\u0440\u0430\u044f \u043f\u043e\u043c\u0435\u0449\u0430\u0435\u0442\u0441\u044f \u0432 \u043d\u043e\u0437\u0434\u0440\u0438;<br \/>\n\u2714\ufe0f \u041c\u0430\u0433\u043d\u0438\u0442\u043d\u044b\u0435 \u043d\u0430\u043a\u043e\u043d\u0435\u0447\u043d\u0438\u043a\u0438 \u043a\u043b\u0438\u043f\u0441 \u043e\u0442\u043a\u0440\u044b\u0432\u0430\u044e\u0442 \u043d\u043e\u0437\u0434\u0440\u0438, \u0447\u0442\u043e \u043f\u043e\u043c\u043e\u0433\u0430\u0435\u0442 \u043f\u0440\u0435\u0434\u043e\u0442\u0432\u0440\u0430\u0442\u0438\u0442\u044c \u0445\u0440\u0430\u043f;<br \/>\n\u2714\ufe0f \u0418\u0441\u043f\u043e\u043b\u044c\u0437\u0443\u044f \u043f\u0440\u0438\u043a\u0440\u043e\u0432\u0430\u0442\u043d\u0443\u044e \u043b\u0430\u043c\u043f\u0443, \u0432\u044b \u0441\u043c\u043e\u0436\u0435\u0442\u0435 \u043d\u0430\u0441\u043b\u0430\u0436\u0434\u0430\u0442\u044c\u0441\u044f \u0441\u043f\u043e\u043a\u043e\u0439\u043d\u044b\u043c \u0441\u043d\u043e\u043c, \u043a\u0430\u043a \u0438 \u0442\u043e\u0442, \u043a\u0442\u043e \u0441\u043f\u0438\u0442 \u0440\u044f\u0434\u043e\u043c \u0441 \u0432\u0430\u043c\u0438;<\/p>","protected":false},"featured_media":617,"comment_status":"closed","ping_status":"closed","template":"","meta":{"_acf_changed":false},"product_cat":[343],"product_tag":[],"class_list":{"0":"post-616","1":"product","2":"type-product","3":"status-publish","4":"has-post-thumbnail","6":"product_cat-uni-ja-rahulik-meel","8":"first","9":"outofstock","10":"shipping-taxable","11":"purchasable","12":"product-type-simple"},"acf":[],"yoast_head":"<!-- This site is optimized with the Yoast SEO plugin v23.0 - https:\/\/yoast.com\/wordpress\/plugins\/seo\/ -->\n<title>L\u00f5peta norskamine! Norskamisvastane Ninaklamber &#8226; Looduspood<\/title>\n<meta name=\"description\" content=\"Mis on norskamine? Norskamine on hingamish\u00e4ire! V\u00e4ldi norskamist v\u00e4ikese ja t\u00f5husa ninaklambri abil. Ninaklambrit kasutades saad ise ja saab ka Su k\u00f5rval magav inimene nautida rahulikku und.\" \/>\n<meta name=\"robots\" content=\"index, follow, max-snippet:-1, max-image-preview:large, max-video-preview:-1\" \/>\n<link rel=\"canonical\" href=\"https:\/\/www.looduspood.ee\/ru\/product\/\u0437\u0430\u0436\u0438\u043c-\u0434\u043b\u044f-\u0441\u043e\u0441\u043a\u043e\u0432-\u043f\u0440\u043e\u0442\u0438\u0432-\u0445\u0440\u0430\u043f\u0430-\u043f\u0440\u0435\u043e\u0434\u043e\u043b\/\" \/>\n<meta property=\"og:locale\" content=\"ru_RU\" \/>\n<meta property=\"og:type\" content=\"article\" \/>\n<meta property=\"og:title\" content=\"L\u00f5peta norskamine! Norskamisvastane ninaklamber\" \/>\n<meta property=\"og:description\" content=\"Norskamine on hingamish\u00e4ire! V\u00e4ldi norskamist v\u00e4ikese ja t\u00f5husa ninaklambri abil.\" \/>\n<meta property=\"og:url\" content=\"https:\/\/www.looduspood.ee\/ru\/product\/\u0437\u0430\u0436\u0438\u043c-\u0434\u043b\u044f-\u0441\u043e\u0441\u043a\u043e\u0432-\u043f\u0440\u043e\u0442\u0438\u0432-\u0445\u0440\u0430\u043f\u0430-\u043f\u0440\u0435\u043e\u0434\u043e\u043b\/\" \/>\n<meta property=\"og:site_name\" content=\"Looduspood\" \/>\n<meta property=\"article:publisher\" content=\"https:\/\/www.facebook.com\/Looduspood-2064766730406653\/\" \/>\n<meta property=\"article:modified_time\" content=\"2025-11-25T07:48:27+00:00\" \/>\n<meta property=\"og:image\" content=\"https:\/\/www.looduspood.ee\/wp-content\/uploads\/2019\/07\/snore-fix.jpg\" \/>\n\t<meta property=\"og:image:width\" content=\"1800\" \/>\n\t<meta property=\"og:image:height\" content=\"450\" \/>\n\t<meta property=\"og:image:type\" content=\"image\/jpeg\" \/>\n<meta name=\"twitter:card\" content=\"summary_large_image\" \/>\n<meta name=\"twitter:label1\" content=\"\u041f\u0440\u0438\u043c\u0435\u0440\u043d\u043e\u0435 \u0432\u0440\u0435\u043c\u044f \u0434\u043b\u044f \u0447\u0442\u0435\u043d\u0438\u044f\" \/>\n\t<meta name=\"twitter:data1\" content=\"1 \u043c\u0438\u043d\u0443\u0442\u0430\" \/>\n<script type=\"application\/ld+json\" class=\"yoast-schema-graph\">{\"@context\":\"https:\/\/schema.org\",\"@graph\":[{\"@type\":\"WebPage\",\"@id\":\"https:\/\/www.looduspood.ee\/toode\/norskamisvastane-ninaklamber-valdi-norskamist-vaikese-ja-tohusa-ninaklambri-abil\/\",\"url\":\"https:\/\/www.looduspood.ee\/toode\/norskamisvastane-ninaklamber-valdi-norskamist-vaikese-ja-tohusa-ninaklambri-abil\/\",\"name\":\"L\u00f5peta norskamine! Norskamisvastane Ninaklamber &#8226; Looduspood\",\"isPartOf\":{\"@id\":\"https:\/\/www.looduspood.ee\/#website\"},\"primaryImageOfPage\":{\"@id\":\"https:\/\/www.looduspood.ee\/toode\/norskamisvastane-ninaklamber-valdi-norskamist-vaikese-ja-tohusa-ninaklambri-abil\/#primaryimage\"},\"image\":{\"@id\":\"https:\/\/www.looduspood.ee\/toode\/norskamisvastane-ninaklamber-valdi-norskamist-vaikese-ja-tohusa-ninaklambri-abil\/#primaryimage\"},\"thumbnailUrl\":\"https:\/\/www.looduspood.ee\/wp-content\/uploads\/2019\/07\/ava1-7.jpg\",\"datePublished\":\"2019-07-03T23:08:11+00:00\",\"dateModified\":\"2025-11-25T07:48:27+00:00\",\"description\":\"Mis on norskamine? Norskamine on hingamish\u00e4ire! V\u00e4ldi norskamist v\u00e4ikese ja t\u00f5husa ninaklambri abil. Ninaklambrit kasutades saad ise ja saab ka Su k\u00f5rval magav inimene nautida rahulikku und.\",\"breadcrumb\":{\"@id\":\"https:\/\/www.looduspood.ee\/toode\/norskamisvastane-ninaklamber-valdi-norskamist-vaikese-ja-tohusa-ninaklambri-abil\/#breadcrumb\"},\"inLanguage\":\"ru-RU\",\"potentialAction\":[{\"@type\":\"ReadAction\",\"target\":[\"https:\/\/www.looduspood.ee\/toode\/norskamisvastane-ninaklamber-valdi-norskamist-vaikese-ja-tohusa-ninaklambri-abil\/\"]}]},{\"@type\":\"ImageObject\",\"inLanguage\":\"ru-RU\",\"@id\":\"https:\/\/www.looduspood.ee\/toode\/norskamisvastane-ninaklamber-valdi-norskamist-vaikese-ja-tohusa-ninaklambri-abil\/#primaryimage\",\"url\":\"https:\/\/www.looduspood.ee\/wp-content\/uploads\/2019\/07\/ava1-7.jpg\",\"contentUrl\":\"https:\/\/www.looduspood.ee\/wp-content\/uploads\/2019\/07\/ava1-7.jpg\",\"width\":350,\"height\":350},{\"@type\":\"BreadcrumbList\",\"@id\":\"https:\/\/www.looduspood.ee\/toode\/norskamisvastane-ninaklamber-valdi-norskamist-vaikese-ja-tohusa-ninaklambri-abil\/#breadcrumb\",\"itemListElement\":[{\"@type\":\"ListItem\",\"position\":1,\"name\":\"Home\",\"item\":\"https:\/\/www.looduspood.ee\/\"},{\"@type\":\"ListItem\",\"position\":2,\"name\":\"Pood\",\"item\":\"https:\/\/www.looduspood.ee\/looduspood\/\"},{\"@type\":\"ListItem\",\"position\":3,\"name\":\"L\u00f5peta norskamine! Norskamisvastane ninaklamber\"}]},{\"@type\":\"WebSite\",\"@id\":\"https:\/\/www.looduspood.ee\/#website\",\"url\":\"https:\/\/www.looduspood.ee\/\",\"name\":\"Looduspood\",\"description\":\"Looduspood\",\"publisher\":{\"@id\":\"https:\/\/www.looduspood.ee\/#organization\"},\"potentialAction\":[{\"@type\":\"SearchAction\",\"target\":{\"@type\":\"EntryPoint\",\"urlTemplate\":\"https:\/\/www.looduspood.ee\/?s={search_term_string}\"},\"query-input\":\"required name=search_term_string\"}],\"inLanguage\":\"ru-RU\"},{\"@type\":\"Organization\",\"@id\":\"https:\/\/www.looduspood.ee\/#organization\",\"name\":\"Looduspood\",\"url\":\"https:\/\/www.looduspood.ee\/\",\"logo\":{\"@type\":\"ImageObject\",\"inLanguage\":\"ru-RU\",\"@id\":\"https:\/\/www.looduspood.ee\/#\/schema\/logo\/image\/\",\"url\":\"https:\/\/www.looduspood.ee\/wp-content\/uploads\/2019\/07\/morkva-1.png\",\"contentUrl\":\"https:\/\/www.looduspood.ee\/wp-content\/uploads\/2019\/07\/morkva-1.png\",\"width\":258,\"height\":162,\"caption\":\"Looduspood\"},\"image\":{\"@id\":\"https:\/\/www.looduspood.ee\/#\/schema\/logo\/image\/\"},\"sameAs\":[\"https:\/\/www.facebook.com\/Looduspood-2064766730406653\/\",\"https:\/\/www.youtube.com\/channel\/UCGxI8Tgkgvwn7Q9U8Qh6UgA?view_as=subscriber\"]}]}<\/script>\n<!-- \/ Yoast SEO plugin. -->","yoast_head_json":{"title":"L\u00f5peta norskamine! Norskamisvastane Ninaklamber &#8226; Looduspood","description":"Mis on norskamine? Norskamine on hingamish\u00e4ire! V\u00e4ldi norskamist v\u00e4ikese ja t\u00f5husa ninaklambri abil. Ninaklambrit kasutades saad ise ja saab ka Su k\u00f5rval magav inimene nautida rahulikku und.","robots":{"index":"index","follow":"follow","max-snippet":"max-snippet:-1","max-image-preview":"max-image-preview:large","max-video-preview":"max-video-preview:-1"},"canonical":"https:\/\/www.looduspood.ee\/ru\/product\/\u0437\u0430\u0436\u0438\u043c-\u0434\u043b\u044f-\u0441\u043e\u0441\u043a\u043e\u0432-\u043f\u0440\u043e\u0442\u0438\u0432-\u0445\u0440\u0430\u043f\u0430-\u043f\u0440\u0435\u043e\u0434\u043e\u043b\/","og_locale":"ru_RU","og_type":"article","og_title":"L\u00f5peta norskamine! Norskamisvastane ninaklamber","og_description":"Norskamine on hingamish\u00e4ire! V\u00e4ldi norskamist v\u00e4ikese ja t\u00f5husa ninaklambri abil.","og_url":"https:\/\/www.looduspood.ee\/ru\/product\/\u0437\u0430\u0436\u0438\u043c-\u0434\u043b\u044f-\u0441\u043e\u0441\u043a\u043e\u0432-\u043f\u0440\u043e\u0442\u0438\u0432-\u0445\u0440\u0430\u043f\u0430-\u043f\u0440\u0435\u043e\u0434\u043e\u043b\/","og_site_name":"Looduspood","article_publisher":"https:\/\/www.facebook.com\/Looduspood-2064766730406653\/","article_modified_time":"2025-11-25T07:48:27+00:00","og_image":[{"width":1800,"height":450,"url":"https:\/\/www.looduspood.ee\/wp-content\/uploads\/2019\/07\/snore-fix.jpg","type":"image\/jpeg"}],"twitter_card":"summary_large_image","twitter_misc":{"\u041f\u0440\u0438\u043c\u0435\u0440\u043d\u043e\u0435 \u0432\u0440\u0435\u043c\u044f \u0434\u043b\u044f \u0447\u0442\u0435\u043d\u0438\u044f":"1 \u043c\u0438\u043d\u0443\u0442\u0430"},"schema":{"@context":"https:\/\/schema.org","@graph":[{"@type":"WebPage","@id":"https:\/\/www.looduspood.ee\/toode\/norskamisvastane-ninaklamber-valdi-norskamist-vaikese-ja-tohusa-ninaklambri-abil\/","url":"https:\/\/www.looduspood.ee\/toode\/norskamisvastane-ninaklamber-valdi-norskamist-vaikese-ja-tohusa-ninaklambri-abil\/","name":"L\u00f5peta norskamine! Norskamisvastane Ninaklamber &#8226; Looduspood","isPartOf":{"@id":"https:\/\/www.looduspood.ee\/#website"},"primaryImageOfPage":{"@id":"https:\/\/www.looduspood.ee\/toode\/norskamisvastane-ninaklamber-valdi-norskamist-vaikese-ja-tohusa-ninaklambri-abil\/#primaryimage"},"image":{"@id":"https:\/\/www.looduspood.ee\/toode\/norskamisvastane-ninaklamber-valdi-norskamist-vaikese-ja-tohusa-ninaklambri-abil\/#primaryimage"},"thumbnailUrl":"https:\/\/www.looduspood.ee\/wp-content\/uploads\/2019\/07\/ava1-7.jpg","datePublished":"2019-07-03T23:08:11+00:00","dateModified":"2025-11-25T07:48:27+00:00","description":"Mis on norskamine? Norskamine on hingamish\u00e4ire! V\u00e4ldi norskamist v\u00e4ikese ja t\u00f5husa ninaklambri abil. Ninaklambrit kasutades saad ise ja saab ka Su k\u00f5rval magav inimene nautida rahulikku und.","breadcrumb":{"@id":"https:\/\/www.looduspood.ee\/toode\/norskamisvastane-ninaklamber-valdi-norskamist-vaikese-ja-tohusa-ninaklambri-abil\/#breadcrumb"},"inLanguage":"ru-RU","potentialAction":[{"@type":"ReadAction","target":["https:\/\/www.looduspood.ee\/toode\/norskamisvastane-ninaklamber-valdi-norskamist-vaikese-ja-tohusa-ninaklambri-abil\/"]}]},{"@type":"ImageObject","inLanguage":"ru-RU","@id":"https:\/\/www.looduspood.ee\/toode\/norskamisvastane-ninaklamber-valdi-norskamist-vaikese-ja-tohusa-ninaklambri-abil\/#primaryimage","url":"https:\/\/www.looduspood.ee\/wp-content\/uploads\/2019\/07\/ava1-7.jpg","contentUrl":"https:\/\/www.looduspood.ee\/wp-content\/uploads\/2019\/07\/ava1-7.jpg","width":350,"height":350},{"@type":"BreadcrumbList","@id":"https:\/\/www.looduspood.ee\/toode\/norskamisvastane-ninaklamber-valdi-norskamist-vaikese-ja-tohusa-ninaklambri-abil\/#breadcrumb","itemListElement":[{"@type":"ListItem","position":1,"name":"Home","item":"https:\/\/www.looduspood.ee\/"},{"@type":"ListItem","position":2,"name":"Pood","item":"https:\/\/www.looduspood.ee\/looduspood\/"},{"@type":"ListItem","position":3,"name":"L\u00f5peta norskamine! Norskamisvastane ninaklamber"}]},{"@type":"WebSite","@id":"https:\/\/www.looduspood.ee\/#website","url":"https:\/\/www.looduspood.ee\/","name":"Looduspood","description":"Looduspood","publisher":{"@id":"https:\/\/www.looduspood.ee\/#organization"},"potentialAction":[{"@type":"SearchAction","target":{"@type":"EntryPoint","urlTemplate":"https:\/\/www.looduspood.ee\/?s={search_term_string}"},"query-input":"required name=search_term_string"}],"inLanguage":"ru-RU"},{"@type":"Organization","@id":"https:\/\/www.looduspood.ee\/#organization","name":"Looduspood","url":"https:\/\/www.looduspood.ee\/","logo":{"@type":"ImageObject","inLanguage":"ru-RU","@id":"https:\/\/www.looduspood.ee\/#\/schema\/logo\/image\/","url":"https:\/\/www.looduspood.ee\/wp-content\/uploads\/2019\/07\/morkva-1.png","contentUrl":"https:\/\/www.looduspood.ee\/wp-content\/uploads\/2019\/07\/morkva-1.png","width":258,"height":162,"caption":"Looduspood"},"image":{"@id":"https:\/\/www.looduspood.ee\/#\/schema\/logo\/image\/"},"sameAs":["https:\/\/www.facebook.com\/Looduspood-2064766730406653\/","https:\/\/www.youtube.com\/channel\/UCGxI8Tgkgvwn7Q9U8Qh6UgA?view_as=subscriber"]}]}},"tiered_pricing_type":"fixed","tiered_pricing_fixed_rules":[],"_links":{"self":[{"href":"https:\/\/www.looduspood.ee\/ru\/wp-json\/wp\/v2\/product\/616"}],"collection":[{"href":"https:\/\/www.looduspood.ee\/ru\/wp-json\/wp\/v2\/product"}],"about":[{"href":"https:\/\/www.looduspood.ee\/ru\/wp-json\/wp\/v2\/types\/product"}],"replies":[{"embeddable":true,"href":"https:\/\/www.looduspood.ee\/ru\/wp-json\/wp\/v2\/comments?post=616"}],"version-history":[{"count":0,"href":"https:\/\/www.looduspood.ee\/ru\/wp-json\/wp\/v2\/product\/616\/revisions"}],"wp:featuredmedia":[{"embeddable":true,"href":"https:\/\/www.looduspood.ee\/ru\/wp-json\/wp\/v2\/media\/617"}],"wp:attachment":[{"href":"https:\/\/www.looduspood.ee\/ru\/wp-json\/wp\/v2\/media?parent=616"}],"wp:term":[{"taxonomy":"product_cat","embeddable":true,"href":"https:\/\/www.looduspood.ee\/ru\/wp-json\/wp\/v2\/product_cat?post=616"},{"taxonomy":"product_tag","embeddable":true,"href":"https:\/\/www.looduspood.ee\/ru\/wp-json\/wp\/v2\/product_tag?post=616"}],"curies":[{"name":"wp","href":"https:\/\/api.w.org\/{rel}","templated":true}]}}