{"id":63409,"date":"2025-05-13T23:51:13","date_gmt":"2025-05-13T20:51:13","guid":{"rendered":"https:\/\/www.looduspood.ee\/?post_type=product&#038;p=63409"},"modified":"2025-10-31T09:15:56","modified_gmt":"2025-10-31T06:15:56","slug":"vibreeriv-elektriline-naomassaaziseade","status":"publish","type":"product","link":"https:\/\/www.looduspood.ee\/ru\/product\/vibreeriv-elektriline-naomassaaziseade\/","title":{"rendered":"Vibreeriv elektriline n\u00e4omassaa\u017eiseade"},"content":{"rendered":"<div data-elementor-type=\"product-post\" data-elementor-id=\"63409\" class=\"elementor elementor-63409\" data-elementor-post-type=\"product\">\n\t\t\t\t\t\t<section class=\"elementor-section elementor-top-section elementor-element elementor-element-4de05f3 elementor-section-boxed elementor-section-height-default elementor-section-height-default\" data-id=\"4de05f3\" data-element_type=\"section\">\n\t\t\t\t\t\t<div class=\"elementor-container elementor-column-gap-default\">\n\t\t\t\t\t<div class=\"elementor-column elementor-col-100 elementor-top-column elementor-element elementor-element-99df539\" data-id=\"99df539\" data-element_type=\"column\">\n\t\t\t<div class=\"elementor-widget-wrap elementor-element-populated\">\n\t\t\t\t\t\t<div class=\"elementor-element elementor-element-add3125 elementor-widget elementor-widget-heading\" data-id=\"add3125\" data-element_type=\"widget\" data-widget_type=\"heading.default\">\n\t\t\t\t<div class=\"elementor-widget-container\">\n\t\t\t<style>\/*! elementor - v3.23.0 - 15-07-2024 *\/\n.elementor-heading-title{padding:0;margin:0;line-height:1}.elementor-widget-heading .elementor-heading-title[class*=elementor-size-]>a{color:inherit;font-size:inherit;line-height:inherit}.elementor-widget-heading .elementor-heading-title.elementor-size-small{font-size:15px}.elementor-widget-heading .elementor-heading-title.elementor-size-medium{font-size:19px}.elementor-widget-heading .elementor-heading-title.elementor-size-large{font-size:29px}.elementor-widget-heading .elementor-heading-title.elementor-size-xl{font-size:39px}.elementor-widget-heading .elementor-heading-title.elementor-size-xxl{font-size:59px}<\/style><h2 class=\"elementor-heading-title elementor-size-default\">\u00dcldine eesm\u00e4rk ja toime\n<\/h2>\t\t<\/div>\n\t\t\t\t<\/div>\n\t\t\t\t<div class=\"elementor-element elementor-element-e9c125b elementor-widget elementor-widget-text-editor\" data-id=\"e9c125b\" data-element_type=\"widget\" data-widget_type=\"text-editor.default\">\n\t\t\t\t<div class=\"elementor-widget-container\">\n\t\t\t<style>\/*! elementor - v3.23.0 - 15-07-2024 *\/\n.elementor-widget-text-editor.elementor-drop-cap-view-stacked .elementor-drop-cap{background-color:#69727d;color:#fff}.elementor-widget-text-editor.elementor-drop-cap-view-framed .elementor-drop-cap{color:#69727d;border:3px solid;background-color:transparent}.elementor-widget-text-editor:not(.elementor-drop-cap-view-default) .elementor-drop-cap{margin-top:8px}.elementor-widget-text-editor:not(.elementor-drop-cap-view-default) .elementor-drop-cap-letter{width:1em;height:1em}.elementor-widget-text-editor .elementor-drop-cap{float:left;text-align:center;line-height:1;font-size:50px}.elementor-widget-text-editor .elementor-drop-cap-letter{display:inline-block}<\/style>\t\t\t\t<p>N\u00e4omassaa\u017eirull aitab v\u00e4hendada kortse, tumedaid silmaaluseid ja turseid. Vibratsioon stimuleerib vereringet, silub nahka ja toetab selle noorust. Sobib ideaalselt igap\u00e4evaseks kasutamiseks koduses hoolduses.<\/p>\t\t\t\t\t\t<\/div>\n\t\t\t\t<\/div>\n\t\t\t\t\t<\/div>\n\t\t<\/div>\n\t\t\t\t\t<\/div>\n\t\t<\/section>\n\t\t\t\t<section class=\"elementor-section elementor-top-section elementor-element elementor-element-5e2ce1c elementor-section-boxed elementor-section-height-default elementor-section-height-default\" data-id=\"5e2ce1c\" data-element_type=\"section\">\n\t\t\t\t\t\t<div class=\"elementor-container elementor-column-gap-default\">\n\t\t\t\t\t<div class=\"elementor-column elementor-col-100 elementor-top-column elementor-element elementor-element-d5cf4b6\" data-id=\"d5cf4b6\" data-element_type=\"column\">\n\t\t\t<div class=\"elementor-widget-wrap elementor-element-populated\">\n\t\t\t\t\t\t<div class=\"elementor-element elementor-element-128ebdf elementor-widget elementor-widget-heading\" data-id=\"128ebdf\" data-element_type=\"widget\" data-widget_type=\"heading.default\">\n\t\t\t\t<div class=\"elementor-widget-container\">\n\t\t\t<h2 class=\"elementor-heading-title elementor-size-default\">Funktsioonid ja omadused\n<\/h2>\t\t<\/div>\n\t\t\t\t<\/div>\n\t\t\t\t<div class=\"elementor-element elementor-element-d8ff943 elementor-widget elementor-widget-text-editor\" data-id=\"d8ff943\" data-element_type=\"widget\" data-widget_type=\"text-editor.default\">\n\t\t\t\t<div class=\"elementor-widget-container\">\n\t\t\t\t\t\t\t<p>Massaa\u017eiseade kasutab <strong data-start=\"407\" data-end=\"435\">vibratsioonitehnoloogiat<\/strong> ja sisaldab kahte otsikut: klassikaline rull n\u00e4ole ja silmaalune press. Elektriline vibratsioon t\u00f5stab naha toonust ja aitab kosmeetikal s\u00fcgavamale imenduda.<\/p>\t\t\t\t\t\t<\/div>\n\t\t\t\t<\/div>\n\t\t\t\t\t<\/div>\n\t\t<\/div>\n\t\t\t\t\t<\/div>\n\t\t<\/section>\n\t\t\t\t<section class=\"elementor-section elementor-top-section elementor-element elementor-element-320aae6 elementor-section-boxed elementor-section-height-default elementor-section-height-default\" data-id=\"320aae6\" data-element_type=\"section\">\n\t\t\t\t\t\t<div class=\"elementor-container elementor-column-gap-default\">\n\t\t\t\t\t<div class=\"elementor-column elementor-col-100 elementor-top-column elementor-element elementor-element-264801f\" data-id=\"264801f\" data-element_type=\"column\">\n\t\t\t<div class=\"elementor-widget-wrap elementor-element-populated\">\n\t\t\t\t\t\t<div class=\"elementor-element elementor-element-ade116c elementor-widget elementor-widget-heading\" data-id=\"ade116c\" data-element_type=\"widget\" data-widget_type=\"heading.default\">\n\t\t\t\t<div class=\"elementor-widget-container\">\n\t\t\t<h2 class=\"elementor-heading-title elementor-size-default\">Kahekordne hooldus: n\u00e4gu ja silmaalused\n<\/h2>\t\t<\/div>\n\t\t\t\t<\/div>\n\t\t\t\t<div class=\"elementor-element elementor-element-dcf832a elementor-widget elementor-widget-text-editor\" data-id=\"dcf832a\" data-element_type=\"widget\" data-widget_type=\"text-editor.default\">\n\t\t\t\t<div class=\"elementor-widget-container\">\n\t\t\t\t\t\t\t<p>Roosa rull stimuleerib vereringet ja kollageeni tootmist, parandab jume ja v\u00e4hendab peenikesi kortse. Press-otsik silmade all aitab leevendada turseid ja tumedaid r\u00f5ngaid \u2014 eriti t\u00f5hus, kui seda enne kasutamist jahutada.<\/p>\t\t\t\t\t\t<\/div>\n\t\t\t\t<\/div>\n\t\t\t\t\t<\/div>\n\t\t<\/div>\n\t\t\t\t\t<\/div>\n\t\t<\/section>\n\t\t\t\t<section class=\"elementor-section elementor-top-section elementor-element elementor-element-e8ba383 elementor-section-boxed elementor-section-height-default elementor-section-height-default\" data-id=\"e8ba383\" data-element_type=\"section\">\n\t\t\t\t\t\t<div class=\"elementor-container elementor-column-gap-default\">\n\t\t\t\t\t<div class=\"elementor-column elementor-col-100 elementor-top-column elementor-element elementor-element-3ede9f2\" data-id=\"3ede9f2\" data-element_type=\"column\">\n\t\t\t<div class=\"elementor-widget-wrap elementor-element-populated\">\n\t\t\t\t\t\t<div class=\"elementor-element elementor-element-c7541d7 elementor-widget elementor-widget-heading\" data-id=\"c7541d7\" data-element_type=\"widget\" data-widget_type=\"heading.default\">\n\t\t\t\t<div class=\"elementor-widget-container\">\n\t\t\t<h2 class=\"elementor-heading-title elementor-size-default\">Tulemused ja kasu nahale:\n<\/h2>\t\t<\/div>\n\t\t\t\t<\/div>\n\t\t\t\t<div class=\"elementor-element elementor-element-27d919b elementor-widget elementor-widget-text-editor\" data-id=\"27d919b\" data-element_type=\"widget\" data-widget_type=\"text-editor.default\">\n\t\t\t\t<div class=\"elementor-widget-container\">\n\t\t\t\t\t\t\t<ul data-start=\"912\" data-end=\"1120\"><li data-start=\"912\" data-end=\"943\"><p data-start=\"914\" data-end=\"943\">Kiirendab rakkude uuenemist;<\/p><\/li><li data-start=\"944\" data-end=\"990\"><p data-start=\"946\" data-end=\"990\">Parandab l\u00fcmfiringet ja l\u00f5dvestab lihaseid;<\/p><\/li><li data-start=\"991\" data-end=\"1032\"><p data-start=\"993\" data-end=\"1032\">V\u00e4hendab turseid ja eemaldab toksiine;<\/p><\/li><li data-start=\"1033\" data-end=\"1081\"><p data-start=\"1035\" data-end=\"1081\">T\u00f5stab naha elastsust ja annab v\u00e4rskema jume;<\/p><\/li><li data-start=\"1082\" data-end=\"1120\"><p data-start=\"1084\" data-end=\"1120\">V\u00f5imendab kreemide ja \u00f5lide toimet.<\/p><\/li><\/ul>\t\t\t\t\t\t<\/div>\n\t\t\t\t<\/div>\n\t\t\t\t\t<\/div>\n\t\t<\/div>\n\t\t\t\t\t<\/div>\n\t\t<\/section>\n\t\t\t\t<section class=\"elementor-section elementor-top-section elementor-element elementor-element-c3a81ba elementor-section-boxed elementor-section-height-default elementor-section-height-default\" data-id=\"c3a81ba\" data-element_type=\"section\">\n\t\t\t\t\t\t<div class=\"elementor-container elementor-column-gap-default\">\n\t\t\t\t\t<div class=\"elementor-column elementor-col-100 elementor-top-column elementor-element elementor-element-c7c6b92\" data-id=\"c7c6b92\" data-element_type=\"column\">\n\t\t\t<div class=\"elementor-widget-wrap elementor-element-populated\">\n\t\t\t\t\t\t<div class=\"elementor-element elementor-element-d84e1b1 elementor-widget elementor-widget-heading\" data-id=\"d84e1b1\" data-element_type=\"widget\" data-widget_type=\"heading.default\">\n\t\t\t\t<div class=\"elementor-widget-container\">\n\t\t\t<h2 class=\"elementor-heading-title elementor-size-default\">Tehnilised andmed:<\/h2>\t\t<\/div>\n\t\t\t\t<\/div>\n\t\t\t\t<div class=\"elementor-element elementor-element-b7981d5 elementor-widget elementor-widget-text-editor\" data-id=\"b7981d5\" data-element_type=\"widget\" data-widget_type=\"text-editor.default\">\n\t\t\t\t<div class=\"elementor-widget-container\">\n\t\t\t\t\t\t\t<ul data-start=\"1155\" data-end=\"1404\"><li data-start=\"1155\" data-end=\"1198\"><p data-start=\"1157\" data-end=\"1198\">T\u00fc\u00fcp: vibratsiooniline n\u00e4omassaa\u017eiseade<\/p><\/li><li data-start=\"1199\" data-end=\"1256\"><p data-start=\"1201\" data-end=\"1256\">Komplektis: 1 massaa\u017eiseade, 2 otsikut, kasutusjuhend<\/p><\/li><li data-start=\"1257\" data-end=\"1272\"><p data-start=\"1259\" data-end=\"1272\">V\u00e4rv: roosa<\/p><\/li><li data-start=\"1273\" data-end=\"1301\"><p data-start=\"1275\" data-end=\"1301\">M\u00f5\u00f5dud: 160 \u00d7 55 \u00d7 20 mm<\/p><\/li><li data-start=\"1302\" data-end=\"1346\"><p data-start=\"1304\" data-end=\"1346\">Toide: 1 AA patarei (ei kuulu komplekti)<\/p><\/li><li data-start=\"1347\" data-end=\"1404\"><p data-start=\"1349\" data-end=\"1404\">Vibratsiooni sisse-\/v\u00e4ljal\u00fclitus nupu abil k\u00e4epidemel<\/p><\/li><\/ul>\t\t\t\t\t\t<\/div>\n\t\t\t\t<\/div>\n\t\t\t\t\t<\/div>\n\t\t<\/div>\n\t\t\t\t\t<\/div>\n\t\t<\/section>\n\t\t\t\t<section class=\"elementor-section elementor-top-section elementor-element elementor-element-434b9a9 elementor-section-boxed elementor-section-height-default elementor-section-height-default\" data-id=\"434b9a9\" data-element_type=\"section\">\n\t\t\t\t\t\t<div class=\"elementor-container elementor-column-gap-default\">\n\t\t\t\t\t<div class=\"elementor-column elementor-col-100 elementor-top-column elementor-element elementor-element-847f956\" data-id=\"847f956\" data-element_type=\"column\">\n\t\t\t<div class=\"elementor-widget-wrap elementor-element-populated\">\n\t\t\t\t\t\t<div class=\"elementor-element elementor-element-0313a3e elementor-widget elementor-widget-heading\" data-id=\"0313a3e\" data-element_type=\"widget\" data-widget_type=\"heading.default\">\n\t\t\t\t<div class=\"elementor-widget-container\">\n\t\t\t<h2 class=\"elementor-heading-title elementor-size-default\">Kasutussoovitused:\n<\/h2>\t\t<\/div>\n\t\t\t\t<\/div>\n\t\t\t\t<div class=\"elementor-element elementor-element-874a960 elementor-widget elementor-widget-text-editor\" data-id=\"874a960\" data-element_type=\"widget\" data-widget_type=\"text-editor.default\">\n\t\t\t\t<div class=\"elementor-widget-container\">\n\t\t\t\t\t\t\t<p>Puhasta n\u00e4gu ja kael, kanna nahale kreem ning t\u00f6\u00f6tle seej\u00e4rel \u00f5rnalt massaa\u017eirulliga. \u00c4ra kasuta j\u00e4rjest rohkem kui 5\u201310 minutit. Soovitatav sagedus \u2014 2\u20133 korda n\u00e4dalas. Silma\u00fcmbruse otsikut v\u00f5ib enne kasutamist jahutada, et t\u00f5sta selle t\u00f5husust.<\/p>\t\t\t\t\t\t<\/div>\n\t\t\t\t<\/div>\n\t\t\t\t\t<\/div>\n\t\t<\/div>\n\t\t\t\t\t<\/div>\n\t\t<\/section>\n\t\t\t\t<\/div>","protected":false},"excerpt":{"rendered":"<p>\u2705 2-\u00fches hooldus \u2014 n\u00e4orullik ja jahutav otsik silmade alla aitavad v\u00e4hendada kortse, turseid ja silmaaluseid varje;<br \/>\n\u2705 Vibratsioonmassaa\u017e ja pinguldav efekt \u2014 stimuleerib vereringet, kiirendab kollageeni tootmist ja pinguldab nahka;<br \/>\n\u2705 Ideaalne igap\u00e4evaseks hoolduseks \u2014 kerge, kompaktne ja mugav kaasa v\u00f5tta;<br \/>\n\u2705 Tugevdab kosmeetikatoodete toimet \u2014 aitab kreemidel ja \u00f5lidel paremini imenduda ning t\u00f5husamalt m\u00f5juda<\/p>","protected":false},"featured_media":63412,"comment_status":"open","ping_status":"closed","template":"","meta":{"_acf_changed":false},"product_cat":[2906,3050],"product_tag":[],"class_list":{"0":"post-63409","1":"product","2":"type-product","3":"status-publish","4":"has-post-thumbnail","6":"product_cat-tarvikud-naohooldus","7":"product_cat-tarvikud-koduhooldus","9":"first","10":"instock","11":"sale","12":"shipping-taxable","13":"purchasable","14":"product-type-simple"},"acf":[],"yoast_head":"<!-- This site is optimized with the Yoast SEO plugin v23.0 - https:\/\/yoast.com\/wordpress\/plugins\/seo\/ -->\n<title>Vibreeriv elektriline n\u00e4omassaa\u017eiseade &#8226; Looduspood<\/title>\n<meta name=\"robots\" content=\"index, follow, max-snippet:-1, max-image-preview:large, max-video-preview:-1\" \/>\n<link rel=\"canonical\" href=\"https:\/\/www.looduspood.ee\/ru\/product\/vibreeriv-elektriline-naomassaaziseade\/\" \/>\n<meta property=\"og:locale\" content=\"ru_RU\" \/>\n<meta property=\"og:type\" content=\"article\" \/>\n<meta property=\"og:title\" content=\"Vibreeriv elektriline n\u00e4omassaa\u017eiseade &#8226; Looduspood\" \/>\n<meta property=\"og:description\" content=\"\u2705 2-\u00fches hooldus \u2014 n\u00e4orullik ja jahutav otsik silmade alla aitavad v\u00e4hendada kortse, turseid ja silmaaluseid varje; \u2705 Vibratsioonmassaa\u017e ja pinguldav efekt \u2014 stimuleerib vereringet, kiirendab kollageeni tootmist ja pinguldab nahka; \u2705 Ideaalne igap\u00e4evaseks hoolduseks \u2014 kerge, kompaktne ja mugav kaasa v\u00f5tta; \u2705 Tugevdab kosmeetikatoodete toimet \u2014 aitab kreemidel ja \u00f5lidel paremini imenduda ning t\u00f5husamalt m\u00f5juda\" \/>\n<meta property=\"og:url\" content=\"https:\/\/www.looduspood.ee\/ru\/product\/vibreeriv-elektriline-naomassaaziseade\/\" \/>\n<meta property=\"og:site_name\" content=\"Looduspood\" \/>\n<meta property=\"article:publisher\" content=\"https:\/\/www.facebook.com\/Looduspood-2064766730406653\/\" \/>\n<meta property=\"article:modified_time\" content=\"2025-10-31T06:15:56+00:00\" \/>\n<meta property=\"og:image\" content=\"https:\/\/www.looduspood.ee\/wp-content\/uploads\/2025\/05\/Vibreeriv-elektriline-naomassaaziseade-1-jpg.avif\" \/>\n\t<meta property=\"og:image:width\" content=\"900\" \/>\n\t<meta property=\"og:image:height\" content=\"900\" \/>\n\t<meta property=\"og:image:type\" content=\"image\/jpeg\" \/>\n<meta name=\"twitter:card\" content=\"summary_large_image\" \/>\n<meta name=\"twitter:label1\" content=\"\u041f\u0440\u0438\u043c\u0435\u0440\u043d\u043e\u0435 \u0432\u0440\u0435\u043c\u044f \u0434\u043b\u044f \u0447\u0442\u0435\u043d\u0438\u044f\" \/>\n\t<meta name=\"twitter:data1\" content=\"2 \u043c\u0438\u043d\u0443\u0442\u044b\" \/>\n<script type=\"application\/ld+json\" class=\"yoast-schema-graph\">{\"@context\":\"https:\/\/schema.org\",\"@graph\":[{\"@type\":\"WebPage\",\"@id\":\"https:\/\/www.looduspood.ee\/toode\/vibreeriv-elektriline-naomassaaziseade\/\",\"url\":\"https:\/\/www.looduspood.ee\/toode\/vibreeriv-elektriline-naomassaaziseade\/\",\"name\":\"Vibreeriv elektriline n\u00e4omassaa\u017eiseade &#8226; Looduspood\",\"isPartOf\":{\"@id\":\"https:\/\/www.looduspood.ee\/#website\"},\"primaryImageOfPage\":{\"@id\":\"https:\/\/www.looduspood.ee\/toode\/vibreeriv-elektriline-naomassaaziseade\/#primaryimage\"},\"image\":{\"@id\":\"https:\/\/www.looduspood.ee\/toode\/vibreeriv-elektriline-naomassaaziseade\/#primaryimage\"},\"thumbnailUrl\":\"https:\/\/www.looduspood.ee\/wp-content\/uploads\/2025\/05\/Vibreeriv-elektriline-naomassaaziseade-1-jpg.avif\",\"datePublished\":\"2025-05-13T20:51:13+00:00\",\"dateModified\":\"2025-10-31T06:15:56+00:00\",\"breadcrumb\":{\"@id\":\"https:\/\/www.looduspood.ee\/toode\/vibreeriv-elektriline-naomassaaziseade\/#breadcrumb\"},\"inLanguage\":\"ru-RU\",\"potentialAction\":[{\"@type\":\"ReadAction\",\"target\":[\"https:\/\/www.looduspood.ee\/toode\/vibreeriv-elektriline-naomassaaziseade\/\"]}]},{\"@type\":\"ImageObject\",\"inLanguage\":\"ru-RU\",\"@id\":\"https:\/\/www.looduspood.ee\/toode\/vibreeriv-elektriline-naomassaaziseade\/#primaryimage\",\"url\":\"https:\/\/www.looduspood.ee\/wp-content\/uploads\/2025\/05\/Vibreeriv-elektriline-naomassaaziseade-1-jpg.avif\",\"contentUrl\":\"https:\/\/www.looduspood.ee\/wp-content\/uploads\/2025\/05\/Vibreeriv-elektriline-naomassaaziseade-1-jpg.avif\",\"width\":900,\"height\":900},{\"@type\":\"BreadcrumbList\",\"@id\":\"https:\/\/www.looduspood.ee\/toode\/vibreeriv-elektriline-naomassaaziseade\/#breadcrumb\",\"itemListElement\":[{\"@type\":\"ListItem\",\"position\":1,\"name\":\"Home\",\"item\":\"https:\/\/www.looduspood.ee\/\"},{\"@type\":\"ListItem\",\"position\":2,\"name\":\"Pood\",\"item\":\"https:\/\/www.looduspood.ee\/looduspood\/\"},{\"@type\":\"ListItem\",\"position\":3,\"name\":\"Vibreeriv elektriline n\u00e4omassaa\u017eiseade\"}]},{\"@type\":\"WebSite\",\"@id\":\"https:\/\/www.looduspood.ee\/#website\",\"url\":\"https:\/\/www.looduspood.ee\/\",\"name\":\"Looduspood\",\"description\":\"Looduspood\",\"publisher\":{\"@id\":\"https:\/\/www.looduspood.ee\/#organization\"},\"potentialAction\":[{\"@type\":\"SearchAction\",\"target\":{\"@type\":\"EntryPoint\",\"urlTemplate\":\"https:\/\/www.looduspood.ee\/?s={search_term_string}\"},\"query-input\":\"required name=search_term_string\"}],\"inLanguage\":\"ru-RU\"},{\"@type\":\"Organization\",\"@id\":\"https:\/\/www.looduspood.ee\/#organization\",\"name\":\"Looduspood\",\"url\":\"https:\/\/www.looduspood.ee\/\",\"logo\":{\"@type\":\"ImageObject\",\"inLanguage\":\"ru-RU\",\"@id\":\"https:\/\/www.looduspood.ee\/#\/schema\/logo\/image\/\",\"url\":\"https:\/\/www.looduspood.ee\/wp-content\/uploads\/2019\/07\/morkva-1.png\",\"contentUrl\":\"https:\/\/www.looduspood.ee\/wp-content\/uploads\/2019\/07\/morkva-1.png\",\"width\":258,\"height\":162,\"caption\":\"Looduspood\"},\"image\":{\"@id\":\"https:\/\/www.looduspood.ee\/#\/schema\/logo\/image\/\"},\"sameAs\":[\"https:\/\/www.facebook.com\/Looduspood-2064766730406653\/\",\"https:\/\/www.youtube.com\/channel\/UCGxI8Tgkgvwn7Q9U8Qh6UgA?view_as=subscriber\"]}]}<\/script>\n<!-- \/ Yoast SEO plugin. -->","yoast_head_json":{"title":"Vibreeriv elektriline n\u00e4omassaa\u017eiseade &#8226; Looduspood","robots":{"index":"index","follow":"follow","max-snippet":"max-snippet:-1","max-image-preview":"max-image-preview:large","max-video-preview":"max-video-preview:-1"},"canonical":"https:\/\/www.looduspood.ee\/ru\/product\/vibreeriv-elektriline-naomassaaziseade\/","og_locale":"ru_RU","og_type":"article","og_title":"Vibreeriv elektriline n\u00e4omassaa\u017eiseade &#8226; Looduspood","og_description":"\u2705 2-\u00fches hooldus \u2014 n\u00e4orullik ja jahutav otsik silmade alla aitavad v\u00e4hendada kortse, turseid ja silmaaluseid varje; \u2705 Vibratsioonmassaa\u017e ja pinguldav efekt \u2014 stimuleerib vereringet, kiirendab kollageeni tootmist ja pinguldab nahka; \u2705 Ideaalne igap\u00e4evaseks hoolduseks \u2014 kerge, kompaktne ja mugav kaasa v\u00f5tta; \u2705 Tugevdab kosmeetikatoodete toimet \u2014 aitab kreemidel ja \u00f5lidel paremini imenduda ning t\u00f5husamalt m\u00f5juda","og_url":"https:\/\/www.looduspood.ee\/ru\/product\/vibreeriv-elektriline-naomassaaziseade\/","og_site_name":"Looduspood","article_publisher":"https:\/\/www.facebook.com\/Looduspood-2064766730406653\/","article_modified_time":"2025-10-31T06:15:56+00:00","og_image":[{"width":900,"height":900,"url":"https:\/\/www.looduspood.ee\/wp-content\/uploads\/2025\/05\/Vibreeriv-elektriline-naomassaaziseade-1-jpg.avif","type":"image\/jpeg"}],"twitter_card":"summary_large_image","twitter_misc":{"\u041f\u0440\u0438\u043c\u0435\u0440\u043d\u043e\u0435 \u0432\u0440\u0435\u043c\u044f \u0434\u043b\u044f \u0447\u0442\u0435\u043d\u0438\u044f":"2 \u043c\u0438\u043d\u0443\u0442\u044b"},"schema":{"@context":"https:\/\/schema.org","@graph":[{"@type":"WebPage","@id":"https:\/\/www.looduspood.ee\/toode\/vibreeriv-elektriline-naomassaaziseade\/","url":"https:\/\/www.looduspood.ee\/toode\/vibreeriv-elektriline-naomassaaziseade\/","name":"Vibreeriv elektriline n\u00e4omassaa\u017eiseade &#8226; Looduspood","isPartOf":{"@id":"https:\/\/www.looduspood.ee\/#website"},"primaryImageOfPage":{"@id":"https:\/\/www.looduspood.ee\/toode\/vibreeriv-elektriline-naomassaaziseade\/#primaryimage"},"image":{"@id":"https:\/\/www.looduspood.ee\/toode\/vibreeriv-elektriline-naomassaaziseade\/#primaryimage"},"thumbnailUrl":"https:\/\/www.looduspood.ee\/wp-content\/uploads\/2025\/05\/Vibreeriv-elektriline-naomassaaziseade-1-jpg.avif","datePublished":"2025-05-13T20:51:13+00:00","dateModified":"2025-10-31T06:15:56+00:00","breadcrumb":{"@id":"https:\/\/www.looduspood.ee\/toode\/vibreeriv-elektriline-naomassaaziseade\/#breadcrumb"},"inLanguage":"ru-RU","potentialAction":[{"@type":"ReadAction","target":["https:\/\/www.looduspood.ee\/toode\/vibreeriv-elektriline-naomassaaziseade\/"]}]},{"@type":"ImageObject","inLanguage":"ru-RU","@id":"https:\/\/www.looduspood.ee\/toode\/vibreeriv-elektriline-naomassaaziseade\/#primaryimage","url":"https:\/\/www.looduspood.ee\/wp-content\/uploads\/2025\/05\/Vibreeriv-elektriline-naomassaaziseade-1-jpg.avif","contentUrl":"https:\/\/www.looduspood.ee\/wp-content\/uploads\/2025\/05\/Vibreeriv-elektriline-naomassaaziseade-1-jpg.avif","width":900,"height":900},{"@type":"BreadcrumbList","@id":"https:\/\/www.looduspood.ee\/toode\/vibreeriv-elektriline-naomassaaziseade\/#breadcrumb","itemListElement":[{"@type":"ListItem","position":1,"name":"Home","item":"https:\/\/www.looduspood.ee\/"},{"@type":"ListItem","position":2,"name":"Pood","item":"https:\/\/www.looduspood.ee\/looduspood\/"},{"@type":"ListItem","position":3,"name":"Vibreeriv elektriline n\u00e4omassaa\u017eiseade"}]},{"@type":"WebSite","@id":"https:\/\/www.looduspood.ee\/#website","url":"https:\/\/www.looduspood.ee\/","name":"Looduspood","description":"Looduspood","publisher":{"@id":"https:\/\/www.looduspood.ee\/#organization"},"potentialAction":[{"@type":"SearchAction","target":{"@type":"EntryPoint","urlTemplate":"https:\/\/www.looduspood.ee\/?s={search_term_string}"},"query-input":"required name=search_term_string"}],"inLanguage":"ru-RU"},{"@type":"Organization","@id":"https:\/\/www.looduspood.ee\/#organization","name":"Looduspood","url":"https:\/\/www.looduspood.ee\/","logo":{"@type":"ImageObject","inLanguage":"ru-RU","@id":"https:\/\/www.looduspood.ee\/#\/schema\/logo\/image\/","url":"https:\/\/www.looduspood.ee\/wp-content\/uploads\/2019\/07\/morkva-1.png","contentUrl":"https:\/\/www.looduspood.ee\/wp-content\/uploads\/2019\/07\/morkva-1.png","width":258,"height":162,"caption":"Looduspood"},"image":{"@id":"https:\/\/www.looduspood.ee\/#\/schema\/logo\/image\/"},"sameAs":["https:\/\/www.facebook.com\/Looduspood-2064766730406653\/","https:\/\/www.youtube.com\/channel\/UCGxI8Tgkgvwn7Q9U8Qh6UgA?view_as=subscriber"]}]}},"tiered_pricing_type":"fixed","tiered_pricing_fixed_rules":[],"_links":{"self":[{"href":"https:\/\/www.looduspood.ee\/ru\/wp-json\/wp\/v2\/product\/63409"}],"collection":[{"href":"https:\/\/www.looduspood.ee\/ru\/wp-json\/wp\/v2\/product"}],"about":[{"href":"https:\/\/www.looduspood.ee\/ru\/wp-json\/wp\/v2\/types\/product"}],"replies":[{"embeddable":true,"href":"https:\/\/www.looduspood.ee\/ru\/wp-json\/wp\/v2\/comments?post=63409"}],"version-history":[{"count":0,"href":"https:\/\/www.looduspood.ee\/ru\/wp-json\/wp\/v2\/product\/63409\/revisions"}],"wp:featuredmedia":[{"embeddable":true,"href":"https:\/\/www.looduspood.ee\/ru\/wp-json\/wp\/v2\/media\/63412"}],"wp:attachment":[{"href":"https:\/\/www.looduspood.ee\/ru\/wp-json\/wp\/v2\/media?parent=63409"}],"wp:term":[{"taxonomy":"product_cat","embeddable":true,"href":"https:\/\/www.looduspood.ee\/ru\/wp-json\/wp\/v2\/product_cat?post=63409"},{"taxonomy":"product_tag","embeddable":true,"href":"https:\/\/www.looduspood.ee\/ru\/wp-json\/wp\/v2\/product_tag?post=63409"}],"curies":[{"name":"wp","href":"https:\/\/api.w.org\/{rel}","templated":true}]}}