{"id":64042,"date":"2025-08-31T23:14:33","date_gmt":"2025-08-31T20:14:33","guid":{"rendered":"https:\/\/www.looduspood.ee\/?post_type=product&#038;p=64042"},"modified":"2025-10-31T14:46:26","modified_gmt":"2025-10-31T11:46:26","slug":"aroomihajuti-ohuniisutaja-loodusliku-puidu-disainiga","status":"publish","type":"product","link":"https:\/\/www.looduspood.ee\/ru\/product\/aroomihajuti-ohuniisutaja-loodusliku-puidu-disainiga\/","title":{"rendered":"Aroomihajuti &#038; \u00d5huniisutaja \u2013 loodusliku puidu disainiga"},"content":{"rendered":"<p data-start=\"503\" data-end=\"737\">See elegantne aroomihajuti ja \u00f5huniisutaja \u00fchendab endas modernse disaini ja maksimaalse praktilisuse. Loodusliku puidu v\u00e4limus lisab sinu koju soojust ja stiili, samal ajal kui sisseehitatud LED-valgustus loob rahustava atmosf\u00e4\u00e4ri.<\/p>\n<p data-start=\"739\" data-end=\"1037\">200 ml veemahuti tagab piisava niisutuse kuni 6 tunniks, hoides \u00f5hu v\u00e4rske ja meeldivana. Seade t\u00f6\u00f6tab eriti vaikselt (alla 35 dB), mist\u00f5ttu sobib ideaalselt nii magamistuppa, laste tuppa kui ka kontorisse. USB-toitega lihtne kasutada igal pool \u2013 \u00fchenda lihtsalt arvuti, laadija v\u00f5i powerbankiga.<\/p>\n<p data-start=\"1039\" data-end=\"1251\">Lisa paar tilka oma lemmik eeterlikku \u00f5li ning muuda tavaline p\u00e4ev t\u00f5eliselt l\u00f5\u00f5gastavaks spaakogemuseks. See aroomihajuti aitab v\u00e4hendada kuiva \u00f5hku, parandada und ja luua meeli\u00fclendavat keskkonda igas ruumis.<\/p>","protected":false},"excerpt":{"rendered":"<p>\u2705 Stiilne puidumustriga disain, mis sobib igasse interj\u00f6\u00f6ri;<br data-start=\"294\" data-end=\"297\" \/>\u2705 200 ml mahutavus \u2013 ideaalne magamistuppa v\u00f5i kontorisse;<br data-start=\"356\" data-end=\"359\" \/>\u2705 LED-valgustus loob hubase ja l\u00f5\u00f5gastava meeleolu;<br data-start=\"411\" data-end=\"414\" \/>\u2705 Vaikne t\u00f6\u00f6 (alla 35 dB) \u2013 niisutab \u00f5hku m\u00e4rkamatult.<\/p>","protected":false},"featured_media":64043,"comment_status":"open","ping_status":"closed","template":"","meta":{"_acf_changed":false},"product_cat":[3020],"product_tag":[],"class_list":{"0":"post-64042","1":"product","2":"type-product","3":"status-publish","4":"has-post-thumbnail","6":"product_cat-aroomidifuuserid","8":"first","9":"outofstock","10":"sale","11":"shipping-taxable","12":"purchasable","13":"product-type-simple"},"acf":[],"yoast_head":"<!-- This site is optimized with the Yoast SEO plugin v23.0 - https:\/\/yoast.com\/wordpress\/plugins\/seo\/ -->\n<title>Aroomihajuti &amp; \u00d5huniisutaja \u2013 loodusliku puidu disainiga &#8226; Looduspood<\/title>\n<meta name=\"robots\" content=\"index, follow, max-snippet:-1, max-image-preview:large, max-video-preview:-1\" \/>\n<link rel=\"canonical\" href=\"https:\/\/www.looduspood.ee\/ru\/product\/aroomihajuti-ohuniisutaja-loodusliku-puidu-disainiga\/\" \/>\n<meta property=\"og:locale\" content=\"ru_RU\" \/>\n<meta property=\"og:type\" content=\"article\" \/>\n<meta property=\"og:title\" content=\"Aroomihajuti &amp; \u00d5huniisutaja \u2013 loodusliku puidu disainiga &#8226; Looduspood\" \/>\n<meta property=\"og:description\" content=\"\u2705 Stiilne puidumustriga disain, mis sobib igasse interj\u00f6\u00f6ri;\u2705 200 ml mahutavus \u2013 ideaalne magamistuppa v\u00f5i kontorisse;\u2705 LED-valgustus loob hubase ja l\u00f5\u00f5gastava meeleolu;\u2705 Vaikne t\u00f6\u00f6 (alla 35 dB) \u2013 niisutab \u00f5hku m\u00e4rkamatult.\" \/>\n<meta property=\"og:url\" content=\"https:\/\/www.looduspood.ee\/ru\/product\/aroomihajuti-ohuniisutaja-loodusliku-puidu-disainiga\/\" \/>\n<meta property=\"og:site_name\" content=\"Looduspood\" \/>\n<meta property=\"article:publisher\" content=\"https:\/\/www.facebook.com\/Looduspood-2064766730406653\/\" \/>\n<meta property=\"article:modified_time\" content=\"2025-10-31T11:46:26+00:00\" \/>\n<meta property=\"og:image\" content=\"https:\/\/www.looduspood.ee\/wp-content\/uploads\/2025\/08\/Aroomihajuti.webp\" \/>\n\t<meta property=\"og:image:width\" content=\"1000\" \/>\n\t<meta property=\"og:image:height\" content=\"1000\" \/>\n\t<meta property=\"og:image:type\" content=\"image\/webp\" \/>\n<meta name=\"twitter:card\" content=\"summary_large_image\" \/>\n<meta name=\"twitter:label1\" content=\"\u041f\u0440\u0438\u043c\u0435\u0440\u043d\u043e\u0435 \u0432\u0440\u0435\u043c\u044f \u0434\u043b\u044f \u0447\u0442\u0435\u043d\u0438\u044f\" \/>\n\t<meta name=\"twitter:data1\" content=\"1 \u043c\u0438\u043d\u0443\u0442\u0430\" \/>\n<script type=\"application\/ld+json\" class=\"yoast-schema-graph\">{\"@context\":\"https:\/\/schema.org\",\"@graph\":[{\"@type\":\"WebPage\",\"@id\":\"https:\/\/www.looduspood.ee\/toode\/aroomihajuti-ohuniisutaja-loodusliku-puidu-disainiga\/\",\"url\":\"https:\/\/www.looduspood.ee\/toode\/aroomihajuti-ohuniisutaja-loodusliku-puidu-disainiga\/\",\"name\":\"Aroomihajuti & \u00d5huniisutaja \u2013 loodusliku puidu disainiga &#8226; Looduspood\",\"isPartOf\":{\"@id\":\"https:\/\/www.looduspood.ee\/#website\"},\"primaryImageOfPage\":{\"@id\":\"https:\/\/www.looduspood.ee\/toode\/aroomihajuti-ohuniisutaja-loodusliku-puidu-disainiga\/#primaryimage\"},\"image\":{\"@id\":\"https:\/\/www.looduspood.ee\/toode\/aroomihajuti-ohuniisutaja-loodusliku-puidu-disainiga\/#primaryimage\"},\"thumbnailUrl\":\"https:\/\/www.looduspood.ee\/wp-content\/uploads\/2025\/08\/Aroomihajuti.webp\",\"datePublished\":\"2025-08-31T20:14:33+00:00\",\"dateModified\":\"2025-10-31T11:46:26+00:00\",\"breadcrumb\":{\"@id\":\"https:\/\/www.looduspood.ee\/toode\/aroomihajuti-ohuniisutaja-loodusliku-puidu-disainiga\/#breadcrumb\"},\"inLanguage\":\"ru-RU\",\"potentialAction\":[{\"@type\":\"ReadAction\",\"target\":[\"https:\/\/www.looduspood.ee\/toode\/aroomihajuti-ohuniisutaja-loodusliku-puidu-disainiga\/\"]}]},{\"@type\":\"ImageObject\",\"inLanguage\":\"ru-RU\",\"@id\":\"https:\/\/www.looduspood.ee\/toode\/aroomihajuti-ohuniisutaja-loodusliku-puidu-disainiga\/#primaryimage\",\"url\":\"https:\/\/www.looduspood.ee\/wp-content\/uploads\/2025\/08\/Aroomihajuti.webp\",\"contentUrl\":\"https:\/\/www.looduspood.ee\/wp-content\/uploads\/2025\/08\/Aroomihajuti.webp\",\"width\":1000,\"height\":1000},{\"@type\":\"BreadcrumbList\",\"@id\":\"https:\/\/www.looduspood.ee\/toode\/aroomihajuti-ohuniisutaja-loodusliku-puidu-disainiga\/#breadcrumb\",\"itemListElement\":[{\"@type\":\"ListItem\",\"position\":1,\"name\":\"Home\",\"item\":\"https:\/\/www.looduspood.ee\/\"},{\"@type\":\"ListItem\",\"position\":2,\"name\":\"Pood\",\"item\":\"https:\/\/www.looduspood.ee\/looduspood\/\"},{\"@type\":\"ListItem\",\"position\":3,\"name\":\"Aroomihajuti &#038; \u00d5huniisutaja \u2013 loodusliku puidu disainiga\"}]},{\"@type\":\"WebSite\",\"@id\":\"https:\/\/www.looduspood.ee\/#website\",\"url\":\"https:\/\/www.looduspood.ee\/\",\"name\":\"Looduspood\",\"description\":\"Looduspood\",\"publisher\":{\"@id\":\"https:\/\/www.looduspood.ee\/#organization\"},\"potentialAction\":[{\"@type\":\"SearchAction\",\"target\":{\"@type\":\"EntryPoint\",\"urlTemplate\":\"https:\/\/www.looduspood.ee\/?s={search_term_string}\"},\"query-input\":\"required name=search_term_string\"}],\"inLanguage\":\"ru-RU\"},{\"@type\":\"Organization\",\"@id\":\"https:\/\/www.looduspood.ee\/#organization\",\"name\":\"Looduspood\",\"url\":\"https:\/\/www.looduspood.ee\/\",\"logo\":{\"@type\":\"ImageObject\",\"inLanguage\":\"ru-RU\",\"@id\":\"https:\/\/www.looduspood.ee\/#\/schema\/logo\/image\/\",\"url\":\"https:\/\/www.looduspood.ee\/wp-content\/uploads\/2019\/07\/morkva-1.png\",\"contentUrl\":\"https:\/\/www.looduspood.ee\/wp-content\/uploads\/2019\/07\/morkva-1.png\",\"width\":258,\"height\":162,\"caption\":\"Looduspood\"},\"image\":{\"@id\":\"https:\/\/www.looduspood.ee\/#\/schema\/logo\/image\/\"},\"sameAs\":[\"https:\/\/www.facebook.com\/Looduspood-2064766730406653\/\",\"https:\/\/www.youtube.com\/channel\/UCGxI8Tgkgvwn7Q9U8Qh6UgA?view_as=subscriber\"]}]}<\/script>\n<!-- \/ Yoast SEO plugin. -->","yoast_head_json":{"title":"Aroomihajuti & \u00d5huniisutaja \u2013 loodusliku puidu disainiga &#8226; Looduspood","robots":{"index":"index","follow":"follow","max-snippet":"max-snippet:-1","max-image-preview":"max-image-preview:large","max-video-preview":"max-video-preview:-1"},"canonical":"https:\/\/www.looduspood.ee\/ru\/product\/aroomihajuti-ohuniisutaja-loodusliku-puidu-disainiga\/","og_locale":"ru_RU","og_type":"article","og_title":"Aroomihajuti & \u00d5huniisutaja \u2013 loodusliku puidu disainiga &#8226; Looduspood","og_description":"\u2705 Stiilne puidumustriga disain, mis sobib igasse interj\u00f6\u00f6ri;\u2705 200 ml mahutavus \u2013 ideaalne magamistuppa v\u00f5i kontorisse;\u2705 LED-valgustus loob hubase ja l\u00f5\u00f5gastava meeleolu;\u2705 Vaikne t\u00f6\u00f6 (alla 35 dB) \u2013 niisutab \u00f5hku m\u00e4rkamatult.","og_url":"https:\/\/www.looduspood.ee\/ru\/product\/aroomihajuti-ohuniisutaja-loodusliku-puidu-disainiga\/","og_site_name":"Looduspood","article_publisher":"https:\/\/www.facebook.com\/Looduspood-2064766730406653\/","article_modified_time":"2025-10-31T11:46:26+00:00","og_image":[{"width":1000,"height":1000,"url":"https:\/\/www.looduspood.ee\/wp-content\/uploads\/2025\/08\/Aroomihajuti.webp","type":"image\/webp"}],"twitter_card":"summary_large_image","twitter_misc":{"\u041f\u0440\u0438\u043c\u0435\u0440\u043d\u043e\u0435 \u0432\u0440\u0435\u043c\u044f \u0434\u043b\u044f \u0447\u0442\u0435\u043d\u0438\u044f":"1 \u043c\u0438\u043d\u0443\u0442\u0430"},"schema":{"@context":"https:\/\/schema.org","@graph":[{"@type":"WebPage","@id":"https:\/\/www.looduspood.ee\/toode\/aroomihajuti-ohuniisutaja-loodusliku-puidu-disainiga\/","url":"https:\/\/www.looduspood.ee\/toode\/aroomihajuti-ohuniisutaja-loodusliku-puidu-disainiga\/","name":"Aroomihajuti & \u00d5huniisutaja \u2013 loodusliku puidu disainiga &#8226; Looduspood","isPartOf":{"@id":"https:\/\/www.looduspood.ee\/#website"},"primaryImageOfPage":{"@id":"https:\/\/www.looduspood.ee\/toode\/aroomihajuti-ohuniisutaja-loodusliku-puidu-disainiga\/#primaryimage"},"image":{"@id":"https:\/\/www.looduspood.ee\/toode\/aroomihajuti-ohuniisutaja-loodusliku-puidu-disainiga\/#primaryimage"},"thumbnailUrl":"https:\/\/www.looduspood.ee\/wp-content\/uploads\/2025\/08\/Aroomihajuti.webp","datePublished":"2025-08-31T20:14:33+00:00","dateModified":"2025-10-31T11:46:26+00:00","breadcrumb":{"@id":"https:\/\/www.looduspood.ee\/toode\/aroomihajuti-ohuniisutaja-loodusliku-puidu-disainiga\/#breadcrumb"},"inLanguage":"ru-RU","potentialAction":[{"@type":"ReadAction","target":["https:\/\/www.looduspood.ee\/toode\/aroomihajuti-ohuniisutaja-loodusliku-puidu-disainiga\/"]}]},{"@type":"ImageObject","inLanguage":"ru-RU","@id":"https:\/\/www.looduspood.ee\/toode\/aroomihajuti-ohuniisutaja-loodusliku-puidu-disainiga\/#primaryimage","url":"https:\/\/www.looduspood.ee\/wp-content\/uploads\/2025\/08\/Aroomihajuti.webp","contentUrl":"https:\/\/www.looduspood.ee\/wp-content\/uploads\/2025\/08\/Aroomihajuti.webp","width":1000,"height":1000},{"@type":"BreadcrumbList","@id":"https:\/\/www.looduspood.ee\/toode\/aroomihajuti-ohuniisutaja-loodusliku-puidu-disainiga\/#breadcrumb","itemListElement":[{"@type":"ListItem","position":1,"name":"Home","item":"https:\/\/www.looduspood.ee\/"},{"@type":"ListItem","position":2,"name":"Pood","item":"https:\/\/www.looduspood.ee\/looduspood\/"},{"@type":"ListItem","position":3,"name":"Aroomihajuti &#038; \u00d5huniisutaja \u2013 loodusliku puidu disainiga"}]},{"@type":"WebSite","@id":"https:\/\/www.looduspood.ee\/#website","url":"https:\/\/www.looduspood.ee\/","name":"Looduspood","description":"Looduspood","publisher":{"@id":"https:\/\/www.looduspood.ee\/#organization"},"potentialAction":[{"@type":"SearchAction","target":{"@type":"EntryPoint","urlTemplate":"https:\/\/www.looduspood.ee\/?s={search_term_string}"},"query-input":"required name=search_term_string"}],"inLanguage":"ru-RU"},{"@type":"Organization","@id":"https:\/\/www.looduspood.ee\/#organization","name":"Looduspood","url":"https:\/\/www.looduspood.ee\/","logo":{"@type":"ImageObject","inLanguage":"ru-RU","@id":"https:\/\/www.looduspood.ee\/#\/schema\/logo\/image\/","url":"https:\/\/www.looduspood.ee\/wp-content\/uploads\/2019\/07\/morkva-1.png","contentUrl":"https:\/\/www.looduspood.ee\/wp-content\/uploads\/2019\/07\/morkva-1.png","width":258,"height":162,"caption":"Looduspood"},"image":{"@id":"https:\/\/www.looduspood.ee\/#\/schema\/logo\/image\/"},"sameAs":["https:\/\/www.facebook.com\/Looduspood-2064766730406653\/","https:\/\/www.youtube.com\/channel\/UCGxI8Tgkgvwn7Q9U8Qh6UgA?view_as=subscriber"]}]}},"tiered_pricing_type":"fixed","tiered_pricing_fixed_rules":[],"_links":{"self":[{"href":"https:\/\/www.looduspood.ee\/ru\/wp-json\/wp\/v2\/product\/64042"}],"collection":[{"href":"https:\/\/www.looduspood.ee\/ru\/wp-json\/wp\/v2\/product"}],"about":[{"href":"https:\/\/www.looduspood.ee\/ru\/wp-json\/wp\/v2\/types\/product"}],"replies":[{"embeddable":true,"href":"https:\/\/www.looduspood.ee\/ru\/wp-json\/wp\/v2\/comments?post=64042"}],"version-history":[{"count":0,"href":"https:\/\/www.looduspood.ee\/ru\/wp-json\/wp\/v2\/product\/64042\/revisions"}],"wp:featuredmedia":[{"embeddable":true,"href":"https:\/\/www.looduspood.ee\/ru\/wp-json\/wp\/v2\/media\/64043"}],"wp:attachment":[{"href":"https:\/\/www.looduspood.ee\/ru\/wp-json\/wp\/v2\/media?parent=64042"}],"wp:term":[{"taxonomy":"product_cat","embeddable":true,"href":"https:\/\/www.looduspood.ee\/ru\/wp-json\/wp\/v2\/product_cat?post=64042"},{"taxonomy":"product_tag","embeddable":true,"href":"https:\/\/www.looduspood.ee\/ru\/wp-json\/wp\/v2\/product_tag?post=64042"}],"curies":[{"name":"wp","href":"https:\/\/api.w.org\/{rel}","templated":true}]}}