{"id":64068,"date":"2025-08-31T23:32:12","date_gmt":"2025-08-31T20:32:12","guid":{"rendered":"https:\/\/www.looduspood.ee\/?post_type=product&#038;p=64068"},"modified":"2025-11-13T13:54:20","modified_gmt":"2025-11-13T10:54:20","slug":"bambusest-sulearvutilaud-voodisse-reguleeritav-ja-praktiline","status":"publish","type":"product","link":"https:\/\/www.looduspood.ee\/ru\/product\/bambusest-sulearvutilaud-voodisse-reguleeritav-ja-praktiline\/","title":{"rendered":"Bambusest s\u00fclearvutilaud voodisse \u2013 reguleeritav ja praktiline"},"content":{"rendered":"<p data-start=\"536\" data-end=\"751\">See bambusest s\u00fclearvutilaud on ideaalne lahendus neile, kes armastavad t\u00f6\u00f6tada v\u00f5i \u00f5ppida voodis v\u00f5i diivanil. Valmistatud looduslikust, vastupidavast bambusest, \u00fchendab see laud stiili, mugavuse ja praktilisuse.<\/p>\n<p data-start=\"753\" data-end=\"1058\">Lauda saab reguleerida nii k\u00f5rguse kui ka kaldenurga osas, mis tagab ergonoomilise t\u00f6\u00f6asendi. Lauaplaadi ventilatsiooniavad lasevad \u00f5hul liikuda, v\u00e4ltides arvuti \u00fclekuumenemist. Lisaks on laual spetsiaalne joogialus ja v\u00e4ike v\u00e4ljat\u00f5mmatav sahtel, kuhu saab panna pastakaid, m\u00e4rkmikke v\u00f5i muid tarvikuid.<\/p>\n<p data-start=\"1060\" data-end=\"1299\">Kokkupandav disain muudab laua lihtsasti hoiustatavaks ja kaasaskantavaks. M\u00f5\u00f5dud: 50 \u00d7 30 cm, laua k\u00f5rgus reguleeritav 20\u201329 cm. See on suurep\u00e4rane valik nii t\u00f6\u00f6ks, \u00f5ppimiseks kui ka l\u00f5\u00f5gastumiseks \u2013 mugavus ja funktsionaalsus \u00fcheskoos.<\/p>","protected":false},"excerpt":{"rendered":"<p>\u2705 Valmistatud kvaliteetsest vastupidavast bambusest;<br data-start=\"340\" data-end=\"343\" \/>\u2705 Reguleeritav k\u00f5rgus ja kaldenurk mugavaks kasutamiseks;<br data-start=\"400\" data-end=\"403\" \/>\u2705 Ventilatsiooniavad hoiavad arvuti jahedana;<br data-start=\"448\" data-end=\"451\" \/>\u2705 Sisseehitatud sahtel ja joogialus lisamugavuseks.<\/p>","protected":false},"featured_media":64071,"comment_status":"open","ping_status":"closed","template":"","meta":{"_acf_changed":false},"product_cat":[447],"product_tag":[],"class_list":{"0":"post-64068","1":"product","2":"type-product","3":"status-publish","4":"has-post-thumbnail","6":"product_cat-abivahendid","8":"first","9":"outofstock","10":"sale","11":"shipping-taxable","12":"purchasable","13":"product-type-simple"},"acf":[],"yoast_head":"<!-- This site is optimized with the Yoast SEO plugin v23.0 - https:\/\/yoast.com\/wordpress\/plugins\/seo\/ -->\n<title>Bambusest s\u00fclearvutilaud voodisse \u2013 reguleeritav ja praktiline &#8226; Looduspood<\/title>\n<meta name=\"robots\" content=\"index, follow, max-snippet:-1, max-image-preview:large, max-video-preview:-1\" \/>\n<link rel=\"canonical\" href=\"https:\/\/www.looduspood.ee\/ru\/product\/bambusest-sulearvutilaud-voodisse-reguleeritav-ja-praktiline\/\" \/>\n<meta property=\"og:locale\" content=\"ru_RU\" \/>\n<meta property=\"og:type\" content=\"article\" \/>\n<meta property=\"og:title\" content=\"Bambusest s\u00fclearvutilaud voodisse \u2013 reguleeritav ja praktiline &#8226; Looduspood\" \/>\n<meta property=\"og:description\" content=\"\u2705 Valmistatud kvaliteetsest vastupidavast bambusest;\u2705 Reguleeritav k\u00f5rgus ja kaldenurk mugavaks kasutamiseks;\u2705 Ventilatsiooniavad hoiavad arvuti jahedana;\u2705 Sisseehitatud sahtel ja joogialus lisamugavuseks.\" \/>\n<meta property=\"og:url\" content=\"https:\/\/www.looduspood.ee\/ru\/product\/bambusest-sulearvutilaud-voodisse-reguleeritav-ja-praktiline\/\" \/>\n<meta property=\"og:site_name\" content=\"Looduspood\" \/>\n<meta property=\"article:publisher\" content=\"https:\/\/www.facebook.com\/Looduspood-2064766730406653\/\" \/>\n<meta property=\"article:modified_time\" content=\"2025-11-13T10:54:20+00:00\" \/>\n<meta property=\"og:image\" content=\"https:\/\/www.looduspood.ee\/wp-content\/uploads\/2025\/08\/Bambusest-sulearvutilaud-voodisse.webp\" \/>\n\t<meta property=\"og:image:width\" content=\"1000\" \/>\n\t<meta property=\"og:image:height\" content=\"1000\" \/>\n\t<meta property=\"og:image:type\" content=\"image\/webp\" \/>\n<meta name=\"twitter:card\" content=\"summary_large_image\" \/>\n<meta name=\"twitter:label1\" content=\"\u041f\u0440\u0438\u043c\u0435\u0440\u043d\u043e\u0435 \u0432\u0440\u0435\u043c\u044f \u0434\u043b\u044f \u0447\u0442\u0435\u043d\u0438\u044f\" \/>\n\t<meta name=\"twitter:data1\" content=\"1 \u043c\u0438\u043d\u0443\u0442\u0430\" \/>\n<script type=\"application\/ld+json\" class=\"yoast-schema-graph\">{\"@context\":\"https:\/\/schema.org\",\"@graph\":[{\"@type\":\"WebPage\",\"@id\":\"https:\/\/www.looduspood.ee\/toode\/bambusest-sulearvutilaud-voodisse-reguleeritav-ja-praktiline\/\",\"url\":\"https:\/\/www.looduspood.ee\/toode\/bambusest-sulearvutilaud-voodisse-reguleeritav-ja-praktiline\/\",\"name\":\"Bambusest s\u00fclearvutilaud voodisse \u2013 reguleeritav ja praktiline &#8226; Looduspood\",\"isPartOf\":{\"@id\":\"https:\/\/www.looduspood.ee\/#website\"},\"primaryImageOfPage\":{\"@id\":\"https:\/\/www.looduspood.ee\/toode\/bambusest-sulearvutilaud-voodisse-reguleeritav-ja-praktiline\/#primaryimage\"},\"image\":{\"@id\":\"https:\/\/www.looduspood.ee\/toode\/bambusest-sulearvutilaud-voodisse-reguleeritav-ja-praktiline\/#primaryimage\"},\"thumbnailUrl\":\"https:\/\/www.looduspood.ee\/wp-content\/uploads\/2025\/08\/Bambusest-sulearvutilaud-voodisse.webp\",\"datePublished\":\"2025-08-31T20:32:12+00:00\",\"dateModified\":\"2025-11-13T10:54:20+00:00\",\"breadcrumb\":{\"@id\":\"https:\/\/www.looduspood.ee\/toode\/bambusest-sulearvutilaud-voodisse-reguleeritav-ja-praktiline\/#breadcrumb\"},\"inLanguage\":\"ru-RU\",\"potentialAction\":[{\"@type\":\"ReadAction\",\"target\":[\"https:\/\/www.looduspood.ee\/toode\/bambusest-sulearvutilaud-voodisse-reguleeritav-ja-praktiline\/\"]}]},{\"@type\":\"ImageObject\",\"inLanguage\":\"ru-RU\",\"@id\":\"https:\/\/www.looduspood.ee\/toode\/bambusest-sulearvutilaud-voodisse-reguleeritav-ja-praktiline\/#primaryimage\",\"url\":\"https:\/\/www.looduspood.ee\/wp-content\/uploads\/2025\/08\/Bambusest-sulearvutilaud-voodisse.webp\",\"contentUrl\":\"https:\/\/www.looduspood.ee\/wp-content\/uploads\/2025\/08\/Bambusest-sulearvutilaud-voodisse.webp\",\"width\":1000,\"height\":1000},{\"@type\":\"BreadcrumbList\",\"@id\":\"https:\/\/www.looduspood.ee\/toode\/bambusest-sulearvutilaud-voodisse-reguleeritav-ja-praktiline\/#breadcrumb\",\"itemListElement\":[{\"@type\":\"ListItem\",\"position\":1,\"name\":\"Home\",\"item\":\"https:\/\/www.looduspood.ee\/\"},{\"@type\":\"ListItem\",\"position\":2,\"name\":\"Pood\",\"item\":\"https:\/\/www.looduspood.ee\/looduspood\/\"},{\"@type\":\"ListItem\",\"position\":3,\"name\":\"Bambusest s\u00fclearvutilaud voodisse \u2013 reguleeritav ja praktiline\"}]},{\"@type\":\"WebSite\",\"@id\":\"https:\/\/www.looduspood.ee\/#website\",\"url\":\"https:\/\/www.looduspood.ee\/\",\"name\":\"Looduspood\",\"description\":\"Looduspood\",\"publisher\":{\"@id\":\"https:\/\/www.looduspood.ee\/#organization\"},\"potentialAction\":[{\"@type\":\"SearchAction\",\"target\":{\"@type\":\"EntryPoint\",\"urlTemplate\":\"https:\/\/www.looduspood.ee\/?s={search_term_string}\"},\"query-input\":\"required name=search_term_string\"}],\"inLanguage\":\"ru-RU\"},{\"@type\":\"Organization\",\"@id\":\"https:\/\/www.looduspood.ee\/#organization\",\"name\":\"Looduspood\",\"url\":\"https:\/\/www.looduspood.ee\/\",\"logo\":{\"@type\":\"ImageObject\",\"inLanguage\":\"ru-RU\",\"@id\":\"https:\/\/www.looduspood.ee\/#\/schema\/logo\/image\/\",\"url\":\"https:\/\/www.looduspood.ee\/wp-content\/uploads\/2019\/07\/morkva-1.png\",\"contentUrl\":\"https:\/\/www.looduspood.ee\/wp-content\/uploads\/2019\/07\/morkva-1.png\",\"width\":258,\"height\":162,\"caption\":\"Looduspood\"},\"image\":{\"@id\":\"https:\/\/www.looduspood.ee\/#\/schema\/logo\/image\/\"},\"sameAs\":[\"https:\/\/www.facebook.com\/Looduspood-2064766730406653\/\",\"https:\/\/www.youtube.com\/channel\/UCGxI8Tgkgvwn7Q9U8Qh6UgA?view_as=subscriber\"]}]}<\/script>\n<!-- \/ Yoast SEO plugin. -->","yoast_head_json":{"title":"Bambusest s\u00fclearvutilaud voodisse \u2013 reguleeritav ja praktiline &#8226; Looduspood","robots":{"index":"index","follow":"follow","max-snippet":"max-snippet:-1","max-image-preview":"max-image-preview:large","max-video-preview":"max-video-preview:-1"},"canonical":"https:\/\/www.looduspood.ee\/ru\/product\/bambusest-sulearvutilaud-voodisse-reguleeritav-ja-praktiline\/","og_locale":"ru_RU","og_type":"article","og_title":"Bambusest s\u00fclearvutilaud voodisse \u2013 reguleeritav ja praktiline &#8226; Looduspood","og_description":"\u2705 Valmistatud kvaliteetsest vastupidavast bambusest;\u2705 Reguleeritav k\u00f5rgus ja kaldenurk mugavaks kasutamiseks;\u2705 Ventilatsiooniavad hoiavad arvuti jahedana;\u2705 Sisseehitatud sahtel ja joogialus lisamugavuseks.","og_url":"https:\/\/www.looduspood.ee\/ru\/product\/bambusest-sulearvutilaud-voodisse-reguleeritav-ja-praktiline\/","og_site_name":"Looduspood","article_publisher":"https:\/\/www.facebook.com\/Looduspood-2064766730406653\/","article_modified_time":"2025-11-13T10:54:20+00:00","og_image":[{"width":1000,"height":1000,"url":"https:\/\/www.looduspood.ee\/wp-content\/uploads\/2025\/08\/Bambusest-sulearvutilaud-voodisse.webp","type":"image\/webp"}],"twitter_card":"summary_large_image","twitter_misc":{"\u041f\u0440\u0438\u043c\u0435\u0440\u043d\u043e\u0435 \u0432\u0440\u0435\u043c\u044f \u0434\u043b\u044f \u0447\u0442\u0435\u043d\u0438\u044f":"1 \u043c\u0438\u043d\u0443\u0442\u0430"},"schema":{"@context":"https:\/\/schema.org","@graph":[{"@type":"WebPage","@id":"https:\/\/www.looduspood.ee\/toode\/bambusest-sulearvutilaud-voodisse-reguleeritav-ja-praktiline\/","url":"https:\/\/www.looduspood.ee\/toode\/bambusest-sulearvutilaud-voodisse-reguleeritav-ja-praktiline\/","name":"Bambusest s\u00fclearvutilaud voodisse \u2013 reguleeritav ja praktiline &#8226; Looduspood","isPartOf":{"@id":"https:\/\/www.looduspood.ee\/#website"},"primaryImageOfPage":{"@id":"https:\/\/www.looduspood.ee\/toode\/bambusest-sulearvutilaud-voodisse-reguleeritav-ja-praktiline\/#primaryimage"},"image":{"@id":"https:\/\/www.looduspood.ee\/toode\/bambusest-sulearvutilaud-voodisse-reguleeritav-ja-praktiline\/#primaryimage"},"thumbnailUrl":"https:\/\/www.looduspood.ee\/wp-content\/uploads\/2025\/08\/Bambusest-sulearvutilaud-voodisse.webp","datePublished":"2025-08-31T20:32:12+00:00","dateModified":"2025-11-13T10:54:20+00:00","breadcrumb":{"@id":"https:\/\/www.looduspood.ee\/toode\/bambusest-sulearvutilaud-voodisse-reguleeritav-ja-praktiline\/#breadcrumb"},"inLanguage":"ru-RU","potentialAction":[{"@type":"ReadAction","target":["https:\/\/www.looduspood.ee\/toode\/bambusest-sulearvutilaud-voodisse-reguleeritav-ja-praktiline\/"]}]},{"@type":"ImageObject","inLanguage":"ru-RU","@id":"https:\/\/www.looduspood.ee\/toode\/bambusest-sulearvutilaud-voodisse-reguleeritav-ja-praktiline\/#primaryimage","url":"https:\/\/www.looduspood.ee\/wp-content\/uploads\/2025\/08\/Bambusest-sulearvutilaud-voodisse.webp","contentUrl":"https:\/\/www.looduspood.ee\/wp-content\/uploads\/2025\/08\/Bambusest-sulearvutilaud-voodisse.webp","width":1000,"height":1000},{"@type":"BreadcrumbList","@id":"https:\/\/www.looduspood.ee\/toode\/bambusest-sulearvutilaud-voodisse-reguleeritav-ja-praktiline\/#breadcrumb","itemListElement":[{"@type":"ListItem","position":1,"name":"Home","item":"https:\/\/www.looduspood.ee\/"},{"@type":"ListItem","position":2,"name":"Pood","item":"https:\/\/www.looduspood.ee\/looduspood\/"},{"@type":"ListItem","position":3,"name":"Bambusest s\u00fclearvutilaud voodisse \u2013 reguleeritav ja praktiline"}]},{"@type":"WebSite","@id":"https:\/\/www.looduspood.ee\/#website","url":"https:\/\/www.looduspood.ee\/","name":"Looduspood","description":"Looduspood","publisher":{"@id":"https:\/\/www.looduspood.ee\/#organization"},"potentialAction":[{"@type":"SearchAction","target":{"@type":"EntryPoint","urlTemplate":"https:\/\/www.looduspood.ee\/?s={search_term_string}"},"query-input":"required name=search_term_string"}],"inLanguage":"ru-RU"},{"@type":"Organization","@id":"https:\/\/www.looduspood.ee\/#organization","name":"Looduspood","url":"https:\/\/www.looduspood.ee\/","logo":{"@type":"ImageObject","inLanguage":"ru-RU","@id":"https:\/\/www.looduspood.ee\/#\/schema\/logo\/image\/","url":"https:\/\/www.looduspood.ee\/wp-content\/uploads\/2019\/07\/morkva-1.png","contentUrl":"https:\/\/www.looduspood.ee\/wp-content\/uploads\/2019\/07\/morkva-1.png","width":258,"height":162,"caption":"Looduspood"},"image":{"@id":"https:\/\/www.looduspood.ee\/#\/schema\/logo\/image\/"},"sameAs":["https:\/\/www.facebook.com\/Looduspood-2064766730406653\/","https:\/\/www.youtube.com\/channel\/UCGxI8Tgkgvwn7Q9U8Qh6UgA?view_as=subscriber"]}]}},"tiered_pricing_type":"fixed","tiered_pricing_fixed_rules":[],"_links":{"self":[{"href":"https:\/\/www.looduspood.ee\/ru\/wp-json\/wp\/v2\/product\/64068"}],"collection":[{"href":"https:\/\/www.looduspood.ee\/ru\/wp-json\/wp\/v2\/product"}],"about":[{"href":"https:\/\/www.looduspood.ee\/ru\/wp-json\/wp\/v2\/types\/product"}],"replies":[{"embeddable":true,"href":"https:\/\/www.looduspood.ee\/ru\/wp-json\/wp\/v2\/comments?post=64068"}],"version-history":[{"count":0,"href":"https:\/\/www.looduspood.ee\/ru\/wp-json\/wp\/v2\/product\/64068\/revisions"}],"wp:featuredmedia":[{"embeddable":true,"href":"https:\/\/www.looduspood.ee\/ru\/wp-json\/wp\/v2\/media\/64071"}],"wp:attachment":[{"href":"https:\/\/www.looduspood.ee\/ru\/wp-json\/wp\/v2\/media?parent=64068"}],"wp:term":[{"taxonomy":"product_cat","embeddable":true,"href":"https:\/\/www.looduspood.ee\/ru\/wp-json\/wp\/v2\/product_cat?post=64068"},{"taxonomy":"product_tag","embeddable":true,"href":"https:\/\/www.looduspood.ee\/ru\/wp-json\/wp\/v2\/product_tag?post=64068"}],"curies":[{"name":"wp","href":"https:\/\/api.w.org\/{rel}","templated":true}]}}