{"id":64073,"date":"2025-08-31T23:42:20","date_gmt":"2025-08-31T20:42:20","guid":{"rendered":"https:\/\/www.looduspood.ee\/?post_type=product&#038;p=64073"},"modified":"2025-09-25T10:06:10","modified_gmt":"2025-09-25T07:06:10","slug":"korkkaepidemega-kepikonni-ja-matkakepp-teleskoopiline-alumiiniumist","status":"publish","type":"product","link":"https:\/\/www.looduspood.ee\/ru\/product\/korkkaepidemega-kepikonni-ja-matkakepp-teleskoopiline-alumiiniumist\/","title":{"rendered":"Korkk\u00e4epidemega kepik\u00f5nni ja matkakepp \u2013 teleskoopiline alumiiniumist"},"content":{"rendered":"<p data-start=\"491\" data-end=\"727\">See teleskoopiline kepik\u00f5nni ja matkakepp on ideaalne kaaslane nii tervisek\u00f5nniks linnas kui ka matkamiseks looduses. Valmistatud vastupidavast, kuid kergest alumiiniumisulamist, on see kepp praktiline ja usaldusv\u00e4\u00e4rne igas olukorras.<\/p>\n<p data-start=\"729\" data-end=\"1036\">Ergonoomiline korkk\u00e4epide tagab mugava ja kindla haarde isegi pikkadel jalutusk\u00e4ikudel. Pikkust saab reguleerida 65 cm kuni 135 cm, mis teeb selle sobivaks erineva pikkusega kasutajatele. Komplektis on kolm erinevat otsikut \u2013 asfaltile, liivale ja lumisele pinnasele \u2013 pakkudes stabiilsust igal maastikul.<\/p>\n<p data-start=\"1038\" data-end=\"1257\">Kepik\u00f5nd aitab parandada s\u00fcdame-veresoonkonna ja hingamiss\u00fcsteemi t\u00f6\u00f6d, tugevdada lihaseid ja p\u00f5letada kuni 40% rohkem kaloreid v\u00f5rreldes tavak\u00f5nniga. See on t\u00f5hus ja nauditav viis aktiivseks elustiiliks igas vanuses.<\/p>","protected":false},"excerpt":{"rendered":"<p>\u2705 Kerge ja vastupidav alumiiniumist konstruktsioon;<br data-start=\"292\" data-end=\"295\" \/>\u2705 Korkk\u00e4epide tagab mugava ja kindla haarde;<br data-start=\"339\" data-end=\"342\" \/>\u2705 Teleskoopiline pikkus 65\u2013135 cm erinevate vajaduste jaoks;<br data-start=\"402\" data-end=\"405\" \/>\u2705 3 otsikut: asfaltile, liivale ja lumisele pinnale.<\/p>","protected":false},"featured_media":64076,"comment_status":"open","ping_status":"closed","template":"","meta":{"_acf_changed":false},"product_cat":[2587],"product_tag":[],"class_list":{"0":"post-64073","1":"product","2":"type-product","3":"status-publish","4":"has-post-thumbnail","6":"product_cat-valitreening","8":"first","9":"instock","10":"sale","11":"shipping-taxable","12":"purchasable","13":"product-type-simple"},"acf":[],"yoast_head":"<!-- This site is optimized with the Yoast SEO plugin v23.0 - https:\/\/yoast.com\/wordpress\/plugins\/seo\/ -->\n<title>Korkk\u00e4epidemega kepik\u00f5nni ja matkakepp &#8226; Looduspood<\/title>\n<meta name=\"robots\" content=\"index, follow, max-snippet:-1, max-image-preview:large, max-video-preview:-1\" \/>\n<link rel=\"canonical\" href=\"https:\/\/www.looduspood.ee\/ru\/product\/korkkaepidemega-kepikonni-ja-matkakepp-teleskoopiline-alumiiniumist\/\" \/>\n<meta property=\"og:locale\" content=\"ru_RU\" \/>\n<meta property=\"og:type\" content=\"article\" \/>\n<meta property=\"og:title\" content=\"Korkk\u00e4epidemega kepik\u00f5nni ja matkakepp &#8226; Looduspood\" \/>\n<meta property=\"og:description\" content=\"\u2705 Kerge ja vastupidav alumiiniumist konstruktsioon;\u2705 Korkk\u00e4epide tagab mugava ja kindla haarde;\u2705 Teleskoopiline pikkus 65\u2013135 cm erinevate vajaduste jaoks;\u2705 3 otsikut: asfaltile, liivale ja lumisele pinnale.\" \/>\n<meta property=\"og:url\" content=\"https:\/\/www.looduspood.ee\/ru\/product\/korkkaepidemega-kepikonni-ja-matkakepp-teleskoopiline-alumiiniumist\/\" \/>\n<meta property=\"og:site_name\" content=\"Looduspood\" \/>\n<meta property=\"article:publisher\" content=\"https:\/\/www.facebook.com\/Looduspood-2064766730406653\/\" \/>\n<meta property=\"article:modified_time\" content=\"2025-09-25T07:06:10+00:00\" \/>\n<meta property=\"og:image\" content=\"https:\/\/www.looduspood.ee\/wp-content\/uploads\/2025\/08\/Korkkaepidemega-kepikonni-ja-matkakepp.webp\" \/>\n\t<meta property=\"og:image:width\" content=\"1000\" \/>\n\t<meta property=\"og:image:height\" content=\"1000\" \/>\n\t<meta property=\"og:image:type\" content=\"image\/webp\" \/>\n<meta name=\"twitter:card\" content=\"summary_large_image\" \/>\n<meta name=\"twitter:label1\" content=\"\u041f\u0440\u0438\u043c\u0435\u0440\u043d\u043e\u0435 \u0432\u0440\u0435\u043c\u044f \u0434\u043b\u044f \u0447\u0442\u0435\u043d\u0438\u044f\" \/>\n\t<meta name=\"twitter:data1\" content=\"1 \u043c\u0438\u043d\u0443\u0442\u0430\" \/>\n<script type=\"application\/ld+json\" class=\"yoast-schema-graph\">{\"@context\":\"https:\/\/schema.org\",\"@graph\":[{\"@type\":\"WebPage\",\"@id\":\"https:\/\/www.looduspood.ee\/toode\/korkkaepidemega-kepikonni-ja-matkakepp-teleskoopiline-alumiiniumist\/\",\"url\":\"https:\/\/www.looduspood.ee\/toode\/korkkaepidemega-kepikonni-ja-matkakepp-teleskoopiline-alumiiniumist\/\",\"name\":\"Korkk\u00e4epidemega kepik\u00f5nni ja matkakepp &#8226; Looduspood\",\"isPartOf\":{\"@id\":\"https:\/\/www.looduspood.ee\/#website\"},\"primaryImageOfPage\":{\"@id\":\"https:\/\/www.looduspood.ee\/toode\/korkkaepidemega-kepikonni-ja-matkakepp-teleskoopiline-alumiiniumist\/#primaryimage\"},\"image\":{\"@id\":\"https:\/\/www.looduspood.ee\/toode\/korkkaepidemega-kepikonni-ja-matkakepp-teleskoopiline-alumiiniumist\/#primaryimage\"},\"thumbnailUrl\":\"https:\/\/www.looduspood.ee\/wp-content\/uploads\/2025\/08\/Korkkaepidemega-kepikonni-ja-matkakepp.webp\",\"datePublished\":\"2025-08-31T20:42:20+00:00\",\"dateModified\":\"2025-09-25T07:06:10+00:00\",\"breadcrumb\":{\"@id\":\"https:\/\/www.looduspood.ee\/toode\/korkkaepidemega-kepikonni-ja-matkakepp-teleskoopiline-alumiiniumist\/#breadcrumb\"},\"inLanguage\":\"ru-RU\",\"potentialAction\":[{\"@type\":\"ReadAction\",\"target\":[\"https:\/\/www.looduspood.ee\/toode\/korkkaepidemega-kepikonni-ja-matkakepp-teleskoopiline-alumiiniumist\/\"]}]},{\"@type\":\"ImageObject\",\"inLanguage\":\"ru-RU\",\"@id\":\"https:\/\/www.looduspood.ee\/toode\/korkkaepidemega-kepikonni-ja-matkakepp-teleskoopiline-alumiiniumist\/#primaryimage\",\"url\":\"https:\/\/www.looduspood.ee\/wp-content\/uploads\/2025\/08\/Korkkaepidemega-kepikonni-ja-matkakepp.webp\",\"contentUrl\":\"https:\/\/www.looduspood.ee\/wp-content\/uploads\/2025\/08\/Korkkaepidemega-kepikonni-ja-matkakepp.webp\",\"width\":1000,\"height\":1000},{\"@type\":\"BreadcrumbList\",\"@id\":\"https:\/\/www.looduspood.ee\/toode\/korkkaepidemega-kepikonni-ja-matkakepp-teleskoopiline-alumiiniumist\/#breadcrumb\",\"itemListElement\":[{\"@type\":\"ListItem\",\"position\":1,\"name\":\"Home\",\"item\":\"https:\/\/www.looduspood.ee\/\"},{\"@type\":\"ListItem\",\"position\":2,\"name\":\"Pood\",\"item\":\"https:\/\/www.looduspood.ee\/looduspood\/\"},{\"@type\":\"ListItem\",\"position\":3,\"name\":\"Korkk\u00e4epidemega kepik\u00f5nni ja matkakepp \u2013 teleskoopiline alumiiniumist\"}]},{\"@type\":\"WebSite\",\"@id\":\"https:\/\/www.looduspood.ee\/#website\",\"url\":\"https:\/\/www.looduspood.ee\/\",\"name\":\"Looduspood\",\"description\":\"Looduspood\",\"publisher\":{\"@id\":\"https:\/\/www.looduspood.ee\/#organization\"},\"potentialAction\":[{\"@type\":\"SearchAction\",\"target\":{\"@type\":\"EntryPoint\",\"urlTemplate\":\"https:\/\/www.looduspood.ee\/?s={search_term_string}\"},\"query-input\":\"required name=search_term_string\"}],\"inLanguage\":\"ru-RU\"},{\"@type\":\"Organization\",\"@id\":\"https:\/\/www.looduspood.ee\/#organization\",\"name\":\"Looduspood\",\"url\":\"https:\/\/www.looduspood.ee\/\",\"logo\":{\"@type\":\"ImageObject\",\"inLanguage\":\"ru-RU\",\"@id\":\"https:\/\/www.looduspood.ee\/#\/schema\/logo\/image\/\",\"url\":\"https:\/\/www.looduspood.ee\/wp-content\/uploads\/2019\/07\/morkva-1.png\",\"contentUrl\":\"https:\/\/www.looduspood.ee\/wp-content\/uploads\/2019\/07\/morkva-1.png\",\"width\":258,\"height\":162,\"caption\":\"Looduspood\"},\"image\":{\"@id\":\"https:\/\/www.looduspood.ee\/#\/schema\/logo\/image\/\"},\"sameAs\":[\"https:\/\/www.facebook.com\/Looduspood-2064766730406653\/\",\"https:\/\/www.youtube.com\/channel\/UCGxI8Tgkgvwn7Q9U8Qh6UgA?view_as=subscriber\"]}]}<\/script>\n<!-- \/ Yoast SEO plugin. -->","yoast_head_json":{"title":"Korkk\u00e4epidemega kepik\u00f5nni ja matkakepp &#8226; Looduspood","robots":{"index":"index","follow":"follow","max-snippet":"max-snippet:-1","max-image-preview":"max-image-preview:large","max-video-preview":"max-video-preview:-1"},"canonical":"https:\/\/www.looduspood.ee\/ru\/product\/korkkaepidemega-kepikonni-ja-matkakepp-teleskoopiline-alumiiniumist\/","og_locale":"ru_RU","og_type":"article","og_title":"Korkk\u00e4epidemega kepik\u00f5nni ja matkakepp &#8226; Looduspood","og_description":"\u2705 Kerge ja vastupidav alumiiniumist konstruktsioon;\u2705 Korkk\u00e4epide tagab mugava ja kindla haarde;\u2705 Teleskoopiline pikkus 65\u2013135 cm erinevate vajaduste jaoks;\u2705 3 otsikut: asfaltile, liivale ja lumisele pinnale.","og_url":"https:\/\/www.looduspood.ee\/ru\/product\/korkkaepidemega-kepikonni-ja-matkakepp-teleskoopiline-alumiiniumist\/","og_site_name":"Looduspood","article_publisher":"https:\/\/www.facebook.com\/Looduspood-2064766730406653\/","article_modified_time":"2025-09-25T07:06:10+00:00","og_image":[{"width":1000,"height":1000,"url":"https:\/\/www.looduspood.ee\/wp-content\/uploads\/2025\/08\/Korkkaepidemega-kepikonni-ja-matkakepp.webp","type":"image\/webp"}],"twitter_card":"summary_large_image","twitter_misc":{"\u041f\u0440\u0438\u043c\u0435\u0440\u043d\u043e\u0435 \u0432\u0440\u0435\u043c\u044f \u0434\u043b\u044f \u0447\u0442\u0435\u043d\u0438\u044f":"1 \u043c\u0438\u043d\u0443\u0442\u0430"},"schema":{"@context":"https:\/\/schema.org","@graph":[{"@type":"WebPage","@id":"https:\/\/www.looduspood.ee\/toode\/korkkaepidemega-kepikonni-ja-matkakepp-teleskoopiline-alumiiniumist\/","url":"https:\/\/www.looduspood.ee\/toode\/korkkaepidemega-kepikonni-ja-matkakepp-teleskoopiline-alumiiniumist\/","name":"Korkk\u00e4epidemega kepik\u00f5nni ja matkakepp &#8226; Looduspood","isPartOf":{"@id":"https:\/\/www.looduspood.ee\/#website"},"primaryImageOfPage":{"@id":"https:\/\/www.looduspood.ee\/toode\/korkkaepidemega-kepikonni-ja-matkakepp-teleskoopiline-alumiiniumist\/#primaryimage"},"image":{"@id":"https:\/\/www.looduspood.ee\/toode\/korkkaepidemega-kepikonni-ja-matkakepp-teleskoopiline-alumiiniumist\/#primaryimage"},"thumbnailUrl":"https:\/\/www.looduspood.ee\/wp-content\/uploads\/2025\/08\/Korkkaepidemega-kepikonni-ja-matkakepp.webp","datePublished":"2025-08-31T20:42:20+00:00","dateModified":"2025-09-25T07:06:10+00:00","breadcrumb":{"@id":"https:\/\/www.looduspood.ee\/toode\/korkkaepidemega-kepikonni-ja-matkakepp-teleskoopiline-alumiiniumist\/#breadcrumb"},"inLanguage":"ru-RU","potentialAction":[{"@type":"ReadAction","target":["https:\/\/www.looduspood.ee\/toode\/korkkaepidemega-kepikonni-ja-matkakepp-teleskoopiline-alumiiniumist\/"]}]},{"@type":"ImageObject","inLanguage":"ru-RU","@id":"https:\/\/www.looduspood.ee\/toode\/korkkaepidemega-kepikonni-ja-matkakepp-teleskoopiline-alumiiniumist\/#primaryimage","url":"https:\/\/www.looduspood.ee\/wp-content\/uploads\/2025\/08\/Korkkaepidemega-kepikonni-ja-matkakepp.webp","contentUrl":"https:\/\/www.looduspood.ee\/wp-content\/uploads\/2025\/08\/Korkkaepidemega-kepikonni-ja-matkakepp.webp","width":1000,"height":1000},{"@type":"BreadcrumbList","@id":"https:\/\/www.looduspood.ee\/toode\/korkkaepidemega-kepikonni-ja-matkakepp-teleskoopiline-alumiiniumist\/#breadcrumb","itemListElement":[{"@type":"ListItem","position":1,"name":"Home","item":"https:\/\/www.looduspood.ee\/"},{"@type":"ListItem","position":2,"name":"Pood","item":"https:\/\/www.looduspood.ee\/looduspood\/"},{"@type":"ListItem","position":3,"name":"Korkk\u00e4epidemega kepik\u00f5nni ja matkakepp \u2013 teleskoopiline alumiiniumist"}]},{"@type":"WebSite","@id":"https:\/\/www.looduspood.ee\/#website","url":"https:\/\/www.looduspood.ee\/","name":"Looduspood","description":"Looduspood","publisher":{"@id":"https:\/\/www.looduspood.ee\/#organization"},"potentialAction":[{"@type":"SearchAction","target":{"@type":"EntryPoint","urlTemplate":"https:\/\/www.looduspood.ee\/?s={search_term_string}"},"query-input":"required name=search_term_string"}],"inLanguage":"ru-RU"},{"@type":"Organization","@id":"https:\/\/www.looduspood.ee\/#organization","name":"Looduspood","url":"https:\/\/www.looduspood.ee\/","logo":{"@type":"ImageObject","inLanguage":"ru-RU","@id":"https:\/\/www.looduspood.ee\/#\/schema\/logo\/image\/","url":"https:\/\/www.looduspood.ee\/wp-content\/uploads\/2019\/07\/morkva-1.png","contentUrl":"https:\/\/www.looduspood.ee\/wp-content\/uploads\/2019\/07\/morkva-1.png","width":258,"height":162,"caption":"Looduspood"},"image":{"@id":"https:\/\/www.looduspood.ee\/#\/schema\/logo\/image\/"},"sameAs":["https:\/\/www.facebook.com\/Looduspood-2064766730406653\/","https:\/\/www.youtube.com\/channel\/UCGxI8Tgkgvwn7Q9U8Qh6UgA?view_as=subscriber"]}]}},"tiered_pricing_type":"fixed","tiered_pricing_fixed_rules":[],"_links":{"self":[{"href":"https:\/\/www.looduspood.ee\/ru\/wp-json\/wp\/v2\/product\/64073"}],"collection":[{"href":"https:\/\/www.looduspood.ee\/ru\/wp-json\/wp\/v2\/product"}],"about":[{"href":"https:\/\/www.looduspood.ee\/ru\/wp-json\/wp\/v2\/types\/product"}],"replies":[{"embeddable":true,"href":"https:\/\/www.looduspood.ee\/ru\/wp-json\/wp\/v2\/comments?post=64073"}],"version-history":[{"count":0,"href":"https:\/\/www.looduspood.ee\/ru\/wp-json\/wp\/v2\/product\/64073\/revisions"}],"wp:featuredmedia":[{"embeddable":true,"href":"https:\/\/www.looduspood.ee\/ru\/wp-json\/wp\/v2\/media\/64076"}],"wp:attachment":[{"href":"https:\/\/www.looduspood.ee\/ru\/wp-json\/wp\/v2\/media?parent=64073"}],"wp:term":[{"taxonomy":"product_cat","embeddable":true,"href":"https:\/\/www.looduspood.ee\/ru\/wp-json\/wp\/v2\/product_cat?post=64073"},{"taxonomy":"product_tag","embeddable":true,"href":"https:\/\/www.looduspood.ee\/ru\/wp-json\/wp\/v2\/product_tag?post=64073"}],"curies":[{"name":"wp","href":"https:\/\/api.w.org\/{rel}","templated":true}]}}