{"id":64078,"date":"2025-09-01T00:36:51","date_gmt":"2025-08-31T21:36:51","guid":{"rendered":"https:\/\/www.looduspood.ee\/?post_type=product&#038;p=64078"},"modified":"2025-09-03T10:38:29","modified_gmt":"2025-09-03T07:38:29","slug":"juhtmevaba-hambaniisutaja-professionaalne-suuhugieeni-seade","status":"publish","type":"product","link":"https:\/\/www.looduspood.ee\/ru\/product\/juhtmevaba-hambaniisutaja-professionaalne-suuhugieeni-seade\/","title":{"rendered":"Juhtmevaba hambaniisutaja \u2013 professionaalne suuh\u00fcgieeni seade"},"content":{"rendered":"<p data-start=\"485\" data-end=\"736\">See juhtmevaba hambaniisutaja on kaasaegne ja t\u00f5hus lahendus igap\u00e4evaseks suuh\u00fcgieeniks. V\u00f5imas veejoa tehnoloogia eemaldab toiduj\u00e4\u00e4gid ja hambakatu ka k\u00f5ige raskemini ligip\u00e4\u00e4setavatest kohtadest, aidates ennetada kaariese ja igemeprobleemide teket.<\/p>\n<p data-start=\"738\" data-end=\"937\">Seadmel on 230 ml suurune veepaak ning kolm t\u00f6\u00f6re\u017eiimi: pehme, tugev ja pulseeriv. Pulseeriv funktsioon pakub eriti t\u00f5husat puhastust, samal ajal masseerides igemeid ja parandades nende vereringet.<\/p>\n<p data-start=\"939\" data-end=\"1212\">Komplektis on erinevad otsikud (v\u00e4ike t\u00e4ppisotsik, koonus, lameotsik), mis sobivad erinevateks vajadusteks. T\u00e4nu veekindlale korpusele ja USB-laadimisele on seda lihtne kasutada nii kodus kui ka reisil. Automaatne v\u00e4ljal\u00fclitus p\u00e4rast 3 minutit tagab energias\u00e4\u00e4stliku t\u00f6\u00f6.<\/p>\n<p data-start=\"1214\" data-end=\"1349\">See hambaniisutaja on ideaalne valik neile, kes soovivad v\u00e4rsket hinge\u00f5hku, tervemaid igemeid ja professionaalset puhastust iga p\u00e4ev.<\/p>","protected":false},"excerpt":{"rendered":"<p>\u2705 230 ml veepaak igap\u00e4evaseks mugavaks kasutamiseks;<br data-start=\"299\" data-end=\"302\" \/>\u2705 3 t\u00f6\u00f6re\u017eiimi: pehme, tugev ja pulseeriv;<br data-start=\"344\" data-end=\"347\" \/>\u2705 Eemaldab toiduj\u00e4\u00e4gid, bakterid ja masseerib igemeid;<br data-start=\"401\" data-end=\"404\" \/>\u2705 Veekindel ja USB-laetav \u2013 ideaalne ka reisil.<\/p>","protected":false},"featured_media":64079,"comment_status":"open","ping_status":"closed","template":"","meta":{"_acf_changed":false},"product_cat":[2912,2920],"product_tag":[],"class_list":{"0":"post-64078","1":"product","2":"type-product","3":"status-publish","4":"has-post-thumbnail","6":"product_cat-suuhooldustooted-hambad-ja-huuled","7":"product_cat-tarvikud-hambad-ja-huuled","9":"first","10":"outofstock","11":"sale","12":"shipping-taxable","13":"purchasable","14":"product-type-simple"},"acf":[],"yoast_head":"<!-- This site is optimized with the Yoast SEO plugin v23.0 - https:\/\/yoast.com\/wordpress\/plugins\/seo\/ -->\n<title>Juhtmevaba hambaniisutaja \u2013 professionaalne suuh\u00fcgieeni seade &#8226; Looduspood<\/title>\n<meta name=\"robots\" content=\"index, follow, max-snippet:-1, max-image-preview:large, max-video-preview:-1\" \/>\n<link rel=\"canonical\" href=\"https:\/\/www.looduspood.ee\/ru\/product\/juhtmevaba-hambaniisutaja-professionaalne-suuhugieeni-seade\/\" \/>\n<meta property=\"og:locale\" content=\"ru_RU\" \/>\n<meta property=\"og:type\" content=\"article\" \/>\n<meta property=\"og:title\" content=\"Juhtmevaba hambaniisutaja \u2013 professionaalne suuh\u00fcgieeni seade &#8226; Looduspood\" \/>\n<meta property=\"og:description\" content=\"\u2705 230 ml veepaak igap\u00e4evaseks mugavaks kasutamiseks;\u2705 3 t\u00f6\u00f6re\u017eiimi: pehme, tugev ja pulseeriv;\u2705 Eemaldab toiduj\u00e4\u00e4gid, bakterid ja masseerib igemeid;\u2705 Veekindel ja USB-laetav \u2013 ideaalne ka reisil.\" \/>\n<meta property=\"og:url\" content=\"https:\/\/www.looduspood.ee\/ru\/product\/juhtmevaba-hambaniisutaja-professionaalne-suuhugieeni-seade\/\" \/>\n<meta property=\"og:site_name\" content=\"Looduspood\" \/>\n<meta property=\"article:publisher\" content=\"https:\/\/www.facebook.com\/Looduspood-2064766730406653\/\" \/>\n<meta property=\"article:modified_time\" content=\"2025-09-03T07:38:29+00:00\" \/>\n<meta property=\"og:image\" content=\"https:\/\/www.looduspood.ee\/wp-content\/uploads\/2025\/09\/Juhtmevaba-hambaniisutaja.webp\" \/>\n\t<meta property=\"og:image:width\" content=\"1000\" \/>\n\t<meta property=\"og:image:height\" content=\"1000\" \/>\n\t<meta property=\"og:image:type\" content=\"image\/webp\" \/>\n<meta name=\"twitter:card\" content=\"summary_large_image\" \/>\n<meta name=\"twitter:label1\" content=\"\u041f\u0440\u0438\u043c\u0435\u0440\u043d\u043e\u0435 \u0432\u0440\u0435\u043c\u044f \u0434\u043b\u044f \u0447\u0442\u0435\u043d\u0438\u044f\" \/>\n\t<meta name=\"twitter:data1\" content=\"1 \u043c\u0438\u043d\u0443\u0442\u0430\" \/>\n<script type=\"application\/ld+json\" class=\"yoast-schema-graph\">{\"@context\":\"https:\/\/schema.org\",\"@graph\":[{\"@type\":\"WebPage\",\"@id\":\"https:\/\/www.looduspood.ee\/toode\/juhtmevaba-hambaniisutaja-professionaalne-suuhugieeni-seade\/\",\"url\":\"https:\/\/www.looduspood.ee\/toode\/juhtmevaba-hambaniisutaja-professionaalne-suuhugieeni-seade\/\",\"name\":\"Juhtmevaba hambaniisutaja \u2013 professionaalne suuh\u00fcgieeni seade &#8226; Looduspood\",\"isPartOf\":{\"@id\":\"https:\/\/www.looduspood.ee\/#website\"},\"primaryImageOfPage\":{\"@id\":\"https:\/\/www.looduspood.ee\/toode\/juhtmevaba-hambaniisutaja-professionaalne-suuhugieeni-seade\/#primaryimage\"},\"image\":{\"@id\":\"https:\/\/www.looduspood.ee\/toode\/juhtmevaba-hambaniisutaja-professionaalne-suuhugieeni-seade\/#primaryimage\"},\"thumbnailUrl\":\"https:\/\/www.looduspood.ee\/wp-content\/uploads\/2025\/09\/Juhtmevaba-hambaniisutaja.webp\",\"datePublished\":\"2025-08-31T21:36:51+00:00\",\"dateModified\":\"2025-09-03T07:38:29+00:00\",\"breadcrumb\":{\"@id\":\"https:\/\/www.looduspood.ee\/toode\/juhtmevaba-hambaniisutaja-professionaalne-suuhugieeni-seade\/#breadcrumb\"},\"inLanguage\":\"ru-RU\",\"potentialAction\":[{\"@type\":\"ReadAction\",\"target\":[\"https:\/\/www.looduspood.ee\/toode\/juhtmevaba-hambaniisutaja-professionaalne-suuhugieeni-seade\/\"]}]},{\"@type\":\"ImageObject\",\"inLanguage\":\"ru-RU\",\"@id\":\"https:\/\/www.looduspood.ee\/toode\/juhtmevaba-hambaniisutaja-professionaalne-suuhugieeni-seade\/#primaryimage\",\"url\":\"https:\/\/www.looduspood.ee\/wp-content\/uploads\/2025\/09\/Juhtmevaba-hambaniisutaja.webp\",\"contentUrl\":\"https:\/\/www.looduspood.ee\/wp-content\/uploads\/2025\/09\/Juhtmevaba-hambaniisutaja.webp\",\"width\":1000,\"height\":1000},{\"@type\":\"BreadcrumbList\",\"@id\":\"https:\/\/www.looduspood.ee\/toode\/juhtmevaba-hambaniisutaja-professionaalne-suuhugieeni-seade\/#breadcrumb\",\"itemListElement\":[{\"@type\":\"ListItem\",\"position\":1,\"name\":\"Home\",\"item\":\"https:\/\/www.looduspood.ee\/\"},{\"@type\":\"ListItem\",\"position\":2,\"name\":\"Pood\",\"item\":\"https:\/\/www.looduspood.ee\/looduspood\/\"},{\"@type\":\"ListItem\",\"position\":3,\"name\":\"Juhtmevaba hambaniisutaja \u2013 professionaalne suuh\u00fcgieeni seade\"}]},{\"@type\":\"WebSite\",\"@id\":\"https:\/\/www.looduspood.ee\/#website\",\"url\":\"https:\/\/www.looduspood.ee\/\",\"name\":\"Looduspood\",\"description\":\"Looduspood\",\"publisher\":{\"@id\":\"https:\/\/www.looduspood.ee\/#organization\"},\"potentialAction\":[{\"@type\":\"SearchAction\",\"target\":{\"@type\":\"EntryPoint\",\"urlTemplate\":\"https:\/\/www.looduspood.ee\/?s={search_term_string}\"},\"query-input\":\"required name=search_term_string\"}],\"inLanguage\":\"ru-RU\"},{\"@type\":\"Organization\",\"@id\":\"https:\/\/www.looduspood.ee\/#organization\",\"name\":\"Looduspood\",\"url\":\"https:\/\/www.looduspood.ee\/\",\"logo\":{\"@type\":\"ImageObject\",\"inLanguage\":\"ru-RU\",\"@id\":\"https:\/\/www.looduspood.ee\/#\/schema\/logo\/image\/\",\"url\":\"https:\/\/www.looduspood.ee\/wp-content\/uploads\/2019\/07\/morkva-1.png\",\"contentUrl\":\"https:\/\/www.looduspood.ee\/wp-content\/uploads\/2019\/07\/morkva-1.png\",\"width\":258,\"height\":162,\"caption\":\"Looduspood\"},\"image\":{\"@id\":\"https:\/\/www.looduspood.ee\/#\/schema\/logo\/image\/\"},\"sameAs\":[\"https:\/\/www.facebook.com\/Looduspood-2064766730406653\/\",\"https:\/\/www.youtube.com\/channel\/UCGxI8Tgkgvwn7Q9U8Qh6UgA?view_as=subscriber\"]}]}<\/script>\n<!-- \/ Yoast SEO plugin. -->","yoast_head_json":{"title":"Juhtmevaba hambaniisutaja \u2013 professionaalne suuh\u00fcgieeni seade &#8226; Looduspood","robots":{"index":"index","follow":"follow","max-snippet":"max-snippet:-1","max-image-preview":"max-image-preview:large","max-video-preview":"max-video-preview:-1"},"canonical":"https:\/\/www.looduspood.ee\/ru\/product\/juhtmevaba-hambaniisutaja-professionaalne-suuhugieeni-seade\/","og_locale":"ru_RU","og_type":"article","og_title":"Juhtmevaba hambaniisutaja \u2013 professionaalne suuh\u00fcgieeni seade &#8226; Looduspood","og_description":"\u2705 230 ml veepaak igap\u00e4evaseks mugavaks kasutamiseks;\u2705 3 t\u00f6\u00f6re\u017eiimi: pehme, tugev ja pulseeriv;\u2705 Eemaldab toiduj\u00e4\u00e4gid, bakterid ja masseerib igemeid;\u2705 Veekindel ja USB-laetav \u2013 ideaalne ka reisil.","og_url":"https:\/\/www.looduspood.ee\/ru\/product\/juhtmevaba-hambaniisutaja-professionaalne-suuhugieeni-seade\/","og_site_name":"Looduspood","article_publisher":"https:\/\/www.facebook.com\/Looduspood-2064766730406653\/","article_modified_time":"2025-09-03T07:38:29+00:00","og_image":[{"width":1000,"height":1000,"url":"https:\/\/www.looduspood.ee\/wp-content\/uploads\/2025\/09\/Juhtmevaba-hambaniisutaja.webp","type":"image\/webp"}],"twitter_card":"summary_large_image","twitter_misc":{"\u041f\u0440\u0438\u043c\u0435\u0440\u043d\u043e\u0435 \u0432\u0440\u0435\u043c\u044f \u0434\u043b\u044f \u0447\u0442\u0435\u043d\u0438\u044f":"1 \u043c\u0438\u043d\u0443\u0442\u0430"},"schema":{"@context":"https:\/\/schema.org","@graph":[{"@type":"WebPage","@id":"https:\/\/www.looduspood.ee\/toode\/juhtmevaba-hambaniisutaja-professionaalne-suuhugieeni-seade\/","url":"https:\/\/www.looduspood.ee\/toode\/juhtmevaba-hambaniisutaja-professionaalne-suuhugieeni-seade\/","name":"Juhtmevaba hambaniisutaja \u2013 professionaalne suuh\u00fcgieeni seade &#8226; Looduspood","isPartOf":{"@id":"https:\/\/www.looduspood.ee\/#website"},"primaryImageOfPage":{"@id":"https:\/\/www.looduspood.ee\/toode\/juhtmevaba-hambaniisutaja-professionaalne-suuhugieeni-seade\/#primaryimage"},"image":{"@id":"https:\/\/www.looduspood.ee\/toode\/juhtmevaba-hambaniisutaja-professionaalne-suuhugieeni-seade\/#primaryimage"},"thumbnailUrl":"https:\/\/www.looduspood.ee\/wp-content\/uploads\/2025\/09\/Juhtmevaba-hambaniisutaja.webp","datePublished":"2025-08-31T21:36:51+00:00","dateModified":"2025-09-03T07:38:29+00:00","breadcrumb":{"@id":"https:\/\/www.looduspood.ee\/toode\/juhtmevaba-hambaniisutaja-professionaalne-suuhugieeni-seade\/#breadcrumb"},"inLanguage":"ru-RU","potentialAction":[{"@type":"ReadAction","target":["https:\/\/www.looduspood.ee\/toode\/juhtmevaba-hambaniisutaja-professionaalne-suuhugieeni-seade\/"]}]},{"@type":"ImageObject","inLanguage":"ru-RU","@id":"https:\/\/www.looduspood.ee\/toode\/juhtmevaba-hambaniisutaja-professionaalne-suuhugieeni-seade\/#primaryimage","url":"https:\/\/www.looduspood.ee\/wp-content\/uploads\/2025\/09\/Juhtmevaba-hambaniisutaja.webp","contentUrl":"https:\/\/www.looduspood.ee\/wp-content\/uploads\/2025\/09\/Juhtmevaba-hambaniisutaja.webp","width":1000,"height":1000},{"@type":"BreadcrumbList","@id":"https:\/\/www.looduspood.ee\/toode\/juhtmevaba-hambaniisutaja-professionaalne-suuhugieeni-seade\/#breadcrumb","itemListElement":[{"@type":"ListItem","position":1,"name":"Home","item":"https:\/\/www.looduspood.ee\/"},{"@type":"ListItem","position":2,"name":"Pood","item":"https:\/\/www.looduspood.ee\/looduspood\/"},{"@type":"ListItem","position":3,"name":"Juhtmevaba hambaniisutaja \u2013 professionaalne suuh\u00fcgieeni seade"}]},{"@type":"WebSite","@id":"https:\/\/www.looduspood.ee\/#website","url":"https:\/\/www.looduspood.ee\/","name":"Looduspood","description":"Looduspood","publisher":{"@id":"https:\/\/www.looduspood.ee\/#organization"},"potentialAction":[{"@type":"SearchAction","target":{"@type":"EntryPoint","urlTemplate":"https:\/\/www.looduspood.ee\/?s={search_term_string}"},"query-input":"required name=search_term_string"}],"inLanguage":"ru-RU"},{"@type":"Organization","@id":"https:\/\/www.looduspood.ee\/#organization","name":"Looduspood","url":"https:\/\/www.looduspood.ee\/","logo":{"@type":"ImageObject","inLanguage":"ru-RU","@id":"https:\/\/www.looduspood.ee\/#\/schema\/logo\/image\/","url":"https:\/\/www.looduspood.ee\/wp-content\/uploads\/2019\/07\/morkva-1.png","contentUrl":"https:\/\/www.looduspood.ee\/wp-content\/uploads\/2019\/07\/morkva-1.png","width":258,"height":162,"caption":"Looduspood"},"image":{"@id":"https:\/\/www.looduspood.ee\/#\/schema\/logo\/image\/"},"sameAs":["https:\/\/www.facebook.com\/Looduspood-2064766730406653\/","https:\/\/www.youtube.com\/channel\/UCGxI8Tgkgvwn7Q9U8Qh6UgA?view_as=subscriber"]}]}},"tiered_pricing_type":"fixed","tiered_pricing_fixed_rules":[],"_links":{"self":[{"href":"https:\/\/www.looduspood.ee\/ru\/wp-json\/wp\/v2\/product\/64078"}],"collection":[{"href":"https:\/\/www.looduspood.ee\/ru\/wp-json\/wp\/v2\/product"}],"about":[{"href":"https:\/\/www.looduspood.ee\/ru\/wp-json\/wp\/v2\/types\/product"}],"replies":[{"embeddable":true,"href":"https:\/\/www.looduspood.ee\/ru\/wp-json\/wp\/v2\/comments?post=64078"}],"version-history":[{"count":0,"href":"https:\/\/www.looduspood.ee\/ru\/wp-json\/wp\/v2\/product\/64078\/revisions"}],"wp:featuredmedia":[{"embeddable":true,"href":"https:\/\/www.looduspood.ee\/ru\/wp-json\/wp\/v2\/media\/64079"}],"wp:attachment":[{"href":"https:\/\/www.looduspood.ee\/ru\/wp-json\/wp\/v2\/media?parent=64078"}],"wp:term":[{"taxonomy":"product_cat","embeddable":true,"href":"https:\/\/www.looduspood.ee\/ru\/wp-json\/wp\/v2\/product_cat?post=64078"},{"taxonomy":"product_tag","embeddable":true,"href":"https:\/\/www.looduspood.ee\/ru\/wp-json\/wp\/v2\/product_tag?post=64078"}],"curies":[{"name":"wp","href":"https:\/\/api.w.org\/{rel}","templated":true}]}}