{"id":64088,"date":"2025-09-01T00:43:58","date_gmt":"2025-08-31T21:43:58","guid":{"rendered":"https:\/\/www.looduspood.ee\/?post_type=product&#038;p=64088"},"modified":"2025-09-28T23:52:37","modified_gmt":"2025-09-28T20:52:37","slug":"ortopeediline-polvepadi-tervislik-uni-ja-mugav-asend","status":"publish","type":"product","link":"https:\/\/www.looduspood.ee\/ru\/product\/ortopeediline-polvepadi-tervislik-uni-ja-mugav-asend\/","title":{"rendered":"Ortopeediline p\u00f5lvepadi \u2013 tervislik uni ja mugav asend"},"content":{"rendered":"<p data-start=\"465\" data-end=\"685\">See ortopeediline p\u00f5lvepadi on loodud pakkuma maksimaalset mugavust ja toetust \u00f6ise une ajal. Valmistatud kvaliteetsest m\u00e4luvahust, kohandub padi keha kujuga, pakkudes p\u00f5lvedele, puusadele ja alaseljale ideaalset tuge.<\/p>\n<p data-start=\"687\" data-end=\"873\">Padi aitab v\u00e4hendada lihaspingeid, leevendada selja- ja puusavalu ning parandada vereringet. See on eriti kasulik k\u00fclili magajatele, tagades selgroo loomuliku asendi ja rahulikuma une.<\/p>\n<p data-start=\"875\" data-end=\"1046\">Kate on hingav ja eemaldatav, lihtsasti pestav, mis muudab kasutamise h\u00fcgieeniliseks. Kompaktne suurus (23 \u00d7 22 cm) teeb selle padja mugavaks ka reisile kaasa v\u00f5tmiseks.<\/p>\n<p data-start=\"1048\" data-end=\"1152\">Ortopeediline p\u00f5lvepadi on ideaalne lahendus neile, kes hindavad tervislikku und ja mugavust igal \u00f6\u00f6l.<\/p>","protected":false},"excerpt":{"rendered":"<p>\u2705 M\u00e4luvahust padi toetab p\u00f5lvi ja selga;<br data-start=\"296\" data-end=\"299\" \/>\u2705 Leevendab valu seljas, puusades ja jalgades;<br data-start=\"345\" data-end=\"348\" \/>\u2705 Hingav ja pestav kate tagab h\u00fcgieeni;<br data-start=\"387\" data-end=\"390\" \/>\u2705 Kompaktne ja mugav reisile kaasa v\u00f5tta.<\/p>","protected":false},"featured_media":64089,"comment_status":"open","ping_status":"closed","template":"","meta":{"_acf_changed":false},"product_cat":[2693,3076],"product_tag":[],"class_list":{"0":"post-64088","1":"product","2":"type-product","3":"status-publish","4":"has-post-thumbnail","6":"product_cat-muud-tooted-liigestele","7":"product_cat-padjad","9":"first","10":"outofstock","11":"sale","12":"shipping-taxable","13":"purchasable","14":"product-type-simple"},"acf":[],"yoast_head":"<!-- This site is optimized with the Yoast SEO plugin v23.0 - https:\/\/yoast.com\/wordpress\/plugins\/seo\/ -->\n<title>Ortopeediline p\u00f5lvepadi \u2013 tervislik uni ja mugav asend &#8226; Looduspood<\/title>\n<meta name=\"robots\" content=\"index, follow, max-snippet:-1, max-image-preview:large, max-video-preview:-1\" \/>\n<link rel=\"canonical\" href=\"https:\/\/www.looduspood.ee\/ru\/product\/ortopeediline-polvepadi-tervislik-uni-ja-mugav-asend\/\" \/>\n<meta property=\"og:locale\" content=\"ru_RU\" \/>\n<meta property=\"og:type\" content=\"article\" \/>\n<meta property=\"og:title\" content=\"Ortopeediline p\u00f5lvepadi \u2013 tervislik uni ja mugav asend &#8226; Looduspood\" \/>\n<meta property=\"og:description\" content=\"\u2705 M\u00e4luvahust padi toetab p\u00f5lvi ja selga;\u2705 Leevendab valu seljas, puusades ja jalgades;\u2705 Hingav ja pestav kate tagab h\u00fcgieeni;\u2705 Kompaktne ja mugav reisile kaasa v\u00f5tta.\" \/>\n<meta property=\"og:url\" content=\"https:\/\/www.looduspood.ee\/ru\/product\/ortopeediline-polvepadi-tervislik-uni-ja-mugav-asend\/\" \/>\n<meta property=\"og:site_name\" content=\"Looduspood\" \/>\n<meta property=\"article:publisher\" content=\"https:\/\/www.facebook.com\/Looduspood-2064766730406653\/\" \/>\n<meta property=\"article:modified_time\" content=\"2025-09-28T20:52:37+00:00\" \/>\n<meta property=\"og:image\" content=\"https:\/\/www.looduspood.ee\/wp-content\/uploads\/2025\/09\/Ortopeediline-polvepadi-2.webp\" \/>\n\t<meta property=\"og:image:width\" content=\"1000\" \/>\n\t<meta property=\"og:image:height\" content=\"1000\" \/>\n\t<meta property=\"og:image:type\" content=\"image\/webp\" \/>\n<meta name=\"twitter:card\" content=\"summary_large_image\" \/>\n<meta name=\"twitter:label1\" content=\"\u041f\u0440\u0438\u043c\u0435\u0440\u043d\u043e\u0435 \u0432\u0440\u0435\u043c\u044f \u0434\u043b\u044f \u0447\u0442\u0435\u043d\u0438\u044f\" \/>\n\t<meta name=\"twitter:data1\" content=\"1 \u043c\u0438\u043d\u0443\u0442\u0430\" \/>\n<script type=\"application\/ld+json\" class=\"yoast-schema-graph\">{\"@context\":\"https:\/\/schema.org\",\"@graph\":[{\"@type\":\"WebPage\",\"@id\":\"https:\/\/www.looduspood.ee\/toode\/ortopeediline-polvepadi-tervislik-uni-ja-mugav-asend\/\",\"url\":\"https:\/\/www.looduspood.ee\/toode\/ortopeediline-polvepadi-tervislik-uni-ja-mugav-asend\/\",\"name\":\"Ortopeediline p\u00f5lvepadi \u2013 tervislik uni ja mugav asend &#8226; Looduspood\",\"isPartOf\":{\"@id\":\"https:\/\/www.looduspood.ee\/#website\"},\"primaryImageOfPage\":{\"@id\":\"https:\/\/www.looduspood.ee\/toode\/ortopeediline-polvepadi-tervislik-uni-ja-mugav-asend\/#primaryimage\"},\"image\":{\"@id\":\"https:\/\/www.looduspood.ee\/toode\/ortopeediline-polvepadi-tervislik-uni-ja-mugav-asend\/#primaryimage\"},\"thumbnailUrl\":\"https:\/\/www.looduspood.ee\/wp-content\/uploads\/2025\/09\/Ortopeediline-polvepadi-2.webp\",\"datePublished\":\"2025-08-31T21:43:58+00:00\",\"dateModified\":\"2025-09-28T20:52:37+00:00\",\"breadcrumb\":{\"@id\":\"https:\/\/www.looduspood.ee\/toode\/ortopeediline-polvepadi-tervislik-uni-ja-mugav-asend\/#breadcrumb\"},\"inLanguage\":\"ru-RU\",\"potentialAction\":[{\"@type\":\"ReadAction\",\"target\":[\"https:\/\/www.looduspood.ee\/toode\/ortopeediline-polvepadi-tervislik-uni-ja-mugav-asend\/\"]}]},{\"@type\":\"ImageObject\",\"inLanguage\":\"ru-RU\",\"@id\":\"https:\/\/www.looduspood.ee\/toode\/ortopeediline-polvepadi-tervislik-uni-ja-mugav-asend\/#primaryimage\",\"url\":\"https:\/\/www.looduspood.ee\/wp-content\/uploads\/2025\/09\/Ortopeediline-polvepadi-2.webp\",\"contentUrl\":\"https:\/\/www.looduspood.ee\/wp-content\/uploads\/2025\/09\/Ortopeediline-polvepadi-2.webp\",\"width\":1000,\"height\":1000},{\"@type\":\"BreadcrumbList\",\"@id\":\"https:\/\/www.looduspood.ee\/toode\/ortopeediline-polvepadi-tervislik-uni-ja-mugav-asend\/#breadcrumb\",\"itemListElement\":[{\"@type\":\"ListItem\",\"position\":1,\"name\":\"Home\",\"item\":\"https:\/\/www.looduspood.ee\/\"},{\"@type\":\"ListItem\",\"position\":2,\"name\":\"Pood\",\"item\":\"https:\/\/www.looduspood.ee\/looduspood\/\"},{\"@type\":\"ListItem\",\"position\":3,\"name\":\"Ortopeediline p\u00f5lvepadi \u2013 tervislik uni ja mugav asend\"}]},{\"@type\":\"WebSite\",\"@id\":\"https:\/\/www.looduspood.ee\/#website\",\"url\":\"https:\/\/www.looduspood.ee\/\",\"name\":\"Looduspood\",\"description\":\"Looduspood\",\"publisher\":{\"@id\":\"https:\/\/www.looduspood.ee\/#organization\"},\"potentialAction\":[{\"@type\":\"SearchAction\",\"target\":{\"@type\":\"EntryPoint\",\"urlTemplate\":\"https:\/\/www.looduspood.ee\/?s={search_term_string}\"},\"query-input\":\"required name=search_term_string\"}],\"inLanguage\":\"ru-RU\"},{\"@type\":\"Organization\",\"@id\":\"https:\/\/www.looduspood.ee\/#organization\",\"name\":\"Looduspood\",\"url\":\"https:\/\/www.looduspood.ee\/\",\"logo\":{\"@type\":\"ImageObject\",\"inLanguage\":\"ru-RU\",\"@id\":\"https:\/\/www.looduspood.ee\/#\/schema\/logo\/image\/\",\"url\":\"https:\/\/www.looduspood.ee\/wp-content\/uploads\/2019\/07\/morkva-1.png\",\"contentUrl\":\"https:\/\/www.looduspood.ee\/wp-content\/uploads\/2019\/07\/morkva-1.png\",\"width\":258,\"height\":162,\"caption\":\"Looduspood\"},\"image\":{\"@id\":\"https:\/\/www.looduspood.ee\/#\/schema\/logo\/image\/\"},\"sameAs\":[\"https:\/\/www.facebook.com\/Looduspood-2064766730406653\/\",\"https:\/\/www.youtube.com\/channel\/UCGxI8Tgkgvwn7Q9U8Qh6UgA?view_as=subscriber\"]}]}<\/script>\n<!-- \/ Yoast SEO plugin. -->","yoast_head_json":{"title":"Ortopeediline p\u00f5lvepadi \u2013 tervislik uni ja mugav asend &#8226; Looduspood","robots":{"index":"index","follow":"follow","max-snippet":"max-snippet:-1","max-image-preview":"max-image-preview:large","max-video-preview":"max-video-preview:-1"},"canonical":"https:\/\/www.looduspood.ee\/ru\/product\/ortopeediline-polvepadi-tervislik-uni-ja-mugav-asend\/","og_locale":"ru_RU","og_type":"article","og_title":"Ortopeediline p\u00f5lvepadi \u2013 tervislik uni ja mugav asend &#8226; Looduspood","og_description":"\u2705 M\u00e4luvahust padi toetab p\u00f5lvi ja selga;\u2705 Leevendab valu seljas, puusades ja jalgades;\u2705 Hingav ja pestav kate tagab h\u00fcgieeni;\u2705 Kompaktne ja mugav reisile kaasa v\u00f5tta.","og_url":"https:\/\/www.looduspood.ee\/ru\/product\/ortopeediline-polvepadi-tervislik-uni-ja-mugav-asend\/","og_site_name":"Looduspood","article_publisher":"https:\/\/www.facebook.com\/Looduspood-2064766730406653\/","article_modified_time":"2025-09-28T20:52:37+00:00","og_image":[{"width":1000,"height":1000,"url":"https:\/\/www.looduspood.ee\/wp-content\/uploads\/2025\/09\/Ortopeediline-polvepadi-2.webp","type":"image\/webp"}],"twitter_card":"summary_large_image","twitter_misc":{"\u041f\u0440\u0438\u043c\u0435\u0440\u043d\u043e\u0435 \u0432\u0440\u0435\u043c\u044f \u0434\u043b\u044f \u0447\u0442\u0435\u043d\u0438\u044f":"1 \u043c\u0438\u043d\u0443\u0442\u0430"},"schema":{"@context":"https:\/\/schema.org","@graph":[{"@type":"WebPage","@id":"https:\/\/www.looduspood.ee\/toode\/ortopeediline-polvepadi-tervislik-uni-ja-mugav-asend\/","url":"https:\/\/www.looduspood.ee\/toode\/ortopeediline-polvepadi-tervislik-uni-ja-mugav-asend\/","name":"Ortopeediline p\u00f5lvepadi \u2013 tervislik uni ja mugav asend &#8226; Looduspood","isPartOf":{"@id":"https:\/\/www.looduspood.ee\/#website"},"primaryImageOfPage":{"@id":"https:\/\/www.looduspood.ee\/toode\/ortopeediline-polvepadi-tervislik-uni-ja-mugav-asend\/#primaryimage"},"image":{"@id":"https:\/\/www.looduspood.ee\/toode\/ortopeediline-polvepadi-tervislik-uni-ja-mugav-asend\/#primaryimage"},"thumbnailUrl":"https:\/\/www.looduspood.ee\/wp-content\/uploads\/2025\/09\/Ortopeediline-polvepadi-2.webp","datePublished":"2025-08-31T21:43:58+00:00","dateModified":"2025-09-28T20:52:37+00:00","breadcrumb":{"@id":"https:\/\/www.looduspood.ee\/toode\/ortopeediline-polvepadi-tervislik-uni-ja-mugav-asend\/#breadcrumb"},"inLanguage":"ru-RU","potentialAction":[{"@type":"ReadAction","target":["https:\/\/www.looduspood.ee\/toode\/ortopeediline-polvepadi-tervislik-uni-ja-mugav-asend\/"]}]},{"@type":"ImageObject","inLanguage":"ru-RU","@id":"https:\/\/www.looduspood.ee\/toode\/ortopeediline-polvepadi-tervislik-uni-ja-mugav-asend\/#primaryimage","url":"https:\/\/www.looduspood.ee\/wp-content\/uploads\/2025\/09\/Ortopeediline-polvepadi-2.webp","contentUrl":"https:\/\/www.looduspood.ee\/wp-content\/uploads\/2025\/09\/Ortopeediline-polvepadi-2.webp","width":1000,"height":1000},{"@type":"BreadcrumbList","@id":"https:\/\/www.looduspood.ee\/toode\/ortopeediline-polvepadi-tervislik-uni-ja-mugav-asend\/#breadcrumb","itemListElement":[{"@type":"ListItem","position":1,"name":"Home","item":"https:\/\/www.looduspood.ee\/"},{"@type":"ListItem","position":2,"name":"Pood","item":"https:\/\/www.looduspood.ee\/looduspood\/"},{"@type":"ListItem","position":3,"name":"Ortopeediline p\u00f5lvepadi \u2013 tervislik uni ja mugav asend"}]},{"@type":"WebSite","@id":"https:\/\/www.looduspood.ee\/#website","url":"https:\/\/www.looduspood.ee\/","name":"Looduspood","description":"Looduspood","publisher":{"@id":"https:\/\/www.looduspood.ee\/#organization"},"potentialAction":[{"@type":"SearchAction","target":{"@type":"EntryPoint","urlTemplate":"https:\/\/www.looduspood.ee\/?s={search_term_string}"},"query-input":"required name=search_term_string"}],"inLanguage":"ru-RU"},{"@type":"Organization","@id":"https:\/\/www.looduspood.ee\/#organization","name":"Looduspood","url":"https:\/\/www.looduspood.ee\/","logo":{"@type":"ImageObject","inLanguage":"ru-RU","@id":"https:\/\/www.looduspood.ee\/#\/schema\/logo\/image\/","url":"https:\/\/www.looduspood.ee\/wp-content\/uploads\/2019\/07\/morkva-1.png","contentUrl":"https:\/\/www.looduspood.ee\/wp-content\/uploads\/2019\/07\/morkva-1.png","width":258,"height":162,"caption":"Looduspood"},"image":{"@id":"https:\/\/www.looduspood.ee\/#\/schema\/logo\/image\/"},"sameAs":["https:\/\/www.facebook.com\/Looduspood-2064766730406653\/","https:\/\/www.youtube.com\/channel\/UCGxI8Tgkgvwn7Q9U8Qh6UgA?view_as=subscriber"]}]}},"tiered_pricing_type":"fixed","tiered_pricing_fixed_rules":[],"_links":{"self":[{"href":"https:\/\/www.looduspood.ee\/ru\/wp-json\/wp\/v2\/product\/64088"}],"collection":[{"href":"https:\/\/www.looduspood.ee\/ru\/wp-json\/wp\/v2\/product"}],"about":[{"href":"https:\/\/www.looduspood.ee\/ru\/wp-json\/wp\/v2\/types\/product"}],"replies":[{"embeddable":true,"href":"https:\/\/www.looduspood.ee\/ru\/wp-json\/wp\/v2\/comments?post=64088"}],"version-history":[{"count":0,"href":"https:\/\/www.looduspood.ee\/ru\/wp-json\/wp\/v2\/product\/64088\/revisions"}],"wp:featuredmedia":[{"embeddable":true,"href":"https:\/\/www.looduspood.ee\/ru\/wp-json\/wp\/v2\/media\/64089"}],"wp:attachment":[{"href":"https:\/\/www.looduspood.ee\/ru\/wp-json\/wp\/v2\/media?parent=64088"}],"wp:term":[{"taxonomy":"product_cat","embeddable":true,"href":"https:\/\/www.looduspood.ee\/ru\/wp-json\/wp\/v2\/product_cat?post=64088"},{"taxonomy":"product_tag","embeddable":true,"href":"https:\/\/www.looduspood.ee\/ru\/wp-json\/wp\/v2\/product_tag?post=64088"}],"curies":[{"name":"wp","href":"https:\/\/api.w.org\/{rel}","templated":true}]}}