{"id":64121,"date":"2025-09-01T01:23:03","date_gmt":"2025-08-31T22:23:03","guid":{"rendered":"https:\/\/www.looduspood.ee\/?post_type=product&#038;p=64121"},"modified":"2025-09-03T10:38:29","modified_gmt":"2025-09-03T07:38:29","slug":"elektriline-ninapump-orn-ja-tohus-abivahend-beebidele-ja-taiskasvanutele","status":"publish","type":"product","link":"https:\/\/www.looduspood.ee\/ru\/product\/elektriline-ninapump-orn-ja-tohus-abivahend-beebidele-ja-taiskasvanutele\/","title":{"rendered":"Elektriline ninapump \u2013 \u00f5rn ja t\u00f5hus abivahend beebidele ja t\u00e4iskasvanutele"},"content":{"rendered":"<p data-start=\"500\" data-end=\"791\">See elektriline ninapump on loodud mugavaks ja h\u00fcgieeniliseks lahenduseks ninakinnisuse leevendamiseks nii beebidel kui ka t\u00e4iskasvanutel. T\u00e4nu 5 imemisastmele ja vahetatavatele silikoonotsikutele saab seadet kohandada vastavalt kasutaja vajadustele, pakkudes \u00f5rna, kuid t\u00f5husat puhastust.<\/p>\n<p data-start=\"793\" data-end=\"1007\">Seadmel on suur LCD-ekraan ja lihtne \u00fche nupuga juhtimine, mis teeb kasutamise kiireks ja mugavaks. Komplektis on kolm erineva suurusega silikoonotsikut ning pintsetid, mis aitavad eemaldada ka suuremaid osakesi.<\/p>\n<p data-start=\"1009\" data-end=\"1224\">Sisseehitatud aku laetakse USB-kaabli kaudu, laadimisaeg on umbes 3 tundi ja t\u00f6\u00f6aeg kuni 60 minutit. T\u00e4nu kompaktsusele (16 \u00d7 5 cm) sobib see suurep\u00e4raselt nii koduseks kasutamiseks kui ka reisile kaasa v\u00f5tmiseks.<\/p>\n<p data-start=\"1226\" data-end=\"1356\">See ninapump on praktiline ja usaldusv\u00e4\u00e4rne abivahend, mis muudab hingamise kergemaks ja tagab parema enesetunde igas olukorras.<\/p>","protected":false},"excerpt":{"rendered":"<p>\u2705 5 imemisastet mugavaks ja t\u00f5husaks kasutamiseks;<br data-start=\"320\" data-end=\"323\" \/>\u2705 Suur LCD-ekraan ja ergonoomiline k\u00e4epide;<br data-start=\"366\" data-end=\"369\" \/>\u2705 Komplektis 3 erinevat silikoonotsikut ja pintsetid;<br data-start=\"422\" data-end=\"425\" \/>\u2705 USB-laetav aku, t\u00f6\u00f6aeg kuni 60 minutit.<\/p>","protected":false},"featured_media":64122,"comment_status":"open","ping_status":"closed","template":"","meta":{"_acf_changed":false},"product_cat":[2748,353],"product_tag":[],"class_list":{"0":"post-64121","1":"product","2":"type-product","3":"status-publish","4":"has-post-thumbnail","6":"product_cat-aparaadid","7":"product_cat-immuunsus","9":"first","10":"outofstock","11":"sale","12":"shipping-taxable","13":"purchasable","14":"product-type-simple"},"acf":[],"yoast_head":"<!-- This site is optimized with the Yoast SEO plugin v23.0 - https:\/\/yoast.com\/wordpress\/plugins\/seo\/ -->\n<title>Elektriline ninapump &#8226; Looduspood<\/title>\n<meta name=\"robots\" content=\"index, follow, max-snippet:-1, max-image-preview:large, max-video-preview:-1\" \/>\n<link rel=\"canonical\" href=\"https:\/\/www.looduspood.ee\/ru\/product\/elektriline-ninapump-orn-ja-tohus-abivahend-beebidele-ja-taiskasvanutele\/\" \/>\n<meta property=\"og:locale\" content=\"ru_RU\" \/>\n<meta property=\"og:type\" content=\"article\" \/>\n<meta property=\"og:title\" content=\"Elektriline ninapump &#8226; Looduspood\" \/>\n<meta property=\"og:description\" content=\"\u2705 5 imemisastet mugavaks ja t\u00f5husaks kasutamiseks;\u2705 Suur LCD-ekraan ja ergonoomiline k\u00e4epide;\u2705 Komplektis 3 erinevat silikoonotsikut ja pintsetid;\u2705 USB-laetav aku, t\u00f6\u00f6aeg kuni 60 minutit.\" \/>\n<meta property=\"og:url\" content=\"https:\/\/www.looduspood.ee\/ru\/product\/elektriline-ninapump-orn-ja-tohus-abivahend-beebidele-ja-taiskasvanutele\/\" \/>\n<meta property=\"og:site_name\" content=\"Looduspood\" \/>\n<meta property=\"article:publisher\" content=\"https:\/\/www.facebook.com\/Looduspood-2064766730406653\/\" \/>\n<meta property=\"article:modified_time\" content=\"2025-09-03T07:38:29+00:00\" \/>\n<meta property=\"og:image\" content=\"https:\/\/www.looduspood.ee\/wp-content\/uploads\/2025\/09\/Elektriline-ninapump.webp\" \/>\n\t<meta property=\"og:image:width\" content=\"1000\" \/>\n\t<meta property=\"og:image:height\" content=\"1000\" \/>\n\t<meta property=\"og:image:type\" content=\"image\/webp\" \/>\n<meta name=\"twitter:card\" content=\"summary_large_image\" \/>\n<meta name=\"twitter:label1\" content=\"\u041f\u0440\u0438\u043c\u0435\u0440\u043d\u043e\u0435 \u0432\u0440\u0435\u043c\u044f \u0434\u043b\u044f \u0447\u0442\u0435\u043d\u0438\u044f\" \/>\n\t<meta name=\"twitter:data1\" content=\"1 \u043c\u0438\u043d\u0443\u0442\u0430\" \/>\n<script type=\"application\/ld+json\" class=\"yoast-schema-graph\">{\"@context\":\"https:\/\/schema.org\",\"@graph\":[{\"@type\":\"WebPage\",\"@id\":\"https:\/\/www.looduspood.ee\/toode\/elektriline-ninapump-orn-ja-tohus-abivahend-beebidele-ja-taiskasvanutele\/\",\"url\":\"https:\/\/www.looduspood.ee\/toode\/elektriline-ninapump-orn-ja-tohus-abivahend-beebidele-ja-taiskasvanutele\/\",\"name\":\"Elektriline ninapump &#8226; Looduspood\",\"isPartOf\":{\"@id\":\"https:\/\/www.looduspood.ee\/#website\"},\"primaryImageOfPage\":{\"@id\":\"https:\/\/www.looduspood.ee\/toode\/elektriline-ninapump-orn-ja-tohus-abivahend-beebidele-ja-taiskasvanutele\/#primaryimage\"},\"image\":{\"@id\":\"https:\/\/www.looduspood.ee\/toode\/elektriline-ninapump-orn-ja-tohus-abivahend-beebidele-ja-taiskasvanutele\/#primaryimage\"},\"thumbnailUrl\":\"https:\/\/www.looduspood.ee\/wp-content\/uploads\/2025\/09\/Elektriline-ninapump.webp\",\"datePublished\":\"2025-08-31T22:23:03+00:00\",\"dateModified\":\"2025-09-03T07:38:29+00:00\",\"breadcrumb\":{\"@id\":\"https:\/\/www.looduspood.ee\/toode\/elektriline-ninapump-orn-ja-tohus-abivahend-beebidele-ja-taiskasvanutele\/#breadcrumb\"},\"inLanguage\":\"ru-RU\",\"potentialAction\":[{\"@type\":\"ReadAction\",\"target\":[\"https:\/\/www.looduspood.ee\/toode\/elektriline-ninapump-orn-ja-tohus-abivahend-beebidele-ja-taiskasvanutele\/\"]}]},{\"@type\":\"ImageObject\",\"inLanguage\":\"ru-RU\",\"@id\":\"https:\/\/www.looduspood.ee\/toode\/elektriline-ninapump-orn-ja-tohus-abivahend-beebidele-ja-taiskasvanutele\/#primaryimage\",\"url\":\"https:\/\/www.looduspood.ee\/wp-content\/uploads\/2025\/09\/Elektriline-ninapump.webp\",\"contentUrl\":\"https:\/\/www.looduspood.ee\/wp-content\/uploads\/2025\/09\/Elektriline-ninapump.webp\",\"width\":1000,\"height\":1000},{\"@type\":\"BreadcrumbList\",\"@id\":\"https:\/\/www.looduspood.ee\/toode\/elektriline-ninapump-orn-ja-tohus-abivahend-beebidele-ja-taiskasvanutele\/#breadcrumb\",\"itemListElement\":[{\"@type\":\"ListItem\",\"position\":1,\"name\":\"Home\",\"item\":\"https:\/\/www.looduspood.ee\/\"},{\"@type\":\"ListItem\",\"position\":2,\"name\":\"Pood\",\"item\":\"https:\/\/www.looduspood.ee\/looduspood\/\"},{\"@type\":\"ListItem\",\"position\":3,\"name\":\"Elektriline ninapump \u2013 \u00f5rn ja t\u00f5hus abivahend beebidele ja t\u00e4iskasvanutele\"}]},{\"@type\":\"WebSite\",\"@id\":\"https:\/\/www.looduspood.ee\/#website\",\"url\":\"https:\/\/www.looduspood.ee\/\",\"name\":\"Looduspood\",\"description\":\"Looduspood\",\"publisher\":{\"@id\":\"https:\/\/www.looduspood.ee\/#organization\"},\"potentialAction\":[{\"@type\":\"SearchAction\",\"target\":{\"@type\":\"EntryPoint\",\"urlTemplate\":\"https:\/\/www.looduspood.ee\/?s={search_term_string}\"},\"query-input\":\"required name=search_term_string\"}],\"inLanguage\":\"ru-RU\"},{\"@type\":\"Organization\",\"@id\":\"https:\/\/www.looduspood.ee\/#organization\",\"name\":\"Looduspood\",\"url\":\"https:\/\/www.looduspood.ee\/\",\"logo\":{\"@type\":\"ImageObject\",\"inLanguage\":\"ru-RU\",\"@id\":\"https:\/\/www.looduspood.ee\/#\/schema\/logo\/image\/\",\"url\":\"https:\/\/www.looduspood.ee\/wp-content\/uploads\/2019\/07\/morkva-1.png\",\"contentUrl\":\"https:\/\/www.looduspood.ee\/wp-content\/uploads\/2019\/07\/morkva-1.png\",\"width\":258,\"height\":162,\"caption\":\"Looduspood\"},\"image\":{\"@id\":\"https:\/\/www.looduspood.ee\/#\/schema\/logo\/image\/\"},\"sameAs\":[\"https:\/\/www.facebook.com\/Looduspood-2064766730406653\/\",\"https:\/\/www.youtube.com\/channel\/UCGxI8Tgkgvwn7Q9U8Qh6UgA?view_as=subscriber\"]}]}<\/script>\n<!-- \/ Yoast SEO plugin. -->","yoast_head_json":{"title":"Elektriline ninapump &#8226; Looduspood","robots":{"index":"index","follow":"follow","max-snippet":"max-snippet:-1","max-image-preview":"max-image-preview:large","max-video-preview":"max-video-preview:-1"},"canonical":"https:\/\/www.looduspood.ee\/ru\/product\/elektriline-ninapump-orn-ja-tohus-abivahend-beebidele-ja-taiskasvanutele\/","og_locale":"ru_RU","og_type":"article","og_title":"Elektriline ninapump &#8226; Looduspood","og_description":"\u2705 5 imemisastet mugavaks ja t\u00f5husaks kasutamiseks;\u2705 Suur LCD-ekraan ja ergonoomiline k\u00e4epide;\u2705 Komplektis 3 erinevat silikoonotsikut ja pintsetid;\u2705 USB-laetav aku, t\u00f6\u00f6aeg kuni 60 minutit.","og_url":"https:\/\/www.looduspood.ee\/ru\/product\/elektriline-ninapump-orn-ja-tohus-abivahend-beebidele-ja-taiskasvanutele\/","og_site_name":"Looduspood","article_publisher":"https:\/\/www.facebook.com\/Looduspood-2064766730406653\/","article_modified_time":"2025-09-03T07:38:29+00:00","og_image":[{"width":1000,"height":1000,"url":"https:\/\/www.looduspood.ee\/wp-content\/uploads\/2025\/09\/Elektriline-ninapump.webp","type":"image\/webp"}],"twitter_card":"summary_large_image","twitter_misc":{"\u041f\u0440\u0438\u043c\u0435\u0440\u043d\u043e\u0435 \u0432\u0440\u0435\u043c\u044f \u0434\u043b\u044f \u0447\u0442\u0435\u043d\u0438\u044f":"1 \u043c\u0438\u043d\u0443\u0442\u0430"},"schema":{"@context":"https:\/\/schema.org","@graph":[{"@type":"WebPage","@id":"https:\/\/www.looduspood.ee\/toode\/elektriline-ninapump-orn-ja-tohus-abivahend-beebidele-ja-taiskasvanutele\/","url":"https:\/\/www.looduspood.ee\/toode\/elektriline-ninapump-orn-ja-tohus-abivahend-beebidele-ja-taiskasvanutele\/","name":"Elektriline ninapump &#8226; Looduspood","isPartOf":{"@id":"https:\/\/www.looduspood.ee\/#website"},"primaryImageOfPage":{"@id":"https:\/\/www.looduspood.ee\/toode\/elektriline-ninapump-orn-ja-tohus-abivahend-beebidele-ja-taiskasvanutele\/#primaryimage"},"image":{"@id":"https:\/\/www.looduspood.ee\/toode\/elektriline-ninapump-orn-ja-tohus-abivahend-beebidele-ja-taiskasvanutele\/#primaryimage"},"thumbnailUrl":"https:\/\/www.looduspood.ee\/wp-content\/uploads\/2025\/09\/Elektriline-ninapump.webp","datePublished":"2025-08-31T22:23:03+00:00","dateModified":"2025-09-03T07:38:29+00:00","breadcrumb":{"@id":"https:\/\/www.looduspood.ee\/toode\/elektriline-ninapump-orn-ja-tohus-abivahend-beebidele-ja-taiskasvanutele\/#breadcrumb"},"inLanguage":"ru-RU","potentialAction":[{"@type":"ReadAction","target":["https:\/\/www.looduspood.ee\/toode\/elektriline-ninapump-orn-ja-tohus-abivahend-beebidele-ja-taiskasvanutele\/"]}]},{"@type":"ImageObject","inLanguage":"ru-RU","@id":"https:\/\/www.looduspood.ee\/toode\/elektriline-ninapump-orn-ja-tohus-abivahend-beebidele-ja-taiskasvanutele\/#primaryimage","url":"https:\/\/www.looduspood.ee\/wp-content\/uploads\/2025\/09\/Elektriline-ninapump.webp","contentUrl":"https:\/\/www.looduspood.ee\/wp-content\/uploads\/2025\/09\/Elektriline-ninapump.webp","width":1000,"height":1000},{"@type":"BreadcrumbList","@id":"https:\/\/www.looduspood.ee\/toode\/elektriline-ninapump-orn-ja-tohus-abivahend-beebidele-ja-taiskasvanutele\/#breadcrumb","itemListElement":[{"@type":"ListItem","position":1,"name":"Home","item":"https:\/\/www.looduspood.ee\/"},{"@type":"ListItem","position":2,"name":"Pood","item":"https:\/\/www.looduspood.ee\/looduspood\/"},{"@type":"ListItem","position":3,"name":"Elektriline ninapump \u2013 \u00f5rn ja t\u00f5hus abivahend beebidele ja t\u00e4iskasvanutele"}]},{"@type":"WebSite","@id":"https:\/\/www.looduspood.ee\/#website","url":"https:\/\/www.looduspood.ee\/","name":"Looduspood","description":"Looduspood","publisher":{"@id":"https:\/\/www.looduspood.ee\/#organization"},"potentialAction":[{"@type":"SearchAction","target":{"@type":"EntryPoint","urlTemplate":"https:\/\/www.looduspood.ee\/?s={search_term_string}"},"query-input":"required name=search_term_string"}],"inLanguage":"ru-RU"},{"@type":"Organization","@id":"https:\/\/www.looduspood.ee\/#organization","name":"Looduspood","url":"https:\/\/www.looduspood.ee\/","logo":{"@type":"ImageObject","inLanguage":"ru-RU","@id":"https:\/\/www.looduspood.ee\/#\/schema\/logo\/image\/","url":"https:\/\/www.looduspood.ee\/wp-content\/uploads\/2019\/07\/morkva-1.png","contentUrl":"https:\/\/www.looduspood.ee\/wp-content\/uploads\/2019\/07\/morkva-1.png","width":258,"height":162,"caption":"Looduspood"},"image":{"@id":"https:\/\/www.looduspood.ee\/#\/schema\/logo\/image\/"},"sameAs":["https:\/\/www.facebook.com\/Looduspood-2064766730406653\/","https:\/\/www.youtube.com\/channel\/UCGxI8Tgkgvwn7Q9U8Qh6UgA?view_as=subscriber"]}]}},"tiered_pricing_type":"fixed","tiered_pricing_fixed_rules":[],"_links":{"self":[{"href":"https:\/\/www.looduspood.ee\/ru\/wp-json\/wp\/v2\/product\/64121"}],"collection":[{"href":"https:\/\/www.looduspood.ee\/ru\/wp-json\/wp\/v2\/product"}],"about":[{"href":"https:\/\/www.looduspood.ee\/ru\/wp-json\/wp\/v2\/types\/product"}],"replies":[{"embeddable":true,"href":"https:\/\/www.looduspood.ee\/ru\/wp-json\/wp\/v2\/comments?post=64121"}],"version-history":[{"count":0,"href":"https:\/\/www.looduspood.ee\/ru\/wp-json\/wp\/v2\/product\/64121\/revisions"}],"wp:featuredmedia":[{"embeddable":true,"href":"https:\/\/www.looduspood.ee\/ru\/wp-json\/wp\/v2\/media\/64122"}],"wp:attachment":[{"href":"https:\/\/www.looduspood.ee\/ru\/wp-json\/wp\/v2\/media?parent=64121"}],"wp:term":[{"taxonomy":"product_cat","embeddable":true,"href":"https:\/\/www.looduspood.ee\/ru\/wp-json\/wp\/v2\/product_cat?post=64121"},{"taxonomy":"product_tag","embeddable":true,"href":"https:\/\/www.looduspood.ee\/ru\/wp-json\/wp\/v2\/product_tag?post=64121"}],"curies":[{"name":"wp","href":"https:\/\/api.w.org\/{rel}","templated":true}]}}